{"id":575870,"date":"2026-01-08T11:16:29","date_gmt":"2026-01-08T09:16:29","guid":{"rendered":"https:\/\/pharma-hemp.com\/?post_type=product&#038;p=575870"},"modified":"2026-04-02T15:19:28","modified_gmt":"2026-04-02T13:19:28","slug":"mikka-gentle-hydrating-face-cleanser-copy","status":"publish","type":"product","link":"https:\/\/pharma-hemp.com\/sl\/izdelek\/mikka-gentle-hydrating-face-cleanser-copy\/","title":{"rendered":"Mikka Gentle Hydrating Face Cleanser (Outlet)"},"content":{"rendered":"","protected":false},"excerpt":{"rendered":"<p><span style=\"font-weight: 400;\">\u010cistilni gel, ki hkati o\u010disti, navla\u017ei in pomirja tvojo ko\u017eo.<\/span><\/p>\n<p><span style=\"font-weight: 400;\"> Zasnovan za vsakodnevno uporabo na obrazu in vratu, ki na podlagi skrbno izbranih sestavin osve\u017ei, nahrani in uravnovesi tvojo ko\u017eo ter jo pripravi na vse, kar sledi.<\/span><\/p>\n<p><strong>Uporabno najmanj do: 05. 05. 2026<\/strong><\/p>\n","protected":false},"featured_media":3011,"template":"","meta":[],"product_brand":[],"product_cat":[116],"product_tag":[],"class_list":{"0":"post-575870","1":"product","2":"type-product","3":"status-publish","4":"has-post-thumbnail","6":"product_cat-promocijski-izdelki","8":"first","9":"instock","10":"sale","11":"shipping-taxable","12":"purchasable","13":"product-type-simple"},"acf":{"konfigurator_product_name":"","konfigurator_product_description":"","konfigurator_product_image_url":""},"yoast_head":"<!-- This site is optimized with the Yoast SEO plugin v27.3 - https:\/\/yoast.com\/product\/yoast-seo-wordpress\/ -->\n<title>Cbd konopljin \u010distilni gel za obraz mikka 150 ml - Pharma Hemp<\/title>\n<meta name=\"description\" content=\"Cbd konopljin \u010distilni gel za obraz mikka vla\u017ei ko\u017eo ter jo naredi voljno in mehko. Deluje antioksidativno in zmanj\u0161uje izlo\u010danje sebuma.\" \/>\n<meta name=\"robots\" content=\"index, follow, max-snippet:-1, max-image-preview:large, max-video-preview:-1\" \/>\n<link rel=\"canonical\" href=\"https:\/\/pharma-hemp.com\/sl\/izdelek\/mikka-gentle-hydrating-face-cleanser-copy\/\" \/>\n<meta property=\"og:locale\" content=\"sl_SI\" \/>\n<meta property=\"og:type\" content=\"article\" \/>\n<meta property=\"og:title\" content=\"Cbd konopljin \u010distilni gel za obraz mikka 150 ml - Pharma Hemp\" \/>\n<meta property=\"og:description\" content=\"Cbd konopljin \u010distilni gel za obraz mikka vla\u017ei ko\u017eo ter jo naredi voljno in mehko. Deluje antioksidativno in zmanj\u0161uje izlo\u010danje sebuma.\" \/>\n<meta property=\"og:url\" content=\"https:\/\/pharma-hemp.com\/sl\/izdelek\/mikka-gentle-hydrating-face-cleanser-copy\/\" \/>\n<meta property=\"og:site_name\" content=\"Pharma Hemp\" \/>\n<meta property=\"article:modified_time\" content=\"2026-04-02T13:19:28+00:00\" \/>\n<meta property=\"og:image\" content=\"https:\/\/pharma-hemp.com\/wp-content\/uploads\/2025\/05\/LiparDesignPhotography-01970.jpg\" \/>\n\t<meta property=\"og:image:width\" content=\"2048\" \/>\n\t<meta property=\"og:image:height\" content=\"2048\" \/>\n\t<meta property=\"og:image:type\" content=\"image\/jpeg\" \/>\n<meta name=\"twitter:card\" content=\"summary_large_image\" \/>\n<meta name=\"twitter:label1\" content=\"Est. reading time\" \/>\n\t<meta name=\"twitter:data1\" content=\"1 minuta\" \/>\n<script type=\"application\/ld+json\" class=\"yoast-schema-graph\">{\"@context\":\"https:\\\/\\\/schema.org\",\"@graph\":[{\"@type\":\"WebPage\",\"@id\":\"https:\\\/\\\/pharma-hemp.com\\\/sl\\\/izdelek\\\/mikka-gentle-hydrating-face-cleanser-copy\\\/\",\"url\":\"https:\\\/\\\/pharma-hemp.com\\\/sl\\\/izdelek\\\/mikka-gentle-hydrating-face-cleanser-copy\\\/\",\"name\":\"Cbd konopljin \u010distilni gel za obraz mikka 150 ml - Pharma Hemp\",\"isPartOf\":{\"@id\":\"https:\\\/\\\/pharma-hemp.com\\\/sl\\\/#website\"},\"primaryImageOfPage\":{\"@id\":\"https:\\\/\\\/pharma-hemp.com\\\/sl\\\/izdelek\\\/mikka-gentle-hydrating-face-cleanser-copy\\\/#primaryimage\"},\"image\":{\"@id\":\"https:\\\/\\\/pharma-hemp.com\\\/sl\\\/izdelek\\\/mikka-gentle-hydrating-face-cleanser-copy\\\/#primaryimage\"},\"thumbnailUrl\":\"https:\\\/\\\/pharma-hemp.com\\\/wp-content\\\/uploads\\\/2025\\\/05\\\/LiparDesignPhotography-01970.jpg\",\"datePublished\":\"2026-01-08T09:16:29+00:00\",\"dateModified\":\"2026-04-02T13:19:28+00:00\",\"description\":\"Cbd konopljin \u010distilni gel za obraz mikka vla\u017ei ko\u017eo ter jo naredi voljno in mehko. Deluje antioksidativno in zmanj\u0161uje izlo\u010danje sebuma.\",\"breadcrumb\":{\"@id\":\"https:\\\/\\\/pharma-hemp.com\\\/sl\\\/izdelek\\\/mikka-gentle-hydrating-face-cleanser-copy\\\/#breadcrumb\"},\"inLanguage\":\"sl-SI\",\"potentialAction\":[{\"@type\":\"ReadAction\",\"target\":[\"https:\\\/\\\/pharma-hemp.com\\\/sl\\\/izdelek\\\/mikka-gentle-hydrating-face-cleanser-copy\\\/\"]}]},{\"@type\":\"ImageObject\",\"inLanguage\":\"sl-SI\",\"@id\":\"https:\\\/\\\/pharma-hemp.com\\\/sl\\\/izdelek\\\/mikka-gentle-hydrating-face-cleanser-copy\\\/#primaryimage\",\"url\":\"https:\\\/\\\/pharma-hemp.com\\\/wp-content\\\/uploads\\\/2025\\\/05\\\/LiparDesignPhotography-01970.jpg\",\"contentUrl\":\"https:\\\/\\\/pharma-hemp.com\\\/wp-content\\\/uploads\\\/2025\\\/05\\\/LiparDesignPhotography-01970.jpg\",\"width\":2048,\"height\":2048,\"caption\":\"Mikka Gentle Hydrating Face Cleanser\"},{\"@type\":\"BreadcrumbList\",\"@id\":\"https:\\\/\\\/pharma-hemp.com\\\/sl\\\/izdelek\\\/mikka-gentle-hydrating-face-cleanser-copy\\\/#breadcrumb\",\"itemListElement\":[{\"@type\":\"ListItem\",\"position\":1,\"name\":\"Home\",\"item\":\"https:\\\/\\\/pharma-hemp.com\\\/sl\\\/\"},{\"@type\":\"ListItem\",\"position\":2,\"name\":\"Trgovina\",\"item\":\"https:\\\/\\\/pharma-hemp.com\\\/sl\\\/trgovina-2\\\/\"},{\"@type\":\"ListItem\",\"position\":3,\"name\":\"Mikka Gentle Hydrating Face Cleanser (Outlet)\"}]},{\"@type\":\"WebSite\",\"@id\":\"https:\\\/\\\/pharma-hemp.com\\\/sl\\\/#website\",\"url\":\"https:\\\/\\\/pharma-hemp.com\\\/sl\\\/\",\"name\":\"Pharma Hemp\",\"description\":\"CBD store\",\"publisher\":{\"@id\":\"https:\\\/\\\/pharma-hemp.com\\\/sl\\\/#organization\"},\"potentialAction\":[{\"@type\":\"SearchAction\",\"target\":{\"@type\":\"EntryPoint\",\"urlTemplate\":\"https:\\\/\\\/pharma-hemp.com\\\/sl\\\/?s={search_term_string}\"},\"query-input\":{\"@type\":\"PropertyValueSpecification\",\"valueRequired\":true,\"valueName\":\"search_term_string\"}}],\"inLanguage\":\"sl-SI\"},{\"@type\":\"Organization\",\"@id\":\"https:\\\/\\\/pharma-hemp.com\\\/sl\\\/#organization\",\"name\":\"PharmaHemp\",\"url\":\"https:\\\/\\\/pharma-hemp.com\\\/sl\\\/\",\"logo\":{\"@type\":\"ImageObject\",\"inLanguage\":\"sl-SI\",\"@id\":\"https:\\\/\\\/pharma-hemp.com\\\/sl\\\/#\\\/schema\\\/logo\\\/image\\\/\",\"url\":\"https:\\\/\\\/pharma-hemp.com\\\/wp-content\\\/uploads\\\/2025\\\/04\\\/Pharma-Hemp-logo_crn-1.png\",\"contentUrl\":\"https:\\\/\\\/pharma-hemp.com\\\/wp-content\\\/uploads\\\/2025\\\/04\\\/Pharma-Hemp-logo_crn-1.png\",\"width\":200,\"height\":44,\"caption\":\"PharmaHemp\"},\"image\":{\"@id\":\"https:\\\/\\\/pharma-hemp.com\\\/sl\\\/#\\\/schema\\\/logo\\\/image\\\/\"}}]}<\/script>\n<!-- \/ Yoast SEO plugin. -->","yoast_head_json":{"title":"Cbd konopljin \u010distilni gel za obraz mikka 150 ml - Pharma Hemp","description":"Cbd konopljin \u010distilni gel za obraz mikka vla\u017ei ko\u017eo ter jo naredi voljno in mehko. Deluje antioksidativno in zmanj\u0161uje izlo\u010danje sebuma.","robots":{"index":"index","follow":"follow","max-snippet":"max-snippet:-1","max-image-preview":"max-image-preview:large","max-video-preview":"max-video-preview:-1"},"canonical":"https:\/\/pharma-hemp.com\/sl\/izdelek\/mikka-gentle-hydrating-face-cleanser-copy\/","og_locale":"sl_SI","og_type":"article","og_title":"Cbd konopljin \u010distilni gel za obraz mikka 150 ml - Pharma Hemp","og_description":"Cbd konopljin \u010distilni gel za obraz mikka vla\u017ei ko\u017eo ter jo naredi voljno in mehko. Deluje antioksidativno in zmanj\u0161uje izlo\u010danje sebuma.","og_url":"https:\/\/pharma-hemp.com\/sl\/izdelek\/mikka-gentle-hydrating-face-cleanser-copy\/","og_site_name":"Pharma Hemp","article_modified_time":"2026-04-02T13:19:28+00:00","og_image":[{"width":2048,"height":2048,"url":"https:\/\/pharma-hemp.com\/wp-content\/uploads\/2025\/05\/LiparDesignPhotography-01970.jpg","type":"image\/jpeg"}],"twitter_card":"summary_large_image","twitter_misc":{"Est. reading time":"1 minuta"},"schema":{"@context":"https:\/\/schema.org","@graph":[{"@type":"WebPage","@id":"https:\/\/pharma-hemp.com\/sl\/izdelek\/mikka-gentle-hydrating-face-cleanser-copy\/","url":"https:\/\/pharma-hemp.com\/sl\/izdelek\/mikka-gentle-hydrating-face-cleanser-copy\/","name":"Cbd konopljin \u010distilni gel za obraz mikka 150 ml - Pharma Hemp","isPartOf":{"@id":"https:\/\/pharma-hemp.com\/sl\/#website"},"primaryImageOfPage":{"@id":"https:\/\/pharma-hemp.com\/sl\/izdelek\/mikka-gentle-hydrating-face-cleanser-copy\/#primaryimage"},"image":{"@id":"https:\/\/pharma-hemp.com\/sl\/izdelek\/mikka-gentle-hydrating-face-cleanser-copy\/#primaryimage"},"thumbnailUrl":"https:\/\/pharma-hemp.com\/wp-content\/uploads\/2025\/05\/LiparDesignPhotography-01970.jpg","datePublished":"2026-01-08T09:16:29+00:00","dateModified":"2026-04-02T13:19:28+00:00","description":"Cbd konopljin \u010distilni gel za obraz mikka vla\u017ei ko\u017eo ter jo naredi voljno in mehko. Deluje antioksidativno in zmanj\u0161uje izlo\u010danje sebuma.","breadcrumb":{"@id":"https:\/\/pharma-hemp.com\/sl\/izdelek\/mikka-gentle-hydrating-face-cleanser-copy\/#breadcrumb"},"inLanguage":"sl-SI","potentialAction":[{"@type":"ReadAction","target":["https:\/\/pharma-hemp.com\/sl\/izdelek\/mikka-gentle-hydrating-face-cleanser-copy\/"]}]},{"@type":"ImageObject","inLanguage":"sl-SI","@id":"https:\/\/pharma-hemp.com\/sl\/izdelek\/mikka-gentle-hydrating-face-cleanser-copy\/#primaryimage","url":"https:\/\/pharma-hemp.com\/wp-content\/uploads\/2025\/05\/LiparDesignPhotography-01970.jpg","contentUrl":"https:\/\/pharma-hemp.com\/wp-content\/uploads\/2025\/05\/LiparDesignPhotography-01970.jpg","width":2048,"height":2048,"caption":"Mikka Gentle Hydrating Face Cleanser"},{"@type":"BreadcrumbList","@id":"https:\/\/pharma-hemp.com\/sl\/izdelek\/mikka-gentle-hydrating-face-cleanser-copy\/#breadcrumb","itemListElement":[{"@type":"ListItem","position":1,"name":"Home","item":"https:\/\/pharma-hemp.com\/sl\/"},{"@type":"ListItem","position":2,"name":"Trgovina","item":"https:\/\/pharma-hemp.com\/sl\/trgovina-2\/"},{"@type":"ListItem","position":3,"name":"Mikka Gentle Hydrating Face Cleanser (Outlet)"}]},{"@type":"WebSite","@id":"https:\/\/pharma-hemp.com\/sl\/#website","url":"https:\/\/pharma-hemp.com\/sl\/","name":"Pharma Hemp","description":"CBD store","publisher":{"@id":"https:\/\/pharma-hemp.com\/sl\/#organization"},"potentialAction":[{"@type":"SearchAction","target":{"@type":"EntryPoint","urlTemplate":"https:\/\/pharma-hemp.com\/sl\/?s={search_term_string}"},"query-input":{"@type":"PropertyValueSpecification","valueRequired":true,"valueName":"search_term_string"}}],"inLanguage":"sl-SI"},{"@type":"Organization","@id":"https:\/\/pharma-hemp.com\/sl\/#organization","name":"PharmaHemp","url":"https:\/\/pharma-hemp.com\/sl\/","logo":{"@type":"ImageObject","inLanguage":"sl-SI","@id":"https:\/\/pharma-hemp.com\/sl\/#\/schema\/logo\/image\/","url":"https:\/\/pharma-hemp.com\/wp-content\/uploads\/2025\/04\/Pharma-Hemp-logo_crn-1.png","contentUrl":"https:\/\/pharma-hemp.com\/wp-content\/uploads\/2025\/04\/Pharma-Hemp-logo_crn-1.png","width":200,"height":44,"caption":"PharmaHemp"},"image":{"@id":"https:\/\/pharma-hemp.com\/sl\/#\/schema\/logo\/image\/"}}]}},"_links":{"self":[{"href":"https:\/\/pharma-hemp.com\/sl\/wp-json\/wp\/v2\/product\/575870","targetHints":{"allow":["GET"]}}],"collection":[{"href":"https:\/\/pharma-hemp.com\/sl\/wp-json\/wp\/v2\/product"}],"about":[{"href":"https:\/\/pharma-hemp.com\/sl\/wp-json\/wp\/v2\/types\/product"}],"wp:featuredmedia":[{"embeddable":true,"href":"https:\/\/pharma-hemp.com\/sl\/wp-json\/wp\/v2\/media\/3011"}],"wp:attachment":[{"href":"https:\/\/pharma-hemp.com\/sl\/wp-json\/wp\/v2\/media?parent=575870"}],"wp:term":[{"taxonomy":"product_brand","embeddable":true,"href":"https:\/\/pharma-hemp.com\/sl\/wp-json\/wp\/v2\/product_brand?post=575870"},{"taxonomy":"product_cat","embeddable":true,"href":"https:\/\/pharma-hemp.com\/sl\/wp-json\/wp\/v2\/product_cat?post=575870"},{"taxonomy":"product_tag","embeddable":true,"href":"https:\/\/pharma-hemp.com\/sl\/wp-json\/wp\/v2\/product_tag?post=575870"}],"curies":[{"name":"wp","href":"https:\/\/api.w.org\/{rel}","templated":true}]}}