{"id":574276,"date":"2025-11-21T10:02:26","date_gmt":"2025-11-21T08:02:26","guid":{"rendered":"https:\/\/pharma-hemp.com\/shop\/bundle-box-5-drops\/"},"modified":"2026-04-02T10:31:45","modified_gmt":"2026-04-02T08:31:45","slug":"bundle-box-5-drops","status":"publish","type":"product","link":"https:\/\/pharma-hemp.com\/sl\/izdelek\/bundle-box-5-drops\/","title":{"rendered":"SET \u0160KATLA &#8211; 5 FLA\u0160K"},"content":{"rendered":"","protected":false},"excerpt":{"rendered":"<p><strong>Razmi\u0161ljaj izven okvirjev, ampak znotraj \u0161katle. Ima smisel? Najbr\u017e.<\/strong><\/p>\n<p>Sestavi paket po svojem okusu. Zdru\u017ei PHIX kapljice, kapljice za ljubljen\u010dke ali druge kapljice. Popolna bo\u017ei\u010dna darilna \u0161katla za vse, postavi jo pod drevo in podari nekaj res osebnega.<\/p>\n<p><strong>Tvoja \u0161katla, tvoja pravila. Napolni jo s tistim, kar ti najbolje ustreza.<\/strong><\/p>\n","protected":false},"featured_media":574158,"template":"","meta":[],"product_brand":[],"product_cat":[123,101],"product_tag":[384,827,828,826,831,389,830,829,817,385],"class_list":{"0":"post-574276","1":"product","2":"type-product","3":"status-publish","4":"has-post-thumbnail","6":"product_cat-seti","7":"product_cat-uncategorized-sl","8":"product_tag-cbd-kapljice","9":"product_tag-cbd-olja","10":"product_tag-darilni-paket","11":"product_tag-dobro-pocutje","12":"product_tag-fokus","13":"product_tag-imunost","14":"product_tag-olajsanje-bolecine","15":"product_tag-pomoc-pri-spanju","16":"product_tag-set","17":"product_tag-stres","19":"first","20":"instock","21":"sale","22":"shipping-taxable","23":"purchasable","24":"product-type-simple"},"acf":{"konfigurator_product_name":"","konfigurator_product_description":"","konfigurator_product_image_url":""},"yoast_head":"<!-- This site is optimized with the Yoast SEO plugin v27.3 - https:\/\/yoast.com\/product\/yoast-seo-wordpress\/ -->\n<title>SET \u0160KATLA - 5 FLA\u0160K - Pharma Hemp<\/title>\n<meta name=\"robots\" content=\"index, follow, max-snippet:-1, max-image-preview:large, max-video-preview:-1\" \/>\n<link rel=\"canonical\" href=\"https:\/\/pharma-hemp.com\/sl\/izdelek\/bundle-box-5-drops\/\" \/>\n<meta property=\"og:locale\" content=\"sl_SI\" \/>\n<meta property=\"og:type\" content=\"article\" \/>\n<meta property=\"og:title\" content=\"SET \u0160KATLA - 5 FLA\u0160K - Pharma Hemp\" \/>\n<meta property=\"og:description\" content=\"Razmi\u0161ljaj izven okvirjev, ampak znotraj \u0161katle. Ima smisel? Najbr\u017e.  Sestavi paket po svojem okusu. Zdru\u017ei PHIX kapljice, kapljice za ljubljen\u010dke ali druge kapljice. Popolna bo\u017ei\u010dna darilna \u0161katla za vse, postavi jo pod drevo in podari nekaj res osebnega.  Tvoja \u0161katla, tvoja pravila. Napolni jo s tistim, kar ti najbolje ustreza.\" \/>\n<meta property=\"og:url\" content=\"https:\/\/pharma-hemp.com\/sl\/izdelek\/bundle-box-5-drops\/\" \/>\n<meta property=\"og:site_name\" content=\"Pharma Hemp\" \/>\n<meta property=\"article:modified_time\" content=\"2026-04-02T08:31:45+00:00\" \/>\n<meta property=\"og:image\" content=\"https:\/\/pharma-hemp.com\/wp-content\/uploads\/2025\/11\/phixBundle_5-empty-scaled.jpg\" \/>\n\t<meta property=\"og:image:width\" content=\"2560\" \/>\n\t<meta property=\"og:image:height\" content=\"1920\" \/>\n\t<meta property=\"og:image:type\" content=\"image\/jpeg\" \/>\n<meta name=\"twitter:card\" content=\"summary_large_image\" \/>\n<meta name=\"twitter:label1\" content=\"Est. reading time\" \/>\n\t<meta name=\"twitter:data1\" content=\"1 minuta\" \/>\n<script type=\"application\/ld+json\" class=\"yoast-schema-graph\">{\"@context\":\"https:\\\/\\\/schema.org\",\"@graph\":[{\"@type\":\"WebPage\",\"@id\":\"https:\\\/\\\/pharma-hemp.com\\\/sl\\\/izdelek\\\/bundle-box-5-drops\\\/\",\"url\":\"https:\\\/\\\/pharma-hemp.com\\\/sl\\\/izdelek\\\/bundle-box-5-drops\\\/\",\"name\":\"SET \u0160KATLA - 5 FLA\u0160K - Pharma Hemp\",\"isPartOf\":{\"@id\":\"https:\\\/\\\/pharma-hemp.com\\\/sl\\\/#website\"},\"primaryImageOfPage\":{\"@id\":\"https:\\\/\\\/pharma-hemp.com\\\/sl\\\/izdelek\\\/bundle-box-5-drops\\\/#primaryimage\"},\"image\":{\"@id\":\"https:\\\/\\\/pharma-hemp.com\\\/sl\\\/izdelek\\\/bundle-box-5-drops\\\/#primaryimage\"},\"thumbnailUrl\":\"https:\\\/\\\/pharma-hemp.com\\\/wp-content\\\/uploads\\\/2025\\\/11\\\/phixBundle_5-empty-scaled.jpg\",\"datePublished\":\"2025-11-21T08:02:26+00:00\",\"dateModified\":\"2026-04-02T08:31:45+00:00\",\"breadcrumb\":{\"@id\":\"https:\\\/\\\/pharma-hemp.com\\\/sl\\\/izdelek\\\/bundle-box-5-drops\\\/#breadcrumb\"},\"inLanguage\":\"sl-SI\",\"potentialAction\":[{\"@type\":\"ReadAction\",\"target\":[\"https:\\\/\\\/pharma-hemp.com\\\/sl\\\/izdelek\\\/bundle-box-5-drops\\\/\"]}]},{\"@type\":\"ImageObject\",\"inLanguage\":\"sl-SI\",\"@id\":\"https:\\\/\\\/pharma-hemp.com\\\/sl\\\/izdelek\\\/bundle-box-5-drops\\\/#primaryimage\",\"url\":\"https:\\\/\\\/pharma-hemp.com\\\/wp-content\\\/uploads\\\/2025\\\/11\\\/phixBundle_5-empty-scaled.jpg\",\"contentUrl\":\"https:\\\/\\\/pharma-hemp.com\\\/wp-content\\\/uploads\\\/2025\\\/11\\\/phixBundle_5-empty-scaled.jpg\",\"width\":2560,\"height\":1920},{\"@type\":\"BreadcrumbList\",\"@id\":\"https:\\\/\\\/pharma-hemp.com\\\/sl\\\/izdelek\\\/bundle-box-5-drops\\\/#breadcrumb\",\"itemListElement\":[{\"@type\":\"ListItem\",\"position\":1,\"name\":\"Home\",\"item\":\"https:\\\/\\\/pharma-hemp.com\\\/sl\\\/\"},{\"@type\":\"ListItem\",\"position\":2,\"name\":\"Trgovina\",\"item\":\"https:\\\/\\\/pharma-hemp.com\\\/sl\\\/trgovina-2\\\/\"},{\"@type\":\"ListItem\",\"position\":3,\"name\":\"SET \u0160KATLA &#8211; 5 FLA\u0160K\"}]},{\"@type\":\"WebSite\",\"@id\":\"https:\\\/\\\/pharma-hemp.com\\\/sl\\\/#website\",\"url\":\"https:\\\/\\\/pharma-hemp.com\\\/sl\\\/\",\"name\":\"Pharma Hemp\",\"description\":\"CBD store\",\"publisher\":{\"@id\":\"https:\\\/\\\/pharma-hemp.com\\\/sl\\\/#organization\"},\"potentialAction\":[{\"@type\":\"SearchAction\",\"target\":{\"@type\":\"EntryPoint\",\"urlTemplate\":\"https:\\\/\\\/pharma-hemp.com\\\/sl\\\/?s={search_term_string}\"},\"query-input\":{\"@type\":\"PropertyValueSpecification\",\"valueRequired\":true,\"valueName\":\"search_term_string\"}}],\"inLanguage\":\"sl-SI\"},{\"@type\":\"Organization\",\"@id\":\"https:\\\/\\\/pharma-hemp.com\\\/sl\\\/#organization\",\"name\":\"PharmaHemp\",\"url\":\"https:\\\/\\\/pharma-hemp.com\\\/sl\\\/\",\"logo\":{\"@type\":\"ImageObject\",\"inLanguage\":\"sl-SI\",\"@id\":\"https:\\\/\\\/pharma-hemp.com\\\/sl\\\/#\\\/schema\\\/logo\\\/image\\\/\",\"url\":\"https:\\\/\\\/pharma-hemp.com\\\/wp-content\\\/uploads\\\/2025\\\/04\\\/Pharma-Hemp-logo_crn-1.png\",\"contentUrl\":\"https:\\\/\\\/pharma-hemp.com\\\/wp-content\\\/uploads\\\/2025\\\/04\\\/Pharma-Hemp-logo_crn-1.png\",\"width\":200,\"height\":44,\"caption\":\"PharmaHemp\"},\"image\":{\"@id\":\"https:\\\/\\\/pharma-hemp.com\\\/sl\\\/#\\\/schema\\\/logo\\\/image\\\/\"}}]}<\/script>\n<!-- \/ Yoast SEO plugin. -->","yoast_head_json":{"title":"SET \u0160KATLA - 5 FLA\u0160K - Pharma Hemp","robots":{"index":"index","follow":"follow","max-snippet":"max-snippet:-1","max-image-preview":"max-image-preview:large","max-video-preview":"max-video-preview:-1"},"canonical":"https:\/\/pharma-hemp.com\/sl\/izdelek\/bundle-box-5-drops\/","og_locale":"sl_SI","og_type":"article","og_title":"SET \u0160KATLA - 5 FLA\u0160K - Pharma Hemp","og_description":"Razmi\u0161ljaj izven okvirjev, ampak znotraj \u0161katle. Ima smisel? Najbr\u017e.  Sestavi paket po svojem okusu. Zdru\u017ei PHIX kapljice, kapljice za ljubljen\u010dke ali druge kapljice. Popolna bo\u017ei\u010dna darilna \u0161katla za vse, postavi jo pod drevo in podari nekaj res osebnega.  Tvoja \u0161katla, tvoja pravila. Napolni jo s tistim, kar ti najbolje ustreza.","og_url":"https:\/\/pharma-hemp.com\/sl\/izdelek\/bundle-box-5-drops\/","og_site_name":"Pharma Hemp","article_modified_time":"2026-04-02T08:31:45+00:00","og_image":[{"width":2560,"height":1920,"url":"https:\/\/pharma-hemp.com\/wp-content\/uploads\/2025\/11\/phixBundle_5-empty-scaled.jpg","type":"image\/jpeg"}],"twitter_card":"summary_large_image","twitter_misc":{"Est. reading time":"1 minuta"},"schema":{"@context":"https:\/\/schema.org","@graph":[{"@type":"WebPage","@id":"https:\/\/pharma-hemp.com\/sl\/izdelek\/bundle-box-5-drops\/","url":"https:\/\/pharma-hemp.com\/sl\/izdelek\/bundle-box-5-drops\/","name":"SET \u0160KATLA - 5 FLA\u0160K - Pharma Hemp","isPartOf":{"@id":"https:\/\/pharma-hemp.com\/sl\/#website"},"primaryImageOfPage":{"@id":"https:\/\/pharma-hemp.com\/sl\/izdelek\/bundle-box-5-drops\/#primaryimage"},"image":{"@id":"https:\/\/pharma-hemp.com\/sl\/izdelek\/bundle-box-5-drops\/#primaryimage"},"thumbnailUrl":"https:\/\/pharma-hemp.com\/wp-content\/uploads\/2025\/11\/phixBundle_5-empty-scaled.jpg","datePublished":"2025-11-21T08:02:26+00:00","dateModified":"2026-04-02T08:31:45+00:00","breadcrumb":{"@id":"https:\/\/pharma-hemp.com\/sl\/izdelek\/bundle-box-5-drops\/#breadcrumb"},"inLanguage":"sl-SI","potentialAction":[{"@type":"ReadAction","target":["https:\/\/pharma-hemp.com\/sl\/izdelek\/bundle-box-5-drops\/"]}]},{"@type":"ImageObject","inLanguage":"sl-SI","@id":"https:\/\/pharma-hemp.com\/sl\/izdelek\/bundle-box-5-drops\/#primaryimage","url":"https:\/\/pharma-hemp.com\/wp-content\/uploads\/2025\/11\/phixBundle_5-empty-scaled.jpg","contentUrl":"https:\/\/pharma-hemp.com\/wp-content\/uploads\/2025\/11\/phixBundle_5-empty-scaled.jpg","width":2560,"height":1920},{"@type":"BreadcrumbList","@id":"https:\/\/pharma-hemp.com\/sl\/izdelek\/bundle-box-5-drops\/#breadcrumb","itemListElement":[{"@type":"ListItem","position":1,"name":"Home","item":"https:\/\/pharma-hemp.com\/sl\/"},{"@type":"ListItem","position":2,"name":"Trgovina","item":"https:\/\/pharma-hemp.com\/sl\/trgovina-2\/"},{"@type":"ListItem","position":3,"name":"SET \u0160KATLA &#8211; 5 FLA\u0160K"}]},{"@type":"WebSite","@id":"https:\/\/pharma-hemp.com\/sl\/#website","url":"https:\/\/pharma-hemp.com\/sl\/","name":"Pharma Hemp","description":"CBD store","publisher":{"@id":"https:\/\/pharma-hemp.com\/sl\/#organization"},"potentialAction":[{"@type":"SearchAction","target":{"@type":"EntryPoint","urlTemplate":"https:\/\/pharma-hemp.com\/sl\/?s={search_term_string}"},"query-input":{"@type":"PropertyValueSpecification","valueRequired":true,"valueName":"search_term_string"}}],"inLanguage":"sl-SI"},{"@type":"Organization","@id":"https:\/\/pharma-hemp.com\/sl\/#organization","name":"PharmaHemp","url":"https:\/\/pharma-hemp.com\/sl\/","logo":{"@type":"ImageObject","inLanguage":"sl-SI","@id":"https:\/\/pharma-hemp.com\/sl\/#\/schema\/logo\/image\/","url":"https:\/\/pharma-hemp.com\/wp-content\/uploads\/2025\/04\/Pharma-Hemp-logo_crn-1.png","contentUrl":"https:\/\/pharma-hemp.com\/wp-content\/uploads\/2025\/04\/Pharma-Hemp-logo_crn-1.png","width":200,"height":44,"caption":"PharmaHemp"},"image":{"@id":"https:\/\/pharma-hemp.com\/sl\/#\/schema\/logo\/image\/"}}]}},"_links":{"self":[{"href":"https:\/\/pharma-hemp.com\/sl\/wp-json\/wp\/v2\/product\/574276","targetHints":{"allow":["GET"]}}],"collection":[{"href":"https:\/\/pharma-hemp.com\/sl\/wp-json\/wp\/v2\/product"}],"about":[{"href":"https:\/\/pharma-hemp.com\/sl\/wp-json\/wp\/v2\/types\/product"}],"wp:featuredmedia":[{"embeddable":true,"href":"https:\/\/pharma-hemp.com\/sl\/wp-json\/wp\/v2\/media\/574158"}],"wp:attachment":[{"href":"https:\/\/pharma-hemp.com\/sl\/wp-json\/wp\/v2\/media?parent=574276"}],"wp:term":[{"taxonomy":"product_brand","embeddable":true,"href":"https:\/\/pharma-hemp.com\/sl\/wp-json\/wp\/v2\/product_brand?post=574276"},{"taxonomy":"product_cat","embeddable":true,"href":"https:\/\/pharma-hemp.com\/sl\/wp-json\/wp\/v2\/product_cat?post=574276"},{"taxonomy":"product_tag","embeddable":true,"href":"https:\/\/pharma-hemp.com\/sl\/wp-json\/wp\/v2\/product_tag?post=574276"}],"curies":[{"name":"wp","href":"https:\/\/api.w.org\/{rel}","templated":true}]}}