{"id":573089,"date":"2025-10-13T09:23:40","date_gmt":"2025-10-13T07:23:40","guid":{"rendered":"https:\/\/pharma-hemp.com\/?post_type=product&#038;p=573089"},"modified":"2026-04-02T11:08:17","modified_gmt":"2026-04-02T09:08:17","slug":"korean-care-bundle","status":"publish","type":"product","link":"https:\/\/pharma-hemp.com\/sl\/izdelek\/korean-care-bundle\/","title":{"rendered":"PAKET KOREJSKE NEGE"},"content":{"rendered":"","protected":false},"excerpt":{"rendered":"<p>Ta vsestranski <b>korejski paket za nego ko\u017ee<\/b> zdru\u017euje ne\u017eno \u010di\u0161\u010denje, pomirjujo\u010do vla\u017eenje in ciljno nego, da vam pomaga dose\u010di uravnote\u017eeno, sijo\u010do ko\u017eo vsak dan. Idealno za podporo zdravju ko\u017ee od jutra do ve\u010dera z ne\u017enimi, klini\u010dno preizku\u0161enimi formulami.<\/p>\n","protected":false},"featured_media":575452,"template":"","meta":[],"product_brand":[],"product_cat":[123],"product_tag":[473,457,680,681,474,848,438,437,817,478],"class_list":{"0":"post-573089","1":"product","2":"type-product","3":"status-publish","4":"has-post-thumbnail","6":"product_cat-seti","7":"product_tag-akne","8":"product_tag-hidracija-koze","9":"product_tag-korejska-kozmetika","10":"product_tag-mastna-koza","11":"product_tag-mozolji","12":"product_tag-naravna-nega","13":"product_tag-obcutljiva-koza","14":"product_tag-rdecica","15":"product_tag-set","16":"product_tag-zamasene-pore","18":"first","19":"instock","20":"sale","21":"shipping-taxable","22":"purchasable","23":"product-type-simple"},"acf":{"konfigurator_product_name":"","konfigurator_product_description":"","konfigurator_product_image_url":""},"yoast_head":"<!-- This site is optimized with the Yoast SEO plugin v27.3 - https:\/\/yoast.com\/product\/yoast-seo-wordpress\/ -->\n<title>PAKET KOREJSKE NEGE - Pharma Hemp<\/title>\n<meta name=\"description\" content=\"Ta vsestranski korejski paket za nego ko\u017ee zdru\u017euje ne\u017eno \u010di\u0161\u010denje, pomirjujo\u010do vla\u017eenje in ciljno nego, da vam pomaga dose\u010di uravnote\u017eeno, sijo\u010do ko\u017eo vsak dan. Idealno za podporo zdravju ko\u017ee od jutra do ve\u010dera z ne\u017enimi, klini\u010dno preizku\u0161enimi formulami.\" \/>\n<meta name=\"robots\" content=\"index, follow, max-snippet:-1, max-image-preview:large, max-video-preview:-1\" \/>\n<link rel=\"canonical\" href=\"https:\/\/pharma-hemp.com\/sl\/izdelek\/korean-care-bundle\/\" \/>\n<meta property=\"og:locale\" content=\"sl_SI\" \/>\n<meta property=\"og:type\" content=\"article\" \/>\n<meta property=\"og:title\" content=\"PAKET KOREJSKE NEGE - Pharma Hemp\" \/>\n<meta property=\"og:description\" content=\"Ta vsestranski korejski paket za nego ko\u017ee zdru\u017euje ne\u017eno \u010di\u0161\u010denje, pomirjujo\u010do vla\u017eenje in ciljno nego, da vam pomaga dose\u010di uravnote\u017eeno, sijo\u010do ko\u017eo vsak dan. Idealno za podporo zdravju ko\u017ee od jutra do ve\u010dera z ne\u017enimi, klini\u010dno preizku\u0161enimi formulami.\" \/>\n<meta property=\"og:url\" content=\"https:\/\/pharma-hemp.com\/sl\/izdelek\/korean-care-bundle\/\" \/>\n<meta property=\"og:site_name\" content=\"Pharma Hemp\" \/>\n<meta property=\"article:modified_time\" content=\"2026-04-02T09:08:17+00:00\" \/>\n<meta property=\"og:image\" content=\"https:\/\/pharma-hemp.com\/wp-content\/uploads\/2025\/12\/koreanCareBundle.png\" \/>\n\t<meta property=\"og:image:width\" content=\"1250\" \/>\n\t<meta property=\"og:image:height\" content=\"1250\" \/>\n\t<meta property=\"og:image:type\" content=\"image\/png\" \/>\n<meta name=\"twitter:card\" content=\"summary_large_image\" \/>\n<meta name=\"twitter:label1\" content=\"Est. reading time\" \/>\n\t<meta name=\"twitter:data1\" content=\"1 minuta\" \/>\n<script type=\"application\/ld+json\" class=\"yoast-schema-graph\">{\"@context\":\"https:\\\/\\\/schema.org\",\"@graph\":[{\"@type\":\"WebPage\",\"@id\":\"https:\\\/\\\/pharma-hemp.com\\\/sl\\\/izdelek\\\/korean-care-bundle\\\/\",\"url\":\"https:\\\/\\\/pharma-hemp.com\\\/sl\\\/izdelek\\\/korean-care-bundle\\\/\",\"name\":\"PAKET KOREJSKE NEGE - Pharma Hemp\",\"isPartOf\":{\"@id\":\"https:\\\/\\\/pharma-hemp.com\\\/sl\\\/#website\"},\"primaryImageOfPage\":{\"@id\":\"https:\\\/\\\/pharma-hemp.com\\\/sl\\\/izdelek\\\/korean-care-bundle\\\/#primaryimage\"},\"image\":{\"@id\":\"https:\\\/\\\/pharma-hemp.com\\\/sl\\\/izdelek\\\/korean-care-bundle\\\/#primaryimage\"},\"thumbnailUrl\":\"https:\\\/\\\/pharma-hemp.com\\\/wp-content\\\/uploads\\\/2025\\\/12\\\/koreanCareBundle.png\",\"datePublished\":\"2025-10-13T07:23:40+00:00\",\"dateModified\":\"2026-04-02T09:08:17+00:00\",\"description\":\"Ta vsestranski korejski paket za nego ko\u017ee zdru\u017euje ne\u017eno \u010di\u0161\u010denje, pomirjujo\u010do vla\u017eenje in ciljno nego, da vam pomaga dose\u010di uravnote\u017eeno, sijo\u010do ko\u017eo vsak dan. Idealno za podporo zdravju ko\u017ee od jutra do ve\u010dera z ne\u017enimi, klini\u010dno preizku\u0161enimi formulami.\",\"breadcrumb\":{\"@id\":\"https:\\\/\\\/pharma-hemp.com\\\/sl\\\/izdelek\\\/korean-care-bundle\\\/#breadcrumb\"},\"inLanguage\":\"sl-SI\",\"potentialAction\":[{\"@type\":\"ReadAction\",\"target\":[\"https:\\\/\\\/pharma-hemp.com\\\/sl\\\/izdelek\\\/korean-care-bundle\\\/\"]}]},{\"@type\":\"ImageObject\",\"inLanguage\":\"sl-SI\",\"@id\":\"https:\\\/\\\/pharma-hemp.com\\\/sl\\\/izdelek\\\/korean-care-bundle\\\/#primaryimage\",\"url\":\"https:\\\/\\\/pharma-hemp.com\\\/wp-content\\\/uploads\\\/2025\\\/12\\\/koreanCareBundle.png\",\"contentUrl\":\"https:\\\/\\\/pharma-hemp.com\\\/wp-content\\\/uploads\\\/2025\\\/12\\\/koreanCareBundle.png\",\"width\":1250,\"height\":1250},{\"@type\":\"BreadcrumbList\",\"@id\":\"https:\\\/\\\/pharma-hemp.com\\\/sl\\\/izdelek\\\/korean-care-bundle\\\/#breadcrumb\",\"itemListElement\":[{\"@type\":\"ListItem\",\"position\":1,\"name\":\"Home\",\"item\":\"https:\\\/\\\/pharma-hemp.com\\\/sl\\\/\"},{\"@type\":\"ListItem\",\"position\":2,\"name\":\"Trgovina\",\"item\":\"https:\\\/\\\/pharma-hemp.com\\\/sl\\\/trgovina-2\\\/\"},{\"@type\":\"ListItem\",\"position\":3,\"name\":\"PAKET KOREJSKE NEGE\"}]},{\"@type\":\"WebSite\",\"@id\":\"https:\\\/\\\/pharma-hemp.com\\\/sl\\\/#website\",\"url\":\"https:\\\/\\\/pharma-hemp.com\\\/sl\\\/\",\"name\":\"Pharma Hemp\",\"description\":\"CBD store\",\"publisher\":{\"@id\":\"https:\\\/\\\/pharma-hemp.com\\\/sl\\\/#organization\"},\"potentialAction\":[{\"@type\":\"SearchAction\",\"target\":{\"@type\":\"EntryPoint\",\"urlTemplate\":\"https:\\\/\\\/pharma-hemp.com\\\/sl\\\/?s={search_term_string}\"},\"query-input\":{\"@type\":\"PropertyValueSpecification\",\"valueRequired\":true,\"valueName\":\"search_term_string\"}}],\"inLanguage\":\"sl-SI\"},{\"@type\":\"Organization\",\"@id\":\"https:\\\/\\\/pharma-hemp.com\\\/sl\\\/#organization\",\"name\":\"PharmaHemp\",\"url\":\"https:\\\/\\\/pharma-hemp.com\\\/sl\\\/\",\"logo\":{\"@type\":\"ImageObject\",\"inLanguage\":\"sl-SI\",\"@id\":\"https:\\\/\\\/pharma-hemp.com\\\/sl\\\/#\\\/schema\\\/logo\\\/image\\\/\",\"url\":\"https:\\\/\\\/pharma-hemp.com\\\/wp-content\\\/uploads\\\/2025\\\/04\\\/Pharma-Hemp-logo_crn-1.png\",\"contentUrl\":\"https:\\\/\\\/pharma-hemp.com\\\/wp-content\\\/uploads\\\/2025\\\/04\\\/Pharma-Hemp-logo_crn-1.png\",\"width\":200,\"height\":44,\"caption\":\"PharmaHemp\"},\"image\":{\"@id\":\"https:\\\/\\\/pharma-hemp.com\\\/sl\\\/#\\\/schema\\\/logo\\\/image\\\/\"}}]}<\/script>\n<!-- \/ Yoast SEO plugin. -->","yoast_head_json":{"title":"PAKET KOREJSKE NEGE - Pharma Hemp","description":"Ta vsestranski korejski paket za nego ko\u017ee zdru\u017euje ne\u017eno \u010di\u0161\u010denje, pomirjujo\u010do vla\u017eenje in ciljno nego, da vam pomaga dose\u010di uravnote\u017eeno, sijo\u010do ko\u017eo vsak dan. Idealno za podporo zdravju ko\u017ee od jutra do ve\u010dera z ne\u017enimi, klini\u010dno preizku\u0161enimi formulami.","robots":{"index":"index","follow":"follow","max-snippet":"max-snippet:-1","max-image-preview":"max-image-preview:large","max-video-preview":"max-video-preview:-1"},"canonical":"https:\/\/pharma-hemp.com\/sl\/izdelek\/korean-care-bundle\/","og_locale":"sl_SI","og_type":"article","og_title":"PAKET KOREJSKE NEGE - Pharma Hemp","og_description":"Ta vsestranski korejski paket za nego ko\u017ee zdru\u017euje ne\u017eno \u010di\u0161\u010denje, pomirjujo\u010do vla\u017eenje in ciljno nego, da vam pomaga dose\u010di uravnote\u017eeno, sijo\u010do ko\u017eo vsak dan. Idealno za podporo zdravju ko\u017ee od jutra do ve\u010dera z ne\u017enimi, klini\u010dno preizku\u0161enimi formulami.","og_url":"https:\/\/pharma-hemp.com\/sl\/izdelek\/korean-care-bundle\/","og_site_name":"Pharma Hemp","article_modified_time":"2026-04-02T09:08:17+00:00","og_image":[{"width":1250,"height":1250,"url":"https:\/\/pharma-hemp.com\/wp-content\/uploads\/2025\/12\/koreanCareBundle.png","type":"image\/png"}],"twitter_card":"summary_large_image","twitter_misc":{"Est. reading time":"1 minuta"},"schema":{"@context":"https:\/\/schema.org","@graph":[{"@type":"WebPage","@id":"https:\/\/pharma-hemp.com\/sl\/izdelek\/korean-care-bundle\/","url":"https:\/\/pharma-hemp.com\/sl\/izdelek\/korean-care-bundle\/","name":"PAKET KOREJSKE NEGE - Pharma Hemp","isPartOf":{"@id":"https:\/\/pharma-hemp.com\/sl\/#website"},"primaryImageOfPage":{"@id":"https:\/\/pharma-hemp.com\/sl\/izdelek\/korean-care-bundle\/#primaryimage"},"image":{"@id":"https:\/\/pharma-hemp.com\/sl\/izdelek\/korean-care-bundle\/#primaryimage"},"thumbnailUrl":"https:\/\/pharma-hemp.com\/wp-content\/uploads\/2025\/12\/koreanCareBundle.png","datePublished":"2025-10-13T07:23:40+00:00","dateModified":"2026-04-02T09:08:17+00:00","description":"Ta vsestranski korejski paket za nego ko\u017ee zdru\u017euje ne\u017eno \u010di\u0161\u010denje, pomirjujo\u010do vla\u017eenje in ciljno nego, da vam pomaga dose\u010di uravnote\u017eeno, sijo\u010do ko\u017eo vsak dan. Idealno za podporo zdravju ko\u017ee od jutra do ve\u010dera z ne\u017enimi, klini\u010dno preizku\u0161enimi formulami.","breadcrumb":{"@id":"https:\/\/pharma-hemp.com\/sl\/izdelek\/korean-care-bundle\/#breadcrumb"},"inLanguage":"sl-SI","potentialAction":[{"@type":"ReadAction","target":["https:\/\/pharma-hemp.com\/sl\/izdelek\/korean-care-bundle\/"]}]},{"@type":"ImageObject","inLanguage":"sl-SI","@id":"https:\/\/pharma-hemp.com\/sl\/izdelek\/korean-care-bundle\/#primaryimage","url":"https:\/\/pharma-hemp.com\/wp-content\/uploads\/2025\/12\/koreanCareBundle.png","contentUrl":"https:\/\/pharma-hemp.com\/wp-content\/uploads\/2025\/12\/koreanCareBundle.png","width":1250,"height":1250},{"@type":"BreadcrumbList","@id":"https:\/\/pharma-hemp.com\/sl\/izdelek\/korean-care-bundle\/#breadcrumb","itemListElement":[{"@type":"ListItem","position":1,"name":"Home","item":"https:\/\/pharma-hemp.com\/sl\/"},{"@type":"ListItem","position":2,"name":"Trgovina","item":"https:\/\/pharma-hemp.com\/sl\/trgovina-2\/"},{"@type":"ListItem","position":3,"name":"PAKET KOREJSKE NEGE"}]},{"@type":"WebSite","@id":"https:\/\/pharma-hemp.com\/sl\/#website","url":"https:\/\/pharma-hemp.com\/sl\/","name":"Pharma Hemp","description":"CBD store","publisher":{"@id":"https:\/\/pharma-hemp.com\/sl\/#organization"},"potentialAction":[{"@type":"SearchAction","target":{"@type":"EntryPoint","urlTemplate":"https:\/\/pharma-hemp.com\/sl\/?s={search_term_string}"},"query-input":{"@type":"PropertyValueSpecification","valueRequired":true,"valueName":"search_term_string"}}],"inLanguage":"sl-SI"},{"@type":"Organization","@id":"https:\/\/pharma-hemp.com\/sl\/#organization","name":"PharmaHemp","url":"https:\/\/pharma-hemp.com\/sl\/","logo":{"@type":"ImageObject","inLanguage":"sl-SI","@id":"https:\/\/pharma-hemp.com\/sl\/#\/schema\/logo\/image\/","url":"https:\/\/pharma-hemp.com\/wp-content\/uploads\/2025\/04\/Pharma-Hemp-logo_crn-1.png","contentUrl":"https:\/\/pharma-hemp.com\/wp-content\/uploads\/2025\/04\/Pharma-Hemp-logo_crn-1.png","width":200,"height":44,"caption":"PharmaHemp"},"image":{"@id":"https:\/\/pharma-hemp.com\/sl\/#\/schema\/logo\/image\/"}}]}},"_links":{"self":[{"href":"https:\/\/pharma-hemp.com\/sl\/wp-json\/wp\/v2\/product\/573089","targetHints":{"allow":["GET"]}}],"collection":[{"href":"https:\/\/pharma-hemp.com\/sl\/wp-json\/wp\/v2\/product"}],"about":[{"href":"https:\/\/pharma-hemp.com\/sl\/wp-json\/wp\/v2\/types\/product"}],"wp:featuredmedia":[{"embeddable":true,"href":"https:\/\/pharma-hemp.com\/sl\/wp-json\/wp\/v2\/media\/575452"}],"wp:attachment":[{"href":"https:\/\/pharma-hemp.com\/sl\/wp-json\/wp\/v2\/media?parent=573089"}],"wp:term":[{"taxonomy":"product_brand","embeddable":true,"href":"https:\/\/pharma-hemp.com\/sl\/wp-json\/wp\/v2\/product_brand?post=573089"},{"taxonomy":"product_cat","embeddable":true,"href":"https:\/\/pharma-hemp.com\/sl\/wp-json\/wp\/v2\/product_cat?post=573089"},{"taxonomy":"product_tag","embeddable":true,"href":"https:\/\/pharma-hemp.com\/sl\/wp-json\/wp\/v2\/product_tag?post=573089"}],"curies":[{"name":"wp","href":"https:\/\/api.w.org\/{rel}","templated":true}]}}