{"id":571228,"date":"2025-09-19T10:40:25","date_gmt":"2025-09-19T08:40:25","guid":{"rendered":"https:\/\/pharma-hemp.com\/?post_type=product&#038;p=571228"},"modified":"2026-02-09T12:02:00","modified_gmt":"2026-02-09T10:02:00","slug":"illumiel-ac-solution-cream","status":"publish","type":"product","link":"https:\/\/pharma-hemp.com\/sl\/izdelek\/illumiel-ac-solution-cream\/","title":{"rendered":"Illumiel AC Solution Cream"},"content":{"rendered":"<p><span style=\"font-weight: 400;\">Pomirjujo\u010da krema, ki krepi ko\u017eno bariero ter uravnove\u0161a ma\u0161\u010dobo in vlago. Deluje tako, da targetira ogrce, bele komodone in pore, hkrati pa zagotavlja osve\u017eujoo\u010d ob\u010dutek, brez dra\u017eenja.<\/span><\/p>\n","protected":false},"excerpt":{"rendered":"<p><span style=\"font-weight: 400;\">Pomirjujo\u010da krema, ki krepi ko\u017eno bariero ter uravnove\u0161a ma\u0161\u010dobo in vlago. Deluje tako, da targetira ogrce, bele komodone in pore, hkrati pa zagotavlja osve\u017eujoo\u010d ob\u010dutek, brez dra\u017eenja.<\/span><\/p>\n","protected":false},"featured_media":571479,"template":"","meta":[],"product_brand":[],"product_cat":[284,102],"product_tag":[473,477,680,479,686,681,474,438,476,478],"class_list":{"0":"post-571228","1":"product","2":"type-product","3":"status-publish","4":"has-post-thumbnail","6":"product_cat-illumiel-sl","7":"product_cat-izbiraj-med-znamkami","8":"product_tag-akne","9":"product_tag-bakterije","10":"product_tag-korejska-kozmetika","11":"product_tag-kozni-izbruhi","12":"product_tag-krema","13":"product_tag-mastna-koza","14":"product_tag-mozolji","15":"product_tag-obcutljiva-koza","16":"product_tag-ogrci","17":"product_tag-zamasene-pore","19":"first","20":"instock","21":"shipping-taxable","22":"purchasable","23":"product-type-simple"},"acf":{"konfigurator_product_name":"","konfigurator_product_description":"","konfigurator_product_image_url":""},"yoast_head":"<!-- This site is optimized with the Yoast SEO plugin v27.3 - https:\/\/yoast.com\/product\/yoast-seo-wordpress\/ -->\n<title>Illumiel krema<\/title>\n<meta name=\"description\" content=\"Pomirjujo\u010da krema, ki krepi ko\u017eno bariero ter uravnove\u0161a ma\u0161\u010dobo in vlago. Deluje tako, da targetira ogrce, bele komodone in pore, hkrati pa zagotavlja osve\u017eujoo\u010d ob\u010dutek, brez dra\u017eenja.\" \/>\n<meta name=\"robots\" content=\"index, follow, max-snippet:-1, max-image-preview:large, max-video-preview:-1\" \/>\n<link rel=\"canonical\" href=\"https:\/\/pharma-hemp.com\/sl\/izdelek\/illumiel-ac-solution-cream\/\" \/>\n<meta property=\"og:locale\" content=\"sl_SI\" \/>\n<meta property=\"og:type\" content=\"article\" \/>\n<meta property=\"og:title\" content=\"Illumiel krema\" \/>\n<meta property=\"og:description\" content=\"Pomirjujo\u010da krema, ki krepi ko\u017eno bariero ter uravnove\u0161a ma\u0161\u010dobo in vlago. Deluje tako, da targetira ogrce, bele komodone in pore, hkrati pa zagotavlja osve\u017eujoo\u010d ob\u010dutek, brez dra\u017eenja.\" \/>\n<meta property=\"og:url\" content=\"https:\/\/pharma-hemp.com\/sl\/izdelek\/illumiel-ac-solution-cream\/\" \/>\n<meta property=\"og:site_name\" content=\"Pharma Hemp\" \/>\n<meta property=\"article:modified_time\" content=\"2026-02-09T10:02:00+00:00\" \/>\n<meta property=\"og:image\" content=\"https:\/\/pharma-hemp.com\/wp-content\/uploads\/2025\/09\/Illumiel_AC_Solution_Cream_01.jpg\" \/>\n\t<meta property=\"og:image:width\" content=\"1000\" \/>\n\t<meta property=\"og:image:height\" content=\"1000\" \/>\n\t<meta property=\"og:image:type\" content=\"image\/jpeg\" \/>\n<meta name=\"twitter:card\" content=\"summary_large_image\" \/>\n<meta name=\"twitter:label1\" content=\"Est. reading time\" \/>\n\t<meta name=\"twitter:data1\" content=\"1 minuta\" \/>\n<script type=\"application\/ld+json\" class=\"yoast-schema-graph\">{\"@context\":\"https:\\\/\\\/schema.org\",\"@graph\":[{\"@type\":\"WebPage\",\"@id\":\"https:\\\/\\\/pharma-hemp.com\\\/sl\\\/izdelek\\\/illumiel-ac-solution-cream\\\/\",\"url\":\"https:\\\/\\\/pharma-hemp.com\\\/sl\\\/izdelek\\\/illumiel-ac-solution-cream\\\/\",\"name\":\"Illumiel krema\",\"isPartOf\":{\"@id\":\"https:\\\/\\\/pharma-hemp.com\\\/sl\\\/#website\"},\"primaryImageOfPage\":{\"@id\":\"https:\\\/\\\/pharma-hemp.com\\\/sl\\\/izdelek\\\/illumiel-ac-solution-cream\\\/#primaryimage\"},\"image\":{\"@id\":\"https:\\\/\\\/pharma-hemp.com\\\/sl\\\/izdelek\\\/illumiel-ac-solution-cream\\\/#primaryimage\"},\"thumbnailUrl\":\"https:\\\/\\\/pharma-hemp.com\\\/wp-content\\\/uploads\\\/2025\\\/09\\\/Illumiel_AC_Solution_Cream_01.jpg\",\"datePublished\":\"2025-09-19T08:40:25+00:00\",\"dateModified\":\"2026-02-09T10:02:00+00:00\",\"description\":\"Pomirjujo\u010da krema, ki krepi ko\u017eno bariero ter uravnove\u0161a ma\u0161\u010dobo in vlago. Deluje tako, da targetira ogrce, bele komodone in pore, hkrati pa zagotavlja osve\u017eujoo\u010d ob\u010dutek, brez dra\u017eenja.\",\"breadcrumb\":{\"@id\":\"https:\\\/\\\/pharma-hemp.com\\\/sl\\\/izdelek\\\/illumiel-ac-solution-cream\\\/#breadcrumb\"},\"inLanguage\":\"sl-SI\",\"potentialAction\":[{\"@type\":\"ReadAction\",\"target\":[\"https:\\\/\\\/pharma-hemp.com\\\/sl\\\/izdelek\\\/illumiel-ac-solution-cream\\\/\"]}]},{\"@type\":\"ImageObject\",\"inLanguage\":\"sl-SI\",\"@id\":\"https:\\\/\\\/pharma-hemp.com\\\/sl\\\/izdelek\\\/illumiel-ac-solution-cream\\\/#primaryimage\",\"url\":\"https:\\\/\\\/pharma-hemp.com\\\/wp-content\\\/uploads\\\/2025\\\/09\\\/Illumiel_AC_Solution_Cream_01.jpg\",\"contentUrl\":\"https:\\\/\\\/pharma-hemp.com\\\/wp-content\\\/uploads\\\/2025\\\/09\\\/Illumiel_AC_Solution_Cream_01.jpg\",\"width\":1000,\"height\":1000},{\"@type\":\"BreadcrumbList\",\"@id\":\"https:\\\/\\\/pharma-hemp.com\\\/sl\\\/izdelek\\\/illumiel-ac-solution-cream\\\/#breadcrumb\",\"itemListElement\":[{\"@type\":\"ListItem\",\"position\":1,\"name\":\"Home\",\"item\":\"https:\\\/\\\/pharma-hemp.com\\\/sl\\\/\"},{\"@type\":\"ListItem\",\"position\":2,\"name\":\"Trgovina\",\"item\":\"https:\\\/\\\/pharma-hemp.com\\\/sl\\\/trgovina-2\\\/\"},{\"@type\":\"ListItem\",\"position\":3,\"name\":\"Illumiel AC Solution Cream\"}]},{\"@type\":\"WebSite\",\"@id\":\"https:\\\/\\\/pharma-hemp.com\\\/sl\\\/#website\",\"url\":\"https:\\\/\\\/pharma-hemp.com\\\/sl\\\/\",\"name\":\"Pharma Hemp\",\"description\":\"CBD store\",\"publisher\":{\"@id\":\"https:\\\/\\\/pharma-hemp.com\\\/sl\\\/#organization\"},\"potentialAction\":[{\"@type\":\"SearchAction\",\"target\":{\"@type\":\"EntryPoint\",\"urlTemplate\":\"https:\\\/\\\/pharma-hemp.com\\\/sl\\\/?s={search_term_string}\"},\"query-input\":{\"@type\":\"PropertyValueSpecification\",\"valueRequired\":true,\"valueName\":\"search_term_string\"}}],\"inLanguage\":\"sl-SI\"},{\"@type\":\"Organization\",\"@id\":\"https:\\\/\\\/pharma-hemp.com\\\/sl\\\/#organization\",\"name\":\"PharmaHemp\",\"url\":\"https:\\\/\\\/pharma-hemp.com\\\/sl\\\/\",\"logo\":{\"@type\":\"ImageObject\",\"inLanguage\":\"sl-SI\",\"@id\":\"https:\\\/\\\/pharma-hemp.com\\\/sl\\\/#\\\/schema\\\/logo\\\/image\\\/\",\"url\":\"https:\\\/\\\/pharma-hemp.com\\\/wp-content\\\/uploads\\\/2025\\\/04\\\/Pharma-Hemp-logo_crn-1.png\",\"contentUrl\":\"https:\\\/\\\/pharma-hemp.com\\\/wp-content\\\/uploads\\\/2025\\\/04\\\/Pharma-Hemp-logo_crn-1.png\",\"width\":200,\"height\":44,\"caption\":\"PharmaHemp\"},\"image\":{\"@id\":\"https:\\\/\\\/pharma-hemp.com\\\/sl\\\/#\\\/schema\\\/logo\\\/image\\\/\"}}]}<\/script>\n<!-- \/ Yoast SEO plugin. -->","yoast_head_json":{"title":"Illumiel krema","description":"Pomirjujo\u010da krema, ki krepi ko\u017eno bariero ter uravnove\u0161a ma\u0161\u010dobo in vlago. Deluje tako, da targetira ogrce, bele komodone in pore, hkrati pa zagotavlja osve\u017eujoo\u010d ob\u010dutek, brez dra\u017eenja.","robots":{"index":"index","follow":"follow","max-snippet":"max-snippet:-1","max-image-preview":"max-image-preview:large","max-video-preview":"max-video-preview:-1"},"canonical":"https:\/\/pharma-hemp.com\/sl\/izdelek\/illumiel-ac-solution-cream\/","og_locale":"sl_SI","og_type":"article","og_title":"Illumiel krema","og_description":"Pomirjujo\u010da krema, ki krepi ko\u017eno bariero ter uravnove\u0161a ma\u0161\u010dobo in vlago. Deluje tako, da targetira ogrce, bele komodone in pore, hkrati pa zagotavlja osve\u017eujoo\u010d ob\u010dutek, brez dra\u017eenja.","og_url":"https:\/\/pharma-hemp.com\/sl\/izdelek\/illumiel-ac-solution-cream\/","og_site_name":"Pharma Hemp","article_modified_time":"2026-02-09T10:02:00+00:00","og_image":[{"width":1000,"height":1000,"url":"https:\/\/pharma-hemp.com\/wp-content\/uploads\/2025\/09\/Illumiel_AC_Solution_Cream_01.jpg","type":"image\/jpeg"}],"twitter_card":"summary_large_image","twitter_misc":{"Est. reading time":"1 minuta"},"schema":{"@context":"https:\/\/schema.org","@graph":[{"@type":"WebPage","@id":"https:\/\/pharma-hemp.com\/sl\/izdelek\/illumiel-ac-solution-cream\/","url":"https:\/\/pharma-hemp.com\/sl\/izdelek\/illumiel-ac-solution-cream\/","name":"Illumiel krema","isPartOf":{"@id":"https:\/\/pharma-hemp.com\/sl\/#website"},"primaryImageOfPage":{"@id":"https:\/\/pharma-hemp.com\/sl\/izdelek\/illumiel-ac-solution-cream\/#primaryimage"},"image":{"@id":"https:\/\/pharma-hemp.com\/sl\/izdelek\/illumiel-ac-solution-cream\/#primaryimage"},"thumbnailUrl":"https:\/\/pharma-hemp.com\/wp-content\/uploads\/2025\/09\/Illumiel_AC_Solution_Cream_01.jpg","datePublished":"2025-09-19T08:40:25+00:00","dateModified":"2026-02-09T10:02:00+00:00","description":"Pomirjujo\u010da krema, ki krepi ko\u017eno bariero ter uravnove\u0161a ma\u0161\u010dobo in vlago. Deluje tako, da targetira ogrce, bele komodone in pore, hkrati pa zagotavlja osve\u017eujoo\u010d ob\u010dutek, brez dra\u017eenja.","breadcrumb":{"@id":"https:\/\/pharma-hemp.com\/sl\/izdelek\/illumiel-ac-solution-cream\/#breadcrumb"},"inLanguage":"sl-SI","potentialAction":[{"@type":"ReadAction","target":["https:\/\/pharma-hemp.com\/sl\/izdelek\/illumiel-ac-solution-cream\/"]}]},{"@type":"ImageObject","inLanguage":"sl-SI","@id":"https:\/\/pharma-hemp.com\/sl\/izdelek\/illumiel-ac-solution-cream\/#primaryimage","url":"https:\/\/pharma-hemp.com\/wp-content\/uploads\/2025\/09\/Illumiel_AC_Solution_Cream_01.jpg","contentUrl":"https:\/\/pharma-hemp.com\/wp-content\/uploads\/2025\/09\/Illumiel_AC_Solution_Cream_01.jpg","width":1000,"height":1000},{"@type":"BreadcrumbList","@id":"https:\/\/pharma-hemp.com\/sl\/izdelek\/illumiel-ac-solution-cream\/#breadcrumb","itemListElement":[{"@type":"ListItem","position":1,"name":"Home","item":"https:\/\/pharma-hemp.com\/sl\/"},{"@type":"ListItem","position":2,"name":"Trgovina","item":"https:\/\/pharma-hemp.com\/sl\/trgovina-2\/"},{"@type":"ListItem","position":3,"name":"Illumiel AC Solution Cream"}]},{"@type":"WebSite","@id":"https:\/\/pharma-hemp.com\/sl\/#website","url":"https:\/\/pharma-hemp.com\/sl\/","name":"Pharma Hemp","description":"CBD store","publisher":{"@id":"https:\/\/pharma-hemp.com\/sl\/#organization"},"potentialAction":[{"@type":"SearchAction","target":{"@type":"EntryPoint","urlTemplate":"https:\/\/pharma-hemp.com\/sl\/?s={search_term_string}"},"query-input":{"@type":"PropertyValueSpecification","valueRequired":true,"valueName":"search_term_string"}}],"inLanguage":"sl-SI"},{"@type":"Organization","@id":"https:\/\/pharma-hemp.com\/sl\/#organization","name":"PharmaHemp","url":"https:\/\/pharma-hemp.com\/sl\/","logo":{"@type":"ImageObject","inLanguage":"sl-SI","@id":"https:\/\/pharma-hemp.com\/sl\/#\/schema\/logo\/image\/","url":"https:\/\/pharma-hemp.com\/wp-content\/uploads\/2025\/04\/Pharma-Hemp-logo_crn-1.png","contentUrl":"https:\/\/pharma-hemp.com\/wp-content\/uploads\/2025\/04\/Pharma-Hemp-logo_crn-1.png","width":200,"height":44,"caption":"PharmaHemp"},"image":{"@id":"https:\/\/pharma-hemp.com\/sl\/#\/schema\/logo\/image\/"}}]}},"_links":{"self":[{"href":"https:\/\/pharma-hemp.com\/sl\/wp-json\/wp\/v2\/product\/571228","targetHints":{"allow":["GET"]}}],"collection":[{"href":"https:\/\/pharma-hemp.com\/sl\/wp-json\/wp\/v2\/product"}],"about":[{"href":"https:\/\/pharma-hemp.com\/sl\/wp-json\/wp\/v2\/types\/product"}],"wp:featuredmedia":[{"embeddable":true,"href":"https:\/\/pharma-hemp.com\/sl\/wp-json\/wp\/v2\/media\/571479"}],"wp:attachment":[{"href":"https:\/\/pharma-hemp.com\/sl\/wp-json\/wp\/v2\/media?parent=571228"}],"wp:term":[{"taxonomy":"product_brand","embeddable":true,"href":"https:\/\/pharma-hemp.com\/sl\/wp-json\/wp\/v2\/product_brand?post=571228"},{"taxonomy":"product_cat","embeddable":true,"href":"https:\/\/pharma-hemp.com\/sl\/wp-json\/wp\/v2\/product_cat?post=571228"},{"taxonomy":"product_tag","embeddable":true,"href":"https:\/\/pharma-hemp.com\/sl\/wp-json\/wp\/v2\/product_tag?post=571228"}],"curies":[{"name":"wp","href":"https:\/\/api.w.org\/{rel}","templated":true}]}}