{"id":569216,"date":"2025-08-18T11:27:25","date_gmt":"2025-08-18T09:27:25","guid":{"rendered":"https:\/\/pharma-hemp.com\/?post_type=product&#038;p=569216"},"modified":"2026-02-09T11:57:54","modified_gmt":"2026-02-09T09:57:54","slug":"illumiel-cistilni-gel","status":"publish","type":"product","link":"https:\/\/pharma-hemp.com\/sl\/izdelek\/illumiel-cistilni-gel\/","title":{"rendered":"Illumiel AC Solution Foam Cleanser"},"content":{"rendered":"<h4><span style=\"font-weight: 400;\">Ne\u017een \u010distilni gel, ki odstrani vse ne\u010disto\u010de in odmrle ko\u017ene celice, medtem ko ko\u017eo nahrani in navla\u017ei. Ko\u017eo pomirja, ne da bi jo izsu\u0161il, ter jo naredi mehko. <\/span><span style=\"font-weight: 400;\">Primeren za ob\u010dutljivo in aknasto ko\u017eo.<\/span><\/h4>\n","protected":false},"excerpt":{"rendered":"<p>Ne\u017een \u010distilni gel, ki odstrani vse ne\u010disto\u010de in odmrle ko\u017ene celice, medtem ko ko\u017eo nahrani in navla\u017ei. Ko\u017eo pomirja, ne da bi jo izsu\u0161il, ter jo naredi mehko. Primeren za ob\u010dutljivo in aknasto ko\u017eo.<\/p>\n","protected":false},"featured_media":571488,"template":"","meta":[],"product_brand":[],"product_cat":[284,102],"product_tag":[473,477,490,680,479,681,474,438,476,478],"class_list":{"0":"post-569216","1":"product","2":"type-product","3":"status-publish","4":"has-post-thumbnail","6":"product_cat-illumiel-sl","7":"product_cat-izbiraj-med-znamkami","8":"product_tag-akne","9":"product_tag-bakterije","10":"product_tag-cistilo-za-obraz","11":"product_tag-korejska-kozmetika","12":"product_tag-kozni-izbruhi","13":"product_tag-mastna-koza","14":"product_tag-mozolji","15":"product_tag-obcutljiva-koza","16":"product_tag-ogrci","17":"product_tag-zamasene-pore","19":"first","20":"instock","21":"shipping-taxable","22":"purchasable","23":"product-type-simple"},"acf":{"konfigurator_product_name":"","konfigurator_product_description":"","konfigurator_product_image_url":""},"yoast_head":"<!-- This site is optimized with the Yoast SEO plugin v27.3 - https:\/\/yoast.com\/product\/yoast-seo-wordpress\/ -->\n<title>Illumiel \u010distilni gel<\/title>\n<meta name=\"description\" content=\"Ne\u017een \u010distilni gel, ki odstrani vse ne\u010disto\u010de in odmrle ko\u017ene celice, medtem ko ko\u017eo nahrani in navla\u017ei. Ko\u017eo pomirja, ne da bi jo izsu\u0161il, ter jo naredi mehko. Primeren za ob\u010dutljivo in aknasto ko\u017eo.\" \/>\n<meta name=\"robots\" content=\"index, follow, max-snippet:-1, max-image-preview:large, max-video-preview:-1\" \/>\n<link rel=\"canonical\" href=\"https:\/\/pharma-hemp.com\/sl\/izdelek\/illumiel-cistilni-gel\/\" \/>\n<meta property=\"og:locale\" content=\"sl_SI\" \/>\n<meta property=\"og:type\" content=\"article\" \/>\n<meta property=\"og:title\" content=\"Illumiel \u010distilni gel\" \/>\n<meta property=\"og:description\" content=\"Ne\u017een \u010distilni gel, ki odstrani vse ne\u010disto\u010de in odmrle ko\u017ene celice, medtem ko ko\u017eo nahrani in navla\u017ei. Ko\u017eo pomirja, ne da bi jo izsu\u0161il, ter jo naredi mehko. Primeren za ob\u010dutljivo in aknasto ko\u017eo.\" \/>\n<meta property=\"og:url\" content=\"https:\/\/pharma-hemp.com\/sl\/izdelek\/illumiel-cistilni-gel\/\" \/>\n<meta property=\"og:site_name\" content=\"Pharma Hemp\" \/>\n<meta property=\"article:modified_time\" content=\"2026-02-09T09:57:54+00:00\" \/>\n<meta property=\"og:image\" content=\"https:\/\/pharma-hemp.com\/wp-content\/uploads\/2025\/09\/Illumiel_AC_Solution_Foam_Cleanser_01.jpg\" \/>\n\t<meta property=\"og:image:width\" content=\"999\" \/>\n\t<meta property=\"og:image:height\" content=\"1000\" \/>\n\t<meta property=\"og:image:type\" content=\"image\/jpeg\" \/>\n<meta name=\"twitter:card\" content=\"summary_large_image\" \/>\n<meta name=\"twitter:label1\" content=\"Est. reading time\" \/>\n\t<meta name=\"twitter:data1\" content=\"1 minuta\" \/>\n<script type=\"application\/ld+json\" class=\"yoast-schema-graph\">{\"@context\":\"https:\\\/\\\/schema.org\",\"@graph\":[{\"@type\":\"WebPage\",\"@id\":\"https:\\\/\\\/pharma-hemp.com\\\/sl\\\/izdelek\\\/illumiel-cistilni-gel\\\/\",\"url\":\"https:\\\/\\\/pharma-hemp.com\\\/sl\\\/izdelek\\\/illumiel-cistilni-gel\\\/\",\"name\":\"Illumiel \u010distilni gel\",\"isPartOf\":{\"@id\":\"https:\\\/\\\/pharma-hemp.com\\\/sl\\\/#website\"},\"primaryImageOfPage\":{\"@id\":\"https:\\\/\\\/pharma-hemp.com\\\/sl\\\/izdelek\\\/illumiel-cistilni-gel\\\/#primaryimage\"},\"image\":{\"@id\":\"https:\\\/\\\/pharma-hemp.com\\\/sl\\\/izdelek\\\/illumiel-cistilni-gel\\\/#primaryimage\"},\"thumbnailUrl\":\"https:\\\/\\\/pharma-hemp.com\\\/wp-content\\\/uploads\\\/2025\\\/09\\\/Illumiel_AC_Solution_Foam_Cleanser_01.jpg\",\"datePublished\":\"2025-08-18T09:27:25+00:00\",\"dateModified\":\"2026-02-09T09:57:54+00:00\",\"description\":\"Ne\u017een \u010distilni gel, ki odstrani vse ne\u010disto\u010de in odmrle ko\u017ene celice, medtem ko ko\u017eo nahrani in navla\u017ei. Ko\u017eo pomirja, ne da bi jo izsu\u0161il, ter jo naredi mehko. Primeren za ob\u010dutljivo in aknasto ko\u017eo.\",\"breadcrumb\":{\"@id\":\"https:\\\/\\\/pharma-hemp.com\\\/sl\\\/izdelek\\\/illumiel-cistilni-gel\\\/#breadcrumb\"},\"inLanguage\":\"sl-SI\",\"potentialAction\":[{\"@type\":\"ReadAction\",\"target\":[\"https:\\\/\\\/pharma-hemp.com\\\/sl\\\/izdelek\\\/illumiel-cistilni-gel\\\/\"]}]},{\"@type\":\"ImageObject\",\"inLanguage\":\"sl-SI\",\"@id\":\"https:\\\/\\\/pharma-hemp.com\\\/sl\\\/izdelek\\\/illumiel-cistilni-gel\\\/#primaryimage\",\"url\":\"https:\\\/\\\/pharma-hemp.com\\\/wp-content\\\/uploads\\\/2025\\\/09\\\/Illumiel_AC_Solution_Foam_Cleanser_01.jpg\",\"contentUrl\":\"https:\\\/\\\/pharma-hemp.com\\\/wp-content\\\/uploads\\\/2025\\\/09\\\/Illumiel_AC_Solution_Foam_Cleanser_01.jpg\",\"width\":999,\"height\":1000},{\"@type\":\"BreadcrumbList\",\"@id\":\"https:\\\/\\\/pharma-hemp.com\\\/sl\\\/izdelek\\\/illumiel-cistilni-gel\\\/#breadcrumb\",\"itemListElement\":[{\"@type\":\"ListItem\",\"position\":1,\"name\":\"Home\",\"item\":\"https:\\\/\\\/pharma-hemp.com\\\/sl\\\/\"},{\"@type\":\"ListItem\",\"position\":2,\"name\":\"Trgovina\",\"item\":\"https:\\\/\\\/pharma-hemp.com\\\/sl\\\/trgovina-2\\\/\"},{\"@type\":\"ListItem\",\"position\":3,\"name\":\"Illumiel AC Solution Foam Cleanser\"}]},{\"@type\":\"WebSite\",\"@id\":\"https:\\\/\\\/pharma-hemp.com\\\/sl\\\/#website\",\"url\":\"https:\\\/\\\/pharma-hemp.com\\\/sl\\\/\",\"name\":\"Pharma Hemp\",\"description\":\"CBD store\",\"publisher\":{\"@id\":\"https:\\\/\\\/pharma-hemp.com\\\/sl\\\/#organization\"},\"potentialAction\":[{\"@type\":\"SearchAction\",\"target\":{\"@type\":\"EntryPoint\",\"urlTemplate\":\"https:\\\/\\\/pharma-hemp.com\\\/sl\\\/?s={search_term_string}\"},\"query-input\":{\"@type\":\"PropertyValueSpecification\",\"valueRequired\":true,\"valueName\":\"search_term_string\"}}],\"inLanguage\":\"sl-SI\"},{\"@type\":\"Organization\",\"@id\":\"https:\\\/\\\/pharma-hemp.com\\\/sl\\\/#organization\",\"name\":\"PharmaHemp\",\"url\":\"https:\\\/\\\/pharma-hemp.com\\\/sl\\\/\",\"logo\":{\"@type\":\"ImageObject\",\"inLanguage\":\"sl-SI\",\"@id\":\"https:\\\/\\\/pharma-hemp.com\\\/sl\\\/#\\\/schema\\\/logo\\\/image\\\/\",\"url\":\"https:\\\/\\\/pharma-hemp.com\\\/wp-content\\\/uploads\\\/2025\\\/04\\\/Pharma-Hemp-logo_crn-1.png\",\"contentUrl\":\"https:\\\/\\\/pharma-hemp.com\\\/wp-content\\\/uploads\\\/2025\\\/04\\\/Pharma-Hemp-logo_crn-1.png\",\"width\":200,\"height\":44,\"caption\":\"PharmaHemp\"},\"image\":{\"@id\":\"https:\\\/\\\/pharma-hemp.com\\\/sl\\\/#\\\/schema\\\/logo\\\/image\\\/\"}}]}<\/script>\n<!-- \/ Yoast SEO plugin. -->","yoast_head_json":{"title":"Illumiel \u010distilni gel","description":"Ne\u017een \u010distilni gel, ki odstrani vse ne\u010disto\u010de in odmrle ko\u017ene celice, medtem ko ko\u017eo nahrani in navla\u017ei. Ko\u017eo pomirja, ne da bi jo izsu\u0161il, ter jo naredi mehko. Primeren za ob\u010dutljivo in aknasto ko\u017eo.","robots":{"index":"index","follow":"follow","max-snippet":"max-snippet:-1","max-image-preview":"max-image-preview:large","max-video-preview":"max-video-preview:-1"},"canonical":"https:\/\/pharma-hemp.com\/sl\/izdelek\/illumiel-cistilni-gel\/","og_locale":"sl_SI","og_type":"article","og_title":"Illumiel \u010distilni gel","og_description":"Ne\u017een \u010distilni gel, ki odstrani vse ne\u010disto\u010de in odmrle ko\u017ene celice, medtem ko ko\u017eo nahrani in navla\u017ei. Ko\u017eo pomirja, ne da bi jo izsu\u0161il, ter jo naredi mehko. Primeren za ob\u010dutljivo in aknasto ko\u017eo.","og_url":"https:\/\/pharma-hemp.com\/sl\/izdelek\/illumiel-cistilni-gel\/","og_site_name":"Pharma Hemp","article_modified_time":"2026-02-09T09:57:54+00:00","og_image":[{"width":999,"height":1000,"url":"https:\/\/pharma-hemp.com\/wp-content\/uploads\/2025\/09\/Illumiel_AC_Solution_Foam_Cleanser_01.jpg","type":"image\/jpeg"}],"twitter_card":"summary_large_image","twitter_misc":{"Est. reading time":"1 minuta"},"schema":{"@context":"https:\/\/schema.org","@graph":[{"@type":"WebPage","@id":"https:\/\/pharma-hemp.com\/sl\/izdelek\/illumiel-cistilni-gel\/","url":"https:\/\/pharma-hemp.com\/sl\/izdelek\/illumiel-cistilni-gel\/","name":"Illumiel \u010distilni gel","isPartOf":{"@id":"https:\/\/pharma-hemp.com\/sl\/#website"},"primaryImageOfPage":{"@id":"https:\/\/pharma-hemp.com\/sl\/izdelek\/illumiel-cistilni-gel\/#primaryimage"},"image":{"@id":"https:\/\/pharma-hemp.com\/sl\/izdelek\/illumiel-cistilni-gel\/#primaryimage"},"thumbnailUrl":"https:\/\/pharma-hemp.com\/wp-content\/uploads\/2025\/09\/Illumiel_AC_Solution_Foam_Cleanser_01.jpg","datePublished":"2025-08-18T09:27:25+00:00","dateModified":"2026-02-09T09:57:54+00:00","description":"Ne\u017een \u010distilni gel, ki odstrani vse ne\u010disto\u010de in odmrle ko\u017ene celice, medtem ko ko\u017eo nahrani in navla\u017ei. Ko\u017eo pomirja, ne da bi jo izsu\u0161il, ter jo naredi mehko. Primeren za ob\u010dutljivo in aknasto ko\u017eo.","breadcrumb":{"@id":"https:\/\/pharma-hemp.com\/sl\/izdelek\/illumiel-cistilni-gel\/#breadcrumb"},"inLanguage":"sl-SI","potentialAction":[{"@type":"ReadAction","target":["https:\/\/pharma-hemp.com\/sl\/izdelek\/illumiel-cistilni-gel\/"]}]},{"@type":"ImageObject","inLanguage":"sl-SI","@id":"https:\/\/pharma-hemp.com\/sl\/izdelek\/illumiel-cistilni-gel\/#primaryimage","url":"https:\/\/pharma-hemp.com\/wp-content\/uploads\/2025\/09\/Illumiel_AC_Solution_Foam_Cleanser_01.jpg","contentUrl":"https:\/\/pharma-hemp.com\/wp-content\/uploads\/2025\/09\/Illumiel_AC_Solution_Foam_Cleanser_01.jpg","width":999,"height":1000},{"@type":"BreadcrumbList","@id":"https:\/\/pharma-hemp.com\/sl\/izdelek\/illumiel-cistilni-gel\/#breadcrumb","itemListElement":[{"@type":"ListItem","position":1,"name":"Home","item":"https:\/\/pharma-hemp.com\/sl\/"},{"@type":"ListItem","position":2,"name":"Trgovina","item":"https:\/\/pharma-hemp.com\/sl\/trgovina-2\/"},{"@type":"ListItem","position":3,"name":"Illumiel AC Solution Foam Cleanser"}]},{"@type":"WebSite","@id":"https:\/\/pharma-hemp.com\/sl\/#website","url":"https:\/\/pharma-hemp.com\/sl\/","name":"Pharma Hemp","description":"CBD store","publisher":{"@id":"https:\/\/pharma-hemp.com\/sl\/#organization"},"potentialAction":[{"@type":"SearchAction","target":{"@type":"EntryPoint","urlTemplate":"https:\/\/pharma-hemp.com\/sl\/?s={search_term_string}"},"query-input":{"@type":"PropertyValueSpecification","valueRequired":true,"valueName":"search_term_string"}}],"inLanguage":"sl-SI"},{"@type":"Organization","@id":"https:\/\/pharma-hemp.com\/sl\/#organization","name":"PharmaHemp","url":"https:\/\/pharma-hemp.com\/sl\/","logo":{"@type":"ImageObject","inLanguage":"sl-SI","@id":"https:\/\/pharma-hemp.com\/sl\/#\/schema\/logo\/image\/","url":"https:\/\/pharma-hemp.com\/wp-content\/uploads\/2025\/04\/Pharma-Hemp-logo_crn-1.png","contentUrl":"https:\/\/pharma-hemp.com\/wp-content\/uploads\/2025\/04\/Pharma-Hemp-logo_crn-1.png","width":200,"height":44,"caption":"PharmaHemp"},"image":{"@id":"https:\/\/pharma-hemp.com\/sl\/#\/schema\/logo\/image\/"}}]}},"_links":{"self":[{"href":"https:\/\/pharma-hemp.com\/sl\/wp-json\/wp\/v2\/product\/569216","targetHints":{"allow":["GET"]}}],"collection":[{"href":"https:\/\/pharma-hemp.com\/sl\/wp-json\/wp\/v2\/product"}],"about":[{"href":"https:\/\/pharma-hemp.com\/sl\/wp-json\/wp\/v2\/types\/product"}],"wp:featuredmedia":[{"embeddable":true,"href":"https:\/\/pharma-hemp.com\/sl\/wp-json\/wp\/v2\/media\/571488"}],"wp:attachment":[{"href":"https:\/\/pharma-hemp.com\/sl\/wp-json\/wp\/v2\/media?parent=569216"}],"wp:term":[{"taxonomy":"product_brand","embeddable":true,"href":"https:\/\/pharma-hemp.com\/sl\/wp-json\/wp\/v2\/product_brand?post=569216"},{"taxonomy":"product_cat","embeddable":true,"href":"https:\/\/pharma-hemp.com\/sl\/wp-json\/wp\/v2\/product_cat?post=569216"},{"taxonomy":"product_tag","embeddable":true,"href":"https:\/\/pharma-hemp.com\/sl\/wp-json\/wp\/v2\/product_tag?post=569216"}],"curies":[{"name":"wp","href":"https:\/\/api.w.org\/{rel}","templated":true}]}}