{"id":3362,"date":"2025-05-14T08:30:16","date_gmt":"2025-05-14T07:30:16","guid":{"rendered":"https:\/\/pharma-hemp.com\/shop\/ganda-collagen-day-cream\/"},"modified":"2026-02-11T14:07:57","modified_gmt":"2026-02-11T12:07:57","slug":"ganda-collagen-day-cream","status":"publish","type":"product","link":"https:\/\/pharma-hemp.com\/sl\/izdelek\/ganda-collagen-day-cream\/","title":{"rendered":"Gan\u0111a collagen day cream"},"content":{"rendered":"","protected":false},"excerpt":{"rendered":"<ul>\n<li>Dnevna krema, namenjena ohranjanju mladostnega videza.<\/li>\n<li>Primerna za vsakodnevno nego obraza in vratu.<\/li>\n<\/ul>\n","protected":false},"featured_media":2798,"template":"","meta":[],"product_brand":[270],"product_cat":[112,121],"product_tag":[884,460,458,457,456,438,442,440,883,885],"class_list":{"0":"post-3362","1":"product","2":"type-product","3":"status-publish","4":"has-post-thumbnail","6":"product_brand-ganda","7":"product_cat-druge-znamke","8":"product_cat-drugi-izdelki","9":"product_tag-dehidrirana-koza","10":"product_tag-dnevna-krema","11":"product_tag-dnevna-nega","12":"product_tag-hidracija-koze","13":"product_tag-kolagen","14":"product_tag-obcutljiva-koza","15":"product_tag-sijoca-koza","16":"product_tag-staranje","17":"product_tag-utrujena-koza","18":"product_tag-zgubanost","20":"first","21":"instock","22":"shipping-taxable","23":"purchasable","24":"product-type-simple"},"acf":{"konfigurator_product_name":"","konfigurator_product_description":"","konfigurator_product_image_url":""},"yoast_head":"<!-- This site is optimized with the Yoast SEO plugin v27.3 - https:\/\/yoast.com\/product\/yoast-seo-wordpress\/ -->\n<title>Cbd konopljina dnevna krema za obraz s kolagenom Gan\u0111a - Pharma Hemp<\/title>\n<meta name=\"description\" content=\"Cbd konopljina dnevna krema za obraz s kolagenom Gan\u0111a pove\u010da vla\u017eenje ko\u017ee in izbolj\u0161a njeno elasti\u010dnost ter s pomo\u010djo kolagena zagotavlja \u010dvrstost.\" \/>\n<meta name=\"robots\" content=\"index, follow, max-snippet:-1, max-image-preview:large, max-video-preview:-1\" \/>\n<link rel=\"canonical\" href=\"https:\/\/pharma-hemp.com\/sl\/izdelek\/ganda-collagen-day-cream\/\" \/>\n<meta property=\"og:locale\" content=\"sl_SI\" \/>\n<meta property=\"og:type\" content=\"article\" \/>\n<meta property=\"og:title\" content=\"Cbd konopljina dnevna krema za obraz s kolagenom Gan\u0111a - Pharma Hemp\" \/>\n<meta property=\"og:description\" content=\"Cbd konopljina dnevna krema za obraz s kolagenom Gan\u0111a pove\u010da vla\u017eenje ko\u017ee in izbolj\u0161a njeno elasti\u010dnost ter s pomo\u010djo kolagena zagotavlja \u010dvrstost.\" \/>\n<meta property=\"og:url\" content=\"https:\/\/pharma-hemp.com\/sl\/izdelek\/ganda-collagen-day-cream\/\" \/>\n<meta property=\"og:site_name\" content=\"Pharma Hemp\" \/>\n<meta property=\"article:modified_time\" content=\"2026-02-11T12:07:57+00:00\" \/>\n<meta property=\"og:image\" content=\"https:\/\/pharma-hemp.com\/wp-content\/uploads\/2025\/05\/01-gandja-day-cream-jar-510x510.png.webp\" \/>\n\t<meta property=\"og:image:width\" content=\"510\" \/>\n\t<meta property=\"og:image:height\" content=\"510\" \/>\n\t<meta property=\"og:image:type\" content=\"image\/webp\" \/>\n<meta name=\"twitter:card\" content=\"summary_large_image\" \/>\n<meta name=\"twitter:label1\" content=\"Est. reading time\" \/>\n\t<meta name=\"twitter:data1\" content=\"1 minuta\" \/>\n<script type=\"application\/ld+json\" class=\"yoast-schema-graph\">{\"@context\":\"https:\\\/\\\/schema.org\",\"@graph\":[{\"@type\":\"WebPage\",\"@id\":\"https:\\\/\\\/pharma-hemp.com\\\/sl\\\/izdelek\\\/ganda-collagen-day-cream\\\/\",\"url\":\"https:\\\/\\\/pharma-hemp.com\\\/sl\\\/izdelek\\\/ganda-collagen-day-cream\\\/\",\"name\":\"Cbd konopljina dnevna krema za obraz s kolagenom Gan\u0111a - Pharma Hemp\",\"isPartOf\":{\"@id\":\"https:\\\/\\\/pharma-hemp.com\\\/sl\\\/#website\"},\"primaryImageOfPage\":{\"@id\":\"https:\\\/\\\/pharma-hemp.com\\\/sl\\\/izdelek\\\/ganda-collagen-day-cream\\\/#primaryimage\"},\"image\":{\"@id\":\"https:\\\/\\\/pharma-hemp.com\\\/sl\\\/izdelek\\\/ganda-collagen-day-cream\\\/#primaryimage\"},\"thumbnailUrl\":\"https:\\\/\\\/pharma-hemp.com\\\/wp-content\\\/uploads\\\/2025\\\/05\\\/01-gandja-day-cream-jar-510x510.png.webp\",\"datePublished\":\"2025-05-14T07:30:16+00:00\",\"dateModified\":\"2026-02-11T12:07:57+00:00\",\"description\":\"Cbd konopljina dnevna krema za obraz s kolagenom Gan\u0111a pove\u010da vla\u017eenje ko\u017ee in izbolj\u0161a njeno elasti\u010dnost ter s pomo\u010djo kolagena zagotavlja \u010dvrstost.\",\"breadcrumb\":{\"@id\":\"https:\\\/\\\/pharma-hemp.com\\\/sl\\\/izdelek\\\/ganda-collagen-day-cream\\\/#breadcrumb\"},\"inLanguage\":\"sl-SI\",\"potentialAction\":[{\"@type\":\"ReadAction\",\"target\":[\"https:\\\/\\\/pharma-hemp.com\\\/sl\\\/izdelek\\\/ganda-collagen-day-cream\\\/\"]}]},{\"@type\":\"ImageObject\",\"inLanguage\":\"sl-SI\",\"@id\":\"https:\\\/\\\/pharma-hemp.com\\\/sl\\\/izdelek\\\/ganda-collagen-day-cream\\\/#primaryimage\",\"url\":\"https:\\\/\\\/pharma-hemp.com\\\/wp-content\\\/uploads\\\/2025\\\/05\\\/01-gandja-day-cream-jar-510x510.png.webp\",\"contentUrl\":\"https:\\\/\\\/pharma-hemp.com\\\/wp-content\\\/uploads\\\/2025\\\/05\\\/01-gandja-day-cream-jar-510x510.png.webp\",\"width\":510,\"height\":510},{\"@type\":\"BreadcrumbList\",\"@id\":\"https:\\\/\\\/pharma-hemp.com\\\/sl\\\/izdelek\\\/ganda-collagen-day-cream\\\/#breadcrumb\",\"itemListElement\":[{\"@type\":\"ListItem\",\"position\":1,\"name\":\"Home\",\"item\":\"https:\\\/\\\/pharma-hemp.com\\\/sl\\\/\"},{\"@type\":\"ListItem\",\"position\":2,\"name\":\"Trgovina\",\"item\":\"https:\\\/\\\/pharma-hemp.com\\\/sl\\\/trgovina-2\\\/\"},{\"@type\":\"ListItem\",\"position\":3,\"name\":\"Gan\u0111a collagen day cream\"}]},{\"@type\":\"WebSite\",\"@id\":\"https:\\\/\\\/pharma-hemp.com\\\/sl\\\/#website\",\"url\":\"https:\\\/\\\/pharma-hemp.com\\\/sl\\\/\",\"name\":\"Pharma Hemp\",\"description\":\"CBD store\",\"publisher\":{\"@id\":\"https:\\\/\\\/pharma-hemp.com\\\/sl\\\/#organization\"},\"potentialAction\":[{\"@type\":\"SearchAction\",\"target\":{\"@type\":\"EntryPoint\",\"urlTemplate\":\"https:\\\/\\\/pharma-hemp.com\\\/sl\\\/?s={search_term_string}\"},\"query-input\":{\"@type\":\"PropertyValueSpecification\",\"valueRequired\":true,\"valueName\":\"search_term_string\"}}],\"inLanguage\":\"sl-SI\"},{\"@type\":\"Organization\",\"@id\":\"https:\\\/\\\/pharma-hemp.com\\\/sl\\\/#organization\",\"name\":\"PharmaHemp\",\"url\":\"https:\\\/\\\/pharma-hemp.com\\\/sl\\\/\",\"logo\":{\"@type\":\"ImageObject\",\"inLanguage\":\"sl-SI\",\"@id\":\"https:\\\/\\\/pharma-hemp.com\\\/sl\\\/#\\\/schema\\\/logo\\\/image\\\/\",\"url\":\"https:\\\/\\\/pharma-hemp.com\\\/wp-content\\\/uploads\\\/2025\\\/04\\\/Pharma-Hemp-logo_crn-1.png\",\"contentUrl\":\"https:\\\/\\\/pharma-hemp.com\\\/wp-content\\\/uploads\\\/2025\\\/04\\\/Pharma-Hemp-logo_crn-1.png\",\"width\":200,\"height\":44,\"caption\":\"PharmaHemp\"},\"image\":{\"@id\":\"https:\\\/\\\/pharma-hemp.com\\\/sl\\\/#\\\/schema\\\/logo\\\/image\\\/\"}}]}<\/script>\n<!-- \/ Yoast SEO plugin. -->","yoast_head_json":{"title":"Cbd konopljina dnevna krema za obraz s kolagenom Gan\u0111a - Pharma Hemp","description":"Cbd konopljina dnevna krema za obraz s kolagenom Gan\u0111a pove\u010da vla\u017eenje ko\u017ee in izbolj\u0161a njeno elasti\u010dnost ter s pomo\u010djo kolagena zagotavlja \u010dvrstost.","robots":{"index":"index","follow":"follow","max-snippet":"max-snippet:-1","max-image-preview":"max-image-preview:large","max-video-preview":"max-video-preview:-1"},"canonical":"https:\/\/pharma-hemp.com\/sl\/izdelek\/ganda-collagen-day-cream\/","og_locale":"sl_SI","og_type":"article","og_title":"Cbd konopljina dnevna krema za obraz s kolagenom Gan\u0111a - Pharma Hemp","og_description":"Cbd konopljina dnevna krema za obraz s kolagenom Gan\u0111a pove\u010da vla\u017eenje ko\u017ee in izbolj\u0161a njeno elasti\u010dnost ter s pomo\u010djo kolagena zagotavlja \u010dvrstost.","og_url":"https:\/\/pharma-hemp.com\/sl\/izdelek\/ganda-collagen-day-cream\/","og_site_name":"Pharma Hemp","article_modified_time":"2026-02-11T12:07:57+00:00","og_image":[{"width":510,"height":510,"url":"https:\/\/pharma-hemp.com\/wp-content\/uploads\/2025\/05\/01-gandja-day-cream-jar-510x510.png.webp","type":"image\/webp"}],"twitter_card":"summary_large_image","twitter_misc":{"Est. reading time":"1 minuta"},"schema":{"@context":"https:\/\/schema.org","@graph":[{"@type":"WebPage","@id":"https:\/\/pharma-hemp.com\/sl\/izdelek\/ganda-collagen-day-cream\/","url":"https:\/\/pharma-hemp.com\/sl\/izdelek\/ganda-collagen-day-cream\/","name":"Cbd konopljina dnevna krema za obraz s kolagenom Gan\u0111a - Pharma Hemp","isPartOf":{"@id":"https:\/\/pharma-hemp.com\/sl\/#website"},"primaryImageOfPage":{"@id":"https:\/\/pharma-hemp.com\/sl\/izdelek\/ganda-collagen-day-cream\/#primaryimage"},"image":{"@id":"https:\/\/pharma-hemp.com\/sl\/izdelek\/ganda-collagen-day-cream\/#primaryimage"},"thumbnailUrl":"https:\/\/pharma-hemp.com\/wp-content\/uploads\/2025\/05\/01-gandja-day-cream-jar-510x510.png.webp","datePublished":"2025-05-14T07:30:16+00:00","dateModified":"2026-02-11T12:07:57+00:00","description":"Cbd konopljina dnevna krema za obraz s kolagenom Gan\u0111a pove\u010da vla\u017eenje ko\u017ee in izbolj\u0161a njeno elasti\u010dnost ter s pomo\u010djo kolagena zagotavlja \u010dvrstost.","breadcrumb":{"@id":"https:\/\/pharma-hemp.com\/sl\/izdelek\/ganda-collagen-day-cream\/#breadcrumb"},"inLanguage":"sl-SI","potentialAction":[{"@type":"ReadAction","target":["https:\/\/pharma-hemp.com\/sl\/izdelek\/ganda-collagen-day-cream\/"]}]},{"@type":"ImageObject","inLanguage":"sl-SI","@id":"https:\/\/pharma-hemp.com\/sl\/izdelek\/ganda-collagen-day-cream\/#primaryimage","url":"https:\/\/pharma-hemp.com\/wp-content\/uploads\/2025\/05\/01-gandja-day-cream-jar-510x510.png.webp","contentUrl":"https:\/\/pharma-hemp.com\/wp-content\/uploads\/2025\/05\/01-gandja-day-cream-jar-510x510.png.webp","width":510,"height":510},{"@type":"BreadcrumbList","@id":"https:\/\/pharma-hemp.com\/sl\/izdelek\/ganda-collagen-day-cream\/#breadcrumb","itemListElement":[{"@type":"ListItem","position":1,"name":"Home","item":"https:\/\/pharma-hemp.com\/sl\/"},{"@type":"ListItem","position":2,"name":"Trgovina","item":"https:\/\/pharma-hemp.com\/sl\/trgovina-2\/"},{"@type":"ListItem","position":3,"name":"Gan\u0111a collagen day cream"}]},{"@type":"WebSite","@id":"https:\/\/pharma-hemp.com\/sl\/#website","url":"https:\/\/pharma-hemp.com\/sl\/","name":"Pharma Hemp","description":"CBD store","publisher":{"@id":"https:\/\/pharma-hemp.com\/sl\/#organization"},"potentialAction":[{"@type":"SearchAction","target":{"@type":"EntryPoint","urlTemplate":"https:\/\/pharma-hemp.com\/sl\/?s={search_term_string}"},"query-input":{"@type":"PropertyValueSpecification","valueRequired":true,"valueName":"search_term_string"}}],"inLanguage":"sl-SI"},{"@type":"Organization","@id":"https:\/\/pharma-hemp.com\/sl\/#organization","name":"PharmaHemp","url":"https:\/\/pharma-hemp.com\/sl\/","logo":{"@type":"ImageObject","inLanguage":"sl-SI","@id":"https:\/\/pharma-hemp.com\/sl\/#\/schema\/logo\/image\/","url":"https:\/\/pharma-hemp.com\/wp-content\/uploads\/2025\/04\/Pharma-Hemp-logo_crn-1.png","contentUrl":"https:\/\/pharma-hemp.com\/wp-content\/uploads\/2025\/04\/Pharma-Hemp-logo_crn-1.png","width":200,"height":44,"caption":"PharmaHemp"},"image":{"@id":"https:\/\/pharma-hemp.com\/sl\/#\/schema\/logo\/image\/"}}]}},"_links":{"self":[{"href":"https:\/\/pharma-hemp.com\/sl\/wp-json\/wp\/v2\/product\/3362","targetHints":{"allow":["GET"]}}],"collection":[{"href":"https:\/\/pharma-hemp.com\/sl\/wp-json\/wp\/v2\/product"}],"about":[{"href":"https:\/\/pharma-hemp.com\/sl\/wp-json\/wp\/v2\/types\/product"}],"wp:featuredmedia":[{"embeddable":true,"href":"https:\/\/pharma-hemp.com\/sl\/wp-json\/wp\/v2\/media\/2798"}],"wp:attachment":[{"href":"https:\/\/pharma-hemp.com\/sl\/wp-json\/wp\/v2\/media?parent=3362"}],"wp:term":[{"taxonomy":"product_brand","embeddable":true,"href":"https:\/\/pharma-hemp.com\/sl\/wp-json\/wp\/v2\/product_brand?post=3362"},{"taxonomy":"product_cat","embeddable":true,"href":"https:\/\/pharma-hemp.com\/sl\/wp-json\/wp\/v2\/product_cat?post=3362"},{"taxonomy":"product_tag","embeddable":true,"href":"https:\/\/pharma-hemp.com\/sl\/wp-json\/wp\/v2\/product_tag?post=3362"}],"curies":[{"name":"wp","href":"https:\/\/api.w.org\/{rel}","templated":true}]}}