{"id":3347,"date":"2025-05-14T08:19:42","date_gmt":"2025-05-14T07:19:42","guid":{"rendered":"https:\/\/pharma-hemp.com\/shop\/ganda-lifting-serum\/"},"modified":"2026-02-11T14:11:00","modified_gmt":"2026-02-11T12:11:00","slug":"ganda-lifting-serum","status":"publish","type":"product","link":"https:\/\/pharma-hemp.com\/sl\/izdelek\/ganda-lifting-serum\/","title":{"rendered":"Gan\u0111a lifting serum"},"content":{"rendered":"","protected":false},"excerpt":{"rendered":"<ul>\n<li>Lifting serum, ki zmanj\u0161uje gube in izbolj\u0161uje \u010dvrstost ko\u017ee.<\/li>\n<li>Odli\u010den za vsakodnevno nego obraza in vratu.<\/li>\n<\/ul>\n","protected":false},"featured_media":2796,"template":"","meta":[],"product_brand":[270],"product_cat":[112,121],"product_tag":[458,462,887,457,456,438,888,442,440,885],"class_list":{"0":"post-3347","1":"product","2":"type-product","3":"status-publish","4":"has-post-thumbnail","6":"product_brand-ganda","7":"product_cat-druge-znamke","8":"product_cat-drugi-izdelki","9":"product_tag-dnevna-nega","10":"product_tag-dnevni-serum","11":"product_tag-elasticna-koza","12":"product_tag-hidracija-koze","13":"product_tag-kolagen","14":"product_tag-obcutljiva-koza","15":"product_tag-obvisela-koza","16":"product_tag-sijoca-koza","17":"product_tag-staranje","18":"product_tag-zgubanost","20":"first","21":"instock","22":"shipping-taxable","23":"purchasable","24":"product-type-simple"},"acf":{"konfigurator_product_name":"","konfigurator_product_description":"","konfigurator_product_image_url":""},"yoast_head":"<!-- This site is optimized with the Yoast SEO plugin v27.3 - https:\/\/yoast.com\/product\/yoast-seo-wordpress\/ -->\n<title>Cbd konopljin lifting serum za obraz Gan\u0111a 30 ml - Pharma Hemp<\/title>\n<meta name=\"description\" content=\"Cbd konopljin lifting serum za obraz Gan\u0111a zmanj\u0161uje drobne gubice, ohranja mladosten videz ter poskrbi za mehkobo in pro\u017enost ko\u017ee.\" \/>\n<meta name=\"robots\" content=\"index, follow, max-snippet:-1, max-image-preview:large, max-video-preview:-1\" \/>\n<link rel=\"canonical\" href=\"https:\/\/pharma-hemp.com\/sl\/izdelek\/ganda-lifting-serum\/\" \/>\n<meta property=\"og:locale\" content=\"sl_SI\" \/>\n<meta property=\"og:type\" content=\"article\" \/>\n<meta property=\"og:title\" content=\"Cbd konopljin lifting serum za obraz Gan\u0111a 30 ml - Pharma Hemp\" \/>\n<meta property=\"og:description\" content=\"Cbd konopljin lifting serum za obraz Gan\u0111a zmanj\u0161uje drobne gubice, ohranja mladosten videz ter poskrbi za mehkobo in pro\u017enost ko\u017ee.\" \/>\n<meta property=\"og:url\" content=\"https:\/\/pharma-hemp.com\/sl\/izdelek\/ganda-lifting-serum\/\" \/>\n<meta property=\"og:site_name\" content=\"Pharma Hemp\" \/>\n<meta property=\"article:modified_time\" content=\"2026-02-11T12:11:00+00:00\" \/>\n<meta property=\"og:image\" content=\"https:\/\/pharma-hemp.com\/wp-content\/uploads\/2025\/05\/03-gandja-lifting-serum-jar-510x510.png.webp\" \/>\n\t<meta property=\"og:image:width\" content=\"510\" \/>\n\t<meta property=\"og:image:height\" content=\"510\" \/>\n\t<meta property=\"og:image:type\" content=\"image\/webp\" \/>\n<meta name=\"twitter:card\" content=\"summary_large_image\" \/>\n<meta name=\"twitter:label1\" content=\"Est. reading time\" \/>\n\t<meta name=\"twitter:data1\" content=\"1 minuta\" \/>\n<script type=\"application\/ld+json\" class=\"yoast-schema-graph\">{\"@context\":\"https:\\\/\\\/schema.org\",\"@graph\":[{\"@type\":\"WebPage\",\"@id\":\"https:\\\/\\\/pharma-hemp.com\\\/sl\\\/izdelek\\\/ganda-lifting-serum\\\/\",\"url\":\"https:\\\/\\\/pharma-hemp.com\\\/sl\\\/izdelek\\\/ganda-lifting-serum\\\/\",\"name\":\"Cbd konopljin lifting serum za obraz Gan\u0111a 30 ml - Pharma Hemp\",\"isPartOf\":{\"@id\":\"https:\\\/\\\/pharma-hemp.com\\\/sl\\\/#website\"},\"primaryImageOfPage\":{\"@id\":\"https:\\\/\\\/pharma-hemp.com\\\/sl\\\/izdelek\\\/ganda-lifting-serum\\\/#primaryimage\"},\"image\":{\"@id\":\"https:\\\/\\\/pharma-hemp.com\\\/sl\\\/izdelek\\\/ganda-lifting-serum\\\/#primaryimage\"},\"thumbnailUrl\":\"https:\\\/\\\/pharma-hemp.com\\\/wp-content\\\/uploads\\\/2025\\\/05\\\/03-gandja-lifting-serum-jar-510x510.png.webp\",\"datePublished\":\"2025-05-14T07:19:42+00:00\",\"dateModified\":\"2026-02-11T12:11:00+00:00\",\"description\":\"Cbd konopljin lifting serum za obraz Gan\u0111a zmanj\u0161uje drobne gubice, ohranja mladosten videz ter poskrbi za mehkobo in pro\u017enost ko\u017ee.\",\"breadcrumb\":{\"@id\":\"https:\\\/\\\/pharma-hemp.com\\\/sl\\\/izdelek\\\/ganda-lifting-serum\\\/#breadcrumb\"},\"inLanguage\":\"sl-SI\",\"potentialAction\":[{\"@type\":\"ReadAction\",\"target\":[\"https:\\\/\\\/pharma-hemp.com\\\/sl\\\/izdelek\\\/ganda-lifting-serum\\\/\"]}]},{\"@type\":\"ImageObject\",\"inLanguage\":\"sl-SI\",\"@id\":\"https:\\\/\\\/pharma-hemp.com\\\/sl\\\/izdelek\\\/ganda-lifting-serum\\\/#primaryimage\",\"url\":\"https:\\\/\\\/pharma-hemp.com\\\/wp-content\\\/uploads\\\/2025\\\/05\\\/03-gandja-lifting-serum-jar-510x510.png.webp\",\"contentUrl\":\"https:\\\/\\\/pharma-hemp.com\\\/wp-content\\\/uploads\\\/2025\\\/05\\\/03-gandja-lifting-serum-jar-510x510.png.webp\",\"width\":510,\"height\":510},{\"@type\":\"BreadcrumbList\",\"@id\":\"https:\\\/\\\/pharma-hemp.com\\\/sl\\\/izdelek\\\/ganda-lifting-serum\\\/#breadcrumb\",\"itemListElement\":[{\"@type\":\"ListItem\",\"position\":1,\"name\":\"Home\",\"item\":\"https:\\\/\\\/pharma-hemp.com\\\/sl\\\/\"},{\"@type\":\"ListItem\",\"position\":2,\"name\":\"Trgovina\",\"item\":\"https:\\\/\\\/pharma-hemp.com\\\/sl\\\/trgovina-2\\\/\"},{\"@type\":\"ListItem\",\"position\":3,\"name\":\"Gan\u0111a lifting serum\"}]},{\"@type\":\"WebSite\",\"@id\":\"https:\\\/\\\/pharma-hemp.com\\\/sl\\\/#website\",\"url\":\"https:\\\/\\\/pharma-hemp.com\\\/sl\\\/\",\"name\":\"Pharma Hemp\",\"description\":\"CBD store\",\"publisher\":{\"@id\":\"https:\\\/\\\/pharma-hemp.com\\\/sl\\\/#organization\"},\"potentialAction\":[{\"@type\":\"SearchAction\",\"target\":{\"@type\":\"EntryPoint\",\"urlTemplate\":\"https:\\\/\\\/pharma-hemp.com\\\/sl\\\/?s={search_term_string}\"},\"query-input\":{\"@type\":\"PropertyValueSpecification\",\"valueRequired\":true,\"valueName\":\"search_term_string\"}}],\"inLanguage\":\"sl-SI\"},{\"@type\":\"Organization\",\"@id\":\"https:\\\/\\\/pharma-hemp.com\\\/sl\\\/#organization\",\"name\":\"PharmaHemp\",\"url\":\"https:\\\/\\\/pharma-hemp.com\\\/sl\\\/\",\"logo\":{\"@type\":\"ImageObject\",\"inLanguage\":\"sl-SI\",\"@id\":\"https:\\\/\\\/pharma-hemp.com\\\/sl\\\/#\\\/schema\\\/logo\\\/image\\\/\",\"url\":\"https:\\\/\\\/pharma-hemp.com\\\/wp-content\\\/uploads\\\/2025\\\/04\\\/Pharma-Hemp-logo_crn-1.png\",\"contentUrl\":\"https:\\\/\\\/pharma-hemp.com\\\/wp-content\\\/uploads\\\/2025\\\/04\\\/Pharma-Hemp-logo_crn-1.png\",\"width\":200,\"height\":44,\"caption\":\"PharmaHemp\"},\"image\":{\"@id\":\"https:\\\/\\\/pharma-hemp.com\\\/sl\\\/#\\\/schema\\\/logo\\\/image\\\/\"}}]}<\/script>\n<!-- \/ Yoast SEO plugin. -->","yoast_head_json":{"title":"Cbd konopljin lifting serum za obraz Gan\u0111a 30 ml - Pharma Hemp","description":"Cbd konopljin lifting serum za obraz Gan\u0111a zmanj\u0161uje drobne gubice, ohranja mladosten videz ter poskrbi za mehkobo in pro\u017enost ko\u017ee.","robots":{"index":"index","follow":"follow","max-snippet":"max-snippet:-1","max-image-preview":"max-image-preview:large","max-video-preview":"max-video-preview:-1"},"canonical":"https:\/\/pharma-hemp.com\/sl\/izdelek\/ganda-lifting-serum\/","og_locale":"sl_SI","og_type":"article","og_title":"Cbd konopljin lifting serum za obraz Gan\u0111a 30 ml - Pharma Hemp","og_description":"Cbd konopljin lifting serum za obraz Gan\u0111a zmanj\u0161uje drobne gubice, ohranja mladosten videz ter poskrbi za mehkobo in pro\u017enost ko\u017ee.","og_url":"https:\/\/pharma-hemp.com\/sl\/izdelek\/ganda-lifting-serum\/","og_site_name":"Pharma Hemp","article_modified_time":"2026-02-11T12:11:00+00:00","og_image":[{"width":510,"height":510,"url":"https:\/\/pharma-hemp.com\/wp-content\/uploads\/2025\/05\/03-gandja-lifting-serum-jar-510x510.png.webp","type":"image\/webp"}],"twitter_card":"summary_large_image","twitter_misc":{"Est. reading time":"1 minuta"},"schema":{"@context":"https:\/\/schema.org","@graph":[{"@type":"WebPage","@id":"https:\/\/pharma-hemp.com\/sl\/izdelek\/ganda-lifting-serum\/","url":"https:\/\/pharma-hemp.com\/sl\/izdelek\/ganda-lifting-serum\/","name":"Cbd konopljin lifting serum za obraz Gan\u0111a 30 ml - Pharma Hemp","isPartOf":{"@id":"https:\/\/pharma-hemp.com\/sl\/#website"},"primaryImageOfPage":{"@id":"https:\/\/pharma-hemp.com\/sl\/izdelek\/ganda-lifting-serum\/#primaryimage"},"image":{"@id":"https:\/\/pharma-hemp.com\/sl\/izdelek\/ganda-lifting-serum\/#primaryimage"},"thumbnailUrl":"https:\/\/pharma-hemp.com\/wp-content\/uploads\/2025\/05\/03-gandja-lifting-serum-jar-510x510.png.webp","datePublished":"2025-05-14T07:19:42+00:00","dateModified":"2026-02-11T12:11:00+00:00","description":"Cbd konopljin lifting serum za obraz Gan\u0111a zmanj\u0161uje drobne gubice, ohranja mladosten videz ter poskrbi za mehkobo in pro\u017enost ko\u017ee.","breadcrumb":{"@id":"https:\/\/pharma-hemp.com\/sl\/izdelek\/ganda-lifting-serum\/#breadcrumb"},"inLanguage":"sl-SI","potentialAction":[{"@type":"ReadAction","target":["https:\/\/pharma-hemp.com\/sl\/izdelek\/ganda-lifting-serum\/"]}]},{"@type":"ImageObject","inLanguage":"sl-SI","@id":"https:\/\/pharma-hemp.com\/sl\/izdelek\/ganda-lifting-serum\/#primaryimage","url":"https:\/\/pharma-hemp.com\/wp-content\/uploads\/2025\/05\/03-gandja-lifting-serum-jar-510x510.png.webp","contentUrl":"https:\/\/pharma-hemp.com\/wp-content\/uploads\/2025\/05\/03-gandja-lifting-serum-jar-510x510.png.webp","width":510,"height":510},{"@type":"BreadcrumbList","@id":"https:\/\/pharma-hemp.com\/sl\/izdelek\/ganda-lifting-serum\/#breadcrumb","itemListElement":[{"@type":"ListItem","position":1,"name":"Home","item":"https:\/\/pharma-hemp.com\/sl\/"},{"@type":"ListItem","position":2,"name":"Trgovina","item":"https:\/\/pharma-hemp.com\/sl\/trgovina-2\/"},{"@type":"ListItem","position":3,"name":"Gan\u0111a lifting serum"}]},{"@type":"WebSite","@id":"https:\/\/pharma-hemp.com\/sl\/#website","url":"https:\/\/pharma-hemp.com\/sl\/","name":"Pharma Hemp","description":"CBD store","publisher":{"@id":"https:\/\/pharma-hemp.com\/sl\/#organization"},"potentialAction":[{"@type":"SearchAction","target":{"@type":"EntryPoint","urlTemplate":"https:\/\/pharma-hemp.com\/sl\/?s={search_term_string}"},"query-input":{"@type":"PropertyValueSpecification","valueRequired":true,"valueName":"search_term_string"}}],"inLanguage":"sl-SI"},{"@type":"Organization","@id":"https:\/\/pharma-hemp.com\/sl\/#organization","name":"PharmaHemp","url":"https:\/\/pharma-hemp.com\/sl\/","logo":{"@type":"ImageObject","inLanguage":"sl-SI","@id":"https:\/\/pharma-hemp.com\/sl\/#\/schema\/logo\/image\/","url":"https:\/\/pharma-hemp.com\/wp-content\/uploads\/2025\/04\/Pharma-Hemp-logo_crn-1.png","contentUrl":"https:\/\/pharma-hemp.com\/wp-content\/uploads\/2025\/04\/Pharma-Hemp-logo_crn-1.png","width":200,"height":44,"caption":"PharmaHemp"},"image":{"@id":"https:\/\/pharma-hemp.com\/sl\/#\/schema\/logo\/image\/"}}]}},"_links":{"self":[{"href":"https:\/\/pharma-hemp.com\/sl\/wp-json\/wp\/v2\/product\/3347","targetHints":{"allow":["GET"]}}],"collection":[{"href":"https:\/\/pharma-hemp.com\/sl\/wp-json\/wp\/v2\/product"}],"about":[{"href":"https:\/\/pharma-hemp.com\/sl\/wp-json\/wp\/v2\/types\/product"}],"wp:featuredmedia":[{"embeddable":true,"href":"https:\/\/pharma-hemp.com\/sl\/wp-json\/wp\/v2\/media\/2796"}],"wp:attachment":[{"href":"https:\/\/pharma-hemp.com\/sl\/wp-json\/wp\/v2\/media?parent=3347"}],"wp:term":[{"taxonomy":"product_brand","embeddable":true,"href":"https:\/\/pharma-hemp.com\/sl\/wp-json\/wp\/v2\/product_brand?post=3347"},{"taxonomy":"product_cat","embeddable":true,"href":"https:\/\/pharma-hemp.com\/sl\/wp-json\/wp\/v2\/product_cat?post=3347"},{"taxonomy":"product_tag","embeddable":true,"href":"https:\/\/pharma-hemp.com\/sl\/wp-json\/wp\/v2\/product_tag?post=3347"}],"curies":[{"name":"wp","href":"https:\/\/api.w.org\/{rel}","templated":true}]}}