{"id":3304,"date":"2025-05-08T10:49:15","date_gmt":"2025-05-08T08:49:15","guid":{"rendered":"https:\/\/pharma-hemp.com\/shop\/phix-your-life\/"},"modified":"2026-04-02T11:46:58","modified_gmt":"2026-04-02T09:46:58","slug":"phix-your-life","status":"publish","type":"product","link":"https:\/\/pharma-hemp.com\/sl\/izdelek\/phix-your-life\/","title":{"rendered":"PAKET ZA VA\u0160E \u017dIVLJENJE"},"content":{"rendered":"","protected":false},"excerpt":{"rendered":"<p><strong>Ko te \u017eivljenje prehiti, ti ta paket stoji ob strani.<\/strong><br data-start=\"53\" data-end=\"56\" \/>Sinergijski nabor petih mo\u010dnih formul za pomiritev \u017eivcev, izbolj\u0161anje osredoto\u010denosti, laj\u0161anje nelagodja, podporo imunskemu sistemu in bolj\u0161i spanec. Tvoje dnevne osnove, podprte z naravo.<\/p>\n","protected":false},"featured_media":575468,"template":"","meta":[],"product_brand":[],"product_cat":[123],"product_tag":[384,826,866,831,389,830,829,817,385,865],"class_list":{"0":"post-3304","1":"product","2":"type-product","3":"status-publish","4":"has-post-thumbnail","6":"product_cat-seti","7":"product_tag-cbd-kapljice","8":"product_tag-dobro-pocutje","9":"product_tag-energija","10":"product_tag-fokus","11":"product_tag-imunost","12":"product_tag-olajsanje-bolecine","13":"product_tag-pomoc-pri-spanju","14":"product_tag-set","15":"product_tag-stres","16":"product_tag-zacetni-set","18":"first","19":"instock","20":"sale","21":"shipping-taxable","22":"purchasable","23":"product-type-simple"},"acf":{"konfigurator_product_name":"","konfigurator_product_description":"","konfigurator_product_image_url":""},"yoast_head":"<!-- This site is optimized with the Yoast SEO plugin v27.1.1 - https:\/\/yoast.com\/product\/yoast-seo-wordpress\/ -->\n<title>PAKET ZA VA\u0160E \u017dIVLJENJE - Pharma Hemp<\/title>\n<meta name=\"description\" content=\"CBD kapljice PHIX your LIFE za pomiritev \u017eivcev, izbolj\u0161anje osredoto\u010denosti, laj\u0161anje nelagodja, podporo imunskemu sistemu in bolj\u0161i spanec.\" \/>\n<meta name=\"robots\" content=\"index, follow, max-snippet:-1, max-image-preview:large, max-video-preview:-1\" \/>\n<link rel=\"canonical\" href=\"https:\/\/pharma-hemp.com\/sl\/izdelek\/phix-your-life\/\" \/>\n<meta property=\"og:locale\" content=\"sl_SI\" \/>\n<meta property=\"og:type\" content=\"article\" \/>\n<meta property=\"og:title\" content=\"PAKET ZA VA\u0160E \u017dIVLJENJE - Pharma Hemp\" \/>\n<meta property=\"og:description\" content=\"CBD kapljice PHIX your LIFE za pomiritev \u017eivcev, izbolj\u0161anje osredoto\u010denosti, laj\u0161anje nelagodja, podporo imunskemu sistemu in bolj\u0161i spanec.\" \/>\n<meta property=\"og:url\" content=\"https:\/\/pharma-hemp.com\/sl\/izdelek\/phix-your-life\/\" \/>\n<meta property=\"og:site_name\" content=\"Pharma Hemp\" \/>\n<meta property=\"article:modified_time\" content=\"2026-04-02T09:46:58+00:00\" \/>\n<meta property=\"og:image\" content=\"https:\/\/pharma-hemp.com\/wp-content\/uploads\/2025\/12\/phixYourLIfe.png\" \/>\n\t<meta property=\"og:image:width\" content=\"1250\" \/>\n\t<meta property=\"og:image:height\" content=\"1250\" \/>\n\t<meta property=\"og:image:type\" content=\"image\/png\" \/>\n<meta name=\"twitter:card\" content=\"summary_large_image\" \/>\n<meta name=\"twitter:label1\" content=\"Est. reading time\" \/>\n\t<meta name=\"twitter:data1\" content=\"1 minuta\" \/>\n<script type=\"application\/ld+json\" class=\"yoast-schema-graph\">{\"@context\":\"https:\/\/schema.org\",\"@graph\":[{\"@type\":\"WebPage\",\"@id\":\"https:\/\/pharma-hemp.com\/sl\/izdelek\/phix-your-life\/\",\"url\":\"https:\/\/pharma-hemp.com\/sl\/izdelek\/phix-your-life\/\",\"name\":\"PAKET ZA VA\u0160E \u017dIVLJENJE - Pharma Hemp\",\"isPartOf\":{\"@id\":\"https:\/\/pharma-hemp.com\/sl\/#website\"},\"primaryImageOfPage\":{\"@id\":\"https:\/\/pharma-hemp.com\/sl\/izdelek\/phix-your-life\/#primaryimage\"},\"image\":{\"@id\":\"https:\/\/pharma-hemp.com\/sl\/izdelek\/phix-your-life\/#primaryimage\"},\"thumbnailUrl\":\"https:\/\/pharma-hemp.com\/wp-content\/uploads\/2025\/12\/phixYourLIfe.png\",\"datePublished\":\"2025-05-08T08:49:15+00:00\",\"dateModified\":\"2026-04-02T09:46:58+00:00\",\"description\":\"CBD kapljice PHIX your LIFE za pomiritev \u017eivcev, izbolj\u0161anje osredoto\u010denosti, laj\u0161anje nelagodja, podporo imunskemu sistemu in bolj\u0161i spanec.\",\"breadcrumb\":{\"@id\":\"https:\/\/pharma-hemp.com\/sl\/izdelek\/phix-your-life\/#breadcrumb\"},\"inLanguage\":\"sl-SI\",\"potentialAction\":[{\"@type\":\"ReadAction\",\"target\":[\"https:\/\/pharma-hemp.com\/sl\/izdelek\/phix-your-life\/\"]}]},{\"@type\":\"ImageObject\",\"inLanguage\":\"sl-SI\",\"@id\":\"https:\/\/pharma-hemp.com\/sl\/izdelek\/phix-your-life\/#primaryimage\",\"url\":\"https:\/\/pharma-hemp.com\/wp-content\/uploads\/2025\/12\/phixYourLIfe.png\",\"contentUrl\":\"https:\/\/pharma-hemp.com\/wp-content\/uploads\/2025\/12\/phixYourLIfe.png\",\"width\":1250,\"height\":1250},{\"@type\":\"BreadcrumbList\",\"@id\":\"https:\/\/pharma-hemp.com\/sl\/izdelek\/phix-your-life\/#breadcrumb\",\"itemListElement\":[{\"@type\":\"ListItem\",\"position\":1,\"name\":\"Home\",\"item\":\"https:\/\/pharma-hemp.com\/sl\/\"},{\"@type\":\"ListItem\",\"position\":2,\"name\":\"Trgovina\",\"item\":\"https:\/\/pharma-hemp.com\/sl\/trgovina-2\/\"},{\"@type\":\"ListItem\",\"position\":3,\"name\":\"PAKET ZA VA\u0160E \u017dIVLJENJE\"}]},{\"@type\":\"WebSite\",\"@id\":\"https:\/\/pharma-hemp.com\/sl\/#website\",\"url\":\"https:\/\/pharma-hemp.com\/sl\/\",\"name\":\"Pharma Hemp\",\"description\":\"CBD store\",\"publisher\":{\"@id\":\"https:\/\/pharma-hemp.com\/sl\/#organization\"},\"potentialAction\":[{\"@type\":\"SearchAction\",\"target\":{\"@type\":\"EntryPoint\",\"urlTemplate\":\"https:\/\/pharma-hemp.com\/sl\/?s={search_term_string}\"},\"query-input\":{\"@type\":\"PropertyValueSpecification\",\"valueRequired\":true,\"valueName\":\"search_term_string\"}}],\"inLanguage\":\"sl-SI\"},{\"@type\":\"Organization\",\"@id\":\"https:\/\/pharma-hemp.com\/sl\/#organization\",\"name\":\"PharmaHemp\",\"url\":\"https:\/\/pharma-hemp.com\/sl\/\",\"logo\":{\"@type\":\"ImageObject\",\"inLanguage\":\"sl-SI\",\"@id\":\"https:\/\/pharma-hemp.com\/sl\/#\/schema\/logo\/image\/\",\"url\":\"https:\/\/pharma-hemp.com\/wp-content\/uploads\/2025\/04\/Pharma-Hemp-logo_crn-1.png\",\"contentUrl\":\"https:\/\/pharma-hemp.com\/wp-content\/uploads\/2025\/04\/Pharma-Hemp-logo_crn-1.png\",\"width\":200,\"height\":44,\"caption\":\"PharmaHemp\"},\"image\":{\"@id\":\"https:\/\/pharma-hemp.com\/sl\/#\/schema\/logo\/image\/\"}}]}<\/script>\n<!-- \/ Yoast SEO plugin. -->","yoast_head_json":{"title":"PAKET ZA VA\u0160E \u017dIVLJENJE - Pharma Hemp","description":"CBD kapljice PHIX your LIFE za pomiritev \u017eivcev, izbolj\u0161anje osredoto\u010denosti, laj\u0161anje nelagodja, podporo imunskemu sistemu in bolj\u0161i spanec.","robots":{"index":"index","follow":"follow","max-snippet":"max-snippet:-1","max-image-preview":"max-image-preview:large","max-video-preview":"max-video-preview:-1"},"canonical":"https:\/\/pharma-hemp.com\/sl\/izdelek\/phix-your-life\/","og_locale":"sl_SI","og_type":"article","og_title":"PAKET ZA VA\u0160E \u017dIVLJENJE - Pharma Hemp","og_description":"CBD kapljice PHIX your LIFE za pomiritev \u017eivcev, izbolj\u0161anje osredoto\u010denosti, laj\u0161anje nelagodja, podporo imunskemu sistemu in bolj\u0161i spanec.","og_url":"https:\/\/pharma-hemp.com\/sl\/izdelek\/phix-your-life\/","og_site_name":"Pharma Hemp","article_modified_time":"2026-04-02T09:46:58+00:00","og_image":[{"width":1250,"height":1250,"url":"https:\/\/pharma-hemp.com\/wp-content\/uploads\/2025\/12\/phixYourLIfe.png","type":"image\/png"}],"twitter_card":"summary_large_image","twitter_misc":{"Est. reading time":"1 minuta"},"schema":{"@context":"https:\/\/schema.org","@graph":[{"@type":"WebPage","@id":"https:\/\/pharma-hemp.com\/sl\/izdelek\/phix-your-life\/","url":"https:\/\/pharma-hemp.com\/sl\/izdelek\/phix-your-life\/","name":"PAKET ZA VA\u0160E \u017dIVLJENJE - Pharma Hemp","isPartOf":{"@id":"https:\/\/pharma-hemp.com\/sl\/#website"},"primaryImageOfPage":{"@id":"https:\/\/pharma-hemp.com\/sl\/izdelek\/phix-your-life\/#primaryimage"},"image":{"@id":"https:\/\/pharma-hemp.com\/sl\/izdelek\/phix-your-life\/#primaryimage"},"thumbnailUrl":"https:\/\/pharma-hemp.com\/wp-content\/uploads\/2025\/12\/phixYourLIfe.png","datePublished":"2025-05-08T08:49:15+00:00","dateModified":"2026-04-02T09:46:58+00:00","description":"CBD kapljice PHIX your LIFE za pomiritev \u017eivcev, izbolj\u0161anje osredoto\u010denosti, laj\u0161anje nelagodja, podporo imunskemu sistemu in bolj\u0161i spanec.","breadcrumb":{"@id":"https:\/\/pharma-hemp.com\/sl\/izdelek\/phix-your-life\/#breadcrumb"},"inLanguage":"sl-SI","potentialAction":[{"@type":"ReadAction","target":["https:\/\/pharma-hemp.com\/sl\/izdelek\/phix-your-life\/"]}]},{"@type":"ImageObject","inLanguage":"sl-SI","@id":"https:\/\/pharma-hemp.com\/sl\/izdelek\/phix-your-life\/#primaryimage","url":"https:\/\/pharma-hemp.com\/wp-content\/uploads\/2025\/12\/phixYourLIfe.png","contentUrl":"https:\/\/pharma-hemp.com\/wp-content\/uploads\/2025\/12\/phixYourLIfe.png","width":1250,"height":1250},{"@type":"BreadcrumbList","@id":"https:\/\/pharma-hemp.com\/sl\/izdelek\/phix-your-life\/#breadcrumb","itemListElement":[{"@type":"ListItem","position":1,"name":"Home","item":"https:\/\/pharma-hemp.com\/sl\/"},{"@type":"ListItem","position":2,"name":"Trgovina","item":"https:\/\/pharma-hemp.com\/sl\/trgovina-2\/"},{"@type":"ListItem","position":3,"name":"PAKET ZA VA\u0160E \u017dIVLJENJE"}]},{"@type":"WebSite","@id":"https:\/\/pharma-hemp.com\/sl\/#website","url":"https:\/\/pharma-hemp.com\/sl\/","name":"Pharma Hemp","description":"CBD store","publisher":{"@id":"https:\/\/pharma-hemp.com\/sl\/#organization"},"potentialAction":[{"@type":"SearchAction","target":{"@type":"EntryPoint","urlTemplate":"https:\/\/pharma-hemp.com\/sl\/?s={search_term_string}"},"query-input":{"@type":"PropertyValueSpecification","valueRequired":true,"valueName":"search_term_string"}}],"inLanguage":"sl-SI"},{"@type":"Organization","@id":"https:\/\/pharma-hemp.com\/sl\/#organization","name":"PharmaHemp","url":"https:\/\/pharma-hemp.com\/sl\/","logo":{"@type":"ImageObject","inLanguage":"sl-SI","@id":"https:\/\/pharma-hemp.com\/sl\/#\/schema\/logo\/image\/","url":"https:\/\/pharma-hemp.com\/wp-content\/uploads\/2025\/04\/Pharma-Hemp-logo_crn-1.png","contentUrl":"https:\/\/pharma-hemp.com\/wp-content\/uploads\/2025\/04\/Pharma-Hemp-logo_crn-1.png","width":200,"height":44,"caption":"PharmaHemp"},"image":{"@id":"https:\/\/pharma-hemp.com\/sl\/#\/schema\/logo\/image\/"}}]}},"_links":{"self":[{"href":"https:\/\/pharma-hemp.com\/sl\/wp-json\/wp\/v2\/product\/3304","targetHints":{"allow":["GET"]}}],"collection":[{"href":"https:\/\/pharma-hemp.com\/sl\/wp-json\/wp\/v2\/product"}],"about":[{"href":"https:\/\/pharma-hemp.com\/sl\/wp-json\/wp\/v2\/types\/product"}],"wp:featuredmedia":[{"embeddable":true,"href":"https:\/\/pharma-hemp.com\/sl\/wp-json\/wp\/v2\/media\/575468"}],"wp:attachment":[{"href":"https:\/\/pharma-hemp.com\/sl\/wp-json\/wp\/v2\/media?parent=3304"}],"wp:term":[{"taxonomy":"product_brand","embeddable":true,"href":"https:\/\/pharma-hemp.com\/sl\/wp-json\/wp\/v2\/product_brand?post=3304"},{"taxonomy":"product_cat","embeddable":true,"href":"https:\/\/pharma-hemp.com\/sl\/wp-json\/wp\/v2\/product_cat?post=3304"},{"taxonomy":"product_tag","embeddable":true,"href":"https:\/\/pharma-hemp.com\/sl\/wp-json\/wp\/v2\/product_tag?post=3304"}],"curies":[{"name":"wp","href":"https:\/\/api.w.org\/{rel}","templated":true}]}}