{"id":3292,"date":"2025-05-06T08:42:55","date_gmt":"2025-05-06T06:42:55","guid":{"rendered":"https:\/\/pharma-hemp.com\/shop\/hericum-erinaceus-k-70g\/"},"modified":"2026-02-11T14:24:59","modified_gmt":"2026-02-11T12:24:59","slug":"hericum-erinaceus-k-70g","status":"publish","type":"product","link":"https:\/\/pharma-hemp.com\/sl\/izdelek\/hericum-erinaceus-k-70g\/","title":{"rendered":"HERICUM ERINACEUS K (70G)"},"content":{"rendered":"","protected":false},"excerpt":{"rendered":"<p><b>MO\u010c ZA MO\u017dGANE IN \u017dIV\u010cNI SISTEM<\/b><b><\/b><\/p>\n<p><span style=\"font-weight: 400;\">Mo\u010dan prehranski dodatek za bolj\u0161o kognitivno funkcijo, zbranost in splo\u0161no dobro po\u010dutje.<\/span><\/p>\n","protected":false},"featured_media":2556,"template":"","meta":[],"product_brand":[],"product_cat":[112,109,122,106],"product_tag":[902,935,903,520,938,613,936,934,933,937],"class_list":{"0":"post-3292","1":"product","2":"type-product","3":"status-publish","4":"has-post-thumbnail","6":"product_cat-druge-znamke","7":"product_cat-imunski-sistem","8":"product_cat-kapsule","9":"product_cat-krepitev-uma","10":"product_tag-gobe","11":"product_tag-jasnost-misli","12":"product_tag-kapsule","13":"product_tag-koncentracija","14":"product_tag-mentalna-jasnost","15":"product_tag-mentalna-utrujenost","16":"product_tag-pocasno-razmisljanje","17":"product_tag-pomanjkanje-fokusa","18":"product_tag-slab-spomin","19":"product_tag-zivcna-podpora","21":"first","22":"instock","23":"shipping-taxable","24":"purchasable","25":"product-type-simple"},"acf":{"konfigurator_product_name":"","konfigurator_product_description":"","konfigurator_product_image_url":""},"yoast_head":"<!-- This site is optimized with the Yoast SEO plugin v27.3 - https:\/\/yoast.com\/product\/yoast-seo-wordpress\/ -->\n<title>Resasti bradovec kapsule HERICUM ERINACEUS K (70G) - Pharma Hemp<\/title>\n<meta name=\"description\" content=\"Resasti bradovec kapsule HERICUM ERINACEUS K (70G) Podpira \u017eiv\u010dne celice, spodbuja regeneracijo \u017eiv\u010devja in krepi imunski sistem.\" \/>\n<meta name=\"robots\" content=\"index, follow, max-snippet:-1, max-image-preview:large, max-video-preview:-1\" \/>\n<link rel=\"canonical\" href=\"https:\/\/pharma-hemp.com\/sl\/izdelek\/hericum-erinaceus-k-70g\/\" \/>\n<meta property=\"og:locale\" content=\"sl_SI\" \/>\n<meta property=\"og:type\" content=\"article\" \/>\n<meta property=\"og:title\" content=\"Resasti bradovec kapsule HERICUM ERINACEUS K (70G) - Pharma Hemp\" \/>\n<meta property=\"og:description\" content=\"Resasti bradovec kapsule HERICUM ERINACEUS K (70G) Podpira \u017eiv\u010dne celice, spodbuja regeneracijo \u017eiv\u010devja in krepi imunski sistem.\" \/>\n<meta property=\"og:url\" content=\"https:\/\/pharma-hemp.com\/sl\/izdelek\/hericum-erinaceus-k-70g\/\" \/>\n<meta property=\"og:site_name\" content=\"Pharma Hemp\" \/>\n<meta property=\"article:modified_time\" content=\"2026-02-11T12:24:59+00:00\" \/>\n<meta property=\"og:image\" content=\"https:\/\/pharma-hemp.com\/wp-content\/uploads\/2025\/05\/HERIUM-ERINACEUS-K-70G_1.png\" \/>\n\t<meta property=\"og:image:width\" content=\"800\" \/>\n\t<meta property=\"og:image:height\" content=\"800\" \/>\n\t<meta property=\"og:image:type\" content=\"image\/png\" \/>\n<meta name=\"twitter:card\" content=\"summary_large_image\" \/>\n<meta name=\"twitter:label1\" content=\"Est. reading time\" \/>\n\t<meta name=\"twitter:data1\" content=\"1 minuta\" \/>\n<script type=\"application\/ld+json\" class=\"yoast-schema-graph\">{\"@context\":\"https:\\\/\\\/schema.org\",\"@graph\":[{\"@type\":\"WebPage\",\"@id\":\"https:\\\/\\\/pharma-hemp.com\\\/sl\\\/izdelek\\\/hericum-erinaceus-k-70g\\\/\",\"url\":\"https:\\\/\\\/pharma-hemp.com\\\/sl\\\/izdelek\\\/hericum-erinaceus-k-70g\\\/\",\"name\":\"Resasti bradovec kapsule HERICUM ERINACEUS K (70G) - Pharma Hemp\",\"isPartOf\":{\"@id\":\"https:\\\/\\\/pharma-hemp.com\\\/sl\\\/#website\"},\"primaryImageOfPage\":{\"@id\":\"https:\\\/\\\/pharma-hemp.com\\\/sl\\\/izdelek\\\/hericum-erinaceus-k-70g\\\/#primaryimage\"},\"image\":{\"@id\":\"https:\\\/\\\/pharma-hemp.com\\\/sl\\\/izdelek\\\/hericum-erinaceus-k-70g\\\/#primaryimage\"},\"thumbnailUrl\":\"https:\\\/\\\/pharma-hemp.com\\\/wp-content\\\/uploads\\\/2025\\\/05\\\/HERIUM-ERINACEUS-K-70G_1.png\",\"datePublished\":\"2025-05-06T06:42:55+00:00\",\"dateModified\":\"2026-02-11T12:24:59+00:00\",\"description\":\"Resasti bradovec kapsule HERICUM ERINACEUS K (70G) Podpira \u017eiv\u010dne celice, spodbuja regeneracijo \u017eiv\u010devja in krepi imunski sistem.\",\"breadcrumb\":{\"@id\":\"https:\\\/\\\/pharma-hemp.com\\\/sl\\\/izdelek\\\/hericum-erinaceus-k-70g\\\/#breadcrumb\"},\"inLanguage\":\"sl-SI\",\"potentialAction\":[{\"@type\":\"ReadAction\",\"target\":[\"https:\\\/\\\/pharma-hemp.com\\\/sl\\\/izdelek\\\/hericum-erinaceus-k-70g\\\/\"]}]},{\"@type\":\"ImageObject\",\"inLanguage\":\"sl-SI\",\"@id\":\"https:\\\/\\\/pharma-hemp.com\\\/sl\\\/izdelek\\\/hericum-erinaceus-k-70g\\\/#primaryimage\",\"url\":\"https:\\\/\\\/pharma-hemp.com\\\/wp-content\\\/uploads\\\/2025\\\/05\\\/HERIUM-ERINACEUS-K-70G_1.png\",\"contentUrl\":\"https:\\\/\\\/pharma-hemp.com\\\/wp-content\\\/uploads\\\/2025\\\/05\\\/HERIUM-ERINACEUS-K-70G_1.png\",\"width\":800,\"height\":800},{\"@type\":\"BreadcrumbList\",\"@id\":\"https:\\\/\\\/pharma-hemp.com\\\/sl\\\/izdelek\\\/hericum-erinaceus-k-70g\\\/#breadcrumb\",\"itemListElement\":[{\"@type\":\"ListItem\",\"position\":1,\"name\":\"Home\",\"item\":\"https:\\\/\\\/pharma-hemp.com\\\/sl\\\/\"},{\"@type\":\"ListItem\",\"position\":2,\"name\":\"Trgovina\",\"item\":\"https:\\\/\\\/pharma-hemp.com\\\/sl\\\/trgovina-2\\\/\"},{\"@type\":\"ListItem\",\"position\":3,\"name\":\"HERICUM ERINACEUS K (70G)\"}]},{\"@type\":\"WebSite\",\"@id\":\"https:\\\/\\\/pharma-hemp.com\\\/sl\\\/#website\",\"url\":\"https:\\\/\\\/pharma-hemp.com\\\/sl\\\/\",\"name\":\"Pharma Hemp\",\"description\":\"CBD store\",\"publisher\":{\"@id\":\"https:\\\/\\\/pharma-hemp.com\\\/sl\\\/#organization\"},\"potentialAction\":[{\"@type\":\"SearchAction\",\"target\":{\"@type\":\"EntryPoint\",\"urlTemplate\":\"https:\\\/\\\/pharma-hemp.com\\\/sl\\\/?s={search_term_string}\"},\"query-input\":{\"@type\":\"PropertyValueSpecification\",\"valueRequired\":true,\"valueName\":\"search_term_string\"}}],\"inLanguage\":\"sl-SI\"},{\"@type\":\"Organization\",\"@id\":\"https:\\\/\\\/pharma-hemp.com\\\/sl\\\/#organization\",\"name\":\"PharmaHemp\",\"url\":\"https:\\\/\\\/pharma-hemp.com\\\/sl\\\/\",\"logo\":{\"@type\":\"ImageObject\",\"inLanguage\":\"sl-SI\",\"@id\":\"https:\\\/\\\/pharma-hemp.com\\\/sl\\\/#\\\/schema\\\/logo\\\/image\\\/\",\"url\":\"https:\\\/\\\/pharma-hemp.com\\\/wp-content\\\/uploads\\\/2025\\\/04\\\/Pharma-Hemp-logo_crn-1.png\",\"contentUrl\":\"https:\\\/\\\/pharma-hemp.com\\\/wp-content\\\/uploads\\\/2025\\\/04\\\/Pharma-Hemp-logo_crn-1.png\",\"width\":200,\"height\":44,\"caption\":\"PharmaHemp\"},\"image\":{\"@id\":\"https:\\\/\\\/pharma-hemp.com\\\/sl\\\/#\\\/schema\\\/logo\\\/image\\\/\"}}]}<\/script>\n<!-- \/ Yoast SEO plugin. -->","yoast_head_json":{"title":"Resasti bradovec kapsule HERICUM ERINACEUS K (70G) - Pharma Hemp","description":"Resasti bradovec kapsule HERICUM ERINACEUS K (70G) Podpira \u017eiv\u010dne celice, spodbuja regeneracijo \u017eiv\u010devja in krepi imunski sistem.","robots":{"index":"index","follow":"follow","max-snippet":"max-snippet:-1","max-image-preview":"max-image-preview:large","max-video-preview":"max-video-preview:-1"},"canonical":"https:\/\/pharma-hemp.com\/sl\/izdelek\/hericum-erinaceus-k-70g\/","og_locale":"sl_SI","og_type":"article","og_title":"Resasti bradovec kapsule HERICUM ERINACEUS K (70G) - Pharma Hemp","og_description":"Resasti bradovec kapsule HERICUM ERINACEUS K (70G) Podpira \u017eiv\u010dne celice, spodbuja regeneracijo \u017eiv\u010devja in krepi imunski sistem.","og_url":"https:\/\/pharma-hemp.com\/sl\/izdelek\/hericum-erinaceus-k-70g\/","og_site_name":"Pharma Hemp","article_modified_time":"2026-02-11T12:24:59+00:00","og_image":[{"width":800,"height":800,"url":"https:\/\/pharma-hemp.com\/wp-content\/uploads\/2025\/05\/HERIUM-ERINACEUS-K-70G_1.png","type":"image\/png"}],"twitter_card":"summary_large_image","twitter_misc":{"Est. reading time":"1 minuta"},"schema":{"@context":"https:\/\/schema.org","@graph":[{"@type":"WebPage","@id":"https:\/\/pharma-hemp.com\/sl\/izdelek\/hericum-erinaceus-k-70g\/","url":"https:\/\/pharma-hemp.com\/sl\/izdelek\/hericum-erinaceus-k-70g\/","name":"Resasti bradovec kapsule HERICUM ERINACEUS K (70G) - Pharma Hemp","isPartOf":{"@id":"https:\/\/pharma-hemp.com\/sl\/#website"},"primaryImageOfPage":{"@id":"https:\/\/pharma-hemp.com\/sl\/izdelek\/hericum-erinaceus-k-70g\/#primaryimage"},"image":{"@id":"https:\/\/pharma-hemp.com\/sl\/izdelek\/hericum-erinaceus-k-70g\/#primaryimage"},"thumbnailUrl":"https:\/\/pharma-hemp.com\/wp-content\/uploads\/2025\/05\/HERIUM-ERINACEUS-K-70G_1.png","datePublished":"2025-05-06T06:42:55+00:00","dateModified":"2026-02-11T12:24:59+00:00","description":"Resasti bradovec kapsule HERICUM ERINACEUS K (70G) Podpira \u017eiv\u010dne celice, spodbuja regeneracijo \u017eiv\u010devja in krepi imunski sistem.","breadcrumb":{"@id":"https:\/\/pharma-hemp.com\/sl\/izdelek\/hericum-erinaceus-k-70g\/#breadcrumb"},"inLanguage":"sl-SI","potentialAction":[{"@type":"ReadAction","target":["https:\/\/pharma-hemp.com\/sl\/izdelek\/hericum-erinaceus-k-70g\/"]}]},{"@type":"ImageObject","inLanguage":"sl-SI","@id":"https:\/\/pharma-hemp.com\/sl\/izdelek\/hericum-erinaceus-k-70g\/#primaryimage","url":"https:\/\/pharma-hemp.com\/wp-content\/uploads\/2025\/05\/HERIUM-ERINACEUS-K-70G_1.png","contentUrl":"https:\/\/pharma-hemp.com\/wp-content\/uploads\/2025\/05\/HERIUM-ERINACEUS-K-70G_1.png","width":800,"height":800},{"@type":"BreadcrumbList","@id":"https:\/\/pharma-hemp.com\/sl\/izdelek\/hericum-erinaceus-k-70g\/#breadcrumb","itemListElement":[{"@type":"ListItem","position":1,"name":"Home","item":"https:\/\/pharma-hemp.com\/sl\/"},{"@type":"ListItem","position":2,"name":"Trgovina","item":"https:\/\/pharma-hemp.com\/sl\/trgovina-2\/"},{"@type":"ListItem","position":3,"name":"HERICUM ERINACEUS K (70G)"}]},{"@type":"WebSite","@id":"https:\/\/pharma-hemp.com\/sl\/#website","url":"https:\/\/pharma-hemp.com\/sl\/","name":"Pharma Hemp","description":"CBD store","publisher":{"@id":"https:\/\/pharma-hemp.com\/sl\/#organization"},"potentialAction":[{"@type":"SearchAction","target":{"@type":"EntryPoint","urlTemplate":"https:\/\/pharma-hemp.com\/sl\/?s={search_term_string}"},"query-input":{"@type":"PropertyValueSpecification","valueRequired":true,"valueName":"search_term_string"}}],"inLanguage":"sl-SI"},{"@type":"Organization","@id":"https:\/\/pharma-hemp.com\/sl\/#organization","name":"PharmaHemp","url":"https:\/\/pharma-hemp.com\/sl\/","logo":{"@type":"ImageObject","inLanguage":"sl-SI","@id":"https:\/\/pharma-hemp.com\/sl\/#\/schema\/logo\/image\/","url":"https:\/\/pharma-hemp.com\/wp-content\/uploads\/2025\/04\/Pharma-Hemp-logo_crn-1.png","contentUrl":"https:\/\/pharma-hemp.com\/wp-content\/uploads\/2025\/04\/Pharma-Hemp-logo_crn-1.png","width":200,"height":44,"caption":"PharmaHemp"},"image":{"@id":"https:\/\/pharma-hemp.com\/sl\/#\/schema\/logo\/image\/"}}]}},"_links":{"self":[{"href":"https:\/\/pharma-hemp.com\/sl\/wp-json\/wp\/v2\/product\/3292","targetHints":{"allow":["GET"]}}],"collection":[{"href":"https:\/\/pharma-hemp.com\/sl\/wp-json\/wp\/v2\/product"}],"about":[{"href":"https:\/\/pharma-hemp.com\/sl\/wp-json\/wp\/v2\/types\/product"}],"wp:featuredmedia":[{"embeddable":true,"href":"https:\/\/pharma-hemp.com\/sl\/wp-json\/wp\/v2\/media\/2556"}],"wp:attachment":[{"href":"https:\/\/pharma-hemp.com\/sl\/wp-json\/wp\/v2\/media?parent=3292"}],"wp:term":[{"taxonomy":"product_brand","embeddable":true,"href":"https:\/\/pharma-hemp.com\/sl\/wp-json\/wp\/v2\/product_brand?post=3292"},{"taxonomy":"product_cat","embeddable":true,"href":"https:\/\/pharma-hemp.com\/sl\/wp-json\/wp\/v2\/product_cat?post=3292"},{"taxonomy":"product_tag","embeddable":true,"href":"https:\/\/pharma-hemp.com\/sl\/wp-json\/wp\/v2\/product_tag?post=3292"}],"curies":[{"name":"wp","href":"https:\/\/api.w.org\/{rel}","templated":true}]}}