{"id":3261,"date":"2025-05-06T08:01:16","date_gmt":"2025-05-06T07:01:16","guid":{"rendered":"https:\/\/pharma-hemp.com\/shop\/poor-dog-charlie-5-cbd-drops\/"},"modified":"2026-02-06T11:03:30","modified_gmt":"2026-02-06T09:03:30","slug":"poor-dog-charlie-5-cbd-drops","status":"publish","type":"product","link":"https:\/\/pharma-hemp.com\/sl\/izdelek\/poor-dog-charlie-5-cbd-drops\/","title":{"rendered":"Poor Dog Charlie 5% CBD Drops"},"content":{"rendered":"","protected":false},"excerpt":{"rendered":"<p><b>URAVNOTE\u017dENO DOBRO PO\u010cUTJE ZA HI\u0160NE LJUBLJEN\u010cKE<\/b><\/p>\n<p><span style=\"font-weight: 400;\">CBD kapljice za dobro po\u010dutje, zdravo ko\u017eo in sijo\u010do dlako ter optimalno delovanje endokanabinoidnega sistema tvojega ljubljen\u010dka. Primerno za ku\u017eke in ma\u010dke.<\/span><\/p>\n","protected":false},"featured_media":2934,"template":"","meta":[],"product_brand":[],"product_cat":[104,325,119,120,276],"product_tag":[603,600,602,604,601,608,607,605,403,606],"class_list":{"0":"post-3261","1":"product","2":"type-product","3":"status-publish","4":"has-post-thumbnail","6":"product_cat-kapljice","7":"product_cat-kapljice-box","8":"product_cat-nega-ljubljenckov","9":"product_cat-poor-dog-charlie-izbiraj-med-znamkami","10":"product_cat-superstars-slo","11":"product_tag-anksioznost-psa","12":"product_tag-cbd-za-zivali","13":"product_tag-macka","14":"product_tag-nemirni-hisni-ljubljencki","15":"product_tag-pes","16":"product_tag-pomirjanje-macke","17":"product_tag-pomirjanje-psa","18":"product_tag-prebava","19":"product_tag-sklepi","20":"product_tag-stres-zivali","22":"first","23":"instock","24":"shipping-taxable","25":"purchasable","26":"product-type-simple"},"acf":{"konfigurator_product_name":"","konfigurator_product_description":"","konfigurator_product_image_url":""},"yoast_head":"<!-- This site is optimized with the Yoast SEO plugin v27.3 - https:\/\/yoast.com\/product\/yoast-seo-wordpress\/ -->\n<title>CBD kapljice 5% za pse Poor Dog Charlie - Pharma Hemp<\/title>\n<meta name=\"description\" content=\"CBD kapljice 5% za pse Poor Dog Charlie pomagajo zmanj\u0161evati stres, spodbujajo sprostitev in izbolj\u0161ujejo kakovost spanca va\u0161ega psa.\" \/>\n<meta name=\"robots\" content=\"index, follow, max-snippet:-1, max-image-preview:large, max-video-preview:-1\" \/>\n<link rel=\"canonical\" href=\"https:\/\/pharma-hemp.com\/sl\/izdelek\/poor-dog-charlie-5-cbd-drops\/\" \/>\n<meta property=\"og:locale\" content=\"sl_SI\" \/>\n<meta property=\"og:type\" content=\"article\" \/>\n<meta property=\"og:title\" content=\"CBD kapljice 5% za pse Poor Dog Charlie - Pharma Hemp\" \/>\n<meta property=\"og:description\" content=\"CBD kapljice 5% za pse Poor Dog Charlie pomagajo zmanj\u0161evati stres, spodbujajo sprostitev in izbolj\u0161ujejo kakovost spanca va\u0161ega psa.\" \/>\n<meta property=\"og:url\" content=\"https:\/\/pharma-hemp.com\/sl\/izdelek\/poor-dog-charlie-5-cbd-drops\/\" \/>\n<meta property=\"og:site_name\" content=\"Pharma Hemp\" \/>\n<meta property=\"article:modified_time\" content=\"2026-02-06T09:03:30+00:00\" \/>\n<meta property=\"og:image\" content=\"https:\/\/pharma-hemp.com\/wp-content\/uploads\/2025\/05\/pdc-drops-1.png\" \/>\n\t<meta property=\"og:image:width\" content=\"600\" \/>\n\t<meta property=\"og:image:height\" content=\"600\" \/>\n\t<meta property=\"og:image:type\" content=\"image\/png\" \/>\n<meta name=\"twitter:card\" content=\"summary_large_image\" \/>\n<meta name=\"twitter:label1\" content=\"Est. reading time\" \/>\n\t<meta name=\"twitter:data1\" content=\"1 minuta\" \/>\n<script type=\"application\/ld+json\" class=\"yoast-schema-graph\">{\"@context\":\"https:\\\/\\\/schema.org\",\"@graph\":[{\"@type\":\"WebPage\",\"@id\":\"https:\\\/\\\/pharma-hemp.com\\\/sl\\\/izdelek\\\/poor-dog-charlie-5-cbd-drops\\\/\",\"url\":\"https:\\\/\\\/pharma-hemp.com\\\/sl\\\/izdelek\\\/poor-dog-charlie-5-cbd-drops\\\/\",\"name\":\"CBD kapljice 5% za pse Poor Dog Charlie - Pharma Hemp\",\"isPartOf\":{\"@id\":\"https:\\\/\\\/pharma-hemp.com\\\/sl\\\/#website\"},\"primaryImageOfPage\":{\"@id\":\"https:\\\/\\\/pharma-hemp.com\\\/sl\\\/izdelek\\\/poor-dog-charlie-5-cbd-drops\\\/#primaryimage\"},\"image\":{\"@id\":\"https:\\\/\\\/pharma-hemp.com\\\/sl\\\/izdelek\\\/poor-dog-charlie-5-cbd-drops\\\/#primaryimage\"},\"thumbnailUrl\":\"https:\\\/\\\/pharma-hemp.com\\\/wp-content\\\/uploads\\\/2025\\\/05\\\/pdc-drops-1.png\",\"datePublished\":\"2025-05-06T07:01:16+00:00\",\"dateModified\":\"2026-02-06T09:03:30+00:00\",\"description\":\"CBD kapljice 5% za pse Poor Dog Charlie pomagajo zmanj\u0161evati stres, spodbujajo sprostitev in izbolj\u0161ujejo kakovost spanca va\u0161ega psa.\",\"breadcrumb\":{\"@id\":\"https:\\\/\\\/pharma-hemp.com\\\/sl\\\/izdelek\\\/poor-dog-charlie-5-cbd-drops\\\/#breadcrumb\"},\"inLanguage\":\"sl-SI\",\"potentialAction\":[{\"@type\":\"ReadAction\",\"target\":[\"https:\\\/\\\/pharma-hemp.com\\\/sl\\\/izdelek\\\/poor-dog-charlie-5-cbd-drops\\\/\"]}]},{\"@type\":\"ImageObject\",\"inLanguage\":\"sl-SI\",\"@id\":\"https:\\\/\\\/pharma-hemp.com\\\/sl\\\/izdelek\\\/poor-dog-charlie-5-cbd-drops\\\/#primaryimage\",\"url\":\"https:\\\/\\\/pharma-hemp.com\\\/wp-content\\\/uploads\\\/2025\\\/05\\\/pdc-drops-1.png\",\"contentUrl\":\"https:\\\/\\\/pharma-hemp.com\\\/wp-content\\\/uploads\\\/2025\\\/05\\\/pdc-drops-1.png\",\"width\":600,\"height\":600},{\"@type\":\"BreadcrumbList\",\"@id\":\"https:\\\/\\\/pharma-hemp.com\\\/sl\\\/izdelek\\\/poor-dog-charlie-5-cbd-drops\\\/#breadcrumb\",\"itemListElement\":[{\"@type\":\"ListItem\",\"position\":1,\"name\":\"Home\",\"item\":\"https:\\\/\\\/pharma-hemp.com\\\/sl\\\/\"},{\"@type\":\"ListItem\",\"position\":2,\"name\":\"Trgovina\",\"item\":\"https:\\\/\\\/pharma-hemp.com\\\/sl\\\/trgovina-2\\\/\"},{\"@type\":\"ListItem\",\"position\":3,\"name\":\"Poor Dog Charlie 5% CBD Drops\"}]},{\"@type\":\"WebSite\",\"@id\":\"https:\\\/\\\/pharma-hemp.com\\\/sl\\\/#website\",\"url\":\"https:\\\/\\\/pharma-hemp.com\\\/sl\\\/\",\"name\":\"Pharma Hemp\",\"description\":\"CBD store\",\"publisher\":{\"@id\":\"https:\\\/\\\/pharma-hemp.com\\\/sl\\\/#organization\"},\"potentialAction\":[{\"@type\":\"SearchAction\",\"target\":{\"@type\":\"EntryPoint\",\"urlTemplate\":\"https:\\\/\\\/pharma-hemp.com\\\/sl\\\/?s={search_term_string}\"},\"query-input\":{\"@type\":\"PropertyValueSpecification\",\"valueRequired\":true,\"valueName\":\"search_term_string\"}}],\"inLanguage\":\"sl-SI\"},{\"@type\":\"Organization\",\"@id\":\"https:\\\/\\\/pharma-hemp.com\\\/sl\\\/#organization\",\"name\":\"PharmaHemp\",\"url\":\"https:\\\/\\\/pharma-hemp.com\\\/sl\\\/\",\"logo\":{\"@type\":\"ImageObject\",\"inLanguage\":\"sl-SI\",\"@id\":\"https:\\\/\\\/pharma-hemp.com\\\/sl\\\/#\\\/schema\\\/logo\\\/image\\\/\",\"url\":\"https:\\\/\\\/pharma-hemp.com\\\/wp-content\\\/uploads\\\/2025\\\/04\\\/Pharma-Hemp-logo_crn-1.png\",\"contentUrl\":\"https:\\\/\\\/pharma-hemp.com\\\/wp-content\\\/uploads\\\/2025\\\/04\\\/Pharma-Hemp-logo_crn-1.png\",\"width\":200,\"height\":44,\"caption\":\"PharmaHemp\"},\"image\":{\"@id\":\"https:\\\/\\\/pharma-hemp.com\\\/sl\\\/#\\\/schema\\\/logo\\\/image\\\/\"}}]}<\/script>\n<!-- \/ Yoast SEO plugin. -->","yoast_head_json":{"title":"CBD kapljice 5% za pse Poor Dog Charlie - Pharma Hemp","description":"CBD kapljice 5% za pse Poor Dog Charlie pomagajo zmanj\u0161evati stres, spodbujajo sprostitev in izbolj\u0161ujejo kakovost spanca va\u0161ega psa.","robots":{"index":"index","follow":"follow","max-snippet":"max-snippet:-1","max-image-preview":"max-image-preview:large","max-video-preview":"max-video-preview:-1"},"canonical":"https:\/\/pharma-hemp.com\/sl\/izdelek\/poor-dog-charlie-5-cbd-drops\/","og_locale":"sl_SI","og_type":"article","og_title":"CBD kapljice 5% za pse Poor Dog Charlie - Pharma Hemp","og_description":"CBD kapljice 5% za pse Poor Dog Charlie pomagajo zmanj\u0161evati stres, spodbujajo sprostitev in izbolj\u0161ujejo kakovost spanca va\u0161ega psa.","og_url":"https:\/\/pharma-hemp.com\/sl\/izdelek\/poor-dog-charlie-5-cbd-drops\/","og_site_name":"Pharma Hemp","article_modified_time":"2026-02-06T09:03:30+00:00","og_image":[{"width":600,"height":600,"url":"https:\/\/pharma-hemp.com\/wp-content\/uploads\/2025\/05\/pdc-drops-1.png","type":"image\/png"}],"twitter_card":"summary_large_image","twitter_misc":{"Est. reading time":"1 minuta"},"schema":{"@context":"https:\/\/schema.org","@graph":[{"@type":"WebPage","@id":"https:\/\/pharma-hemp.com\/sl\/izdelek\/poor-dog-charlie-5-cbd-drops\/","url":"https:\/\/pharma-hemp.com\/sl\/izdelek\/poor-dog-charlie-5-cbd-drops\/","name":"CBD kapljice 5% za pse Poor Dog Charlie - Pharma Hemp","isPartOf":{"@id":"https:\/\/pharma-hemp.com\/sl\/#website"},"primaryImageOfPage":{"@id":"https:\/\/pharma-hemp.com\/sl\/izdelek\/poor-dog-charlie-5-cbd-drops\/#primaryimage"},"image":{"@id":"https:\/\/pharma-hemp.com\/sl\/izdelek\/poor-dog-charlie-5-cbd-drops\/#primaryimage"},"thumbnailUrl":"https:\/\/pharma-hemp.com\/wp-content\/uploads\/2025\/05\/pdc-drops-1.png","datePublished":"2025-05-06T07:01:16+00:00","dateModified":"2026-02-06T09:03:30+00:00","description":"CBD kapljice 5% za pse Poor Dog Charlie pomagajo zmanj\u0161evati stres, spodbujajo sprostitev in izbolj\u0161ujejo kakovost spanca va\u0161ega psa.","breadcrumb":{"@id":"https:\/\/pharma-hemp.com\/sl\/izdelek\/poor-dog-charlie-5-cbd-drops\/#breadcrumb"},"inLanguage":"sl-SI","potentialAction":[{"@type":"ReadAction","target":["https:\/\/pharma-hemp.com\/sl\/izdelek\/poor-dog-charlie-5-cbd-drops\/"]}]},{"@type":"ImageObject","inLanguage":"sl-SI","@id":"https:\/\/pharma-hemp.com\/sl\/izdelek\/poor-dog-charlie-5-cbd-drops\/#primaryimage","url":"https:\/\/pharma-hemp.com\/wp-content\/uploads\/2025\/05\/pdc-drops-1.png","contentUrl":"https:\/\/pharma-hemp.com\/wp-content\/uploads\/2025\/05\/pdc-drops-1.png","width":600,"height":600},{"@type":"BreadcrumbList","@id":"https:\/\/pharma-hemp.com\/sl\/izdelek\/poor-dog-charlie-5-cbd-drops\/#breadcrumb","itemListElement":[{"@type":"ListItem","position":1,"name":"Home","item":"https:\/\/pharma-hemp.com\/sl\/"},{"@type":"ListItem","position":2,"name":"Trgovina","item":"https:\/\/pharma-hemp.com\/sl\/trgovina-2\/"},{"@type":"ListItem","position":3,"name":"Poor Dog Charlie 5% CBD Drops"}]},{"@type":"WebSite","@id":"https:\/\/pharma-hemp.com\/sl\/#website","url":"https:\/\/pharma-hemp.com\/sl\/","name":"Pharma Hemp","description":"CBD store","publisher":{"@id":"https:\/\/pharma-hemp.com\/sl\/#organization"},"potentialAction":[{"@type":"SearchAction","target":{"@type":"EntryPoint","urlTemplate":"https:\/\/pharma-hemp.com\/sl\/?s={search_term_string}"},"query-input":{"@type":"PropertyValueSpecification","valueRequired":true,"valueName":"search_term_string"}}],"inLanguage":"sl-SI"},{"@type":"Organization","@id":"https:\/\/pharma-hemp.com\/sl\/#organization","name":"PharmaHemp","url":"https:\/\/pharma-hemp.com\/sl\/","logo":{"@type":"ImageObject","inLanguage":"sl-SI","@id":"https:\/\/pharma-hemp.com\/sl\/#\/schema\/logo\/image\/","url":"https:\/\/pharma-hemp.com\/wp-content\/uploads\/2025\/04\/Pharma-Hemp-logo_crn-1.png","contentUrl":"https:\/\/pharma-hemp.com\/wp-content\/uploads\/2025\/04\/Pharma-Hemp-logo_crn-1.png","width":200,"height":44,"caption":"PharmaHemp"},"image":{"@id":"https:\/\/pharma-hemp.com\/sl\/#\/schema\/logo\/image\/"}}]}},"_links":{"self":[{"href":"https:\/\/pharma-hemp.com\/sl\/wp-json\/wp\/v2\/product\/3261","targetHints":{"allow":["GET"]}}],"collection":[{"href":"https:\/\/pharma-hemp.com\/sl\/wp-json\/wp\/v2\/product"}],"about":[{"href":"https:\/\/pharma-hemp.com\/sl\/wp-json\/wp\/v2\/types\/product"}],"wp:featuredmedia":[{"embeddable":true,"href":"https:\/\/pharma-hemp.com\/sl\/wp-json\/wp\/v2\/media\/2934"}],"wp:attachment":[{"href":"https:\/\/pharma-hemp.com\/sl\/wp-json\/wp\/v2\/media?parent=3261"}],"wp:term":[{"taxonomy":"product_brand","embeddable":true,"href":"https:\/\/pharma-hemp.com\/sl\/wp-json\/wp\/v2\/product_brand?post=3261"},{"taxonomy":"product_cat","embeddable":true,"href":"https:\/\/pharma-hemp.com\/sl\/wp-json\/wp\/v2\/product_cat?post=3261"},{"taxonomy":"product_tag","embeddable":true,"href":"https:\/\/pharma-hemp.com\/sl\/wp-json\/wp\/v2\/product_tag?post=3261"}],"curies":[{"name":"wp","href":"https:\/\/api.w.org\/{rel}","templated":true}]}}