{"id":3181,"date":"2025-05-05T09:14:01","date_gmt":"2025-05-05T08:14:01","guid":{"rendered":"https:\/\/pharma-hemp.com\/shop\/dr-kent-cream-for-tired-legs\/"},"modified":"2026-02-09T11:52:25","modified_gmt":"2026-02-09T09:52:25","slug":"dr-kent-cream-for-tired-legs","status":"publish","type":"product","link":"https:\/\/pharma-hemp.com\/sl\/izdelek\/dr-kent-cream-for-tired-legs\/","title":{"rendered":"Dr. Kent Cream for tired legs"},"content":{"rendered":"","protected":false},"excerpt":{"rendered":"<p><span style=\"font-weight: 400;\">Dolgi dnevi in nenehno gibanje. Tvoje noge to ob\u010dutijo.<\/span><\/p>\n<p><span style=\"font-weight: 400;\">Po napornem dnevu ta krema odpravlja ob\u010dutek te\u017ekih in utrujenih nog, spodbuja prekrvavitev in ti daje ob\u010dutek olaj\u0161anja ter sprostitve.<\/span><\/p>\n","protected":false},"featured_media":2915,"template":"","meta":[],"product_brand":[],"product_cat":[114,115,102,110],"product_tag":[675,673,676,677,672,669,671,668,674,670],"class_list":{"0":"post-3181","1":"product","2":"type-product","3":"status-publish","4":"has-post-thumbnail","6":"product_cat-aktivne-kreme","7":"product_cat-dr-kent-izbiraj-med-znamkami","8":"product_cat-izbiraj-med-znamkami","9":"product_cat-regeneracija","10":"product_tag-bolecine-v-nogah","11":"product_tag-krci-v-nogah","12":"product_tag-krcne-zile","13":"product_tag-krema-za-noge","14":"product_tag-nemirne-noge","15":"product_tag-otekle-noge","16":"product_tag-slaba-prekrvavitev","17":"product_tag-tezke-noge","18":"product_tag-utrujene-noge","19":"product_tag-utrujenost-nog","21":"first","22":"instock","23":"shipping-taxable","24":"purchasable","25":"product-type-simple"},"acf":{"konfigurator_product_name":"","konfigurator_product_description":"","konfigurator_product_image_url":""},"yoast_head":"<!-- This site is optimized with the Yoast SEO plugin v27.3 - https:\/\/yoast.com\/product\/yoast-seo-wordpress\/ -->\n<title>CBD konopljina krema za utrujene noge Dr. Kent 100 ml - Pharma Hemp<\/title>\n<meta name=\"description\" content=\"CBD konopljina krema za utrujene noge Dr. Kent pomaga sprostiti napetost, spodbuja prekrvavitev in zagotavlja olaj\u0161anje po dolgih, napornih dneh.\" \/>\n<meta name=\"robots\" content=\"index, follow, max-snippet:-1, max-image-preview:large, max-video-preview:-1\" \/>\n<link rel=\"canonical\" href=\"https:\/\/pharma-hemp.com\/sl\/izdelek\/dr-kent-cream-for-tired-legs\/\" \/>\n<meta property=\"og:locale\" content=\"sl_SI\" \/>\n<meta property=\"og:type\" content=\"article\" \/>\n<meta property=\"og:title\" content=\"CBD konopljina krema za utrujene noge Dr. Kent 100 ml - Pharma Hemp\" \/>\n<meta property=\"og:description\" content=\"CBD konopljina krema za utrujene noge Dr. Kent pomaga sprostiti napetost, spodbuja prekrvavitev in zagotavlja olaj\u0161anje po dolgih, napornih dneh.\" \/>\n<meta property=\"og:url\" content=\"https:\/\/pharma-hemp.com\/sl\/izdelek\/dr-kent-cream-for-tired-legs\/\" \/>\n<meta property=\"og:site_name\" content=\"Pharma Hemp\" \/>\n<meta property=\"article:modified_time\" content=\"2026-02-09T09:52:25+00:00\" \/>\n<meta property=\"og:image\" content=\"https:\/\/pharma-hemp.com\/wp-content\/uploads\/2025\/05\/TIRED-LEGS.png\" \/>\n\t<meta property=\"og:image:width\" content=\"600\" \/>\n\t<meta property=\"og:image:height\" content=\"600\" \/>\n\t<meta property=\"og:image:type\" content=\"image\/png\" \/>\n<meta name=\"twitter:card\" content=\"summary_large_image\" \/>\n<meta name=\"twitter:label1\" content=\"Est. reading time\" \/>\n\t<meta name=\"twitter:data1\" content=\"1 minuta\" \/>\n<script type=\"application\/ld+json\" class=\"yoast-schema-graph\">{\"@context\":\"https:\\\/\\\/schema.org\",\"@graph\":[{\"@type\":\"WebPage\",\"@id\":\"https:\\\/\\\/pharma-hemp.com\\\/sl\\\/izdelek\\\/dr-kent-cream-for-tired-legs\\\/\",\"url\":\"https:\\\/\\\/pharma-hemp.com\\\/sl\\\/izdelek\\\/dr-kent-cream-for-tired-legs\\\/\",\"name\":\"CBD konopljina krema za utrujene noge Dr. Kent 100 ml - Pharma Hemp\",\"isPartOf\":{\"@id\":\"https:\\\/\\\/pharma-hemp.com\\\/sl\\\/#website\"},\"primaryImageOfPage\":{\"@id\":\"https:\\\/\\\/pharma-hemp.com\\\/sl\\\/izdelek\\\/dr-kent-cream-for-tired-legs\\\/#primaryimage\"},\"image\":{\"@id\":\"https:\\\/\\\/pharma-hemp.com\\\/sl\\\/izdelek\\\/dr-kent-cream-for-tired-legs\\\/#primaryimage\"},\"thumbnailUrl\":\"https:\\\/\\\/pharma-hemp.com\\\/wp-content\\\/uploads\\\/2025\\\/05\\\/TIRED-LEGS.png\",\"datePublished\":\"2025-05-05T08:14:01+00:00\",\"dateModified\":\"2026-02-09T09:52:25+00:00\",\"description\":\"CBD konopljina krema za utrujene noge Dr. Kent pomaga sprostiti napetost, spodbuja prekrvavitev in zagotavlja olaj\u0161anje po dolgih, napornih dneh.\",\"breadcrumb\":{\"@id\":\"https:\\\/\\\/pharma-hemp.com\\\/sl\\\/izdelek\\\/dr-kent-cream-for-tired-legs\\\/#breadcrumb\"},\"inLanguage\":\"sl-SI\",\"potentialAction\":[{\"@type\":\"ReadAction\",\"target\":[\"https:\\\/\\\/pharma-hemp.com\\\/sl\\\/izdelek\\\/dr-kent-cream-for-tired-legs\\\/\"]}]},{\"@type\":\"ImageObject\",\"inLanguage\":\"sl-SI\",\"@id\":\"https:\\\/\\\/pharma-hemp.com\\\/sl\\\/izdelek\\\/dr-kent-cream-for-tired-legs\\\/#primaryimage\",\"url\":\"https:\\\/\\\/pharma-hemp.com\\\/wp-content\\\/uploads\\\/2025\\\/05\\\/TIRED-LEGS.png\",\"contentUrl\":\"https:\\\/\\\/pharma-hemp.com\\\/wp-content\\\/uploads\\\/2025\\\/05\\\/TIRED-LEGS.png\",\"width\":600,\"height\":600},{\"@type\":\"BreadcrumbList\",\"@id\":\"https:\\\/\\\/pharma-hemp.com\\\/sl\\\/izdelek\\\/dr-kent-cream-for-tired-legs\\\/#breadcrumb\",\"itemListElement\":[{\"@type\":\"ListItem\",\"position\":1,\"name\":\"Home\",\"item\":\"https:\\\/\\\/pharma-hemp.com\\\/sl\\\/\"},{\"@type\":\"ListItem\",\"position\":2,\"name\":\"Trgovina\",\"item\":\"https:\\\/\\\/pharma-hemp.com\\\/sl\\\/trgovina-2\\\/\"},{\"@type\":\"ListItem\",\"position\":3,\"name\":\"Dr. Kent Cream for tired legs\"}]},{\"@type\":\"WebSite\",\"@id\":\"https:\\\/\\\/pharma-hemp.com\\\/sl\\\/#website\",\"url\":\"https:\\\/\\\/pharma-hemp.com\\\/sl\\\/\",\"name\":\"Pharma Hemp\",\"description\":\"CBD store\",\"publisher\":{\"@id\":\"https:\\\/\\\/pharma-hemp.com\\\/sl\\\/#organization\"},\"potentialAction\":[{\"@type\":\"SearchAction\",\"target\":{\"@type\":\"EntryPoint\",\"urlTemplate\":\"https:\\\/\\\/pharma-hemp.com\\\/sl\\\/?s={search_term_string}\"},\"query-input\":{\"@type\":\"PropertyValueSpecification\",\"valueRequired\":true,\"valueName\":\"search_term_string\"}}],\"inLanguage\":\"sl-SI\"},{\"@type\":\"Organization\",\"@id\":\"https:\\\/\\\/pharma-hemp.com\\\/sl\\\/#organization\",\"name\":\"PharmaHemp\",\"url\":\"https:\\\/\\\/pharma-hemp.com\\\/sl\\\/\",\"logo\":{\"@type\":\"ImageObject\",\"inLanguage\":\"sl-SI\",\"@id\":\"https:\\\/\\\/pharma-hemp.com\\\/sl\\\/#\\\/schema\\\/logo\\\/image\\\/\",\"url\":\"https:\\\/\\\/pharma-hemp.com\\\/wp-content\\\/uploads\\\/2025\\\/04\\\/Pharma-Hemp-logo_crn-1.png\",\"contentUrl\":\"https:\\\/\\\/pharma-hemp.com\\\/wp-content\\\/uploads\\\/2025\\\/04\\\/Pharma-Hemp-logo_crn-1.png\",\"width\":200,\"height\":44,\"caption\":\"PharmaHemp\"},\"image\":{\"@id\":\"https:\\\/\\\/pharma-hemp.com\\\/sl\\\/#\\\/schema\\\/logo\\\/image\\\/\"}}]}<\/script>\n<!-- \/ Yoast SEO plugin. -->","yoast_head_json":{"title":"CBD konopljina krema za utrujene noge Dr. Kent 100 ml - Pharma Hemp","description":"CBD konopljina krema za utrujene noge Dr. Kent pomaga sprostiti napetost, spodbuja prekrvavitev in zagotavlja olaj\u0161anje po dolgih, napornih dneh.","robots":{"index":"index","follow":"follow","max-snippet":"max-snippet:-1","max-image-preview":"max-image-preview:large","max-video-preview":"max-video-preview:-1"},"canonical":"https:\/\/pharma-hemp.com\/sl\/izdelek\/dr-kent-cream-for-tired-legs\/","og_locale":"sl_SI","og_type":"article","og_title":"CBD konopljina krema za utrujene noge Dr. Kent 100 ml - Pharma Hemp","og_description":"CBD konopljina krema za utrujene noge Dr. Kent pomaga sprostiti napetost, spodbuja prekrvavitev in zagotavlja olaj\u0161anje po dolgih, napornih dneh.","og_url":"https:\/\/pharma-hemp.com\/sl\/izdelek\/dr-kent-cream-for-tired-legs\/","og_site_name":"Pharma Hemp","article_modified_time":"2026-02-09T09:52:25+00:00","og_image":[{"width":600,"height":600,"url":"https:\/\/pharma-hemp.com\/wp-content\/uploads\/2025\/05\/TIRED-LEGS.png","type":"image\/png"}],"twitter_card":"summary_large_image","twitter_misc":{"Est. reading time":"1 minuta"},"schema":{"@context":"https:\/\/schema.org","@graph":[{"@type":"WebPage","@id":"https:\/\/pharma-hemp.com\/sl\/izdelek\/dr-kent-cream-for-tired-legs\/","url":"https:\/\/pharma-hemp.com\/sl\/izdelek\/dr-kent-cream-for-tired-legs\/","name":"CBD konopljina krema za utrujene noge Dr. Kent 100 ml - Pharma Hemp","isPartOf":{"@id":"https:\/\/pharma-hemp.com\/sl\/#website"},"primaryImageOfPage":{"@id":"https:\/\/pharma-hemp.com\/sl\/izdelek\/dr-kent-cream-for-tired-legs\/#primaryimage"},"image":{"@id":"https:\/\/pharma-hemp.com\/sl\/izdelek\/dr-kent-cream-for-tired-legs\/#primaryimage"},"thumbnailUrl":"https:\/\/pharma-hemp.com\/wp-content\/uploads\/2025\/05\/TIRED-LEGS.png","datePublished":"2025-05-05T08:14:01+00:00","dateModified":"2026-02-09T09:52:25+00:00","description":"CBD konopljina krema za utrujene noge Dr. Kent pomaga sprostiti napetost, spodbuja prekrvavitev in zagotavlja olaj\u0161anje po dolgih, napornih dneh.","breadcrumb":{"@id":"https:\/\/pharma-hemp.com\/sl\/izdelek\/dr-kent-cream-for-tired-legs\/#breadcrumb"},"inLanguage":"sl-SI","potentialAction":[{"@type":"ReadAction","target":["https:\/\/pharma-hemp.com\/sl\/izdelek\/dr-kent-cream-for-tired-legs\/"]}]},{"@type":"ImageObject","inLanguage":"sl-SI","@id":"https:\/\/pharma-hemp.com\/sl\/izdelek\/dr-kent-cream-for-tired-legs\/#primaryimage","url":"https:\/\/pharma-hemp.com\/wp-content\/uploads\/2025\/05\/TIRED-LEGS.png","contentUrl":"https:\/\/pharma-hemp.com\/wp-content\/uploads\/2025\/05\/TIRED-LEGS.png","width":600,"height":600},{"@type":"BreadcrumbList","@id":"https:\/\/pharma-hemp.com\/sl\/izdelek\/dr-kent-cream-for-tired-legs\/#breadcrumb","itemListElement":[{"@type":"ListItem","position":1,"name":"Home","item":"https:\/\/pharma-hemp.com\/sl\/"},{"@type":"ListItem","position":2,"name":"Trgovina","item":"https:\/\/pharma-hemp.com\/sl\/trgovina-2\/"},{"@type":"ListItem","position":3,"name":"Dr. Kent Cream for tired legs"}]},{"@type":"WebSite","@id":"https:\/\/pharma-hemp.com\/sl\/#website","url":"https:\/\/pharma-hemp.com\/sl\/","name":"Pharma Hemp","description":"CBD store","publisher":{"@id":"https:\/\/pharma-hemp.com\/sl\/#organization"},"potentialAction":[{"@type":"SearchAction","target":{"@type":"EntryPoint","urlTemplate":"https:\/\/pharma-hemp.com\/sl\/?s={search_term_string}"},"query-input":{"@type":"PropertyValueSpecification","valueRequired":true,"valueName":"search_term_string"}}],"inLanguage":"sl-SI"},{"@type":"Organization","@id":"https:\/\/pharma-hemp.com\/sl\/#organization","name":"PharmaHemp","url":"https:\/\/pharma-hemp.com\/sl\/","logo":{"@type":"ImageObject","inLanguage":"sl-SI","@id":"https:\/\/pharma-hemp.com\/sl\/#\/schema\/logo\/image\/","url":"https:\/\/pharma-hemp.com\/wp-content\/uploads\/2025\/04\/Pharma-Hemp-logo_crn-1.png","contentUrl":"https:\/\/pharma-hemp.com\/wp-content\/uploads\/2025\/04\/Pharma-Hemp-logo_crn-1.png","width":200,"height":44,"caption":"PharmaHemp"},"image":{"@id":"https:\/\/pharma-hemp.com\/sl\/#\/schema\/logo\/image\/"}}]}},"_links":{"self":[{"href":"https:\/\/pharma-hemp.com\/sl\/wp-json\/wp\/v2\/product\/3181","targetHints":{"allow":["GET"]}}],"collection":[{"href":"https:\/\/pharma-hemp.com\/sl\/wp-json\/wp\/v2\/product"}],"about":[{"href":"https:\/\/pharma-hemp.com\/sl\/wp-json\/wp\/v2\/types\/product"}],"wp:featuredmedia":[{"embeddable":true,"href":"https:\/\/pharma-hemp.com\/sl\/wp-json\/wp\/v2\/media\/2915"}],"wp:attachment":[{"href":"https:\/\/pharma-hemp.com\/sl\/wp-json\/wp\/v2\/media?parent=3181"}],"wp:term":[{"taxonomy":"product_brand","embeddable":true,"href":"https:\/\/pharma-hemp.com\/sl\/wp-json\/wp\/v2\/product_brand?post=3181"},{"taxonomy":"product_cat","embeddable":true,"href":"https:\/\/pharma-hemp.com\/sl\/wp-json\/wp\/v2\/product_cat?post=3181"},{"taxonomy":"product_tag","embeddable":true,"href":"https:\/\/pharma-hemp.com\/sl\/wp-json\/wp\/v2\/product_tag?post=3181"}],"curies":[{"name":"wp","href":"https:\/\/api.w.org\/{rel}","templated":true}]}}