{"id":3162,"date":"2025-05-06T08:32:12","date_gmt":"2025-05-06T06:32:12","guid":{"rendered":"https:\/\/pharma-hemp.com\/shop\/pha-nutritionals-sleep-kapljice\/"},"modified":"2026-02-27T11:44:22","modified_gmt":"2026-02-27T09:44:22","slug":"pha-nutritionals-sleep-drops","status":"publish","type":"product","link":"https:\/\/pharma-hemp.com\/sl\/izdelek\/pha-nutritionals-sleep-drops\/","title":{"rendered":"PHA Nutritionals SLEEP kapljice"},"content":{"rendered":"","protected":false},"excerpt":{"rendered":"<p><b>Naraven po\u010ditek, ki ga tvoje telo razume.<\/b><b><\/b><\/p>\n<p><span style=\"font-weight: 400;\">Kapljice SLEEP podpirajo globok in obnavljajo\u010d spanec s skrbno izbrano kombinacijo melatonina in pomirjujo\u010dih rastlinskih izvle\u010dkov. Ne glede na to, ali se spopada\u0161 z nespe\u010dnostjo ali le te\u017eje zaspi\u0161 \u2013 ta formula pomaga uravnote\u017eiti tvoj naravni ritem.<\/span><\/p>\n<p><b>Ne\u017eno. U\u010dinkovito. Naravno.<\/b><\/p>\n","protected":false},"featured_media":3014,"template":"","meta":[],"product_brand":[],"product_cat":[112,104,325,280],"product_tag":[629,537,625,628,614,538,385,627,624,626],"class_list":{"0":"post-3162","1":"product","2":"type-product","3":"status-publish","4":"has-post-thumbnail","6":"product_cat-druge-znamke","7":"product_cat-kapljice","8":"product_cat-kapljice-box","9":"product_cat-sprostitev","10":"product_tag-jet-lag","11":"product_tag-kapljice","12":"product_tag-lahkoten-spanec","13":"product_tag-melatonin","14":"product_tag-nemir","15":"product_tag-nespecnost","16":"product_tag-stres","17":"product_tag-umiritev","18":"product_tag-za-spanje","19":"product_tag-zbujanje","21":"first","22":"instock","23":"shipping-taxable","24":"purchasable","25":"product-type-simple"},"acf":{"konfigurator_product_name":"","konfigurator_product_description":"","konfigurator_product_image_url":""},"yoast_head":"<!-- This site is optimized with the Yoast SEO plugin v27.3 - https:\/\/yoast.com\/product\/yoast-seo-wordpress\/ -->\n<title>Kapljice za spanje PHA Nutritionals SLEEP - Pharma Hemp<\/title>\n<meta name=\"description\" content=\"Kapljice za spanje PHA Nutritionals SLEEP delujejo kot naravni regulator spanja in pomagajo uravnavati dnevno-no\u010dni ritem telesa.\" \/>\n<meta name=\"robots\" content=\"index, follow, max-snippet:-1, max-image-preview:large, max-video-preview:-1\" \/>\n<link rel=\"canonical\" href=\"https:\/\/pharma-hemp.com\/sl\/izdelek\/pha-nutritionals-sleep-drops\/\" \/>\n<meta property=\"og:locale\" content=\"sl_SI\" \/>\n<meta property=\"og:type\" content=\"article\" \/>\n<meta property=\"og:title\" content=\"Kapljice za spanje PHA Nutritionals SLEEP - Pharma Hemp\" \/>\n<meta property=\"og:description\" content=\"Kapljice za spanje PHA Nutritionals SLEEP delujejo kot naravni regulator spanja in pomagajo uravnavati dnevno-no\u010dni ritem telesa.\" \/>\n<meta property=\"og:url\" content=\"https:\/\/pharma-hemp.com\/sl\/izdelek\/pha-nutritionals-sleep-drops\/\" \/>\n<meta property=\"og:site_name\" content=\"Pharma Hemp\" \/>\n<meta property=\"article:modified_time\" content=\"2026-02-27T09:44:22+00:00\" \/>\n<meta property=\"og:image\" content=\"https:\/\/pharma-hemp.com\/wp-content\/uploads\/2025\/05\/LiparDesignPhotography-02000.jpg\" \/>\n\t<meta property=\"og:image:width\" content=\"2048\" \/>\n\t<meta property=\"og:image:height\" content=\"2048\" \/>\n\t<meta property=\"og:image:type\" content=\"image\/jpeg\" \/>\n<meta name=\"twitter:card\" content=\"summary_large_image\" \/>\n<meta name=\"twitter:label1\" content=\"Est. reading time\" \/>\n\t<meta name=\"twitter:data1\" content=\"1 minuta\" \/>\n<script type=\"application\/ld+json\" class=\"yoast-schema-graph\">{\"@context\":\"https:\\\/\\\/schema.org\",\"@graph\":[{\"@type\":\"WebPage\",\"@id\":\"https:\\\/\\\/pharma-hemp.com\\\/sl\\\/izdelek\\\/pha-nutritionals-sleep-drops\\\/\",\"url\":\"https:\\\/\\\/pharma-hemp.com\\\/sl\\\/izdelek\\\/pha-nutritionals-sleep-drops\\\/\",\"name\":\"Kapljice za spanje PHA Nutritionals SLEEP - Pharma Hemp\",\"isPartOf\":{\"@id\":\"https:\\\/\\\/pharma-hemp.com\\\/sl\\\/#website\"},\"primaryImageOfPage\":{\"@id\":\"https:\\\/\\\/pharma-hemp.com\\\/sl\\\/izdelek\\\/pha-nutritionals-sleep-drops\\\/#primaryimage\"},\"image\":{\"@id\":\"https:\\\/\\\/pharma-hemp.com\\\/sl\\\/izdelek\\\/pha-nutritionals-sleep-drops\\\/#primaryimage\"},\"thumbnailUrl\":\"https:\\\/\\\/pharma-hemp.com\\\/wp-content\\\/uploads\\\/2025\\\/05\\\/LiparDesignPhotography-02000.jpg\",\"datePublished\":\"2025-05-06T06:32:12+00:00\",\"dateModified\":\"2026-02-27T09:44:22+00:00\",\"description\":\"Kapljice za spanje PHA Nutritionals SLEEP delujejo kot naravni regulator spanja in pomagajo uravnavati dnevno-no\u010dni ritem telesa.\",\"breadcrumb\":{\"@id\":\"https:\\\/\\\/pharma-hemp.com\\\/sl\\\/izdelek\\\/pha-nutritionals-sleep-drops\\\/#breadcrumb\"},\"inLanguage\":\"sl-SI\",\"potentialAction\":[{\"@type\":\"ReadAction\",\"target\":[\"https:\\\/\\\/pharma-hemp.com\\\/sl\\\/izdelek\\\/pha-nutritionals-sleep-drops\\\/\"]}]},{\"@type\":\"ImageObject\",\"inLanguage\":\"sl-SI\",\"@id\":\"https:\\\/\\\/pharma-hemp.com\\\/sl\\\/izdelek\\\/pha-nutritionals-sleep-drops\\\/#primaryimage\",\"url\":\"https:\\\/\\\/pharma-hemp.com\\\/wp-content\\\/uploads\\\/2025\\\/05\\\/LiparDesignPhotography-02000.jpg\",\"contentUrl\":\"https:\\\/\\\/pharma-hemp.com\\\/wp-content\\\/uploads\\\/2025\\\/05\\\/LiparDesignPhotography-02000.jpg\",\"width\":2048,\"height\":2048,\"caption\":\"pha nutritionals sleep drops with melatonin\"},{\"@type\":\"BreadcrumbList\",\"@id\":\"https:\\\/\\\/pharma-hemp.com\\\/sl\\\/izdelek\\\/pha-nutritionals-sleep-drops\\\/#breadcrumb\",\"itemListElement\":[{\"@type\":\"ListItem\",\"position\":1,\"name\":\"Home\",\"item\":\"https:\\\/\\\/pharma-hemp.com\\\/sl\\\/\"},{\"@type\":\"ListItem\",\"position\":2,\"name\":\"Trgovina\",\"item\":\"https:\\\/\\\/pharma-hemp.com\\\/sl\\\/trgovina-2\\\/\"},{\"@type\":\"ListItem\",\"position\":3,\"name\":\"PHA Nutritionals SLEEP kapljice\"}]},{\"@type\":\"WebSite\",\"@id\":\"https:\\\/\\\/pharma-hemp.com\\\/sl\\\/#website\",\"url\":\"https:\\\/\\\/pharma-hemp.com\\\/sl\\\/\",\"name\":\"Pharma Hemp\",\"description\":\"CBD store\",\"publisher\":{\"@id\":\"https:\\\/\\\/pharma-hemp.com\\\/sl\\\/#organization\"},\"potentialAction\":[{\"@type\":\"SearchAction\",\"target\":{\"@type\":\"EntryPoint\",\"urlTemplate\":\"https:\\\/\\\/pharma-hemp.com\\\/sl\\\/?s={search_term_string}\"},\"query-input\":{\"@type\":\"PropertyValueSpecification\",\"valueRequired\":true,\"valueName\":\"search_term_string\"}}],\"inLanguage\":\"sl-SI\"},{\"@type\":\"Organization\",\"@id\":\"https:\\\/\\\/pharma-hemp.com\\\/sl\\\/#organization\",\"name\":\"PharmaHemp\",\"url\":\"https:\\\/\\\/pharma-hemp.com\\\/sl\\\/\",\"logo\":{\"@type\":\"ImageObject\",\"inLanguage\":\"sl-SI\",\"@id\":\"https:\\\/\\\/pharma-hemp.com\\\/sl\\\/#\\\/schema\\\/logo\\\/image\\\/\",\"url\":\"https:\\\/\\\/pharma-hemp.com\\\/wp-content\\\/uploads\\\/2025\\\/04\\\/Pharma-Hemp-logo_crn-1.png\",\"contentUrl\":\"https:\\\/\\\/pharma-hemp.com\\\/wp-content\\\/uploads\\\/2025\\\/04\\\/Pharma-Hemp-logo_crn-1.png\",\"width\":200,\"height\":44,\"caption\":\"PharmaHemp\"},\"image\":{\"@id\":\"https:\\\/\\\/pharma-hemp.com\\\/sl\\\/#\\\/schema\\\/logo\\\/image\\\/\"}}]}<\/script>\n<!-- \/ Yoast SEO plugin. -->","yoast_head_json":{"title":"Kapljice za spanje PHA Nutritionals SLEEP - Pharma Hemp","description":"Kapljice za spanje PHA Nutritionals SLEEP delujejo kot naravni regulator spanja in pomagajo uravnavati dnevno-no\u010dni ritem telesa.","robots":{"index":"index","follow":"follow","max-snippet":"max-snippet:-1","max-image-preview":"max-image-preview:large","max-video-preview":"max-video-preview:-1"},"canonical":"https:\/\/pharma-hemp.com\/sl\/izdelek\/pha-nutritionals-sleep-drops\/","og_locale":"sl_SI","og_type":"article","og_title":"Kapljice za spanje PHA Nutritionals SLEEP - Pharma Hemp","og_description":"Kapljice za spanje PHA Nutritionals SLEEP delujejo kot naravni regulator spanja in pomagajo uravnavati dnevno-no\u010dni ritem telesa.","og_url":"https:\/\/pharma-hemp.com\/sl\/izdelek\/pha-nutritionals-sleep-drops\/","og_site_name":"Pharma Hemp","article_modified_time":"2026-02-27T09:44:22+00:00","og_image":[{"width":2048,"height":2048,"url":"https:\/\/pharma-hemp.com\/wp-content\/uploads\/2025\/05\/LiparDesignPhotography-02000.jpg","type":"image\/jpeg"}],"twitter_card":"summary_large_image","twitter_misc":{"Est. reading time":"1 minuta"},"schema":{"@context":"https:\/\/schema.org","@graph":[{"@type":"WebPage","@id":"https:\/\/pharma-hemp.com\/sl\/izdelek\/pha-nutritionals-sleep-drops\/","url":"https:\/\/pharma-hemp.com\/sl\/izdelek\/pha-nutritionals-sleep-drops\/","name":"Kapljice za spanje PHA Nutritionals SLEEP - Pharma Hemp","isPartOf":{"@id":"https:\/\/pharma-hemp.com\/sl\/#website"},"primaryImageOfPage":{"@id":"https:\/\/pharma-hemp.com\/sl\/izdelek\/pha-nutritionals-sleep-drops\/#primaryimage"},"image":{"@id":"https:\/\/pharma-hemp.com\/sl\/izdelek\/pha-nutritionals-sleep-drops\/#primaryimage"},"thumbnailUrl":"https:\/\/pharma-hemp.com\/wp-content\/uploads\/2025\/05\/LiparDesignPhotography-02000.jpg","datePublished":"2025-05-06T06:32:12+00:00","dateModified":"2026-02-27T09:44:22+00:00","description":"Kapljice za spanje PHA Nutritionals SLEEP delujejo kot naravni regulator spanja in pomagajo uravnavati dnevno-no\u010dni ritem telesa.","breadcrumb":{"@id":"https:\/\/pharma-hemp.com\/sl\/izdelek\/pha-nutritionals-sleep-drops\/#breadcrumb"},"inLanguage":"sl-SI","potentialAction":[{"@type":"ReadAction","target":["https:\/\/pharma-hemp.com\/sl\/izdelek\/pha-nutritionals-sleep-drops\/"]}]},{"@type":"ImageObject","inLanguage":"sl-SI","@id":"https:\/\/pharma-hemp.com\/sl\/izdelek\/pha-nutritionals-sleep-drops\/#primaryimage","url":"https:\/\/pharma-hemp.com\/wp-content\/uploads\/2025\/05\/LiparDesignPhotography-02000.jpg","contentUrl":"https:\/\/pharma-hemp.com\/wp-content\/uploads\/2025\/05\/LiparDesignPhotography-02000.jpg","width":2048,"height":2048,"caption":"pha nutritionals sleep drops with melatonin"},{"@type":"BreadcrumbList","@id":"https:\/\/pharma-hemp.com\/sl\/izdelek\/pha-nutritionals-sleep-drops\/#breadcrumb","itemListElement":[{"@type":"ListItem","position":1,"name":"Home","item":"https:\/\/pharma-hemp.com\/sl\/"},{"@type":"ListItem","position":2,"name":"Trgovina","item":"https:\/\/pharma-hemp.com\/sl\/trgovina-2\/"},{"@type":"ListItem","position":3,"name":"PHA Nutritionals SLEEP kapljice"}]},{"@type":"WebSite","@id":"https:\/\/pharma-hemp.com\/sl\/#website","url":"https:\/\/pharma-hemp.com\/sl\/","name":"Pharma Hemp","description":"CBD store","publisher":{"@id":"https:\/\/pharma-hemp.com\/sl\/#organization"},"potentialAction":[{"@type":"SearchAction","target":{"@type":"EntryPoint","urlTemplate":"https:\/\/pharma-hemp.com\/sl\/?s={search_term_string}"},"query-input":{"@type":"PropertyValueSpecification","valueRequired":true,"valueName":"search_term_string"}}],"inLanguage":"sl-SI"},{"@type":"Organization","@id":"https:\/\/pharma-hemp.com\/sl\/#organization","name":"PharmaHemp","url":"https:\/\/pharma-hemp.com\/sl\/","logo":{"@type":"ImageObject","inLanguage":"sl-SI","@id":"https:\/\/pharma-hemp.com\/sl\/#\/schema\/logo\/image\/","url":"https:\/\/pharma-hemp.com\/wp-content\/uploads\/2025\/04\/Pharma-Hemp-logo_crn-1.png","contentUrl":"https:\/\/pharma-hemp.com\/wp-content\/uploads\/2025\/04\/Pharma-Hemp-logo_crn-1.png","width":200,"height":44,"caption":"PharmaHemp"},"image":{"@id":"https:\/\/pharma-hemp.com\/sl\/#\/schema\/logo\/image\/"}}]}},"_links":{"self":[{"href":"https:\/\/pharma-hemp.com\/sl\/wp-json\/wp\/v2\/product\/3162","targetHints":{"allow":["GET"]}}],"collection":[{"href":"https:\/\/pharma-hemp.com\/sl\/wp-json\/wp\/v2\/product"}],"about":[{"href":"https:\/\/pharma-hemp.com\/sl\/wp-json\/wp\/v2\/types\/product"}],"wp:featuredmedia":[{"embeddable":true,"href":"https:\/\/pharma-hemp.com\/sl\/wp-json\/wp\/v2\/media\/3014"}],"wp:attachment":[{"href":"https:\/\/pharma-hemp.com\/sl\/wp-json\/wp\/v2\/media?parent=3162"}],"wp:term":[{"taxonomy":"product_brand","embeddable":true,"href":"https:\/\/pharma-hemp.com\/sl\/wp-json\/wp\/v2\/product_brand?post=3162"},{"taxonomy":"product_cat","embeddable":true,"href":"https:\/\/pharma-hemp.com\/sl\/wp-json\/wp\/v2\/product_cat?post=3162"},{"taxonomy":"product_tag","embeddable":true,"href":"https:\/\/pharma-hemp.com\/sl\/wp-json\/wp\/v2\/product_tag?post=3162"}],"curies":[{"name":"wp","href":"https:\/\/api.w.org\/{rel}","templated":true}]}}