{"id":3557,"date":"2025-04-24T08:53:49","date_gmt":"2025-04-24T06:53:49","guid":{"rendered":"https:\/\/pharma-hemp.com\/konfigurator\/"},"modified":"2025-07-31T14:04:30","modified_gmt":"2025-07-31T13:04:30","slug":"konfigurator","status":"publish","type":"page","link":"https:\/\/pharma-hemp.com\/sl\/konfigurator\/","title":{"rendered":"Konfigurator"},"content":{"rendered":"\n\t<section class=\"section\" id=\"section_80083324\">\n\t\t<div class=\"section-bg fill\" >\n\t\t\t\t\t\t\t\t\t\n\t\t\t\n\n\t\t<\/div>\n\n\t\t\n\n\t\t<div class=\"section-content relative\">\n\t\t\t\n<div class=\"row\"  id=\"row-1653674866\">\n\n\t<div id=\"col-711626853\" class=\"col small-12 large-12\"  >\n\t\t\t\t<div class=\"col-inner\"  >\n\t\t\t\n\t\t\t\n\t<div id=\"text-2005513125\" class=\"text\">\n\t\t\n<p>Domov &gt; Konfigurator<\/p>\n\t\t\n<style>\n#text-2005513125 {\n  text-align: left;\n}\n<\/style>\n\t<\/div>\n\t\n\t\t<\/div>\n\t\t\t\t\t<\/div>\n\n\t\n\n\t<div id=\"col-1398847795\" class=\"col small-12 large-12\"  >\n\t\t\t\t<div class=\"col-inner\"  >\n\t\t\t\n\t\t\t\n\t<div id=\"text-4061992533\" class=\"text\">\n\t\t\n<h2 class=\"title\">Niste prepri\u010dani, kateri izdelek je pravi za vas? Imamo vas.<\/h2>\n<p>Odgovorite na nekaj kratkih vpra\u0161anj in vodili vas bomo do izdelka, ki bo ustrezal va\u0161im potrebam, \u017eivljenjskemu slogu in ciljem.<\/p>\n\t\t\n<style>\n#text-4061992533 {\n  text-align: center;\n}\n<\/style>\n\t<\/div>\n\t\n\t\t<\/div>\n\t\t\t\t\t<\/div>\n\n\t\n<\/div>\n\t\t<\/div>\n\n\t\t\n<style>\n#section_80083324 {\n  padding-top: 60px;\n  padding-bottom: 60px;\n}\n<\/style>\n\t<\/section>\n\t\n\n\t<section class=\"section\" id=\"section_435457475\">\n\t\t<div class=\"section-bg fill\" >\n\t\t\t\t\t\t\t\t\t\n\t\t\t\n\n\t\t<\/div>\n\n\t\t\n\n\t\t<div class=\"section-content relative\">\n\t\t\t\n\n[konfigurator_vprasanja]\n\n\t\t<\/div>\n\n\t\t\n<style>\n#section_435457475 {\n  padding-top: 30px;\n  padding-bottom: 30px;\n}\n<\/style>\n\t<\/section>\n\t\n","protected":false},"excerpt":{"rendered":"","protected":false},"author":24310,"featured_media":0,"parent":0,"menu_order":0,"comment_status":"closed","ping_status":"closed","template":"","meta":{"footnotes":""},"class_list":["post-3557","page","type-page","status-publish","hentry"],"acf":[],"yoast_head":"<!-- This site is optimized with the Yoast SEO plugin v27.3 - https:\/\/yoast.com\/product\/yoast-seo-wordpress\/ -->\n<title>Konfigurator - Pharma Hemp<\/title>\n<meta name=\"robots\" content=\"index, follow, max-snippet:-1, max-image-preview:large, max-video-preview:-1\" \/>\n<link rel=\"canonical\" href=\"https:\/\/pharma-hemp.com\/sl\/konfigurator\/\" \/>\n<meta property=\"og:locale\" content=\"sl_SI\" \/>\n<meta property=\"og:type\" content=\"article\" \/>\n<meta property=\"og:title\" content=\"Konfigurator - Pharma Hemp\" \/>\n<meta property=\"og:url\" content=\"https:\/\/pharma-hemp.com\/sl\/konfigurator\/\" \/>\n<meta property=\"og:site_name\" content=\"Pharma Hemp\" \/>\n<meta property=\"article:modified_time\" content=\"2025-07-31T13:04:30+00:00\" \/>\n<meta property=\"og:image\" content=\"https:\/\/pharma-hemp.com\/wp-content\/uploads\/2025\/04\/Pharma-Hemp-logo_crn-1.png\" \/>\n\t<meta property=\"og:image:width\" content=\"200\" \/>\n\t<meta property=\"og:image:height\" content=\"44\" \/>\n\t<meta property=\"og:image:type\" content=\"image\/png\" \/>\n<meta name=\"twitter:card\" content=\"summary_large_image\" \/>\n<meta name=\"twitter:label1\" content=\"Est. reading time\" \/>\n\t<meta name=\"twitter:data1\" content=\"1 minuta\" \/>\n<script type=\"application\/ld+json\" class=\"yoast-schema-graph\">{\"@context\":\"https:\\\/\\\/schema.org\",\"@graph\":[{\"@type\":\"WebPage\",\"@id\":\"https:\\\/\\\/pharma-hemp.com\\\/sl\\\/konfigurator\\\/\",\"url\":\"https:\\\/\\\/pharma-hemp.com\\\/sl\\\/konfigurator\\\/\",\"name\":\"Konfigurator - Pharma Hemp\",\"isPartOf\":{\"@id\":\"https:\\\/\\\/pharma-hemp.com\\\/sl\\\/#website\"},\"datePublished\":\"2025-04-24T06:53:49+00:00\",\"dateModified\":\"2025-07-31T13:04:30+00:00\",\"breadcrumb\":{\"@id\":\"https:\\\/\\\/pharma-hemp.com\\\/sl\\\/konfigurator\\\/#breadcrumb\"},\"inLanguage\":\"sl-SI\",\"potentialAction\":[{\"@type\":\"ReadAction\",\"target\":[\"https:\\\/\\\/pharma-hemp.com\\\/sl\\\/konfigurator\\\/\"]}]},{\"@type\":\"BreadcrumbList\",\"@id\":\"https:\\\/\\\/pharma-hemp.com\\\/sl\\\/konfigurator\\\/#breadcrumb\",\"itemListElement\":[{\"@type\":\"ListItem\",\"position\":1,\"name\":\"Home\",\"item\":\"https:\\\/\\\/pharma-hemp.com\\\/sl\\\/\"},{\"@type\":\"ListItem\",\"position\":2,\"name\":\"Konfigurator\"}]},{\"@type\":\"WebSite\",\"@id\":\"https:\\\/\\\/pharma-hemp.com\\\/sl\\\/#website\",\"url\":\"https:\\\/\\\/pharma-hemp.com\\\/sl\\\/\",\"name\":\"Pharma Hemp\",\"description\":\"CBD store\",\"publisher\":{\"@id\":\"https:\\\/\\\/pharma-hemp.com\\\/sl\\\/#organization\"},\"potentialAction\":[{\"@type\":\"SearchAction\",\"target\":{\"@type\":\"EntryPoint\",\"urlTemplate\":\"https:\\\/\\\/pharma-hemp.com\\\/sl\\\/?s={search_term_string}\"},\"query-input\":{\"@type\":\"PropertyValueSpecification\",\"valueRequired\":true,\"valueName\":\"search_term_string\"}}],\"inLanguage\":\"sl-SI\"},{\"@type\":\"Organization\",\"@id\":\"https:\\\/\\\/pharma-hemp.com\\\/sl\\\/#organization\",\"name\":\"PharmaHemp\",\"url\":\"https:\\\/\\\/pharma-hemp.com\\\/sl\\\/\",\"logo\":{\"@type\":\"ImageObject\",\"inLanguage\":\"sl-SI\",\"@id\":\"https:\\\/\\\/pharma-hemp.com\\\/sl\\\/#\\\/schema\\\/logo\\\/image\\\/\",\"url\":\"https:\\\/\\\/pharma-hemp.com\\\/wp-content\\\/uploads\\\/2025\\\/04\\\/Pharma-Hemp-logo_crn-1.png\",\"contentUrl\":\"https:\\\/\\\/pharma-hemp.com\\\/wp-content\\\/uploads\\\/2025\\\/04\\\/Pharma-Hemp-logo_crn-1.png\",\"width\":200,\"height\":44,\"caption\":\"PharmaHemp\"},\"image\":{\"@id\":\"https:\\\/\\\/pharma-hemp.com\\\/sl\\\/#\\\/schema\\\/logo\\\/image\\\/\"}}]}<\/script>\n<!-- \/ Yoast SEO plugin. -->","yoast_head_json":{"title":"Konfigurator - Pharma Hemp","robots":{"index":"index","follow":"follow","max-snippet":"max-snippet:-1","max-image-preview":"max-image-preview:large","max-video-preview":"max-video-preview:-1"},"canonical":"https:\/\/pharma-hemp.com\/sl\/konfigurator\/","og_locale":"sl_SI","og_type":"article","og_title":"Konfigurator - Pharma Hemp","og_url":"https:\/\/pharma-hemp.com\/sl\/konfigurator\/","og_site_name":"Pharma Hemp","article_modified_time":"2025-07-31T13:04:30+00:00","og_image":[{"width":200,"height":44,"url":"https:\/\/pharma-hemp.com\/wp-content\/uploads\/2025\/04\/Pharma-Hemp-logo_crn-1.png","type":"image\/png"}],"twitter_card":"summary_large_image","twitter_misc":{"Est. reading time":"1 minuta"},"schema":{"@context":"https:\/\/schema.org","@graph":[{"@type":"WebPage","@id":"https:\/\/pharma-hemp.com\/sl\/konfigurator\/","url":"https:\/\/pharma-hemp.com\/sl\/konfigurator\/","name":"Konfigurator - Pharma Hemp","isPartOf":{"@id":"https:\/\/pharma-hemp.com\/sl\/#website"},"datePublished":"2025-04-24T06:53:49+00:00","dateModified":"2025-07-31T13:04:30+00:00","breadcrumb":{"@id":"https:\/\/pharma-hemp.com\/sl\/konfigurator\/#breadcrumb"},"inLanguage":"sl-SI","potentialAction":[{"@type":"ReadAction","target":["https:\/\/pharma-hemp.com\/sl\/konfigurator\/"]}]},{"@type":"BreadcrumbList","@id":"https:\/\/pharma-hemp.com\/sl\/konfigurator\/#breadcrumb","itemListElement":[{"@type":"ListItem","position":1,"name":"Home","item":"https:\/\/pharma-hemp.com\/sl\/"},{"@type":"ListItem","position":2,"name":"Konfigurator"}]},{"@type":"WebSite","@id":"https:\/\/pharma-hemp.com\/sl\/#website","url":"https:\/\/pharma-hemp.com\/sl\/","name":"Pharma Hemp","description":"CBD store","publisher":{"@id":"https:\/\/pharma-hemp.com\/sl\/#organization"},"potentialAction":[{"@type":"SearchAction","target":{"@type":"EntryPoint","urlTemplate":"https:\/\/pharma-hemp.com\/sl\/?s={search_term_string}"},"query-input":{"@type":"PropertyValueSpecification","valueRequired":true,"valueName":"search_term_string"}}],"inLanguage":"sl-SI"},{"@type":"Organization","@id":"https:\/\/pharma-hemp.com\/sl\/#organization","name":"PharmaHemp","url":"https:\/\/pharma-hemp.com\/sl\/","logo":{"@type":"ImageObject","inLanguage":"sl-SI","@id":"https:\/\/pharma-hemp.com\/sl\/#\/schema\/logo\/image\/","url":"https:\/\/pharma-hemp.com\/wp-content\/uploads\/2025\/04\/Pharma-Hemp-logo_crn-1.png","contentUrl":"https:\/\/pharma-hemp.com\/wp-content\/uploads\/2025\/04\/Pharma-Hemp-logo_crn-1.png","width":200,"height":44,"caption":"PharmaHemp"},"image":{"@id":"https:\/\/pharma-hemp.com\/sl\/#\/schema\/logo\/image\/"}}]}},"_links":{"self":[{"href":"https:\/\/pharma-hemp.com\/sl\/wp-json\/wp\/v2\/pages\/3557","targetHints":{"allow":["GET"]}}],"collection":[{"href":"https:\/\/pharma-hemp.com\/sl\/wp-json\/wp\/v2\/pages"}],"about":[{"href":"https:\/\/pharma-hemp.com\/sl\/wp-json\/wp\/v2\/types\/page"}],"author":[{"embeddable":true,"href":"https:\/\/pharma-hemp.com\/sl\/wp-json\/wp\/v2\/users\/24310"}],"replies":[{"embeddable":true,"href":"https:\/\/pharma-hemp.com\/sl\/wp-json\/wp\/v2\/comments?post=3557"}],"version-history":[{"count":3,"href":"https:\/\/pharma-hemp.com\/sl\/wp-json\/wp\/v2\/pages\/3557\/revisions"}],"predecessor-version":[{"id":4035,"href":"https:\/\/pharma-hemp.com\/sl\/wp-json\/wp\/v2\/pages\/3557\/revisions\/4035"}],"wp:attachment":[{"href":"https:\/\/pharma-hemp.com\/sl\/wp-json\/wp\/v2\/media?parent=3557"}],"curies":[{"name":"wp","href":"https:\/\/api.w.org\/{rel}","templated":true}]}}