{"id":3478,"date":"2025-04-15T07:51:32","date_gmt":"2025-04-15T05:51:32","guid":{"rendered":"https:\/\/pharma-hemp.com\/cbd-insights\/"},"modified":"2026-05-14T15:04:33","modified_gmt":"2026-05-14T13:04:33","slug":"cbd-novosti","status":"publish","type":"page","link":"https:\/\/pharma-hemp.com\/sl\/cbd-novosti\/","title":{"rendered":"CBD Novosti"},"content":{"rendered":"\n\n\t<section class=\"section\" id=\"section_1230239070\">\n\t\t<div class=\"section-bg fill\" >\n\t\t\t\t\t\t\t\t\t\n\t\t\t\n\n\t\t<\/div>\n\n\t\t\n\n\t\t<div class=\"section-content relative\">\n\t\t\t\n\t<div class=\"img has-hover x md-x lg-x y md-y lg-y\" id=\"image_1384220397\">\n\t\t\t\t\t\t\t\t<div class=\"img-inner dark\" >\n\t\t\t<img decoding=\"async\" width=\"2172\" height=\"724\" src=\"https:\/\/pharma-hemp.com\/wp-content\/uploads\/2026\/05\/pharma-hemp-cbd-novosti-banner.jpeg\" class=\"attachment-original size-original\" alt=\"\" srcset=\"https:\/\/pharma-hemp.com\/wp-content\/uploads\/2026\/05\/pharma-hemp-cbd-novosti-banner.jpeg 2172w, https:\/\/pharma-hemp.com\/wp-content\/uploads\/2026\/05\/pharma-hemp-cbd-novosti-banner-300x100.jpeg 300w, https:\/\/pharma-hemp.com\/wp-content\/uploads\/2026\/05\/pharma-hemp-cbd-novosti-banner-1024x341.jpeg 1024w, https:\/\/pharma-hemp.com\/wp-content\/uploads\/2026\/05\/pharma-hemp-cbd-novosti-banner-768x256.jpeg 768w, https:\/\/pharma-hemp.com\/wp-content\/uploads\/2026\/05\/pharma-hemp-cbd-novosti-banner-1536x512.jpeg 1536w, https:\/\/pharma-hemp.com\/wp-content\/uploads\/2026\/05\/pharma-hemp-cbd-novosti-banner-2048x683.jpeg 2048w, https:\/\/pharma-hemp.com\/wp-content\/uploads\/2026\/05\/pharma-hemp-cbd-novosti-banner-800x267.jpeg 800w\" sizes=\"(max-width: 2172px) 100vw, 2172px\" \/>\t\t\t\t\t\t\n\t\t\t\t\t<\/div>\n\t\t\t\t\t\t\t\t\n<style>\n#image_1384220397 {\n  width: 100%;\n}\n<\/style>\n\t<\/div>\n\t\n\t\t<\/div>\n\n\t\t\n<style>\n#section_1230239070 {\n  padding-top: 0px;\n  padding-bottom: 0px;\n}\n<\/style>\n\t<\/section>\n\t\n\n\t<section class=\"section\" id=\"section_475119092\">\n\t\t<div class=\"section-bg fill\" >\n\t\t\t\t\t\t\t\t\t\n\t\t\t\n\n\t\t<\/div>\n\n\t\t\n\n\t\t<div class=\"section-content relative\">\n\t\t\t\n<div class=\"row\"  id=\"row-1701045073\">\n\n\t<div id=\"col-755026948\" class=\"col small-12 large-12\"  >\n\t\t\t\t<div class=\"col-inner\"  >\n\t\t\t\n\t\t\t\n\t<div id=\"text-2450397471\" class=\"text\">\n\t\t\n<p>Dobrodo\u0161li v svet CBD \u2013 tukaj boste na\u0161li poglobljene vpoglede,<br \/>najnovej\u0161e raziskave in koristne informacije za va\u0161e zdravje in dobro po\u010dutje.<\/p>\n<p>\n\t\t\n<style>\n#text-2450397471 {\n  text-align: center;\n}\n<\/style>\n\t<\/div>\n\t\n\t\t<\/div>\n\t\t\t\t\t<\/div>\n\n\t\n<\/div>\n\t\t<\/div>\n\n\t\t\n<style>\n#section_475119092 {\n  padding-top: 15px;\n  padding-bottom: 15px;\n}\n@media (min-width:550px) {\n  #section_475119092 {\n    padding-top: 60px;\n    padding-bottom: 60px;\n  }\n}\n<\/style>\n\t<\/section>\n\t\n\n\t<section class=\"section\" id=\"section_2099600614\">\n\t\t<div class=\"section-bg fill\" >\n\t\t\t\t\t\t\t\t\t\n\t\t\t\n\n\t\t<\/div>\n\n\t\t\n\n\t\t<div class=\"section-content relative\">\n\t\t\t\n<div class=\"row\"  id=\"row-2091253947\">\n\n\t<div id=\"col-2106538472\" class=\"col small-12 large-12\"  >\n\t\t\t\t<div class=\"col-inner\"  >\n\t\t\t\n\t\t\t\n\n    <div class=\"cbd-blog-archive-wrapper max-w-[1280px] mx-auto px-4 py-12\">\n        <div class=\"cbd-blog-archive-inner flex flex-col lg:flex-row gap-[60px]\">\n\n        <!-- Sidebar: Category Filter -->\n        <aside class=\"cbd-sidebar\">\n            <h3 class=\"sidebar-title mb-4 text-[24px] font-extrabold text-[#002755]\">Kategorije<\/h3>\n            <ul class=\"space-y-2 font-semibold text-[17px]\">\n                                    <li>\n                        <a href=\"https:\/\/pharma-hemp.com\/sl\/cbd-novosti\/?blog_cat=127\"\n                           class=\"\">\n                            Sprostitev                        <\/a>\n                    <\/li>\n                                    <li>\n                        <a href=\"https:\/\/pharma-hemp.com\/sl\/cbd-novosti\/?blog_cat=133\"\n                           class=\"\">\n                            Krepitev uma                        <\/a>\n                    <\/li>\n                                    <li>\n                        <a href=\"https:\/\/pharma-hemp.com\/sl\/cbd-novosti\/?blog_cat=131\"\n                           class=\"\">\n                            Imunski sistem                        <\/a>\n                    <\/li>\n                                    <li>\n                        <a href=\"https:\/\/pharma-hemp.com\/sl\/cbd-novosti\/?blog_cat=140\"\n                           class=\"\">\n                            Regeneracija                        <\/a>\n                    <\/li>\n                                    <li>\n                        <a href=\"https:\/\/pharma-hemp.com\/sl\/cbd-novosti\/?blog_cat=141\"\n                           class=\"\">\n                            Nega ko\u017ee                        <\/a>\n                    <\/li>\n                                    <li>\n                        <a href=\"https:\/\/pharma-hemp.com\/sl\/cbd-novosti\/?blog_cat=137\"\n                           class=\"\">\n                            Nega ljubljen\u010dkov                        <\/a>\n                    <\/li>\n                            <\/ul>\n        <\/aside>\n        <!-- Blog Posts Grid -->\n        <section class=\"w-full\">\n                            <div class=\"blog-post-grid\">\n                                            <div class=\"blog-post-grid-item\">\n    <a href=\"https:\/\/pharma-hemp.com\/sl\/kaj-nanesti-na-suho-kozo\/\" class=\"blog-post-large\">\n        <div class=\"blog-post-image\">\n            <img decoding=\"async\" width=\"1020\" height=\"574\" src=\"https:\/\/pharma-hemp.com\/wp-content\/uploads\/2026\/05\/suna-koz\u030ca-blog-pharma-hemp-1024x576.png\" class=\"attachment-large size-large wp-post-image\" alt=\"\" srcset=\"https:\/\/pharma-hemp.com\/wp-content\/uploads\/2026\/05\/suna-koz\u030ca-blog-pharma-hemp-1024x576.png 1024w, https:\/\/pharma-hemp.com\/wp-content\/uploads\/2026\/05\/suna-koz\u030ca-blog-pharma-hemp-300x169.png 300w, https:\/\/pharma-hemp.com\/wp-content\/uploads\/2026\/05\/suna-koz\u030ca-blog-pharma-hemp-768x432.png 768w, https:\/\/pharma-hemp.com\/wp-content\/uploads\/2026\/05\/suna-koz\u030ca-blog-pharma-hemp-800x450.png 800w, https:\/\/pharma-hemp.com\/wp-content\/uploads\/2026\/05\/suna-koz\u030ca-blog-pharma-hemp.png 1167w\" sizes=\"(max-width: 1020px) 100vw, 1020px\" \/>        <\/div>\n        <div class=\"blog-post-content\">\n            <h3 class=\"blog-title\">Kaj nanesti na suho ko\u017eo? Najbolj\u0161e sestavine, kreme in nasveti<\/h3>\n            <div class=\"blog-excerpt\">Kaj povzro\u010da suho ko\u017eo? Suha ko\u017ea lahko nastane zaradi razli\u010dnih zunanjih in notranjih dejavnikov. Najpogostej\u0161i vzroki vklju\u010dujejo: genetiko hladno klimo&hellip;<\/div>\n            <div class=\"blog-read-more\">\n\t\t\t\tPreberi ve\u010d\t\t\t\t<img decoding=\"async\" src=\"\/wp-content\/uploads\/2025\/04\/Arrow-18.png\" alt=\"arrow\" \/>\n\t\t\t<\/div>\n        <\/div>\n    <\/a>\n<\/div>\n                                            <div class=\"blog-post-grid-item\">\n    <a href=\"https:\/\/pharma-hemp.com\/sl\/najboljsa-krema-za-koleno\/\" class=\"blog-post-large\">\n        <div class=\"blog-post-image\">\n            <img decoding=\"async\" width=\"1020\" height=\"574\" src=\"https:\/\/pharma-hemp.com\/wp-content\/uploads\/2026\/05\/krema-za-koleno-blog-dr-kent-1024x576.png\" class=\"attachment-large size-large wp-post-image\" alt=\"\" srcset=\"https:\/\/pharma-hemp.com\/wp-content\/uploads\/2026\/05\/krema-za-koleno-blog-dr-kent-1024x576.png 1024w, https:\/\/pharma-hemp.com\/wp-content\/uploads\/2026\/05\/krema-za-koleno-blog-dr-kent-300x169.png 300w, https:\/\/pharma-hemp.com\/wp-content\/uploads\/2026\/05\/krema-za-koleno-blog-dr-kent-768x432.png 768w, https:\/\/pharma-hemp.com\/wp-content\/uploads\/2026\/05\/krema-za-koleno-blog-dr-kent-1536x864.png 1536w, https:\/\/pharma-hemp.com\/wp-content\/uploads\/2026\/05\/krema-za-koleno-blog-dr-kent-800x450.png 800w, https:\/\/pharma-hemp.com\/wp-content\/uploads\/2026\/05\/krema-za-koleno-blog-dr-kent.png 1680w\" sizes=\"(max-width: 1020px) 100vw, 1020px\" \/>        <\/div>\n        <div class=\"blog-post-content\">\n            <h3 class=\"blog-title\">Najbolj\u0161a krema za koleno \u2013 katera res pomaga pri bole\u010dinah?<\/h3>\n            <div class=\"blog-excerpt\">Bole\u010dine v kolenu so ena najpogostej\u0161ih te\u017eav pri gibanju, \u0161portu in vsakodnevnih obremenitvah. Ne glede na to, ali gre za&hellip;<\/div>\n            <div class=\"blog-read-more\">\n\t\t\t\tPreberi ve\u010d\t\t\t\t<img decoding=\"async\" src=\"\/wp-content\/uploads\/2025\/04\/Arrow-18.png\" alt=\"arrow\" \/>\n\t\t\t<\/div>\n        <\/div>\n    <\/a>\n<\/div>\n                                            <div class=\"blog-post-grid-item\">\n    <a href=\"https:\/\/pharma-hemp.com\/sl\/najboljsa-krema-proti-srbenju-koze-kako-izbrati-pravo-resitev\/\" class=\"blog-post-large\">\n        <div class=\"blog-post-image\">\n            <img decoding=\"async\" width=\"1020\" height=\"574\" src=\"https:\/\/pharma-hemp.com\/wp-content\/uploads\/2026\/05\/krema-proti-srbenju-pharma-hemp-1024x576.png\" class=\"attachment-large size-large wp-post-image\" alt=\"\" srcset=\"https:\/\/pharma-hemp.com\/wp-content\/uploads\/2026\/05\/krema-proti-srbenju-pharma-hemp-1024x576.png 1024w, https:\/\/pharma-hemp.com\/wp-content\/uploads\/2026\/05\/krema-proti-srbenju-pharma-hemp-300x169.png 300w, https:\/\/pharma-hemp.com\/wp-content\/uploads\/2026\/05\/krema-proti-srbenju-pharma-hemp-768x432.png 768w, https:\/\/pharma-hemp.com\/wp-content\/uploads\/2026\/05\/krema-proti-srbenju-pharma-hemp-1536x864.png 1536w, https:\/\/pharma-hemp.com\/wp-content\/uploads\/2026\/05\/krema-proti-srbenju-pharma-hemp-800x450.png 800w, https:\/\/pharma-hemp.com\/wp-content\/uploads\/2026\/05\/krema-proti-srbenju-pharma-hemp.png 1540w\" sizes=\"(max-width: 1020px) 100vw, 1020px\" \/>        <\/div>\n        <div class=\"blog-post-content\">\n            <h3 class=\"blog-title\">Najbolj\u0161a krema proti srbenju ko\u017ee: kako izbrati pravo re\u0161itev?<\/h3>\n            <div class=\"blog-excerpt\">Srbe\u010da ko\u017ea je ena najpogostej\u0161ih te\u017eav pri ob\u010dutljivi, suhi ali razdra\u017eeni ko\u017ei. Srbenje ko\u017ee se lahko pojavi zaradi suhe ko\u017ee,&hellip;<\/div>\n            <div class=\"blog-read-more\">\n\t\t\t\tPreberi ve\u010d\t\t\t\t<img decoding=\"async\" src=\"\/wp-content\/uploads\/2025\/04\/Arrow-18.png\" alt=\"arrow\" \/>\n\t\t\t<\/div>\n        <\/div>\n    <\/a>\n<\/div>\n                                            <div class=\"blog-post-grid-item\">\n    <a href=\"https:\/\/pharma-hemp.com\/sl\/rdecica-na-obrazu\/\" class=\"blog-post-large\">\n        <div class=\"blog-post-image\">\n            <img decoding=\"async\" width=\"1020\" height=\"574\" src=\"https:\/\/pharma-hemp.com\/wp-content\/uploads\/2026\/04\/pharma-hemp-blog-rdec\u030cica-na-obrazu-1024x576.png\" class=\"attachment-large size-large wp-post-image\" alt=\"\" srcset=\"https:\/\/pharma-hemp.com\/wp-content\/uploads\/2026\/04\/pharma-hemp-blog-rdec\u030cica-na-obrazu-1024x576.png 1024w, https:\/\/pharma-hemp.com\/wp-content\/uploads\/2026\/04\/pharma-hemp-blog-rdec\u030cica-na-obrazu-300x169.png 300w, https:\/\/pharma-hemp.com\/wp-content\/uploads\/2026\/04\/pharma-hemp-blog-rdec\u030cica-na-obrazu-768x432.png 768w, https:\/\/pharma-hemp.com\/wp-content\/uploads\/2026\/04\/pharma-hemp-blog-rdec\u030cica-na-obrazu-1536x864.png 1536w, https:\/\/pharma-hemp.com\/wp-content\/uploads\/2026\/04\/pharma-hemp-blog-rdec\u030cica-na-obrazu-800x450.png 800w, https:\/\/pharma-hemp.com\/wp-content\/uploads\/2026\/04\/pharma-hemp-blog-rdec\u030cica-na-obrazu.png 1680w\" sizes=\"(max-width: 1020px) 100vw, 1020px\" \/>        <\/div>\n        <div class=\"blog-post-content\">\n            <h3 class=\"blog-title\">Rde\u010dica na obrazu: vzroki, simptomi in kako jo zmanj\u0161ati<\/h3>\n            <div class=\"blog-excerpt\">Rde\u010dica na obrazu je pogosta te\u017eava, zato je vpra\u0161anje \u201czakaj imam rde\u010d obraz?\u201d zelo pogosto. Kratek odgovor je, da jo&hellip;<\/div>\n            <div class=\"blog-read-more\">\n\t\t\t\tPreberi ve\u010d\t\t\t\t<img decoding=\"async\" src=\"\/wp-content\/uploads\/2025\/04\/Arrow-18.png\" alt=\"arrow\" \/>\n\t\t\t<\/div>\n        <\/div>\n    <\/a>\n<\/div>\n                                            <div class=\"blog-post-grid-item\">\n    <a href=\"https:\/\/pharma-hemp.com\/sl\/najboljsa-vlazilna-krema-za-obraz\/\" class=\"blog-post-large\">\n        <div class=\"blog-post-image\">\n            <img decoding=\"async\" width=\"1020\" height=\"769\" src=\"https:\/\/pharma-hemp.com\/wp-content\/uploads\/2026\/04\/MIKKA-day-and-night-cream-e1775048106332-1024x772.png\" class=\"attachment-large size-large wp-post-image\" alt=\"\" srcset=\"https:\/\/pharma-hemp.com\/wp-content\/uploads\/2026\/04\/MIKKA-day-and-night-cream-e1775048106332-1024x772.png 1024w, https:\/\/pharma-hemp.com\/wp-content\/uploads\/2026\/04\/MIKKA-day-and-night-cream-e1775048106332-300x226.png 300w, https:\/\/pharma-hemp.com\/wp-content\/uploads\/2026\/04\/MIKKA-day-and-night-cream-e1775048106332-768x579.png 768w, https:\/\/pharma-hemp.com\/wp-content\/uploads\/2026\/04\/MIKKA-day-and-night-cream-e1775048106332-800x603.png 800w, https:\/\/pharma-hemp.com\/wp-content\/uploads\/2026\/04\/MIKKA-day-and-night-cream-e1775048106332.png 1130w\" sizes=\"(max-width: 1020px) 100vw, 1020px\" \/>        <\/div>\n        <div class=\"blog-post-content\">\n            <h3 class=\"blog-title\">Najbolj\u0161a vla\u017eilna krema za obraz (2026): Kako izbrati pravo za svoj tip ko\u017ee<\/h3>\n            <div class=\"blog-excerpt\">Izbira najbolj\u0161e vla\u017eilne kreme za obraz je pogosto bolj zapletena, kot se zdi na prvi pogled. Ko\u017ea je lahko suha,&hellip;<\/div>\n            <div class=\"blog-read-more\">\n\t\t\t\tPreberi ve\u010d\t\t\t\t<img decoding=\"async\" src=\"\/wp-content\/uploads\/2025\/04\/Arrow-18.png\" alt=\"arrow\" \/>\n\t\t\t<\/div>\n        <\/div>\n    <\/a>\n<\/div>\n                                            <div class=\"blog-post-grid-item\">\n    <a href=\"https:\/\/pharma-hemp.com\/sl\/cbd-pasta-delovanje\/\" class=\"blog-post-large\">\n        <div class=\"blog-post-image\">\n            <img decoding=\"async\" width=\"600\" height=\"600\" src=\"https:\/\/pharma-hemp.com\/wp-content\/uploads\/2025\/07\/therapy-2.png\" class=\"attachment-large size-large wp-post-image\" alt=\"\" srcset=\"https:\/\/pharma-hemp.com\/wp-content\/uploads\/2025\/07\/therapy-2.png 600w, https:\/\/pharma-hemp.com\/wp-content\/uploads\/2025\/07\/therapy-2-510x510.png 510w, https:\/\/pharma-hemp.com\/wp-content\/uploads\/2025\/07\/therapy-2-100x100.png 100w, https:\/\/pharma-hemp.com\/wp-content\/uploads\/2025\/07\/therapy-2-300x300.png 300w, https:\/\/pharma-hemp.com\/wp-content\/uploads\/2025\/07\/therapy-2-150x150.png 150w\" sizes=\"(max-width: 600px) 100vw, 600px\" \/>        <\/div>\n        <div class=\"blog-post-content\">\n            <h3 class=\"blog-title\">CBD pasta delovanje: Kako deluje, prednosti in kako jo uporabljati<\/h3>\n            <div class=\"blog-excerpt\">Bole\u010dina, stres in nespe\u010dnost so postali del sodobnega \u017eivljenja. Vedno ve\u010d ljudi i\u0161\u010de naravne re\u0161itve, ki delujejo hitro in hkrati&hellip;<\/div>\n            <div class=\"blog-read-more\">\n\t\t\t\tPreberi ve\u010d\t\t\t\t<img decoding=\"async\" src=\"\/wp-content\/uploads\/2025\/04\/Arrow-18.png\" alt=\"arrow\" \/>\n\t\t\t<\/div>\n        <\/div>\n    <\/a>\n<\/div>\n                                    <\/div>\n                <!-- Pagination -->\n                <div class=\"mt-10\">\n                    <span aria-label=\"Stran 1\" aria-current=\"page\" class=\"page-numbers current\">1<\/span>\n<a aria-label=\"Stran 2\" class=\"page-numbers\" href=\"https:\/\/pharma-hemp.com\/sl\/wp-json\/wp\/v2\/pages\/3478\/?paged=2\">2<\/a>\n<a aria-label=\"Stran 3\" class=\"page-numbers\" href=\"https:\/\/pharma-hemp.com\/sl\/wp-json\/wp\/v2\/pages\/3478\/?paged=3\">3<\/a>\n<span class=\"page-numbers dots\">&hellip;<\/span>\n<a aria-label=\"Stran 24\" class=\"page-numbers\" href=\"https:\/\/pharma-hemp.com\/sl\/wp-json\/wp\/v2\/pages\/3478\/?paged=24\">24<\/a>\n<a class=\"next page-numbers\" href=\"https:\/\/pharma-hemp.com\/sl\/wp-json\/wp\/v2\/pages\/3478\/?paged=2\">&raquo;<\/a>                <\/div>\n                                <\/section>\n        <\/div>\n    <\/div>\n    \n\n\t\t<\/div>\n\t\t\t\t\t<\/div>\n\n\t\n<\/div>\n\t\t<\/div>\n\n\t\t\n<style>\n#section_2099600614 {\n  padding-top: 15px;\n  padding-bottom: 15px;\n}\n@media (min-width:550px) {\n  #section_2099600614 {\n    padding-top: 30px;\n    padding-bottom: 30px;\n  }\n}\n<\/style>\n\t<\/section>\n\t\n","protected":false},"excerpt":{"rendered":"","protected":false},"author":24310,"featured_media":0,"parent":0,"menu_order":0,"comment_status":"closed","ping_status":"closed","template":"","meta":{"footnotes":""},"class_list":["post-3478","page","type-page","status-publish","hentry"],"acf":[],"yoast_head":"<!-- This site is optimized with the Yoast SEO plugin v27.3 - https:\/\/yoast.com\/product\/yoast-seo-wordpress\/ -->\n<title>CBD blog PharmaHemp \u2013 Nasveti, raziskave in novosti - Pharma Hemp<\/title>\n<meta name=\"description\" content=\"CBD blog PharmaHemp \u2013 Nasveti, raziskave in novosti.\" \/>\n<meta name=\"robots\" content=\"index, follow, max-snippet:-1, max-image-preview:large, max-video-preview:-1\" \/>\n<link rel=\"canonical\" href=\"https:\/\/pharma-hemp.com\/sl\/cbd-novosti\/\" \/>\n<meta property=\"og:locale\" content=\"sl_SI\" \/>\n<meta property=\"og:type\" content=\"article\" \/>\n<meta property=\"og:title\" content=\"CBD blog PharmaHemp \u2013 Nasveti, raziskave in novosti - Pharma Hemp\" \/>\n<meta property=\"og:description\" content=\"CBD blog PharmaHemp \u2013 Nasveti, raziskave in novosti.\" \/>\n<meta property=\"og:url\" content=\"https:\/\/pharma-hemp.com\/sl\/cbd-novosti\/\" \/>\n<meta property=\"og:site_name\" content=\"Pharma Hemp\" \/>\n<meta property=\"article:modified_time\" content=\"2026-05-14T13:04:33+00:00\" \/>\n<meta property=\"og:image\" content=\"https:\/\/pharma-hemp.com\/wp-content\/uploads\/2025\/04\/Pharma-Hemp-logo_crn-1.png\" \/>\n\t<meta property=\"og:image:width\" content=\"200\" \/>\n\t<meta property=\"og:image:height\" content=\"44\" \/>\n\t<meta property=\"og:image:type\" content=\"image\/png\" \/>\n<meta name=\"twitter:card\" content=\"summary_large_image\" \/>\n<meta name=\"twitter:label1\" content=\"Est. reading time\" \/>\n\t<meta name=\"twitter:data1\" content=\"1 minuta\" \/>\n<script type=\"application\/ld+json\" class=\"yoast-schema-graph\">{\"@context\":\"https:\\\/\\\/schema.org\",\"@graph\":[{\"@type\":\"WebPage\",\"@id\":\"https:\\\/\\\/pharma-hemp.com\\\/sl\\\/cbd-novosti\\\/\",\"url\":\"https:\\\/\\\/pharma-hemp.com\\\/sl\\\/cbd-novosti\\\/\",\"name\":\"CBD blog PharmaHemp \u2013 Nasveti, raziskave in novosti - Pharma Hemp\",\"isPartOf\":{\"@id\":\"https:\\\/\\\/pharma-hemp.com\\\/sl\\\/#website\"},\"datePublished\":\"2025-04-15T05:51:32+00:00\",\"dateModified\":\"2026-05-14T13:04:33+00:00\",\"description\":\"CBD blog PharmaHemp \u2013 Nasveti, raziskave in novosti.\",\"breadcrumb\":{\"@id\":\"https:\\\/\\\/pharma-hemp.com\\\/sl\\\/cbd-novosti\\\/#breadcrumb\"},\"inLanguage\":\"sl-SI\",\"potentialAction\":[{\"@type\":\"ReadAction\",\"target\":[\"https:\\\/\\\/pharma-hemp.com\\\/sl\\\/cbd-novosti\\\/\"]}]},{\"@type\":\"BreadcrumbList\",\"@id\":\"https:\\\/\\\/pharma-hemp.com\\\/sl\\\/cbd-novosti\\\/#breadcrumb\",\"itemListElement\":[{\"@type\":\"ListItem\",\"position\":1,\"name\":\"Home\",\"item\":\"https:\\\/\\\/pharma-hemp.com\\\/sl\\\/\"},{\"@type\":\"ListItem\",\"position\":2,\"name\":\"CBD Novosti\"}]},{\"@type\":\"WebSite\",\"@id\":\"https:\\\/\\\/pharma-hemp.com\\\/sl\\\/#website\",\"url\":\"https:\\\/\\\/pharma-hemp.com\\\/sl\\\/\",\"name\":\"Pharma Hemp\",\"description\":\"CBD store\",\"publisher\":{\"@id\":\"https:\\\/\\\/pharma-hemp.com\\\/sl\\\/#organization\"},\"potentialAction\":[{\"@type\":\"SearchAction\",\"target\":{\"@type\":\"EntryPoint\",\"urlTemplate\":\"https:\\\/\\\/pharma-hemp.com\\\/sl\\\/?s={search_term_string}\"},\"query-input\":{\"@type\":\"PropertyValueSpecification\",\"valueRequired\":true,\"valueName\":\"search_term_string\"}}],\"inLanguage\":\"sl-SI\"},{\"@type\":\"Organization\",\"@id\":\"https:\\\/\\\/pharma-hemp.com\\\/sl\\\/#organization\",\"name\":\"PharmaHemp\",\"url\":\"https:\\\/\\\/pharma-hemp.com\\\/sl\\\/\",\"logo\":{\"@type\":\"ImageObject\",\"inLanguage\":\"sl-SI\",\"@id\":\"https:\\\/\\\/pharma-hemp.com\\\/sl\\\/#\\\/schema\\\/logo\\\/image\\\/\",\"url\":\"https:\\\/\\\/pharma-hemp.com\\\/wp-content\\\/uploads\\\/2025\\\/04\\\/Pharma-Hemp-logo_crn-1.png\",\"contentUrl\":\"https:\\\/\\\/pharma-hemp.com\\\/wp-content\\\/uploads\\\/2025\\\/04\\\/Pharma-Hemp-logo_crn-1.png\",\"width\":200,\"height\":44,\"caption\":\"PharmaHemp\"},\"image\":{\"@id\":\"https:\\\/\\\/pharma-hemp.com\\\/sl\\\/#\\\/schema\\\/logo\\\/image\\\/\"}}]}<\/script>\n<!-- \/ Yoast SEO plugin. -->","yoast_head_json":{"title":"CBD blog PharmaHemp \u2013 Nasveti, raziskave in novosti - Pharma Hemp","description":"CBD blog PharmaHemp \u2013 Nasveti, raziskave in novosti.","robots":{"index":"index","follow":"follow","max-snippet":"max-snippet:-1","max-image-preview":"max-image-preview:large","max-video-preview":"max-video-preview:-1"},"canonical":"https:\/\/pharma-hemp.com\/sl\/cbd-novosti\/","og_locale":"sl_SI","og_type":"article","og_title":"CBD blog PharmaHemp \u2013 Nasveti, raziskave in novosti - Pharma Hemp","og_description":"CBD blog PharmaHemp \u2013 Nasveti, raziskave in novosti.","og_url":"https:\/\/pharma-hemp.com\/sl\/cbd-novosti\/","og_site_name":"Pharma Hemp","article_modified_time":"2026-05-14T13:04:33+00:00","og_image":[{"width":200,"height":44,"url":"https:\/\/pharma-hemp.com\/wp-content\/uploads\/2025\/04\/Pharma-Hemp-logo_crn-1.png","type":"image\/png"}],"twitter_card":"summary_large_image","twitter_misc":{"Est. reading time":"1 minuta"},"schema":{"@context":"https:\/\/schema.org","@graph":[{"@type":"WebPage","@id":"https:\/\/pharma-hemp.com\/sl\/cbd-novosti\/","url":"https:\/\/pharma-hemp.com\/sl\/cbd-novosti\/","name":"CBD blog PharmaHemp \u2013 Nasveti, raziskave in novosti - Pharma Hemp","isPartOf":{"@id":"https:\/\/pharma-hemp.com\/sl\/#website"},"datePublished":"2025-04-15T05:51:32+00:00","dateModified":"2026-05-14T13:04:33+00:00","description":"CBD blog PharmaHemp \u2013 Nasveti, raziskave in novosti.","breadcrumb":{"@id":"https:\/\/pharma-hemp.com\/sl\/cbd-novosti\/#breadcrumb"},"inLanguage":"sl-SI","potentialAction":[{"@type":"ReadAction","target":["https:\/\/pharma-hemp.com\/sl\/cbd-novosti\/"]}]},{"@type":"BreadcrumbList","@id":"https:\/\/pharma-hemp.com\/sl\/cbd-novosti\/#breadcrumb","itemListElement":[{"@type":"ListItem","position":1,"name":"Home","item":"https:\/\/pharma-hemp.com\/sl\/"},{"@type":"ListItem","position":2,"name":"CBD Novosti"}]},{"@type":"WebSite","@id":"https:\/\/pharma-hemp.com\/sl\/#website","url":"https:\/\/pharma-hemp.com\/sl\/","name":"Pharma Hemp","description":"CBD store","publisher":{"@id":"https:\/\/pharma-hemp.com\/sl\/#organization"},"potentialAction":[{"@type":"SearchAction","target":{"@type":"EntryPoint","urlTemplate":"https:\/\/pharma-hemp.com\/sl\/?s={search_term_string}"},"query-input":{"@type":"PropertyValueSpecification","valueRequired":true,"valueName":"search_term_string"}}],"inLanguage":"sl-SI"},{"@type":"Organization","@id":"https:\/\/pharma-hemp.com\/sl\/#organization","name":"PharmaHemp","url":"https:\/\/pharma-hemp.com\/sl\/","logo":{"@type":"ImageObject","inLanguage":"sl-SI","@id":"https:\/\/pharma-hemp.com\/sl\/#\/schema\/logo\/image\/","url":"https:\/\/pharma-hemp.com\/wp-content\/uploads\/2025\/04\/Pharma-Hemp-logo_crn-1.png","contentUrl":"https:\/\/pharma-hemp.com\/wp-content\/uploads\/2025\/04\/Pharma-Hemp-logo_crn-1.png","width":200,"height":44,"caption":"PharmaHemp"},"image":{"@id":"https:\/\/pharma-hemp.com\/sl\/#\/schema\/logo\/image\/"}}]}},"_links":{"self":[{"href":"https:\/\/pharma-hemp.com\/sl\/wp-json\/wp\/v2\/pages\/3478","targetHints":{"allow":["GET"]}}],"collection":[{"href":"https:\/\/pharma-hemp.com\/sl\/wp-json\/wp\/v2\/pages"}],"about":[{"href":"https:\/\/pharma-hemp.com\/sl\/wp-json\/wp\/v2\/types\/page"}],"author":[{"embeddable":true,"href":"https:\/\/pharma-hemp.com\/sl\/wp-json\/wp\/v2\/users\/24310"}],"replies":[{"embeddable":true,"href":"https:\/\/pharma-hemp.com\/sl\/wp-json\/wp\/v2\/comments?post=3478"}],"version-history":[{"count":5,"href":"https:\/\/pharma-hemp.com\/sl\/wp-json\/wp\/v2\/pages\/3478\/revisions"}],"predecessor-version":[{"id":581167,"href":"https:\/\/pharma-hemp.com\/sl\/wp-json\/wp\/v2\/pages\/3478\/revisions\/581167"}],"wp:attachment":[{"href":"https:\/\/pharma-hemp.com\/sl\/wp-json\/wp\/v2\/media?parent=3478"}],"curies":[{"name":"wp","href":"https:\/\/api.w.org\/{rel}","templated":true}]}}