{"id":3465,"date":"2025-04-28T21:50:14","date_gmt":"2025-04-28T19:50:14","guid":{"rendered":"https:\/\/pharma-hemp.com\/faq\/"},"modified":"2026-02-15T21:22:45","modified_gmt":"2026-02-15T19:22:45","slug":"faq","status":"publish","type":"page","link":"https:\/\/pharma-hemp.com\/sl\/faq\/","title":{"rendered":"POGOSTA VPRA\u0160ANJA"},"content":{"rendered":"\n\t<section class=\"section has-parallax\" id=\"section_505293656\">\n\t\t<div class=\"section-bg fill\" data-parallax-container=\".section\" data-parallax-background data-parallax=\"-2\">\n\t\t\t<img decoding=\"async\" width=\"1945\" height=\"2125\" src=\"https:\/\/pharma-hemp.com\/wp-content\/uploads\/2025\/09\/Pharma-hemp-background-faq-3.png\" class=\"bg attachment- size-\" alt=\"\" \/>\t\t\t\t\t\t\n\t\t\t\n\n\t\t<\/div>\n\n\t\t\n\n\t\t<div class=\"section-content relative\">\n\t\t\t\n<div class=\"row\"  id=\"row-826034558\">\n\n\t<div id=\"col-1062731611\" class=\"col small-12 large-12\"  >\n\t\t\t\t<div class=\"col-inner\"  >\n\t\t\t\n\t\t\t\n\t<div id=\"text-1356767661\" class=\"text\">\n\t\t\n<h2 class=\"title\">Odgovori na va\u0161a vpra\u0161anja<\/h2>\n\t\t\n<style>\n#text-1356767661 {\n  text-align: center;\n  color: rgb(0, 39, 85);\n}\n#text-1356767661 > * {\n  color: rgb(0, 39, 85);\n}\n<\/style>\n\t<\/div>\n\t\n<div class=\"row row-collapse align-center\"  id=\"row-1204904370\">\n\n\t<div id=\"col-430869902\" class=\"col medium-10 small-11 large-10\"  >\n\t\t\t\t<div class=\"col-inner\"  >\n\t\t\t\n\t\t\t\n\t<div id=\"gap-1781144772\" class=\"gap-element clearfix\" style=\"display:block; height:auto;\">\n\t\t\n<style>\n#gap-1781144772 {\n  padding-top: 15px;\n}\n<\/style>\n\t<\/div>\n\t\n<div class=\"accordion\">\n\t<div id=\"accordion-428953841\" class=\"accordion-item\">\n\t\t<a id=\"accordion-428953841-label\" class=\"accordion-title plain\" href=\"#accordion-item-kaj-so-kanabinoidi?\" aria-expanded=\"false\" aria-controls=\"accordion-428953841-content\">\n\t\t\t<button class=\"toggle\" aria-label=\"Toggle\"><i class=\"icon-angle-down\" aria-hidden=\"true\"><\/i><\/button>\n\t\t\t<span>Kaj so kanabinoidi?<\/span>\n\t\t<\/a>\n\t\t<div id=\"accordion-428953841-content\" class=\"accordion-inner\" aria-labelledby=\"accordion-428953841-label\">\n\t\t\t\n\t<div id=\"text-1631283615\" class=\"text\">\n\t\t\n<p style=\"text-align: justify;\">Kanabinoidi so glavne zvezde rastline konoplje, ki delujejo sinhronizirano z endokanabinoidnim sistemom (ECS) va\u0161ega telesa in skrbijo za ravnovesje. Glavna imena? CBD (mir in ravnovesje), CBG (osredoto\u010denost in jasnost), CBN (globok spanec) in THC (tisti, ki vas opija &#8211; brez skrbi, to smo izpustili). Te spojine pomagajo uravnavati razpolo\u017eenje, bole\u010dino, spanje in odpornost, zato so bistvene za vsakodnevno dobro po\u010dutje.   <\/p>\n\t\t\n<style>\n#text-1631283615 {\n  text-align: left;\n}\n<\/style>\n\t<\/div>\n\t\n\t\t<\/div>\n\t<\/div>\n\t\n\t<div id=\"accordion-2827877146\" class=\"accordion-item\">\n\t\t<a id=\"accordion-2827877146-label\" class=\"accordion-title plain\" href=\"#accordion-item-ali-me-bo-cbd-(kanabidiol)-opijal\" aria-expanded=\"false\" aria-controls=\"accordion-2827877146-content\">\n\t\t\t<button class=\"toggle\" aria-label=\"Toggle\"><i class=\"icon-angle-down\" aria-hidden=\"true\"><\/i><\/button>\n\t\t\t<span>Ali me bo CBD (kanabidiol) opijal<\/span>\n\t\t<\/a>\n\t\t<div id=\"accordion-2827877146-content\" class=\"accordion-inner\" aria-labelledby=\"accordion-2827877146-label\">\n\t\t\t\n\t<div id=\"text-2753856486\" class=\"text\">\n\t\t\n<p style=\"text-align: justify;\"><strong>Ne.<\/strong>  CBD je povsem miren, brez \u0161umenja. V nasprotju s THC vam ne zme\u0161a glave &#8211; le pomaga vam, da se sprostite, ponastavite in najdete ravnovesje. <\/p>\n\t\t\n<style>\n#text-2753856486 {\n  text-align: left;\n}\n<\/style>\n\t<\/div>\n\t\n\t\t<\/div>\n\t<\/div>\n\t\n\t<div id=\"accordion-981980985\" class=\"accordion-item\">\n\t\t<a id=\"accordion-981980985-label\" class=\"accordion-title plain\" href=\"#accordion-item-kak\u0161ne-so-prednosti-cbd-(kanabidiola)?\" aria-expanded=\"false\" aria-controls=\"accordion-981980985-content\">\n\t\t\t<button class=\"toggle\" aria-label=\"Toggle\"><i class=\"icon-angle-down\" aria-hidden=\"true\"><\/i><\/button>\n\t\t\t<span>Kak\u0161ne so prednosti CBD (kanabidiola)?<\/span>\n\t\t<\/a>\n\t\t<div id=\"accordion-981980985-content\" class=\"accordion-inner\" aria-labelledby=\"accordion-981980985-label\">\n\t\t\t\n\t<div id=\"text-767444098\" class=\"text\">\n\t\t\n<p>Znano je, da CBD podpira:<\/p>\n<ul>\n<li><strong>Sprostitev stresa in tesnobe<\/strong> &#8211; poskrbi za umirjenost uma in telesa.<\/li>\n<li><strong>Bolj\u0161i spanec<\/strong> &#8211; spodbuja globok in kakovosten po\u010ditek.<\/li>\n<li><strong>Bole\u010dina in vnetje<\/strong> &#8211; bla\u017ei nelagodje in podpira okrevanje.<\/li>\n<li><strong>Osredoto\u010denost in jasnost misli<\/strong> &#8211; odpravlja mo\u017egansko meglo in izbolj\u0161uje koncentracijo.<\/li>\n<li><strong>Podpora imunskega sistema<\/strong> &#8211; Krepi naravno obrambo telesa.<\/li>\n<\/ul>\n<p>Preprosto. Mo\u010dna. Podprta z naravo.<\/p>\n\t\t\n<style>\n#text-767444098 {\n  text-align: left;\n}\n<\/style>\n\t<\/div>\n\t\n\t\t<\/div>\n\t<\/div>\n\t\n\t<div id=\"accordion-954799011\" class=\"accordion-item\">\n\t\t<a id=\"accordion-954799011-label\" class=\"accordion-title plain\" href=\"#accordion-item-kako-dolgo-cbd-deluje?\" aria-expanded=\"false\" aria-controls=\"accordion-954799011-content\">\n\t\t\t<button class=\"toggle\" aria-label=\"Toggle\"><i class=\"icon-angle-down\" aria-hidden=\"true\"><\/i><\/button>\n\t\t\t<span>Kako dolgo CBD deluje?<\/span>\n\t\t<\/a>\n\t\t<div id=\"accordion-954799011-content\" class=\"accordion-inner\" aria-labelledby=\"accordion-954799011-label\">\n\t\t\t\n\t<div id=\"text-1355865374\" class=\"text\">\n\t\t\n<p style=\"text-align: justify;\">\u010cas je odvisen od na\u010dina jemanja. Tukaj je raz\u010dlenitev: <\/p>\n<ul>\n<li style=\"text-align: justify;\"><strong>Olja CBD<\/strong> (kapljice pod jezik) &#8211; Za hitro olaj\u0161anje u\u010dinkujejo <strong>v 15-30 minutah<\/strong>.<\/li>\n<li style=\"text-align: justify;\"><strong>CBD Edibles<\/strong> (kapsule, \u017eve\u010dilke) &#8211; <strong>do<\/strong> popolne absorpcije <strong>prete\u010de 30-90 minut<\/strong>, u\u010dinki pa trajajo dlje.<\/li>\n<li style=\"text-align: justify;\"><strong>Aktualni CBD<\/strong> (kreme, balzami, serumi) &#8211; <strong>Deluje v 15-45 minutah<\/strong> na mestu, kjer ga potrebujete.<\/li>\n<\/ul>\n\t\t\n<style>\n#text-1355865374 {\n  text-align: left;\n}\n<\/style>\n\t<\/div>\n\t\n\t\t<\/div>\n\t<\/div>\n\t\n\t<div id=\"accordion-332136836\" class=\"accordion-item\">\n\t\t<a id=\"accordion-332136836-label\" class=\"accordion-title plain\" href=\"#accordion-item-ali-je-cbd-zakonit?\" aria-expanded=\"false\" aria-controls=\"accordion-332136836-content\">\n\t\t\t<button class=\"toggle\" aria-label=\"Toggle\"><i class=\"icon-angle-down\" aria-hidden=\"true\"><\/i><\/button>\n\t\t\t<span>Ali je CBD zakonit?<\/span>\n\t\t<\/a>\n\t\t<div id=\"accordion-332136836-content\" class=\"accordion-inner\" aria-labelledby=\"accordion-332136836-label\">\n\t\t\t\n\t<div id=\"text-919384139\" class=\"text\">\n\t\t\n<p style=\"text-align: justify;\"><strong>Odvisno od tega, kje se nahajate.<\/strong>  V mnogih krajih je CBD iz konoplje z manj kot 0,3 % THC dovoljen. Vendar imajo nekatere regije omejitve, zato pred nakupom vedno preverite lokalne zakone. <\/p>\n\t\t\n<style>\n#text-919384139 {\n  text-align: left;\n}\n<\/style>\n\t<\/div>\n\t\n\t\t<\/div>\n\t<\/div>\n\t\n\t<div id=\"accordion-1954917315\" class=\"accordion-item\">\n\t\t<a id=\"accordion-1954917315-label\" class=\"accordion-title plain\" href=\"#accordion-item-ali-lahko-cbd-medsebojno-deluje-z-zdravili?\" aria-expanded=\"false\" aria-controls=\"accordion-1954917315-content\">\n\t\t\t<button class=\"toggle\" aria-label=\"Toggle\"><i class=\"icon-angle-down\" aria-hidden=\"true\"><\/i><\/button>\n\t\t\t<span>Ali lahko CBD medsebojno deluje z zdravili?<\/span>\n\t\t<\/a>\n\t\t<div id=\"accordion-1954917315-content\" class=\"accordion-inner\" aria-labelledby=\"accordion-1954917315-label\">\n\t\t\t\n\t<div id=\"text-2783656853\" class=\"text\">\n\t\t\n<p>Ja, lahko. CBD vpliva na jetrne encime (CYP450), ki predelujejo \u0161tevilna zdravila.  <strong>\u010ce jemljete zdravila na recept, se pred uporabo CBD posvetujte z zdravnikom.<\/strong><\/p>\n\t\t\n<style>\n#text-2783656853 {\n  text-align: left;\n}\n<\/style>\n\t<\/div>\n\t\n\t\t<\/div>\n\t<\/div>\n\t\n\t<div id=\"accordion-866213306\" class=\"accordion-item\">\n\t\t<a id=\"accordion-866213306-label\" class=\"accordion-title plain\" href=\"#accordion-item-kako-vem,-kak\u0161en-odmerek-cbd-naj-vzamem?\" aria-expanded=\"false\" aria-controls=\"accordion-866213306-content\">\n\t\t\t<button class=\"toggle\" aria-label=\"Toggle\"><i class=\"icon-angle-down\" aria-hidden=\"true\"><\/i><\/button>\n\t\t\t<span>Kako vem, kak\u0161en odmerek CBD naj vzamem?<\/span>\n\t\t<\/a>\n\t\t<div id=\"accordion-866213306-content\" class=\"accordion-inner\" aria-labelledby=\"accordion-866213306-label\">\n\t\t\t\n\t<div id=\"text-2782300478\" class=\"text\">\n\t\t\n<p>Odmerjanje je odvisno od va\u0161ega telesa, presnove in na\u010dina uporabe. Tukaj je preprost vodnik: <\/p>\n<ul>\n<li><strong>Majhen odmerek (30 mg)<\/strong> &#8211; kot nala\u0161\u010d za za\u010detnike ali blago olaj\u0161anje.<\/li>\n<li><strong>Srednji odmerek (60 mg)<\/strong> &#8211; primeren za zmeren stres, spanje ali sprostitev.<\/li>\n<li><strong>Velik odmerek (100+ mg)<\/strong> &#8211; najbolj\u0161i za kroni\u010dno bole\u010dino ali hudo tesnobo.<\/li>\n<\/ul>\n<p>Zlato pravilo? Za\u010dnite na nizki ravni in po\u010dasi. Po potrebi jih prilagodite, dokler ne najdete svojega najbolj\u0161ega polo\u017eaja.<\/p>\n\t\t\n<style>\n#text-2782300478 {\n  text-align: left;\n}\n<\/style>\n\t<\/div>\n\t\n\t\t<\/div>\n\t<\/div>\n\t\n\t<div id=\"accordion-2820293516\" class=\"accordion-item\">\n\t\t<a id=\"accordion-2820293516-label\" class=\"accordion-title plain\" href=\"#accordion-item-kaj-so-terpeni-in-zakaj-so-pomembni?\" aria-expanded=\"false\" aria-controls=\"accordion-2820293516-content\">\n\t\t\t<button class=\"toggle\" aria-label=\"Toggle\"><i class=\"icon-angle-down\" aria-hidden=\"true\"><\/i><\/button>\n\t\t\t<span>Kaj so terpeni in zakaj so pomembni?<\/span>\n\t\t<\/a>\n\t\t<div id=\"accordion-2820293516-content\" class=\"accordion-inner\" aria-labelledby=\"accordion-2820293516-label\">\n\t\t\t\n\t<div id=\"text-2774867682\" class=\"text\">\n\t\t\n<p style=\"text-align: justify;\"><strong>Terpeni so aromati\u010dni viri rastlin,<\/strong> vklju\u010dno s konopljo. Konoplji dajejo zna\u010dilen vonj in so zelo mo\u010dni, ko gre za koristi za dobro po\u010dutje. <\/p>\n<p style=\"text-align: left;\">Predstavljamo vam, kaj lahko storijo nekateri najbolj znani terpeni:<\/p>\n<ul>\n<li style=\"text-align: left;\"><strong>Linalol<\/strong> &#8211; spodbuja spro\u0161\u010danje, odli\u010den za spanje.<\/li>\n<li style=\"text-align: left;\"><strong>Limonen<\/strong> &#8211; dviguje energijo, pomaga odpraviti stres.<\/li>\n<li style=\"text-align: left;\"><strong>Mircen<\/strong> &#8211; pomirjevalo, pomaga pri laj\u0161anju bole\u010din in globokem po\u010ditku.<\/li>\n<li style=\"text-align: left;\"><strong>Pinen<\/strong> &#8211; Izostri pozornost, prepre\u010duje vnetja.<\/li>\n<li style=\"text-align: left;\"><strong>Terpinolen<\/strong> &#8211; Energizira, antioksidant, blago pomirjevalo.<\/li>\n<li style=\"text-align: left;\"><strong>Ocimen<\/strong> &#8211; Sve\u017ee, protivnetno, dekongestivno.<\/li>\n<li style=\"text-align: left;\"><strong>Humulen<\/strong> &#8211; zemeljski, zmanj\u0161uje vnetja in zmanj\u0161uje apetit.<\/li>\n<li style=\"text-align: left;\"><strong>Evkaliptol<\/strong> &#8211; meto, antibakterijski, kognitivni spodbujevalec.<\/li>\n<\/ul>\n<p style=\"text-align: justify;\">Zabavno dejstvo: <strong>terpeni + kanabinoidi = sinergija<\/strong>. U\u010dinek kombinacije pomeni bolj\u0161o absorpcijo, mo\u010dnej\u0161e koristi in bolj\u0161e rezultate.<\/p>\n\t\t\n<style>\n#text-2774867682 {\n  text-align: left;\n}\n<\/style>\n\t<\/div>\n\t\n\t\t<\/div>\n\t<\/div>\n\t\n\t<div id=\"accordion-2129818273\" class=\"accordion-item\">\n\t\t<a id=\"accordion-2129818273-label\" class=\"accordion-title plain\" href=\"#accordion-item-na-kaj-moram-biti-pozoren-pri-nakupu-cbd?\" aria-expanded=\"false\" aria-controls=\"accordion-2129818273-content\">\n\t\t\t<button class=\"toggle\" aria-label=\"Toggle\"><i class=\"icon-angle-down\" aria-hidden=\"true\"><\/i><\/button>\n\t\t\t<span>Na kaj moram biti pozoren pri nakupu CBD?<\/span>\n\t\t<\/a>\n\t\t<div id=\"accordion-2129818273-content\" class=\"accordion-inner\" aria-labelledby=\"accordion-2129818273-label\">\n\t\t\t\n\t<div id=\"text-2570687538\" class=\"text\">\n\t\t\n<p><strong>Vsi CBD niso enaki.<\/strong>  Tukaj je opisano, kaj lo\u010di dobre od odli\u010dnih:<\/p>\n<ul>\n<li><strong>Laboratorijsko preizku\u0161en<\/strong> &#8211; zagotavlja \u010distost in u\u010dinkovitost. Brez ugibanj. <\/li>\n<li><strong>Ekolo\u0161ko in certificirano<\/strong>&#8211; vi\u0161ja kakovost, brez smeti.<\/li>\n<li><strong>Transparentne blagovne znamke<\/strong> &#8211; jasne sestavine, jasen vir, nobenih skrivnosti.<\/li>\n<\/ul>\n<p>Spodnja vrstica: Vedite, kaj dajete v svoje telo. Kakovost je pomembna.<\/p>\n\t\t\n<style>\n#text-2570687538 {\n  text-align: left;\n}\n<\/style>\n\t<\/div>\n\t\n\t\t<\/div>\n\t<\/div>\n\t\n<\/div>\n\t\t<\/div>\n\t\t\t\t\t<\/div>\n\n\t\n<\/div>\n\t\t<\/div>\n\t\t\t\t\n<style>\n#col-1062731611 > .col-inner {\n  margin: 0px 0px 30px 0px;\n}\n@media (min-width:550px) {\n  #col-1062731611 > .col-inner {\n    margin: 20px 0px 30px 0px;\n  }\n}\n<\/style>\n\t<\/div>\n\n\t\n<\/div>\n\t\t<\/div>\n\n\t\t\n<style>\n#section_505293656 {\n  padding-top: 30px;\n  padding-bottom: 30px;\n}\n#section_505293656 .section-bg img {\n  object-position: 73% 29%;\n}\n<\/style>\n\t<\/section>\n\t\n","protected":false},"excerpt":{"rendered":"","protected":false},"author":24310,"featured_media":2681,"parent":0,"menu_order":0,"comment_status":"closed","ping_status":"closed","template":"","meta":{"footnotes":""},"class_list":["post-3465","page","type-page","status-publish","has-post-thumbnail","hentry"],"acf":[],"yoast_head":"<!-- This site is optimized with the Yoast SEO plugin v27.3 - https:\/\/yoast.com\/product\/yoast-seo-wordpress\/ -->\n<title>POGOSTA VPRA\u0160ANJA - Pharma Hemp<\/title>\n<meta name=\"robots\" content=\"index, follow, max-snippet:-1, max-image-preview:large, max-video-preview:-1\" \/>\n<link rel=\"canonical\" href=\"https:\/\/pharma-hemp.com\/sl\/faq\/\" \/>\n<meta property=\"og:locale\" content=\"sl_SI\" \/>\n<meta property=\"og:type\" content=\"article\" \/>\n<meta property=\"og:title\" content=\"POGOSTA VPRA\u0160ANJA - Pharma Hemp\" \/>\n<meta property=\"og:url\" content=\"https:\/\/pharma-hemp.com\/sl\/faq\/\" \/>\n<meta property=\"og:site_name\" content=\"Pharma Hemp\" \/>\n<meta property=\"article:modified_time\" content=\"2026-02-15T19:22:45+00:00\" \/>\n<meta property=\"og:image\" content=\"https:\/\/pharma-hemp.com\/wp-content\/uploads\/2025\/05\/Faq.png\" \/>\n\t<meta property=\"og:image:width\" content=\"312\" \/>\n\t<meta property=\"og:image:height\" content=\"312\" \/>\n\t<meta property=\"og:image:type\" content=\"image\/png\" \/>\n<meta name=\"twitter:card\" content=\"summary_large_image\" \/>\n<meta name=\"twitter:label1\" content=\"Est. reading time\" \/>\n\t<meta name=\"twitter:data1\" content=\"3 minuta\" \/>\n<script type=\"application\/ld+json\" class=\"yoast-schema-graph\">{\"@context\":\"https:\\\/\\\/schema.org\",\"@graph\":[{\"@type\":\"WebPage\",\"@id\":\"https:\\\/\\\/pharma-hemp.com\\\/sl\\\/faq\\\/\",\"url\":\"https:\\\/\\\/pharma-hemp.com\\\/sl\\\/faq\\\/\",\"name\":\"POGOSTA VPRA\u0160ANJA - Pharma Hemp\",\"isPartOf\":{\"@id\":\"https:\\\/\\\/pharma-hemp.com\\\/sl\\\/#website\"},\"primaryImageOfPage\":{\"@id\":\"https:\\\/\\\/pharma-hemp.com\\\/sl\\\/faq\\\/#primaryimage\"},\"image\":{\"@id\":\"https:\\\/\\\/pharma-hemp.com\\\/sl\\\/faq\\\/#primaryimage\"},\"thumbnailUrl\":\"https:\\\/\\\/pharma-hemp.com\\\/wp-content\\\/uploads\\\/2025\\\/05\\\/Faq.png\",\"datePublished\":\"2025-04-28T19:50:14+00:00\",\"dateModified\":\"2026-02-15T19:22:45+00:00\",\"breadcrumb\":{\"@id\":\"https:\\\/\\\/pharma-hemp.com\\\/sl\\\/faq\\\/#breadcrumb\"},\"inLanguage\":\"sl-SI\",\"potentialAction\":[{\"@type\":\"ReadAction\",\"target\":[\"https:\\\/\\\/pharma-hemp.com\\\/sl\\\/faq\\\/\"]}]},{\"@type\":\"ImageObject\",\"inLanguage\":\"sl-SI\",\"@id\":\"https:\\\/\\\/pharma-hemp.com\\\/sl\\\/faq\\\/#primaryimage\",\"url\":\"https:\\\/\\\/pharma-hemp.com\\\/wp-content\\\/uploads\\\/2025\\\/05\\\/Faq.png\",\"contentUrl\":\"https:\\\/\\\/pharma-hemp.com\\\/wp-content\\\/uploads\\\/2025\\\/05\\\/Faq.png\",\"width\":312,\"height\":312},{\"@type\":\"BreadcrumbList\",\"@id\":\"https:\\\/\\\/pharma-hemp.com\\\/sl\\\/faq\\\/#breadcrumb\",\"itemListElement\":[{\"@type\":\"ListItem\",\"position\":1,\"name\":\"Home\",\"item\":\"https:\\\/\\\/pharma-hemp.com\\\/sl\\\/\"},{\"@type\":\"ListItem\",\"position\":2,\"name\":\"POGOSTA VPRA\u0160ANJA\"}]},{\"@type\":\"WebSite\",\"@id\":\"https:\\\/\\\/pharma-hemp.com\\\/sl\\\/#website\",\"url\":\"https:\\\/\\\/pharma-hemp.com\\\/sl\\\/\",\"name\":\"Pharma Hemp\",\"description\":\"CBD store\",\"publisher\":{\"@id\":\"https:\\\/\\\/pharma-hemp.com\\\/sl\\\/#organization\"},\"potentialAction\":[{\"@type\":\"SearchAction\",\"target\":{\"@type\":\"EntryPoint\",\"urlTemplate\":\"https:\\\/\\\/pharma-hemp.com\\\/sl\\\/?s={search_term_string}\"},\"query-input\":{\"@type\":\"PropertyValueSpecification\",\"valueRequired\":true,\"valueName\":\"search_term_string\"}}],\"inLanguage\":\"sl-SI\"},{\"@type\":\"Organization\",\"@id\":\"https:\\\/\\\/pharma-hemp.com\\\/sl\\\/#organization\",\"name\":\"PharmaHemp\",\"url\":\"https:\\\/\\\/pharma-hemp.com\\\/sl\\\/\",\"logo\":{\"@type\":\"ImageObject\",\"inLanguage\":\"sl-SI\",\"@id\":\"https:\\\/\\\/pharma-hemp.com\\\/sl\\\/#\\\/schema\\\/logo\\\/image\\\/\",\"url\":\"https:\\\/\\\/pharma-hemp.com\\\/wp-content\\\/uploads\\\/2025\\\/04\\\/Pharma-Hemp-logo_crn-1.png\",\"contentUrl\":\"https:\\\/\\\/pharma-hemp.com\\\/wp-content\\\/uploads\\\/2025\\\/04\\\/Pharma-Hemp-logo_crn-1.png\",\"width\":200,\"height\":44,\"caption\":\"PharmaHemp\"},\"image\":{\"@id\":\"https:\\\/\\\/pharma-hemp.com\\\/sl\\\/#\\\/schema\\\/logo\\\/image\\\/\"}}]}<\/script>\n<!-- \/ Yoast SEO plugin. -->","yoast_head_json":{"title":"POGOSTA VPRA\u0160ANJA - Pharma Hemp","robots":{"index":"index","follow":"follow","max-snippet":"max-snippet:-1","max-image-preview":"max-image-preview:large","max-video-preview":"max-video-preview:-1"},"canonical":"https:\/\/pharma-hemp.com\/sl\/faq\/","og_locale":"sl_SI","og_type":"article","og_title":"POGOSTA VPRA\u0160ANJA - Pharma Hemp","og_url":"https:\/\/pharma-hemp.com\/sl\/faq\/","og_site_name":"Pharma Hemp","article_modified_time":"2026-02-15T19:22:45+00:00","og_image":[{"width":312,"height":312,"url":"https:\/\/pharma-hemp.com\/wp-content\/uploads\/2025\/05\/Faq.png","type":"image\/png"}],"twitter_card":"summary_large_image","twitter_misc":{"Est. reading time":"3 minuta"},"schema":{"@context":"https:\/\/schema.org","@graph":[{"@type":"WebPage","@id":"https:\/\/pharma-hemp.com\/sl\/faq\/","url":"https:\/\/pharma-hemp.com\/sl\/faq\/","name":"POGOSTA VPRA\u0160ANJA - Pharma Hemp","isPartOf":{"@id":"https:\/\/pharma-hemp.com\/sl\/#website"},"primaryImageOfPage":{"@id":"https:\/\/pharma-hemp.com\/sl\/faq\/#primaryimage"},"image":{"@id":"https:\/\/pharma-hemp.com\/sl\/faq\/#primaryimage"},"thumbnailUrl":"https:\/\/pharma-hemp.com\/wp-content\/uploads\/2025\/05\/Faq.png","datePublished":"2025-04-28T19:50:14+00:00","dateModified":"2026-02-15T19:22:45+00:00","breadcrumb":{"@id":"https:\/\/pharma-hemp.com\/sl\/faq\/#breadcrumb"},"inLanguage":"sl-SI","potentialAction":[{"@type":"ReadAction","target":["https:\/\/pharma-hemp.com\/sl\/faq\/"]}]},{"@type":"ImageObject","inLanguage":"sl-SI","@id":"https:\/\/pharma-hemp.com\/sl\/faq\/#primaryimage","url":"https:\/\/pharma-hemp.com\/wp-content\/uploads\/2025\/05\/Faq.png","contentUrl":"https:\/\/pharma-hemp.com\/wp-content\/uploads\/2025\/05\/Faq.png","width":312,"height":312},{"@type":"BreadcrumbList","@id":"https:\/\/pharma-hemp.com\/sl\/faq\/#breadcrumb","itemListElement":[{"@type":"ListItem","position":1,"name":"Home","item":"https:\/\/pharma-hemp.com\/sl\/"},{"@type":"ListItem","position":2,"name":"POGOSTA VPRA\u0160ANJA"}]},{"@type":"WebSite","@id":"https:\/\/pharma-hemp.com\/sl\/#website","url":"https:\/\/pharma-hemp.com\/sl\/","name":"Pharma Hemp","description":"CBD store","publisher":{"@id":"https:\/\/pharma-hemp.com\/sl\/#organization"},"potentialAction":[{"@type":"SearchAction","target":{"@type":"EntryPoint","urlTemplate":"https:\/\/pharma-hemp.com\/sl\/?s={search_term_string}"},"query-input":{"@type":"PropertyValueSpecification","valueRequired":true,"valueName":"search_term_string"}}],"inLanguage":"sl-SI"},{"@type":"Organization","@id":"https:\/\/pharma-hemp.com\/sl\/#organization","name":"PharmaHemp","url":"https:\/\/pharma-hemp.com\/sl\/","logo":{"@type":"ImageObject","inLanguage":"sl-SI","@id":"https:\/\/pharma-hemp.com\/sl\/#\/schema\/logo\/image\/","url":"https:\/\/pharma-hemp.com\/wp-content\/uploads\/2025\/04\/Pharma-Hemp-logo_crn-1.png","contentUrl":"https:\/\/pharma-hemp.com\/wp-content\/uploads\/2025\/04\/Pharma-Hemp-logo_crn-1.png","width":200,"height":44,"caption":"PharmaHemp"},"image":{"@id":"https:\/\/pharma-hemp.com\/sl\/#\/schema\/logo\/image\/"}}]}},"_links":{"self":[{"href":"https:\/\/pharma-hemp.com\/sl\/wp-json\/wp\/v2\/pages\/3465","targetHints":{"allow":["GET"]}}],"collection":[{"href":"https:\/\/pharma-hemp.com\/sl\/wp-json\/wp\/v2\/pages"}],"about":[{"href":"https:\/\/pharma-hemp.com\/sl\/wp-json\/wp\/v2\/types\/page"}],"author":[{"embeddable":true,"href":"https:\/\/pharma-hemp.com\/sl\/wp-json\/wp\/v2\/users\/24310"}],"replies":[{"embeddable":true,"href":"https:\/\/pharma-hemp.com\/sl\/wp-json\/wp\/v2\/comments?post=3465"}],"version-history":[{"count":12,"href":"https:\/\/pharma-hemp.com\/sl\/wp-json\/wp\/v2\/pages\/3465\/revisions"}],"predecessor-version":[{"id":578659,"href":"https:\/\/pharma-hemp.com\/sl\/wp-json\/wp\/v2\/pages\/3465\/revisions\/578659"}],"wp:featuredmedia":[{"embeddable":true,"href":"https:\/\/pharma-hemp.com\/sl\/wp-json\/wp\/v2\/media\/2681"}],"wp:attachment":[{"href":"https:\/\/pharma-hemp.com\/sl\/wp-json\/wp\/v2\/media?parent=3465"}],"curies":[{"name":"wp","href":"https:\/\/api.w.org\/{rel}","templated":true}]}}