{"id":576136,"date":"2025-11-28T11:38:30","date_gmt":"2025-11-28T09:38:30","guid":{"rendered":"https:\/\/pharma-hemp.com\/?post_type=product&#038;p=576136"},"modified":"2026-04-07T22:48:49","modified_gmt":"2026-04-07T20:48:49","slug":"essterra-olaksanje-za-trbuh","status":"publish","type":"product","link":"https:\/\/pharma-hemp.com\/hr\/shop\/essterra-olaksanje-za-trbuh\/","title":{"rendered":"ESSTERRA &#8211; Belly ease"},"content":{"rendered":"<h4><b><strong>Prirodno rje\u0161enje za probavne probleme<\/strong><\/b><\/h4>\n<ul>\n<li style=\"list-style-type: none;\">\n<ul>\n<li>Ubla\u017eava nadutost<\/li>\n<li>Poma\u017ee probavi<\/li>\n<li>Poma\u017ee kod \u017eelu\u010danih problema<\/li>\n<\/ul>\n<\/li>\n<\/ul>\n","protected":false},"excerpt":{"rendered":"<h4><b><strong>Prirodno rje\u0161enje za probavne probleme<\/strong><\/b><\/h4>\n<ul>\n<li style=\"list-style-type: none;\">\n<ul>\n<li>Ubla\u017eava nadutost<\/li>\n<li>Poma\u017ee probavi<\/li>\n<li>Poma\u017ee kod \u017eelu\u010danih problema<\/li>\n<\/ul>\n<\/li>\n<\/ul>\n","protected":false},"featured_media":574904,"template":"","meta":[],"product_brand":[],"product_cat":[279,238,328,285,254,237],"product_tag":[1567,1573,1570,1569,1565,1572,1568,1574,1566,1571],"class_list":{"0":"post-576136","1":"product","2":"type-product","3":"status-publish","4":"has-post-thumbnail","6":"product_cat-chill-hr","7":"product_cat-druge-marke","8":"product_cat-essterra","9":"product_cat-nekategorizirano","10":"product_cat-oporavak","11":"product_cat-ostali-proizvodi","12":"product_tag-bolovi-u-zelucu","13":"product_tag-etericno-ulje","14":"product_tag-grcevi","15":"product_tag-mucnina","16":"product_tag-nadutost-zeluca","17":"product_tag-nelagoda-u-trbuhu","18":"product_tag-plini","19":"product_tag-probava","20":"product_tag-probavne-smetnje","21":"product_tag-spora-probava","23":"first","24":"instock","25":"shipping-taxable","26":"purchasable","27":"product-type-simple"},"acf":{"konfigurator_product_name":"","konfigurator_product_description":"","konfigurator_product_image_url":""},"yoast_head":"<!-- This site is optimized with the Yoast SEO plugin v27.3 - https:\/\/yoast.com\/product\/yoast-seo-wordpress\/ -->\n<title>ESSTERRA - Belly ease - Pharma Hemp<\/title>\n<meta name=\"robots\" content=\"index, follow, max-snippet:-1, max-image-preview:large, max-video-preview:-1\" \/>\n<link rel=\"canonical\" href=\"https:\/\/pharma-hemp.com\/hr\/shop\/essterra-olaksanje-za-trbuh\/\" \/>\n<meta property=\"og:locale\" content=\"hr_HR\" \/>\n<meta property=\"og:type\" content=\"article\" \/>\n<meta property=\"og:title\" content=\"ESSTERRA - Belly ease - Pharma Hemp\" \/>\n<meta property=\"og:description\" content=\"Prirodno rje\u0161enje za probavne probleme      Ubla\u017eava nadutost  Poma\u017ee probavi  Poma\u017ee kod \u017eelu\u010danih problema\" \/>\n<meta property=\"og:url\" content=\"https:\/\/pharma-hemp.com\/hr\/shop\/essterra-olaksanje-za-trbuh\/\" \/>\n<meta property=\"og:site_name\" content=\"Pharma Hemp\" \/>\n<meta property=\"article:modified_time\" content=\"2026-04-07T20:48:49+00:00\" \/>\n<meta property=\"og:image\" content=\"https:\/\/pharma-hemp.com\/wp-content\/uploads\/2025\/11\/bellyEase_01.png\" \/>\n\t<meta property=\"og:image:width\" content=\"1024\" \/>\n\t<meta property=\"og:image:height\" content=\"1024\" \/>\n\t<meta property=\"og:image:type\" content=\"image\/png\" \/>\n<meta name=\"twitter:card\" content=\"summary_large_image\" \/>\n<meta name=\"twitter:label1\" content=\"Procijenjeno vrijeme \u010ditanja\" \/>\n\t<meta name=\"twitter:data1\" content=\"1 minuta\" \/>\n<script type=\"application\/ld+json\" class=\"yoast-schema-graph\">{\"@context\":\"https:\\\/\\\/schema.org\",\"@graph\":[{\"@type\":\"WebPage\",\"@id\":\"https:\\\/\\\/pharma-hemp.com\\\/hr\\\/shop\\\/essterra-olaksanje-za-trbuh\\\/\",\"url\":\"https:\\\/\\\/pharma-hemp.com\\\/hr\\\/shop\\\/essterra-olaksanje-za-trbuh\\\/\",\"name\":\"ESSTERRA - Belly ease - Pharma Hemp\",\"isPartOf\":{\"@id\":\"https:\\\/\\\/pharma-hemp.com\\\/hr\\\/#website\"},\"primaryImageOfPage\":{\"@id\":\"https:\\\/\\\/pharma-hemp.com\\\/hr\\\/shop\\\/essterra-olaksanje-za-trbuh\\\/#primaryimage\"},\"image\":{\"@id\":\"https:\\\/\\\/pharma-hemp.com\\\/hr\\\/shop\\\/essterra-olaksanje-za-trbuh\\\/#primaryimage\"},\"thumbnailUrl\":\"https:\\\/\\\/pharma-hemp.com\\\/wp-content\\\/uploads\\\/2025\\\/11\\\/bellyEase_01.png\",\"datePublished\":\"2025-11-28T09:38:30+00:00\",\"dateModified\":\"2026-04-07T20:48:49+00:00\",\"breadcrumb\":{\"@id\":\"https:\\\/\\\/pharma-hemp.com\\\/hr\\\/shop\\\/essterra-olaksanje-za-trbuh\\\/#breadcrumb\"},\"inLanguage\":\"hr\",\"potentialAction\":[{\"@type\":\"ReadAction\",\"target\":[\"https:\\\/\\\/pharma-hemp.com\\\/hr\\\/shop\\\/essterra-olaksanje-za-trbuh\\\/\"]}]},{\"@type\":\"ImageObject\",\"inLanguage\":\"hr\",\"@id\":\"https:\\\/\\\/pharma-hemp.com\\\/hr\\\/shop\\\/essterra-olaksanje-za-trbuh\\\/#primaryimage\",\"url\":\"https:\\\/\\\/pharma-hemp.com\\\/wp-content\\\/uploads\\\/2025\\\/11\\\/bellyEase_01.png\",\"contentUrl\":\"https:\\\/\\\/pharma-hemp.com\\\/wp-content\\\/uploads\\\/2025\\\/11\\\/bellyEase_01.png\",\"width\":1024,\"height\":1024},{\"@type\":\"BreadcrumbList\",\"@id\":\"https:\\\/\\\/pharma-hemp.com\\\/hr\\\/shop\\\/essterra-olaksanje-za-trbuh\\\/#breadcrumb\",\"itemListElement\":[{\"@type\":\"ListItem\",\"position\":1,\"name\":\"Home\",\"item\":\"https:\\\/\\\/pharma-hemp.com\\\/hr\\\/\"},{\"@type\":\"ListItem\",\"position\":2,\"name\":\"Shop\",\"item\":\"https:\\\/\\\/pharma-hemp.com\\\/hr\\\/shop\\\/\"},{\"@type\":\"ListItem\",\"position\":3,\"name\":\"ESSTERRA &#8211; Belly ease\"}]},{\"@type\":\"WebSite\",\"@id\":\"https:\\\/\\\/pharma-hemp.com\\\/hr\\\/#website\",\"url\":\"https:\\\/\\\/pharma-hemp.com\\\/hr\\\/\",\"name\":\"Pharma Hemp\",\"description\":\"CBD store\",\"publisher\":{\"@id\":\"https:\\\/\\\/pharma-hemp.com\\\/hr\\\/#organization\"},\"potentialAction\":[{\"@type\":\"SearchAction\",\"target\":{\"@type\":\"EntryPoint\",\"urlTemplate\":\"https:\\\/\\\/pharma-hemp.com\\\/hr\\\/?s={search_term_string}\"},\"query-input\":{\"@type\":\"PropertyValueSpecification\",\"valueRequired\":true,\"valueName\":\"search_term_string\"}}],\"inLanguage\":\"hr\"},{\"@type\":\"Organization\",\"@id\":\"https:\\\/\\\/pharma-hemp.com\\\/hr\\\/#organization\",\"name\":\"PharmaHemp\",\"url\":\"https:\\\/\\\/pharma-hemp.com\\\/hr\\\/\",\"logo\":{\"@type\":\"ImageObject\",\"inLanguage\":\"hr\",\"@id\":\"https:\\\/\\\/pharma-hemp.com\\\/hr\\\/#\\\/schema\\\/logo\\\/image\\\/\",\"url\":\"https:\\\/\\\/pharma-hemp.com\\\/wp-content\\\/uploads\\\/2025\\\/04\\\/Pharma-Hemp-logo_crn-1.png\",\"contentUrl\":\"https:\\\/\\\/pharma-hemp.com\\\/wp-content\\\/uploads\\\/2025\\\/04\\\/Pharma-Hemp-logo_crn-1.png\",\"width\":200,\"height\":44,\"caption\":\"PharmaHemp\"},\"image\":{\"@id\":\"https:\\\/\\\/pharma-hemp.com\\\/hr\\\/#\\\/schema\\\/logo\\\/image\\\/\"}}]}<\/script>\n<!-- \/ Yoast SEO plugin. -->","yoast_head_json":{"title":"ESSTERRA - Belly ease - Pharma Hemp","robots":{"index":"index","follow":"follow","max-snippet":"max-snippet:-1","max-image-preview":"max-image-preview:large","max-video-preview":"max-video-preview:-1"},"canonical":"https:\/\/pharma-hemp.com\/hr\/shop\/essterra-olaksanje-za-trbuh\/","og_locale":"hr_HR","og_type":"article","og_title":"ESSTERRA - Belly ease - Pharma Hemp","og_description":"Prirodno rje\u0161enje za probavne probleme      Ubla\u017eava nadutost  Poma\u017ee probavi  Poma\u017ee kod \u017eelu\u010danih problema","og_url":"https:\/\/pharma-hemp.com\/hr\/shop\/essterra-olaksanje-za-trbuh\/","og_site_name":"Pharma Hemp","article_modified_time":"2026-04-07T20:48:49+00:00","og_image":[{"width":1024,"height":1024,"url":"https:\/\/pharma-hemp.com\/wp-content\/uploads\/2025\/11\/bellyEase_01.png","type":"image\/png"}],"twitter_card":"summary_large_image","twitter_misc":{"Procijenjeno vrijeme \u010ditanja":"1 minuta"},"schema":{"@context":"https:\/\/schema.org","@graph":[{"@type":"WebPage","@id":"https:\/\/pharma-hemp.com\/hr\/shop\/essterra-olaksanje-za-trbuh\/","url":"https:\/\/pharma-hemp.com\/hr\/shop\/essterra-olaksanje-za-trbuh\/","name":"ESSTERRA - Belly ease - Pharma Hemp","isPartOf":{"@id":"https:\/\/pharma-hemp.com\/hr\/#website"},"primaryImageOfPage":{"@id":"https:\/\/pharma-hemp.com\/hr\/shop\/essterra-olaksanje-za-trbuh\/#primaryimage"},"image":{"@id":"https:\/\/pharma-hemp.com\/hr\/shop\/essterra-olaksanje-za-trbuh\/#primaryimage"},"thumbnailUrl":"https:\/\/pharma-hemp.com\/wp-content\/uploads\/2025\/11\/bellyEase_01.png","datePublished":"2025-11-28T09:38:30+00:00","dateModified":"2026-04-07T20:48:49+00:00","breadcrumb":{"@id":"https:\/\/pharma-hemp.com\/hr\/shop\/essterra-olaksanje-za-trbuh\/#breadcrumb"},"inLanguage":"hr","potentialAction":[{"@type":"ReadAction","target":["https:\/\/pharma-hemp.com\/hr\/shop\/essterra-olaksanje-za-trbuh\/"]}]},{"@type":"ImageObject","inLanguage":"hr","@id":"https:\/\/pharma-hemp.com\/hr\/shop\/essterra-olaksanje-za-trbuh\/#primaryimage","url":"https:\/\/pharma-hemp.com\/wp-content\/uploads\/2025\/11\/bellyEase_01.png","contentUrl":"https:\/\/pharma-hemp.com\/wp-content\/uploads\/2025\/11\/bellyEase_01.png","width":1024,"height":1024},{"@type":"BreadcrumbList","@id":"https:\/\/pharma-hemp.com\/hr\/shop\/essterra-olaksanje-za-trbuh\/#breadcrumb","itemListElement":[{"@type":"ListItem","position":1,"name":"Home","item":"https:\/\/pharma-hemp.com\/hr\/"},{"@type":"ListItem","position":2,"name":"Shop","item":"https:\/\/pharma-hemp.com\/hr\/shop\/"},{"@type":"ListItem","position":3,"name":"ESSTERRA &#8211; Belly ease"}]},{"@type":"WebSite","@id":"https:\/\/pharma-hemp.com\/hr\/#website","url":"https:\/\/pharma-hemp.com\/hr\/","name":"Pharma Hemp","description":"CBD store","publisher":{"@id":"https:\/\/pharma-hemp.com\/hr\/#organization"},"potentialAction":[{"@type":"SearchAction","target":{"@type":"EntryPoint","urlTemplate":"https:\/\/pharma-hemp.com\/hr\/?s={search_term_string}"},"query-input":{"@type":"PropertyValueSpecification","valueRequired":true,"valueName":"search_term_string"}}],"inLanguage":"hr"},{"@type":"Organization","@id":"https:\/\/pharma-hemp.com\/hr\/#organization","name":"PharmaHemp","url":"https:\/\/pharma-hemp.com\/hr\/","logo":{"@type":"ImageObject","inLanguage":"hr","@id":"https:\/\/pharma-hemp.com\/hr\/#\/schema\/logo\/image\/","url":"https:\/\/pharma-hemp.com\/wp-content\/uploads\/2025\/04\/Pharma-Hemp-logo_crn-1.png","contentUrl":"https:\/\/pharma-hemp.com\/wp-content\/uploads\/2025\/04\/Pharma-Hemp-logo_crn-1.png","width":200,"height":44,"caption":"PharmaHemp"},"image":{"@id":"https:\/\/pharma-hemp.com\/hr\/#\/schema\/logo\/image\/"}}]}},"_links":{"self":[{"href":"https:\/\/pharma-hemp.com\/hr\/wp-json\/wp\/v2\/product\/576136","targetHints":{"allow":["GET"]}}],"collection":[{"href":"https:\/\/pharma-hemp.com\/hr\/wp-json\/wp\/v2\/product"}],"about":[{"href":"https:\/\/pharma-hemp.com\/hr\/wp-json\/wp\/v2\/types\/product"}],"wp:featuredmedia":[{"embeddable":true,"href":"https:\/\/pharma-hemp.com\/hr\/wp-json\/wp\/v2\/media\/574904"}],"wp:attachment":[{"href":"https:\/\/pharma-hemp.com\/hr\/wp-json\/wp\/v2\/media?parent=576136"}],"wp:term":[{"taxonomy":"product_brand","embeddable":true,"href":"https:\/\/pharma-hemp.com\/hr\/wp-json\/wp\/v2\/product_brand?post=576136"},{"taxonomy":"product_cat","embeddable":true,"href":"https:\/\/pharma-hemp.com\/hr\/wp-json\/wp\/v2\/product_cat?post=576136"},{"taxonomy":"product_tag","embeddable":true,"href":"https:\/\/pharma-hemp.com\/hr\/wp-json\/wp\/v2\/product_tag?post=576136"}],"curies":[{"name":"wp","href":"https:\/\/api.w.org\/{rel}","templated":true}]}}