{"id":575869,"date":"2026-01-08T11:16:29","date_gmt":"2026-01-08T09:16:29","guid":{"rendered":"https:\/\/pharma-hemp.com\/?post_type=product&#038;p=575869"},"modified":"2026-01-23T22:15:03","modified_gmt":"2026-01-23T20:15:03","slug":"mikka-njezno-hidratantno-sredstvo-za-ciscenje-lica-copy-2","status":"publish","type":"product","link":"https:\/\/pharma-hemp.com\/hr\/shop\/mikka-njezno-hidratantno-sredstvo-za-ciscenje-lica-copy-2\/","title":{"rendered":"Mikka nje\u017eno hidratantno sredstvo za \u010di\u0161\u0107enje lica (Outlet)"},"content":{"rendered":"","protected":false},"excerpt":{"rendered":"<p><span style=\"font-weight: 400;\">\u010cista\u010d koji ne \u010disti samo &#8211; ovaj hidratizira, umiruje i resetira va\u0161u ko\u017eu. Dizajniran za svakodnevnu upotrebu na licu i vratu, prepun je visokokvalitetnih sastojaka koji osvje\u017eavaju, hrane i uravnote\u017euju, pripremaju\u0107i va\u0161u ko\u017eu za sve \u0161to slijedi. <\/span><\/p>\n","protected":false},"featured_media":568831,"template":"","meta":[],"product_brand":[],"product_cat":[335],"product_tag":[],"class_list":{"0":"post-575869","1":"product","2":"type-product","3":"status-publish","4":"has-post-thumbnail","6":"product_cat-outlet-hr","8":"first","9":"instock","10":"sale","11":"shipping-taxable","12":"purchasable","13":"product-type-simple"},"acf":{"konfigurator_product_name":"","konfigurator_product_description":"","konfigurator_product_image_url":""},"yoast_head":"<!-- This site is optimized with the Yoast SEO plugin v27.3 - https:\/\/yoast.com\/product\/yoast-seo-wordpress\/ -->\n<title>Nje\u017eno hidratantno sredstvo za \u010di\u0161\u0107enje lica s CBD konopljom Mikka 150 mg cbd - Pharma Hemp<\/title>\n<meta name=\"description\" content=\"Nje\u017eno hidratantno sredstvo za \u010di\u0161\u0107enje lica s CBD konopljom Mikka nje\u017eno uklanja ne\u010disto\u0107e, a istovremeno hidratizira i uravnote\u017euje va\u0161u ko\u017eu.\" \/>\n<meta name=\"robots\" content=\"index, follow, max-snippet:-1, max-image-preview:large, max-video-preview:-1\" \/>\n<link rel=\"canonical\" href=\"https:\/\/pharma-hemp.com\/hr\/shop\/mikka-njezno-hidratantno-sredstvo-za-ciscenje-lica-copy-2\/\" \/>\n<meta property=\"og:locale\" content=\"hr_HR\" \/>\n<meta property=\"og:type\" content=\"article\" \/>\n<meta property=\"og:title\" content=\"Nje\u017eno hidratantno sredstvo za \u010di\u0161\u0107enje lica s CBD konopljom Mikka 150 mg cbd - Pharma Hemp\" \/>\n<meta property=\"og:description\" content=\"Nje\u017eno hidratantno sredstvo za \u010di\u0161\u0107enje lica s CBD konopljom Mikka nje\u017eno uklanja ne\u010disto\u0107e, a istovremeno hidratizira i uravnote\u017euje va\u0161u ko\u017eu.\" \/>\n<meta property=\"og:url\" content=\"https:\/\/pharma-hemp.com\/hr\/shop\/mikka-njezno-hidratantno-sredstvo-za-ciscenje-lica-copy-2\/\" \/>\n<meta property=\"og:site_name\" content=\"Pharma Hemp\" \/>\n<meta property=\"article:modified_time\" content=\"2026-01-23T20:15:03+00:00\" \/>\n<meta property=\"og:image\" content=\"https:\/\/pharma-hemp.com\/wp-content\/uploads\/2025\/05\/LiparDesignPhotography-01970.jpg\" \/>\n\t<meta property=\"og:image:width\" content=\"2048\" \/>\n\t<meta property=\"og:image:height\" content=\"2048\" \/>\n\t<meta property=\"og:image:type\" content=\"image\/jpeg\" \/>\n<meta name=\"twitter:card\" content=\"summary_large_image\" \/>\n<meta name=\"twitter:label1\" content=\"Procijenjeno vrijeme \u010ditanja\" \/>\n\t<meta name=\"twitter:data1\" content=\"1 minuta\" \/>\n<script type=\"application\/ld+json\" class=\"yoast-schema-graph\">{\"@context\":\"https:\\\/\\\/schema.org\",\"@graph\":[{\"@type\":\"WebPage\",\"@id\":\"https:\\\/\\\/pharma-hemp.com\\\/hr\\\/shop\\\/mikka-njezno-hidratantno-sredstvo-za-ciscenje-lica-copy-2\\\/\",\"url\":\"https:\\\/\\\/pharma-hemp.com\\\/hr\\\/shop\\\/mikka-njezno-hidratantno-sredstvo-za-ciscenje-lica-copy-2\\\/\",\"name\":\"Nje\u017eno hidratantno sredstvo za \u010di\u0161\u0107enje lica s CBD konopljom Mikka 150 mg cbd - Pharma Hemp\",\"isPartOf\":{\"@id\":\"https:\\\/\\\/pharma-hemp.com\\\/hr\\\/#website\"},\"primaryImageOfPage\":{\"@id\":\"https:\\\/\\\/pharma-hemp.com\\\/hr\\\/shop\\\/mikka-njezno-hidratantno-sredstvo-za-ciscenje-lica-copy-2\\\/#primaryimage\"},\"image\":{\"@id\":\"https:\\\/\\\/pharma-hemp.com\\\/hr\\\/shop\\\/mikka-njezno-hidratantno-sredstvo-za-ciscenje-lica-copy-2\\\/#primaryimage\"},\"thumbnailUrl\":\"https:\\\/\\\/pharma-hemp.com\\\/wp-content\\\/uploads\\\/2025\\\/05\\\/LiparDesignPhotography-01970.jpg\",\"datePublished\":\"2026-01-08T09:16:29+00:00\",\"dateModified\":\"2026-01-23T20:15:03+00:00\",\"description\":\"Nje\u017eno hidratantno sredstvo za \u010di\u0161\u0107enje lica s CBD konopljom Mikka nje\u017eno uklanja ne\u010disto\u0107e, a istovremeno hidratizira i uravnote\u017euje va\u0161u ko\u017eu.\",\"breadcrumb\":{\"@id\":\"https:\\\/\\\/pharma-hemp.com\\\/hr\\\/shop\\\/mikka-njezno-hidratantno-sredstvo-za-ciscenje-lica-copy-2\\\/#breadcrumb\"},\"inLanguage\":\"hr\",\"potentialAction\":[{\"@type\":\"ReadAction\",\"target\":[\"https:\\\/\\\/pharma-hemp.com\\\/hr\\\/shop\\\/mikka-njezno-hidratantno-sredstvo-za-ciscenje-lica-copy-2\\\/\"]}]},{\"@type\":\"ImageObject\",\"inLanguage\":\"hr\",\"@id\":\"https:\\\/\\\/pharma-hemp.com\\\/hr\\\/shop\\\/mikka-njezno-hidratantno-sredstvo-za-ciscenje-lica-copy-2\\\/#primaryimage\",\"url\":\"https:\\\/\\\/pharma-hemp.com\\\/wp-content\\\/uploads\\\/2025\\\/05\\\/LiparDesignPhotography-01970.jpg\",\"contentUrl\":\"https:\\\/\\\/pharma-hemp.com\\\/wp-content\\\/uploads\\\/2025\\\/05\\\/LiparDesignPhotography-01970.jpg\",\"width\":2048,\"height\":2048,\"caption\":\"Mikka nje\u017eno hidratantno sredstvo za \u010di\u0161\u0107enje lica\"},{\"@type\":\"BreadcrumbList\",\"@id\":\"https:\\\/\\\/pharma-hemp.com\\\/hr\\\/shop\\\/mikka-njezno-hidratantno-sredstvo-za-ciscenje-lica-copy-2\\\/#breadcrumb\",\"itemListElement\":[{\"@type\":\"ListItem\",\"position\":1,\"name\":\"Home\",\"item\":\"https:\\\/\\\/pharma-hemp.com\\\/hr\\\/\"},{\"@type\":\"ListItem\",\"position\":2,\"name\":\"Shop\",\"item\":\"https:\\\/\\\/pharma-hemp.com\\\/hr\\\/shop\\\/\"},{\"@type\":\"ListItem\",\"position\":3,\"name\":\"Mikka nje\u017eno hidratantno sredstvo za \u010di\u0161\u0107enje lica (Outlet)\"}]},{\"@type\":\"WebSite\",\"@id\":\"https:\\\/\\\/pharma-hemp.com\\\/hr\\\/#website\",\"url\":\"https:\\\/\\\/pharma-hemp.com\\\/hr\\\/\",\"name\":\"Pharma Hemp\",\"description\":\"CBD store\",\"publisher\":{\"@id\":\"https:\\\/\\\/pharma-hemp.com\\\/hr\\\/#organization\"},\"potentialAction\":[{\"@type\":\"SearchAction\",\"target\":{\"@type\":\"EntryPoint\",\"urlTemplate\":\"https:\\\/\\\/pharma-hemp.com\\\/hr\\\/?s={search_term_string}\"},\"query-input\":{\"@type\":\"PropertyValueSpecification\",\"valueRequired\":true,\"valueName\":\"search_term_string\"}}],\"inLanguage\":\"hr\"},{\"@type\":\"Organization\",\"@id\":\"https:\\\/\\\/pharma-hemp.com\\\/hr\\\/#organization\",\"name\":\"PharmaHemp\",\"url\":\"https:\\\/\\\/pharma-hemp.com\\\/hr\\\/\",\"logo\":{\"@type\":\"ImageObject\",\"inLanguage\":\"hr\",\"@id\":\"https:\\\/\\\/pharma-hemp.com\\\/hr\\\/#\\\/schema\\\/logo\\\/image\\\/\",\"url\":\"https:\\\/\\\/pharma-hemp.com\\\/wp-content\\\/uploads\\\/2025\\\/04\\\/Pharma-Hemp-logo_crn-1.png\",\"contentUrl\":\"https:\\\/\\\/pharma-hemp.com\\\/wp-content\\\/uploads\\\/2025\\\/04\\\/Pharma-Hemp-logo_crn-1.png\",\"width\":200,\"height\":44,\"caption\":\"PharmaHemp\"},\"image\":{\"@id\":\"https:\\\/\\\/pharma-hemp.com\\\/hr\\\/#\\\/schema\\\/logo\\\/image\\\/\"}}]}<\/script>\n<!-- \/ Yoast SEO plugin. -->","yoast_head_json":{"title":"Nje\u017eno hidratantno sredstvo za \u010di\u0161\u0107enje lica s CBD konopljom Mikka 150 mg cbd - Pharma Hemp","description":"Nje\u017eno hidratantno sredstvo za \u010di\u0161\u0107enje lica s CBD konopljom Mikka nje\u017eno uklanja ne\u010disto\u0107e, a istovremeno hidratizira i uravnote\u017euje va\u0161u ko\u017eu.","robots":{"index":"index","follow":"follow","max-snippet":"max-snippet:-1","max-image-preview":"max-image-preview:large","max-video-preview":"max-video-preview:-1"},"canonical":"https:\/\/pharma-hemp.com\/hr\/shop\/mikka-njezno-hidratantno-sredstvo-za-ciscenje-lica-copy-2\/","og_locale":"hr_HR","og_type":"article","og_title":"Nje\u017eno hidratantno sredstvo za \u010di\u0161\u0107enje lica s CBD konopljom Mikka 150 mg cbd - Pharma Hemp","og_description":"Nje\u017eno hidratantno sredstvo za \u010di\u0161\u0107enje lica s CBD konopljom Mikka nje\u017eno uklanja ne\u010disto\u0107e, a istovremeno hidratizira i uravnote\u017euje va\u0161u ko\u017eu.","og_url":"https:\/\/pharma-hemp.com\/hr\/shop\/mikka-njezno-hidratantno-sredstvo-za-ciscenje-lica-copy-2\/","og_site_name":"Pharma Hemp","article_modified_time":"2026-01-23T20:15:03+00:00","og_image":[{"width":2048,"height":2048,"url":"https:\/\/pharma-hemp.com\/wp-content\/uploads\/2025\/05\/LiparDesignPhotography-01970.jpg","type":"image\/jpeg"}],"twitter_card":"summary_large_image","twitter_misc":{"Procijenjeno vrijeme \u010ditanja":"1 minuta"},"schema":{"@context":"https:\/\/schema.org","@graph":[{"@type":"WebPage","@id":"https:\/\/pharma-hemp.com\/hr\/shop\/mikka-njezno-hidratantno-sredstvo-za-ciscenje-lica-copy-2\/","url":"https:\/\/pharma-hemp.com\/hr\/shop\/mikka-njezno-hidratantno-sredstvo-za-ciscenje-lica-copy-2\/","name":"Nje\u017eno hidratantno sredstvo za \u010di\u0161\u0107enje lica s CBD konopljom Mikka 150 mg cbd - Pharma Hemp","isPartOf":{"@id":"https:\/\/pharma-hemp.com\/hr\/#website"},"primaryImageOfPage":{"@id":"https:\/\/pharma-hemp.com\/hr\/shop\/mikka-njezno-hidratantno-sredstvo-za-ciscenje-lica-copy-2\/#primaryimage"},"image":{"@id":"https:\/\/pharma-hemp.com\/hr\/shop\/mikka-njezno-hidratantno-sredstvo-za-ciscenje-lica-copy-2\/#primaryimage"},"thumbnailUrl":"https:\/\/pharma-hemp.com\/wp-content\/uploads\/2025\/05\/LiparDesignPhotography-01970.jpg","datePublished":"2026-01-08T09:16:29+00:00","dateModified":"2026-01-23T20:15:03+00:00","description":"Nje\u017eno hidratantno sredstvo za \u010di\u0161\u0107enje lica s CBD konopljom Mikka nje\u017eno uklanja ne\u010disto\u0107e, a istovremeno hidratizira i uravnote\u017euje va\u0161u ko\u017eu.","breadcrumb":{"@id":"https:\/\/pharma-hemp.com\/hr\/shop\/mikka-njezno-hidratantno-sredstvo-za-ciscenje-lica-copy-2\/#breadcrumb"},"inLanguage":"hr","potentialAction":[{"@type":"ReadAction","target":["https:\/\/pharma-hemp.com\/hr\/shop\/mikka-njezno-hidratantno-sredstvo-za-ciscenje-lica-copy-2\/"]}]},{"@type":"ImageObject","inLanguage":"hr","@id":"https:\/\/pharma-hemp.com\/hr\/shop\/mikka-njezno-hidratantno-sredstvo-za-ciscenje-lica-copy-2\/#primaryimage","url":"https:\/\/pharma-hemp.com\/wp-content\/uploads\/2025\/05\/LiparDesignPhotography-01970.jpg","contentUrl":"https:\/\/pharma-hemp.com\/wp-content\/uploads\/2025\/05\/LiparDesignPhotography-01970.jpg","width":2048,"height":2048,"caption":"Mikka nje\u017eno hidratantno sredstvo za \u010di\u0161\u0107enje lica"},{"@type":"BreadcrumbList","@id":"https:\/\/pharma-hemp.com\/hr\/shop\/mikka-njezno-hidratantno-sredstvo-za-ciscenje-lica-copy-2\/#breadcrumb","itemListElement":[{"@type":"ListItem","position":1,"name":"Home","item":"https:\/\/pharma-hemp.com\/hr\/"},{"@type":"ListItem","position":2,"name":"Shop","item":"https:\/\/pharma-hemp.com\/hr\/shop\/"},{"@type":"ListItem","position":3,"name":"Mikka nje\u017eno hidratantno sredstvo za \u010di\u0161\u0107enje lica (Outlet)"}]},{"@type":"WebSite","@id":"https:\/\/pharma-hemp.com\/hr\/#website","url":"https:\/\/pharma-hemp.com\/hr\/","name":"Pharma Hemp","description":"CBD store","publisher":{"@id":"https:\/\/pharma-hemp.com\/hr\/#organization"},"potentialAction":[{"@type":"SearchAction","target":{"@type":"EntryPoint","urlTemplate":"https:\/\/pharma-hemp.com\/hr\/?s={search_term_string}"},"query-input":{"@type":"PropertyValueSpecification","valueRequired":true,"valueName":"search_term_string"}}],"inLanguage":"hr"},{"@type":"Organization","@id":"https:\/\/pharma-hemp.com\/hr\/#organization","name":"PharmaHemp","url":"https:\/\/pharma-hemp.com\/hr\/","logo":{"@type":"ImageObject","inLanguage":"hr","@id":"https:\/\/pharma-hemp.com\/hr\/#\/schema\/logo\/image\/","url":"https:\/\/pharma-hemp.com\/wp-content\/uploads\/2025\/04\/Pharma-Hemp-logo_crn-1.png","contentUrl":"https:\/\/pharma-hemp.com\/wp-content\/uploads\/2025\/04\/Pharma-Hemp-logo_crn-1.png","width":200,"height":44,"caption":"PharmaHemp"},"image":{"@id":"https:\/\/pharma-hemp.com\/hr\/#\/schema\/logo\/image\/"}}]}},"_links":{"self":[{"href":"https:\/\/pharma-hemp.com\/hr\/wp-json\/wp\/v2\/product\/575869","targetHints":{"allow":["GET"]}}],"collection":[{"href":"https:\/\/pharma-hemp.com\/hr\/wp-json\/wp\/v2\/product"}],"about":[{"href":"https:\/\/pharma-hemp.com\/hr\/wp-json\/wp\/v2\/types\/product"}],"wp:featuredmedia":[{"embeddable":true,"href":"https:\/\/pharma-hemp.com\/hr\/wp-json\/wp\/v2\/media\/568831"}],"wp:attachment":[{"href":"https:\/\/pharma-hemp.com\/hr\/wp-json\/wp\/v2\/media?parent=575869"}],"wp:term":[{"taxonomy":"product_brand","embeddable":true,"href":"https:\/\/pharma-hemp.com\/hr\/wp-json\/wp\/v2\/product_brand?post=575869"},{"taxonomy":"product_cat","embeddable":true,"href":"https:\/\/pharma-hemp.com\/hr\/wp-json\/wp\/v2\/product_cat?post=575869"},{"taxonomy":"product_tag","embeddable":true,"href":"https:\/\/pharma-hemp.com\/hr\/wp-json\/wp\/v2\/product_tag?post=575869"}],"curies":[{"name":"wp","href":"https:\/\/api.w.org\/{rel}","templated":true}]}}