{"id":575528,"date":"2025-12-23T14:28:10","date_gmt":"2025-12-23T12:28:10","guid":{"rendered":"https:\/\/pharma-hemp.com\/?post_type=product&#038;p=575528"},"modified":"2026-04-02T10:47:38","modified_gmt":"2026-04-02T08:47:38","slug":"paket-za-ozdravljenje","status":"publish","type":"product","link":"https:\/\/pharma-hemp.com\/hr\/shop\/paket-za-ozdravljenje\/","title":{"rendered":"PAKET ZA OZDRAVLJENJE"},"content":{"rendered":"<p id=\"tw-target-text\" class=\"tw-data-text tw-text-large tw-ta\" dir=\"ltr\" tabindex=\"-1\" role=\"text\" data-placeholder=\"Translation\" data-ved=\"2ahUKEwi1yJOZp-KRAxXuR0EAHT2PPA4Q3ewLegQIDBAW\" aria-label=\"Translated text: PAKET ZA OZDRAVLJENJE Kada va\u0161em organizmu treba podr\u0161ka. Spavajte dublje i br\u017ee se oporavite uz ovaj set za oporavak. Oja\u010dajte imunitet i napunite se baterijama preko no\u0107i. Prirodna podr\u0161ka za dane bolesti, dane usporavanja ili sezonske padove.\"><strong><span class=\"Y2IQFc\" lang=\"hr\">Kada va\u0161em organizmu treba podr\u0161ka. <\/span><\/strong><\/p>\n<p class=\"tw-data-text tw-text-large tw-ta\" dir=\"ltr\" tabindex=\"-1\" role=\"text\" data-placeholder=\"Translation\" data-ved=\"2ahUKEwi1yJOZp-KRAxXuR0EAHT2PPA4Q3ewLegQIDBAW\" aria-label=\"Translated text: PAKET ZA OZDRAVLJENJE Kada va\u0161em organizmu treba podr\u0161ka. Spavajte dublje i br\u017ee se oporavite uz ovaj set za oporavak. Oja\u010dajte imunitet i napunite se baterijama preko no\u0107i. Prirodna podr\u0161ka za dane bolesti, dane usporavanja ili sezonske padove.\"><span class=\"Y2IQFc\" lang=\"hr\">Spavajte dublje i br\u017ee se oporavite uz ovaj set za oporavak. Oja\u010dajte imunitet i napunite se baterijama preko no\u0107i. <\/span><\/p>\n<p class=\"tw-data-text tw-text-large tw-ta\" dir=\"ltr\" tabindex=\"-1\" role=\"text\" data-placeholder=\"Translation\" data-ved=\"2ahUKEwi1yJOZp-KRAxXuR0EAHT2PPA4Q3ewLegQIDBAW\" aria-label=\"Translated text: PAKET ZA OZDRAVLJENJE Kada va\u0161em organizmu treba podr\u0161ka. Spavajte dublje i br\u017ee se oporavite uz ovaj set za oporavak. Oja\u010dajte imunitet i napunite se baterijama preko no\u0107i. Prirodna podr\u0161ka za dane bolesti, dane usporavanja ili sezonske padove.\"><span class=\"Y2IQFc\" lang=\"hr\">Prirodna podr\u0161ka za dane bolesti, dane usporavanja ili sezonske padove.<\/span><\/p>\n","protected":false},"excerpt":{"rendered":"<p id=\"tw-target-text\" class=\"tw-data-text tw-text-large tw-ta\" dir=\"ltr\" tabindex=\"-1\" role=\"text\" data-placeholder=\"Translation\" data-ved=\"2ahUKEwi1yJOZp-KRAxXuR0EAHT2PPA4Q3ewLegQIDBAW\" aria-label=\"Translated text: PAKET ZA OZDRAVLJENJE Kada va\u0161em organizmu treba podr\u0161ka. Spavajte dublje i br\u017ee se oporavite uz ovaj set za oporavak. Oja\u010dajte imunitet i napunite se baterijama preko no\u0107i. Prirodna podr\u0161ka za dane bolesti, dane usporavanja ili sezonske padove.\"><strong><span class=\"Y2IQFc\" lang=\"hr\">Kada va\u0161em organizmu treba podr\u0161ka. <\/span><\/strong><\/p>\n<p class=\"tw-data-text tw-text-large tw-ta\" dir=\"ltr\" tabindex=\"-1\" role=\"text\" data-placeholder=\"Translation\" data-ved=\"2ahUKEwi1yJOZp-KRAxXuR0EAHT2PPA4Q3ewLegQIDBAW\" aria-label=\"Translated text: PAKET ZA OZDRAVLJENJE Kada va\u0161em organizmu treba podr\u0161ka. Spavajte dublje i br\u017ee se oporavite uz ovaj set za oporavak. Oja\u010dajte imunitet i napunite se baterijama preko no\u0107i. Prirodna podr\u0161ka za dane bolesti, dane usporavanja ili sezonske padove.\"><span class=\"Y2IQFc\" lang=\"hr\">Spavajte dublje i br\u017ee se oporavite uz ovaj set za oporavak. Oja\u010dajte imunitet i napunite se baterijama preko no\u0107i. <\/span><\/p>\n<p class=\"tw-data-text tw-text-large tw-ta\" dir=\"ltr\" tabindex=\"-1\" role=\"text\" data-placeholder=\"Translation\" data-ved=\"2ahUKEwi1yJOZp-KRAxXuR0EAHT2PPA4Q3ewLegQIDBAW\" aria-label=\"Translated text: PAKET ZA OZDRAVLJENJE Kada va\u0161em organizmu treba podr\u0161ka. Spavajte dublje i br\u017ee se oporavite uz ovaj set za oporavak. Oja\u010dajte imunitet i napunite se baterijama preko no\u0107i. Prirodna podr\u0161ka za dane bolesti, dane usporavanja ili sezonske padove.\"><span class=\"Y2IQFc\" lang=\"hr\">Prirodna podr\u0161ka za dane bolesti, dane usporavanja ili sezonske padove.<\/span><\/p>\n","protected":false},"featured_media":575446,"template":"","meta":[],"product_brand":[],"product_cat":[236],"product_tag":[1824,1025,1643,1097,1825,1826,1798,1024,1778,996],"class_list":{"0":"post-575528","1":"product","2":"type-product","3":"status-publish","4":"has-post-thumbnail","6":"product_cat-paketi","7":"product_tag-bolestan","8":"product_tag-curenje-nosa","9":"product_tag-imunitet","10":"product_tag-mir","11":"product_tag-oporavak","12":"product_tag-paket-za-oporavak","13":"product_tag-pomoc-pri-snu","14":"product_tag-prehlada","15":"product_tag-smirivanje","16":"product_tag-umor","18":"first","19":"instock","20":"sale","21":"shipping-taxable","22":"purchasable","23":"product-type-simple"},"acf":{"konfigurator_product_name":"","konfigurator_product_description":"","konfigurator_product_image_url":""},"yoast_head":"<!-- This site is optimized with the Yoast SEO plugin v27.3 - https:\/\/yoast.com\/product\/yoast-seo-wordpress\/ -->\n<title>PAKET ZA OZDRAVLJENJE - Pharma Hemp<\/title>\n<meta name=\"description\" content=\"Kada va\u0161em organizmu treba podr\u0161ka.\" \/>\n<meta name=\"robots\" content=\"index, follow, max-snippet:-1, max-image-preview:large, max-video-preview:-1\" \/>\n<link rel=\"canonical\" href=\"https:\/\/pharma-hemp.com\/hr\/shop\/paket-za-ozdravljenje\/\" \/>\n<meta property=\"og:locale\" content=\"hr_HR\" \/>\n<meta property=\"og:type\" content=\"article\" \/>\n<meta property=\"og:title\" content=\"PAKET ZA OZDRAVLJENJE - Pharma Hemp\" \/>\n<meta property=\"og:description\" content=\"Kada va\u0161em organizmu treba podr\u0161ka.\" \/>\n<meta property=\"og:url\" content=\"https:\/\/pharma-hemp.com\/hr\/shop\/paket-za-ozdravljenje\/\" \/>\n<meta property=\"og:site_name\" content=\"Pharma Hemp\" \/>\n<meta property=\"article:modified_time\" content=\"2026-04-02T08:47:38+00:00\" \/>\n<meta property=\"og:image\" content=\"https:\/\/pharma-hemp.com\/wp-content\/uploads\/2025\/12\/getWellBundle.png\" \/>\n\t<meta property=\"og:image:width\" content=\"1250\" \/>\n\t<meta property=\"og:image:height\" content=\"1250\" \/>\n\t<meta property=\"og:image:type\" content=\"image\/png\" \/>\n<meta name=\"twitter:card\" content=\"summary_large_image\" \/>\n<meta name=\"twitter:label1\" content=\"Procijenjeno vrijeme \u010ditanja\" \/>\n\t<meta name=\"twitter:data1\" content=\"1 minuta\" \/>\n<script type=\"application\/ld+json\" class=\"yoast-schema-graph\">{\"@context\":\"https:\\\/\\\/schema.org\",\"@graph\":[{\"@type\":\"WebPage\",\"@id\":\"https:\\\/\\\/pharma-hemp.com\\\/hr\\\/shop\\\/paket-za-ozdravljenje\\\/\",\"url\":\"https:\\\/\\\/pharma-hemp.com\\\/hr\\\/shop\\\/paket-za-ozdravljenje\\\/\",\"name\":\"PAKET ZA OZDRAVLJENJE - Pharma Hemp\",\"isPartOf\":{\"@id\":\"https:\\\/\\\/pharma-hemp.com\\\/hr\\\/#website\"},\"primaryImageOfPage\":{\"@id\":\"https:\\\/\\\/pharma-hemp.com\\\/hr\\\/shop\\\/paket-za-ozdravljenje\\\/#primaryimage\"},\"image\":{\"@id\":\"https:\\\/\\\/pharma-hemp.com\\\/hr\\\/shop\\\/paket-za-ozdravljenje\\\/#primaryimage\"},\"thumbnailUrl\":\"https:\\\/\\\/pharma-hemp.com\\\/wp-content\\\/uploads\\\/2025\\\/12\\\/getWellBundle.png\",\"datePublished\":\"2025-12-23T12:28:10+00:00\",\"dateModified\":\"2026-04-02T08:47:38+00:00\",\"description\":\"Kada va\u0161em organizmu treba podr\u0161ka.\",\"breadcrumb\":{\"@id\":\"https:\\\/\\\/pharma-hemp.com\\\/hr\\\/shop\\\/paket-za-ozdravljenje\\\/#breadcrumb\"},\"inLanguage\":\"hr\",\"potentialAction\":[{\"@type\":\"ReadAction\",\"target\":[\"https:\\\/\\\/pharma-hemp.com\\\/hr\\\/shop\\\/paket-za-ozdravljenje\\\/\"]}]},{\"@type\":\"ImageObject\",\"inLanguage\":\"hr\",\"@id\":\"https:\\\/\\\/pharma-hemp.com\\\/hr\\\/shop\\\/paket-za-ozdravljenje\\\/#primaryimage\",\"url\":\"https:\\\/\\\/pharma-hemp.com\\\/wp-content\\\/uploads\\\/2025\\\/12\\\/getWellBundle.png\",\"contentUrl\":\"https:\\\/\\\/pharma-hemp.com\\\/wp-content\\\/uploads\\\/2025\\\/12\\\/getWellBundle.png\",\"width\":1250,\"height\":1250},{\"@type\":\"BreadcrumbList\",\"@id\":\"https:\\\/\\\/pharma-hemp.com\\\/hr\\\/shop\\\/paket-za-ozdravljenje\\\/#breadcrumb\",\"itemListElement\":[{\"@type\":\"ListItem\",\"position\":1,\"name\":\"Home\",\"item\":\"https:\\\/\\\/pharma-hemp.com\\\/hr\\\/\"},{\"@type\":\"ListItem\",\"position\":2,\"name\":\"Shop\",\"item\":\"https:\\\/\\\/pharma-hemp.com\\\/hr\\\/shop\\\/\"},{\"@type\":\"ListItem\",\"position\":3,\"name\":\"PAKET ZA OZDRAVLJENJE\"}]},{\"@type\":\"WebSite\",\"@id\":\"https:\\\/\\\/pharma-hemp.com\\\/hr\\\/#website\",\"url\":\"https:\\\/\\\/pharma-hemp.com\\\/hr\\\/\",\"name\":\"Pharma Hemp\",\"description\":\"CBD store\",\"publisher\":{\"@id\":\"https:\\\/\\\/pharma-hemp.com\\\/hr\\\/#organization\"},\"potentialAction\":[{\"@type\":\"SearchAction\",\"target\":{\"@type\":\"EntryPoint\",\"urlTemplate\":\"https:\\\/\\\/pharma-hemp.com\\\/hr\\\/?s={search_term_string}\"},\"query-input\":{\"@type\":\"PropertyValueSpecification\",\"valueRequired\":true,\"valueName\":\"search_term_string\"}}],\"inLanguage\":\"hr\"},{\"@type\":\"Organization\",\"@id\":\"https:\\\/\\\/pharma-hemp.com\\\/hr\\\/#organization\",\"name\":\"PharmaHemp\",\"url\":\"https:\\\/\\\/pharma-hemp.com\\\/hr\\\/\",\"logo\":{\"@type\":\"ImageObject\",\"inLanguage\":\"hr\",\"@id\":\"https:\\\/\\\/pharma-hemp.com\\\/hr\\\/#\\\/schema\\\/logo\\\/image\\\/\",\"url\":\"https:\\\/\\\/pharma-hemp.com\\\/wp-content\\\/uploads\\\/2025\\\/04\\\/Pharma-Hemp-logo_crn-1.png\",\"contentUrl\":\"https:\\\/\\\/pharma-hemp.com\\\/wp-content\\\/uploads\\\/2025\\\/04\\\/Pharma-Hemp-logo_crn-1.png\",\"width\":200,\"height\":44,\"caption\":\"PharmaHemp\"},\"image\":{\"@id\":\"https:\\\/\\\/pharma-hemp.com\\\/hr\\\/#\\\/schema\\\/logo\\\/image\\\/\"}}]}<\/script>\n<!-- \/ Yoast SEO plugin. -->","yoast_head_json":{"title":"PAKET ZA OZDRAVLJENJE - Pharma Hemp","description":"Kada va\u0161em organizmu treba podr\u0161ka.","robots":{"index":"index","follow":"follow","max-snippet":"max-snippet:-1","max-image-preview":"max-image-preview:large","max-video-preview":"max-video-preview:-1"},"canonical":"https:\/\/pharma-hemp.com\/hr\/shop\/paket-za-ozdravljenje\/","og_locale":"hr_HR","og_type":"article","og_title":"PAKET ZA OZDRAVLJENJE - Pharma Hemp","og_description":"Kada va\u0161em organizmu treba podr\u0161ka.","og_url":"https:\/\/pharma-hemp.com\/hr\/shop\/paket-za-ozdravljenje\/","og_site_name":"Pharma Hemp","article_modified_time":"2026-04-02T08:47:38+00:00","og_image":[{"width":1250,"height":1250,"url":"https:\/\/pharma-hemp.com\/wp-content\/uploads\/2025\/12\/getWellBundle.png","type":"image\/png"}],"twitter_card":"summary_large_image","twitter_misc":{"Procijenjeno vrijeme \u010ditanja":"1 minuta"},"schema":{"@context":"https:\/\/schema.org","@graph":[{"@type":"WebPage","@id":"https:\/\/pharma-hemp.com\/hr\/shop\/paket-za-ozdravljenje\/","url":"https:\/\/pharma-hemp.com\/hr\/shop\/paket-za-ozdravljenje\/","name":"PAKET ZA OZDRAVLJENJE - Pharma Hemp","isPartOf":{"@id":"https:\/\/pharma-hemp.com\/hr\/#website"},"primaryImageOfPage":{"@id":"https:\/\/pharma-hemp.com\/hr\/shop\/paket-za-ozdravljenje\/#primaryimage"},"image":{"@id":"https:\/\/pharma-hemp.com\/hr\/shop\/paket-za-ozdravljenje\/#primaryimage"},"thumbnailUrl":"https:\/\/pharma-hemp.com\/wp-content\/uploads\/2025\/12\/getWellBundle.png","datePublished":"2025-12-23T12:28:10+00:00","dateModified":"2026-04-02T08:47:38+00:00","description":"Kada va\u0161em organizmu treba podr\u0161ka.","breadcrumb":{"@id":"https:\/\/pharma-hemp.com\/hr\/shop\/paket-za-ozdravljenje\/#breadcrumb"},"inLanguage":"hr","potentialAction":[{"@type":"ReadAction","target":["https:\/\/pharma-hemp.com\/hr\/shop\/paket-za-ozdravljenje\/"]}]},{"@type":"ImageObject","inLanguage":"hr","@id":"https:\/\/pharma-hemp.com\/hr\/shop\/paket-za-ozdravljenje\/#primaryimage","url":"https:\/\/pharma-hemp.com\/wp-content\/uploads\/2025\/12\/getWellBundle.png","contentUrl":"https:\/\/pharma-hemp.com\/wp-content\/uploads\/2025\/12\/getWellBundle.png","width":1250,"height":1250},{"@type":"BreadcrumbList","@id":"https:\/\/pharma-hemp.com\/hr\/shop\/paket-za-ozdravljenje\/#breadcrumb","itemListElement":[{"@type":"ListItem","position":1,"name":"Home","item":"https:\/\/pharma-hemp.com\/hr\/"},{"@type":"ListItem","position":2,"name":"Shop","item":"https:\/\/pharma-hemp.com\/hr\/shop\/"},{"@type":"ListItem","position":3,"name":"PAKET ZA OZDRAVLJENJE"}]},{"@type":"WebSite","@id":"https:\/\/pharma-hemp.com\/hr\/#website","url":"https:\/\/pharma-hemp.com\/hr\/","name":"Pharma Hemp","description":"CBD store","publisher":{"@id":"https:\/\/pharma-hemp.com\/hr\/#organization"},"potentialAction":[{"@type":"SearchAction","target":{"@type":"EntryPoint","urlTemplate":"https:\/\/pharma-hemp.com\/hr\/?s={search_term_string}"},"query-input":{"@type":"PropertyValueSpecification","valueRequired":true,"valueName":"search_term_string"}}],"inLanguage":"hr"},{"@type":"Organization","@id":"https:\/\/pharma-hemp.com\/hr\/#organization","name":"PharmaHemp","url":"https:\/\/pharma-hemp.com\/hr\/","logo":{"@type":"ImageObject","inLanguage":"hr","@id":"https:\/\/pharma-hemp.com\/hr\/#\/schema\/logo\/image\/","url":"https:\/\/pharma-hemp.com\/wp-content\/uploads\/2025\/04\/Pharma-Hemp-logo_crn-1.png","contentUrl":"https:\/\/pharma-hemp.com\/wp-content\/uploads\/2025\/04\/Pharma-Hemp-logo_crn-1.png","width":200,"height":44,"caption":"PharmaHemp"},"image":{"@id":"https:\/\/pharma-hemp.com\/hr\/#\/schema\/logo\/image\/"}}]}},"_links":{"self":[{"href":"https:\/\/pharma-hemp.com\/hr\/wp-json\/wp\/v2\/product\/575528","targetHints":{"allow":["GET"]}}],"collection":[{"href":"https:\/\/pharma-hemp.com\/hr\/wp-json\/wp\/v2\/product"}],"about":[{"href":"https:\/\/pharma-hemp.com\/hr\/wp-json\/wp\/v2\/types\/product"}],"wp:featuredmedia":[{"embeddable":true,"href":"https:\/\/pharma-hemp.com\/hr\/wp-json\/wp\/v2\/media\/575446"}],"wp:attachment":[{"href":"https:\/\/pharma-hemp.com\/hr\/wp-json\/wp\/v2\/media?parent=575528"}],"wp:term":[{"taxonomy":"product_brand","embeddable":true,"href":"https:\/\/pharma-hemp.com\/hr\/wp-json\/wp\/v2\/product_brand?post=575528"},{"taxonomy":"product_cat","embeddable":true,"href":"https:\/\/pharma-hemp.com\/hr\/wp-json\/wp\/v2\/product_cat?post=575528"},{"taxonomy":"product_tag","embeddable":true,"href":"https:\/\/pharma-hemp.com\/hr\/wp-json\/wp\/v2\/product_tag?post=575528"}],"curies":[{"name":"wp","href":"https:\/\/api.w.org\/{rel}","templated":true}]}}