{"id":574154,"date":"2025-11-21T10:02:26","date_gmt":"2025-11-21T08:02:26","guid":{"rendered":"https:\/\/pharma-hemp.com\/?post_type=product&#038;p=574154"},"modified":"2026-04-02T10:31:15","modified_gmt":"2026-04-02T08:31:15","slug":"bundle-box-5-drops","status":"publish","type":"product","link":"https:\/\/pharma-hemp.com\/hr\/shop\/bundle-box-5-drops\/","title":{"rendered":"SET KUTIJA &#8211; 5 BOCA"},"content":{"rendered":"","protected":false},"excerpt":{"rendered":"<p><strong>Razmi\u0161ljaj izvan okvira, ali unutar kutije. Ima li smisla? Vjerojatno.<\/strong><\/p>\n<p>Sastavi svoj paket na svoj na\u010din. Kombiniraj PHIX kapi, kapi za ku\u0107ne ljubimce ili druge kapi. Savr\u0161ena bo\u017ei\u0107na poklon-kutija za sve, stavi je pod bor i daruj ne\u0161to zaista osobno.<\/p>\n<p><strong>Tvoja kutija, tvoja pravila. Ispuni je onime \u0161to ti najbolje odgovara.<\/strong><\/p>\n","protected":false},"featured_media":574157,"template":"","meta":[],"product_brand":[],"product_cat":[285,236],"product_tag":[949,1796,1800,974,1643,1799,1795,1797,1798,955],"class_list":{"0":"post-574154","1":"product","2":"type-product","3":"status-publish","4":"has-post-thumbnail","6":"product_cat-nekategorizirano","7":"product_cat-paketi","8":"product_tag-cbd-kapi","9":"product_tag-cbd-ulja","10":"product_tag-dobrostanje","11":"product_tag-fokus","12":"product_tag-imunitet","13":"product_tag-olaksanje-boli","14":"product_tag-pocetni-paket","15":"product_tag-poklon-paket","16":"product_tag-pomoc-pri-snu","17":"product_tag-stres","19":"first","20":"instock","21":"shipping-taxable","22":"purchasable","23":"product-type-simple"},"acf":{"konfigurator_product_name":"","konfigurator_product_description":"","konfigurator_product_image_url":""},"yoast_head":"<!-- This site is optimized with the Yoast SEO plugin v27.3 - https:\/\/yoast.com\/product\/yoast-seo-wordpress\/ -->\n<title>SET KUTIJA - 5 BOCA - Pharma Hemp<\/title>\n<meta name=\"robots\" content=\"index, follow, max-snippet:-1, max-image-preview:large, max-video-preview:-1\" \/>\n<link rel=\"canonical\" href=\"https:\/\/pharma-hemp.com\/hr\/shop\/bundle-box-5-drops\/\" \/>\n<meta property=\"og:locale\" content=\"hr_HR\" \/>\n<meta property=\"og:type\" content=\"article\" \/>\n<meta property=\"og:title\" content=\"SET KUTIJA - 5 BOCA - Pharma Hemp\" \/>\n<meta property=\"og:description\" content=\"Razmi\u0161ljaj izvan okvira, ali unutar kutije. Ima li smisla? Vjerojatno.  Sastavi svoj paket na svoj na\u010din. Kombiniraj PHIX kapi, kapi za ku\u0107ne ljubimce ili druge kapi. Savr\u0161ena bo\u017ei\u0107na poklon-kutija za sve, stavi je pod bor i daruj ne\u0161to zaista osobno.  Tvoja kutija, tvoja pravila. Ispuni je onime \u0161to ti najbolje odgovara.\" \/>\n<meta property=\"og:url\" content=\"https:\/\/pharma-hemp.com\/hr\/shop\/bundle-box-5-drops\/\" \/>\n<meta property=\"og:site_name\" content=\"Pharma Hemp\" \/>\n<meta property=\"article:modified_time\" content=\"2026-04-02T08:31:15+00:00\" \/>\n<meta property=\"og:image\" content=\"https:\/\/pharma-hemp.com\/wp-content\/uploads\/2025\/11\/phixBundle_5-empty-scaled.jpg\" \/>\n\t<meta property=\"og:image:width\" content=\"2560\" \/>\n\t<meta property=\"og:image:height\" content=\"1920\" \/>\n\t<meta property=\"og:image:type\" content=\"image\/jpeg\" \/>\n<meta name=\"twitter:card\" content=\"summary_large_image\" \/>\n<meta name=\"twitter:label1\" content=\"Procijenjeno vrijeme \u010ditanja\" \/>\n\t<meta name=\"twitter:data1\" content=\"1 minuta\" \/>\n<script type=\"application\/ld+json\" class=\"yoast-schema-graph\">{\"@context\":\"https:\\\/\\\/schema.org\",\"@graph\":[{\"@type\":\"WebPage\",\"@id\":\"https:\\\/\\\/pharma-hemp.com\\\/hr\\\/shop\\\/bundle-box-5-drops\\\/\",\"url\":\"https:\\\/\\\/pharma-hemp.com\\\/hr\\\/shop\\\/bundle-box-5-drops\\\/\",\"name\":\"SET KUTIJA - 5 BOCA - Pharma Hemp\",\"isPartOf\":{\"@id\":\"https:\\\/\\\/pharma-hemp.com\\\/hr\\\/#website\"},\"primaryImageOfPage\":{\"@id\":\"https:\\\/\\\/pharma-hemp.com\\\/hr\\\/shop\\\/bundle-box-5-drops\\\/#primaryimage\"},\"image\":{\"@id\":\"https:\\\/\\\/pharma-hemp.com\\\/hr\\\/shop\\\/bundle-box-5-drops\\\/#primaryimage\"},\"thumbnailUrl\":\"https:\\\/\\\/pharma-hemp.com\\\/wp-content\\\/uploads\\\/2025\\\/11\\\/phixBundle_5-empty-scaled.jpg\",\"datePublished\":\"2025-11-21T08:02:26+00:00\",\"dateModified\":\"2026-04-02T08:31:15+00:00\",\"breadcrumb\":{\"@id\":\"https:\\\/\\\/pharma-hemp.com\\\/hr\\\/shop\\\/bundle-box-5-drops\\\/#breadcrumb\"},\"inLanguage\":\"hr\",\"potentialAction\":[{\"@type\":\"ReadAction\",\"target\":[\"https:\\\/\\\/pharma-hemp.com\\\/hr\\\/shop\\\/bundle-box-5-drops\\\/\"]}]},{\"@type\":\"ImageObject\",\"inLanguage\":\"hr\",\"@id\":\"https:\\\/\\\/pharma-hemp.com\\\/hr\\\/shop\\\/bundle-box-5-drops\\\/#primaryimage\",\"url\":\"https:\\\/\\\/pharma-hemp.com\\\/wp-content\\\/uploads\\\/2025\\\/11\\\/phixBundle_5-empty-scaled.jpg\",\"contentUrl\":\"https:\\\/\\\/pharma-hemp.com\\\/wp-content\\\/uploads\\\/2025\\\/11\\\/phixBundle_5-empty-scaled.jpg\",\"width\":2560,\"height\":1920},{\"@type\":\"BreadcrumbList\",\"@id\":\"https:\\\/\\\/pharma-hemp.com\\\/hr\\\/shop\\\/bundle-box-5-drops\\\/#breadcrumb\",\"itemListElement\":[{\"@type\":\"ListItem\",\"position\":1,\"name\":\"Home\",\"item\":\"https:\\\/\\\/pharma-hemp.com\\\/hr\\\/\"},{\"@type\":\"ListItem\",\"position\":2,\"name\":\"Shop\",\"item\":\"https:\\\/\\\/pharma-hemp.com\\\/hr\\\/shop\\\/\"},{\"@type\":\"ListItem\",\"position\":3,\"name\":\"SET KUTIJA &#8211; 5 BOCA\"}]},{\"@type\":\"WebSite\",\"@id\":\"https:\\\/\\\/pharma-hemp.com\\\/hr\\\/#website\",\"url\":\"https:\\\/\\\/pharma-hemp.com\\\/hr\\\/\",\"name\":\"Pharma Hemp\",\"description\":\"CBD store\",\"publisher\":{\"@id\":\"https:\\\/\\\/pharma-hemp.com\\\/hr\\\/#organization\"},\"potentialAction\":[{\"@type\":\"SearchAction\",\"target\":{\"@type\":\"EntryPoint\",\"urlTemplate\":\"https:\\\/\\\/pharma-hemp.com\\\/hr\\\/?s={search_term_string}\"},\"query-input\":{\"@type\":\"PropertyValueSpecification\",\"valueRequired\":true,\"valueName\":\"search_term_string\"}}],\"inLanguage\":\"hr\"},{\"@type\":\"Organization\",\"@id\":\"https:\\\/\\\/pharma-hemp.com\\\/hr\\\/#organization\",\"name\":\"PharmaHemp\",\"url\":\"https:\\\/\\\/pharma-hemp.com\\\/hr\\\/\",\"logo\":{\"@type\":\"ImageObject\",\"inLanguage\":\"hr\",\"@id\":\"https:\\\/\\\/pharma-hemp.com\\\/hr\\\/#\\\/schema\\\/logo\\\/image\\\/\",\"url\":\"https:\\\/\\\/pharma-hemp.com\\\/wp-content\\\/uploads\\\/2025\\\/04\\\/Pharma-Hemp-logo_crn-1.png\",\"contentUrl\":\"https:\\\/\\\/pharma-hemp.com\\\/wp-content\\\/uploads\\\/2025\\\/04\\\/Pharma-Hemp-logo_crn-1.png\",\"width\":200,\"height\":44,\"caption\":\"PharmaHemp\"},\"image\":{\"@id\":\"https:\\\/\\\/pharma-hemp.com\\\/hr\\\/#\\\/schema\\\/logo\\\/image\\\/\"}}]}<\/script>\n<!-- \/ Yoast SEO plugin. -->","yoast_head_json":{"title":"SET KUTIJA - 5 BOCA - Pharma Hemp","robots":{"index":"index","follow":"follow","max-snippet":"max-snippet:-1","max-image-preview":"max-image-preview:large","max-video-preview":"max-video-preview:-1"},"canonical":"https:\/\/pharma-hemp.com\/hr\/shop\/bundle-box-5-drops\/","og_locale":"hr_HR","og_type":"article","og_title":"SET KUTIJA - 5 BOCA - Pharma Hemp","og_description":"Razmi\u0161ljaj izvan okvira, ali unutar kutije. Ima li smisla? Vjerojatno.  Sastavi svoj paket na svoj na\u010din. Kombiniraj PHIX kapi, kapi za ku\u0107ne ljubimce ili druge kapi. Savr\u0161ena bo\u017ei\u0107na poklon-kutija za sve, stavi je pod bor i daruj ne\u0161to zaista osobno.  Tvoja kutija, tvoja pravila. Ispuni je onime \u0161to ti najbolje odgovara.","og_url":"https:\/\/pharma-hemp.com\/hr\/shop\/bundle-box-5-drops\/","og_site_name":"Pharma Hemp","article_modified_time":"2026-04-02T08:31:15+00:00","og_image":[{"width":2560,"height":1920,"url":"https:\/\/pharma-hemp.com\/wp-content\/uploads\/2025\/11\/phixBundle_5-empty-scaled.jpg","type":"image\/jpeg"}],"twitter_card":"summary_large_image","twitter_misc":{"Procijenjeno vrijeme \u010ditanja":"1 minuta"},"schema":{"@context":"https:\/\/schema.org","@graph":[{"@type":"WebPage","@id":"https:\/\/pharma-hemp.com\/hr\/shop\/bundle-box-5-drops\/","url":"https:\/\/pharma-hemp.com\/hr\/shop\/bundle-box-5-drops\/","name":"SET KUTIJA - 5 BOCA - Pharma Hemp","isPartOf":{"@id":"https:\/\/pharma-hemp.com\/hr\/#website"},"primaryImageOfPage":{"@id":"https:\/\/pharma-hemp.com\/hr\/shop\/bundle-box-5-drops\/#primaryimage"},"image":{"@id":"https:\/\/pharma-hemp.com\/hr\/shop\/bundle-box-5-drops\/#primaryimage"},"thumbnailUrl":"https:\/\/pharma-hemp.com\/wp-content\/uploads\/2025\/11\/phixBundle_5-empty-scaled.jpg","datePublished":"2025-11-21T08:02:26+00:00","dateModified":"2026-04-02T08:31:15+00:00","breadcrumb":{"@id":"https:\/\/pharma-hemp.com\/hr\/shop\/bundle-box-5-drops\/#breadcrumb"},"inLanguage":"hr","potentialAction":[{"@type":"ReadAction","target":["https:\/\/pharma-hemp.com\/hr\/shop\/bundle-box-5-drops\/"]}]},{"@type":"ImageObject","inLanguage":"hr","@id":"https:\/\/pharma-hemp.com\/hr\/shop\/bundle-box-5-drops\/#primaryimage","url":"https:\/\/pharma-hemp.com\/wp-content\/uploads\/2025\/11\/phixBundle_5-empty-scaled.jpg","contentUrl":"https:\/\/pharma-hemp.com\/wp-content\/uploads\/2025\/11\/phixBundle_5-empty-scaled.jpg","width":2560,"height":1920},{"@type":"BreadcrumbList","@id":"https:\/\/pharma-hemp.com\/hr\/shop\/bundle-box-5-drops\/#breadcrumb","itemListElement":[{"@type":"ListItem","position":1,"name":"Home","item":"https:\/\/pharma-hemp.com\/hr\/"},{"@type":"ListItem","position":2,"name":"Shop","item":"https:\/\/pharma-hemp.com\/hr\/shop\/"},{"@type":"ListItem","position":3,"name":"SET KUTIJA &#8211; 5 BOCA"}]},{"@type":"WebSite","@id":"https:\/\/pharma-hemp.com\/hr\/#website","url":"https:\/\/pharma-hemp.com\/hr\/","name":"Pharma Hemp","description":"CBD store","publisher":{"@id":"https:\/\/pharma-hemp.com\/hr\/#organization"},"potentialAction":[{"@type":"SearchAction","target":{"@type":"EntryPoint","urlTemplate":"https:\/\/pharma-hemp.com\/hr\/?s={search_term_string}"},"query-input":{"@type":"PropertyValueSpecification","valueRequired":true,"valueName":"search_term_string"}}],"inLanguage":"hr"},{"@type":"Organization","@id":"https:\/\/pharma-hemp.com\/hr\/#organization","name":"PharmaHemp","url":"https:\/\/pharma-hemp.com\/hr\/","logo":{"@type":"ImageObject","inLanguage":"hr","@id":"https:\/\/pharma-hemp.com\/hr\/#\/schema\/logo\/image\/","url":"https:\/\/pharma-hemp.com\/wp-content\/uploads\/2025\/04\/Pharma-Hemp-logo_crn-1.png","contentUrl":"https:\/\/pharma-hemp.com\/wp-content\/uploads\/2025\/04\/Pharma-Hemp-logo_crn-1.png","width":200,"height":44,"caption":"PharmaHemp"},"image":{"@id":"https:\/\/pharma-hemp.com\/hr\/#\/schema\/logo\/image\/"}}]}},"_links":{"self":[{"href":"https:\/\/pharma-hemp.com\/hr\/wp-json\/wp\/v2\/product\/574154","targetHints":{"allow":["GET"]}}],"collection":[{"href":"https:\/\/pharma-hemp.com\/hr\/wp-json\/wp\/v2\/product"}],"about":[{"href":"https:\/\/pharma-hemp.com\/hr\/wp-json\/wp\/v2\/types\/product"}],"wp:featuredmedia":[{"embeddable":true,"href":"https:\/\/pharma-hemp.com\/hr\/wp-json\/wp\/v2\/media\/574157"}],"wp:attachment":[{"href":"https:\/\/pharma-hemp.com\/hr\/wp-json\/wp\/v2\/media?parent=574154"}],"wp:term":[{"taxonomy":"product_brand","embeddable":true,"href":"https:\/\/pharma-hemp.com\/hr\/wp-json\/wp\/v2\/product_brand?post=574154"},{"taxonomy":"product_cat","embeddable":true,"href":"https:\/\/pharma-hemp.com\/hr\/wp-json\/wp\/v2\/product_cat?post=574154"},{"taxonomy":"product_tag","embeddable":true,"href":"https:\/\/pharma-hemp.com\/hr\/wp-json\/wp\/v2\/product_tag?post=574154"}],"curies":[{"name":"wp","href":"https:\/\/api.w.org\/{rel}","templated":true}]}}