{"id":569132,"date":"2025-05-14T08:15:23","date_gmt":"2025-05-14T07:15:23","guid":{"rendered":"https:\/\/pharma-hemp.com\/shop\/ganda-umirujuci-uljni-serum\/"},"modified":"2026-03-05T12:13:15","modified_gmt":"2026-03-05T10:13:15","slug":"ganda-umirujuci-uljni-serum","status":"publish","type":"product","link":"https:\/\/pharma-hemp.com\/hr\/shop\/ganda-umirujuci-uljni-serum\/","title":{"rendered":"Gan\u0111a umiruju\u0107i uljni serum"},"content":{"rendered":"","protected":false},"excerpt":{"rendered":"<ul>\n<li>Serum za obnavljanje koji umiruje i \u0161titi va\u0161u ko\u017eu.<\/li>\n<li>Idealno za ve\u010dernju njegu lica i vrata.<\/li>\n<\/ul>\n","protected":false},"featured_media":569134,"template":"","meta":[],"product_brand":[270],"product_cat":[238,237],"product_tag":[1184,1186,1522,1264,1149,1550,1552,1551,1538,1145],"class_list":{"0":"post-569132","1":"product","2":"type-product","3":"status-publish","4":"has-post-thumbnail","6":"product_brand-ganda","7":"product_cat-druge-marke","8":"product_cat-ostali-proizvodi","9":"product_tag-anti-age-ucinak","10":"product_tag-dehidrirana-koza","11":"product_tag-elasticnost-koze","12":"product_tag-hidratacija","13":"product_tag-nocna-njega","14":"product_tag-nocna-obnova","15":"product_tag-nocni-serum","16":"product_tag-pomirujuci-serum","17":"product_tag-protiv-bora","18":"product_tag-umorna-koza","20":"first","21":"instock","22":"shipping-taxable","23":"purchasable","24":"product-type-simple"},"acf":{"konfigurator_product_name":"","konfigurator_product_description":"","konfigurator_product_image_url":""},"yoast_head":"<!-- This site is optimized with the Yoast SEO plugin v27.3 - https:\/\/yoast.com\/product\/yoast-seo-wordpress\/ -->\n<title>CBD serum za umirivanje lica s uljem konoplje Gan\u0111a - Pharma Hemp<\/title>\n<meta name=\"description\" content=\"Umiruju\u0107i serum za lice s uljem konoplje od CBD-a Gan\u0111a Idealan za ve\u010dernju njegu lica i vrata, smanjuje fine linije \u2013 poti\u010de mladena\u010dki izgled.\" \/>\n<meta name=\"robots\" content=\"index, follow, max-snippet:-1, max-image-preview:large, max-video-preview:-1\" \/>\n<link rel=\"canonical\" href=\"https:\/\/pharma-hemp.com\/hr\/shop\/ganda-umirujuci-uljni-serum\/\" \/>\n<meta property=\"og:locale\" content=\"hr_HR\" \/>\n<meta property=\"og:type\" content=\"article\" \/>\n<meta property=\"og:title\" content=\"CBD serum za umirivanje lica s uljem konoplje Gan\u0111a - Pharma Hemp\" \/>\n<meta property=\"og:description\" content=\"Umiruju\u0107i serum za lice s uljem konoplje od CBD-a Gan\u0111a Idealan za ve\u010dernju njegu lica i vrata, smanjuje fine linije \u2013 poti\u010de mladena\u010dki izgled.\" \/>\n<meta property=\"og:url\" content=\"https:\/\/pharma-hemp.com\/hr\/shop\/ganda-umirujuci-uljni-serum\/\" \/>\n<meta property=\"og:site_name\" content=\"Pharma Hemp\" \/>\n<meta property=\"article:modified_time\" content=\"2026-03-05T10:13:15+00:00\" \/>\n<meta property=\"og:image\" content=\"https:\/\/pharma-hemp.com\/wp-content\/uploads\/2025\/05\/04-gandja-soothing-serum-jar-510x510.png.webp\" \/>\n\t<meta property=\"og:image:width\" content=\"510\" \/>\n\t<meta property=\"og:image:height\" content=\"510\" \/>\n\t<meta property=\"og:image:type\" content=\"image\/webp\" \/>\n<meta name=\"twitter:card\" content=\"summary_large_image\" \/>\n<meta name=\"twitter:label1\" content=\"Procijenjeno vrijeme \u010ditanja\" \/>\n\t<meta name=\"twitter:data1\" content=\"1 minuta\" \/>\n<script type=\"application\/ld+json\" class=\"yoast-schema-graph\">{\"@context\":\"https:\\\/\\\/schema.org\",\"@graph\":[{\"@type\":\"WebPage\",\"@id\":\"https:\\\/\\\/pharma-hemp.com\\\/hr\\\/shop\\\/ganda-umirujuci-uljni-serum\\\/\",\"url\":\"https:\\\/\\\/pharma-hemp.com\\\/hr\\\/shop\\\/ganda-umirujuci-uljni-serum\\\/\",\"name\":\"CBD serum za umirivanje lica s uljem konoplje Gan\u0111a - Pharma Hemp\",\"isPartOf\":{\"@id\":\"https:\\\/\\\/pharma-hemp.com\\\/hr\\\/#website\"},\"primaryImageOfPage\":{\"@id\":\"https:\\\/\\\/pharma-hemp.com\\\/hr\\\/shop\\\/ganda-umirujuci-uljni-serum\\\/#primaryimage\"},\"image\":{\"@id\":\"https:\\\/\\\/pharma-hemp.com\\\/hr\\\/shop\\\/ganda-umirujuci-uljni-serum\\\/#primaryimage\"},\"thumbnailUrl\":\"https:\\\/\\\/pharma-hemp.com\\\/wp-content\\\/uploads\\\/2025\\\/05\\\/04-gandja-soothing-serum-jar-510x510.png.webp\",\"datePublished\":\"2025-05-14T07:15:23+00:00\",\"dateModified\":\"2026-03-05T10:13:15+00:00\",\"description\":\"Umiruju\u0107i serum za lice s uljem konoplje od CBD-a Gan\u0111a Idealan za ve\u010dernju njegu lica i vrata, smanjuje fine linije \u2013 poti\u010de mladena\u010dki izgled.\",\"breadcrumb\":{\"@id\":\"https:\\\/\\\/pharma-hemp.com\\\/hr\\\/shop\\\/ganda-umirujuci-uljni-serum\\\/#breadcrumb\"},\"inLanguage\":\"hr\",\"potentialAction\":[{\"@type\":\"ReadAction\",\"target\":[\"https:\\\/\\\/pharma-hemp.com\\\/hr\\\/shop\\\/ganda-umirujuci-uljni-serum\\\/\"]}]},{\"@type\":\"ImageObject\",\"inLanguage\":\"hr\",\"@id\":\"https:\\\/\\\/pharma-hemp.com\\\/hr\\\/shop\\\/ganda-umirujuci-uljni-serum\\\/#primaryimage\",\"url\":\"https:\\\/\\\/pharma-hemp.com\\\/wp-content\\\/uploads\\\/2025\\\/05\\\/04-gandja-soothing-serum-jar-510x510.png.webp\",\"contentUrl\":\"https:\\\/\\\/pharma-hemp.com\\\/wp-content\\\/uploads\\\/2025\\\/05\\\/04-gandja-soothing-serum-jar-510x510.png.webp\",\"width\":510,\"height\":510},{\"@type\":\"BreadcrumbList\",\"@id\":\"https:\\\/\\\/pharma-hemp.com\\\/hr\\\/shop\\\/ganda-umirujuci-uljni-serum\\\/#breadcrumb\",\"itemListElement\":[{\"@type\":\"ListItem\",\"position\":1,\"name\":\"Home\",\"item\":\"https:\\\/\\\/pharma-hemp.com\\\/hr\\\/\"},{\"@type\":\"ListItem\",\"position\":2,\"name\":\"Shop\",\"item\":\"https:\\\/\\\/pharma-hemp.com\\\/hr\\\/shop\\\/\"},{\"@type\":\"ListItem\",\"position\":3,\"name\":\"Gan\u0111a umiruju\u0107i uljni serum\"}]},{\"@type\":\"WebSite\",\"@id\":\"https:\\\/\\\/pharma-hemp.com\\\/hr\\\/#website\",\"url\":\"https:\\\/\\\/pharma-hemp.com\\\/hr\\\/\",\"name\":\"Pharma Hemp\",\"description\":\"CBD store\",\"publisher\":{\"@id\":\"https:\\\/\\\/pharma-hemp.com\\\/hr\\\/#organization\"},\"potentialAction\":[{\"@type\":\"SearchAction\",\"target\":{\"@type\":\"EntryPoint\",\"urlTemplate\":\"https:\\\/\\\/pharma-hemp.com\\\/hr\\\/?s={search_term_string}\"},\"query-input\":{\"@type\":\"PropertyValueSpecification\",\"valueRequired\":true,\"valueName\":\"search_term_string\"}}],\"inLanguage\":\"hr\"},{\"@type\":\"Organization\",\"@id\":\"https:\\\/\\\/pharma-hemp.com\\\/hr\\\/#organization\",\"name\":\"PharmaHemp\",\"url\":\"https:\\\/\\\/pharma-hemp.com\\\/hr\\\/\",\"logo\":{\"@type\":\"ImageObject\",\"inLanguage\":\"hr\",\"@id\":\"https:\\\/\\\/pharma-hemp.com\\\/hr\\\/#\\\/schema\\\/logo\\\/image\\\/\",\"url\":\"https:\\\/\\\/pharma-hemp.com\\\/wp-content\\\/uploads\\\/2025\\\/04\\\/Pharma-Hemp-logo_crn-1.png\",\"contentUrl\":\"https:\\\/\\\/pharma-hemp.com\\\/wp-content\\\/uploads\\\/2025\\\/04\\\/Pharma-Hemp-logo_crn-1.png\",\"width\":200,\"height\":44,\"caption\":\"PharmaHemp\"},\"image\":{\"@id\":\"https:\\\/\\\/pharma-hemp.com\\\/hr\\\/#\\\/schema\\\/logo\\\/image\\\/\"}}]}<\/script>\n<!-- \/ Yoast SEO plugin. -->","yoast_head_json":{"title":"CBD serum za umirivanje lica s uljem konoplje Gan\u0111a - Pharma Hemp","description":"Umiruju\u0107i serum za lice s uljem konoplje od CBD-a Gan\u0111a Idealan za ve\u010dernju njegu lica i vrata, smanjuje fine linije \u2013 poti\u010de mladena\u010dki izgled.","robots":{"index":"index","follow":"follow","max-snippet":"max-snippet:-1","max-image-preview":"max-image-preview:large","max-video-preview":"max-video-preview:-1"},"canonical":"https:\/\/pharma-hemp.com\/hr\/shop\/ganda-umirujuci-uljni-serum\/","og_locale":"hr_HR","og_type":"article","og_title":"CBD serum za umirivanje lica s uljem konoplje Gan\u0111a - Pharma Hemp","og_description":"Umiruju\u0107i serum za lice s uljem konoplje od CBD-a Gan\u0111a Idealan za ve\u010dernju njegu lica i vrata, smanjuje fine linije \u2013 poti\u010de mladena\u010dki izgled.","og_url":"https:\/\/pharma-hemp.com\/hr\/shop\/ganda-umirujuci-uljni-serum\/","og_site_name":"Pharma Hemp","article_modified_time":"2026-03-05T10:13:15+00:00","og_image":[{"width":510,"height":510,"url":"https:\/\/pharma-hemp.com\/wp-content\/uploads\/2025\/05\/04-gandja-soothing-serum-jar-510x510.png.webp","type":"image\/webp"}],"twitter_card":"summary_large_image","twitter_misc":{"Procijenjeno vrijeme \u010ditanja":"1 minuta"},"schema":{"@context":"https:\/\/schema.org","@graph":[{"@type":"WebPage","@id":"https:\/\/pharma-hemp.com\/hr\/shop\/ganda-umirujuci-uljni-serum\/","url":"https:\/\/pharma-hemp.com\/hr\/shop\/ganda-umirujuci-uljni-serum\/","name":"CBD serum za umirivanje lica s uljem konoplje Gan\u0111a - Pharma Hemp","isPartOf":{"@id":"https:\/\/pharma-hemp.com\/hr\/#website"},"primaryImageOfPage":{"@id":"https:\/\/pharma-hemp.com\/hr\/shop\/ganda-umirujuci-uljni-serum\/#primaryimage"},"image":{"@id":"https:\/\/pharma-hemp.com\/hr\/shop\/ganda-umirujuci-uljni-serum\/#primaryimage"},"thumbnailUrl":"https:\/\/pharma-hemp.com\/wp-content\/uploads\/2025\/05\/04-gandja-soothing-serum-jar-510x510.png.webp","datePublished":"2025-05-14T07:15:23+00:00","dateModified":"2026-03-05T10:13:15+00:00","description":"Umiruju\u0107i serum za lice s uljem konoplje od CBD-a Gan\u0111a Idealan za ve\u010dernju njegu lica i vrata, smanjuje fine linije \u2013 poti\u010de mladena\u010dki izgled.","breadcrumb":{"@id":"https:\/\/pharma-hemp.com\/hr\/shop\/ganda-umirujuci-uljni-serum\/#breadcrumb"},"inLanguage":"hr","potentialAction":[{"@type":"ReadAction","target":["https:\/\/pharma-hemp.com\/hr\/shop\/ganda-umirujuci-uljni-serum\/"]}]},{"@type":"ImageObject","inLanguage":"hr","@id":"https:\/\/pharma-hemp.com\/hr\/shop\/ganda-umirujuci-uljni-serum\/#primaryimage","url":"https:\/\/pharma-hemp.com\/wp-content\/uploads\/2025\/05\/04-gandja-soothing-serum-jar-510x510.png.webp","contentUrl":"https:\/\/pharma-hemp.com\/wp-content\/uploads\/2025\/05\/04-gandja-soothing-serum-jar-510x510.png.webp","width":510,"height":510},{"@type":"BreadcrumbList","@id":"https:\/\/pharma-hemp.com\/hr\/shop\/ganda-umirujuci-uljni-serum\/#breadcrumb","itemListElement":[{"@type":"ListItem","position":1,"name":"Home","item":"https:\/\/pharma-hemp.com\/hr\/"},{"@type":"ListItem","position":2,"name":"Shop","item":"https:\/\/pharma-hemp.com\/hr\/shop\/"},{"@type":"ListItem","position":3,"name":"Gan\u0111a umiruju\u0107i uljni serum"}]},{"@type":"WebSite","@id":"https:\/\/pharma-hemp.com\/hr\/#website","url":"https:\/\/pharma-hemp.com\/hr\/","name":"Pharma Hemp","description":"CBD store","publisher":{"@id":"https:\/\/pharma-hemp.com\/hr\/#organization"},"potentialAction":[{"@type":"SearchAction","target":{"@type":"EntryPoint","urlTemplate":"https:\/\/pharma-hemp.com\/hr\/?s={search_term_string}"},"query-input":{"@type":"PropertyValueSpecification","valueRequired":true,"valueName":"search_term_string"}}],"inLanguage":"hr"},{"@type":"Organization","@id":"https:\/\/pharma-hemp.com\/hr\/#organization","name":"PharmaHemp","url":"https:\/\/pharma-hemp.com\/hr\/","logo":{"@type":"ImageObject","inLanguage":"hr","@id":"https:\/\/pharma-hemp.com\/hr\/#\/schema\/logo\/image\/","url":"https:\/\/pharma-hemp.com\/wp-content\/uploads\/2025\/04\/Pharma-Hemp-logo_crn-1.png","contentUrl":"https:\/\/pharma-hemp.com\/wp-content\/uploads\/2025\/04\/Pharma-Hemp-logo_crn-1.png","width":200,"height":44,"caption":"PharmaHemp"},"image":{"@id":"https:\/\/pharma-hemp.com\/hr\/#\/schema\/logo\/image\/"}}]}},"_links":{"self":[{"href":"https:\/\/pharma-hemp.com\/hr\/wp-json\/wp\/v2\/product\/569132","targetHints":{"allow":["GET"]}}],"collection":[{"href":"https:\/\/pharma-hemp.com\/hr\/wp-json\/wp\/v2\/product"}],"about":[{"href":"https:\/\/pharma-hemp.com\/hr\/wp-json\/wp\/v2\/types\/product"}],"wp:featuredmedia":[{"embeddable":true,"href":"https:\/\/pharma-hemp.com\/hr\/wp-json\/wp\/v2\/media\/569134"}],"wp:attachment":[{"href":"https:\/\/pharma-hemp.com\/hr\/wp-json\/wp\/v2\/media?parent=569132"}],"wp:term":[{"taxonomy":"product_brand","embeddable":true,"href":"https:\/\/pharma-hemp.com\/hr\/wp-json\/wp\/v2\/product_brand?post=569132"},{"taxonomy":"product_cat","embeddable":true,"href":"https:\/\/pharma-hemp.com\/hr\/wp-json\/wp\/v2\/product_cat?post=569132"},{"taxonomy":"product_tag","embeddable":true,"href":"https:\/\/pharma-hemp.com\/hr\/wp-json\/wp\/v2\/product_tag?post=569132"}],"curies":[{"name":"wp","href":"https:\/\/api.w.org\/{rel}","templated":true}]}}