{"id":569083,"date":"2025-05-05T12:33:57","date_gmt":"2025-05-05T11:33:57","guid":{"rendered":"https:\/\/pharma-hemp.com\/shop\/dr-kent-sportski-gel\/"},"modified":"2026-03-04T10:19:44","modified_gmt":"2026-03-04T08:19:44","slug":"dr-kent-sportski-gel","status":"publish","type":"product","link":"https:\/\/pharma-hemp.com\/hr\/shop\/dr-kent-sportski-gel\/","title":{"rendered":"Dr. Kent sportski gel"},"content":{"rendered":"","protected":false},"excerpt":{"rendered":"<p><span style=\"font-weight: 400;\">OHLADI, UMIRI, OPORAVI<\/span><\/p>\n<p><span style=\"font-weight: 400;\">Visokou\u010dinkoviti gel za oporavak dizajniran za aktivna tijela. Bez obzira idete li u teretanu, na staze ili se jednostavno borite sa svakodnevnom napeto\u0161\u0107u, ovaj brzo upijaju\u0107i gel pru\u017ea rashla\u0111uju\u0107e olak\u0161anje koje va\u0161i mi\u0161i\u0107i \u017eele. <\/span><\/p>\n","protected":false},"featured_media":569116,"template":"","meta":[],"product_brand":[],"product_cat":[264,265,254,277],"product_tag":[259,1336,1343,1337,1339,1338,1342,1340,1341,1066],"class_list":{"0":"post-569083","1":"product","2":"type-product","3":"status-publish","4":"has-post-thumbnail","6":"product_cat-aktivne-kreme-hr","7":"product_cat-dr-kent-hr","8":"product_cat-oporavak","9":"product_cat-superstars-cro","10":"product_tag-bol","11":"product_tag-bol-u-misicima","12":"product_tag-brzo-olaksanje","13":"product_tag-nakon-treninga","14":"product_tag-nategnuca","15":"product_tag-sportske-ozljede","16":"product_tag-sportski-gel","17":"product_tag-ukocenost","18":"product_tag-umorni-misici","19":"product_tag-upala","21":"first","22":"instock","23":"shipping-taxable","24":"purchasable","25":"product-type-simple"},"acf":{"konfigurator_product_name":"","konfigurator_product_description":"","konfigurator_product_image_url":""},"yoast_head":"<!-- This site is optimized with the Yoast SEO plugin v27.3 - https:\/\/yoast.com\/product\/yoast-seo-wordpress\/ -->\n<title>Cbd gel za mi\u0161i\u0107e sportski Dr. Kent 1100 mg cbd - Pharma Hemp<\/title>\n<meta name=\"description\" content=\"CBD gel za mi\u0161i\u0107e Dr. Kent smanjuje mikroozljede i poti\u010de br\u017ee zacjeljivanje, ubla\u017eava vru\u0107inu i smiruje napetost nakon aktivnosti.\" \/>\n<meta name=\"robots\" content=\"index, follow, max-snippet:-1, max-image-preview:large, max-video-preview:-1\" \/>\n<link rel=\"canonical\" href=\"https:\/\/pharma-hemp.com\/hr\/shop\/dr-kent-sportski-gel\/\" \/>\n<meta property=\"og:locale\" content=\"hr_HR\" \/>\n<meta property=\"og:type\" content=\"article\" \/>\n<meta property=\"og:title\" content=\"Cbd gel za mi\u0161i\u0107e sportski Dr. Kent 1100 mg cbd - Pharma Hemp\" \/>\n<meta property=\"og:description\" content=\"CBD gel za mi\u0161i\u0107e Dr. Kent smanjuje mikroozljede i poti\u010de br\u017ee zacjeljivanje, ubla\u017eava vru\u0107inu i smiruje napetost nakon aktivnosti.\" \/>\n<meta property=\"og:url\" content=\"https:\/\/pharma-hemp.com\/hr\/shop\/dr-kent-sportski-gel\/\" \/>\n<meta property=\"og:site_name\" content=\"Pharma Hemp\" \/>\n<meta property=\"article:modified_time\" content=\"2026-03-04T08:19:44+00:00\" \/>\n<meta property=\"og:image\" content=\"https:\/\/pharma-hemp.com\/wp-content\/uploads\/2025\/05\/SPORT-GEL.png\" \/>\n\t<meta property=\"og:image:width\" content=\"600\" \/>\n\t<meta property=\"og:image:height\" content=\"600\" \/>\n\t<meta property=\"og:image:type\" content=\"image\/png\" \/>\n<meta name=\"twitter:card\" content=\"summary_large_image\" \/>\n<meta name=\"twitter:label1\" content=\"Procijenjeno vrijeme \u010ditanja\" \/>\n\t<meta name=\"twitter:data1\" content=\"1 minuta\" \/>\n<script type=\"application\/ld+json\" class=\"yoast-schema-graph\">{\"@context\":\"https:\\\/\\\/schema.org\",\"@graph\":[{\"@type\":\"WebPage\",\"@id\":\"https:\\\/\\\/pharma-hemp.com\\\/hr\\\/shop\\\/dr-kent-sportski-gel\\\/\",\"url\":\"https:\\\/\\\/pharma-hemp.com\\\/hr\\\/shop\\\/dr-kent-sportski-gel\\\/\",\"name\":\"Cbd gel za mi\u0161i\u0107e sportski Dr. Kent 1100 mg cbd - Pharma Hemp\",\"isPartOf\":{\"@id\":\"https:\\\/\\\/pharma-hemp.com\\\/hr\\\/#website\"},\"primaryImageOfPage\":{\"@id\":\"https:\\\/\\\/pharma-hemp.com\\\/hr\\\/shop\\\/dr-kent-sportski-gel\\\/#primaryimage\"},\"image\":{\"@id\":\"https:\\\/\\\/pharma-hemp.com\\\/hr\\\/shop\\\/dr-kent-sportski-gel\\\/#primaryimage\"},\"thumbnailUrl\":\"https:\\\/\\\/pharma-hemp.com\\\/wp-content\\\/uploads\\\/2025\\\/05\\\/SPORT-GEL.png\",\"datePublished\":\"2025-05-05T11:33:57+00:00\",\"dateModified\":\"2026-03-04T08:19:44+00:00\",\"description\":\"CBD gel za mi\u0161i\u0107e Dr. Kent smanjuje mikroozljede i poti\u010de br\u017ee zacjeljivanje, ubla\u017eava vru\u0107inu i smiruje napetost nakon aktivnosti.\",\"breadcrumb\":{\"@id\":\"https:\\\/\\\/pharma-hemp.com\\\/hr\\\/shop\\\/dr-kent-sportski-gel\\\/#breadcrumb\"},\"inLanguage\":\"hr\",\"potentialAction\":[{\"@type\":\"ReadAction\",\"target\":[\"https:\\\/\\\/pharma-hemp.com\\\/hr\\\/shop\\\/dr-kent-sportski-gel\\\/\"]}]},{\"@type\":\"ImageObject\",\"inLanguage\":\"hr\",\"@id\":\"https:\\\/\\\/pharma-hemp.com\\\/hr\\\/shop\\\/dr-kent-sportski-gel\\\/#primaryimage\",\"url\":\"https:\\\/\\\/pharma-hemp.com\\\/wp-content\\\/uploads\\\/2025\\\/05\\\/SPORT-GEL.png\",\"contentUrl\":\"https:\\\/\\\/pharma-hemp.com\\\/wp-content\\\/uploads\\\/2025\\\/05\\\/SPORT-GEL.png\",\"width\":600,\"height\":600},{\"@type\":\"BreadcrumbList\",\"@id\":\"https:\\\/\\\/pharma-hemp.com\\\/hr\\\/shop\\\/dr-kent-sportski-gel\\\/#breadcrumb\",\"itemListElement\":[{\"@type\":\"ListItem\",\"position\":1,\"name\":\"Home\",\"item\":\"https:\\\/\\\/pharma-hemp.com\\\/hr\\\/\"},{\"@type\":\"ListItem\",\"position\":2,\"name\":\"Shop\",\"item\":\"https:\\\/\\\/pharma-hemp.com\\\/hr\\\/shop\\\/\"},{\"@type\":\"ListItem\",\"position\":3,\"name\":\"Dr. Kent sportski gel\"}]},{\"@type\":\"WebSite\",\"@id\":\"https:\\\/\\\/pharma-hemp.com\\\/hr\\\/#website\",\"url\":\"https:\\\/\\\/pharma-hemp.com\\\/hr\\\/\",\"name\":\"Pharma Hemp\",\"description\":\"CBD store\",\"publisher\":{\"@id\":\"https:\\\/\\\/pharma-hemp.com\\\/hr\\\/#organization\"},\"potentialAction\":[{\"@type\":\"SearchAction\",\"target\":{\"@type\":\"EntryPoint\",\"urlTemplate\":\"https:\\\/\\\/pharma-hemp.com\\\/hr\\\/?s={search_term_string}\"},\"query-input\":{\"@type\":\"PropertyValueSpecification\",\"valueRequired\":true,\"valueName\":\"search_term_string\"}}],\"inLanguage\":\"hr\"},{\"@type\":\"Organization\",\"@id\":\"https:\\\/\\\/pharma-hemp.com\\\/hr\\\/#organization\",\"name\":\"PharmaHemp\",\"url\":\"https:\\\/\\\/pharma-hemp.com\\\/hr\\\/\",\"logo\":{\"@type\":\"ImageObject\",\"inLanguage\":\"hr\",\"@id\":\"https:\\\/\\\/pharma-hemp.com\\\/hr\\\/#\\\/schema\\\/logo\\\/image\\\/\",\"url\":\"https:\\\/\\\/pharma-hemp.com\\\/wp-content\\\/uploads\\\/2025\\\/04\\\/Pharma-Hemp-logo_crn-1.png\",\"contentUrl\":\"https:\\\/\\\/pharma-hemp.com\\\/wp-content\\\/uploads\\\/2025\\\/04\\\/Pharma-Hemp-logo_crn-1.png\",\"width\":200,\"height\":44,\"caption\":\"PharmaHemp\"},\"image\":{\"@id\":\"https:\\\/\\\/pharma-hemp.com\\\/hr\\\/#\\\/schema\\\/logo\\\/image\\\/\"}}]}<\/script>\n<!-- \/ Yoast SEO plugin. -->","yoast_head_json":{"title":"Cbd gel za mi\u0161i\u0107e sportski Dr. Kent 1100 mg cbd - Pharma Hemp","description":"CBD gel za mi\u0161i\u0107e Dr. Kent smanjuje mikroozljede i poti\u010de br\u017ee zacjeljivanje, ubla\u017eava vru\u0107inu i smiruje napetost nakon aktivnosti.","robots":{"index":"index","follow":"follow","max-snippet":"max-snippet:-1","max-image-preview":"max-image-preview:large","max-video-preview":"max-video-preview:-1"},"canonical":"https:\/\/pharma-hemp.com\/hr\/shop\/dr-kent-sportski-gel\/","og_locale":"hr_HR","og_type":"article","og_title":"Cbd gel za mi\u0161i\u0107e sportski Dr. Kent 1100 mg cbd - Pharma Hemp","og_description":"CBD gel za mi\u0161i\u0107e Dr. Kent smanjuje mikroozljede i poti\u010de br\u017ee zacjeljivanje, ubla\u017eava vru\u0107inu i smiruje napetost nakon aktivnosti.","og_url":"https:\/\/pharma-hemp.com\/hr\/shop\/dr-kent-sportski-gel\/","og_site_name":"Pharma Hemp","article_modified_time":"2026-03-04T08:19:44+00:00","og_image":[{"width":600,"height":600,"url":"https:\/\/pharma-hemp.com\/wp-content\/uploads\/2025\/05\/SPORT-GEL.png","type":"image\/png"}],"twitter_card":"summary_large_image","twitter_misc":{"Procijenjeno vrijeme \u010ditanja":"1 minuta"},"schema":{"@context":"https:\/\/schema.org","@graph":[{"@type":"WebPage","@id":"https:\/\/pharma-hemp.com\/hr\/shop\/dr-kent-sportski-gel\/","url":"https:\/\/pharma-hemp.com\/hr\/shop\/dr-kent-sportski-gel\/","name":"Cbd gel za mi\u0161i\u0107e sportski Dr. Kent 1100 mg cbd - Pharma Hemp","isPartOf":{"@id":"https:\/\/pharma-hemp.com\/hr\/#website"},"primaryImageOfPage":{"@id":"https:\/\/pharma-hemp.com\/hr\/shop\/dr-kent-sportski-gel\/#primaryimage"},"image":{"@id":"https:\/\/pharma-hemp.com\/hr\/shop\/dr-kent-sportski-gel\/#primaryimage"},"thumbnailUrl":"https:\/\/pharma-hemp.com\/wp-content\/uploads\/2025\/05\/SPORT-GEL.png","datePublished":"2025-05-05T11:33:57+00:00","dateModified":"2026-03-04T08:19:44+00:00","description":"CBD gel za mi\u0161i\u0107e Dr. Kent smanjuje mikroozljede i poti\u010de br\u017ee zacjeljivanje, ubla\u017eava vru\u0107inu i smiruje napetost nakon aktivnosti.","breadcrumb":{"@id":"https:\/\/pharma-hemp.com\/hr\/shop\/dr-kent-sportski-gel\/#breadcrumb"},"inLanguage":"hr","potentialAction":[{"@type":"ReadAction","target":["https:\/\/pharma-hemp.com\/hr\/shop\/dr-kent-sportski-gel\/"]}]},{"@type":"ImageObject","inLanguage":"hr","@id":"https:\/\/pharma-hemp.com\/hr\/shop\/dr-kent-sportski-gel\/#primaryimage","url":"https:\/\/pharma-hemp.com\/wp-content\/uploads\/2025\/05\/SPORT-GEL.png","contentUrl":"https:\/\/pharma-hemp.com\/wp-content\/uploads\/2025\/05\/SPORT-GEL.png","width":600,"height":600},{"@type":"BreadcrumbList","@id":"https:\/\/pharma-hemp.com\/hr\/shop\/dr-kent-sportski-gel\/#breadcrumb","itemListElement":[{"@type":"ListItem","position":1,"name":"Home","item":"https:\/\/pharma-hemp.com\/hr\/"},{"@type":"ListItem","position":2,"name":"Shop","item":"https:\/\/pharma-hemp.com\/hr\/shop\/"},{"@type":"ListItem","position":3,"name":"Dr. Kent sportski gel"}]},{"@type":"WebSite","@id":"https:\/\/pharma-hemp.com\/hr\/#website","url":"https:\/\/pharma-hemp.com\/hr\/","name":"Pharma Hemp","description":"CBD store","publisher":{"@id":"https:\/\/pharma-hemp.com\/hr\/#organization"},"potentialAction":[{"@type":"SearchAction","target":{"@type":"EntryPoint","urlTemplate":"https:\/\/pharma-hemp.com\/hr\/?s={search_term_string}"},"query-input":{"@type":"PropertyValueSpecification","valueRequired":true,"valueName":"search_term_string"}}],"inLanguage":"hr"},{"@type":"Organization","@id":"https:\/\/pharma-hemp.com\/hr\/#organization","name":"PharmaHemp","url":"https:\/\/pharma-hemp.com\/hr\/","logo":{"@type":"ImageObject","inLanguage":"hr","@id":"https:\/\/pharma-hemp.com\/hr\/#\/schema\/logo\/image\/","url":"https:\/\/pharma-hemp.com\/wp-content\/uploads\/2025\/04\/Pharma-Hemp-logo_crn-1.png","contentUrl":"https:\/\/pharma-hemp.com\/wp-content\/uploads\/2025\/04\/Pharma-Hemp-logo_crn-1.png","width":200,"height":44,"caption":"PharmaHemp"},"image":{"@id":"https:\/\/pharma-hemp.com\/hr\/#\/schema\/logo\/image\/"}}]}},"_links":{"self":[{"href":"https:\/\/pharma-hemp.com\/hr\/wp-json\/wp\/v2\/product\/569083","targetHints":{"allow":["GET"]}}],"collection":[{"href":"https:\/\/pharma-hemp.com\/hr\/wp-json\/wp\/v2\/product"}],"about":[{"href":"https:\/\/pharma-hemp.com\/hr\/wp-json\/wp\/v2\/types\/product"}],"wp:featuredmedia":[{"embeddable":true,"href":"https:\/\/pharma-hemp.com\/hr\/wp-json\/wp\/v2\/media\/569116"}],"wp:attachment":[{"href":"https:\/\/pharma-hemp.com\/hr\/wp-json\/wp\/v2\/media?parent=569083"}],"wp:term":[{"taxonomy":"product_brand","embeddable":true,"href":"https:\/\/pharma-hemp.com\/hr\/wp-json\/wp\/v2\/product_brand?post=569083"},{"taxonomy":"product_cat","embeddable":true,"href":"https:\/\/pharma-hemp.com\/hr\/wp-json\/wp\/v2\/product_cat?post=569083"},{"taxonomy":"product_tag","embeddable":true,"href":"https:\/\/pharma-hemp.com\/hr\/wp-json\/wp\/v2\/product_tag?post=569083"}],"curies":[{"name":"wp","href":"https:\/\/api.w.org\/{rel}","templated":true}]}}