{"id":569061,"date":"2025-05-05T14:05:27","date_gmt":"2025-05-05T13:05:27","guid":{"rendered":"https:\/\/pharma-hemp.com\/shop\/ljekoviti-cbd-balzam-6000-mg-cbd-a\/"},"modified":"2026-03-05T09:58:26","modified_gmt":"2026-03-05T07:58:26","slug":"ljekoviti-cbd-balzam-6000-mg-cbd-a","status":"publish","type":"product","link":"https:\/\/pharma-hemp.com\/hr\/shop\/ljekoviti-cbd-balzam-6000-mg-cbd-a\/","title":{"rendered":"Healing CBD balzam 6000 mg CBD-a"},"content":{"rendered":"","protected":false},"excerpt":{"rendered":"<p><span style=\"font-weight: 400;\">INTENZIVNO OLAK\u0160ANJE ZA KRONI\u010cNE KO\u017dNE PROBLEME<\/span><\/p>\n<p><span style=\"font-weight: 400;\">Visoko koncentrirani balzam stvoren za njegu ko\u017ee sklone psorijazi i dermatitisu, pru\u017eaju\u0107i dugotrajnu hidrataciju i umiruju\u0107e olak\u0161anje.<\/span><\/p>\n","protected":false},"featured_media":569068,"template":"","meta":[],"product_brand":[],"product_cat":[248,238,254],"product_tag":[1434,1452,1432,1449,1451,1453,1431,1427,1066,1450],"class_list":{"0":"post-569061","1":"product","2":"type-product","3":"status-publish","4":"has-post-thumbnail","6":"product_cat-dermokozmetika-hr","7":"product_cat-druge-marke","8":"product_cat-oporavak","9":"product_tag-ekcem","10":"product_tag-kozna-nelagoda","11":"product_tag-kozne-bolesti","12":"product_tag-kronicne-kozne-tegobe","13":"product_tag-luskava-koza","14":"product_tag-ostecena-koza","15":"product_tag-psorijaza","16":"product_tag-svrbez","17":"product_tag-upala","18":"product_tag-vrlo-suha-koza","20":"first","21":"instock","22":"shipping-taxable","23":"purchasable","24":"product-type-simple"},"acf":{"konfigurator_product_name":"","konfigurator_product_description":"","konfigurator_product_image_url":""},"yoast_head":"<!-- This site is optimized with the Yoast SEO plugin v27.3 - https:\/\/yoast.com\/product\/yoast-seo-wordpress\/ -->\n<title>20% CBD ljekoviti balzam 6000 mg CBD-a - Pharma Hemp<\/title>\n<meta name=\"description\" content=\"Balzam za njegu s 20% CBD-a hidratizira, podr\u017eava regeneraciju i ubla\u017eavanje tegoba. Savr\u0161en za suhu, ispucalu, nadra\u017eenu ili tetoviranu ko\u017eu.\" \/>\n<meta name=\"robots\" content=\"index, follow, max-snippet:-1, max-image-preview:large, max-video-preview:-1\" \/>\n<link rel=\"canonical\" href=\"https:\/\/pharma-hemp.com\/hr\/shop\/ljekoviti-cbd-balzam-6000-mg-cbd-a\/\" \/>\n<meta property=\"og:locale\" content=\"hr_HR\" \/>\n<meta property=\"og:type\" content=\"article\" \/>\n<meta property=\"og:title\" content=\"20% CBD ljekoviti balzam 6000 mg CBD-a - Pharma Hemp\" \/>\n<meta property=\"og:description\" content=\"Balzam za njegu s 20% CBD-a hidratizira, podr\u017eava regeneraciju i ubla\u017eavanje tegoba. Savr\u0161en za suhu, ispucalu, nadra\u017eenu ili tetoviranu ko\u017eu.\" \/>\n<meta property=\"og:url\" content=\"https:\/\/pharma-hemp.com\/hr\/shop\/ljekoviti-cbd-balzam-6000-mg-cbd-a\/\" \/>\n<meta property=\"og:site_name\" content=\"Pharma Hemp\" \/>\n<meta property=\"article:modified_time\" content=\"2026-03-05T07:58:26+00:00\" \/>\n<meta property=\"og:image\" content=\"https:\/\/pharma-hemp.com\/wp-content\/uploads\/2025\/05\/HEALING-BALM-1.png\" \/>\n\t<meta property=\"og:image:width\" content=\"600\" \/>\n\t<meta property=\"og:image:height\" content=\"600\" \/>\n\t<meta property=\"og:image:type\" content=\"image\/png\" \/>\n<meta name=\"twitter:card\" content=\"summary_large_image\" \/>\n<meta name=\"twitter:label1\" content=\"Procijenjeno vrijeme \u010ditanja\" \/>\n\t<meta name=\"twitter:data1\" content=\"1 minuta\" \/>\n<script type=\"application\/ld+json\" class=\"yoast-schema-graph\">{\"@context\":\"https:\\\/\\\/schema.org\",\"@graph\":[{\"@type\":\"WebPage\",\"@id\":\"https:\\\/\\\/pharma-hemp.com\\\/hr\\\/shop\\\/ljekoviti-cbd-balzam-6000-mg-cbd-a\\\/\",\"url\":\"https:\\\/\\\/pharma-hemp.com\\\/hr\\\/shop\\\/ljekoviti-cbd-balzam-6000-mg-cbd-a\\\/\",\"name\":\"20% CBD ljekoviti balzam 6000 mg CBD-a - Pharma Hemp\",\"isPartOf\":{\"@id\":\"https:\\\/\\\/pharma-hemp.com\\\/hr\\\/#website\"},\"primaryImageOfPage\":{\"@id\":\"https:\\\/\\\/pharma-hemp.com\\\/hr\\\/shop\\\/ljekoviti-cbd-balzam-6000-mg-cbd-a\\\/#primaryimage\"},\"image\":{\"@id\":\"https:\\\/\\\/pharma-hemp.com\\\/hr\\\/shop\\\/ljekoviti-cbd-balzam-6000-mg-cbd-a\\\/#primaryimage\"},\"thumbnailUrl\":\"https:\\\/\\\/pharma-hemp.com\\\/wp-content\\\/uploads\\\/2025\\\/05\\\/HEALING-BALM-1.png\",\"datePublished\":\"2025-05-05T13:05:27+00:00\",\"dateModified\":\"2026-03-05T07:58:26+00:00\",\"description\":\"Balzam za njegu s 20% CBD-a hidratizira, podr\u017eava regeneraciju i ubla\u017eavanje tegoba. Savr\u0161en za suhu, ispucalu, nadra\u017eenu ili tetoviranu ko\u017eu.\",\"breadcrumb\":{\"@id\":\"https:\\\/\\\/pharma-hemp.com\\\/hr\\\/shop\\\/ljekoviti-cbd-balzam-6000-mg-cbd-a\\\/#breadcrumb\"},\"inLanguage\":\"hr\",\"potentialAction\":[{\"@type\":\"ReadAction\",\"target\":[\"https:\\\/\\\/pharma-hemp.com\\\/hr\\\/shop\\\/ljekoviti-cbd-balzam-6000-mg-cbd-a\\\/\"]}]},{\"@type\":\"ImageObject\",\"inLanguage\":\"hr\",\"@id\":\"https:\\\/\\\/pharma-hemp.com\\\/hr\\\/shop\\\/ljekoviti-cbd-balzam-6000-mg-cbd-a\\\/#primaryimage\",\"url\":\"https:\\\/\\\/pharma-hemp.com\\\/wp-content\\\/uploads\\\/2025\\\/05\\\/HEALING-BALM-1.png\",\"contentUrl\":\"https:\\\/\\\/pharma-hemp.com\\\/wp-content\\\/uploads\\\/2025\\\/05\\\/HEALING-BALM-1.png\",\"width\":600,\"height\":600},{\"@type\":\"BreadcrumbList\",\"@id\":\"https:\\\/\\\/pharma-hemp.com\\\/hr\\\/shop\\\/ljekoviti-cbd-balzam-6000-mg-cbd-a\\\/#breadcrumb\",\"itemListElement\":[{\"@type\":\"ListItem\",\"position\":1,\"name\":\"Home\",\"item\":\"https:\\\/\\\/pharma-hemp.com\\\/hr\\\/\"},{\"@type\":\"ListItem\",\"position\":2,\"name\":\"Shop\",\"item\":\"https:\\\/\\\/pharma-hemp.com\\\/hr\\\/shop\\\/\"},{\"@type\":\"ListItem\",\"position\":3,\"name\":\"Healing CBD balzam 6000 mg CBD-a\"}]},{\"@type\":\"WebSite\",\"@id\":\"https:\\\/\\\/pharma-hemp.com\\\/hr\\\/#website\",\"url\":\"https:\\\/\\\/pharma-hemp.com\\\/hr\\\/\",\"name\":\"Pharma Hemp\",\"description\":\"CBD store\",\"publisher\":{\"@id\":\"https:\\\/\\\/pharma-hemp.com\\\/hr\\\/#organization\"},\"potentialAction\":[{\"@type\":\"SearchAction\",\"target\":{\"@type\":\"EntryPoint\",\"urlTemplate\":\"https:\\\/\\\/pharma-hemp.com\\\/hr\\\/?s={search_term_string}\"},\"query-input\":{\"@type\":\"PropertyValueSpecification\",\"valueRequired\":true,\"valueName\":\"search_term_string\"}}],\"inLanguage\":\"hr\"},{\"@type\":\"Organization\",\"@id\":\"https:\\\/\\\/pharma-hemp.com\\\/hr\\\/#organization\",\"name\":\"PharmaHemp\",\"url\":\"https:\\\/\\\/pharma-hemp.com\\\/hr\\\/\",\"logo\":{\"@type\":\"ImageObject\",\"inLanguage\":\"hr\",\"@id\":\"https:\\\/\\\/pharma-hemp.com\\\/hr\\\/#\\\/schema\\\/logo\\\/image\\\/\",\"url\":\"https:\\\/\\\/pharma-hemp.com\\\/wp-content\\\/uploads\\\/2025\\\/04\\\/Pharma-Hemp-logo_crn-1.png\",\"contentUrl\":\"https:\\\/\\\/pharma-hemp.com\\\/wp-content\\\/uploads\\\/2025\\\/04\\\/Pharma-Hemp-logo_crn-1.png\",\"width\":200,\"height\":44,\"caption\":\"PharmaHemp\"},\"image\":{\"@id\":\"https:\\\/\\\/pharma-hemp.com\\\/hr\\\/#\\\/schema\\\/logo\\\/image\\\/\"}}]}<\/script>\n<!-- \/ Yoast SEO plugin. -->","yoast_head_json":{"title":"20% CBD ljekoviti balzam 6000 mg CBD-a - Pharma Hemp","description":"Balzam za njegu s 20% CBD-a hidratizira, podr\u017eava regeneraciju i ubla\u017eavanje tegoba. Savr\u0161en za suhu, ispucalu, nadra\u017eenu ili tetoviranu ko\u017eu.","robots":{"index":"index","follow":"follow","max-snippet":"max-snippet:-1","max-image-preview":"max-image-preview:large","max-video-preview":"max-video-preview:-1"},"canonical":"https:\/\/pharma-hemp.com\/hr\/shop\/ljekoviti-cbd-balzam-6000-mg-cbd-a\/","og_locale":"hr_HR","og_type":"article","og_title":"20% CBD ljekoviti balzam 6000 mg CBD-a - Pharma Hemp","og_description":"Balzam za njegu s 20% CBD-a hidratizira, podr\u017eava regeneraciju i ubla\u017eavanje tegoba. Savr\u0161en za suhu, ispucalu, nadra\u017eenu ili tetoviranu ko\u017eu.","og_url":"https:\/\/pharma-hemp.com\/hr\/shop\/ljekoviti-cbd-balzam-6000-mg-cbd-a\/","og_site_name":"Pharma Hemp","article_modified_time":"2026-03-05T07:58:26+00:00","og_image":[{"width":600,"height":600,"url":"https:\/\/pharma-hemp.com\/wp-content\/uploads\/2025\/05\/HEALING-BALM-1.png","type":"image\/png"}],"twitter_card":"summary_large_image","twitter_misc":{"Procijenjeno vrijeme \u010ditanja":"1 minuta"},"schema":{"@context":"https:\/\/schema.org","@graph":[{"@type":"WebPage","@id":"https:\/\/pharma-hemp.com\/hr\/shop\/ljekoviti-cbd-balzam-6000-mg-cbd-a\/","url":"https:\/\/pharma-hemp.com\/hr\/shop\/ljekoviti-cbd-balzam-6000-mg-cbd-a\/","name":"20% CBD ljekoviti balzam 6000 mg CBD-a - Pharma Hemp","isPartOf":{"@id":"https:\/\/pharma-hemp.com\/hr\/#website"},"primaryImageOfPage":{"@id":"https:\/\/pharma-hemp.com\/hr\/shop\/ljekoviti-cbd-balzam-6000-mg-cbd-a\/#primaryimage"},"image":{"@id":"https:\/\/pharma-hemp.com\/hr\/shop\/ljekoviti-cbd-balzam-6000-mg-cbd-a\/#primaryimage"},"thumbnailUrl":"https:\/\/pharma-hemp.com\/wp-content\/uploads\/2025\/05\/HEALING-BALM-1.png","datePublished":"2025-05-05T13:05:27+00:00","dateModified":"2026-03-05T07:58:26+00:00","description":"Balzam za njegu s 20% CBD-a hidratizira, podr\u017eava regeneraciju i ubla\u017eavanje tegoba. Savr\u0161en za suhu, ispucalu, nadra\u017eenu ili tetoviranu ko\u017eu.","breadcrumb":{"@id":"https:\/\/pharma-hemp.com\/hr\/shop\/ljekoviti-cbd-balzam-6000-mg-cbd-a\/#breadcrumb"},"inLanguage":"hr","potentialAction":[{"@type":"ReadAction","target":["https:\/\/pharma-hemp.com\/hr\/shop\/ljekoviti-cbd-balzam-6000-mg-cbd-a\/"]}]},{"@type":"ImageObject","inLanguage":"hr","@id":"https:\/\/pharma-hemp.com\/hr\/shop\/ljekoviti-cbd-balzam-6000-mg-cbd-a\/#primaryimage","url":"https:\/\/pharma-hemp.com\/wp-content\/uploads\/2025\/05\/HEALING-BALM-1.png","contentUrl":"https:\/\/pharma-hemp.com\/wp-content\/uploads\/2025\/05\/HEALING-BALM-1.png","width":600,"height":600},{"@type":"BreadcrumbList","@id":"https:\/\/pharma-hemp.com\/hr\/shop\/ljekoviti-cbd-balzam-6000-mg-cbd-a\/#breadcrumb","itemListElement":[{"@type":"ListItem","position":1,"name":"Home","item":"https:\/\/pharma-hemp.com\/hr\/"},{"@type":"ListItem","position":2,"name":"Shop","item":"https:\/\/pharma-hemp.com\/hr\/shop\/"},{"@type":"ListItem","position":3,"name":"Healing CBD balzam 6000 mg CBD-a"}]},{"@type":"WebSite","@id":"https:\/\/pharma-hemp.com\/hr\/#website","url":"https:\/\/pharma-hemp.com\/hr\/","name":"Pharma Hemp","description":"CBD store","publisher":{"@id":"https:\/\/pharma-hemp.com\/hr\/#organization"},"potentialAction":[{"@type":"SearchAction","target":{"@type":"EntryPoint","urlTemplate":"https:\/\/pharma-hemp.com\/hr\/?s={search_term_string}"},"query-input":{"@type":"PropertyValueSpecification","valueRequired":true,"valueName":"search_term_string"}}],"inLanguage":"hr"},{"@type":"Organization","@id":"https:\/\/pharma-hemp.com\/hr\/#organization","name":"PharmaHemp","url":"https:\/\/pharma-hemp.com\/hr\/","logo":{"@type":"ImageObject","inLanguage":"hr","@id":"https:\/\/pharma-hemp.com\/hr\/#\/schema\/logo\/image\/","url":"https:\/\/pharma-hemp.com\/wp-content\/uploads\/2025\/04\/Pharma-Hemp-logo_crn-1.png","contentUrl":"https:\/\/pharma-hemp.com\/wp-content\/uploads\/2025\/04\/Pharma-Hemp-logo_crn-1.png","width":200,"height":44,"caption":"PharmaHemp"},"image":{"@id":"https:\/\/pharma-hemp.com\/hr\/#\/schema\/logo\/image\/"}}]}},"_links":{"self":[{"href":"https:\/\/pharma-hemp.com\/hr\/wp-json\/wp\/v2\/product\/569061","targetHints":{"allow":["GET"]}}],"collection":[{"href":"https:\/\/pharma-hemp.com\/hr\/wp-json\/wp\/v2\/product"}],"about":[{"href":"https:\/\/pharma-hemp.com\/hr\/wp-json\/wp\/v2\/types\/product"}],"wp:featuredmedia":[{"embeddable":true,"href":"https:\/\/pharma-hemp.com\/hr\/wp-json\/wp\/v2\/media\/569068"}],"wp:attachment":[{"href":"https:\/\/pharma-hemp.com\/hr\/wp-json\/wp\/v2\/media?parent=569061"}],"wp:term":[{"taxonomy":"product_brand","embeddable":true,"href":"https:\/\/pharma-hemp.com\/hr\/wp-json\/wp\/v2\/product_brand?post=569061"},{"taxonomy":"product_cat","embeddable":true,"href":"https:\/\/pharma-hemp.com\/hr\/wp-json\/wp\/v2\/product_cat?post=569061"},{"taxonomy":"product_tag","embeddable":true,"href":"https:\/\/pharma-hemp.com\/hr\/wp-json\/wp\/v2\/product_tag?post=569061"}],"curies":[{"name":"wp","href":"https:\/\/api.w.org\/{rel}","templated":true}]}}