{"id":569043,"date":"2025-05-05T13:44:39","date_gmt":"2025-05-05T12:44:39","guid":{"rendered":"https:\/\/pharma-hemp.com\/shop\/sos-paino-cbd-roll-on\/"},"modified":"2026-03-05T10:01:20","modified_gmt":"2026-03-05T08:01:20","slug":"sos-paino-cbd-roll-on","status":"publish","type":"product","link":"https:\/\/pharma-hemp.com\/hr\/shop\/sos-paino-cbd-roll-on\/","title":{"rendered":"SOS PaiNO CBD roll-on"},"content":{"rendered":"","protected":false},"excerpt":{"rendered":"<p><span style=\"font-weight: 400;\">OLAK\u0160ANJE U POKRETU<\/span><\/p>\n<p><span style=\"font-weight: 400;\">Brzo djeluju\u0107i roll-on koji ubla\u017eava nelagodu u zglobovima i mi\u0161i\u0107ima, a istovremeno smiruje ubode insekata. Savr\u0161en za brzo i ciljano olak\u0161anje &#8211; gdje god vam je potrebno. <\/span><\/p>\n","protected":false},"featured_media":569059,"template":"","meta":[],"product_brand":[],"product_cat":[238,254,237],"product_tag":[1067,1336,1465,1064,1343,1466,956,1427,1340,1066],"class_list":{"0":"post-569043","1":"product","2":"type-product","3":"status-publish","4":"has-post-thumbnail","6":"product_cat-druge-marke","7":"product_cat-oporavak","8":"product_cat-ostali-proizvodi","9":"product_tag-bol-u-ledima","10":"product_tag-bol-u-misicima","11":"product_tag-bol-u-vratu","12":"product_tag-bol-u-zglobovima","13":"product_tag-brzo-olaksanje","14":"product_tag-lokalna-bol","15":"product_tag-napetost","16":"product_tag-svrbez","17":"product_tag-ukocenost","18":"product_tag-upala","20":"first","21":"instock","22":"shipping-taxable","23":"purchasable","24":"product-type-simple"},"acf":{"konfigurator_product_name":"","konfigurator_product_description":"","konfigurator_product_image_url":""},"yoast_head":"<!-- This site is optimized with the Yoast SEO plugin v27.3 - https:\/\/yoast.com\/product\/yoast-seo-wordpress\/ -->\n<title>CBD Roll-On SOS PaiNO - Pharma Hemp<\/title>\n<meta name=\"description\" content=\"CBD Roll-On SOS PaiNO pru\u017ea ciljano olak\u0161anje s CBD-om i prirodnim ekstraktima. Hla\u0111uju\u0107a formula nudi brzo i u\u010dinkovito olak\u0161anje.\" \/>\n<meta name=\"robots\" content=\"index, follow, max-snippet:-1, max-image-preview:large, max-video-preview:-1\" \/>\n<link rel=\"canonical\" href=\"https:\/\/pharma-hemp.com\/hr\/shop\/sos-paino-cbd-roll-on\/\" \/>\n<meta property=\"og:locale\" content=\"hr_HR\" \/>\n<meta property=\"og:type\" content=\"article\" \/>\n<meta property=\"og:title\" content=\"CBD Roll-On SOS PaiNO - Pharma Hemp\" \/>\n<meta property=\"og:description\" content=\"CBD Roll-On SOS PaiNO pru\u017ea ciljano olak\u0161anje s CBD-om i prirodnim ekstraktima. Hla\u0111uju\u0107a formula nudi brzo i u\u010dinkovito olak\u0161anje.\" \/>\n<meta property=\"og:url\" content=\"https:\/\/pharma-hemp.com\/hr\/shop\/sos-paino-cbd-roll-on\/\" \/>\n<meta property=\"og:site_name\" content=\"Pharma Hemp\" \/>\n<meta property=\"article:modified_time\" content=\"2026-03-05T08:01:20+00:00\" \/>\n<meta property=\"og:image\" content=\"https:\/\/pharma-hemp.com\/wp-content\/uploads\/2025\/05\/paino-1.png\" \/>\n\t<meta property=\"og:image:width\" content=\"600\" \/>\n\t<meta property=\"og:image:height\" content=\"600\" \/>\n\t<meta property=\"og:image:type\" content=\"image\/png\" \/>\n<meta name=\"twitter:card\" content=\"summary_large_image\" \/>\n<meta name=\"twitter:label1\" content=\"Procijenjeno vrijeme \u010ditanja\" \/>\n\t<meta name=\"twitter:data1\" content=\"1 minuta\" \/>\n<script type=\"application\/ld+json\" class=\"yoast-schema-graph\">{\"@context\":\"https:\\\/\\\/schema.org\",\"@graph\":[{\"@type\":\"WebPage\",\"@id\":\"https:\\\/\\\/pharma-hemp.com\\\/hr\\\/shop\\\/sos-paino-cbd-roll-on\\\/\",\"url\":\"https:\\\/\\\/pharma-hemp.com\\\/hr\\\/shop\\\/sos-paino-cbd-roll-on\\\/\",\"name\":\"CBD Roll-On SOS PaiNO - Pharma Hemp\",\"isPartOf\":{\"@id\":\"https:\\\/\\\/pharma-hemp.com\\\/hr\\\/#website\"},\"primaryImageOfPage\":{\"@id\":\"https:\\\/\\\/pharma-hemp.com\\\/hr\\\/shop\\\/sos-paino-cbd-roll-on\\\/#primaryimage\"},\"image\":{\"@id\":\"https:\\\/\\\/pharma-hemp.com\\\/hr\\\/shop\\\/sos-paino-cbd-roll-on\\\/#primaryimage\"},\"thumbnailUrl\":\"https:\\\/\\\/pharma-hemp.com\\\/wp-content\\\/uploads\\\/2025\\\/05\\\/paino-1.png\",\"datePublished\":\"2025-05-05T12:44:39+00:00\",\"dateModified\":\"2026-03-05T08:01:20+00:00\",\"description\":\"CBD Roll-On SOS PaiNO pru\u017ea ciljano olak\u0161anje s CBD-om i prirodnim ekstraktima. Hla\u0111uju\u0107a formula nudi brzo i u\u010dinkovito olak\u0161anje.\",\"breadcrumb\":{\"@id\":\"https:\\\/\\\/pharma-hemp.com\\\/hr\\\/shop\\\/sos-paino-cbd-roll-on\\\/#breadcrumb\"},\"inLanguage\":\"hr\",\"potentialAction\":[{\"@type\":\"ReadAction\",\"target\":[\"https:\\\/\\\/pharma-hemp.com\\\/hr\\\/shop\\\/sos-paino-cbd-roll-on\\\/\"]}]},{\"@type\":\"ImageObject\",\"inLanguage\":\"hr\",\"@id\":\"https:\\\/\\\/pharma-hemp.com\\\/hr\\\/shop\\\/sos-paino-cbd-roll-on\\\/#primaryimage\",\"url\":\"https:\\\/\\\/pharma-hemp.com\\\/wp-content\\\/uploads\\\/2025\\\/05\\\/paino-1.png\",\"contentUrl\":\"https:\\\/\\\/pharma-hemp.com\\\/wp-content\\\/uploads\\\/2025\\\/05\\\/paino-1.png\",\"width\":600,\"height\":600},{\"@type\":\"BreadcrumbList\",\"@id\":\"https:\\\/\\\/pharma-hemp.com\\\/hr\\\/shop\\\/sos-paino-cbd-roll-on\\\/#breadcrumb\",\"itemListElement\":[{\"@type\":\"ListItem\",\"position\":1,\"name\":\"Home\",\"item\":\"https:\\\/\\\/pharma-hemp.com\\\/hr\\\/\"},{\"@type\":\"ListItem\",\"position\":2,\"name\":\"Shop\",\"item\":\"https:\\\/\\\/pharma-hemp.com\\\/hr\\\/shop\\\/\"},{\"@type\":\"ListItem\",\"position\":3,\"name\":\"SOS PaiNO CBD roll-on\"}]},{\"@type\":\"WebSite\",\"@id\":\"https:\\\/\\\/pharma-hemp.com\\\/hr\\\/#website\",\"url\":\"https:\\\/\\\/pharma-hemp.com\\\/hr\\\/\",\"name\":\"Pharma Hemp\",\"description\":\"CBD store\",\"publisher\":{\"@id\":\"https:\\\/\\\/pharma-hemp.com\\\/hr\\\/#organization\"},\"potentialAction\":[{\"@type\":\"SearchAction\",\"target\":{\"@type\":\"EntryPoint\",\"urlTemplate\":\"https:\\\/\\\/pharma-hemp.com\\\/hr\\\/?s={search_term_string}\"},\"query-input\":{\"@type\":\"PropertyValueSpecification\",\"valueRequired\":true,\"valueName\":\"search_term_string\"}}],\"inLanguage\":\"hr\"},{\"@type\":\"Organization\",\"@id\":\"https:\\\/\\\/pharma-hemp.com\\\/hr\\\/#organization\",\"name\":\"PharmaHemp\",\"url\":\"https:\\\/\\\/pharma-hemp.com\\\/hr\\\/\",\"logo\":{\"@type\":\"ImageObject\",\"inLanguage\":\"hr\",\"@id\":\"https:\\\/\\\/pharma-hemp.com\\\/hr\\\/#\\\/schema\\\/logo\\\/image\\\/\",\"url\":\"https:\\\/\\\/pharma-hemp.com\\\/wp-content\\\/uploads\\\/2025\\\/04\\\/Pharma-Hemp-logo_crn-1.png\",\"contentUrl\":\"https:\\\/\\\/pharma-hemp.com\\\/wp-content\\\/uploads\\\/2025\\\/04\\\/Pharma-Hemp-logo_crn-1.png\",\"width\":200,\"height\":44,\"caption\":\"PharmaHemp\"},\"image\":{\"@id\":\"https:\\\/\\\/pharma-hemp.com\\\/hr\\\/#\\\/schema\\\/logo\\\/image\\\/\"}}]}<\/script>\n<!-- \/ Yoast SEO plugin. -->","yoast_head_json":{"title":"CBD Roll-On SOS PaiNO - Pharma Hemp","description":"CBD Roll-On SOS PaiNO pru\u017ea ciljano olak\u0161anje s CBD-om i prirodnim ekstraktima. Hla\u0111uju\u0107a formula nudi brzo i u\u010dinkovito olak\u0161anje.","robots":{"index":"index","follow":"follow","max-snippet":"max-snippet:-1","max-image-preview":"max-image-preview:large","max-video-preview":"max-video-preview:-1"},"canonical":"https:\/\/pharma-hemp.com\/hr\/shop\/sos-paino-cbd-roll-on\/","og_locale":"hr_HR","og_type":"article","og_title":"CBD Roll-On SOS PaiNO - Pharma Hemp","og_description":"CBD Roll-On SOS PaiNO pru\u017ea ciljano olak\u0161anje s CBD-om i prirodnim ekstraktima. Hla\u0111uju\u0107a formula nudi brzo i u\u010dinkovito olak\u0161anje.","og_url":"https:\/\/pharma-hemp.com\/hr\/shop\/sos-paino-cbd-roll-on\/","og_site_name":"Pharma Hemp","article_modified_time":"2026-03-05T08:01:20+00:00","og_image":[{"width":600,"height":600,"url":"https:\/\/pharma-hemp.com\/wp-content\/uploads\/2025\/05\/paino-1.png","type":"image\/png"}],"twitter_card":"summary_large_image","twitter_misc":{"Procijenjeno vrijeme \u010ditanja":"1 minuta"},"schema":{"@context":"https:\/\/schema.org","@graph":[{"@type":"WebPage","@id":"https:\/\/pharma-hemp.com\/hr\/shop\/sos-paino-cbd-roll-on\/","url":"https:\/\/pharma-hemp.com\/hr\/shop\/sos-paino-cbd-roll-on\/","name":"CBD Roll-On SOS PaiNO - Pharma Hemp","isPartOf":{"@id":"https:\/\/pharma-hemp.com\/hr\/#website"},"primaryImageOfPage":{"@id":"https:\/\/pharma-hemp.com\/hr\/shop\/sos-paino-cbd-roll-on\/#primaryimage"},"image":{"@id":"https:\/\/pharma-hemp.com\/hr\/shop\/sos-paino-cbd-roll-on\/#primaryimage"},"thumbnailUrl":"https:\/\/pharma-hemp.com\/wp-content\/uploads\/2025\/05\/paino-1.png","datePublished":"2025-05-05T12:44:39+00:00","dateModified":"2026-03-05T08:01:20+00:00","description":"CBD Roll-On SOS PaiNO pru\u017ea ciljano olak\u0161anje s CBD-om i prirodnim ekstraktima. Hla\u0111uju\u0107a formula nudi brzo i u\u010dinkovito olak\u0161anje.","breadcrumb":{"@id":"https:\/\/pharma-hemp.com\/hr\/shop\/sos-paino-cbd-roll-on\/#breadcrumb"},"inLanguage":"hr","potentialAction":[{"@type":"ReadAction","target":["https:\/\/pharma-hemp.com\/hr\/shop\/sos-paino-cbd-roll-on\/"]}]},{"@type":"ImageObject","inLanguage":"hr","@id":"https:\/\/pharma-hemp.com\/hr\/shop\/sos-paino-cbd-roll-on\/#primaryimage","url":"https:\/\/pharma-hemp.com\/wp-content\/uploads\/2025\/05\/paino-1.png","contentUrl":"https:\/\/pharma-hemp.com\/wp-content\/uploads\/2025\/05\/paino-1.png","width":600,"height":600},{"@type":"BreadcrumbList","@id":"https:\/\/pharma-hemp.com\/hr\/shop\/sos-paino-cbd-roll-on\/#breadcrumb","itemListElement":[{"@type":"ListItem","position":1,"name":"Home","item":"https:\/\/pharma-hemp.com\/hr\/"},{"@type":"ListItem","position":2,"name":"Shop","item":"https:\/\/pharma-hemp.com\/hr\/shop\/"},{"@type":"ListItem","position":3,"name":"SOS PaiNO CBD roll-on"}]},{"@type":"WebSite","@id":"https:\/\/pharma-hemp.com\/hr\/#website","url":"https:\/\/pharma-hemp.com\/hr\/","name":"Pharma Hemp","description":"CBD store","publisher":{"@id":"https:\/\/pharma-hemp.com\/hr\/#organization"},"potentialAction":[{"@type":"SearchAction","target":{"@type":"EntryPoint","urlTemplate":"https:\/\/pharma-hemp.com\/hr\/?s={search_term_string}"},"query-input":{"@type":"PropertyValueSpecification","valueRequired":true,"valueName":"search_term_string"}}],"inLanguage":"hr"},{"@type":"Organization","@id":"https:\/\/pharma-hemp.com\/hr\/#organization","name":"PharmaHemp","url":"https:\/\/pharma-hemp.com\/hr\/","logo":{"@type":"ImageObject","inLanguage":"hr","@id":"https:\/\/pharma-hemp.com\/hr\/#\/schema\/logo\/image\/","url":"https:\/\/pharma-hemp.com\/wp-content\/uploads\/2025\/04\/Pharma-Hemp-logo_crn-1.png","contentUrl":"https:\/\/pharma-hemp.com\/wp-content\/uploads\/2025\/04\/Pharma-Hemp-logo_crn-1.png","width":200,"height":44,"caption":"PharmaHemp"},"image":{"@id":"https:\/\/pharma-hemp.com\/hr\/#\/schema\/logo\/image\/"}}]}},"_links":{"self":[{"href":"https:\/\/pharma-hemp.com\/hr\/wp-json\/wp\/v2\/product\/569043","targetHints":{"allow":["GET"]}}],"collection":[{"href":"https:\/\/pharma-hemp.com\/hr\/wp-json\/wp\/v2\/product"}],"about":[{"href":"https:\/\/pharma-hemp.com\/hr\/wp-json\/wp\/v2\/types\/product"}],"wp:featuredmedia":[{"embeddable":true,"href":"https:\/\/pharma-hemp.com\/hr\/wp-json\/wp\/v2\/media\/569059"}],"wp:attachment":[{"href":"https:\/\/pharma-hemp.com\/hr\/wp-json\/wp\/v2\/media?parent=569043"}],"wp:term":[{"taxonomy":"product_brand","embeddable":true,"href":"https:\/\/pharma-hemp.com\/hr\/wp-json\/wp\/v2\/product_brand?post=569043"},{"taxonomy":"product_cat","embeddable":true,"href":"https:\/\/pharma-hemp.com\/hr\/wp-json\/wp\/v2\/product_cat?post=569043"},{"taxonomy":"product_tag","embeddable":true,"href":"https:\/\/pharma-hemp.com\/hr\/wp-json\/wp\/v2\/product_tag?post=569043"}],"curies":[{"name":"wp","href":"https:\/\/api.w.org\/{rel}","templated":true}]}}