{"id":569042,"date":"2025-04-29T09:31:38","date_gmt":"2025-04-29T08:31:38","guid":{"rendered":"https:\/\/pharma-hemp.com\/shop\/phix-kapi-za-zivce\/"},"modified":"2026-04-08T09:50:38","modified_gmt":"2026-04-08T07:50:38","slug":"phix-kapi-za-zivce","status":"publish","type":"product","link":"https:\/\/pharma-hemp.com\/hr\/shop\/phix-kapi-za-zivce\/","title":{"rendered":"PHIX Nerves kapi"},"content":{"rendered":"","protected":false},"excerpt":{"rendered":"<p><span style=\"font-weight: 400;\">Za one trenutke kada vam se svijet \u010dini preglasnim, a \u017eivci napetima. PHIX NERVES je va\u0161 izbor za opu\u0161tanje i ravnote\u017eu, poma\u017eu\u0107i vam da ubla\u017eite napetost i prona\u0111ete mir. <\/span><\/p>\n","protected":false},"featured_media":569055,"template":"","meta":[],"product_brand":[],"product_cat":[279,242,326,246,255,277],"product_tag":[263,949,1000,260,1054,1053,956,957,261,1051,1052,955,262],"class_list":{"0":"post-569042","1":"product","2":"type-product","3":"status-publish","4":"has-post-thumbnail","6":"product_cat-chill-hr","7":"product_cat-kapi","8":"product_cat-kapi-box","9":"product_cat-kupujte-po-marki","10":"product_cat-phix-hr","11":"product_cat-superstars-cro","12":"product_tag-anksioznost","13":"product_tag-cbd-kapi","14":"product_tag-izgaranje","15":"product_tag-kapi","16":"product_tag-mentalno-opterecenje","17":"product_tag-napadi-panike","18":"product_tag-napetost","19":"product_tag-nemir","20":"product_tag-phix-hr","21":"product_tag-pretjerano-razmisljanje","22":"product_tag-promjene-raspolozenja","23":"product_tag-stres","24":"product_tag-zivci","26":"first","27":"instock","28":"shipping-taxable","29":"purchasable","30":"product-type-simple"},"acf":{"konfigurator_product_name":"","konfigurator_product_description":"","konfigurator_product_image_url":""},"yoast_head":"<!-- This site is optimized with the Yoast SEO plugin v27.3 - https:\/\/yoast.com\/product\/yoast-seo-wordpress\/ -->\n<title>CBD kapi za smirenje PHIX - Pharma Hemp<\/title>\n<meta name=\"description\" content=\"Osje\u0107ate li tjeskobu? CBD kapi za smirenje PHIX s umiruju\u0107im terpenima poma\u017eu u smirivanju \u017eiv\u010danog sustava i ubla\u017eavanju tjeskobe, prirodno, svaki dan.\" \/>\n<meta name=\"robots\" content=\"index, follow, max-snippet:-1, max-image-preview:large, max-video-preview:-1\" \/>\n<link rel=\"canonical\" href=\"https:\/\/pharma-hemp.com\/hr\/shop\/phix-kapi-za-zivce\/\" \/>\n<meta property=\"og:locale\" content=\"hr_HR\" \/>\n<meta property=\"og:type\" content=\"article\" \/>\n<meta property=\"og:title\" content=\"CBD kapi za smirenje PHIX - Pharma Hemp\" \/>\n<meta property=\"og:description\" content=\"Osje\u0107ate li tjeskobu? CBD kapi za smirenje PHIX s umiruju\u0107im terpenima poma\u017eu u smirivanju \u017eiv\u010danog sustava i ubla\u017eavanju tjeskobe, prirodno, svaki dan.\" \/>\n<meta property=\"og:url\" content=\"https:\/\/pharma-hemp.com\/hr\/shop\/phix-kapi-za-zivce\/\" \/>\n<meta property=\"og:site_name\" content=\"Pharma Hemp\" \/>\n<meta property=\"article:modified_time\" content=\"2026-04-08T07:50:38+00:00\" \/>\n<meta property=\"og:image\" content=\"https:\/\/pharma-hemp.com\/wp-content\/uploads\/2025\/05\/nerves1.png\" \/>\n\t<meta property=\"og:image:width\" content=\"600\" \/>\n\t<meta property=\"og:image:height\" content=\"600\" \/>\n\t<meta property=\"og:image:type\" content=\"image\/png\" \/>\n<meta name=\"twitter:card\" content=\"summary_large_image\" \/>\n<meta name=\"twitter:label1\" content=\"Procijenjeno vrijeme \u010ditanja\" \/>\n\t<meta name=\"twitter:data1\" content=\"1 minuta\" \/>\n<script type=\"application\/ld+json\" class=\"yoast-schema-graph\">{\"@context\":\"https:\\\/\\\/schema.org\",\"@graph\":[{\"@type\":\"WebPage\",\"@id\":\"https:\\\/\\\/pharma-hemp.com\\\/hr\\\/shop\\\/phix-kapi-za-zivce\\\/\",\"url\":\"https:\\\/\\\/pharma-hemp.com\\\/hr\\\/shop\\\/phix-kapi-za-zivce\\\/\",\"name\":\"CBD kapi za smirenje PHIX - Pharma Hemp\",\"isPartOf\":{\"@id\":\"https:\\\/\\\/pharma-hemp.com\\\/hr\\\/#website\"},\"primaryImageOfPage\":{\"@id\":\"https:\\\/\\\/pharma-hemp.com\\\/hr\\\/shop\\\/phix-kapi-za-zivce\\\/#primaryimage\"},\"image\":{\"@id\":\"https:\\\/\\\/pharma-hemp.com\\\/hr\\\/shop\\\/phix-kapi-za-zivce\\\/#primaryimage\"},\"thumbnailUrl\":\"https:\\\/\\\/pharma-hemp.com\\\/wp-content\\\/uploads\\\/2025\\\/05\\\/nerves1.png\",\"datePublished\":\"2025-04-29T08:31:38+00:00\",\"dateModified\":\"2026-04-08T07:50:38+00:00\",\"description\":\"Osje\u0107ate li tjeskobu? CBD kapi za smirenje PHIX s umiruju\u0107im terpenima poma\u017eu u smirivanju \u017eiv\u010danog sustava i ubla\u017eavanju tjeskobe, prirodno, svaki dan.\",\"breadcrumb\":{\"@id\":\"https:\\\/\\\/pharma-hemp.com\\\/hr\\\/shop\\\/phix-kapi-za-zivce\\\/#breadcrumb\"},\"inLanguage\":\"hr\",\"potentialAction\":[{\"@type\":\"ReadAction\",\"target\":[\"https:\\\/\\\/pharma-hemp.com\\\/hr\\\/shop\\\/phix-kapi-za-zivce\\\/\"]}]},{\"@type\":\"ImageObject\",\"inLanguage\":\"hr\",\"@id\":\"https:\\\/\\\/pharma-hemp.com\\\/hr\\\/shop\\\/phix-kapi-za-zivce\\\/#primaryimage\",\"url\":\"https:\\\/\\\/pharma-hemp.com\\\/wp-content\\\/uploads\\\/2025\\\/05\\\/nerves1.png\",\"contentUrl\":\"https:\\\/\\\/pharma-hemp.com\\\/wp-content\\\/uploads\\\/2025\\\/05\\\/nerves1.png\",\"width\":600,\"height\":600},{\"@type\":\"BreadcrumbList\",\"@id\":\"https:\\\/\\\/pharma-hemp.com\\\/hr\\\/shop\\\/phix-kapi-za-zivce\\\/#breadcrumb\",\"itemListElement\":[{\"@type\":\"ListItem\",\"position\":1,\"name\":\"Home\",\"item\":\"https:\\\/\\\/pharma-hemp.com\\\/hr\\\/\"},{\"@type\":\"ListItem\",\"position\":2,\"name\":\"Shop\",\"item\":\"https:\\\/\\\/pharma-hemp.com\\\/hr\\\/shop\\\/\"},{\"@type\":\"ListItem\",\"position\":3,\"name\":\"PHIX Nerves kapi\"}]},{\"@type\":\"WebSite\",\"@id\":\"https:\\\/\\\/pharma-hemp.com\\\/hr\\\/#website\",\"url\":\"https:\\\/\\\/pharma-hemp.com\\\/hr\\\/\",\"name\":\"Pharma Hemp\",\"description\":\"CBD store\",\"publisher\":{\"@id\":\"https:\\\/\\\/pharma-hemp.com\\\/hr\\\/#organization\"},\"potentialAction\":[{\"@type\":\"SearchAction\",\"target\":{\"@type\":\"EntryPoint\",\"urlTemplate\":\"https:\\\/\\\/pharma-hemp.com\\\/hr\\\/?s={search_term_string}\"},\"query-input\":{\"@type\":\"PropertyValueSpecification\",\"valueRequired\":true,\"valueName\":\"search_term_string\"}}],\"inLanguage\":\"hr\"},{\"@type\":\"Organization\",\"@id\":\"https:\\\/\\\/pharma-hemp.com\\\/hr\\\/#organization\",\"name\":\"PharmaHemp\",\"url\":\"https:\\\/\\\/pharma-hemp.com\\\/hr\\\/\",\"logo\":{\"@type\":\"ImageObject\",\"inLanguage\":\"hr\",\"@id\":\"https:\\\/\\\/pharma-hemp.com\\\/hr\\\/#\\\/schema\\\/logo\\\/image\\\/\",\"url\":\"https:\\\/\\\/pharma-hemp.com\\\/wp-content\\\/uploads\\\/2025\\\/04\\\/Pharma-Hemp-logo_crn-1.png\",\"contentUrl\":\"https:\\\/\\\/pharma-hemp.com\\\/wp-content\\\/uploads\\\/2025\\\/04\\\/Pharma-Hemp-logo_crn-1.png\",\"width\":200,\"height\":44,\"caption\":\"PharmaHemp\"},\"image\":{\"@id\":\"https:\\\/\\\/pharma-hemp.com\\\/hr\\\/#\\\/schema\\\/logo\\\/image\\\/\"}}]}<\/script>\n<!-- \/ Yoast SEO plugin. -->","yoast_head_json":{"title":"CBD kapi za smirenje PHIX - Pharma Hemp","description":"Osje\u0107ate li tjeskobu? CBD kapi za smirenje PHIX s umiruju\u0107im terpenima poma\u017eu u smirivanju \u017eiv\u010danog sustava i ubla\u017eavanju tjeskobe, prirodno, svaki dan.","robots":{"index":"index","follow":"follow","max-snippet":"max-snippet:-1","max-image-preview":"max-image-preview:large","max-video-preview":"max-video-preview:-1"},"canonical":"https:\/\/pharma-hemp.com\/hr\/shop\/phix-kapi-za-zivce\/","og_locale":"hr_HR","og_type":"article","og_title":"CBD kapi za smirenje PHIX - Pharma Hemp","og_description":"Osje\u0107ate li tjeskobu? CBD kapi za smirenje PHIX s umiruju\u0107im terpenima poma\u017eu u smirivanju \u017eiv\u010danog sustava i ubla\u017eavanju tjeskobe, prirodno, svaki dan.","og_url":"https:\/\/pharma-hemp.com\/hr\/shop\/phix-kapi-za-zivce\/","og_site_name":"Pharma Hemp","article_modified_time":"2026-04-08T07:50:38+00:00","og_image":[{"width":600,"height":600,"url":"https:\/\/pharma-hemp.com\/wp-content\/uploads\/2025\/05\/nerves1.png","type":"image\/png"}],"twitter_card":"summary_large_image","twitter_misc":{"Procijenjeno vrijeme \u010ditanja":"1 minuta"},"schema":{"@context":"https:\/\/schema.org","@graph":[{"@type":"WebPage","@id":"https:\/\/pharma-hemp.com\/hr\/shop\/phix-kapi-za-zivce\/","url":"https:\/\/pharma-hemp.com\/hr\/shop\/phix-kapi-za-zivce\/","name":"CBD kapi za smirenje PHIX - Pharma Hemp","isPartOf":{"@id":"https:\/\/pharma-hemp.com\/hr\/#website"},"primaryImageOfPage":{"@id":"https:\/\/pharma-hemp.com\/hr\/shop\/phix-kapi-za-zivce\/#primaryimage"},"image":{"@id":"https:\/\/pharma-hemp.com\/hr\/shop\/phix-kapi-za-zivce\/#primaryimage"},"thumbnailUrl":"https:\/\/pharma-hemp.com\/wp-content\/uploads\/2025\/05\/nerves1.png","datePublished":"2025-04-29T08:31:38+00:00","dateModified":"2026-04-08T07:50:38+00:00","description":"Osje\u0107ate li tjeskobu? CBD kapi za smirenje PHIX s umiruju\u0107im terpenima poma\u017eu u smirivanju \u017eiv\u010danog sustava i ubla\u017eavanju tjeskobe, prirodno, svaki dan.","breadcrumb":{"@id":"https:\/\/pharma-hemp.com\/hr\/shop\/phix-kapi-za-zivce\/#breadcrumb"},"inLanguage":"hr","potentialAction":[{"@type":"ReadAction","target":["https:\/\/pharma-hemp.com\/hr\/shop\/phix-kapi-za-zivce\/"]}]},{"@type":"ImageObject","inLanguage":"hr","@id":"https:\/\/pharma-hemp.com\/hr\/shop\/phix-kapi-za-zivce\/#primaryimage","url":"https:\/\/pharma-hemp.com\/wp-content\/uploads\/2025\/05\/nerves1.png","contentUrl":"https:\/\/pharma-hemp.com\/wp-content\/uploads\/2025\/05\/nerves1.png","width":600,"height":600},{"@type":"BreadcrumbList","@id":"https:\/\/pharma-hemp.com\/hr\/shop\/phix-kapi-za-zivce\/#breadcrumb","itemListElement":[{"@type":"ListItem","position":1,"name":"Home","item":"https:\/\/pharma-hemp.com\/hr\/"},{"@type":"ListItem","position":2,"name":"Shop","item":"https:\/\/pharma-hemp.com\/hr\/shop\/"},{"@type":"ListItem","position":3,"name":"PHIX Nerves kapi"}]},{"@type":"WebSite","@id":"https:\/\/pharma-hemp.com\/hr\/#website","url":"https:\/\/pharma-hemp.com\/hr\/","name":"Pharma Hemp","description":"CBD store","publisher":{"@id":"https:\/\/pharma-hemp.com\/hr\/#organization"},"potentialAction":[{"@type":"SearchAction","target":{"@type":"EntryPoint","urlTemplate":"https:\/\/pharma-hemp.com\/hr\/?s={search_term_string}"},"query-input":{"@type":"PropertyValueSpecification","valueRequired":true,"valueName":"search_term_string"}}],"inLanguage":"hr"},{"@type":"Organization","@id":"https:\/\/pharma-hemp.com\/hr\/#organization","name":"PharmaHemp","url":"https:\/\/pharma-hemp.com\/hr\/","logo":{"@type":"ImageObject","inLanguage":"hr","@id":"https:\/\/pharma-hemp.com\/hr\/#\/schema\/logo\/image\/","url":"https:\/\/pharma-hemp.com\/wp-content\/uploads\/2025\/04\/Pharma-Hemp-logo_crn-1.png","contentUrl":"https:\/\/pharma-hemp.com\/wp-content\/uploads\/2025\/04\/Pharma-Hemp-logo_crn-1.png","width":200,"height":44,"caption":"PharmaHemp"},"image":{"@id":"https:\/\/pharma-hemp.com\/hr\/#\/schema\/logo\/image\/"}}]}},"_links":{"self":[{"href":"https:\/\/pharma-hemp.com\/hr\/wp-json\/wp\/v2\/product\/569042","targetHints":{"allow":["GET"]}}],"collection":[{"href":"https:\/\/pharma-hemp.com\/hr\/wp-json\/wp\/v2\/product"}],"about":[{"href":"https:\/\/pharma-hemp.com\/hr\/wp-json\/wp\/v2\/types\/product"}],"wp:featuredmedia":[{"embeddable":true,"href":"https:\/\/pharma-hemp.com\/hr\/wp-json\/wp\/v2\/media\/569055"}],"wp:attachment":[{"href":"https:\/\/pharma-hemp.com\/hr\/wp-json\/wp\/v2\/media?parent=569042"}],"wp:term":[{"taxonomy":"product_brand","embeddable":true,"href":"https:\/\/pharma-hemp.com\/hr\/wp-json\/wp\/v2\/product_brand?post=569042"},{"taxonomy":"product_cat","embeddable":true,"href":"https:\/\/pharma-hemp.com\/hr\/wp-json\/wp\/v2\/product_cat?post=569042"},{"taxonomy":"product_tag","embeddable":true,"href":"https:\/\/pharma-hemp.com\/hr\/wp-json\/wp\/v2\/product_tag?post=569042"}],"curies":[{"name":"wp","href":"https:\/\/api.w.org\/{rel}","templated":true}]}}