{"id":568985,"date":"2025-04-29T09:49:55","date_gmt":"2025-04-29T08:49:55","guid":{"rendered":"https:\/\/pharma-hemp.com\/shop\/phix-kapi-za-imunitet\/"},"modified":"2026-03-03T13:53:27","modified_gmt":"2026-03-03T11:53:27","slug":"phix-kapi-za-imunitet","status":"publish","type":"product","link":"https:\/\/pharma-hemp.com\/hr\/shop\/phix-kapi-za-imunitet\/","title":{"rendered":"PHIX Immunity kapi"},"content":{"rendered":"","protected":false},"excerpt":{"rendered":"<p><span style=\"font-weight: 400;\">Za one koji se godi\u0161nja doba mijenjaju i trebaju im dodatna linija obrane. PHIX IMMUNITY prepun je sna\u017enih biljnih spojeva koji podr\u017eavaju prirodnu otpornost va\u0161eg tijela. <\/span><\/p>\n","protected":false},"featured_media":569027,"template":"","meta":[],"product_brand":[],"product_cat":[240,242,326,246,255],"product_tag":[949,1025,1029,1000,1028,1024,1027,1026,1023,1030],"class_list":{"0":"post-568985","1":"product","2":"type-product","3":"status-publish","4":"has-post-thumbnail","6":"product_cat-imunitet","7":"product_cat-kapi","8":"product_cat-kapi-box","9":"product_cat-kupujte-po-marki","10":"product_cat-phix-hr","11":"product_tag-cbd-kapi","12":"product_tag-curenje-nosa","13":"product_tag-gripa","14":"product_tag-izgaranje","15":"product_tag-podrska-imunitetu","16":"product_tag-prehlada","17":"product_tag-sezonske-bolesti","18":"product_tag-slab-imunitet","19":"product_tag-slab-imunoloski-sustav","20":"product_tag-wellness","22":"first","23":"instock","24":"shipping-taxable","25":"purchasable","26":"product-type-simple"},"acf":{"konfigurator_product_name":"","konfigurator_product_description":"","konfigurator_product_image_url":""},"yoast_head":"<!-- This site is optimized with the Yoast SEO plugin v27.3 - https:\/\/yoast.com\/product\/yoast-seo-wordpress\/ -->\n<title>CBD kapi PHIX Imunitet - Pharma Hemp<\/title>\n<meta name=\"description\" content=\"PHIX Immunity CBD kapi ja\u010daju imunolo\u0161ki odgovor, pru\u017eaju antioksidativnu podr\u0161ku i poma\u017eu u odr\u017eavanju op\u0107eg blagostanja. Ja\u010dina: 3% CBD-a.\" \/>\n<meta name=\"robots\" content=\"index, follow, max-snippet:-1, max-image-preview:large, max-video-preview:-1\" \/>\n<link rel=\"canonical\" href=\"https:\/\/pharma-hemp.com\/hr\/shop\/phix-kapi-za-imunitet\/\" \/>\n<meta property=\"og:locale\" content=\"hr_HR\" \/>\n<meta property=\"og:type\" content=\"article\" \/>\n<meta property=\"og:title\" content=\"CBD kapi PHIX Imunitet - Pharma Hemp\" \/>\n<meta property=\"og:description\" content=\"PHIX Immunity CBD kapi ja\u010daju imunolo\u0161ki odgovor, pru\u017eaju antioksidativnu podr\u0161ku i poma\u017eu u odr\u017eavanju op\u0107eg blagostanja. Ja\u010dina: 3% CBD-a.\" \/>\n<meta property=\"og:url\" content=\"https:\/\/pharma-hemp.com\/hr\/shop\/phix-kapi-za-imunitet\/\" \/>\n<meta property=\"og:site_name\" content=\"Pharma Hemp\" \/>\n<meta property=\"article:modified_time\" content=\"2026-03-03T11:53:27+00:00\" \/>\n<meta property=\"og:image\" content=\"https:\/\/pharma-hemp.com\/wp-content\/uploads\/2025\/07\/immunity1.png\" \/>\n\t<meta property=\"og:image:width\" content=\"600\" \/>\n\t<meta property=\"og:image:height\" content=\"600\" \/>\n\t<meta property=\"og:image:type\" content=\"image\/png\" \/>\n<meta name=\"twitter:card\" content=\"summary_large_image\" \/>\n<meta name=\"twitter:label1\" content=\"Procijenjeno vrijeme \u010ditanja\" \/>\n\t<meta name=\"twitter:data1\" content=\"1 minuta\" \/>\n<script type=\"application\/ld+json\" class=\"yoast-schema-graph\">{\"@context\":\"https:\\\/\\\/schema.org\",\"@graph\":[{\"@type\":\"WebPage\",\"@id\":\"https:\\\/\\\/pharma-hemp.com\\\/hr\\\/shop\\\/phix-kapi-za-imunitet\\\/\",\"url\":\"https:\\\/\\\/pharma-hemp.com\\\/hr\\\/shop\\\/phix-kapi-za-imunitet\\\/\",\"name\":\"CBD kapi PHIX Imunitet - Pharma Hemp\",\"isPartOf\":{\"@id\":\"https:\\\/\\\/pharma-hemp.com\\\/hr\\\/#website\"},\"primaryImageOfPage\":{\"@id\":\"https:\\\/\\\/pharma-hemp.com\\\/hr\\\/shop\\\/phix-kapi-za-imunitet\\\/#primaryimage\"},\"image\":{\"@id\":\"https:\\\/\\\/pharma-hemp.com\\\/hr\\\/shop\\\/phix-kapi-za-imunitet\\\/#primaryimage\"},\"thumbnailUrl\":\"https:\\\/\\\/pharma-hemp.com\\\/wp-content\\\/uploads\\\/2025\\\/07\\\/immunity1.png\",\"datePublished\":\"2025-04-29T08:49:55+00:00\",\"dateModified\":\"2026-03-03T11:53:27+00:00\",\"description\":\"PHIX Immunity CBD kapi ja\u010daju imunolo\u0161ki odgovor, pru\u017eaju antioksidativnu podr\u0161ku i poma\u017eu u odr\u017eavanju op\u0107eg blagostanja. Ja\u010dina: 3% CBD-a.\",\"breadcrumb\":{\"@id\":\"https:\\\/\\\/pharma-hemp.com\\\/hr\\\/shop\\\/phix-kapi-za-imunitet\\\/#breadcrumb\"},\"inLanguage\":\"hr\",\"potentialAction\":[{\"@type\":\"ReadAction\",\"target\":[\"https:\\\/\\\/pharma-hemp.com\\\/hr\\\/shop\\\/phix-kapi-za-imunitet\\\/\"]}]},{\"@type\":\"ImageObject\",\"inLanguage\":\"hr\",\"@id\":\"https:\\\/\\\/pharma-hemp.com\\\/hr\\\/shop\\\/phix-kapi-za-imunitet\\\/#primaryimage\",\"url\":\"https:\\\/\\\/pharma-hemp.com\\\/wp-content\\\/uploads\\\/2025\\\/07\\\/immunity1.png\",\"contentUrl\":\"https:\\\/\\\/pharma-hemp.com\\\/wp-content\\\/uploads\\\/2025\\\/07\\\/immunity1.png\",\"width\":600,\"height\":600,\"caption\":\"phix immunity cbd drops for boosting your immunity\"},{\"@type\":\"BreadcrumbList\",\"@id\":\"https:\\\/\\\/pharma-hemp.com\\\/hr\\\/shop\\\/phix-kapi-za-imunitet\\\/#breadcrumb\",\"itemListElement\":[{\"@type\":\"ListItem\",\"position\":1,\"name\":\"Home\",\"item\":\"https:\\\/\\\/pharma-hemp.com\\\/hr\\\/\"},{\"@type\":\"ListItem\",\"position\":2,\"name\":\"Shop\",\"item\":\"https:\\\/\\\/pharma-hemp.com\\\/hr\\\/shop\\\/\"},{\"@type\":\"ListItem\",\"position\":3,\"name\":\"PHIX Immunity kapi\"}]},{\"@type\":\"WebSite\",\"@id\":\"https:\\\/\\\/pharma-hemp.com\\\/hr\\\/#website\",\"url\":\"https:\\\/\\\/pharma-hemp.com\\\/hr\\\/\",\"name\":\"Pharma Hemp\",\"description\":\"CBD store\",\"publisher\":{\"@id\":\"https:\\\/\\\/pharma-hemp.com\\\/hr\\\/#organization\"},\"potentialAction\":[{\"@type\":\"SearchAction\",\"target\":{\"@type\":\"EntryPoint\",\"urlTemplate\":\"https:\\\/\\\/pharma-hemp.com\\\/hr\\\/?s={search_term_string}\"},\"query-input\":{\"@type\":\"PropertyValueSpecification\",\"valueRequired\":true,\"valueName\":\"search_term_string\"}}],\"inLanguage\":\"hr\"},{\"@type\":\"Organization\",\"@id\":\"https:\\\/\\\/pharma-hemp.com\\\/hr\\\/#organization\",\"name\":\"PharmaHemp\",\"url\":\"https:\\\/\\\/pharma-hemp.com\\\/hr\\\/\",\"logo\":{\"@type\":\"ImageObject\",\"inLanguage\":\"hr\",\"@id\":\"https:\\\/\\\/pharma-hemp.com\\\/hr\\\/#\\\/schema\\\/logo\\\/image\\\/\",\"url\":\"https:\\\/\\\/pharma-hemp.com\\\/wp-content\\\/uploads\\\/2025\\\/04\\\/Pharma-Hemp-logo_crn-1.png\",\"contentUrl\":\"https:\\\/\\\/pharma-hemp.com\\\/wp-content\\\/uploads\\\/2025\\\/04\\\/Pharma-Hemp-logo_crn-1.png\",\"width\":200,\"height\":44,\"caption\":\"PharmaHemp\"},\"image\":{\"@id\":\"https:\\\/\\\/pharma-hemp.com\\\/hr\\\/#\\\/schema\\\/logo\\\/image\\\/\"}}]}<\/script>\n<!-- \/ Yoast SEO plugin. -->","yoast_head_json":{"title":"CBD kapi PHIX Imunitet - Pharma Hemp","description":"PHIX Immunity CBD kapi ja\u010daju imunolo\u0161ki odgovor, pru\u017eaju antioksidativnu podr\u0161ku i poma\u017eu u odr\u017eavanju op\u0107eg blagostanja. Ja\u010dina: 3% CBD-a.","robots":{"index":"index","follow":"follow","max-snippet":"max-snippet:-1","max-image-preview":"max-image-preview:large","max-video-preview":"max-video-preview:-1"},"canonical":"https:\/\/pharma-hemp.com\/hr\/shop\/phix-kapi-za-imunitet\/","og_locale":"hr_HR","og_type":"article","og_title":"CBD kapi PHIX Imunitet - Pharma Hemp","og_description":"PHIX Immunity CBD kapi ja\u010daju imunolo\u0161ki odgovor, pru\u017eaju antioksidativnu podr\u0161ku i poma\u017eu u odr\u017eavanju op\u0107eg blagostanja. Ja\u010dina: 3% CBD-a.","og_url":"https:\/\/pharma-hemp.com\/hr\/shop\/phix-kapi-za-imunitet\/","og_site_name":"Pharma Hemp","article_modified_time":"2026-03-03T11:53:27+00:00","og_image":[{"width":600,"height":600,"url":"https:\/\/pharma-hemp.com\/wp-content\/uploads\/2025\/07\/immunity1.png","type":"image\/png"}],"twitter_card":"summary_large_image","twitter_misc":{"Procijenjeno vrijeme \u010ditanja":"1 minuta"},"schema":{"@context":"https:\/\/schema.org","@graph":[{"@type":"WebPage","@id":"https:\/\/pharma-hemp.com\/hr\/shop\/phix-kapi-za-imunitet\/","url":"https:\/\/pharma-hemp.com\/hr\/shop\/phix-kapi-za-imunitet\/","name":"CBD kapi PHIX Imunitet - Pharma Hemp","isPartOf":{"@id":"https:\/\/pharma-hemp.com\/hr\/#website"},"primaryImageOfPage":{"@id":"https:\/\/pharma-hemp.com\/hr\/shop\/phix-kapi-za-imunitet\/#primaryimage"},"image":{"@id":"https:\/\/pharma-hemp.com\/hr\/shop\/phix-kapi-za-imunitet\/#primaryimage"},"thumbnailUrl":"https:\/\/pharma-hemp.com\/wp-content\/uploads\/2025\/07\/immunity1.png","datePublished":"2025-04-29T08:49:55+00:00","dateModified":"2026-03-03T11:53:27+00:00","description":"PHIX Immunity CBD kapi ja\u010daju imunolo\u0161ki odgovor, pru\u017eaju antioksidativnu podr\u0161ku i poma\u017eu u odr\u017eavanju op\u0107eg blagostanja. Ja\u010dina: 3% CBD-a.","breadcrumb":{"@id":"https:\/\/pharma-hemp.com\/hr\/shop\/phix-kapi-za-imunitet\/#breadcrumb"},"inLanguage":"hr","potentialAction":[{"@type":"ReadAction","target":["https:\/\/pharma-hemp.com\/hr\/shop\/phix-kapi-za-imunitet\/"]}]},{"@type":"ImageObject","inLanguage":"hr","@id":"https:\/\/pharma-hemp.com\/hr\/shop\/phix-kapi-za-imunitet\/#primaryimage","url":"https:\/\/pharma-hemp.com\/wp-content\/uploads\/2025\/07\/immunity1.png","contentUrl":"https:\/\/pharma-hemp.com\/wp-content\/uploads\/2025\/07\/immunity1.png","width":600,"height":600,"caption":"phix immunity cbd drops for boosting your immunity"},{"@type":"BreadcrumbList","@id":"https:\/\/pharma-hemp.com\/hr\/shop\/phix-kapi-za-imunitet\/#breadcrumb","itemListElement":[{"@type":"ListItem","position":1,"name":"Home","item":"https:\/\/pharma-hemp.com\/hr\/"},{"@type":"ListItem","position":2,"name":"Shop","item":"https:\/\/pharma-hemp.com\/hr\/shop\/"},{"@type":"ListItem","position":3,"name":"PHIX Immunity kapi"}]},{"@type":"WebSite","@id":"https:\/\/pharma-hemp.com\/hr\/#website","url":"https:\/\/pharma-hemp.com\/hr\/","name":"Pharma Hemp","description":"CBD store","publisher":{"@id":"https:\/\/pharma-hemp.com\/hr\/#organization"},"potentialAction":[{"@type":"SearchAction","target":{"@type":"EntryPoint","urlTemplate":"https:\/\/pharma-hemp.com\/hr\/?s={search_term_string}"},"query-input":{"@type":"PropertyValueSpecification","valueRequired":true,"valueName":"search_term_string"}}],"inLanguage":"hr"},{"@type":"Organization","@id":"https:\/\/pharma-hemp.com\/hr\/#organization","name":"PharmaHemp","url":"https:\/\/pharma-hemp.com\/hr\/","logo":{"@type":"ImageObject","inLanguage":"hr","@id":"https:\/\/pharma-hemp.com\/hr\/#\/schema\/logo\/image\/","url":"https:\/\/pharma-hemp.com\/wp-content\/uploads\/2025\/04\/Pharma-Hemp-logo_crn-1.png","contentUrl":"https:\/\/pharma-hemp.com\/wp-content\/uploads\/2025\/04\/Pharma-Hemp-logo_crn-1.png","width":200,"height":44,"caption":"PharmaHemp"},"image":{"@id":"https:\/\/pharma-hemp.com\/hr\/#\/schema\/logo\/image\/"}}]}},"_links":{"self":[{"href":"https:\/\/pharma-hemp.com\/hr\/wp-json\/wp\/v2\/product\/568985","targetHints":{"allow":["GET"]}}],"collection":[{"href":"https:\/\/pharma-hemp.com\/hr\/wp-json\/wp\/v2\/product"}],"about":[{"href":"https:\/\/pharma-hemp.com\/hr\/wp-json\/wp\/v2\/types\/product"}],"wp:featuredmedia":[{"embeddable":true,"href":"https:\/\/pharma-hemp.com\/hr\/wp-json\/wp\/v2\/media\/569027"}],"wp:attachment":[{"href":"https:\/\/pharma-hemp.com\/hr\/wp-json\/wp\/v2\/media?parent=568985"}],"wp:term":[{"taxonomy":"product_brand","embeddable":true,"href":"https:\/\/pharma-hemp.com\/hr\/wp-json\/wp\/v2\/product_brand?post=568985"},{"taxonomy":"product_cat","embeddable":true,"href":"https:\/\/pharma-hemp.com\/hr\/wp-json\/wp\/v2\/product_cat?post=568985"},{"taxonomy":"product_tag","embeddable":true,"href":"https:\/\/pharma-hemp.com\/hr\/wp-json\/wp\/v2\/product_tag?post=568985"}],"curies":[{"name":"wp","href":"https:\/\/api.w.org\/{rel}","templated":true}]}}