{"id":568984,"date":"2025-04-30T10:32:37","date_gmt":"2025-04-30T09:32:37","guid":{"rendered":"https:\/\/pharma-hemp.com\/shop\/mikka-revitalizirajuca-njega-usana\/"},"modified":"2026-03-03T10:49:46","modified_gmt":"2026-03-03T08:49:46","slug":"mikka-revitalizirajuca-njega-usana","status":"publish","type":"product","link":"https:\/\/pharma-hemp.com\/hr\/shop\/mikka-revitalizirajuca-njega-usana\/","title":{"rendered":"Mikka revitaliziraju\u0107a njega usana"},"content":{"rendered":"","protected":false},"excerpt":{"rendered":"<p><span style=\"font-weight: 400;\">Meke, hidratizirane usne &#8211; bilo kada, bilo gdje. Ova njeguju\u0107a njega usana pru\u017ea dubinsku hidrataciju, zadr\u017eava hidrataciju i daje va\u0161im usnama zdrav, prirodan sjaj. Prepuna CBD-a, botani\u010dkih ulja i bogatih maslaca, pru\u017ea vrhunsku za\u0161titu od suho\u0107e i stresnih \u010dimbenika iz okoli\u0161a. <\/span><\/p>\n","protected":false},"featured_media":568834,"template":"","meta":[],"product_brand":[],"product_cat":[248,246,249,247],"product_tag":[1265,1264,1261,1259,1266,1262,1260,1103,1263,1258],"class_list":{"0":"post-568984","1":"product","2":"type-product","3":"status-publish","4":"has-post-thumbnail","6":"product_cat-dermokozmetika-hr","7":"product_cat-kupujte-po-marki","8":"product_cat-mika","9":"product_cat-njega-koze","10":"product_tag-cbd-balzam","11":"product_tag-hidratacija","12":"product_tag-hrapavost","13":"product_tag-ispucale-usne","14":"product_tag-lip-balm","15":"product_tag-mekane-usne","16":"product_tag-obnova-usana","17":"product_tag-osjetljivost","18":"product_tag-pukotine","19":"product_tag-suhe-usne","21":"first","22":"instock","23":"shipping-taxable","24":"purchasable","25":"product-type-simple"},"acf":{"konfigurator_product_name":"","konfigurator_product_description":"","konfigurator_product_image_url":""},"yoast_head":"<!-- This site is optimized with the Yoast SEO plugin v27.3 - https:\/\/yoast.com\/product\/yoast-seo-wordpress\/ -->\n<title>CBD sjajilo za usne od konoplje Mikka 50 mg cbd - Pharma Hemp<\/title>\n<meta name=\"description\" content=\"Sjajilo za usne s CBD-om omek\u0161ava, hidratizira i \u0161titi suhe usne. Hranjiva formula za glatke, zdravo izgledaju\u0107e usne tijekom cijelog dana.\" \/>\n<meta name=\"robots\" content=\"index, follow, max-snippet:-1, max-image-preview:large, max-video-preview:-1\" \/>\n<link rel=\"canonical\" href=\"https:\/\/pharma-hemp.com\/hr\/shop\/mikka-revitalizirajuca-njega-usana\/\" \/>\n<meta property=\"og:locale\" content=\"hr_HR\" \/>\n<meta property=\"og:type\" content=\"article\" \/>\n<meta property=\"og:title\" content=\"CBD sjajilo za usne od konoplje Mikka 50 mg cbd - Pharma Hemp\" \/>\n<meta property=\"og:description\" content=\"Sjajilo za usne s CBD-om omek\u0161ava, hidratizira i \u0161titi suhe usne. Hranjiva formula za glatke, zdravo izgledaju\u0107e usne tijekom cijelog dana.\" \/>\n<meta property=\"og:url\" content=\"https:\/\/pharma-hemp.com\/hr\/shop\/mikka-revitalizirajuca-njega-usana\/\" \/>\n<meta property=\"og:site_name\" content=\"Pharma Hemp\" \/>\n<meta property=\"article:modified_time\" content=\"2026-03-03T08:49:46+00:00\" \/>\n<meta property=\"og:image\" content=\"https:\/\/pharma-hemp.com\/wp-content\/uploads\/2025\/05\/LiparDesignPhotography-02021.jpg\" \/>\n\t<meta property=\"og:image:width\" content=\"2048\" \/>\n\t<meta property=\"og:image:height\" content=\"2048\" \/>\n\t<meta property=\"og:image:type\" content=\"image\/jpeg\" \/>\n<meta name=\"twitter:card\" content=\"summary_large_image\" \/>\n<meta name=\"twitter:label1\" content=\"Procijenjeno vrijeme \u010ditanja\" \/>\n\t<meta name=\"twitter:data1\" content=\"1 minuta\" \/>\n<script type=\"application\/ld+json\" class=\"yoast-schema-graph\">{\"@context\":\"https:\\\/\\\/schema.org\",\"@graph\":[{\"@type\":\"WebPage\",\"@id\":\"https:\\\/\\\/pharma-hemp.com\\\/hr\\\/shop\\\/mikka-revitalizirajuca-njega-usana\\\/\",\"url\":\"https:\\\/\\\/pharma-hemp.com\\\/hr\\\/shop\\\/mikka-revitalizirajuca-njega-usana\\\/\",\"name\":\"CBD sjajilo za usne od konoplje Mikka 50 mg cbd - Pharma Hemp\",\"isPartOf\":{\"@id\":\"https:\\\/\\\/pharma-hemp.com\\\/hr\\\/#website\"},\"primaryImageOfPage\":{\"@id\":\"https:\\\/\\\/pharma-hemp.com\\\/hr\\\/shop\\\/mikka-revitalizirajuca-njega-usana\\\/#primaryimage\"},\"image\":{\"@id\":\"https:\\\/\\\/pharma-hemp.com\\\/hr\\\/shop\\\/mikka-revitalizirajuca-njega-usana\\\/#primaryimage\"},\"thumbnailUrl\":\"https:\\\/\\\/pharma-hemp.com\\\/wp-content\\\/uploads\\\/2025\\\/05\\\/LiparDesignPhotography-02021.jpg\",\"datePublished\":\"2025-04-30T09:32:37+00:00\",\"dateModified\":\"2026-03-03T08:49:46+00:00\",\"description\":\"Sjajilo za usne s CBD-om omek\u0161ava, hidratizira i \u0161titi suhe usne. Hranjiva formula za glatke, zdravo izgledaju\u0107e usne tijekom cijelog dana.\",\"breadcrumb\":{\"@id\":\"https:\\\/\\\/pharma-hemp.com\\\/hr\\\/shop\\\/mikka-revitalizirajuca-njega-usana\\\/#breadcrumb\"},\"inLanguage\":\"hr\",\"potentialAction\":[{\"@type\":\"ReadAction\",\"target\":[\"https:\\\/\\\/pharma-hemp.com\\\/hr\\\/shop\\\/mikka-revitalizirajuca-njega-usana\\\/\"]}]},{\"@type\":\"ImageObject\",\"inLanguage\":\"hr\",\"@id\":\"https:\\\/\\\/pharma-hemp.com\\\/hr\\\/shop\\\/mikka-revitalizirajuca-njega-usana\\\/#primaryimage\",\"url\":\"https:\\\/\\\/pharma-hemp.com\\\/wp-content\\\/uploads\\\/2025\\\/05\\\/LiparDesignPhotography-02021.jpg\",\"contentUrl\":\"https:\\\/\\\/pharma-hemp.com\\\/wp-content\\\/uploads\\\/2025\\\/05\\\/LiparDesignPhotography-02021.jpg\",\"width\":2048,\"height\":2048,\"caption\":\"Mikka revitaliziraju\u0107a njega usana\"},{\"@type\":\"BreadcrumbList\",\"@id\":\"https:\\\/\\\/pharma-hemp.com\\\/hr\\\/shop\\\/mikka-revitalizirajuca-njega-usana\\\/#breadcrumb\",\"itemListElement\":[{\"@type\":\"ListItem\",\"position\":1,\"name\":\"Home\",\"item\":\"https:\\\/\\\/pharma-hemp.com\\\/hr\\\/\"},{\"@type\":\"ListItem\",\"position\":2,\"name\":\"Shop\",\"item\":\"https:\\\/\\\/pharma-hemp.com\\\/hr\\\/shop\\\/\"},{\"@type\":\"ListItem\",\"position\":3,\"name\":\"Mikka revitaliziraju\u0107a njega usana\"}]},{\"@type\":\"WebSite\",\"@id\":\"https:\\\/\\\/pharma-hemp.com\\\/hr\\\/#website\",\"url\":\"https:\\\/\\\/pharma-hemp.com\\\/hr\\\/\",\"name\":\"Pharma Hemp\",\"description\":\"CBD store\",\"publisher\":{\"@id\":\"https:\\\/\\\/pharma-hemp.com\\\/hr\\\/#organization\"},\"potentialAction\":[{\"@type\":\"SearchAction\",\"target\":{\"@type\":\"EntryPoint\",\"urlTemplate\":\"https:\\\/\\\/pharma-hemp.com\\\/hr\\\/?s={search_term_string}\"},\"query-input\":{\"@type\":\"PropertyValueSpecification\",\"valueRequired\":true,\"valueName\":\"search_term_string\"}}],\"inLanguage\":\"hr\"},{\"@type\":\"Organization\",\"@id\":\"https:\\\/\\\/pharma-hemp.com\\\/hr\\\/#organization\",\"name\":\"PharmaHemp\",\"url\":\"https:\\\/\\\/pharma-hemp.com\\\/hr\\\/\",\"logo\":{\"@type\":\"ImageObject\",\"inLanguage\":\"hr\",\"@id\":\"https:\\\/\\\/pharma-hemp.com\\\/hr\\\/#\\\/schema\\\/logo\\\/image\\\/\",\"url\":\"https:\\\/\\\/pharma-hemp.com\\\/wp-content\\\/uploads\\\/2025\\\/04\\\/Pharma-Hemp-logo_crn-1.png\",\"contentUrl\":\"https:\\\/\\\/pharma-hemp.com\\\/wp-content\\\/uploads\\\/2025\\\/04\\\/Pharma-Hemp-logo_crn-1.png\",\"width\":200,\"height\":44,\"caption\":\"PharmaHemp\"},\"image\":{\"@id\":\"https:\\\/\\\/pharma-hemp.com\\\/hr\\\/#\\\/schema\\\/logo\\\/image\\\/\"}}]}<\/script>\n<!-- \/ Yoast SEO plugin. -->","yoast_head_json":{"title":"CBD sjajilo za usne od konoplje Mikka 50 mg cbd - Pharma Hemp","description":"Sjajilo za usne s CBD-om omek\u0161ava, hidratizira i \u0161titi suhe usne. Hranjiva formula za glatke, zdravo izgledaju\u0107e usne tijekom cijelog dana.","robots":{"index":"index","follow":"follow","max-snippet":"max-snippet:-1","max-image-preview":"max-image-preview:large","max-video-preview":"max-video-preview:-1"},"canonical":"https:\/\/pharma-hemp.com\/hr\/shop\/mikka-revitalizirajuca-njega-usana\/","og_locale":"hr_HR","og_type":"article","og_title":"CBD sjajilo za usne od konoplje Mikka 50 mg cbd - Pharma Hemp","og_description":"Sjajilo za usne s CBD-om omek\u0161ava, hidratizira i \u0161titi suhe usne. Hranjiva formula za glatke, zdravo izgledaju\u0107e usne tijekom cijelog dana.","og_url":"https:\/\/pharma-hemp.com\/hr\/shop\/mikka-revitalizirajuca-njega-usana\/","og_site_name":"Pharma Hemp","article_modified_time":"2026-03-03T08:49:46+00:00","og_image":[{"width":2048,"height":2048,"url":"https:\/\/pharma-hemp.com\/wp-content\/uploads\/2025\/05\/LiparDesignPhotography-02021.jpg","type":"image\/jpeg"}],"twitter_card":"summary_large_image","twitter_misc":{"Procijenjeno vrijeme \u010ditanja":"1 minuta"},"schema":{"@context":"https:\/\/schema.org","@graph":[{"@type":"WebPage","@id":"https:\/\/pharma-hemp.com\/hr\/shop\/mikka-revitalizirajuca-njega-usana\/","url":"https:\/\/pharma-hemp.com\/hr\/shop\/mikka-revitalizirajuca-njega-usana\/","name":"CBD sjajilo za usne od konoplje Mikka 50 mg cbd - Pharma Hemp","isPartOf":{"@id":"https:\/\/pharma-hemp.com\/hr\/#website"},"primaryImageOfPage":{"@id":"https:\/\/pharma-hemp.com\/hr\/shop\/mikka-revitalizirajuca-njega-usana\/#primaryimage"},"image":{"@id":"https:\/\/pharma-hemp.com\/hr\/shop\/mikka-revitalizirajuca-njega-usana\/#primaryimage"},"thumbnailUrl":"https:\/\/pharma-hemp.com\/wp-content\/uploads\/2025\/05\/LiparDesignPhotography-02021.jpg","datePublished":"2025-04-30T09:32:37+00:00","dateModified":"2026-03-03T08:49:46+00:00","description":"Sjajilo za usne s CBD-om omek\u0161ava, hidratizira i \u0161titi suhe usne. Hranjiva formula za glatke, zdravo izgledaju\u0107e usne tijekom cijelog dana.","breadcrumb":{"@id":"https:\/\/pharma-hemp.com\/hr\/shop\/mikka-revitalizirajuca-njega-usana\/#breadcrumb"},"inLanguage":"hr","potentialAction":[{"@type":"ReadAction","target":["https:\/\/pharma-hemp.com\/hr\/shop\/mikka-revitalizirajuca-njega-usana\/"]}]},{"@type":"ImageObject","inLanguage":"hr","@id":"https:\/\/pharma-hemp.com\/hr\/shop\/mikka-revitalizirajuca-njega-usana\/#primaryimage","url":"https:\/\/pharma-hemp.com\/wp-content\/uploads\/2025\/05\/LiparDesignPhotography-02021.jpg","contentUrl":"https:\/\/pharma-hemp.com\/wp-content\/uploads\/2025\/05\/LiparDesignPhotography-02021.jpg","width":2048,"height":2048,"caption":"Mikka revitaliziraju\u0107a njega usana"},{"@type":"BreadcrumbList","@id":"https:\/\/pharma-hemp.com\/hr\/shop\/mikka-revitalizirajuca-njega-usana\/#breadcrumb","itemListElement":[{"@type":"ListItem","position":1,"name":"Home","item":"https:\/\/pharma-hemp.com\/hr\/"},{"@type":"ListItem","position":2,"name":"Shop","item":"https:\/\/pharma-hemp.com\/hr\/shop\/"},{"@type":"ListItem","position":3,"name":"Mikka revitaliziraju\u0107a njega usana"}]},{"@type":"WebSite","@id":"https:\/\/pharma-hemp.com\/hr\/#website","url":"https:\/\/pharma-hemp.com\/hr\/","name":"Pharma Hemp","description":"CBD store","publisher":{"@id":"https:\/\/pharma-hemp.com\/hr\/#organization"},"potentialAction":[{"@type":"SearchAction","target":{"@type":"EntryPoint","urlTemplate":"https:\/\/pharma-hemp.com\/hr\/?s={search_term_string}"},"query-input":{"@type":"PropertyValueSpecification","valueRequired":true,"valueName":"search_term_string"}}],"inLanguage":"hr"},{"@type":"Organization","@id":"https:\/\/pharma-hemp.com\/hr\/#organization","name":"PharmaHemp","url":"https:\/\/pharma-hemp.com\/hr\/","logo":{"@type":"ImageObject","inLanguage":"hr","@id":"https:\/\/pharma-hemp.com\/hr\/#\/schema\/logo\/image\/","url":"https:\/\/pharma-hemp.com\/wp-content\/uploads\/2025\/04\/Pharma-Hemp-logo_crn-1.png","contentUrl":"https:\/\/pharma-hemp.com\/wp-content\/uploads\/2025\/04\/Pharma-Hemp-logo_crn-1.png","width":200,"height":44,"caption":"PharmaHemp"},"image":{"@id":"https:\/\/pharma-hemp.com\/hr\/#\/schema\/logo\/image\/"}}]}},"_links":{"self":[{"href":"https:\/\/pharma-hemp.com\/hr\/wp-json\/wp\/v2\/product\/568984","targetHints":{"allow":["GET"]}}],"collection":[{"href":"https:\/\/pharma-hemp.com\/hr\/wp-json\/wp\/v2\/product"}],"about":[{"href":"https:\/\/pharma-hemp.com\/hr\/wp-json\/wp\/v2\/types\/product"}],"wp:featuredmedia":[{"embeddable":true,"href":"https:\/\/pharma-hemp.com\/hr\/wp-json\/wp\/v2\/media\/568834"}],"wp:attachment":[{"href":"https:\/\/pharma-hemp.com\/hr\/wp-json\/wp\/v2\/media?parent=568984"}],"wp:term":[{"taxonomy":"product_brand","embeddable":true,"href":"https:\/\/pharma-hemp.com\/hr\/wp-json\/wp\/v2\/product_brand?post=568984"},{"taxonomy":"product_cat","embeddable":true,"href":"https:\/\/pharma-hemp.com\/hr\/wp-json\/wp\/v2\/product_cat?post=568984"},{"taxonomy":"product_tag","embeddable":true,"href":"https:\/\/pharma-hemp.com\/hr\/wp-json\/wp\/v2\/product_tag?post=568984"}],"curies":[{"name":"wp","href":"https:\/\/api.w.org\/{rel}","templated":true}]}}