{"id":568955,"date":"2025-04-30T10:00:31","date_gmt":"2025-04-30T09:00:31","guid":{"rendered":"https:\/\/pharma-hemp.com\/shop\/mikka-umirujuci-uljni-serum\/"},"modified":"2026-04-08T10:38:07","modified_gmt":"2026-04-08T08:38:07","slug":"mikka-umirujuci-uljni-serum","status":"publish","type":"product","link":"https:\/\/pharma-hemp.com\/hr\/shop\/mikka-umirujuci-uljni-serum\/","title":{"rendered":"Mikka umiruju\u0107i uljni serum"},"content":{"rendered":"","protected":false},"excerpt":{"rendered":"<p><span style=\"font-weight: 400;\">OBNOVITI, OBNOVITI, SJAJATI<\/span><\/p>\n<p><span style=\"font-weight: 400;\">Za ko\u017eu kojoj je potrebna dodatna njega, ovaj obnavljaju\u0107i serum umiruje, \u0161titi i hidratizira. Prepun sna\u017enih antioksidansa i dubinski hranjivih ulja, va\u0161 je izbor za glatku i blistavu ko\u017eu. <\/span><\/p>\n","protected":false},"featured_media":568983,"template":"","meta":[],"product_brand":[],"product_cat":[248,246,249,247],"product_tag":[1173,1146,1174,1149,1150,1176,1148,1153,1175,1145],"class_list":{"0":"post-568955","1":"product","2":"type-product","3":"status-publish","4":"has-post-thumbnail","6":"product_cat-dermokozmetika-hr","7":"product_cat-kupujte-po-marki","8":"product_cat-mika","9":"product_cat-njega-koze","10":"product_tag-crvena-koza","11":"product_tag-fine-linije","12":"product_tag-nadrazena-koza","13":"product_tag-nocna-njega","14":"product_tag-sjajna-koza","15":"product_tag-smirenje-koze","16":"product_tag-starenje","17":"product_tag-suha-koza","18":"product_tag-umirujuci-serum","19":"product_tag-umorna-koza","21":"first","22":"instock","23":"shipping-taxable","24":"purchasable","25":"product-type-simple"},"acf":{"konfigurator_product_name":"","konfigurator_product_description":"","konfigurator_product_image_url":""},"yoast_head":"<!-- This site is optimized with the Yoast SEO plugin v27.3 - https:\/\/yoast.com\/product\/yoast-seo-wordpress\/ -->\n<title>Umiruju\u0107i serum za lice s uljem konoplje od CBD-a Mikka 300 mg cbd - Pharma Hemp<\/title>\n<meta name=\"description\" content=\"Umiruju\u0107i serum za lice s uljem konoplje CBD Mikka pobolj\u0161ava elasti\u010dnost ko\u017ee, tonira je i hidratizira za glatkiji i \u010dvr\u0161\u0107i izgled. Idealan za svakodnevnu njegu ko\u017ee.\" \/>\n<meta name=\"robots\" content=\"index, follow, max-snippet:-1, max-image-preview:large, max-video-preview:-1\" \/>\n<link rel=\"canonical\" href=\"https:\/\/pharma-hemp.com\/hr\/shop\/mikka-umirujuci-uljni-serum\/\" \/>\n<meta property=\"og:locale\" content=\"hr_HR\" \/>\n<meta property=\"og:type\" content=\"article\" \/>\n<meta property=\"og:title\" content=\"Umiruju\u0107i serum za lice s uljem konoplje od CBD-a Mikka 300 mg cbd - Pharma Hemp\" \/>\n<meta property=\"og:description\" content=\"Umiruju\u0107i serum za lice s uljem konoplje CBD Mikka pobolj\u0161ava elasti\u010dnost ko\u017ee, tonira je i hidratizira za glatkiji i \u010dvr\u0161\u0107i izgled. Idealan za svakodnevnu njegu ko\u017ee.\" \/>\n<meta property=\"og:url\" content=\"https:\/\/pharma-hemp.com\/hr\/shop\/mikka-umirujuci-uljni-serum\/\" \/>\n<meta property=\"og:site_name\" content=\"Pharma Hemp\" \/>\n<meta property=\"article:modified_time\" content=\"2026-04-08T08:38:07+00:00\" \/>\n<meta property=\"og:image\" content=\"https:\/\/pharma-hemp.com\/wp-content\/uploads\/2025\/05\/night-serum-1.png\" \/>\n\t<meta property=\"og:image:width\" content=\"600\" \/>\n\t<meta property=\"og:image:height\" content=\"600\" \/>\n\t<meta property=\"og:image:type\" content=\"image\/png\" \/>\n<meta name=\"twitter:card\" content=\"summary_large_image\" \/>\n<meta name=\"twitter:label1\" content=\"Procijenjeno vrijeme \u010ditanja\" \/>\n\t<meta name=\"twitter:data1\" content=\"1 minuta\" \/>\n<script type=\"application\/ld+json\" class=\"yoast-schema-graph\">{\"@context\":\"https:\\\/\\\/schema.org\",\"@graph\":[{\"@type\":\"WebPage\",\"@id\":\"https:\\\/\\\/pharma-hemp.com\\\/hr\\\/shop\\\/mikka-umirujuci-uljni-serum\\\/\",\"url\":\"https:\\\/\\\/pharma-hemp.com\\\/hr\\\/shop\\\/mikka-umirujuci-uljni-serum\\\/\",\"name\":\"Umiruju\u0107i serum za lice s uljem konoplje od CBD-a Mikka 300 mg cbd - Pharma Hemp\",\"isPartOf\":{\"@id\":\"https:\\\/\\\/pharma-hemp.com\\\/hr\\\/#website\"},\"primaryImageOfPage\":{\"@id\":\"https:\\\/\\\/pharma-hemp.com\\\/hr\\\/shop\\\/mikka-umirujuci-uljni-serum\\\/#primaryimage\"},\"image\":{\"@id\":\"https:\\\/\\\/pharma-hemp.com\\\/hr\\\/shop\\\/mikka-umirujuci-uljni-serum\\\/#primaryimage\"},\"thumbnailUrl\":\"https:\\\/\\\/pharma-hemp.com\\\/wp-content\\\/uploads\\\/2025\\\/05\\\/night-serum-1.png\",\"datePublished\":\"2025-04-30T09:00:31+00:00\",\"dateModified\":\"2026-04-08T08:38:07+00:00\",\"description\":\"Umiruju\u0107i serum za lice s uljem konoplje CBD Mikka pobolj\u0161ava elasti\u010dnost ko\u017ee, tonira je i hidratizira za glatkiji i \u010dvr\u0161\u0107i izgled. Idealan za svakodnevnu njegu ko\u017ee.\",\"breadcrumb\":{\"@id\":\"https:\\\/\\\/pharma-hemp.com\\\/hr\\\/shop\\\/mikka-umirujuci-uljni-serum\\\/#breadcrumb\"},\"inLanguage\":\"hr\",\"potentialAction\":[{\"@type\":\"ReadAction\",\"target\":[\"https:\\\/\\\/pharma-hemp.com\\\/hr\\\/shop\\\/mikka-umirujuci-uljni-serum\\\/\"]}]},{\"@type\":\"ImageObject\",\"inLanguage\":\"hr\",\"@id\":\"https:\\\/\\\/pharma-hemp.com\\\/hr\\\/shop\\\/mikka-umirujuci-uljni-serum\\\/#primaryimage\",\"url\":\"https:\\\/\\\/pharma-hemp.com\\\/wp-content\\\/uploads\\\/2025\\\/05\\\/night-serum-1.png\",\"contentUrl\":\"https:\\\/\\\/pharma-hemp.com\\\/wp-content\\\/uploads\\\/2025\\\/05\\\/night-serum-1.png\",\"width\":600,\"height\":600},{\"@type\":\"BreadcrumbList\",\"@id\":\"https:\\\/\\\/pharma-hemp.com\\\/hr\\\/shop\\\/mikka-umirujuci-uljni-serum\\\/#breadcrumb\",\"itemListElement\":[{\"@type\":\"ListItem\",\"position\":1,\"name\":\"Home\",\"item\":\"https:\\\/\\\/pharma-hemp.com\\\/hr\\\/\"},{\"@type\":\"ListItem\",\"position\":2,\"name\":\"Shop\",\"item\":\"https:\\\/\\\/pharma-hemp.com\\\/hr\\\/shop\\\/\"},{\"@type\":\"ListItem\",\"position\":3,\"name\":\"Mikka umiruju\u0107i uljni serum\"}]},{\"@type\":\"WebSite\",\"@id\":\"https:\\\/\\\/pharma-hemp.com\\\/hr\\\/#website\",\"url\":\"https:\\\/\\\/pharma-hemp.com\\\/hr\\\/\",\"name\":\"Pharma Hemp\",\"description\":\"CBD store\",\"publisher\":{\"@id\":\"https:\\\/\\\/pharma-hemp.com\\\/hr\\\/#organization\"},\"potentialAction\":[{\"@type\":\"SearchAction\",\"target\":{\"@type\":\"EntryPoint\",\"urlTemplate\":\"https:\\\/\\\/pharma-hemp.com\\\/hr\\\/?s={search_term_string}\"},\"query-input\":{\"@type\":\"PropertyValueSpecification\",\"valueRequired\":true,\"valueName\":\"search_term_string\"}}],\"inLanguage\":\"hr\"},{\"@type\":\"Organization\",\"@id\":\"https:\\\/\\\/pharma-hemp.com\\\/hr\\\/#organization\",\"name\":\"PharmaHemp\",\"url\":\"https:\\\/\\\/pharma-hemp.com\\\/hr\\\/\",\"logo\":{\"@type\":\"ImageObject\",\"inLanguage\":\"hr\",\"@id\":\"https:\\\/\\\/pharma-hemp.com\\\/hr\\\/#\\\/schema\\\/logo\\\/image\\\/\",\"url\":\"https:\\\/\\\/pharma-hemp.com\\\/wp-content\\\/uploads\\\/2025\\\/04\\\/Pharma-Hemp-logo_crn-1.png\",\"contentUrl\":\"https:\\\/\\\/pharma-hemp.com\\\/wp-content\\\/uploads\\\/2025\\\/04\\\/Pharma-Hemp-logo_crn-1.png\",\"width\":200,\"height\":44,\"caption\":\"PharmaHemp\"},\"image\":{\"@id\":\"https:\\\/\\\/pharma-hemp.com\\\/hr\\\/#\\\/schema\\\/logo\\\/image\\\/\"}}]}<\/script>\n<!-- \/ Yoast SEO plugin. -->","yoast_head_json":{"title":"Umiruju\u0107i serum za lice s uljem konoplje od CBD-a Mikka 300 mg cbd - Pharma Hemp","description":"Umiruju\u0107i serum za lice s uljem konoplje CBD Mikka pobolj\u0161ava elasti\u010dnost ko\u017ee, tonira je i hidratizira za glatkiji i \u010dvr\u0161\u0107i izgled. Idealan za svakodnevnu njegu ko\u017ee.","robots":{"index":"index","follow":"follow","max-snippet":"max-snippet:-1","max-image-preview":"max-image-preview:large","max-video-preview":"max-video-preview:-1"},"canonical":"https:\/\/pharma-hemp.com\/hr\/shop\/mikka-umirujuci-uljni-serum\/","og_locale":"hr_HR","og_type":"article","og_title":"Umiruju\u0107i serum za lice s uljem konoplje od CBD-a Mikka 300 mg cbd - Pharma Hemp","og_description":"Umiruju\u0107i serum za lice s uljem konoplje CBD Mikka pobolj\u0161ava elasti\u010dnost ko\u017ee, tonira je i hidratizira za glatkiji i \u010dvr\u0161\u0107i izgled. Idealan za svakodnevnu njegu ko\u017ee.","og_url":"https:\/\/pharma-hemp.com\/hr\/shop\/mikka-umirujuci-uljni-serum\/","og_site_name":"Pharma Hemp","article_modified_time":"2026-04-08T08:38:07+00:00","og_image":[{"width":600,"height":600,"url":"https:\/\/pharma-hemp.com\/wp-content\/uploads\/2025\/05\/night-serum-1.png","type":"image\/png"}],"twitter_card":"summary_large_image","twitter_misc":{"Procijenjeno vrijeme \u010ditanja":"1 minuta"},"schema":{"@context":"https:\/\/schema.org","@graph":[{"@type":"WebPage","@id":"https:\/\/pharma-hemp.com\/hr\/shop\/mikka-umirujuci-uljni-serum\/","url":"https:\/\/pharma-hemp.com\/hr\/shop\/mikka-umirujuci-uljni-serum\/","name":"Umiruju\u0107i serum za lice s uljem konoplje od CBD-a Mikka 300 mg cbd - Pharma Hemp","isPartOf":{"@id":"https:\/\/pharma-hemp.com\/hr\/#website"},"primaryImageOfPage":{"@id":"https:\/\/pharma-hemp.com\/hr\/shop\/mikka-umirujuci-uljni-serum\/#primaryimage"},"image":{"@id":"https:\/\/pharma-hemp.com\/hr\/shop\/mikka-umirujuci-uljni-serum\/#primaryimage"},"thumbnailUrl":"https:\/\/pharma-hemp.com\/wp-content\/uploads\/2025\/05\/night-serum-1.png","datePublished":"2025-04-30T09:00:31+00:00","dateModified":"2026-04-08T08:38:07+00:00","description":"Umiruju\u0107i serum za lice s uljem konoplje CBD Mikka pobolj\u0161ava elasti\u010dnost ko\u017ee, tonira je i hidratizira za glatkiji i \u010dvr\u0161\u0107i izgled. Idealan za svakodnevnu njegu ko\u017ee.","breadcrumb":{"@id":"https:\/\/pharma-hemp.com\/hr\/shop\/mikka-umirujuci-uljni-serum\/#breadcrumb"},"inLanguage":"hr","potentialAction":[{"@type":"ReadAction","target":["https:\/\/pharma-hemp.com\/hr\/shop\/mikka-umirujuci-uljni-serum\/"]}]},{"@type":"ImageObject","inLanguage":"hr","@id":"https:\/\/pharma-hemp.com\/hr\/shop\/mikka-umirujuci-uljni-serum\/#primaryimage","url":"https:\/\/pharma-hemp.com\/wp-content\/uploads\/2025\/05\/night-serum-1.png","contentUrl":"https:\/\/pharma-hemp.com\/wp-content\/uploads\/2025\/05\/night-serum-1.png","width":600,"height":600},{"@type":"BreadcrumbList","@id":"https:\/\/pharma-hemp.com\/hr\/shop\/mikka-umirujuci-uljni-serum\/#breadcrumb","itemListElement":[{"@type":"ListItem","position":1,"name":"Home","item":"https:\/\/pharma-hemp.com\/hr\/"},{"@type":"ListItem","position":2,"name":"Shop","item":"https:\/\/pharma-hemp.com\/hr\/shop\/"},{"@type":"ListItem","position":3,"name":"Mikka umiruju\u0107i uljni serum"}]},{"@type":"WebSite","@id":"https:\/\/pharma-hemp.com\/hr\/#website","url":"https:\/\/pharma-hemp.com\/hr\/","name":"Pharma Hemp","description":"CBD store","publisher":{"@id":"https:\/\/pharma-hemp.com\/hr\/#organization"},"potentialAction":[{"@type":"SearchAction","target":{"@type":"EntryPoint","urlTemplate":"https:\/\/pharma-hemp.com\/hr\/?s={search_term_string}"},"query-input":{"@type":"PropertyValueSpecification","valueRequired":true,"valueName":"search_term_string"}}],"inLanguage":"hr"},{"@type":"Organization","@id":"https:\/\/pharma-hemp.com\/hr\/#organization","name":"PharmaHemp","url":"https:\/\/pharma-hemp.com\/hr\/","logo":{"@type":"ImageObject","inLanguage":"hr","@id":"https:\/\/pharma-hemp.com\/hr\/#\/schema\/logo\/image\/","url":"https:\/\/pharma-hemp.com\/wp-content\/uploads\/2025\/04\/Pharma-Hemp-logo_crn-1.png","contentUrl":"https:\/\/pharma-hemp.com\/wp-content\/uploads\/2025\/04\/Pharma-Hemp-logo_crn-1.png","width":200,"height":44,"caption":"PharmaHemp"},"image":{"@id":"https:\/\/pharma-hemp.com\/hr\/#\/schema\/logo\/image\/"}}]}},"_links":{"self":[{"href":"https:\/\/pharma-hemp.com\/hr\/wp-json\/wp\/v2\/product\/568955","targetHints":{"allow":["GET"]}}],"collection":[{"href":"https:\/\/pharma-hemp.com\/hr\/wp-json\/wp\/v2\/product"}],"about":[{"href":"https:\/\/pharma-hemp.com\/hr\/wp-json\/wp\/v2\/types\/product"}],"wp:featuredmedia":[{"embeddable":true,"href":"https:\/\/pharma-hemp.com\/hr\/wp-json\/wp\/v2\/media\/568983"}],"wp:attachment":[{"href":"https:\/\/pharma-hemp.com\/hr\/wp-json\/wp\/v2\/media?parent=568955"}],"wp:term":[{"taxonomy":"product_brand","embeddable":true,"href":"https:\/\/pharma-hemp.com\/hr\/wp-json\/wp\/v2\/product_brand?post=568955"},{"taxonomy":"product_cat","embeddable":true,"href":"https:\/\/pharma-hemp.com\/hr\/wp-json\/wp\/v2\/product_cat?post=568955"},{"taxonomy":"product_tag","embeddable":true,"href":"https:\/\/pharma-hemp.com\/hr\/wp-json\/wp\/v2\/product_tag?post=568955"}],"curies":[{"name":"wp","href":"https:\/\/api.w.org\/{rel}","templated":true}]}}