{"id":568954,"date":"2025-04-30T09:21:25","date_gmt":"2025-04-30T08:21:25","guid":{"rendered":"https:\/\/pharma-hemp.com\/shop\/mikka-kolagen-dnevna-krema\/"},"modified":"2026-04-08T10:15:56","modified_gmt":"2026-04-08T08:15:56","slug":"mikka-kolagen-dnevna-krema","status":"publish","type":"product","link":"https:\/\/pharma-hemp.com\/hr\/shop\/mikka-kolagen-dnevna-krema\/","title":{"rendered":"Mikka kolagen dnevna krema"},"content":{"rendered":"","protected":false},"excerpt":{"rendered":"<p><span style=\"font-weight: 400;\">Dnevna krema koja radi sve &#8211; hidratizira, u\u010dvr\u0161\u0107uje i \u0161titi va\u0161u ko\u017eu, \u010duvaju\u0107i taj mladena\u010dki sjaj. Oboga\u0107ena vrhunskim kolagenom, CBD-om i bogatim botani\u010dkim sastojcima, ova formula osmi\u0161ljena je kako bi ko\u017ea izgledala svje\u017ee, puno i otporno tijekom cijelog dana. <\/span><\/p>\n","protected":false},"featured_media":568968,"template":"","meta":[],"product_brand":[],"product_cat":[248,246,249,247],"product_tag":[1184,1185,1186,1146,1183,1187,1144,1147,1148,1153],"class_list":{"0":"post-568954","1":"product","2":"type-product","3":"status-publish","4":"has-post-thumbnail","6":"product_cat-dermokozmetika-hr","7":"product_cat-kupujte-po-marki","8":"product_cat-mika","9":"product_cat-njega-koze","10":"product_tag-anti-age-ucinak","11":"product_tag-cvrstoca","12":"product_tag-dehidrirana-koza","13":"product_tag-fine-linije","14":"product_tag-hrapava-tekstura","15":"product_tag-kolagen","16":"product_tag-opustena-koza","17":"product_tag-osjetljiva-koza","18":"product_tag-starenje","19":"product_tag-suha-koza","21":"first","22":"instock","23":"shipping-taxable","24":"purchasable","25":"product-type-simple"},"acf":{"konfigurator_product_name":"","konfigurator_product_description":"","konfigurator_product_image_url":""},"yoast_head":"<!-- This site is optimized with the Yoast SEO plugin v27.3 - https:\/\/yoast.com\/product\/yoast-seo-wordpress\/ -->\n<title>CBD krema za lice od konoplje kolagen Mikka - Pharma Hemp<\/title>\n<meta name=\"description\" content=\"Krema za lice od konoplje s CBD-om Mikka s kolagenom i hijaluronskom kiselinom hidratizira, smanjuje znakove starenja, pove\u0107ava elasti\u010dnost i uklanja mrlje za blistav ten.\" \/>\n<meta name=\"robots\" content=\"index, follow, max-snippet:-1, max-image-preview:large, max-video-preview:-1\" \/>\n<link rel=\"canonical\" href=\"https:\/\/pharma-hemp.com\/hr\/shop\/mikka-kolagen-dnevna-krema\/\" \/>\n<meta property=\"og:locale\" content=\"hr_HR\" \/>\n<meta property=\"og:type\" content=\"article\" \/>\n<meta property=\"og:title\" content=\"CBD krema za lice od konoplje kolagen Mikka - Pharma Hemp\" \/>\n<meta property=\"og:description\" content=\"Krema za lice od konoplje s CBD-om Mikka s kolagenom i hijaluronskom kiselinom hidratizira, smanjuje znakove starenja, pove\u0107ava elasti\u010dnost i uklanja mrlje za blistav ten.\" \/>\n<meta property=\"og:url\" content=\"https:\/\/pharma-hemp.com\/hr\/shop\/mikka-kolagen-dnevna-krema\/\" \/>\n<meta property=\"og:site_name\" content=\"Pharma Hemp\" \/>\n<meta property=\"article:modified_time\" content=\"2026-04-08T08:15:56+00:00\" \/>\n<meta property=\"og:image\" content=\"https:\/\/pharma-hemp.com\/wp-content\/uploads\/2025\/05\/day-cream-1.png\" \/>\n\t<meta property=\"og:image:width\" content=\"600\" \/>\n\t<meta property=\"og:image:height\" content=\"600\" \/>\n\t<meta property=\"og:image:type\" content=\"image\/png\" \/>\n<meta name=\"twitter:card\" content=\"summary_large_image\" \/>\n<meta name=\"twitter:label1\" content=\"Procijenjeno vrijeme \u010ditanja\" \/>\n\t<meta name=\"twitter:data1\" content=\"1 minuta\" \/>\n<script type=\"application\/ld+json\" class=\"yoast-schema-graph\">{\"@context\":\"https:\\\/\\\/schema.org\",\"@graph\":[{\"@type\":\"WebPage\",\"@id\":\"https:\\\/\\\/pharma-hemp.com\\\/hr\\\/shop\\\/mikka-kolagen-dnevna-krema\\\/\",\"url\":\"https:\\\/\\\/pharma-hemp.com\\\/hr\\\/shop\\\/mikka-kolagen-dnevna-krema\\\/\",\"name\":\"CBD krema za lice od konoplje kolagen Mikka - Pharma Hemp\",\"isPartOf\":{\"@id\":\"https:\\\/\\\/pharma-hemp.com\\\/hr\\\/#website\"},\"primaryImageOfPage\":{\"@id\":\"https:\\\/\\\/pharma-hemp.com\\\/hr\\\/shop\\\/mikka-kolagen-dnevna-krema\\\/#primaryimage\"},\"image\":{\"@id\":\"https:\\\/\\\/pharma-hemp.com\\\/hr\\\/shop\\\/mikka-kolagen-dnevna-krema\\\/#primaryimage\"},\"thumbnailUrl\":\"https:\\\/\\\/pharma-hemp.com\\\/wp-content\\\/uploads\\\/2025\\\/05\\\/day-cream-1.png\",\"datePublished\":\"2025-04-30T08:21:25+00:00\",\"dateModified\":\"2026-04-08T08:15:56+00:00\",\"description\":\"Krema za lice od konoplje s CBD-om Mikka s kolagenom i hijaluronskom kiselinom hidratizira, smanjuje znakove starenja, pove\u0107ava elasti\u010dnost i uklanja mrlje za blistav ten.\",\"breadcrumb\":{\"@id\":\"https:\\\/\\\/pharma-hemp.com\\\/hr\\\/shop\\\/mikka-kolagen-dnevna-krema\\\/#breadcrumb\"},\"inLanguage\":\"hr\",\"potentialAction\":[{\"@type\":\"ReadAction\",\"target\":[\"https:\\\/\\\/pharma-hemp.com\\\/hr\\\/shop\\\/mikka-kolagen-dnevna-krema\\\/\"]}]},{\"@type\":\"ImageObject\",\"inLanguage\":\"hr\",\"@id\":\"https:\\\/\\\/pharma-hemp.com\\\/hr\\\/shop\\\/mikka-kolagen-dnevna-krema\\\/#primaryimage\",\"url\":\"https:\\\/\\\/pharma-hemp.com\\\/wp-content\\\/uploads\\\/2025\\\/05\\\/day-cream-1.png\",\"contentUrl\":\"https:\\\/\\\/pharma-hemp.com\\\/wp-content\\\/uploads\\\/2025\\\/05\\\/day-cream-1.png\",\"width\":600,\"height\":600},{\"@type\":\"BreadcrumbList\",\"@id\":\"https:\\\/\\\/pharma-hemp.com\\\/hr\\\/shop\\\/mikka-kolagen-dnevna-krema\\\/#breadcrumb\",\"itemListElement\":[{\"@type\":\"ListItem\",\"position\":1,\"name\":\"Home\",\"item\":\"https:\\\/\\\/pharma-hemp.com\\\/hr\\\/\"},{\"@type\":\"ListItem\",\"position\":2,\"name\":\"Shop\",\"item\":\"https:\\\/\\\/pharma-hemp.com\\\/hr\\\/shop\\\/\"},{\"@type\":\"ListItem\",\"position\":3,\"name\":\"Mikka kolagen dnevna krema\"}]},{\"@type\":\"WebSite\",\"@id\":\"https:\\\/\\\/pharma-hemp.com\\\/hr\\\/#website\",\"url\":\"https:\\\/\\\/pharma-hemp.com\\\/hr\\\/\",\"name\":\"Pharma Hemp\",\"description\":\"CBD store\",\"publisher\":{\"@id\":\"https:\\\/\\\/pharma-hemp.com\\\/hr\\\/#organization\"},\"potentialAction\":[{\"@type\":\"SearchAction\",\"target\":{\"@type\":\"EntryPoint\",\"urlTemplate\":\"https:\\\/\\\/pharma-hemp.com\\\/hr\\\/?s={search_term_string}\"},\"query-input\":{\"@type\":\"PropertyValueSpecification\",\"valueRequired\":true,\"valueName\":\"search_term_string\"}}],\"inLanguage\":\"hr\"},{\"@type\":\"Organization\",\"@id\":\"https:\\\/\\\/pharma-hemp.com\\\/hr\\\/#organization\",\"name\":\"PharmaHemp\",\"url\":\"https:\\\/\\\/pharma-hemp.com\\\/hr\\\/\",\"logo\":{\"@type\":\"ImageObject\",\"inLanguage\":\"hr\",\"@id\":\"https:\\\/\\\/pharma-hemp.com\\\/hr\\\/#\\\/schema\\\/logo\\\/image\\\/\",\"url\":\"https:\\\/\\\/pharma-hemp.com\\\/wp-content\\\/uploads\\\/2025\\\/04\\\/Pharma-Hemp-logo_crn-1.png\",\"contentUrl\":\"https:\\\/\\\/pharma-hemp.com\\\/wp-content\\\/uploads\\\/2025\\\/04\\\/Pharma-Hemp-logo_crn-1.png\",\"width\":200,\"height\":44,\"caption\":\"PharmaHemp\"},\"image\":{\"@id\":\"https:\\\/\\\/pharma-hemp.com\\\/hr\\\/#\\\/schema\\\/logo\\\/image\\\/\"}}]}<\/script>\n<!-- \/ Yoast SEO plugin. -->","yoast_head_json":{"title":"CBD krema za lice od konoplje kolagen Mikka - Pharma Hemp","description":"Krema za lice od konoplje s CBD-om Mikka s kolagenom i hijaluronskom kiselinom hidratizira, smanjuje znakove starenja, pove\u0107ava elasti\u010dnost i uklanja mrlje za blistav ten.","robots":{"index":"index","follow":"follow","max-snippet":"max-snippet:-1","max-image-preview":"max-image-preview:large","max-video-preview":"max-video-preview:-1"},"canonical":"https:\/\/pharma-hemp.com\/hr\/shop\/mikka-kolagen-dnevna-krema\/","og_locale":"hr_HR","og_type":"article","og_title":"CBD krema za lice od konoplje kolagen Mikka - Pharma Hemp","og_description":"Krema za lice od konoplje s CBD-om Mikka s kolagenom i hijaluronskom kiselinom hidratizira, smanjuje znakove starenja, pove\u0107ava elasti\u010dnost i uklanja mrlje za blistav ten.","og_url":"https:\/\/pharma-hemp.com\/hr\/shop\/mikka-kolagen-dnevna-krema\/","og_site_name":"Pharma Hemp","article_modified_time":"2026-04-08T08:15:56+00:00","og_image":[{"width":600,"height":600,"url":"https:\/\/pharma-hemp.com\/wp-content\/uploads\/2025\/05\/day-cream-1.png","type":"image\/png"}],"twitter_card":"summary_large_image","twitter_misc":{"Procijenjeno vrijeme \u010ditanja":"1 minuta"},"schema":{"@context":"https:\/\/schema.org","@graph":[{"@type":"WebPage","@id":"https:\/\/pharma-hemp.com\/hr\/shop\/mikka-kolagen-dnevna-krema\/","url":"https:\/\/pharma-hemp.com\/hr\/shop\/mikka-kolagen-dnevna-krema\/","name":"CBD krema za lice od konoplje kolagen Mikka - Pharma Hemp","isPartOf":{"@id":"https:\/\/pharma-hemp.com\/hr\/#website"},"primaryImageOfPage":{"@id":"https:\/\/pharma-hemp.com\/hr\/shop\/mikka-kolagen-dnevna-krema\/#primaryimage"},"image":{"@id":"https:\/\/pharma-hemp.com\/hr\/shop\/mikka-kolagen-dnevna-krema\/#primaryimage"},"thumbnailUrl":"https:\/\/pharma-hemp.com\/wp-content\/uploads\/2025\/05\/day-cream-1.png","datePublished":"2025-04-30T08:21:25+00:00","dateModified":"2026-04-08T08:15:56+00:00","description":"Krema za lice od konoplje s CBD-om Mikka s kolagenom i hijaluronskom kiselinom hidratizira, smanjuje znakove starenja, pove\u0107ava elasti\u010dnost i uklanja mrlje za blistav ten.","breadcrumb":{"@id":"https:\/\/pharma-hemp.com\/hr\/shop\/mikka-kolagen-dnevna-krema\/#breadcrumb"},"inLanguage":"hr","potentialAction":[{"@type":"ReadAction","target":["https:\/\/pharma-hemp.com\/hr\/shop\/mikka-kolagen-dnevna-krema\/"]}]},{"@type":"ImageObject","inLanguage":"hr","@id":"https:\/\/pharma-hemp.com\/hr\/shop\/mikka-kolagen-dnevna-krema\/#primaryimage","url":"https:\/\/pharma-hemp.com\/wp-content\/uploads\/2025\/05\/day-cream-1.png","contentUrl":"https:\/\/pharma-hemp.com\/wp-content\/uploads\/2025\/05\/day-cream-1.png","width":600,"height":600},{"@type":"BreadcrumbList","@id":"https:\/\/pharma-hemp.com\/hr\/shop\/mikka-kolagen-dnevna-krema\/#breadcrumb","itemListElement":[{"@type":"ListItem","position":1,"name":"Home","item":"https:\/\/pharma-hemp.com\/hr\/"},{"@type":"ListItem","position":2,"name":"Shop","item":"https:\/\/pharma-hemp.com\/hr\/shop\/"},{"@type":"ListItem","position":3,"name":"Mikka kolagen dnevna krema"}]},{"@type":"WebSite","@id":"https:\/\/pharma-hemp.com\/hr\/#website","url":"https:\/\/pharma-hemp.com\/hr\/","name":"Pharma Hemp","description":"CBD store","publisher":{"@id":"https:\/\/pharma-hemp.com\/hr\/#organization"},"potentialAction":[{"@type":"SearchAction","target":{"@type":"EntryPoint","urlTemplate":"https:\/\/pharma-hemp.com\/hr\/?s={search_term_string}"},"query-input":{"@type":"PropertyValueSpecification","valueRequired":true,"valueName":"search_term_string"}}],"inLanguage":"hr"},{"@type":"Organization","@id":"https:\/\/pharma-hemp.com\/hr\/#organization","name":"PharmaHemp","url":"https:\/\/pharma-hemp.com\/hr\/","logo":{"@type":"ImageObject","inLanguage":"hr","@id":"https:\/\/pharma-hemp.com\/hr\/#\/schema\/logo\/image\/","url":"https:\/\/pharma-hemp.com\/wp-content\/uploads\/2025\/04\/Pharma-Hemp-logo_crn-1.png","contentUrl":"https:\/\/pharma-hemp.com\/wp-content\/uploads\/2025\/04\/Pharma-Hemp-logo_crn-1.png","width":200,"height":44,"caption":"PharmaHemp"},"image":{"@id":"https:\/\/pharma-hemp.com\/hr\/#\/schema\/logo\/image\/"}}]}},"_links":{"self":[{"href":"https:\/\/pharma-hemp.com\/hr\/wp-json\/wp\/v2\/product\/568954","targetHints":{"allow":["GET"]}}],"collection":[{"href":"https:\/\/pharma-hemp.com\/hr\/wp-json\/wp\/v2\/product"}],"about":[{"href":"https:\/\/pharma-hemp.com\/hr\/wp-json\/wp\/v2\/types\/product"}],"wp:featuredmedia":[{"embeddable":true,"href":"https:\/\/pharma-hemp.com\/hr\/wp-json\/wp\/v2\/media\/568968"}],"wp:attachment":[{"href":"https:\/\/pharma-hemp.com\/hr\/wp-json\/wp\/v2\/media?parent=568954"}],"wp:term":[{"taxonomy":"product_brand","embeddable":true,"href":"https:\/\/pharma-hemp.com\/hr\/wp-json\/wp\/v2\/product_brand?post=568954"},{"taxonomy":"product_cat","embeddable":true,"href":"https:\/\/pharma-hemp.com\/hr\/wp-json\/wp\/v2\/product_cat?post=568954"},{"taxonomy":"product_tag","embeddable":true,"href":"https:\/\/pharma-hemp.com\/hr\/wp-json\/wp\/v2\/product_tag?post=568954"}],"curies":[{"name":"wp","href":"https:\/\/api.w.org\/{rel}","templated":true}]}}