{"id":568873,"date":"2025-04-29T08:47:39","date_gmt":"2025-04-29T06:47:39","guid":{"rendered":"https:\/\/pharma-hemp.com\/shop\/phix-kapi-za-fokus\/"},"modified":"2026-04-07T13:59:53","modified_gmt":"2026-04-07T11:59:53","slug":"phix-kapi-za-fokus","status":"publish","type":"product","link":"https:\/\/pharma-hemp.com\/hr\/shop\/phix-kapi-za-fokus\/","title":{"rendered":"PHIX Focus kapi"},"content":{"rendered":"","protected":false},"excerpt":{"rendered":"<p><span style=\"font-weight: 400;\">Za situacije kada vam je um raspr\u0161en, a popis obaveza pretrpan. PHIX FOCUS je va\u0161 izbor za jasno\u0107u i koncentraciju, poma\u017eu\u0107i vam da izo\u0161trite pa\u017enju i ostanete mentalno agilni. <\/span><\/p>\n","protected":false},"featured_media":568906,"template":"","meta":[],"product_brand":[],"product_cat":[242,326,246,255,239],"product_tag":[949,974,973,967,951,969,972,971,968,970],"class_list":{"0":"post-568873","1":"product","2":"type-product","3":"status-publish","4":"has-post-thumbnail","6":"product_cat-kapi","7":"product_cat-kapi-box","8":"product_cat-kupujte-po-marki","9":"product_cat-phix-hr","10":"product_cat-um","11":"product_tag-cbd-kapi","12":"product_tag-fokus","13":"product_tag-koncentracija","14":"product_tag-mentalna-magla","15":"product_tag-mentalni-umor","16":"product_tag-niska-produktivnost","17":"product_tag-prokrastinacija","18":"product_tag-rastrojen-um","19":"product_tag-slabo-pamcenje","20":"product_tag-teskoce-s-koncentracijom","22":"first","23":"instock","24":"shipping-taxable","25":"purchasable","26":"product-type-simple"},"acf":{"konfigurator_product_name":"","konfigurator_product_description":"","konfigurator_product_image_url":""},"yoast_head":"<!-- This site is optimized with the Yoast SEO plugin v27.3 - https:\/\/yoast.com\/product\/yoast-seo-wordpress\/ -->\n<title>PHIX Focus CBD kapi - Pharma Hemp<\/title>\n<meta name=\"description\" content=\"PHIX Focus CBD kapi pobolj\u0161avaju fokus i mentalnu jasno\u0107u, podr\u017eavaju kognitivne funkcije i pam\u0107enje te poma\u017eu u odr\u017eavanju produktivnosti tijekom dana.\" \/>\n<meta name=\"robots\" content=\"index, follow, max-snippet:-1, max-image-preview:large, max-video-preview:-1\" \/>\n<link rel=\"canonical\" href=\"https:\/\/pharma-hemp.com\/hr\/shop\/phix-kapi-za-fokus\/\" \/>\n<meta property=\"og:locale\" content=\"hr_HR\" \/>\n<meta property=\"og:type\" content=\"article\" \/>\n<meta property=\"og:title\" content=\"PHIX Focus CBD kapi - Pharma Hemp\" \/>\n<meta property=\"og:description\" content=\"PHIX Focus CBD kapi pobolj\u0161avaju fokus i mentalnu jasno\u0107u, podr\u017eavaju kognitivne funkcije i pam\u0107enje te poma\u017eu u odr\u017eavanju produktivnosti tijekom dana.\" \/>\n<meta property=\"og:url\" content=\"https:\/\/pharma-hemp.com\/hr\/shop\/phix-kapi-za-fokus\/\" \/>\n<meta property=\"og:site_name\" content=\"Pharma Hemp\" \/>\n<meta property=\"article:modified_time\" content=\"2026-04-07T11:59:53+00:00\" \/>\n<meta property=\"og:image\" content=\"https:\/\/pharma-hemp.com\/wp-content\/uploads\/2025\/05\/focus-1.png\" \/>\n\t<meta property=\"og:image:width\" content=\"600\" \/>\n\t<meta property=\"og:image:height\" content=\"600\" \/>\n\t<meta property=\"og:image:type\" content=\"image\/png\" \/>\n<meta name=\"twitter:card\" content=\"summary_large_image\" \/>\n<meta name=\"twitter:label1\" content=\"Procijenjeno vrijeme \u010ditanja\" \/>\n\t<meta name=\"twitter:data1\" content=\"1 minuta\" \/>\n<script type=\"application\/ld+json\" class=\"yoast-schema-graph\">{\"@context\":\"https:\\\/\\\/schema.org\",\"@graph\":[{\"@type\":\"WebPage\",\"@id\":\"https:\\\/\\\/pharma-hemp.com\\\/hr\\\/shop\\\/phix-kapi-za-fokus\\\/\",\"url\":\"https:\\\/\\\/pharma-hemp.com\\\/hr\\\/shop\\\/phix-kapi-za-fokus\\\/\",\"name\":\"PHIX Focus CBD kapi - Pharma Hemp\",\"isPartOf\":{\"@id\":\"https:\\\/\\\/pharma-hemp.com\\\/hr\\\/#website\"},\"primaryImageOfPage\":{\"@id\":\"https:\\\/\\\/pharma-hemp.com\\\/hr\\\/shop\\\/phix-kapi-za-fokus\\\/#primaryimage\"},\"image\":{\"@id\":\"https:\\\/\\\/pharma-hemp.com\\\/hr\\\/shop\\\/phix-kapi-za-fokus\\\/#primaryimage\"},\"thumbnailUrl\":\"https:\\\/\\\/pharma-hemp.com\\\/wp-content\\\/uploads\\\/2025\\\/05\\\/focus-1.png\",\"datePublished\":\"2025-04-29T06:47:39+00:00\",\"dateModified\":\"2026-04-07T11:59:53+00:00\",\"description\":\"PHIX Focus CBD kapi pobolj\u0161avaju fokus i mentalnu jasno\u0107u, podr\u017eavaju kognitivne funkcije i pam\u0107enje te poma\u017eu u odr\u017eavanju produktivnosti tijekom dana.\",\"breadcrumb\":{\"@id\":\"https:\\\/\\\/pharma-hemp.com\\\/hr\\\/shop\\\/phix-kapi-za-fokus\\\/#breadcrumb\"},\"inLanguage\":\"hr\",\"potentialAction\":[{\"@type\":\"ReadAction\",\"target\":[\"https:\\\/\\\/pharma-hemp.com\\\/hr\\\/shop\\\/phix-kapi-za-fokus\\\/\"]}]},{\"@type\":\"ImageObject\",\"inLanguage\":\"hr\",\"@id\":\"https:\\\/\\\/pharma-hemp.com\\\/hr\\\/shop\\\/phix-kapi-za-fokus\\\/#primaryimage\",\"url\":\"https:\\\/\\\/pharma-hemp.com\\\/wp-content\\\/uploads\\\/2025\\\/05\\\/focus-1.png\",\"contentUrl\":\"https:\\\/\\\/pharma-hemp.com\\\/wp-content\\\/uploads\\\/2025\\\/05\\\/focus-1.png\",\"width\":600,\"height\":600},{\"@type\":\"BreadcrumbList\",\"@id\":\"https:\\\/\\\/pharma-hemp.com\\\/hr\\\/shop\\\/phix-kapi-za-fokus\\\/#breadcrumb\",\"itemListElement\":[{\"@type\":\"ListItem\",\"position\":1,\"name\":\"Home\",\"item\":\"https:\\\/\\\/pharma-hemp.com\\\/hr\\\/\"},{\"@type\":\"ListItem\",\"position\":2,\"name\":\"Shop\",\"item\":\"https:\\\/\\\/pharma-hemp.com\\\/hr\\\/shop\\\/\"},{\"@type\":\"ListItem\",\"position\":3,\"name\":\"PHIX Focus kapi\"}]},{\"@type\":\"WebSite\",\"@id\":\"https:\\\/\\\/pharma-hemp.com\\\/hr\\\/#website\",\"url\":\"https:\\\/\\\/pharma-hemp.com\\\/hr\\\/\",\"name\":\"Pharma Hemp\",\"description\":\"CBD store\",\"publisher\":{\"@id\":\"https:\\\/\\\/pharma-hemp.com\\\/hr\\\/#organization\"},\"potentialAction\":[{\"@type\":\"SearchAction\",\"target\":{\"@type\":\"EntryPoint\",\"urlTemplate\":\"https:\\\/\\\/pharma-hemp.com\\\/hr\\\/?s={search_term_string}\"},\"query-input\":{\"@type\":\"PropertyValueSpecification\",\"valueRequired\":true,\"valueName\":\"search_term_string\"}}],\"inLanguage\":\"hr\"},{\"@type\":\"Organization\",\"@id\":\"https:\\\/\\\/pharma-hemp.com\\\/hr\\\/#organization\",\"name\":\"PharmaHemp\",\"url\":\"https:\\\/\\\/pharma-hemp.com\\\/hr\\\/\",\"logo\":{\"@type\":\"ImageObject\",\"inLanguage\":\"hr\",\"@id\":\"https:\\\/\\\/pharma-hemp.com\\\/hr\\\/#\\\/schema\\\/logo\\\/image\\\/\",\"url\":\"https:\\\/\\\/pharma-hemp.com\\\/wp-content\\\/uploads\\\/2025\\\/04\\\/Pharma-Hemp-logo_crn-1.png\",\"contentUrl\":\"https:\\\/\\\/pharma-hemp.com\\\/wp-content\\\/uploads\\\/2025\\\/04\\\/Pharma-Hemp-logo_crn-1.png\",\"width\":200,\"height\":44,\"caption\":\"PharmaHemp\"},\"image\":{\"@id\":\"https:\\\/\\\/pharma-hemp.com\\\/hr\\\/#\\\/schema\\\/logo\\\/image\\\/\"}}]}<\/script>\n<!-- \/ Yoast SEO plugin. -->","yoast_head_json":{"title":"PHIX Focus CBD kapi - Pharma Hemp","description":"PHIX Focus CBD kapi pobolj\u0161avaju fokus i mentalnu jasno\u0107u, podr\u017eavaju kognitivne funkcije i pam\u0107enje te poma\u017eu u odr\u017eavanju produktivnosti tijekom dana.","robots":{"index":"index","follow":"follow","max-snippet":"max-snippet:-1","max-image-preview":"max-image-preview:large","max-video-preview":"max-video-preview:-1"},"canonical":"https:\/\/pharma-hemp.com\/hr\/shop\/phix-kapi-za-fokus\/","og_locale":"hr_HR","og_type":"article","og_title":"PHIX Focus CBD kapi - Pharma Hemp","og_description":"PHIX Focus CBD kapi pobolj\u0161avaju fokus i mentalnu jasno\u0107u, podr\u017eavaju kognitivne funkcije i pam\u0107enje te poma\u017eu u odr\u017eavanju produktivnosti tijekom dana.","og_url":"https:\/\/pharma-hemp.com\/hr\/shop\/phix-kapi-za-fokus\/","og_site_name":"Pharma Hemp","article_modified_time":"2026-04-07T11:59:53+00:00","og_image":[{"width":600,"height":600,"url":"https:\/\/pharma-hemp.com\/wp-content\/uploads\/2025\/05\/focus-1.png","type":"image\/png"}],"twitter_card":"summary_large_image","twitter_misc":{"Procijenjeno vrijeme \u010ditanja":"1 minuta"},"schema":{"@context":"https:\/\/schema.org","@graph":[{"@type":"WebPage","@id":"https:\/\/pharma-hemp.com\/hr\/shop\/phix-kapi-za-fokus\/","url":"https:\/\/pharma-hemp.com\/hr\/shop\/phix-kapi-za-fokus\/","name":"PHIX Focus CBD kapi - Pharma Hemp","isPartOf":{"@id":"https:\/\/pharma-hemp.com\/hr\/#website"},"primaryImageOfPage":{"@id":"https:\/\/pharma-hemp.com\/hr\/shop\/phix-kapi-za-fokus\/#primaryimage"},"image":{"@id":"https:\/\/pharma-hemp.com\/hr\/shop\/phix-kapi-za-fokus\/#primaryimage"},"thumbnailUrl":"https:\/\/pharma-hemp.com\/wp-content\/uploads\/2025\/05\/focus-1.png","datePublished":"2025-04-29T06:47:39+00:00","dateModified":"2026-04-07T11:59:53+00:00","description":"PHIX Focus CBD kapi pobolj\u0161avaju fokus i mentalnu jasno\u0107u, podr\u017eavaju kognitivne funkcije i pam\u0107enje te poma\u017eu u odr\u017eavanju produktivnosti tijekom dana.","breadcrumb":{"@id":"https:\/\/pharma-hemp.com\/hr\/shop\/phix-kapi-za-fokus\/#breadcrumb"},"inLanguage":"hr","potentialAction":[{"@type":"ReadAction","target":["https:\/\/pharma-hemp.com\/hr\/shop\/phix-kapi-za-fokus\/"]}]},{"@type":"ImageObject","inLanguage":"hr","@id":"https:\/\/pharma-hemp.com\/hr\/shop\/phix-kapi-za-fokus\/#primaryimage","url":"https:\/\/pharma-hemp.com\/wp-content\/uploads\/2025\/05\/focus-1.png","contentUrl":"https:\/\/pharma-hemp.com\/wp-content\/uploads\/2025\/05\/focus-1.png","width":600,"height":600},{"@type":"BreadcrumbList","@id":"https:\/\/pharma-hemp.com\/hr\/shop\/phix-kapi-za-fokus\/#breadcrumb","itemListElement":[{"@type":"ListItem","position":1,"name":"Home","item":"https:\/\/pharma-hemp.com\/hr\/"},{"@type":"ListItem","position":2,"name":"Shop","item":"https:\/\/pharma-hemp.com\/hr\/shop\/"},{"@type":"ListItem","position":3,"name":"PHIX Focus kapi"}]},{"@type":"WebSite","@id":"https:\/\/pharma-hemp.com\/hr\/#website","url":"https:\/\/pharma-hemp.com\/hr\/","name":"Pharma Hemp","description":"CBD store","publisher":{"@id":"https:\/\/pharma-hemp.com\/hr\/#organization"},"potentialAction":[{"@type":"SearchAction","target":{"@type":"EntryPoint","urlTemplate":"https:\/\/pharma-hemp.com\/hr\/?s={search_term_string}"},"query-input":{"@type":"PropertyValueSpecification","valueRequired":true,"valueName":"search_term_string"}}],"inLanguage":"hr"},{"@type":"Organization","@id":"https:\/\/pharma-hemp.com\/hr\/#organization","name":"PharmaHemp","url":"https:\/\/pharma-hemp.com\/hr\/","logo":{"@type":"ImageObject","inLanguage":"hr","@id":"https:\/\/pharma-hemp.com\/hr\/#\/schema\/logo\/image\/","url":"https:\/\/pharma-hemp.com\/wp-content\/uploads\/2025\/04\/Pharma-Hemp-logo_crn-1.png","contentUrl":"https:\/\/pharma-hemp.com\/wp-content\/uploads\/2025\/04\/Pharma-Hemp-logo_crn-1.png","width":200,"height":44,"caption":"PharmaHemp"},"image":{"@id":"https:\/\/pharma-hemp.com\/hr\/#\/schema\/logo\/image\/"}}]}},"_links":{"self":[{"href":"https:\/\/pharma-hemp.com\/hr\/wp-json\/wp\/v2\/product\/568873","targetHints":{"allow":["GET"]}}],"collection":[{"href":"https:\/\/pharma-hemp.com\/hr\/wp-json\/wp\/v2\/product"}],"about":[{"href":"https:\/\/pharma-hemp.com\/hr\/wp-json\/wp\/v2\/types\/product"}],"wp:featuredmedia":[{"embeddable":true,"href":"https:\/\/pharma-hemp.com\/hr\/wp-json\/wp\/v2\/media\/568906"}],"wp:attachment":[{"href":"https:\/\/pharma-hemp.com\/hr\/wp-json\/wp\/v2\/media?parent=568873"}],"wp:term":[{"taxonomy":"product_brand","embeddable":true,"href":"https:\/\/pharma-hemp.com\/hr\/wp-json\/wp\/v2\/product_brand?post=568873"},{"taxonomy":"product_cat","embeddable":true,"href":"https:\/\/pharma-hemp.com\/hr\/wp-json\/wp\/v2\/product_cat?post=568873"},{"taxonomy":"product_tag","embeddable":true,"href":"https:\/\/pharma-hemp.com\/hr\/wp-json\/wp\/v2\/product_tag?post=568873"}],"curies":[{"name":"wp","href":"https:\/\/api.w.org\/{rel}","templated":true}]}}