{"id":568871,"date":"2025-04-29T10:28:03","date_gmt":"2025-04-29T09:28:03","guid":{"rendered":"https:\/\/pharma-hemp.com\/shop\/phix-pasta-za-terapiju\/"},"modified":"2026-03-03T13:59:09","modified_gmt":"2026-03-03T11:59:09","slug":"phix-pasta-za-terapiju","status":"publish","type":"product","link":"https:\/\/pharma-hemp.com\/hr\/shop\/phix-pasta-za-terapiju\/","title":{"rendered":"PHIX Therapy pasta"},"content":{"rendered":"","protected":false},"excerpt":{"rendered":"<p><span style=\"font-weight: 400;\">Za situacije kada va\u0161em tijelu treba dubinska obnova. PHIX THERAPY je visoko u\u010dinkovita formula osmi\u0161ljena za potporu oporavku iznutra, ciljaju\u0107i na upornu nelagodu i upalu. <\/span><\/p>\n","protected":false},"featured_media":568933,"template":"","meta":[],"product_brand":[],"product_cat":[246,254,256,255,277],"product_tag":[1106,259,1104,1102,1099,1105,1101,1103,1100],"class_list":{"0":"post-568871","1":"product","2":"type-product","3":"status-publish","4":"has-post-thumbnail","6":"product_cat-kupujte-po-marki","7":"product_cat-oporavak","8":"product_cat-paste-hr","9":"product_cat-phix-hr","10":"product_cat-superstars-cro","11":"product_tag-artritis","12":"product_tag-bol","13":"product_tag-cbd-pasta","14":"product_tag-cbg","15":"product_tag-kronicna-upala","16":"product_tag-misicna-napetost","17":"product_tag-nelagoda","18":"product_tag-osjetljivost","19":"product_tag-ukocenost-zglobova","21":"first","22":"instock","23":"shipping-taxable","24":"purchasable","25":"product-type-simple"},"acf":{"konfigurator_product_name":"","konfigurator_product_description":"","konfigurator_product_image_url":""},"yoast_head":"<!-- This site is optimized with the Yoast SEO plugin v27.3 - https:\/\/yoast.com\/product\/yoast-seo-wordpress\/ -->\n<title>CBD pasta PHIX Therapy - Pharma Hemp<\/title>\n<meta name=\"description\" content=\"CBD pasta PHIX Therapy poti\u010de ukupnu ravnote\u017eu tijela, podr\u017eava duboki oporavak i olak\u0161anje te pru\u017ea sna\u017enu podr\u0161ku cjelokupnom blagostanju.\" \/>\n<meta name=\"robots\" content=\"index, follow, max-snippet:-1, max-image-preview:large, max-video-preview:-1\" \/>\n<link rel=\"canonical\" href=\"https:\/\/pharma-hemp.com\/hr\/shop\/phix-pasta-za-terapiju\/\" \/>\n<meta property=\"og:locale\" content=\"hr_HR\" \/>\n<meta property=\"og:type\" content=\"article\" \/>\n<meta property=\"og:title\" content=\"CBD pasta PHIX Therapy - Pharma Hemp\" \/>\n<meta property=\"og:description\" content=\"CBD pasta PHIX Therapy poti\u010de ukupnu ravnote\u017eu tijela, podr\u017eava duboki oporavak i olak\u0161anje te pru\u017ea sna\u017enu podr\u0161ku cjelokupnom blagostanju.\" \/>\n<meta property=\"og:url\" content=\"https:\/\/pharma-hemp.com\/hr\/shop\/phix-pasta-za-terapiju\/\" \/>\n<meta property=\"og:site_name\" content=\"Pharma Hemp\" \/>\n<meta property=\"article:modified_time\" content=\"2026-03-03T11:59:09+00:00\" \/>\n<meta property=\"og:image\" content=\"https:\/\/pharma-hemp.com\/wp-content\/uploads\/2025\/05\/therapy-1.png\" \/>\n\t<meta property=\"og:image:width\" content=\"600\" \/>\n\t<meta property=\"og:image:height\" content=\"600\" \/>\n\t<meta property=\"og:image:type\" content=\"image\/png\" \/>\n<meta name=\"twitter:card\" content=\"summary_large_image\" \/>\n<meta name=\"twitter:label1\" content=\"Procijenjeno vrijeme \u010ditanja\" \/>\n\t<meta name=\"twitter:data1\" content=\"1 minuta\" \/>\n<script type=\"application\/ld+json\" class=\"yoast-schema-graph\">{\"@context\":\"https:\\\/\\\/schema.org\",\"@graph\":[{\"@type\":\"WebPage\",\"@id\":\"https:\\\/\\\/pharma-hemp.com\\\/hr\\\/shop\\\/phix-pasta-za-terapiju\\\/\",\"url\":\"https:\\\/\\\/pharma-hemp.com\\\/hr\\\/shop\\\/phix-pasta-za-terapiju\\\/\",\"name\":\"CBD pasta PHIX Therapy - Pharma Hemp\",\"isPartOf\":{\"@id\":\"https:\\\/\\\/pharma-hemp.com\\\/hr\\\/#website\"},\"primaryImageOfPage\":{\"@id\":\"https:\\\/\\\/pharma-hemp.com\\\/hr\\\/shop\\\/phix-pasta-za-terapiju\\\/#primaryimage\"},\"image\":{\"@id\":\"https:\\\/\\\/pharma-hemp.com\\\/hr\\\/shop\\\/phix-pasta-za-terapiju\\\/#primaryimage\"},\"thumbnailUrl\":\"https:\\\/\\\/pharma-hemp.com\\\/wp-content\\\/uploads\\\/2025\\\/05\\\/therapy-1.png\",\"datePublished\":\"2025-04-29T09:28:03+00:00\",\"dateModified\":\"2026-03-03T11:59:09+00:00\",\"description\":\"CBD pasta PHIX Therapy poti\u010de ukupnu ravnote\u017eu tijela, podr\u017eava duboki oporavak i olak\u0161anje te pru\u017ea sna\u017enu podr\u0161ku cjelokupnom blagostanju.\",\"breadcrumb\":{\"@id\":\"https:\\\/\\\/pharma-hemp.com\\\/hr\\\/shop\\\/phix-pasta-za-terapiju\\\/#breadcrumb\"},\"inLanguage\":\"hr\",\"potentialAction\":[{\"@type\":\"ReadAction\",\"target\":[\"https:\\\/\\\/pharma-hemp.com\\\/hr\\\/shop\\\/phix-pasta-za-terapiju\\\/\"]}]},{\"@type\":\"ImageObject\",\"inLanguage\":\"hr\",\"@id\":\"https:\\\/\\\/pharma-hemp.com\\\/hr\\\/shop\\\/phix-pasta-za-terapiju\\\/#primaryimage\",\"url\":\"https:\\\/\\\/pharma-hemp.com\\\/wp-content\\\/uploads\\\/2025\\\/05\\\/therapy-1.png\",\"contentUrl\":\"https:\\\/\\\/pharma-hemp.com\\\/wp-content\\\/uploads\\\/2025\\\/05\\\/therapy-1.png\",\"width\":600,\"height\":600},{\"@type\":\"BreadcrumbList\",\"@id\":\"https:\\\/\\\/pharma-hemp.com\\\/hr\\\/shop\\\/phix-pasta-za-terapiju\\\/#breadcrumb\",\"itemListElement\":[{\"@type\":\"ListItem\",\"position\":1,\"name\":\"Home\",\"item\":\"https:\\\/\\\/pharma-hemp.com\\\/hr\\\/\"},{\"@type\":\"ListItem\",\"position\":2,\"name\":\"Shop\",\"item\":\"https:\\\/\\\/pharma-hemp.com\\\/hr\\\/shop\\\/\"},{\"@type\":\"ListItem\",\"position\":3,\"name\":\"PHIX Therapy pasta\"}]},{\"@type\":\"WebSite\",\"@id\":\"https:\\\/\\\/pharma-hemp.com\\\/hr\\\/#website\",\"url\":\"https:\\\/\\\/pharma-hemp.com\\\/hr\\\/\",\"name\":\"Pharma Hemp\",\"description\":\"CBD store\",\"publisher\":{\"@id\":\"https:\\\/\\\/pharma-hemp.com\\\/hr\\\/#organization\"},\"potentialAction\":[{\"@type\":\"SearchAction\",\"target\":{\"@type\":\"EntryPoint\",\"urlTemplate\":\"https:\\\/\\\/pharma-hemp.com\\\/hr\\\/?s={search_term_string}\"},\"query-input\":{\"@type\":\"PropertyValueSpecification\",\"valueRequired\":true,\"valueName\":\"search_term_string\"}}],\"inLanguage\":\"hr\"},{\"@type\":\"Organization\",\"@id\":\"https:\\\/\\\/pharma-hemp.com\\\/hr\\\/#organization\",\"name\":\"PharmaHemp\",\"url\":\"https:\\\/\\\/pharma-hemp.com\\\/hr\\\/\",\"logo\":{\"@type\":\"ImageObject\",\"inLanguage\":\"hr\",\"@id\":\"https:\\\/\\\/pharma-hemp.com\\\/hr\\\/#\\\/schema\\\/logo\\\/image\\\/\",\"url\":\"https:\\\/\\\/pharma-hemp.com\\\/wp-content\\\/uploads\\\/2025\\\/04\\\/Pharma-Hemp-logo_crn-1.png\",\"contentUrl\":\"https:\\\/\\\/pharma-hemp.com\\\/wp-content\\\/uploads\\\/2025\\\/04\\\/Pharma-Hemp-logo_crn-1.png\",\"width\":200,\"height\":44,\"caption\":\"PharmaHemp\"},\"image\":{\"@id\":\"https:\\\/\\\/pharma-hemp.com\\\/hr\\\/#\\\/schema\\\/logo\\\/image\\\/\"}}]}<\/script>\n<!-- \/ Yoast SEO plugin. -->","yoast_head_json":{"title":"CBD pasta PHIX Therapy - Pharma Hemp","description":"CBD pasta PHIX Therapy poti\u010de ukupnu ravnote\u017eu tijela, podr\u017eava duboki oporavak i olak\u0161anje te pru\u017ea sna\u017enu podr\u0161ku cjelokupnom blagostanju.","robots":{"index":"index","follow":"follow","max-snippet":"max-snippet:-1","max-image-preview":"max-image-preview:large","max-video-preview":"max-video-preview:-1"},"canonical":"https:\/\/pharma-hemp.com\/hr\/shop\/phix-pasta-za-terapiju\/","og_locale":"hr_HR","og_type":"article","og_title":"CBD pasta PHIX Therapy - Pharma Hemp","og_description":"CBD pasta PHIX Therapy poti\u010de ukupnu ravnote\u017eu tijela, podr\u017eava duboki oporavak i olak\u0161anje te pru\u017ea sna\u017enu podr\u0161ku cjelokupnom blagostanju.","og_url":"https:\/\/pharma-hemp.com\/hr\/shop\/phix-pasta-za-terapiju\/","og_site_name":"Pharma Hemp","article_modified_time":"2026-03-03T11:59:09+00:00","og_image":[{"width":600,"height":600,"url":"https:\/\/pharma-hemp.com\/wp-content\/uploads\/2025\/05\/therapy-1.png","type":"image\/png"}],"twitter_card":"summary_large_image","twitter_misc":{"Procijenjeno vrijeme \u010ditanja":"1 minuta"},"schema":{"@context":"https:\/\/schema.org","@graph":[{"@type":"WebPage","@id":"https:\/\/pharma-hemp.com\/hr\/shop\/phix-pasta-za-terapiju\/","url":"https:\/\/pharma-hemp.com\/hr\/shop\/phix-pasta-za-terapiju\/","name":"CBD pasta PHIX Therapy - Pharma Hemp","isPartOf":{"@id":"https:\/\/pharma-hemp.com\/hr\/#website"},"primaryImageOfPage":{"@id":"https:\/\/pharma-hemp.com\/hr\/shop\/phix-pasta-za-terapiju\/#primaryimage"},"image":{"@id":"https:\/\/pharma-hemp.com\/hr\/shop\/phix-pasta-za-terapiju\/#primaryimage"},"thumbnailUrl":"https:\/\/pharma-hemp.com\/wp-content\/uploads\/2025\/05\/therapy-1.png","datePublished":"2025-04-29T09:28:03+00:00","dateModified":"2026-03-03T11:59:09+00:00","description":"CBD pasta PHIX Therapy poti\u010de ukupnu ravnote\u017eu tijela, podr\u017eava duboki oporavak i olak\u0161anje te pru\u017ea sna\u017enu podr\u0161ku cjelokupnom blagostanju.","breadcrumb":{"@id":"https:\/\/pharma-hemp.com\/hr\/shop\/phix-pasta-za-terapiju\/#breadcrumb"},"inLanguage":"hr","potentialAction":[{"@type":"ReadAction","target":["https:\/\/pharma-hemp.com\/hr\/shop\/phix-pasta-za-terapiju\/"]}]},{"@type":"ImageObject","inLanguage":"hr","@id":"https:\/\/pharma-hemp.com\/hr\/shop\/phix-pasta-za-terapiju\/#primaryimage","url":"https:\/\/pharma-hemp.com\/wp-content\/uploads\/2025\/05\/therapy-1.png","contentUrl":"https:\/\/pharma-hemp.com\/wp-content\/uploads\/2025\/05\/therapy-1.png","width":600,"height":600},{"@type":"BreadcrumbList","@id":"https:\/\/pharma-hemp.com\/hr\/shop\/phix-pasta-za-terapiju\/#breadcrumb","itemListElement":[{"@type":"ListItem","position":1,"name":"Home","item":"https:\/\/pharma-hemp.com\/hr\/"},{"@type":"ListItem","position":2,"name":"Shop","item":"https:\/\/pharma-hemp.com\/hr\/shop\/"},{"@type":"ListItem","position":3,"name":"PHIX Therapy pasta"}]},{"@type":"WebSite","@id":"https:\/\/pharma-hemp.com\/hr\/#website","url":"https:\/\/pharma-hemp.com\/hr\/","name":"Pharma Hemp","description":"CBD store","publisher":{"@id":"https:\/\/pharma-hemp.com\/hr\/#organization"},"potentialAction":[{"@type":"SearchAction","target":{"@type":"EntryPoint","urlTemplate":"https:\/\/pharma-hemp.com\/hr\/?s={search_term_string}"},"query-input":{"@type":"PropertyValueSpecification","valueRequired":true,"valueName":"search_term_string"}}],"inLanguage":"hr"},{"@type":"Organization","@id":"https:\/\/pharma-hemp.com\/hr\/#organization","name":"PharmaHemp","url":"https:\/\/pharma-hemp.com\/hr\/","logo":{"@type":"ImageObject","inLanguage":"hr","@id":"https:\/\/pharma-hemp.com\/hr\/#\/schema\/logo\/image\/","url":"https:\/\/pharma-hemp.com\/wp-content\/uploads\/2025\/04\/Pharma-Hemp-logo_crn-1.png","contentUrl":"https:\/\/pharma-hemp.com\/wp-content\/uploads\/2025\/04\/Pharma-Hemp-logo_crn-1.png","width":200,"height":44,"caption":"PharmaHemp"},"image":{"@id":"https:\/\/pharma-hemp.com\/hr\/#\/schema\/logo\/image\/"}}]}},"_links":{"self":[{"href":"https:\/\/pharma-hemp.com\/hr\/wp-json\/wp\/v2\/product\/568871","targetHints":{"allow":["GET"]}}],"collection":[{"href":"https:\/\/pharma-hemp.com\/hr\/wp-json\/wp\/v2\/product"}],"about":[{"href":"https:\/\/pharma-hemp.com\/hr\/wp-json\/wp\/v2\/types\/product"}],"wp:featuredmedia":[{"embeddable":true,"href":"https:\/\/pharma-hemp.com\/hr\/wp-json\/wp\/v2\/media\/568933"}],"wp:attachment":[{"href":"https:\/\/pharma-hemp.com\/hr\/wp-json\/wp\/v2\/media?parent=568871"}],"wp:term":[{"taxonomy":"product_brand","embeddable":true,"href":"https:\/\/pharma-hemp.com\/hr\/wp-json\/wp\/v2\/product_brand?post=568871"},{"taxonomy":"product_cat","embeddable":true,"href":"https:\/\/pharma-hemp.com\/hr\/wp-json\/wp\/v2\/product_cat?post=568871"},{"taxonomy":"product_tag","embeddable":true,"href":"https:\/\/pharma-hemp.com\/hr\/wp-json\/wp\/v2\/product_tag?post=568871"}],"curies":[{"name":"wp","href":"https:\/\/api.w.org\/{rel}","templated":true}]}}