{"id":568794,"date":"2025-05-06T08:48:32","date_gmt":"2025-05-06T06:48:32","guid":{"rendered":"https:\/\/pharma-hemp.com\/shop\/mycomix-immun-k-70g\/"},"modified":"2026-03-06T10:04:40","modified_gmt":"2026-03-06T08:04:40","slug":"mycomix-immun-k-70g","status":"publish","type":"product","link":"https:\/\/pharma-hemp.com\/hr\/shop\/mycomix-immun-k-70g\/","title":{"rendered":"MYCOMIX IMMUN K (70G)"},"content":{"rendered":"","protected":false},"excerpt":{"rendered":"<p>SUPER MJE\u0160AVINA ZA JA\u010cANJE IMUNITETA<\/p>\n<p><span style=\"font-weight: 400;\">Dodatak prehrani s gljivama punog spektra formuliran za ja\u010danje imunolo\u0161ke funkcije i borbu protiv umora.<\/span><\/p>\n","protected":false},"featured_media":568801,"template":"","meta":[],"product_brand":[],"product_cat":[279,238,240,241,239],"product_tag":[1715,1679,1029,1716,260,1681,1717,1024,1023,1676,996],"class_list":{"0":"post-568794","1":"product","2":"type-product","3":"status-publish","4":"has-post-thumbnail","6":"product_cat-chill-hr","7":"product_cat-druge-marke","8":"product_cat-imunitet","9":"product_cat-kapsule-hr","10":"product_cat-um","11":"product_tag-bolesti","12":"product_tag-gljive","13":"product_tag-gripa","14":"product_tag-imuniteta","15":"product_tag-kapi","16":"product_tag-kapsule","17":"product_tag-niska-otpornost","18":"product_tag-prehlada","19":"product_tag-slab-imunoloski-sustav","20":"product_tag-sporo-oporavak","21":"product_tag-umor","23":"first","24":"outofstock","25":"shipping-taxable","26":"purchasable","27":"product-type-simple"},"acf":{"konfigurator_product_name":"","konfigurator_product_description":"","konfigurator_product_image_url":""},"yoast_head":"<!-- This site is optimized with the Yoast SEO plugin v27.3 - https:\/\/yoast.com\/product\/yoast-seo-wordpress\/ -->\n<title>Kapsule od gljiva MYCOMIX IMMUN K (70G) - Pharma Hemp<\/title>\n<meta name=\"description\" content=\"Kapsule od gljiva MYCOMIX IMMUN K (70G) Pove\u0107ava energiju, izdr\u017eljivost i otpornost imunolo\u0161kog sustava. Ja\u010da imunolo\u0161ki odgovor i poti\u010de zdravlje srca.\" \/>\n<meta name=\"robots\" content=\"index, follow, max-snippet:-1, max-image-preview:large, max-video-preview:-1\" \/>\n<link rel=\"canonical\" href=\"https:\/\/pharma-hemp.com\/hr\/shop\/mycomix-immun-k-70g\/\" \/>\n<meta property=\"og:locale\" content=\"hr_HR\" \/>\n<meta property=\"og:type\" content=\"article\" \/>\n<meta property=\"og:title\" content=\"Kapsule od gljiva MYCOMIX IMMUN K (70G) - Pharma Hemp\" \/>\n<meta property=\"og:description\" content=\"Kapsule od gljiva MYCOMIX IMMUN K (70G) Pove\u0107ava energiju, izdr\u017eljivost i otpornost imunolo\u0161kog sustava. Ja\u010da imunolo\u0161ki odgovor i poti\u010de zdravlje srca.\" \/>\n<meta property=\"og:url\" content=\"https:\/\/pharma-hemp.com\/hr\/shop\/mycomix-immun-k-70g\/\" \/>\n<meta property=\"og:site_name\" content=\"Pharma Hemp\" \/>\n<meta property=\"article:modified_time\" content=\"2026-03-06T08:04:40+00:00\" \/>\n<meta property=\"og:image\" content=\"https:\/\/pharma-hemp.com\/wp-content\/uploads\/2025\/05\/MYXOMIX-IMMUN-K-70G_1.png\" \/>\n\t<meta property=\"og:image:width\" content=\"800\" \/>\n\t<meta property=\"og:image:height\" content=\"800\" \/>\n\t<meta property=\"og:image:type\" content=\"image\/png\" \/>\n<meta name=\"twitter:card\" content=\"summary_large_image\" \/>\n<meta name=\"twitter:label1\" content=\"Procijenjeno vrijeme \u010ditanja\" \/>\n\t<meta name=\"twitter:data1\" content=\"1 minuta\" \/>\n<script type=\"application\/ld+json\" class=\"yoast-schema-graph\">{\"@context\":\"https:\\\/\\\/schema.org\",\"@graph\":[{\"@type\":\"WebPage\",\"@id\":\"https:\\\/\\\/pharma-hemp.com\\\/hr\\\/shop\\\/mycomix-immun-k-70g\\\/\",\"url\":\"https:\\\/\\\/pharma-hemp.com\\\/hr\\\/shop\\\/mycomix-immun-k-70g\\\/\",\"name\":\"Kapsule od gljiva MYCOMIX IMMUN K (70G) - Pharma Hemp\",\"isPartOf\":{\"@id\":\"https:\\\/\\\/pharma-hemp.com\\\/hr\\\/#website\"},\"primaryImageOfPage\":{\"@id\":\"https:\\\/\\\/pharma-hemp.com\\\/hr\\\/shop\\\/mycomix-immun-k-70g\\\/#primaryimage\"},\"image\":{\"@id\":\"https:\\\/\\\/pharma-hemp.com\\\/hr\\\/shop\\\/mycomix-immun-k-70g\\\/#primaryimage\"},\"thumbnailUrl\":\"https:\\\/\\\/pharma-hemp.com\\\/wp-content\\\/uploads\\\/2025\\\/05\\\/MYXOMIX-IMMUN-K-70G_1.png\",\"datePublished\":\"2025-05-06T06:48:32+00:00\",\"dateModified\":\"2026-03-06T08:04:40+00:00\",\"description\":\"Kapsule od gljiva MYCOMIX IMMUN K (70G) Pove\u0107ava energiju, izdr\u017eljivost i otpornost imunolo\u0161kog sustava. Ja\u010da imunolo\u0161ki odgovor i poti\u010de zdravlje srca.\",\"breadcrumb\":{\"@id\":\"https:\\\/\\\/pharma-hemp.com\\\/hr\\\/shop\\\/mycomix-immun-k-70g\\\/#breadcrumb\"},\"inLanguage\":\"hr\",\"potentialAction\":[{\"@type\":\"ReadAction\",\"target\":[\"https:\\\/\\\/pharma-hemp.com\\\/hr\\\/shop\\\/mycomix-immun-k-70g\\\/\"]}]},{\"@type\":\"ImageObject\",\"inLanguage\":\"hr\",\"@id\":\"https:\\\/\\\/pharma-hemp.com\\\/hr\\\/shop\\\/mycomix-immun-k-70g\\\/#primaryimage\",\"url\":\"https:\\\/\\\/pharma-hemp.com\\\/wp-content\\\/uploads\\\/2025\\\/05\\\/MYXOMIX-IMMUN-K-70G_1.png\",\"contentUrl\":\"https:\\\/\\\/pharma-hemp.com\\\/wp-content\\\/uploads\\\/2025\\\/05\\\/MYXOMIX-IMMUN-K-70G_1.png\",\"width\":800,\"height\":800},{\"@type\":\"BreadcrumbList\",\"@id\":\"https:\\\/\\\/pharma-hemp.com\\\/hr\\\/shop\\\/mycomix-immun-k-70g\\\/#breadcrumb\",\"itemListElement\":[{\"@type\":\"ListItem\",\"position\":1,\"name\":\"Home\",\"item\":\"https:\\\/\\\/pharma-hemp.com\\\/hr\\\/\"},{\"@type\":\"ListItem\",\"position\":2,\"name\":\"Shop\",\"item\":\"https:\\\/\\\/pharma-hemp.com\\\/hr\\\/shop\\\/\"},{\"@type\":\"ListItem\",\"position\":3,\"name\":\"MYCOMIX IMMUN K (70G)\"}]},{\"@type\":\"WebSite\",\"@id\":\"https:\\\/\\\/pharma-hemp.com\\\/hr\\\/#website\",\"url\":\"https:\\\/\\\/pharma-hemp.com\\\/hr\\\/\",\"name\":\"Pharma Hemp\",\"description\":\"CBD store\",\"publisher\":{\"@id\":\"https:\\\/\\\/pharma-hemp.com\\\/hr\\\/#organization\"},\"potentialAction\":[{\"@type\":\"SearchAction\",\"target\":{\"@type\":\"EntryPoint\",\"urlTemplate\":\"https:\\\/\\\/pharma-hemp.com\\\/hr\\\/?s={search_term_string}\"},\"query-input\":{\"@type\":\"PropertyValueSpecification\",\"valueRequired\":true,\"valueName\":\"search_term_string\"}}],\"inLanguage\":\"hr\"},{\"@type\":\"Organization\",\"@id\":\"https:\\\/\\\/pharma-hemp.com\\\/hr\\\/#organization\",\"name\":\"PharmaHemp\",\"url\":\"https:\\\/\\\/pharma-hemp.com\\\/hr\\\/\",\"logo\":{\"@type\":\"ImageObject\",\"inLanguage\":\"hr\",\"@id\":\"https:\\\/\\\/pharma-hemp.com\\\/hr\\\/#\\\/schema\\\/logo\\\/image\\\/\",\"url\":\"https:\\\/\\\/pharma-hemp.com\\\/wp-content\\\/uploads\\\/2025\\\/04\\\/Pharma-Hemp-logo_crn-1.png\",\"contentUrl\":\"https:\\\/\\\/pharma-hemp.com\\\/wp-content\\\/uploads\\\/2025\\\/04\\\/Pharma-Hemp-logo_crn-1.png\",\"width\":200,\"height\":44,\"caption\":\"PharmaHemp\"},\"image\":{\"@id\":\"https:\\\/\\\/pharma-hemp.com\\\/hr\\\/#\\\/schema\\\/logo\\\/image\\\/\"}}]}<\/script>\n<!-- \/ Yoast SEO plugin. -->","yoast_head_json":{"title":"Kapsule od gljiva MYCOMIX IMMUN K (70G) - Pharma Hemp","description":"Kapsule od gljiva MYCOMIX IMMUN K (70G) Pove\u0107ava energiju, izdr\u017eljivost i otpornost imunolo\u0161kog sustava. Ja\u010da imunolo\u0161ki odgovor i poti\u010de zdravlje srca.","robots":{"index":"index","follow":"follow","max-snippet":"max-snippet:-1","max-image-preview":"max-image-preview:large","max-video-preview":"max-video-preview:-1"},"canonical":"https:\/\/pharma-hemp.com\/hr\/shop\/mycomix-immun-k-70g\/","og_locale":"hr_HR","og_type":"article","og_title":"Kapsule od gljiva MYCOMIX IMMUN K (70G) - Pharma Hemp","og_description":"Kapsule od gljiva MYCOMIX IMMUN K (70G) Pove\u0107ava energiju, izdr\u017eljivost i otpornost imunolo\u0161kog sustava. Ja\u010da imunolo\u0161ki odgovor i poti\u010de zdravlje srca.","og_url":"https:\/\/pharma-hemp.com\/hr\/shop\/mycomix-immun-k-70g\/","og_site_name":"Pharma Hemp","article_modified_time":"2026-03-06T08:04:40+00:00","og_image":[{"width":800,"height":800,"url":"https:\/\/pharma-hemp.com\/wp-content\/uploads\/2025\/05\/MYXOMIX-IMMUN-K-70G_1.png","type":"image\/png"}],"twitter_card":"summary_large_image","twitter_misc":{"Procijenjeno vrijeme \u010ditanja":"1 minuta"},"schema":{"@context":"https:\/\/schema.org","@graph":[{"@type":"WebPage","@id":"https:\/\/pharma-hemp.com\/hr\/shop\/mycomix-immun-k-70g\/","url":"https:\/\/pharma-hemp.com\/hr\/shop\/mycomix-immun-k-70g\/","name":"Kapsule od gljiva MYCOMIX IMMUN K (70G) - Pharma Hemp","isPartOf":{"@id":"https:\/\/pharma-hemp.com\/hr\/#website"},"primaryImageOfPage":{"@id":"https:\/\/pharma-hemp.com\/hr\/shop\/mycomix-immun-k-70g\/#primaryimage"},"image":{"@id":"https:\/\/pharma-hemp.com\/hr\/shop\/mycomix-immun-k-70g\/#primaryimage"},"thumbnailUrl":"https:\/\/pharma-hemp.com\/wp-content\/uploads\/2025\/05\/MYXOMIX-IMMUN-K-70G_1.png","datePublished":"2025-05-06T06:48:32+00:00","dateModified":"2026-03-06T08:04:40+00:00","description":"Kapsule od gljiva MYCOMIX IMMUN K (70G) Pove\u0107ava energiju, izdr\u017eljivost i otpornost imunolo\u0161kog sustava. Ja\u010da imunolo\u0161ki odgovor i poti\u010de zdravlje srca.","breadcrumb":{"@id":"https:\/\/pharma-hemp.com\/hr\/shop\/mycomix-immun-k-70g\/#breadcrumb"},"inLanguage":"hr","potentialAction":[{"@type":"ReadAction","target":["https:\/\/pharma-hemp.com\/hr\/shop\/mycomix-immun-k-70g\/"]}]},{"@type":"ImageObject","inLanguage":"hr","@id":"https:\/\/pharma-hemp.com\/hr\/shop\/mycomix-immun-k-70g\/#primaryimage","url":"https:\/\/pharma-hemp.com\/wp-content\/uploads\/2025\/05\/MYXOMIX-IMMUN-K-70G_1.png","contentUrl":"https:\/\/pharma-hemp.com\/wp-content\/uploads\/2025\/05\/MYXOMIX-IMMUN-K-70G_1.png","width":800,"height":800},{"@type":"BreadcrumbList","@id":"https:\/\/pharma-hemp.com\/hr\/shop\/mycomix-immun-k-70g\/#breadcrumb","itemListElement":[{"@type":"ListItem","position":1,"name":"Home","item":"https:\/\/pharma-hemp.com\/hr\/"},{"@type":"ListItem","position":2,"name":"Shop","item":"https:\/\/pharma-hemp.com\/hr\/shop\/"},{"@type":"ListItem","position":3,"name":"MYCOMIX IMMUN K (70G)"}]},{"@type":"WebSite","@id":"https:\/\/pharma-hemp.com\/hr\/#website","url":"https:\/\/pharma-hemp.com\/hr\/","name":"Pharma Hemp","description":"CBD store","publisher":{"@id":"https:\/\/pharma-hemp.com\/hr\/#organization"},"potentialAction":[{"@type":"SearchAction","target":{"@type":"EntryPoint","urlTemplate":"https:\/\/pharma-hemp.com\/hr\/?s={search_term_string}"},"query-input":{"@type":"PropertyValueSpecification","valueRequired":true,"valueName":"search_term_string"}}],"inLanguage":"hr"},{"@type":"Organization","@id":"https:\/\/pharma-hemp.com\/hr\/#organization","name":"PharmaHemp","url":"https:\/\/pharma-hemp.com\/hr\/","logo":{"@type":"ImageObject","inLanguage":"hr","@id":"https:\/\/pharma-hemp.com\/hr\/#\/schema\/logo\/image\/","url":"https:\/\/pharma-hemp.com\/wp-content\/uploads\/2025\/04\/Pharma-Hemp-logo_crn-1.png","contentUrl":"https:\/\/pharma-hemp.com\/wp-content\/uploads\/2025\/04\/Pharma-Hemp-logo_crn-1.png","width":200,"height":44,"caption":"PharmaHemp"},"image":{"@id":"https:\/\/pharma-hemp.com\/hr\/#\/schema\/logo\/image\/"}}]}},"_links":{"self":[{"href":"https:\/\/pharma-hemp.com\/hr\/wp-json\/wp\/v2\/product\/568794","targetHints":{"allow":["GET"]}}],"collection":[{"href":"https:\/\/pharma-hemp.com\/hr\/wp-json\/wp\/v2\/product"}],"about":[{"href":"https:\/\/pharma-hemp.com\/hr\/wp-json\/wp\/v2\/types\/product"}],"wp:featuredmedia":[{"embeddable":true,"href":"https:\/\/pharma-hemp.com\/hr\/wp-json\/wp\/v2\/media\/568801"}],"wp:attachment":[{"href":"https:\/\/pharma-hemp.com\/hr\/wp-json\/wp\/v2\/media?parent=568794"}],"wp:term":[{"taxonomy":"product_brand","embeddable":true,"href":"https:\/\/pharma-hemp.com\/hr\/wp-json\/wp\/v2\/product_brand?post=568794"},{"taxonomy":"product_cat","embeddable":true,"href":"https:\/\/pharma-hemp.com\/hr\/wp-json\/wp\/v2\/product_cat?post=568794"},{"taxonomy":"product_tag","embeddable":true,"href":"https:\/\/pharma-hemp.com\/hr\/wp-json\/wp\/v2\/product_tag?post=568794"}],"curies":[{"name":"wp","href":"https:\/\/api.w.org\/{rel}","templated":true}]}}