{"id":568786,"date":"2025-05-06T10:50:47","date_gmt":"2025-05-06T08:50:47","guid":{"rendered":"https:\/\/pharma-hemp.com\/shop\/galimmun-k-70-g\/"},"modified":"2026-03-06T10:20:22","modified_gmt":"2026-03-06T08:20:22","slug":"galimmun-k-70-g","status":"publish","type":"product","link":"https:\/\/pharma-hemp.com\/hr\/shop\/galimmun-k-70-g\/","title":{"rendered":"GALIMMUN K (70 g)"},"content":{"rendered":"","protected":false},"excerpt":{"rendered":"<p>JA\u010cANJE IMUNOLO\u0160KOG SUSTAVA<\/p>\n<p><span style=\"font-weight: 400;\">Mo\u0107na mje\u0161avina praha od gljiva osmi\u0161ljena za dugoro\u010dnu podr\u0161ku imunolo\u0161koj funkciji.<\/span><\/p>\n","protected":false},"featured_media":568789,"template":"","meta":[],"product_brand":[],"product_cat":[279,238,240,241],"product_tag":[1749,1748,1679,1000,1681,1747,1751,1750,1026,996],"class_list":{"0":"post-568786","1":"product","2":"type-product","3":"status-publish","4":"has-post-thumbnail","6":"product_cat-chill-hr","7":"product_cat-druge-marke","8":"product_cat-imunitet","9":"product_cat-kapsule-hr","10":"product_tag-ceste-bolesti","11":"product_tag-dugotrajni-stres","12":"product_tag-gljive","13":"product_tag-izgaranje","14":"product_tag-kapsule","15":"product_tag-neravnoteza-imuniteta","16":"product_tag-podrska-protiv-upala","17":"product_tag-sezonska-slabost","18":"product_tag-slab-imunitet","19":"product_tag-umor","21":"first","22":"instock","23":"shipping-taxable","24":"purchasable","25":"product-type-simple"},"acf":{"konfigurator_product_name":"","konfigurator_product_description":"","konfigurator_product_image_url":""},"yoast_head":"<!-- This site is optimized with the Yoast SEO plugin v27.3 - https:\/\/yoast.com\/product\/yoast-seo-wordpress\/ -->\n<title>Kapsule gljive reishi GALIMMUN K (70G)<\/title>\n<meta name=\"description\" content=\"Kapsule gljive reishi (ganoderma lucidum) GALIMMUN K (70G) s polisaharidima i triterpenima za podr\u0161ku imunitetu i smanjenje upale.\" \/>\n<meta name=\"robots\" content=\"index, follow, max-snippet:-1, max-image-preview:large, max-video-preview:-1\" \/>\n<link rel=\"canonical\" href=\"https:\/\/pharma-hemp.com\/hr\/shop\/galimmun-k-70-g\/\" \/>\n<meta property=\"og:locale\" content=\"hr_HR\" \/>\n<meta property=\"og:type\" content=\"article\" \/>\n<meta property=\"og:title\" content=\"Kapsule gljive reishi GALIMMUN K (70G)\" \/>\n<meta property=\"og:description\" content=\"Kapsule gljive reishi (ganoderma lucidum) GALIMMUN K (70G) s polisaharidima i triterpenima za podr\u0161ku imunitetu i smanjenje upale.\" \/>\n<meta property=\"og:url\" content=\"https:\/\/pharma-hemp.com\/hr\/shop\/galimmun-k-70-g\/\" \/>\n<meta property=\"og:site_name\" content=\"Pharma Hemp\" \/>\n<meta property=\"article:modified_time\" content=\"2026-03-06T08:20:22+00:00\" \/>\n<meta property=\"og:image\" content=\"https:\/\/pharma-hemp.com\/wp-content\/uploads\/2025\/05\/GALLIMMUN-K-70G.png\" \/>\n\t<meta property=\"og:image:width\" content=\"800\" \/>\n\t<meta property=\"og:image:height\" content=\"800\" \/>\n\t<meta property=\"og:image:type\" content=\"image\/png\" \/>\n<meta name=\"twitter:card\" content=\"summary_large_image\" \/>\n<meta name=\"twitter:label1\" content=\"Procijenjeno vrijeme \u010ditanja\" \/>\n\t<meta name=\"twitter:data1\" content=\"1 minuta\" \/>\n<script type=\"application\/ld+json\" class=\"yoast-schema-graph\">{\"@context\":\"https:\\\/\\\/schema.org\",\"@graph\":[{\"@type\":\"WebPage\",\"@id\":\"https:\\\/\\\/pharma-hemp.com\\\/hr\\\/shop\\\/galimmun-k-70-g\\\/\",\"url\":\"https:\\\/\\\/pharma-hemp.com\\\/hr\\\/shop\\\/galimmun-k-70-g\\\/\",\"name\":\"Kapsule gljive reishi GALIMMUN K (70G)\",\"isPartOf\":{\"@id\":\"https:\\\/\\\/pharma-hemp.com\\\/hr\\\/#website\"},\"primaryImageOfPage\":{\"@id\":\"https:\\\/\\\/pharma-hemp.com\\\/hr\\\/shop\\\/galimmun-k-70-g\\\/#primaryimage\"},\"image\":{\"@id\":\"https:\\\/\\\/pharma-hemp.com\\\/hr\\\/shop\\\/galimmun-k-70-g\\\/#primaryimage\"},\"thumbnailUrl\":\"https:\\\/\\\/pharma-hemp.com\\\/wp-content\\\/uploads\\\/2025\\\/05\\\/GALLIMMUN-K-70G.png\",\"datePublished\":\"2025-05-06T08:50:47+00:00\",\"dateModified\":\"2026-03-06T08:20:22+00:00\",\"description\":\"Kapsule gljive reishi (ganoderma lucidum) GALIMMUN K (70G) s polisaharidima i triterpenima za podr\u0161ku imunitetu i smanjenje upale.\",\"breadcrumb\":{\"@id\":\"https:\\\/\\\/pharma-hemp.com\\\/hr\\\/shop\\\/galimmun-k-70-g\\\/#breadcrumb\"},\"inLanguage\":\"hr\",\"potentialAction\":[{\"@type\":\"ReadAction\",\"target\":[\"https:\\\/\\\/pharma-hemp.com\\\/hr\\\/shop\\\/galimmun-k-70-g\\\/\"]}]},{\"@type\":\"ImageObject\",\"inLanguage\":\"hr\",\"@id\":\"https:\\\/\\\/pharma-hemp.com\\\/hr\\\/shop\\\/galimmun-k-70-g\\\/#primaryimage\",\"url\":\"https:\\\/\\\/pharma-hemp.com\\\/wp-content\\\/uploads\\\/2025\\\/05\\\/GALLIMMUN-K-70G.png\",\"contentUrl\":\"https:\\\/\\\/pharma-hemp.com\\\/wp-content\\\/uploads\\\/2025\\\/05\\\/GALLIMMUN-K-70G.png\",\"width\":800,\"height\":800},{\"@type\":\"BreadcrumbList\",\"@id\":\"https:\\\/\\\/pharma-hemp.com\\\/hr\\\/shop\\\/galimmun-k-70-g\\\/#breadcrumb\",\"itemListElement\":[{\"@type\":\"ListItem\",\"position\":1,\"name\":\"Home\",\"item\":\"https:\\\/\\\/pharma-hemp.com\\\/hr\\\/\"},{\"@type\":\"ListItem\",\"position\":2,\"name\":\"Shop\",\"item\":\"https:\\\/\\\/pharma-hemp.com\\\/hr\\\/shop\\\/\"},{\"@type\":\"ListItem\",\"position\":3,\"name\":\"GALIMMUN K (70 g)\"}]},{\"@type\":\"WebSite\",\"@id\":\"https:\\\/\\\/pharma-hemp.com\\\/hr\\\/#website\",\"url\":\"https:\\\/\\\/pharma-hemp.com\\\/hr\\\/\",\"name\":\"Pharma Hemp\",\"description\":\"CBD store\",\"publisher\":{\"@id\":\"https:\\\/\\\/pharma-hemp.com\\\/hr\\\/#organization\"},\"potentialAction\":[{\"@type\":\"SearchAction\",\"target\":{\"@type\":\"EntryPoint\",\"urlTemplate\":\"https:\\\/\\\/pharma-hemp.com\\\/hr\\\/?s={search_term_string}\"},\"query-input\":{\"@type\":\"PropertyValueSpecification\",\"valueRequired\":true,\"valueName\":\"search_term_string\"}}],\"inLanguage\":\"hr\"},{\"@type\":\"Organization\",\"@id\":\"https:\\\/\\\/pharma-hemp.com\\\/hr\\\/#organization\",\"name\":\"PharmaHemp\",\"url\":\"https:\\\/\\\/pharma-hemp.com\\\/hr\\\/\",\"logo\":{\"@type\":\"ImageObject\",\"inLanguage\":\"hr\",\"@id\":\"https:\\\/\\\/pharma-hemp.com\\\/hr\\\/#\\\/schema\\\/logo\\\/image\\\/\",\"url\":\"https:\\\/\\\/pharma-hemp.com\\\/wp-content\\\/uploads\\\/2025\\\/04\\\/Pharma-Hemp-logo_crn-1.png\",\"contentUrl\":\"https:\\\/\\\/pharma-hemp.com\\\/wp-content\\\/uploads\\\/2025\\\/04\\\/Pharma-Hemp-logo_crn-1.png\",\"width\":200,\"height\":44,\"caption\":\"PharmaHemp\"},\"image\":{\"@id\":\"https:\\\/\\\/pharma-hemp.com\\\/hr\\\/#\\\/schema\\\/logo\\\/image\\\/\"}}]}<\/script>\n<!-- \/ Yoast SEO plugin. -->","yoast_head_json":{"title":"Kapsule gljive reishi GALIMMUN K (70G)","description":"Kapsule gljive reishi (ganoderma lucidum) GALIMMUN K (70G) s polisaharidima i triterpenima za podr\u0161ku imunitetu i smanjenje upale.","robots":{"index":"index","follow":"follow","max-snippet":"max-snippet:-1","max-image-preview":"max-image-preview:large","max-video-preview":"max-video-preview:-1"},"canonical":"https:\/\/pharma-hemp.com\/hr\/shop\/galimmun-k-70-g\/","og_locale":"hr_HR","og_type":"article","og_title":"Kapsule gljive reishi GALIMMUN K (70G)","og_description":"Kapsule gljive reishi (ganoderma lucidum) GALIMMUN K (70G) s polisaharidima i triterpenima za podr\u0161ku imunitetu i smanjenje upale.","og_url":"https:\/\/pharma-hemp.com\/hr\/shop\/galimmun-k-70-g\/","og_site_name":"Pharma Hemp","article_modified_time":"2026-03-06T08:20:22+00:00","og_image":[{"width":800,"height":800,"url":"https:\/\/pharma-hemp.com\/wp-content\/uploads\/2025\/05\/GALLIMMUN-K-70G.png","type":"image\/png"}],"twitter_card":"summary_large_image","twitter_misc":{"Procijenjeno vrijeme \u010ditanja":"1 minuta"},"schema":{"@context":"https:\/\/schema.org","@graph":[{"@type":"WebPage","@id":"https:\/\/pharma-hemp.com\/hr\/shop\/galimmun-k-70-g\/","url":"https:\/\/pharma-hemp.com\/hr\/shop\/galimmun-k-70-g\/","name":"Kapsule gljive reishi GALIMMUN K (70G)","isPartOf":{"@id":"https:\/\/pharma-hemp.com\/hr\/#website"},"primaryImageOfPage":{"@id":"https:\/\/pharma-hemp.com\/hr\/shop\/galimmun-k-70-g\/#primaryimage"},"image":{"@id":"https:\/\/pharma-hemp.com\/hr\/shop\/galimmun-k-70-g\/#primaryimage"},"thumbnailUrl":"https:\/\/pharma-hemp.com\/wp-content\/uploads\/2025\/05\/GALLIMMUN-K-70G.png","datePublished":"2025-05-06T08:50:47+00:00","dateModified":"2026-03-06T08:20:22+00:00","description":"Kapsule gljive reishi (ganoderma lucidum) GALIMMUN K (70G) s polisaharidima i triterpenima za podr\u0161ku imunitetu i smanjenje upale.","breadcrumb":{"@id":"https:\/\/pharma-hemp.com\/hr\/shop\/galimmun-k-70-g\/#breadcrumb"},"inLanguage":"hr","potentialAction":[{"@type":"ReadAction","target":["https:\/\/pharma-hemp.com\/hr\/shop\/galimmun-k-70-g\/"]}]},{"@type":"ImageObject","inLanguage":"hr","@id":"https:\/\/pharma-hemp.com\/hr\/shop\/galimmun-k-70-g\/#primaryimage","url":"https:\/\/pharma-hemp.com\/wp-content\/uploads\/2025\/05\/GALLIMMUN-K-70G.png","contentUrl":"https:\/\/pharma-hemp.com\/wp-content\/uploads\/2025\/05\/GALLIMMUN-K-70G.png","width":800,"height":800},{"@type":"BreadcrumbList","@id":"https:\/\/pharma-hemp.com\/hr\/shop\/galimmun-k-70-g\/#breadcrumb","itemListElement":[{"@type":"ListItem","position":1,"name":"Home","item":"https:\/\/pharma-hemp.com\/hr\/"},{"@type":"ListItem","position":2,"name":"Shop","item":"https:\/\/pharma-hemp.com\/hr\/shop\/"},{"@type":"ListItem","position":3,"name":"GALIMMUN K (70 g)"}]},{"@type":"WebSite","@id":"https:\/\/pharma-hemp.com\/hr\/#website","url":"https:\/\/pharma-hemp.com\/hr\/","name":"Pharma Hemp","description":"CBD store","publisher":{"@id":"https:\/\/pharma-hemp.com\/hr\/#organization"},"potentialAction":[{"@type":"SearchAction","target":{"@type":"EntryPoint","urlTemplate":"https:\/\/pharma-hemp.com\/hr\/?s={search_term_string}"},"query-input":{"@type":"PropertyValueSpecification","valueRequired":true,"valueName":"search_term_string"}}],"inLanguage":"hr"},{"@type":"Organization","@id":"https:\/\/pharma-hemp.com\/hr\/#organization","name":"PharmaHemp","url":"https:\/\/pharma-hemp.com\/hr\/","logo":{"@type":"ImageObject","inLanguage":"hr","@id":"https:\/\/pharma-hemp.com\/hr\/#\/schema\/logo\/image\/","url":"https:\/\/pharma-hemp.com\/wp-content\/uploads\/2025\/04\/Pharma-Hemp-logo_crn-1.png","contentUrl":"https:\/\/pharma-hemp.com\/wp-content\/uploads\/2025\/04\/Pharma-Hemp-logo_crn-1.png","width":200,"height":44,"caption":"PharmaHemp"},"image":{"@id":"https:\/\/pharma-hemp.com\/hr\/#\/schema\/logo\/image\/"}}]}},"_links":{"self":[{"href":"https:\/\/pharma-hemp.com\/hr\/wp-json\/wp\/v2\/product\/568786","targetHints":{"allow":["GET"]}}],"collection":[{"href":"https:\/\/pharma-hemp.com\/hr\/wp-json\/wp\/v2\/product"}],"about":[{"href":"https:\/\/pharma-hemp.com\/hr\/wp-json\/wp\/v2\/types\/product"}],"wp:featuredmedia":[{"embeddable":true,"href":"https:\/\/pharma-hemp.com\/hr\/wp-json\/wp\/v2\/media\/568789"}],"wp:attachment":[{"href":"https:\/\/pharma-hemp.com\/hr\/wp-json\/wp\/v2\/media?parent=568786"}],"wp:term":[{"taxonomy":"product_brand","embeddable":true,"href":"https:\/\/pharma-hemp.com\/hr\/wp-json\/wp\/v2\/product_brand?post=568786"},{"taxonomy":"product_cat","embeddable":true,"href":"https:\/\/pharma-hemp.com\/hr\/wp-json\/wp\/v2\/product_cat?post=568786"},{"taxonomy":"product_tag","embeddable":true,"href":"https:\/\/pharma-hemp.com\/hr\/wp-json\/wp\/v2\/product_tag?post=568786"}],"curies":[{"name":"wp","href":"https:\/\/api.w.org\/{rel}","templated":true}]}}