{"id":4146,"date":"2025-04-28T21:50:14","date_gmt":"2025-04-28T19:50:14","guid":{"rendered":"https:\/\/pharma-hemp.com\/cesto-postavljana-pitanja\/"},"modified":"2026-02-15T23:15:12","modified_gmt":"2026-02-15T21:15:12","slug":"faq","status":"publish","type":"page","link":"https:\/\/pharma-hemp.com\/hr\/faq\/","title":{"rendered":"\u010cesto postavljana pitanja"},"content":{"rendered":"\n\t<section class=\"section has-parallax\" id=\"section_79505185\">\n\t\t<div class=\"section-bg fill\" data-parallax-container=\".section\" data-parallax-background data-parallax=\"-2\">\n\t\t\t<img decoding=\"async\" width=\"1945\" height=\"2125\" src=\"https:\/\/pharma-hemp.com\/wp-content\/uploads\/2025\/09\/Pharma-hemp-background-faq-3.png\" class=\"bg attachment- size-\" alt=\"\" \/>\t\t\t\t\t\t\n\t\t\t\n\n\t\t<\/div>\n\n\t\t\n\n\t\t<div class=\"section-content relative\">\n\t\t\t\n<div class=\"row\"  id=\"row-2042427945\">\n\n\t<div id=\"col-891309458\" class=\"col small-12 large-12\"  >\n\t\t\t\t<div class=\"col-inner\"  >\n\t\t\t\n\t\t\t\n\t<div id=\"text-3783873274\" class=\"text\">\n\t\t\n<h2 class=\"title\">Va\u0161a pitanja, odgovori<\/h2>\n\t\t\n<style>\n#text-3783873274 {\n  text-align: center;\n  color: rgb(0, 39, 85);\n}\n#text-3783873274 > * {\n  color: rgb(0, 39, 85);\n}\n<\/style>\n\t<\/div>\n\t\n<div class=\"row row-collapse align-center\"  id=\"row-1268456185\">\n\n\t<div id=\"col-1117963537\" class=\"col medium-10 small-11 large-10\"  >\n\t\t\t\t<div class=\"col-inner\"  >\n\t\t\t\n\t\t\t\n\t<div id=\"gap-1608332437\" class=\"gap-element clearfix\" style=\"display:block; height:auto;\">\n\t\t\n<style>\n#gap-1608332437 {\n  padding-top: 15px;\n}\n<\/style>\n\t<\/div>\n\t\n<div class=\"accordion\">\n\t<div id=\"accordion-1777595721\" class=\"accordion-item\">\n\t\t<a id=\"accordion-1777595721-label\" class=\"accordion-title plain\" href=\"#accordion-item-\u0160to-su-kanabinoidi?\" aria-expanded=\"false\" aria-controls=\"accordion-1777595721-content\">\n\t\t\t<button class=\"toggle\" aria-label=\"Toggle\"><i class=\"icon-angle-down\" aria-hidden=\"true\"><\/i><\/button>\n\t\t\t<span>\u0160to su kanabinoidi?<\/span>\n\t\t<\/a>\n\t\t<div id=\"accordion-1777595721-content\" class=\"accordion-inner\" aria-labelledby=\"accordion-1777595721-label\">\n\t\t\t\n\t<div id=\"text-1581748101\" class=\"text\">\n\t\t\n<p style=\"text-align: justify;\">Kanabinoidi su zvijezde biljke kanabisa, djeluju\u0107i sinkronizirano s endokanabinoidnim sustavom (ECS) va\u0161eg tijela kako bi odr\u017eali ravnote\u017eu. Velika imena? CBD (smirenost i ravnote\u017ea), CBG (fokus i jasno\u0107a), CBN (duboki san) i THC (onaj koji vas napu\u0161i &#8211; ne brinite, to \u0107emo izostaviti). Ovi spojevi poma\u017eu u regulaciji raspolo\u017eenja, boli, sna i imuniteta, \u0161to ih \u010dini bitnima za svakodnevno blagostanje.   <\/p>\n\t\t\n<style>\n#text-1581748101 {\n  text-align: left;\n}\n<\/style>\n\t<\/div>\n\t\n\t\t<\/div>\n\t<\/div>\n\t\n\t<div id=\"accordion-2790520251\" class=\"accordion-item\">\n\t\t<a id=\"accordion-2790520251-label\" class=\"accordion-title plain\" href=\"#accordion-item-ho\u0107e-li-me-cbd-(kanabidiol)-napu\u0161iti?\" aria-expanded=\"false\" aria-controls=\"accordion-2790520251-content\">\n\t\t\t<button class=\"toggle\" aria-label=\"Toggle\"><i class=\"icon-angle-down\" aria-hidden=\"true\"><\/i><\/button>\n\t\t\t<span>Ho\u0107e li me CBD (kanabidiol) napu\u0161iti?<\/span>\n\t\t<\/a>\n\t\t<div id=\"accordion-2790520251-content\" class=\"accordion-inner\" aria-labelledby=\"accordion-2790520251-label\">\n\t\t\t\n\t<div id=\"text-2533641376\" class=\"text\">\n\t\t\n<p style=\"text-align: justify;\"><strong>Ne.<\/strong>  CBD je opu\u0161taju\u0107i, bez ikakvog opu\u0161tanja. Za razliku od THC-a, ne smeta vam u glavi &#8211; samo vam poma\u017ee da se opustite, resetirate i prona\u0111ete ravnote\u017eu. <\/p>\n\t\t\n<style>\n#text-2533641376 {\n  text-align: left;\n}\n<\/style>\n\t<\/div>\n\t\n\t\t<\/div>\n\t<\/div>\n\t\n\t<div id=\"accordion-1355187407\" class=\"accordion-item\">\n\t\t<a id=\"accordion-1355187407-label\" class=\"accordion-title plain\" href=\"#accordion-item-koje-su-prednosti-cbd-a-(kanabidiola)?\" aria-expanded=\"false\" aria-controls=\"accordion-1355187407-content\">\n\t\t\t<button class=\"toggle\" aria-label=\"Toggle\"><i class=\"icon-angle-down\" aria-hidden=\"true\"><\/i><\/button>\n\t\t\t<span>Koje su prednosti CBD-a (kanabidiola)?<\/span>\n\t\t<\/a>\n\t\t<div id=\"accordion-1355187407-content\" class=\"accordion-inner\" aria-labelledby=\"accordion-1355187407-label\">\n\t\t\t\n\t<div id=\"text-1727420303\" class=\"text\">\n\t\t\n<p>Poznato je da CBD podr\u017eava:<\/p>\n<ul>\n<li><strong>Ubla\u017eavanje stresa i anksioznosti<\/strong> \u2013 Odr\u017eava um i tijelo mirnima.<\/li>\n<li><strong>Bolji san<\/strong> \u2013 Poti\u010de dubok i kvalitetan odmor.<\/li>\n<li><strong>Bol i upala<\/strong> \u2013 Ubla\u017eava nelagodu i poti\u010de oporavak.<\/li>\n<li><strong>Fokus i mentalna jasno\u0107a<\/strong> \u2013 Probija maglu u mozgu i pobolj\u0161ava koncentraciju.<\/li>\n<li><strong>Podr\u0161ka imunitetu<\/strong> \u2013 Ja\u010da prirodnu obranu tijela.<\/li>\n<\/ul>\n<p>Jednostavno. Mo\u0107no. Podr\u017eano prirodom.<\/p>\n\t\t\n<style>\n#text-1727420303 {\n  text-align: left;\n}\n<\/style>\n\t<\/div>\n\t\n\t\t<\/div>\n\t<\/div>\n\t\n\t<div id=\"accordion-907383935\" class=\"accordion-item\">\n\t\t<a id=\"accordion-907383935-label\" class=\"accordion-title plain\" href=\"#accordion-item-koliko-dugo-cbd-djeluje?\" aria-expanded=\"false\" aria-controls=\"accordion-907383935-content\">\n\t\t\t<button class=\"toggle\" aria-label=\"Toggle\"><i class=\"icon-angle-down\" aria-hidden=\"true\"><\/i><\/button>\n\t\t\t<span>Koliko dugo CBD djeluje?<\/span>\n\t\t<\/a>\n\t\t<div id=\"accordion-907383935-content\" class=\"accordion-inner\" aria-labelledby=\"accordion-907383935-label\">\n\t\t\t\n\t<div id=\"text-1017217906\" class=\"text\">\n\t\t\n<p style=\"text-align: justify;\">Vrijeme doziranja ovisi o tome kako ga uzimate. Evo detalja: <\/p>\n<ul>\n<li style=\"text-align: justify;\"><strong>CBD ulja<\/strong> (kapi ispod jezika) \u2013 <strong>Djeluje unutar 15-30 minuta<\/strong> i pru\u017ea brzo olak\u0161anje.<\/li>\n<li style=\"text-align: justify;\"><strong>CBD jestivi proizvodi<\/strong> (kapsule, gumeni bomboni) \u2013 <strong>Potrebno je 30-90 minuta<\/strong> da se potpuno apsorbiraju, ali u\u010dinci traju dulje.<\/li>\n<li style=\"text-align: justify;\"><strong>CBD topikalni pripravci<\/strong> (kreme, balzami, serumi) \u2013 <strong>Djeluju za 15-45 minuta<\/strong> upravo tamo gdje vam je potrebno.<\/li>\n<\/ul>\n\t\t\n<style>\n#text-1017217906 {\n  text-align: left;\n}\n<\/style>\n\t<\/div>\n\t\n\t\t<\/div>\n\t<\/div>\n\t\n\t<div id=\"accordion-1058071403\" class=\"accordion-item\">\n\t\t<a id=\"accordion-1058071403-label\" class=\"accordion-title plain\" href=\"#accordion-item-je-li-cbd-legalan?\" aria-expanded=\"false\" aria-controls=\"accordion-1058071403-content\">\n\t\t\t<button class=\"toggle\" aria-label=\"Toggle\"><i class=\"icon-angle-down\" aria-hidden=\"true\"><\/i><\/button>\n\t\t\t<span>Je li CBD legalan?<\/span>\n\t\t<\/a>\n\t\t<div id=\"accordion-1058071403-content\" class=\"accordion-inner\" aria-labelledby=\"accordion-1058071403-label\">\n\t\t\t\n\t<div id=\"text-1104131682\" class=\"text\">\n\t\t\n<p style=\"text-align: justify;\"><strong>Ovisi gdje se nalazite.<\/strong>  Na mnogim mjestima, CBD dobiven iz konoplje s manje od 0,3% THC-a je dobar za kupnju. No, neke regije imaju ograni\u010denja, stoga uvijek provjerite lokalne zakone prije kupnje. <\/p>\n\t\t\n<style>\n#text-1104131682 {\n  text-align: left;\n}\n<\/style>\n\t<\/div>\n\t\n\t\t<\/div>\n\t<\/div>\n\t\n\t<div id=\"accordion-530203772\" class=\"accordion-item\">\n\t\t<a id=\"accordion-530203772-label\" class=\"accordion-title plain\" href=\"#accordion-item-mo\u017ee-li-cbd-stupiti-u-interakciju-s-lijekovima?\" aria-expanded=\"false\" aria-controls=\"accordion-530203772-content\">\n\t\t\t<button class=\"toggle\" aria-label=\"Toggle\"><i class=\"icon-angle-down\" aria-hidden=\"true\"><\/i><\/button>\n\t\t\t<span>Mo\u017ee li CBD stupiti u interakciju s lijekovima?<\/span>\n\t\t<\/a>\n\t\t<div id=\"accordion-530203772-content\" class=\"accordion-inner\" aria-labelledby=\"accordion-530203772-label\">\n\t\t\t\n\t<div id=\"text-4070447391\" class=\"text\">\n\t\t\n<p>Da, mo\u017ee. CBD utje\u010de na jetrene enzime (CYP450), koji obra\u0111uju mnoge lijekove.   <strong>Ako uzimate lijekove na recept, prije upotrebe CBD-a posavjetujte se sa svojim lije\u010dnikom.<\/strong><\/p>\n\t\t\n<style>\n#text-4070447391 {\n  text-align: left;\n}\n<\/style>\n\t<\/div>\n\t\n\t\t<\/div>\n\t<\/div>\n\t\n\t<div id=\"accordion-3210884571\" class=\"accordion-item\">\n\t\t<a id=\"accordion-3210884571-label\" class=\"accordion-title plain\" href=\"#accordion-item-kako-da-znam-koju-dozu-cbd-a-trebam-uzimati?\" aria-expanded=\"false\" aria-controls=\"accordion-3210884571-content\">\n\t\t\t<button class=\"toggle\" aria-label=\"Toggle\"><i class=\"icon-angle-down\" aria-hidden=\"true\"><\/i><\/button>\n\t\t\t<span>Kako da znam koju dozu CBD-a trebam uzimati?<\/span>\n\t\t<\/a>\n\t\t<div id=\"accordion-3210884571-content\" class=\"accordion-inner\" aria-labelledby=\"accordion-3210884571-label\">\n\t\t\t\n\t<div id=\"text-3231588042\" class=\"text\">\n\t\t\n<p>Doziranje ovisi o va\u0161em tijelu, metabolizmu i namjeni koju koristite. Evo jednostavnog vodi\u010da: <\/p>\n<ul>\n<li><strong>Niska doza (30 mg)<\/strong> \u2013 Idealna za po\u010detnike ili za blago olak\u0161anje.<\/li>\n<li><strong>Srednja doza (60 mg)<\/strong> \u2013 Izvrsno za umjereni stres, san ili opu\u0161tanje.<\/li>\n<li><strong>Visoka doza (100+ mg)<\/strong> \u2013 Najbolja za kroni\u010dnu bol ili jaku anksioznost.<\/li>\n<\/ul>\n<p>Zlatno pravilo? Po\u010dnite polako, polako. Prilago\u0111avajte po potrebi dok ne prona\u0111ete idealnu temperaturu.<\/p>\n\t\t\n<style>\n#text-3231588042 {\n  text-align: left;\n}\n<\/style>\n\t<\/div>\n\t\n\t\t<\/div>\n\t<\/div>\n\t\n\t<div id=\"accordion-3574404513\" class=\"accordion-item\">\n\t\t<a id=\"accordion-3574404513-label\" class=\"accordion-title plain\" href=\"#accordion-item-\u0160to-su-terpeni-i-za\u0161to-su-va\u017eni?\" aria-expanded=\"false\" aria-controls=\"accordion-3574404513-content\">\n\t\t\t<button class=\"toggle\" aria-label=\"Toggle\"><i class=\"icon-angle-down\" aria-hidden=\"true\"><\/i><\/button>\n\t\t\t<span>\u0160to su terpeni i za\u0161to su va\u017eni?<\/span>\n\t\t<\/a>\n\t\t<div id=\"accordion-3574404513-content\" class=\"accordion-inner\" aria-labelledby=\"accordion-3574404513-label\">\n\t\t\t\n\t<div id=\"text-1500450184\" class=\"text\">\n\t\t\n<p style=\"text-align: justify;\"><strong>Terpeni su aromati\u010dni izvori biljaka<\/strong> , uklju\u010duju\u0107i kanabis. Oni daju konoplji prepoznatljiv miris i imaju sna\u017ean utjecaj na zdravlje. <\/p>\n<p style=\"text-align: left;\">Evo \u0161to neki od najpoznatijih terpena mogu u\u010diniti:<\/p>\n<ul>\n<li style=\"text-align: left;\"><strong>Linalol<\/strong> \u2013 Poti\u010de opu\u0161tanje, odli\u010dan za spavanje.<\/li>\n<li style=\"text-align: left;\"><strong>Limonen<\/strong> \u2013 podi\u017ee raspolo\u017eenje, poma\u017ee u borbi protiv stresa.<\/li>\n<li style=\"text-align: left;\"><strong>Mircen<\/strong> \u2013 sedativ, podr\u017eava ubla\u017eavanje boli i duboki odmor.<\/li>\n<li style=\"text-align: left;\"><strong>Pinen<\/strong> \u2013 Izo\u0161trava koncentraciju, bori se protiv upale.<\/li>\n<li style=\"text-align: left;\"><strong>Terpinolen<\/strong> \u2013 Energizira, antioksidans, blagi sedativ.<\/li>\n<li style=\"text-align: left;\"><strong>Ocimene<\/strong> \u2013 Svje\u017ee, protuupalno, dekongestiv.<\/li>\n<li style=\"text-align: left;\"><strong>Humulen<\/strong> \u2013 zemljastog okusa, smanjuje upalu i obuzdava apetit.<\/li>\n<li style=\"text-align: left;\"><strong>Eukaliptol<\/strong> \u2013 s okusom mente, antibakterijskim djelovanjem, kognitivnim poja\u010diva\u010dem.<\/li>\n<\/ul>\n<p style=\"text-align: justify;\">Zanimljiva \u010dinjenica: <strong>Terpeni + kanabinoidi = sinergija.<\/strong> U\u010dinak entouragea zna\u010di bolju apsorpciju, ja\u010de koristi i pobolj\u0161ane rezultate.<\/p>\n\t\t\n<style>\n#text-1500450184 {\n  text-align: left;\n}\n<\/style>\n\t<\/div>\n\t\n\t\t<\/div>\n\t<\/div>\n\t\n\t<div id=\"accordion-1477731493\" class=\"accordion-item\">\n\t\t<a id=\"accordion-1477731493-label\" class=\"accordion-title plain\" href=\"#accordion-item-na-\u0161to-trebam-paziti-pri-kupnji-cbd-a?\" aria-expanded=\"false\" aria-controls=\"accordion-1477731493-content\">\n\t\t\t<button class=\"toggle\" aria-label=\"Toggle\"><i class=\"icon-angle-down\" aria-hidden=\"true\"><\/i><\/button>\n\t\t\t<span>Na \u0161to trebam paziti pri kupnji CBD-a?<\/span>\n\t\t<\/a>\n\t\t<div id=\"accordion-1477731493-content\" class=\"accordion-inner\" aria-labelledby=\"accordion-1477731493-label\">\n\t\t\t\n\t<div id=\"text-1755147023\" class=\"text\">\n\t\t\n<p><strong>Nisu svi CBD-ovi jednaki.<\/strong>  Evo \u0161to razlikuje dobro od izvrsnog:<\/p>\n<ul>\n<li><strong>Laboratorijski testirano<\/strong> \u2013 Osigurava \u010disto\u0107u i u\u010dinkovitost. Nema naga\u0111anja. <\/li>\n<li><strong>Organsko i certificirano<\/strong> \u2013 Vi\u0161a kvaliteta, bez sme\u0107a.<\/li>\n<li><strong>Transparentni brendovi<\/strong> \u2013 Jasni sastojci, jasno porijeklo, bez tajni.<\/li>\n<\/ul>\n<p>Zaklju\u010dak: Znajte \u0161to unosite u svoje tijelo. Kvaliteta je va\u017ena.<\/p>\n\t\t\n<style>\n#text-1755147023 {\n  text-align: left;\n}\n<\/style>\n\t<\/div>\n\t\n\t\t<\/div>\n\t<\/div>\n\t\n<\/div>\n\t\t<\/div>\n\t\t\t\t\t<\/div>\n\n\t\n<\/div>\n\t\t<\/div>\n\t\t\t\t\n<style>\n#col-891309458 > .col-inner {\n  margin: 0px 0px 30px 0px;\n}\n@media (min-width:550px) {\n  #col-891309458 > .col-inner {\n    margin: 20px 0px 30px 0px;\n  }\n}\n<\/style>\n\t<\/div>\n\n\t\n<\/div>\n\t\t<\/div>\n\n\t\t\n<style>\n#section_79505185 {\n  padding-top: 30px;\n  padding-bottom: 30px;\n}\n#section_79505185 .section-bg img {\n  object-position: 73% 29%;\n}\n<\/style>\n\t<\/section>\n\t\n","protected":false},"excerpt":{"rendered":"","protected":false},"author":24310,"featured_media":4148,"parent":0,"menu_order":0,"comment_status":"closed","ping_status":"closed","template":"","meta":{"footnotes":""},"class_list":["post-4146","page","type-page","status-publish","has-post-thumbnail","hentry"],"acf":[],"yoast_head":"<!-- This site is optimized with the Yoast SEO plugin v27.3 - https:\/\/yoast.com\/product\/yoast-seo-wordpress\/ -->\n<title>\u010cesto postavljana pitanja - Pharma Hemp<\/title>\n<meta name=\"robots\" content=\"index, follow, max-snippet:-1, max-image-preview:large, max-video-preview:-1\" \/>\n<link rel=\"canonical\" href=\"https:\/\/pharma-hemp.com\/hr\/faq\/\" \/>\n<meta property=\"og:locale\" content=\"hr_HR\" \/>\n<meta property=\"og:type\" content=\"article\" \/>\n<meta property=\"og:title\" content=\"\u010cesto postavljana pitanja - Pharma Hemp\" \/>\n<meta property=\"og:url\" content=\"https:\/\/pharma-hemp.com\/hr\/faq\/\" \/>\n<meta property=\"og:site_name\" content=\"Pharma Hemp\" \/>\n<meta property=\"article:modified_time\" content=\"2026-02-15T21:15:12+00:00\" \/>\n<meta property=\"og:image\" content=\"https:\/\/pharma-hemp.com\/wp-content\/uploads\/2025\/05\/Faq.png\" \/>\n\t<meta property=\"og:image:width\" content=\"312\" \/>\n\t<meta property=\"og:image:height\" content=\"312\" \/>\n\t<meta property=\"og:image:type\" content=\"image\/png\" \/>\n<meta name=\"twitter:card\" content=\"summary_large_image\" \/>\n<meta name=\"twitter:label1\" content=\"Procijenjeno vrijeme \u010ditanja\" \/>\n\t<meta name=\"twitter:data1\" content=\"3 minuta\" \/>\n<script type=\"application\/ld+json\" class=\"yoast-schema-graph\">{\"@context\":\"https:\\\/\\\/schema.org\",\"@graph\":[{\"@type\":\"WebPage\",\"@id\":\"https:\\\/\\\/pharma-hemp.com\\\/hr\\\/faq\\\/\",\"url\":\"https:\\\/\\\/pharma-hemp.com\\\/hr\\\/faq\\\/\",\"name\":\"\u010cesto postavljana pitanja - Pharma Hemp\",\"isPartOf\":{\"@id\":\"https:\\\/\\\/pharma-hemp.com\\\/hr\\\/#website\"},\"primaryImageOfPage\":{\"@id\":\"https:\\\/\\\/pharma-hemp.com\\\/hr\\\/faq\\\/#primaryimage\"},\"image\":{\"@id\":\"https:\\\/\\\/pharma-hemp.com\\\/hr\\\/faq\\\/#primaryimage\"},\"thumbnailUrl\":\"https:\\\/\\\/pharma-hemp.com\\\/wp-content\\\/uploads\\\/2025\\\/05\\\/Faq.png\",\"datePublished\":\"2025-04-28T19:50:14+00:00\",\"dateModified\":\"2026-02-15T21:15:12+00:00\",\"breadcrumb\":{\"@id\":\"https:\\\/\\\/pharma-hemp.com\\\/hr\\\/faq\\\/#breadcrumb\"},\"inLanguage\":\"hr\",\"potentialAction\":[{\"@type\":\"ReadAction\",\"target\":[\"https:\\\/\\\/pharma-hemp.com\\\/hr\\\/faq\\\/\"]}]},{\"@type\":\"ImageObject\",\"inLanguage\":\"hr\",\"@id\":\"https:\\\/\\\/pharma-hemp.com\\\/hr\\\/faq\\\/#primaryimage\",\"url\":\"https:\\\/\\\/pharma-hemp.com\\\/wp-content\\\/uploads\\\/2025\\\/05\\\/Faq.png\",\"contentUrl\":\"https:\\\/\\\/pharma-hemp.com\\\/wp-content\\\/uploads\\\/2025\\\/05\\\/Faq.png\",\"width\":312,\"height\":312},{\"@type\":\"BreadcrumbList\",\"@id\":\"https:\\\/\\\/pharma-hemp.com\\\/hr\\\/faq\\\/#breadcrumb\",\"itemListElement\":[{\"@type\":\"ListItem\",\"position\":1,\"name\":\"Home\",\"item\":\"https:\\\/\\\/pharma-hemp.com\\\/hr\\\/\"},{\"@type\":\"ListItem\",\"position\":2,\"name\":\"\u010cesto postavljana pitanja\"}]},{\"@type\":\"WebSite\",\"@id\":\"https:\\\/\\\/pharma-hemp.com\\\/hr\\\/#website\",\"url\":\"https:\\\/\\\/pharma-hemp.com\\\/hr\\\/\",\"name\":\"Pharma Hemp\",\"description\":\"CBD store\",\"publisher\":{\"@id\":\"https:\\\/\\\/pharma-hemp.com\\\/hr\\\/#organization\"},\"potentialAction\":[{\"@type\":\"SearchAction\",\"target\":{\"@type\":\"EntryPoint\",\"urlTemplate\":\"https:\\\/\\\/pharma-hemp.com\\\/hr\\\/?s={search_term_string}\"},\"query-input\":{\"@type\":\"PropertyValueSpecification\",\"valueRequired\":true,\"valueName\":\"search_term_string\"}}],\"inLanguage\":\"hr\"},{\"@type\":\"Organization\",\"@id\":\"https:\\\/\\\/pharma-hemp.com\\\/hr\\\/#organization\",\"name\":\"PharmaHemp\",\"url\":\"https:\\\/\\\/pharma-hemp.com\\\/hr\\\/\",\"logo\":{\"@type\":\"ImageObject\",\"inLanguage\":\"hr\",\"@id\":\"https:\\\/\\\/pharma-hemp.com\\\/hr\\\/#\\\/schema\\\/logo\\\/image\\\/\",\"url\":\"https:\\\/\\\/pharma-hemp.com\\\/wp-content\\\/uploads\\\/2025\\\/04\\\/Pharma-Hemp-logo_crn-1.png\",\"contentUrl\":\"https:\\\/\\\/pharma-hemp.com\\\/wp-content\\\/uploads\\\/2025\\\/04\\\/Pharma-Hemp-logo_crn-1.png\",\"width\":200,\"height\":44,\"caption\":\"PharmaHemp\"},\"image\":{\"@id\":\"https:\\\/\\\/pharma-hemp.com\\\/hr\\\/#\\\/schema\\\/logo\\\/image\\\/\"}}]}<\/script>\n<!-- \/ Yoast SEO plugin. -->","yoast_head_json":{"title":"\u010cesto postavljana pitanja - Pharma Hemp","robots":{"index":"index","follow":"follow","max-snippet":"max-snippet:-1","max-image-preview":"max-image-preview:large","max-video-preview":"max-video-preview:-1"},"canonical":"https:\/\/pharma-hemp.com\/hr\/faq\/","og_locale":"hr_HR","og_type":"article","og_title":"\u010cesto postavljana pitanja - Pharma Hemp","og_url":"https:\/\/pharma-hemp.com\/hr\/faq\/","og_site_name":"Pharma Hemp","article_modified_time":"2026-02-15T21:15:12+00:00","og_image":[{"width":312,"height":312,"url":"https:\/\/pharma-hemp.com\/wp-content\/uploads\/2025\/05\/Faq.png","type":"image\/png"}],"twitter_card":"summary_large_image","twitter_misc":{"Procijenjeno vrijeme \u010ditanja":"3 minuta"},"schema":{"@context":"https:\/\/schema.org","@graph":[{"@type":"WebPage","@id":"https:\/\/pharma-hemp.com\/hr\/faq\/","url":"https:\/\/pharma-hemp.com\/hr\/faq\/","name":"\u010cesto postavljana pitanja - Pharma Hemp","isPartOf":{"@id":"https:\/\/pharma-hemp.com\/hr\/#website"},"primaryImageOfPage":{"@id":"https:\/\/pharma-hemp.com\/hr\/faq\/#primaryimage"},"image":{"@id":"https:\/\/pharma-hemp.com\/hr\/faq\/#primaryimage"},"thumbnailUrl":"https:\/\/pharma-hemp.com\/wp-content\/uploads\/2025\/05\/Faq.png","datePublished":"2025-04-28T19:50:14+00:00","dateModified":"2026-02-15T21:15:12+00:00","breadcrumb":{"@id":"https:\/\/pharma-hemp.com\/hr\/faq\/#breadcrumb"},"inLanguage":"hr","potentialAction":[{"@type":"ReadAction","target":["https:\/\/pharma-hemp.com\/hr\/faq\/"]}]},{"@type":"ImageObject","inLanguage":"hr","@id":"https:\/\/pharma-hemp.com\/hr\/faq\/#primaryimage","url":"https:\/\/pharma-hemp.com\/wp-content\/uploads\/2025\/05\/Faq.png","contentUrl":"https:\/\/pharma-hemp.com\/wp-content\/uploads\/2025\/05\/Faq.png","width":312,"height":312},{"@type":"BreadcrumbList","@id":"https:\/\/pharma-hemp.com\/hr\/faq\/#breadcrumb","itemListElement":[{"@type":"ListItem","position":1,"name":"Home","item":"https:\/\/pharma-hemp.com\/hr\/"},{"@type":"ListItem","position":2,"name":"\u010cesto postavljana pitanja"}]},{"@type":"WebSite","@id":"https:\/\/pharma-hemp.com\/hr\/#website","url":"https:\/\/pharma-hemp.com\/hr\/","name":"Pharma Hemp","description":"CBD store","publisher":{"@id":"https:\/\/pharma-hemp.com\/hr\/#organization"},"potentialAction":[{"@type":"SearchAction","target":{"@type":"EntryPoint","urlTemplate":"https:\/\/pharma-hemp.com\/hr\/?s={search_term_string}"},"query-input":{"@type":"PropertyValueSpecification","valueRequired":true,"valueName":"search_term_string"}}],"inLanguage":"hr"},{"@type":"Organization","@id":"https:\/\/pharma-hemp.com\/hr\/#organization","name":"PharmaHemp","url":"https:\/\/pharma-hemp.com\/hr\/","logo":{"@type":"ImageObject","inLanguage":"hr","@id":"https:\/\/pharma-hemp.com\/hr\/#\/schema\/logo\/image\/","url":"https:\/\/pharma-hemp.com\/wp-content\/uploads\/2025\/04\/Pharma-Hemp-logo_crn-1.png","contentUrl":"https:\/\/pharma-hemp.com\/wp-content\/uploads\/2025\/04\/Pharma-Hemp-logo_crn-1.png","width":200,"height":44,"caption":"PharmaHemp"},"image":{"@id":"https:\/\/pharma-hemp.com\/hr\/#\/schema\/logo\/image\/"}}]}},"_links":{"self":[{"href":"https:\/\/pharma-hemp.com\/hr\/wp-json\/wp\/v2\/pages\/4146","targetHints":{"allow":["GET"]}}],"collection":[{"href":"https:\/\/pharma-hemp.com\/hr\/wp-json\/wp\/v2\/pages"}],"about":[{"href":"https:\/\/pharma-hemp.com\/hr\/wp-json\/wp\/v2\/types\/page"}],"author":[{"embeddable":true,"href":"https:\/\/pharma-hemp.com\/hr\/wp-json\/wp\/v2\/users\/24310"}],"replies":[{"embeddable":true,"href":"https:\/\/pharma-hemp.com\/hr\/wp-json\/wp\/v2\/comments?post=4146"}],"version-history":[{"count":7,"href":"https:\/\/pharma-hemp.com\/hr\/wp-json\/wp\/v2\/pages\/4146\/revisions"}],"predecessor-version":[{"id":578669,"href":"https:\/\/pharma-hemp.com\/hr\/wp-json\/wp\/v2\/pages\/4146\/revisions\/578669"}],"wp:featuredmedia":[{"embeddable":true,"href":"https:\/\/pharma-hemp.com\/hr\/wp-json\/wp\/v2\/media\/4148"}],"wp:attachment":[{"href":"https:\/\/pharma-hemp.com\/hr\/wp-json\/wp\/v2\/media?parent=4146"}],"curies":[{"name":"wp","href":"https:\/\/api.w.org\/{rel}","templated":true}]}}