{"id":4025,"date":"2025-04-15T07:51:32","date_gmt":"2025-04-15T05:51:32","guid":{"rendered":"https:\/\/pharma-hemp.com\/uvidi-u-cbd\/"},"modified":"2025-07-31T14:04:28","modified_gmt":"2025-07-31T13:04:28","slug":"uvidi-u-cbd","status":"publish","type":"page","link":"https:\/\/pharma-hemp.com\/hr\/uvidi-u-cbd\/","title":{"rendered":"Uvidi u CBD"},"content":{"rendered":"\n\n\t<section class=\"section\" id=\"section_1385924586\">\n\t\t<div class=\"section-bg fill\" >\n\t\t\t\t\t\t\t\t\t\n\t\t\t\n\n\t\t<\/div>\n\n\t\t\n\n\t\t<div class=\"section-content relative\">\n\t\t\t\n\n<div class=\"row\"  id=\"row-456020457\">\n\n\n\t<div id=\"col-1243233429\" class=\"col small-12 large-12\"  >\n\t\t\t\t<div class=\"col-inner\"  >\n\t\t\t\n\t\t\t\n\n\n\n<div class=\"pharma-breadcrumbs\"><span><span><a href=\"https:\/\/pharma-hemp.com\/hr\/\">Home<\/a><\/span><\/span><\/div>\n\n\n\t\t<\/div>\n\t\t\t\t\t<\/div>\n\n\t\n\n<\/div>\n\n\t\t<\/div>\n\n\t\t\n<style>\n#section_1385924586 {\n  padding-top: 30px;\n  padding-bottom: 30px;\n}\n<\/style>\n\t<\/section>\n\t\n\n\t<section class=\"section\" id=\"section_43947500\">\n\t\t<div class=\"section-bg fill\" >\n\t\t\t\t\t\t\t\t\t\n\t\t\t\n\n\t\t<\/div>\n\n\t\t\n\n\t\t<div class=\"section-content relative\">\n\t\t\t\n\n<div class=\"row\"  id=\"row-1993856987\">\n\n\n\t<div id=\"col-574554796\" class=\"col small-12 large-12\"  >\n\t\t\t\t<div class=\"col-inner\"  >\n\t\t\t\n\t\t\t\n\n<h2 class=\"title\">Uvidi u CBD<\/h2>\n\t<div id=\"text-1530410158\" class=\"text\">\n\t\t\n\n<p>Dobrodo\u0161li u svijet CBD-a \u2013 ovdje \u0107ete prona\u0107i detaljne uvide,<br> najnovija istra\u017eivanja i korisne informacije za va\u0161e zdravlje i dobrobit.<\/p>\n\n\t\t\n<style>\n#text-1530410158 {\n  text-align: center;\n}\n<\/style>\n\t<\/div>\n\t\n\n\t\t<\/div>\n\t\t\t\t\t<\/div>\n\n\t\n\n<\/div>\n\n\t\t<\/div>\n\n\t\t\n<style>\n#section_43947500 {\n  padding-top: 15px;\n  padding-bottom: 15px;\n}\n@media (min-width:550px) {\n  #section_43947500 {\n    padding-top: 30px;\n    padding-bottom: 30px;\n  }\n}\n<\/style>\n\t<\/section>\n\t\n\n\t<section class=\"section\" id=\"section_955222311\">\n\t\t<div class=\"section-bg fill\" >\n\t\t\t\t\t\t\t\t\t\n\t\t\t\n\n\t\t<\/div>\n\n\t\t\n\n\t\t<div class=\"section-content relative\">\n\t\t\t\n\n<div class=\"row\"  id=\"row-1797157428\">\n\n\n\t<div id=\"col-1919288100\" class=\"col small-12 large-12\"  >\n\t\t\t\t<div class=\"col-inner\"  >\n\t\t\t\n\t\t\t\n\n\n\n\n    <div class=\"cbd-blog-archive-wrapper max-w-[1280px] mx-auto px-4 py-12\">\n        <div class=\"cbd-blog-archive-inner flex flex-col lg:flex-row gap-[60px]\">\n        \n        <!-- Sidebar: Category Filter -->\n        <aside class=\"cbd-sidebar\">\n            <h3 class=\"sidebar-title mb-4 text-[24px] font-extrabold text-[#002755]\">Categories<\/h3>\n            <ul class=\"space-y-2 font-semibold text-[17px]\">\n                                    <li>\n                        <a href=\"https:\/\/pharma-hemp.com\/hr\/uvidi-u-cbd\/?blog_cat=231\"\n                           class=\"\">\n                            Aktivne kreme                        <\/a>\n                    <\/li>\n                                    <li>\n                        <a href=\"https:\/\/pharma-hemp.com\/hr\/uvidi-u-cbd\/?blog_cat=230\"\n                           class=\"\">\n                            Dermokozmetika                        <\/a>\n                    <\/li>\n                                    <li>\n                        <a href=\"https:\/\/pharma-hemp.com\/hr\/uvidi-u-cbd\/?blog_cat=232\"\n                           class=\"\">\n                            Dr. Kent                        <\/a>\n                    <\/li>\n                                    <li>\n                        <a href=\"https:\/\/pharma-hemp.com\/hr\/uvidi-u-cbd\/?blog_cat=224\"\n                           class=\"\">\n                            Imunitet                        <\/a>\n                    <\/li>\n                                    <li>\n                        <a href=\"https:\/\/pharma-hemp.com\/hr\/uvidi-u-cbd\/?blog_cat=226\"\n                           class=\"\">\n                            Kapi                        <\/a>\n                    <\/li>\n                                    <li>\n                        <a href=\"https:\/\/pharma-hemp.com\/hr\/uvidi-u-cbd\/?blog_cat=229\"\n                           class=\"\">\n                            Mika                        <\/a>\n                    <\/li>\n                                    <li>\n                        <a href=\"https:\/\/pharma-hemp.com\/hr\/uvidi-u-cbd\/?blog_cat=228\"\n                           class=\"\">\n                            Njega ko\u017ee                        <\/a>\n                    <\/li>\n                                    <li>\n                        <a href=\"https:\/\/pharma-hemp.com\/hr\/uvidi-u-cbd\/?blog_cat=225\"\n                           class=\"\">\n                            Oporavak                        <\/a>\n                    <\/li>\n                                    <li>\n                        <a href=\"https:\/\/pharma-hemp.com\/hr\/uvidi-u-cbd\/?blog_cat=222\"\n                           class=\"\">\n                            Opu\u0161tanje                        <\/a>\n                    <\/li>\n                                    <li>\n                        <a href=\"https:\/\/pharma-hemp.com\/hr\/uvidi-u-cbd\/?blog_cat=233\"\n                           class=\"\">\n                            Paste                        <\/a>\n                    <\/li>\n                                    <li>\n                        <a href=\"https:\/\/pharma-hemp.com\/hr\/uvidi-u-cbd\/?blog_cat=227\"\n                           class=\"\">\n                            PHIX                        <\/a>\n                    <\/li>\n                                    <li>\n                        <a href=\"https:\/\/pharma-hemp.com\/hr\/uvidi-u-cbd\/?blog_cat=221\"\n                           class=\"\">\n                            Sve                        <\/a>\n                    <\/li>\n                                    <li>\n                        <a href=\"https:\/\/pharma-hemp.com\/hr\/uvidi-u-cbd\/?blog_cat=223\"\n                           class=\"\">\n                            Um                        <\/a>\n                    <\/li>\n                                    <li>\n                        <a href=\"https:\/\/pharma-hemp.com\/hr\/uvidi-u-cbd\/?blog_cat=213\"\n                           class=\"\">\n                            Uncategorized @hr                        <\/a>\n                    <\/li>\n                            <\/ul>\n        <\/aside>\n\n        <!-- Blog Posts Grid -->\n        <section class=\"w-full\">\n                            <div class=\"blog-post-grid\">\n                                            <div class=\"blog-post-grid-item\">\n    <a href=\"https:\/\/pharma-hemp.com\/hr\/crvenilo-na-licu\/\" class=\"blog-post-large\">\n        <div class=\"blog-post-image\">\n            <img decoding=\"async\" width=\"1020\" height=\"574\" src=\"https:\/\/pharma-hemp.com\/wp-content\/uploads\/2026\/04\/pharma-hemp-blog-rdec\u030cica-na-obrazu-1024x576.png\" class=\"attachment-large size-large wp-post-image\" alt=\"\" srcset=\"https:\/\/pharma-hemp.com\/wp-content\/uploads\/2026\/04\/pharma-hemp-blog-rdec\u030cica-na-obrazu-1024x576.png 1024w, https:\/\/pharma-hemp.com\/wp-content\/uploads\/2026\/04\/pharma-hemp-blog-rdec\u030cica-na-obrazu-300x169.png 300w, https:\/\/pharma-hemp.com\/wp-content\/uploads\/2026\/04\/pharma-hemp-blog-rdec\u030cica-na-obrazu-768x432.png 768w, https:\/\/pharma-hemp.com\/wp-content\/uploads\/2026\/04\/pharma-hemp-blog-rdec\u030cica-na-obrazu-1536x864.png 1536w, https:\/\/pharma-hemp.com\/wp-content\/uploads\/2026\/04\/pharma-hemp-blog-rdec\u030cica-na-obrazu-800x450.png 800w, https:\/\/pharma-hemp.com\/wp-content\/uploads\/2026\/04\/pharma-hemp-blog-rdec\u030cica-na-obrazu.png 1680w\" sizes=\"(max-width: 1020px) 100vw, 1020px\" \/>        <\/div>\n        <div class=\"blog-post-content\">\n            <h3 class=\"blog-title\">Crvenilo na licu: uzroci, simptomi i kako ga smanjiti<\/h3>\n            <div class=\"blog-excerpt\">Crvenilo na licu je \u010dest problem ko\u017ee, zbog \u010dega se mnogi pitaju \u201cza\u0161to mi je lice crveno?\u201d. Kratak odgovor je&hellip;<\/div>\n            <div class=\"blog-read-more\">\n\t\t\t\tRead More\t\t\t\t<img decoding=\"async\" src=\"\/wp-content\/uploads\/2025\/04\/Arrow-18.png\" alt=\"arrow\" \/>\n\t\t\t<\/div>\n        <\/div>\n    <\/a>\n<\/div>\n                                            <div class=\"blog-post-grid-item\">\n    <a href=\"https:\/\/pharma-hemp.com\/hr\/podocnjaci\/\" class=\"blog-post-large\">\n        <div class=\"blog-post-image\">\n            <img decoding=\"async\" width=\"1020\" height=\"574\" src=\"https:\/\/pharma-hemp.com\/wp-content\/uploads\/2026\/04\/pharma-hemp-blog-podoc\u030cnjaci-1024x576.png\" class=\"attachment-large size-large wp-post-image\" alt=\"\" srcset=\"https:\/\/pharma-hemp.com\/wp-content\/uploads\/2026\/04\/pharma-hemp-blog-podoc\u030cnjaci-1024x576.png 1024w, https:\/\/pharma-hemp.com\/wp-content\/uploads\/2026\/04\/pharma-hemp-blog-podoc\u030cnjaci-300x169.png 300w, https:\/\/pharma-hemp.com\/wp-content\/uploads\/2026\/04\/pharma-hemp-blog-podoc\u030cnjaci-768x432.png 768w, https:\/\/pharma-hemp.com\/wp-content\/uploads\/2026\/04\/pharma-hemp-blog-podoc\u030cnjaci-1536x864.png 1536w, https:\/\/pharma-hemp.com\/wp-content\/uploads\/2026\/04\/pharma-hemp-blog-podoc\u030cnjaci-800x450.png 800w, https:\/\/pharma-hemp.com\/wp-content\/uploads\/2026\/04\/pharma-hemp-blog-podoc\u030cnjaci.png 1680w\" sizes=\"(max-width: 1020px) 100vw, 1020px\" \/>        <\/div>\n        <div class=\"blog-post-content\">\n            <h3 class=\"blog-title\">Podo\u010dnjaci: uzroci, vrste i kako ih se rije\u0161iti<\/h3>\n            <div class=\"blog-excerpt\">Podo\u010dnjaci su \u010dest estetski problem koji mo\u017ee u\u010diniti lice umornim i starijim. Ako se pita\u0161 za\u0161to ima\u0161 tamne kolobarje ispod&hellip;<\/div>\n            <div class=\"blog-read-more\">\n\t\t\t\tRead More\t\t\t\t<img decoding=\"async\" src=\"\/wp-content\/uploads\/2025\/04\/Arrow-18.png\" alt=\"arrow\" \/>\n\t\t\t<\/div>\n        <\/div>\n    <\/a>\n<\/div>\n                                            <div class=\"blog-post-grid-item\">\n    <a href=\"https:\/\/pharma-hemp.com\/hr\/cbd-pasta-djelovanje\/\" class=\"blog-post-large\">\n        <div class=\"blog-post-image\">\n            <img decoding=\"async\" width=\"600\" height=\"600\" src=\"https:\/\/pharma-hemp.com\/wp-content\/uploads\/2025\/07\/therapy-2.png\" class=\"attachment-large size-large wp-post-image\" alt=\"\" srcset=\"https:\/\/pharma-hemp.com\/wp-content\/uploads\/2025\/07\/therapy-2.png 600w, https:\/\/pharma-hemp.com\/wp-content\/uploads\/2025\/07\/therapy-2-510x510.png 510w, https:\/\/pharma-hemp.com\/wp-content\/uploads\/2025\/07\/therapy-2-100x100.png 100w, https:\/\/pharma-hemp.com\/wp-content\/uploads\/2025\/07\/therapy-2-300x300.png 300w, https:\/\/pharma-hemp.com\/wp-content\/uploads\/2025\/07\/therapy-2-150x150.png 150w\" sizes=\"(max-width: 600px) 100vw, 600px\" \/>        <\/div>\n        <div class=\"blog-post-content\">\n            <h3 class=\"blog-title\">CBD pasta djelovanje: Kako djeluje, prednosti i kako se koristi (2026 vodi\u010d)<\/h3>\n            <div class=\"blog-excerpt\">Bol, stres i nesanica postali su svakodnevica modernog \u017eivota. Sve vi\u0161e ljudi tra\u017ei prirodna rje\u0161enja koja djeluju brzo, ali i&hellip;<\/div>\n            <div class=\"blog-read-more\">\n\t\t\t\tRead More\t\t\t\t<img decoding=\"async\" src=\"\/wp-content\/uploads\/2025\/04\/Arrow-18.png\" alt=\"arrow\" \/>\n\t\t\t<\/div>\n        <\/div>\n    <\/a>\n<\/div>\n                                            <div class=\"blog-post-grid-item\">\n    <a href=\"https:\/\/pharma-hemp.com\/hr\/cbd-krema-za-bolove-prirodna-pomoc-za-misice-i-zglobove\/\" class=\"blog-post-large\">\n        <div class=\"blog-post-image\">\n            <img decoding=\"async\" width=\"810\" height=\"1013\" src=\"https:\/\/pharma-hemp.com\/wp-content\/uploads\/2026\/03\/mailing-2.png\" class=\"attachment-large size-large wp-post-image\" alt=\"\" srcset=\"https:\/\/pharma-hemp.com\/wp-content\/uploads\/2026\/03\/mailing-2.png 810w, https:\/\/pharma-hemp.com\/wp-content\/uploads\/2026\/03\/mailing-2-240x300.png 240w, https:\/\/pharma-hemp.com\/wp-content\/uploads\/2026\/03\/mailing-2-768x960.png 768w, https:\/\/pharma-hemp.com\/wp-content\/uploads\/2026\/03\/mailing-2-800x1000.png 800w\" sizes=\"(max-width: 810px) 100vw, 810px\" \/>        <\/div>\n        <div class=\"blog-post-content\">\n            <h3 class=\"blog-title\">CBD krema za bolove: prirodna pomo\u0107 za mi\u0161i\u0107e i zglobove<\/h3>\n            <div class=\"blog-excerpt\">Bolovi u mi\u0161i\u0107ima i bolovi u zglobovima danas su vrlo \u010dest problem. Mogu se pojaviti zbog fizi\u010dkog napora, dugotrajnog sjedenja,&hellip;<\/div>\n            <div class=\"blog-read-more\">\n\t\t\t\tRead More\t\t\t\t<img decoding=\"async\" src=\"\/wp-content\/uploads\/2025\/04\/Arrow-18.png\" alt=\"arrow\" \/>\n\t\t\t<\/div>\n        <\/div>\n    <\/a>\n<\/div>\n                                            <div class=\"blog-post-grid-item\">\n    <a href=\"https:\/\/pharma-hemp.com\/hr\/kako-koristiti-cbd-kapi\/\" class=\"blog-post-large\">\n        <div class=\"blog-post-image\">\n            <img decoding=\"async\" width=\"850\" height=\"567\" src=\"https:\/\/pharma-hemp.com\/wp-content\/uploads\/2025\/12\/pharma-hemp-blog-cbd.png\" class=\"attachment-large size-large wp-post-image\" alt=\"\" srcset=\"https:\/\/pharma-hemp.com\/wp-content\/uploads\/2025\/12\/pharma-hemp-blog-cbd.png 850w, https:\/\/pharma-hemp.com\/wp-content\/uploads\/2025\/12\/pharma-hemp-blog-cbd-300x200.png 300w, https:\/\/pharma-hemp.com\/wp-content\/uploads\/2025\/12\/pharma-hemp-blog-cbd-768x512.png 768w, https:\/\/pharma-hemp.com\/wp-content\/uploads\/2025\/12\/pharma-hemp-blog-cbd-800x534.png 800w\" sizes=\"(max-width: 850px) 100vw, 850px\" \/>        <\/div>\n        <div class=\"blog-post-content\">\n            <h3 class=\"blog-title\">Kako koristiti cbd kapi<\/h3>\n            <div class=\"blog-excerpt\">CBD kapi posljednjih su godina postale popularan dodatak za odr\u017eavanje ravnote\u017ee tijela i uma. Mnogi ljudi koriste prirodne proizvode za&hellip;<\/div>\n            <div class=\"blog-read-more\">\n\t\t\t\tRead More\t\t\t\t<img decoding=\"async\" src=\"\/wp-content\/uploads\/2025\/04\/Arrow-18.png\" alt=\"arrow\" \/>\n\t\t\t<\/div>\n        <\/div>\n    <\/a>\n<\/div>\n                                            <div class=\"blog-post-grid-item\">\n    <a href=\"https:\/\/pharma-hemp.com\/hr\/koliko-traje-anksioznost\/\" class=\"blog-post-large\">\n        <div class=\"blog-post-image\">\n            <img decoding=\"async\" width=\"850\" height=\"567\" src=\"https:\/\/pharma-hemp.com\/wp-content\/uploads\/2026\/02\/pharma-hemp-stres-anksioznost.png\" class=\"attachment-large size-large wp-post-image\" alt=\"\" srcset=\"https:\/\/pharma-hemp.com\/wp-content\/uploads\/2026\/02\/pharma-hemp-stres-anksioznost.png 850w, https:\/\/pharma-hemp.com\/wp-content\/uploads\/2026\/02\/pharma-hemp-stres-anksioznost-300x200.png 300w, https:\/\/pharma-hemp.com\/wp-content\/uploads\/2026\/02\/pharma-hemp-stres-anksioznost-768x512.png 768w, https:\/\/pharma-hemp.com\/wp-content\/uploads\/2026\/02\/pharma-hemp-stres-anksioznost-800x534.png 800w\" sizes=\"(max-width: 850px) 100vw, 850px\" \/>        <\/div>\n        <div class=\"blog-post-content\">\n            <h3 class=\"blog-title\">Koliko traje anksioznost<\/h3>\n            <div class=\"blog-excerpt\">Mnogi ljudi koji se prvi put susre\u0107u s anksiozno\u0161\u0107u postavljaju si isto pitanje, koliko \u0107e ovo trajati? Anksioznost je mnogo&hellip;<\/div>\n            <div class=\"blog-read-more\">\n\t\t\t\tRead More\t\t\t\t<img decoding=\"async\" src=\"\/wp-content\/uploads\/2025\/04\/Arrow-18.png\" alt=\"arrow\" \/>\n\t\t\t<\/div>\n        <\/div>\n    <\/a>\n<\/div>\n                                    <\/div>\n\n                <!-- Pagination -->\n                <div class=\"mt-10\">\n                    <span aria-label=\"Stranica 1\" aria-current=\"page\" class=\"page-numbers current\">1<\/span>\n<a aria-label=\"Stranica 2\" class=\"page-numbers\" href=\"https:\/\/pharma-hemp.com\/hr\/wp-json\/wp\/v2\/pages\/4025\/?paged=2\">2<\/a>\n<a aria-label=\"Stranica 3\" class=\"page-numbers\" href=\"https:\/\/pharma-hemp.com\/hr\/wp-json\/wp\/v2\/pages\/4025\/?paged=3\">3<\/a>\n<a class=\"next page-numbers\" href=\"https:\/\/pharma-hemp.com\/hr\/wp-json\/wp\/v2\/pages\/4025\/?paged=2\">&raquo;<\/a>                <\/div>\n                                <\/section>\n        <\/div>\n    <\/div>\n\n    \n\n\n\t\t<\/div>\n\t\t\t\t\t<\/div>\n\n\t\n\n<\/div>\n\n\t\t<\/div>\n\n\t\t\n<style>\n#section_955222311 {\n  padding-top: 15px;\n  padding-bottom: 15px;\n}\n@media (min-width:550px) {\n  #section_955222311 {\n    padding-top: 30px;\n    padding-bottom: 30px;\n  }\n}\n<\/style>\n\t<\/section>\n\t\n\n","protected":false},"excerpt":{"rendered":"","protected":false},"author":24310,"featured_media":0,"parent":0,"menu_order":0,"comment_status":"closed","ping_status":"closed","template":"","meta":{"footnotes":""},"class_list":["post-4025","page","type-page","status-publish","hentry"],"acf":[],"yoast_head":"<!-- This site is optimized with the Yoast SEO plugin v27.3 - https:\/\/yoast.com\/product\/yoast-seo-wordpress\/ -->\n<title>Uvidi u CBD - Pharma Hemp<\/title>\n<meta name=\"robots\" content=\"index, follow, max-snippet:-1, max-image-preview:large, max-video-preview:-1\" \/>\n<link rel=\"canonical\" href=\"https:\/\/pharma-hemp.com\/hr\/uvidi-u-cbd\/\" \/>\n<meta property=\"og:locale\" content=\"hr_HR\" \/>\n<meta property=\"og:type\" content=\"article\" \/>\n<meta property=\"og:title\" content=\"Uvidi u CBD - Pharma Hemp\" \/>\n<meta property=\"og:url\" content=\"https:\/\/pharma-hemp.com\/hr\/uvidi-u-cbd\/\" \/>\n<meta property=\"og:site_name\" content=\"Pharma Hemp\" \/>\n<meta property=\"article:modified_time\" content=\"2025-07-31T13:04:28+00:00\" \/>\n<meta property=\"og:image\" content=\"https:\/\/pharma-hemp.com\/wp-content\/uploads\/2025\/04\/Pharma-Hemp-logo_crn-1.png\" \/>\n\t<meta property=\"og:image:width\" content=\"200\" \/>\n\t<meta property=\"og:image:height\" content=\"44\" \/>\n\t<meta property=\"og:image:type\" content=\"image\/png\" \/>\n<meta name=\"twitter:card\" content=\"summary_large_image\" \/>\n<script type=\"application\/ld+json\" class=\"yoast-schema-graph\">{\"@context\":\"https:\\\/\\\/schema.org\",\"@graph\":[{\"@type\":\"WebPage\",\"@id\":\"https:\\\/\\\/pharma-hemp.com\\\/hr\\\/uvidi-u-cbd\\\/\",\"url\":\"https:\\\/\\\/pharma-hemp.com\\\/hr\\\/uvidi-u-cbd\\\/\",\"name\":\"Uvidi u CBD - Pharma Hemp\",\"isPartOf\":{\"@id\":\"https:\\\/\\\/pharma-hemp.com\\\/hr\\\/#website\"},\"datePublished\":\"2025-04-15T05:51:32+00:00\",\"dateModified\":\"2025-07-31T13:04:28+00:00\",\"breadcrumb\":{\"@id\":\"https:\\\/\\\/pharma-hemp.com\\\/hr\\\/uvidi-u-cbd\\\/#breadcrumb\"},\"inLanguage\":\"hr\",\"potentialAction\":[{\"@type\":\"ReadAction\",\"target\":[\"https:\\\/\\\/pharma-hemp.com\\\/hr\\\/uvidi-u-cbd\\\/\"]}]},{\"@type\":\"BreadcrumbList\",\"@id\":\"https:\\\/\\\/pharma-hemp.com\\\/hr\\\/uvidi-u-cbd\\\/#breadcrumb\",\"itemListElement\":[{\"@type\":\"ListItem\",\"position\":1,\"name\":\"Home\",\"item\":\"https:\\\/\\\/pharma-hemp.com\\\/hr\\\/\"},{\"@type\":\"ListItem\",\"position\":2,\"name\":\"Uvidi u CBD\"}]},{\"@type\":\"WebSite\",\"@id\":\"https:\\\/\\\/pharma-hemp.com\\\/hr\\\/#website\",\"url\":\"https:\\\/\\\/pharma-hemp.com\\\/hr\\\/\",\"name\":\"Pharma Hemp\",\"description\":\"CBD store\",\"publisher\":{\"@id\":\"https:\\\/\\\/pharma-hemp.com\\\/hr\\\/#organization\"},\"potentialAction\":[{\"@type\":\"SearchAction\",\"target\":{\"@type\":\"EntryPoint\",\"urlTemplate\":\"https:\\\/\\\/pharma-hemp.com\\\/hr\\\/?s={search_term_string}\"},\"query-input\":{\"@type\":\"PropertyValueSpecification\",\"valueRequired\":true,\"valueName\":\"search_term_string\"}}],\"inLanguage\":\"hr\"},{\"@type\":\"Organization\",\"@id\":\"https:\\\/\\\/pharma-hemp.com\\\/hr\\\/#organization\",\"name\":\"PharmaHemp\",\"url\":\"https:\\\/\\\/pharma-hemp.com\\\/hr\\\/\",\"logo\":{\"@type\":\"ImageObject\",\"inLanguage\":\"hr\",\"@id\":\"https:\\\/\\\/pharma-hemp.com\\\/hr\\\/#\\\/schema\\\/logo\\\/image\\\/\",\"url\":\"https:\\\/\\\/pharma-hemp.com\\\/wp-content\\\/uploads\\\/2025\\\/04\\\/Pharma-Hemp-logo_crn-1.png\",\"contentUrl\":\"https:\\\/\\\/pharma-hemp.com\\\/wp-content\\\/uploads\\\/2025\\\/04\\\/Pharma-Hemp-logo_crn-1.png\",\"width\":200,\"height\":44,\"caption\":\"PharmaHemp\"},\"image\":{\"@id\":\"https:\\\/\\\/pharma-hemp.com\\\/hr\\\/#\\\/schema\\\/logo\\\/image\\\/\"}}]}<\/script>\n<!-- \/ Yoast SEO plugin. -->","yoast_head_json":{"title":"Uvidi u CBD - Pharma Hemp","robots":{"index":"index","follow":"follow","max-snippet":"max-snippet:-1","max-image-preview":"max-image-preview:large","max-video-preview":"max-video-preview:-1"},"canonical":"https:\/\/pharma-hemp.com\/hr\/uvidi-u-cbd\/","og_locale":"hr_HR","og_type":"article","og_title":"Uvidi u CBD - Pharma Hemp","og_url":"https:\/\/pharma-hemp.com\/hr\/uvidi-u-cbd\/","og_site_name":"Pharma Hemp","article_modified_time":"2025-07-31T13:04:28+00:00","og_image":[{"width":200,"height":44,"url":"https:\/\/pharma-hemp.com\/wp-content\/uploads\/2025\/04\/Pharma-Hemp-logo_crn-1.png","type":"image\/png"}],"twitter_card":"summary_large_image","schema":{"@context":"https:\/\/schema.org","@graph":[{"@type":"WebPage","@id":"https:\/\/pharma-hemp.com\/hr\/uvidi-u-cbd\/","url":"https:\/\/pharma-hemp.com\/hr\/uvidi-u-cbd\/","name":"Uvidi u CBD - Pharma Hemp","isPartOf":{"@id":"https:\/\/pharma-hemp.com\/hr\/#website"},"datePublished":"2025-04-15T05:51:32+00:00","dateModified":"2025-07-31T13:04:28+00:00","breadcrumb":{"@id":"https:\/\/pharma-hemp.com\/hr\/uvidi-u-cbd\/#breadcrumb"},"inLanguage":"hr","potentialAction":[{"@type":"ReadAction","target":["https:\/\/pharma-hemp.com\/hr\/uvidi-u-cbd\/"]}]},{"@type":"BreadcrumbList","@id":"https:\/\/pharma-hemp.com\/hr\/uvidi-u-cbd\/#breadcrumb","itemListElement":[{"@type":"ListItem","position":1,"name":"Home","item":"https:\/\/pharma-hemp.com\/hr\/"},{"@type":"ListItem","position":2,"name":"Uvidi u CBD"}]},{"@type":"WebSite","@id":"https:\/\/pharma-hemp.com\/hr\/#website","url":"https:\/\/pharma-hemp.com\/hr\/","name":"Pharma Hemp","description":"CBD store","publisher":{"@id":"https:\/\/pharma-hemp.com\/hr\/#organization"},"potentialAction":[{"@type":"SearchAction","target":{"@type":"EntryPoint","urlTemplate":"https:\/\/pharma-hemp.com\/hr\/?s={search_term_string}"},"query-input":{"@type":"PropertyValueSpecification","valueRequired":true,"valueName":"search_term_string"}}],"inLanguage":"hr"},{"@type":"Organization","@id":"https:\/\/pharma-hemp.com\/hr\/#organization","name":"PharmaHemp","url":"https:\/\/pharma-hemp.com\/hr\/","logo":{"@type":"ImageObject","inLanguage":"hr","@id":"https:\/\/pharma-hemp.com\/hr\/#\/schema\/logo\/image\/","url":"https:\/\/pharma-hemp.com\/wp-content\/uploads\/2025\/04\/Pharma-Hemp-logo_crn-1.png","contentUrl":"https:\/\/pharma-hemp.com\/wp-content\/uploads\/2025\/04\/Pharma-Hemp-logo_crn-1.png","width":200,"height":44,"caption":"PharmaHemp"},"image":{"@id":"https:\/\/pharma-hemp.com\/hr\/#\/schema\/logo\/image\/"}}]}},"_links":{"self":[{"href":"https:\/\/pharma-hemp.com\/hr\/wp-json\/wp\/v2\/pages\/4025","targetHints":{"allow":["GET"]}}],"collection":[{"href":"https:\/\/pharma-hemp.com\/hr\/wp-json\/wp\/v2\/pages"}],"about":[{"href":"https:\/\/pharma-hemp.com\/hr\/wp-json\/wp\/v2\/types\/page"}],"author":[{"embeddable":true,"href":"https:\/\/pharma-hemp.com\/hr\/wp-json\/wp\/v2\/users\/24310"}],"replies":[{"embeddable":true,"href":"https:\/\/pharma-hemp.com\/hr\/wp-json\/wp\/v2\/comments?post=4025"}],"version-history":[{"count":1,"href":"https:\/\/pharma-hemp.com\/hr\/wp-json\/wp\/v2\/pages\/4025\/revisions"}],"predecessor-version":[{"id":4026,"href":"https:\/\/pharma-hemp.com\/hr\/wp-json\/wp\/v2\/pages\/4025\/revisions\/4026"}],"wp:attachment":[{"href":"https:\/\/pharma-hemp.com\/hr\/wp-json\/wp\/v2\/media?parent=4025"}],"curies":[{"name":"wp","href":"https:\/\/api.w.org\/{rel}","templated":true}]}}