{"id":576256,"date":"2025-05-05T08:07:00","date_gmt":"2025-05-05T07:07:00","guid":{"rendered":"https:\/\/pharma-hemp.com\/?post_type=product&#038;p=576256"},"modified":"2026-04-08T10:32:37","modified_gmt":"2026-04-08T08:32:37","slug":"mikka-suero-lifting","status":"publish","type":"product","link":"https:\/\/pharma-hemp.com\/es\/shop\/mikka-suero-lifting\/","title":{"rendered":"Mikka Suero Lifting"},"content":{"rendered":"","protected":false},"excerpt":{"rendered":"<p><span style=\"font-weight: 400;\">Tu arma secreta para un cutis m\u00e1s firme y terso. Con una infusi\u00f3n de CBD, antioxidantes y potentes ingredientes bot\u00e1nicos, este suero reduce las l\u00edneas de expresi\u00f3n, potencia la hidrataci\u00f3n y mejora la elasticidad de la piel, todo en una f\u00f3rmula ligera. <\/span><\/p>\n","protected":false},"featured_media":576227,"template":"","meta":[],"product_brand":[],"product_cat":[293,312,313,314,306],"product_tag":[1157,1207,1208,1161,1129,1206,1156,1154,1155,1159],"class_list":{"0":"post-576256","1":"product","2":"type-product","3":"status-publish","4":"has-post-thumbnail","6":"product_cat-comprar-por-marca","7":"product_cat-cuidado-de-la-piel","8":"product_cat-dermocosmetica","9":"product_cat-mikka-es","10":"product_cat-superestrellas","11":"product_tag-arrugas","12":"product_tag-aumento-firmeza","13":"product_tag-cuidado-diario","14":"product_tag-envejecimiento","15":"product_tag-lineas-finas","16":"product_tag-piel-apagada","17":"product_tag-piel-cansada","18":"product_tag-piel-flacida","19":"product_tag-piel-seca","20":"product_tag-textura-aspera","22":"first","23":"instock","24":"shipping-taxable","25":"purchasable","26":"product-type-simple"},"acf":{"konfigurator_product_name":"","konfigurator_product_description":"","konfigurator_product_image_url":""},"yoast_head":"<!-- This site is optimized with the Yoast SEO plugin v27.3 - https:\/\/yoast.com\/product\/yoast-seo-wordpress\/ -->\n<title>CBD c\u00e1\u00f1amo suero lifting facial 300 mg cbd Mikka - Pharma Hemp %<\/title>\n<meta name=\"description\" content=\"El s\u00e9rum lifting facial de c\u00e1\u00f1amo con CBD reafirma y alisa la piel para un aspecto levantado y juvenil. Textura ligera con resultados tonificantes visibles.\" \/>\n<meta name=\"robots\" content=\"index, follow, max-snippet:-1, max-image-preview:large, max-video-preview:-1\" \/>\n<link rel=\"canonical\" href=\"https:\/\/pharma-hemp.com\/es\/shop\/mikka-suero-lifting\/\" \/>\n<meta property=\"og:locale\" content=\"es_ES\" \/>\n<meta property=\"og:type\" content=\"article\" \/>\n<meta property=\"og:title\" content=\"CBD c\u00e1\u00f1amo suero lifting facial 300 mg cbd Mikka - Pharma Hemp %\" \/>\n<meta property=\"og:description\" content=\"El s\u00e9rum lifting facial de c\u00e1\u00f1amo con CBD reafirma y alisa la piel para un aspecto levantado y juvenil. Textura ligera con resultados tonificantes visibles.\" \/>\n<meta property=\"og:url\" content=\"https:\/\/pharma-hemp.com\/es\/shop\/mikka-suero-lifting\/\" \/>\n<meta property=\"og:site_name\" content=\"Pharma Hemp\" \/>\n<meta property=\"article:modified_time\" content=\"2026-04-08T08:32:37+00:00\" \/>\n<meta property=\"og:image\" content=\"https:\/\/pharma-hemp.com\/wp-content\/uploads\/2025\/05\/DAY-SERUM-1.png\" \/>\n\t<meta property=\"og:image:width\" content=\"600\" \/>\n\t<meta property=\"og:image:height\" content=\"600\" \/>\n\t<meta property=\"og:image:type\" content=\"image\/png\" \/>\n<meta name=\"twitter:card\" content=\"summary_large_image\" \/>\n<meta name=\"twitter:label1\" content=\"Tiempo de lectura\" \/>\n\t<meta name=\"twitter:data1\" content=\"1 minuto\" \/>\n<script type=\"application\/ld+json\" class=\"yoast-schema-graph\">{\"@context\":\"https:\\\/\\\/schema.org\",\"@graph\":[{\"@type\":\"WebPage\",\"@id\":\"https:\\\/\\\/pharma-hemp.com\\\/es\\\/shop\\\/mikka-suero-lifting\\\/\",\"url\":\"https:\\\/\\\/pharma-hemp.com\\\/es\\\/shop\\\/mikka-suero-lifting\\\/\",\"name\":\"CBD c\u00e1\u00f1amo suero lifting facial 300 mg cbd Mikka - Pharma Hemp %\",\"isPartOf\":{\"@id\":\"https:\\\/\\\/pharma-hemp.com\\\/es\\\/#website\"},\"primaryImageOfPage\":{\"@id\":\"https:\\\/\\\/pharma-hemp.com\\\/es\\\/shop\\\/mikka-suero-lifting\\\/#primaryimage\"},\"image\":{\"@id\":\"https:\\\/\\\/pharma-hemp.com\\\/es\\\/shop\\\/mikka-suero-lifting\\\/#primaryimage\"},\"thumbnailUrl\":\"https:\\\/\\\/pharma-hemp.com\\\/wp-content\\\/uploads\\\/2025\\\/05\\\/DAY-SERUM-1.png\",\"datePublished\":\"2025-05-05T07:07:00+00:00\",\"dateModified\":\"2026-04-08T08:32:37+00:00\",\"description\":\"El s\u00e9rum lifting facial de c\u00e1\u00f1amo con CBD reafirma y alisa la piel para un aspecto levantado y juvenil. Textura ligera con resultados tonificantes visibles.\",\"breadcrumb\":{\"@id\":\"https:\\\/\\\/pharma-hemp.com\\\/es\\\/shop\\\/mikka-suero-lifting\\\/#breadcrumb\"},\"inLanguage\":\"es\",\"potentialAction\":[{\"@type\":\"ReadAction\",\"target\":[\"https:\\\/\\\/pharma-hemp.com\\\/es\\\/shop\\\/mikka-suero-lifting\\\/\"]}]},{\"@type\":\"ImageObject\",\"inLanguage\":\"es\",\"@id\":\"https:\\\/\\\/pharma-hemp.com\\\/es\\\/shop\\\/mikka-suero-lifting\\\/#primaryimage\",\"url\":\"https:\\\/\\\/pharma-hemp.com\\\/wp-content\\\/uploads\\\/2025\\\/05\\\/DAY-SERUM-1.png\",\"contentUrl\":\"https:\\\/\\\/pharma-hemp.com\\\/wp-content\\\/uploads\\\/2025\\\/05\\\/DAY-SERUM-1.png\",\"width\":600,\"height\":600},{\"@type\":\"BreadcrumbList\",\"@id\":\"https:\\\/\\\/pharma-hemp.com\\\/es\\\/shop\\\/mikka-suero-lifting\\\/#breadcrumb\",\"itemListElement\":[{\"@type\":\"ListItem\",\"position\":1,\"name\":\"Home\",\"item\":\"https:\\\/\\\/pharma-hemp.com\\\/es\\\/\"},{\"@type\":\"ListItem\",\"position\":2,\"name\":\"Tienda\",\"item\":\"https:\\\/\\\/pharma-hemp.com\\\/es\\\/tienda\\\/\"},{\"@type\":\"ListItem\",\"position\":3,\"name\":\"Mikka Suero Lifting\"}]},{\"@type\":\"WebSite\",\"@id\":\"https:\\\/\\\/pharma-hemp.com\\\/es\\\/#website\",\"url\":\"https:\\\/\\\/pharma-hemp.com\\\/es\\\/\",\"name\":\"Pharma Hemp\",\"description\":\"CBD store\",\"publisher\":{\"@id\":\"https:\\\/\\\/pharma-hemp.com\\\/es\\\/#organization\"},\"potentialAction\":[{\"@type\":\"SearchAction\",\"target\":{\"@type\":\"EntryPoint\",\"urlTemplate\":\"https:\\\/\\\/pharma-hemp.com\\\/es\\\/?s={search_term_string}\"},\"query-input\":{\"@type\":\"PropertyValueSpecification\",\"valueRequired\":true,\"valueName\":\"search_term_string\"}}],\"inLanguage\":\"es\"},{\"@type\":\"Organization\",\"@id\":\"https:\\\/\\\/pharma-hemp.com\\\/es\\\/#organization\",\"name\":\"PharmaHemp\",\"url\":\"https:\\\/\\\/pharma-hemp.com\\\/es\\\/\",\"logo\":{\"@type\":\"ImageObject\",\"inLanguage\":\"es\",\"@id\":\"https:\\\/\\\/pharma-hemp.com\\\/es\\\/#\\\/schema\\\/logo\\\/image\\\/\",\"url\":\"https:\\\/\\\/pharma-hemp.com\\\/wp-content\\\/uploads\\\/2025\\\/04\\\/Pharma-Hemp-logo_crn-1.png\",\"contentUrl\":\"https:\\\/\\\/pharma-hemp.com\\\/wp-content\\\/uploads\\\/2025\\\/04\\\/Pharma-Hemp-logo_crn-1.png\",\"width\":200,\"height\":44,\"caption\":\"PharmaHemp\"},\"image\":{\"@id\":\"https:\\\/\\\/pharma-hemp.com\\\/es\\\/#\\\/schema\\\/logo\\\/image\\\/\"}}]}<\/script>\n<!-- \/ Yoast SEO plugin. -->","yoast_head_json":{"title":"CBD c\u00e1\u00f1amo suero lifting facial 300 mg cbd Mikka - Pharma Hemp %","description":"El s\u00e9rum lifting facial de c\u00e1\u00f1amo con CBD reafirma y alisa la piel para un aspecto levantado y juvenil. Textura ligera con resultados tonificantes visibles.","robots":{"index":"index","follow":"follow","max-snippet":"max-snippet:-1","max-image-preview":"max-image-preview:large","max-video-preview":"max-video-preview:-1"},"canonical":"https:\/\/pharma-hemp.com\/es\/shop\/mikka-suero-lifting\/","og_locale":"es_ES","og_type":"article","og_title":"CBD c\u00e1\u00f1amo suero lifting facial 300 mg cbd Mikka - Pharma Hemp %","og_description":"El s\u00e9rum lifting facial de c\u00e1\u00f1amo con CBD reafirma y alisa la piel para un aspecto levantado y juvenil. Textura ligera con resultados tonificantes visibles.","og_url":"https:\/\/pharma-hemp.com\/es\/shop\/mikka-suero-lifting\/","og_site_name":"Pharma Hemp","article_modified_time":"2026-04-08T08:32:37+00:00","og_image":[{"width":600,"height":600,"url":"https:\/\/pharma-hemp.com\/wp-content\/uploads\/2025\/05\/DAY-SERUM-1.png","type":"image\/png"}],"twitter_card":"summary_large_image","twitter_misc":{"Tiempo de lectura":"1 minuto"},"schema":{"@context":"https:\/\/schema.org","@graph":[{"@type":"WebPage","@id":"https:\/\/pharma-hemp.com\/es\/shop\/mikka-suero-lifting\/","url":"https:\/\/pharma-hemp.com\/es\/shop\/mikka-suero-lifting\/","name":"CBD c\u00e1\u00f1amo suero lifting facial 300 mg cbd Mikka - Pharma Hemp %","isPartOf":{"@id":"https:\/\/pharma-hemp.com\/es\/#website"},"primaryImageOfPage":{"@id":"https:\/\/pharma-hemp.com\/es\/shop\/mikka-suero-lifting\/#primaryimage"},"image":{"@id":"https:\/\/pharma-hemp.com\/es\/shop\/mikka-suero-lifting\/#primaryimage"},"thumbnailUrl":"https:\/\/pharma-hemp.com\/wp-content\/uploads\/2025\/05\/DAY-SERUM-1.png","datePublished":"2025-05-05T07:07:00+00:00","dateModified":"2026-04-08T08:32:37+00:00","description":"El s\u00e9rum lifting facial de c\u00e1\u00f1amo con CBD reafirma y alisa la piel para un aspecto levantado y juvenil. Textura ligera con resultados tonificantes visibles.","breadcrumb":{"@id":"https:\/\/pharma-hemp.com\/es\/shop\/mikka-suero-lifting\/#breadcrumb"},"inLanguage":"es","potentialAction":[{"@type":"ReadAction","target":["https:\/\/pharma-hemp.com\/es\/shop\/mikka-suero-lifting\/"]}]},{"@type":"ImageObject","inLanguage":"es","@id":"https:\/\/pharma-hemp.com\/es\/shop\/mikka-suero-lifting\/#primaryimage","url":"https:\/\/pharma-hemp.com\/wp-content\/uploads\/2025\/05\/DAY-SERUM-1.png","contentUrl":"https:\/\/pharma-hemp.com\/wp-content\/uploads\/2025\/05\/DAY-SERUM-1.png","width":600,"height":600},{"@type":"BreadcrumbList","@id":"https:\/\/pharma-hemp.com\/es\/shop\/mikka-suero-lifting\/#breadcrumb","itemListElement":[{"@type":"ListItem","position":1,"name":"Home","item":"https:\/\/pharma-hemp.com\/es\/"},{"@type":"ListItem","position":2,"name":"Tienda","item":"https:\/\/pharma-hemp.com\/es\/tienda\/"},{"@type":"ListItem","position":3,"name":"Mikka Suero Lifting"}]},{"@type":"WebSite","@id":"https:\/\/pharma-hemp.com\/es\/#website","url":"https:\/\/pharma-hemp.com\/es\/","name":"Pharma Hemp","description":"CBD store","publisher":{"@id":"https:\/\/pharma-hemp.com\/es\/#organization"},"potentialAction":[{"@type":"SearchAction","target":{"@type":"EntryPoint","urlTemplate":"https:\/\/pharma-hemp.com\/es\/?s={search_term_string}"},"query-input":{"@type":"PropertyValueSpecification","valueRequired":true,"valueName":"search_term_string"}}],"inLanguage":"es"},{"@type":"Organization","@id":"https:\/\/pharma-hemp.com\/es\/#organization","name":"PharmaHemp","url":"https:\/\/pharma-hemp.com\/es\/","logo":{"@type":"ImageObject","inLanguage":"es","@id":"https:\/\/pharma-hemp.com\/es\/#\/schema\/logo\/image\/","url":"https:\/\/pharma-hemp.com\/wp-content\/uploads\/2025\/04\/Pharma-Hemp-logo_crn-1.png","contentUrl":"https:\/\/pharma-hemp.com\/wp-content\/uploads\/2025\/04\/Pharma-Hemp-logo_crn-1.png","width":200,"height":44,"caption":"PharmaHemp"},"image":{"@id":"https:\/\/pharma-hemp.com\/es\/#\/schema\/logo\/image\/"}}]}},"_links":{"self":[{"href":"https:\/\/pharma-hemp.com\/es\/wp-json\/wp\/v2\/product\/576256","targetHints":{"allow":["GET"]}}],"collection":[{"href":"https:\/\/pharma-hemp.com\/es\/wp-json\/wp\/v2\/product"}],"about":[{"href":"https:\/\/pharma-hemp.com\/es\/wp-json\/wp\/v2\/types\/product"}],"wp:featuredmedia":[{"embeddable":true,"href":"https:\/\/pharma-hemp.com\/es\/wp-json\/wp\/v2\/media\/576227"}],"wp:attachment":[{"href":"https:\/\/pharma-hemp.com\/es\/wp-json\/wp\/v2\/media?parent=576256"}],"wp:term":[{"taxonomy":"product_brand","embeddable":true,"href":"https:\/\/pharma-hemp.com\/es\/wp-json\/wp\/v2\/product_brand?post=576256"},{"taxonomy":"product_cat","embeddable":true,"href":"https:\/\/pharma-hemp.com\/es\/wp-json\/wp\/v2\/product_cat?post=576256"},{"taxonomy":"product_tag","embeddable":true,"href":"https:\/\/pharma-hemp.com\/es\/wp-json\/wp\/v2\/product_tag?post=576256"}],"curies":[{"name":"wp","href":"https:\/\/api.w.org\/{rel}","templated":true}]}}