{"id":576244,"date":"2025-05-06T08:32:12","date_gmt":"2025-05-06T06:32:12","guid":{"rendered":"https:\/\/pharma-hemp.com\/?post_type=product&#038;p=576244"},"modified":"2026-03-04T10:16:31","modified_gmt":"2026-03-04T08:16:31","slug":"pha-nutritionals-gotas-para-dormir","status":"publish","type":"product","link":"https:\/\/pharma-hemp.com\/es\/shop\/pha-nutritionals-gotas-para-dormir\/","title":{"rendered":"PHA Nutritionals SLEEP gotas"},"content":{"rendered":"","protected":false},"excerpt":{"rendered":"<p><span style=\"font-weight: 400;\">Descansa tranquilo, de forma natural. Estas gotas para dormir, formuladas por expertos, combinan melatonina con extractos de hierbas calmantes para favorecer un sue\u00f1o profundo y reparador. Tanto si luchas contra el insomnio como si simplemente quieres relajarte mejor, esta f\u00f3rmula ayuda a restablecer tu ritmo y aporta calma a tu noche. <\/span><span style=\"font-weight: 400;\">Suave. Eficaz. Natural. La ayuda para dormir que tu cuerpo realmente entiende. <\/span><\/p>\n","protected":false},"featured_media":572779,"template":"","meta":[],"product_brand":[],"product_cat":[303,300,327,299],"product_tag":[1330,1324,1091,1325,1032,1327,1329,1034,1326,1328],"class_list":{"0":"post-576244","1":"product","2":"type-product","3":"status-publish","4":"has-post-thumbnail","6":"product_cat-enfriate","7":"product_cat-gotas","8":"product_cat-gotas-box","9":"product_cat-otras-marcas","10":"product_tag-articulaciones-edad","11":"product_tag-articulaciones-rigidas","12":"product_tag-artritis","13":"product_tag-cartilago","14":"product_tag-dolor-articular","15":"product_tag-dolor-rodilla","16":"product_tag-glucosamina","17":"product_tag-inflamacion","18":"product_tag-movilidad","19":"product_tag-soporte-articular","21":"first","22":"instock","23":"shipping-taxable","24":"purchasable","25":"product-type-simple"},"acf":{"konfigurator_product_name":"","konfigurator_product_description":"","konfigurator_product_image_url":""},"yoast_head":"<!-- This site is optimized with the Yoast SEO plugin v27.3 - https:\/\/yoast.com\/product\/yoast-seo-wordpress\/ -->\n<title>PHA Nutritionals SLEEP gotas - Pharma Hemp<\/title>\n<meta name=\"description\" content=\"Las gotas del sue\u00f1o PHA Nutritionals favorecen el inicio del sue\u00f1o, promueven la relajaci\u00f3n y tienen un efecto sin\u00e9rgico.\" \/>\n<meta name=\"robots\" content=\"index, follow, max-snippet:-1, max-image-preview:large, max-video-preview:-1\" \/>\n<link rel=\"canonical\" href=\"https:\/\/pharma-hemp.com\/es\/shop\/pha-nutritionals-gotas-para-dormir\/\" \/>\n<meta property=\"og:locale\" content=\"es_ES\" \/>\n<meta property=\"og:type\" content=\"article\" \/>\n<meta property=\"og:title\" content=\"PHA Nutritionals SLEEP gotas - Pharma Hemp\" \/>\n<meta property=\"og:description\" content=\"Las gotas del sue\u00f1o PHA Nutritionals favorecen el inicio del sue\u00f1o, promueven la relajaci\u00f3n y tienen un efecto sin\u00e9rgico.\" \/>\n<meta property=\"og:url\" content=\"https:\/\/pharma-hemp.com\/es\/shop\/pha-nutritionals-gotas-para-dormir\/\" \/>\n<meta property=\"og:site_name\" content=\"Pharma Hemp\" \/>\n<meta property=\"article:modified_time\" content=\"2026-03-04T08:16:31+00:00\" \/>\n<meta property=\"og:image\" content=\"https:\/\/pharma-hemp.com\/wp-content\/uploads\/2025\/05\/LiparDesignPhotography-02000.jpg\" \/>\n\t<meta property=\"og:image:width\" content=\"2048\" \/>\n\t<meta property=\"og:image:height\" content=\"2048\" \/>\n\t<meta property=\"og:image:type\" content=\"image\/jpeg\" \/>\n<meta name=\"twitter:card\" content=\"summary_large_image\" \/>\n<meta name=\"twitter:label1\" content=\"Tiempo de lectura\" \/>\n\t<meta name=\"twitter:data1\" content=\"1 minuto\" \/>\n<script type=\"application\/ld+json\" class=\"yoast-schema-graph\">{\"@context\":\"https:\\\/\\\/schema.org\",\"@graph\":[{\"@type\":\"WebPage\",\"@id\":\"https:\\\/\\\/pharma-hemp.com\\\/es\\\/shop\\\/pha-nutritionals-gotas-para-dormir\\\/\",\"url\":\"https:\\\/\\\/pharma-hemp.com\\\/es\\\/shop\\\/pha-nutritionals-gotas-para-dormir\\\/\",\"name\":\"PHA Nutritionals SLEEP gotas - Pharma Hemp\",\"isPartOf\":{\"@id\":\"https:\\\/\\\/pharma-hemp.com\\\/es\\\/#website\"},\"primaryImageOfPage\":{\"@id\":\"https:\\\/\\\/pharma-hemp.com\\\/es\\\/shop\\\/pha-nutritionals-gotas-para-dormir\\\/#primaryimage\"},\"image\":{\"@id\":\"https:\\\/\\\/pharma-hemp.com\\\/es\\\/shop\\\/pha-nutritionals-gotas-para-dormir\\\/#primaryimage\"},\"thumbnailUrl\":\"https:\\\/\\\/pharma-hemp.com\\\/wp-content\\\/uploads\\\/2025\\\/05\\\/LiparDesignPhotography-02000.jpg\",\"datePublished\":\"2025-05-06T06:32:12+00:00\",\"dateModified\":\"2026-03-04T08:16:31+00:00\",\"description\":\"Las gotas del sue\u00f1o PHA Nutritionals favorecen el inicio del sue\u00f1o, promueven la relajaci\u00f3n y tienen un efecto sin\u00e9rgico.\",\"breadcrumb\":{\"@id\":\"https:\\\/\\\/pharma-hemp.com\\\/es\\\/shop\\\/pha-nutritionals-gotas-para-dormir\\\/#breadcrumb\"},\"inLanguage\":\"es\",\"potentialAction\":[{\"@type\":\"ReadAction\",\"target\":[\"https:\\\/\\\/pharma-hemp.com\\\/es\\\/shop\\\/pha-nutritionals-gotas-para-dormir\\\/\"]}]},{\"@type\":\"ImageObject\",\"inLanguage\":\"es\",\"@id\":\"https:\\\/\\\/pharma-hemp.com\\\/es\\\/shop\\\/pha-nutritionals-gotas-para-dormir\\\/#primaryimage\",\"url\":\"https:\\\/\\\/pharma-hemp.com\\\/wp-content\\\/uploads\\\/2025\\\/05\\\/LiparDesignPhotography-02000.jpg\",\"contentUrl\":\"https:\\\/\\\/pharma-hemp.com\\\/wp-content\\\/uploads\\\/2025\\\/05\\\/LiparDesignPhotography-02000.jpg\",\"width\":2048,\"height\":2048,\"caption\":\"pha nutritionals gotas para dormir con melatonina\"},{\"@type\":\"BreadcrumbList\",\"@id\":\"https:\\\/\\\/pharma-hemp.com\\\/es\\\/shop\\\/pha-nutritionals-gotas-para-dormir\\\/#breadcrumb\",\"itemListElement\":[{\"@type\":\"ListItem\",\"position\":1,\"name\":\"Home\",\"item\":\"https:\\\/\\\/pharma-hemp.com\\\/es\\\/\"},{\"@type\":\"ListItem\",\"position\":2,\"name\":\"Tienda\",\"item\":\"https:\\\/\\\/pharma-hemp.com\\\/es\\\/tienda\\\/\"},{\"@type\":\"ListItem\",\"position\":3,\"name\":\"PHA Nutritionals SLEEP gotas\"}]},{\"@type\":\"WebSite\",\"@id\":\"https:\\\/\\\/pharma-hemp.com\\\/es\\\/#website\",\"url\":\"https:\\\/\\\/pharma-hemp.com\\\/es\\\/\",\"name\":\"Pharma Hemp\",\"description\":\"CBD store\",\"publisher\":{\"@id\":\"https:\\\/\\\/pharma-hemp.com\\\/es\\\/#organization\"},\"potentialAction\":[{\"@type\":\"SearchAction\",\"target\":{\"@type\":\"EntryPoint\",\"urlTemplate\":\"https:\\\/\\\/pharma-hemp.com\\\/es\\\/?s={search_term_string}\"},\"query-input\":{\"@type\":\"PropertyValueSpecification\",\"valueRequired\":true,\"valueName\":\"search_term_string\"}}],\"inLanguage\":\"es\"},{\"@type\":\"Organization\",\"@id\":\"https:\\\/\\\/pharma-hemp.com\\\/es\\\/#organization\",\"name\":\"PharmaHemp\",\"url\":\"https:\\\/\\\/pharma-hemp.com\\\/es\\\/\",\"logo\":{\"@type\":\"ImageObject\",\"inLanguage\":\"es\",\"@id\":\"https:\\\/\\\/pharma-hemp.com\\\/es\\\/#\\\/schema\\\/logo\\\/image\\\/\",\"url\":\"https:\\\/\\\/pharma-hemp.com\\\/wp-content\\\/uploads\\\/2025\\\/04\\\/Pharma-Hemp-logo_crn-1.png\",\"contentUrl\":\"https:\\\/\\\/pharma-hemp.com\\\/wp-content\\\/uploads\\\/2025\\\/04\\\/Pharma-Hemp-logo_crn-1.png\",\"width\":200,\"height\":44,\"caption\":\"PharmaHemp\"},\"image\":{\"@id\":\"https:\\\/\\\/pharma-hemp.com\\\/es\\\/#\\\/schema\\\/logo\\\/image\\\/\"}}]}<\/script>\n<!-- \/ Yoast SEO plugin. -->","yoast_head_json":{"title":"PHA Nutritionals SLEEP gotas - Pharma Hemp","description":"Las gotas del sue\u00f1o PHA Nutritionals favorecen el inicio del sue\u00f1o, promueven la relajaci\u00f3n y tienen un efecto sin\u00e9rgico.","robots":{"index":"index","follow":"follow","max-snippet":"max-snippet:-1","max-image-preview":"max-image-preview:large","max-video-preview":"max-video-preview:-1"},"canonical":"https:\/\/pharma-hemp.com\/es\/shop\/pha-nutritionals-gotas-para-dormir\/","og_locale":"es_ES","og_type":"article","og_title":"PHA Nutritionals SLEEP gotas - Pharma Hemp","og_description":"Las gotas del sue\u00f1o PHA Nutritionals favorecen el inicio del sue\u00f1o, promueven la relajaci\u00f3n y tienen un efecto sin\u00e9rgico.","og_url":"https:\/\/pharma-hemp.com\/es\/shop\/pha-nutritionals-gotas-para-dormir\/","og_site_name":"Pharma Hemp","article_modified_time":"2026-03-04T08:16:31+00:00","og_image":[{"width":2048,"height":2048,"url":"https:\/\/pharma-hemp.com\/wp-content\/uploads\/2025\/05\/LiparDesignPhotography-02000.jpg","type":"image\/jpeg"}],"twitter_card":"summary_large_image","twitter_misc":{"Tiempo de lectura":"1 minuto"},"schema":{"@context":"https:\/\/schema.org","@graph":[{"@type":"WebPage","@id":"https:\/\/pharma-hemp.com\/es\/shop\/pha-nutritionals-gotas-para-dormir\/","url":"https:\/\/pharma-hemp.com\/es\/shop\/pha-nutritionals-gotas-para-dormir\/","name":"PHA Nutritionals SLEEP gotas - Pharma Hemp","isPartOf":{"@id":"https:\/\/pharma-hemp.com\/es\/#website"},"primaryImageOfPage":{"@id":"https:\/\/pharma-hemp.com\/es\/shop\/pha-nutritionals-gotas-para-dormir\/#primaryimage"},"image":{"@id":"https:\/\/pharma-hemp.com\/es\/shop\/pha-nutritionals-gotas-para-dormir\/#primaryimage"},"thumbnailUrl":"https:\/\/pharma-hemp.com\/wp-content\/uploads\/2025\/05\/LiparDesignPhotography-02000.jpg","datePublished":"2025-05-06T06:32:12+00:00","dateModified":"2026-03-04T08:16:31+00:00","description":"Las gotas del sue\u00f1o PHA Nutritionals favorecen el inicio del sue\u00f1o, promueven la relajaci\u00f3n y tienen un efecto sin\u00e9rgico.","breadcrumb":{"@id":"https:\/\/pharma-hemp.com\/es\/shop\/pha-nutritionals-gotas-para-dormir\/#breadcrumb"},"inLanguage":"es","potentialAction":[{"@type":"ReadAction","target":["https:\/\/pharma-hemp.com\/es\/shop\/pha-nutritionals-gotas-para-dormir\/"]}]},{"@type":"ImageObject","inLanguage":"es","@id":"https:\/\/pharma-hemp.com\/es\/shop\/pha-nutritionals-gotas-para-dormir\/#primaryimage","url":"https:\/\/pharma-hemp.com\/wp-content\/uploads\/2025\/05\/LiparDesignPhotography-02000.jpg","contentUrl":"https:\/\/pharma-hemp.com\/wp-content\/uploads\/2025\/05\/LiparDesignPhotography-02000.jpg","width":2048,"height":2048,"caption":"pha nutritionals gotas para dormir con melatonina"},{"@type":"BreadcrumbList","@id":"https:\/\/pharma-hemp.com\/es\/shop\/pha-nutritionals-gotas-para-dormir\/#breadcrumb","itemListElement":[{"@type":"ListItem","position":1,"name":"Home","item":"https:\/\/pharma-hemp.com\/es\/"},{"@type":"ListItem","position":2,"name":"Tienda","item":"https:\/\/pharma-hemp.com\/es\/tienda\/"},{"@type":"ListItem","position":3,"name":"PHA Nutritionals SLEEP gotas"}]},{"@type":"WebSite","@id":"https:\/\/pharma-hemp.com\/es\/#website","url":"https:\/\/pharma-hemp.com\/es\/","name":"Pharma Hemp","description":"CBD store","publisher":{"@id":"https:\/\/pharma-hemp.com\/es\/#organization"},"potentialAction":[{"@type":"SearchAction","target":{"@type":"EntryPoint","urlTemplate":"https:\/\/pharma-hemp.com\/es\/?s={search_term_string}"},"query-input":{"@type":"PropertyValueSpecification","valueRequired":true,"valueName":"search_term_string"}}],"inLanguage":"es"},{"@type":"Organization","@id":"https:\/\/pharma-hemp.com\/es\/#organization","name":"PharmaHemp","url":"https:\/\/pharma-hemp.com\/es\/","logo":{"@type":"ImageObject","inLanguage":"es","@id":"https:\/\/pharma-hemp.com\/es\/#\/schema\/logo\/image\/","url":"https:\/\/pharma-hemp.com\/wp-content\/uploads\/2025\/04\/Pharma-Hemp-logo_crn-1.png","contentUrl":"https:\/\/pharma-hemp.com\/wp-content\/uploads\/2025\/04\/Pharma-Hemp-logo_crn-1.png","width":200,"height":44,"caption":"PharmaHemp"},"image":{"@id":"https:\/\/pharma-hemp.com\/es\/#\/schema\/logo\/image\/"}}]}},"_links":{"self":[{"href":"https:\/\/pharma-hemp.com\/es\/wp-json\/wp\/v2\/product\/576244","targetHints":{"allow":["GET"]}}],"collection":[{"href":"https:\/\/pharma-hemp.com\/es\/wp-json\/wp\/v2\/product"}],"about":[{"href":"https:\/\/pharma-hemp.com\/es\/wp-json\/wp\/v2\/types\/product"}],"wp:featuredmedia":[{"embeddable":true,"href":"https:\/\/pharma-hemp.com\/es\/wp-json\/wp\/v2\/media\/572779"}],"wp:attachment":[{"href":"https:\/\/pharma-hemp.com\/es\/wp-json\/wp\/v2\/media?parent=576244"}],"wp:term":[{"taxonomy":"product_brand","embeddable":true,"href":"https:\/\/pharma-hemp.com\/es\/wp-json\/wp\/v2\/product_brand?post=576244"},{"taxonomy":"product_cat","embeddable":true,"href":"https:\/\/pharma-hemp.com\/es\/wp-json\/wp\/v2\/product_cat?post=576244"},{"taxonomy":"product_tag","embeddable":true,"href":"https:\/\/pharma-hemp.com\/es\/wp-json\/wp\/v2\/product_tag?post=576244"}],"curies":[{"name":"wp","href":"https:\/\/api.w.org\/{rel}","templated":true}]}}