{"id":576243,"date":"2025-05-06T08:48:32","date_gmt":"2025-05-06T06:48:32","guid":{"rendered":"https:\/\/pharma-hemp.com\/?post_type=product&#038;p=576243"},"modified":"2026-03-06T10:05:22","modified_gmt":"2026-03-06T08:05:22","slug":"mycomix-inmun-k-70g","status":"publish","type":"product","link":"https:\/\/pharma-hemp.com\/es\/shop\/mycomix-inmun-k-70g\/","title":{"rendered":"MYCOMIX INMUN K (70G)"},"content":{"rendered":"","protected":false},"excerpt":{"rendered":"<p>SUPERMEZCLA REFORZADORA INMUNOL\u00d3GICA<\/p>\n<p><span style=\"font-weight: 400;\">Suplemento de setas de espectro completo formulado para mejorar la funci\u00f3n inmunitaria y combatir la fatiga.<\/span><\/p>\n","protected":false},"featured_media":576253,"template":"","meta":[],"product_brand":[],"product_cat":[302,303,298,297,299],"product_tag":[1686,1691,1720,1721,1719,1722,307,1707,1687,1723,1718],"class_list":{"0":"post-576243","1":"product","2":"type-product","3":"status-publish","4":"has-post-thumbnail","6":"product_cat-capsulas","7":"product_cat-enfriate","8":"product_cat-inmunidad","9":"product_cat-mente","10":"product_cat-otras-marcas","11":"product_tag-baja-resistencia","12":"product_tag-capsulas","13":"product_tag-capsulas-inmunidad","14":"product_tag-desequilibrio-inmunologico","15":"product_tag-enfermedades-frecuentes","16":"product_tag-fatiga-general","17":"product_tag-gotas","18":"product_tag-hongos-inmunidad","19":"product_tag-recuperacion-lenta","20":"product_tag-salud-a-largo-plazo","21":"product_tag-sistema-inmune-debil","23":"first","24":"outofstock","25":"shipping-taxable","26":"purchasable","27":"product-type-simple"},"acf":{"konfigurator_product_name":"","konfigurator_product_description":"","konfigurator_product_image_url":""},"yoast_head":"<!-- This site is optimized with the Yoast SEO plugin v27.3 - https:\/\/yoast.com\/product\/yoast-seo-wordpress\/ -->\n<title>C\u00e1psulas de setas MYCOMIX IMMUN K (70G) - Pharma Hemp<\/title>\n<meta name=\"description\" content=\"C\u00e1psulas de hongos MYCOMIX IMMUN K (70G) Aumenta la energ\u00eda, el vigor y la resistencia inmunitaria. Refuerza la respuesta inmunitaria y favorece la salud del coraz\u00f3n.\" \/>\n<meta name=\"robots\" content=\"index, follow, max-snippet:-1, max-image-preview:large, max-video-preview:-1\" \/>\n<link rel=\"canonical\" href=\"https:\/\/pharma-hemp.com\/es\/shop\/mycomix-inmun-k-70g\/\" \/>\n<meta property=\"og:locale\" content=\"es_ES\" \/>\n<meta property=\"og:type\" content=\"article\" \/>\n<meta property=\"og:title\" content=\"C\u00e1psulas de setas MYCOMIX IMMUN K (70G) - Pharma Hemp\" \/>\n<meta property=\"og:description\" content=\"C\u00e1psulas de hongos MYCOMIX IMMUN K (70G) Aumenta la energ\u00eda, el vigor y la resistencia inmunitaria. Refuerza la respuesta inmunitaria y favorece la salud del coraz\u00f3n.\" \/>\n<meta property=\"og:url\" content=\"https:\/\/pharma-hemp.com\/es\/shop\/mycomix-inmun-k-70g\/\" \/>\n<meta property=\"og:site_name\" content=\"Pharma Hemp\" \/>\n<meta property=\"article:modified_time\" content=\"2026-03-06T08:05:22+00:00\" \/>\n<meta property=\"og:image\" content=\"https:\/\/pharma-hemp.com\/wp-content\/uploads\/2025\/05\/MYXOMIX-IMMUN-K-70G_1.png\" \/>\n\t<meta property=\"og:image:width\" content=\"800\" \/>\n\t<meta property=\"og:image:height\" content=\"800\" \/>\n\t<meta property=\"og:image:type\" content=\"image\/png\" \/>\n<meta name=\"twitter:card\" content=\"summary_large_image\" \/>\n<meta name=\"twitter:label1\" content=\"Tiempo de lectura\" \/>\n\t<meta name=\"twitter:data1\" content=\"1 minuto\" \/>\n<script type=\"application\/ld+json\" class=\"yoast-schema-graph\">{\"@context\":\"https:\\\/\\\/schema.org\",\"@graph\":[{\"@type\":\"WebPage\",\"@id\":\"https:\\\/\\\/pharma-hemp.com\\\/es\\\/shop\\\/mycomix-inmun-k-70g\\\/\",\"url\":\"https:\\\/\\\/pharma-hemp.com\\\/es\\\/shop\\\/mycomix-inmun-k-70g\\\/\",\"name\":\"C\u00e1psulas de setas MYCOMIX IMMUN K (70G) - Pharma Hemp\",\"isPartOf\":{\"@id\":\"https:\\\/\\\/pharma-hemp.com\\\/es\\\/#website\"},\"primaryImageOfPage\":{\"@id\":\"https:\\\/\\\/pharma-hemp.com\\\/es\\\/shop\\\/mycomix-inmun-k-70g\\\/#primaryimage\"},\"image\":{\"@id\":\"https:\\\/\\\/pharma-hemp.com\\\/es\\\/shop\\\/mycomix-inmun-k-70g\\\/#primaryimage\"},\"thumbnailUrl\":\"https:\\\/\\\/pharma-hemp.com\\\/wp-content\\\/uploads\\\/2025\\\/05\\\/MYXOMIX-IMMUN-K-70G_1.png\",\"datePublished\":\"2025-05-06T06:48:32+00:00\",\"dateModified\":\"2026-03-06T08:05:22+00:00\",\"description\":\"C\u00e1psulas de hongos MYCOMIX IMMUN K (70G) Aumenta la energ\u00eda, el vigor y la resistencia inmunitaria. Refuerza la respuesta inmunitaria y favorece la salud del coraz\u00f3n.\",\"breadcrumb\":{\"@id\":\"https:\\\/\\\/pharma-hemp.com\\\/es\\\/shop\\\/mycomix-inmun-k-70g\\\/#breadcrumb\"},\"inLanguage\":\"es\",\"potentialAction\":[{\"@type\":\"ReadAction\",\"target\":[\"https:\\\/\\\/pharma-hemp.com\\\/es\\\/shop\\\/mycomix-inmun-k-70g\\\/\"]}]},{\"@type\":\"ImageObject\",\"inLanguage\":\"es\",\"@id\":\"https:\\\/\\\/pharma-hemp.com\\\/es\\\/shop\\\/mycomix-inmun-k-70g\\\/#primaryimage\",\"url\":\"https:\\\/\\\/pharma-hemp.com\\\/wp-content\\\/uploads\\\/2025\\\/05\\\/MYXOMIX-IMMUN-K-70G_1.png\",\"contentUrl\":\"https:\\\/\\\/pharma-hemp.com\\\/wp-content\\\/uploads\\\/2025\\\/05\\\/MYXOMIX-IMMUN-K-70G_1.png\",\"width\":800,\"height\":800},{\"@type\":\"BreadcrumbList\",\"@id\":\"https:\\\/\\\/pharma-hemp.com\\\/es\\\/shop\\\/mycomix-inmun-k-70g\\\/#breadcrumb\",\"itemListElement\":[{\"@type\":\"ListItem\",\"position\":1,\"name\":\"Home\",\"item\":\"https:\\\/\\\/pharma-hemp.com\\\/es\\\/\"},{\"@type\":\"ListItem\",\"position\":2,\"name\":\"Tienda\",\"item\":\"https:\\\/\\\/pharma-hemp.com\\\/es\\\/tienda\\\/\"},{\"@type\":\"ListItem\",\"position\":3,\"name\":\"MYCOMIX INMUN K (70G)\"}]},{\"@type\":\"WebSite\",\"@id\":\"https:\\\/\\\/pharma-hemp.com\\\/es\\\/#website\",\"url\":\"https:\\\/\\\/pharma-hemp.com\\\/es\\\/\",\"name\":\"Pharma Hemp\",\"description\":\"CBD store\",\"publisher\":{\"@id\":\"https:\\\/\\\/pharma-hemp.com\\\/es\\\/#organization\"},\"potentialAction\":[{\"@type\":\"SearchAction\",\"target\":{\"@type\":\"EntryPoint\",\"urlTemplate\":\"https:\\\/\\\/pharma-hemp.com\\\/es\\\/?s={search_term_string}\"},\"query-input\":{\"@type\":\"PropertyValueSpecification\",\"valueRequired\":true,\"valueName\":\"search_term_string\"}}],\"inLanguage\":\"es\"},{\"@type\":\"Organization\",\"@id\":\"https:\\\/\\\/pharma-hemp.com\\\/es\\\/#organization\",\"name\":\"PharmaHemp\",\"url\":\"https:\\\/\\\/pharma-hemp.com\\\/es\\\/\",\"logo\":{\"@type\":\"ImageObject\",\"inLanguage\":\"es\",\"@id\":\"https:\\\/\\\/pharma-hemp.com\\\/es\\\/#\\\/schema\\\/logo\\\/image\\\/\",\"url\":\"https:\\\/\\\/pharma-hemp.com\\\/wp-content\\\/uploads\\\/2025\\\/04\\\/Pharma-Hemp-logo_crn-1.png\",\"contentUrl\":\"https:\\\/\\\/pharma-hemp.com\\\/wp-content\\\/uploads\\\/2025\\\/04\\\/Pharma-Hemp-logo_crn-1.png\",\"width\":200,\"height\":44,\"caption\":\"PharmaHemp\"},\"image\":{\"@id\":\"https:\\\/\\\/pharma-hemp.com\\\/es\\\/#\\\/schema\\\/logo\\\/image\\\/\"}}]}<\/script>\n<!-- \/ Yoast SEO plugin. -->","yoast_head_json":{"title":"C\u00e1psulas de setas MYCOMIX IMMUN K (70G) - Pharma Hemp","description":"C\u00e1psulas de hongos MYCOMIX IMMUN K (70G) Aumenta la energ\u00eda, el vigor y la resistencia inmunitaria. Refuerza la respuesta inmunitaria y favorece la salud del coraz\u00f3n.","robots":{"index":"index","follow":"follow","max-snippet":"max-snippet:-1","max-image-preview":"max-image-preview:large","max-video-preview":"max-video-preview:-1"},"canonical":"https:\/\/pharma-hemp.com\/es\/shop\/mycomix-inmun-k-70g\/","og_locale":"es_ES","og_type":"article","og_title":"C\u00e1psulas de setas MYCOMIX IMMUN K (70G) - Pharma Hemp","og_description":"C\u00e1psulas de hongos MYCOMIX IMMUN K (70G) Aumenta la energ\u00eda, el vigor y la resistencia inmunitaria. Refuerza la respuesta inmunitaria y favorece la salud del coraz\u00f3n.","og_url":"https:\/\/pharma-hemp.com\/es\/shop\/mycomix-inmun-k-70g\/","og_site_name":"Pharma Hemp","article_modified_time":"2026-03-06T08:05:22+00:00","og_image":[{"width":800,"height":800,"url":"https:\/\/pharma-hemp.com\/wp-content\/uploads\/2025\/05\/MYXOMIX-IMMUN-K-70G_1.png","type":"image\/png"}],"twitter_card":"summary_large_image","twitter_misc":{"Tiempo de lectura":"1 minuto"},"schema":{"@context":"https:\/\/schema.org","@graph":[{"@type":"WebPage","@id":"https:\/\/pharma-hemp.com\/es\/shop\/mycomix-inmun-k-70g\/","url":"https:\/\/pharma-hemp.com\/es\/shop\/mycomix-inmun-k-70g\/","name":"C\u00e1psulas de setas MYCOMIX IMMUN K (70G) - Pharma Hemp","isPartOf":{"@id":"https:\/\/pharma-hemp.com\/es\/#website"},"primaryImageOfPage":{"@id":"https:\/\/pharma-hemp.com\/es\/shop\/mycomix-inmun-k-70g\/#primaryimage"},"image":{"@id":"https:\/\/pharma-hemp.com\/es\/shop\/mycomix-inmun-k-70g\/#primaryimage"},"thumbnailUrl":"https:\/\/pharma-hemp.com\/wp-content\/uploads\/2025\/05\/MYXOMIX-IMMUN-K-70G_1.png","datePublished":"2025-05-06T06:48:32+00:00","dateModified":"2026-03-06T08:05:22+00:00","description":"C\u00e1psulas de hongos MYCOMIX IMMUN K (70G) Aumenta la energ\u00eda, el vigor y la resistencia inmunitaria. Refuerza la respuesta inmunitaria y favorece la salud del coraz\u00f3n.","breadcrumb":{"@id":"https:\/\/pharma-hemp.com\/es\/shop\/mycomix-inmun-k-70g\/#breadcrumb"},"inLanguage":"es","potentialAction":[{"@type":"ReadAction","target":["https:\/\/pharma-hemp.com\/es\/shop\/mycomix-inmun-k-70g\/"]}]},{"@type":"ImageObject","inLanguage":"es","@id":"https:\/\/pharma-hemp.com\/es\/shop\/mycomix-inmun-k-70g\/#primaryimage","url":"https:\/\/pharma-hemp.com\/wp-content\/uploads\/2025\/05\/MYXOMIX-IMMUN-K-70G_1.png","contentUrl":"https:\/\/pharma-hemp.com\/wp-content\/uploads\/2025\/05\/MYXOMIX-IMMUN-K-70G_1.png","width":800,"height":800},{"@type":"BreadcrumbList","@id":"https:\/\/pharma-hemp.com\/es\/shop\/mycomix-inmun-k-70g\/#breadcrumb","itemListElement":[{"@type":"ListItem","position":1,"name":"Home","item":"https:\/\/pharma-hemp.com\/es\/"},{"@type":"ListItem","position":2,"name":"Tienda","item":"https:\/\/pharma-hemp.com\/es\/tienda\/"},{"@type":"ListItem","position":3,"name":"MYCOMIX INMUN K (70G)"}]},{"@type":"WebSite","@id":"https:\/\/pharma-hemp.com\/es\/#website","url":"https:\/\/pharma-hemp.com\/es\/","name":"Pharma Hemp","description":"CBD store","publisher":{"@id":"https:\/\/pharma-hemp.com\/es\/#organization"},"potentialAction":[{"@type":"SearchAction","target":{"@type":"EntryPoint","urlTemplate":"https:\/\/pharma-hemp.com\/es\/?s={search_term_string}"},"query-input":{"@type":"PropertyValueSpecification","valueRequired":true,"valueName":"search_term_string"}}],"inLanguage":"es"},{"@type":"Organization","@id":"https:\/\/pharma-hemp.com\/es\/#organization","name":"PharmaHemp","url":"https:\/\/pharma-hemp.com\/es\/","logo":{"@type":"ImageObject","inLanguage":"es","@id":"https:\/\/pharma-hemp.com\/es\/#\/schema\/logo\/image\/","url":"https:\/\/pharma-hemp.com\/wp-content\/uploads\/2025\/04\/Pharma-Hemp-logo_crn-1.png","contentUrl":"https:\/\/pharma-hemp.com\/wp-content\/uploads\/2025\/04\/Pharma-Hemp-logo_crn-1.png","width":200,"height":44,"caption":"PharmaHemp"},"image":{"@id":"https:\/\/pharma-hemp.com\/es\/#\/schema\/logo\/image\/"}}]}},"_links":{"self":[{"href":"https:\/\/pharma-hemp.com\/es\/wp-json\/wp\/v2\/product\/576243","targetHints":{"allow":["GET"]}}],"collection":[{"href":"https:\/\/pharma-hemp.com\/es\/wp-json\/wp\/v2\/product"}],"about":[{"href":"https:\/\/pharma-hemp.com\/es\/wp-json\/wp\/v2\/types\/product"}],"wp:featuredmedia":[{"embeddable":true,"href":"https:\/\/pharma-hemp.com\/es\/wp-json\/wp\/v2\/media\/576253"}],"wp:attachment":[{"href":"https:\/\/pharma-hemp.com\/es\/wp-json\/wp\/v2\/media?parent=576243"}],"wp:term":[{"taxonomy":"product_brand","embeddable":true,"href":"https:\/\/pharma-hemp.com\/es\/wp-json\/wp\/v2\/product_brand?post=576243"},{"taxonomy":"product_cat","embeddable":true,"href":"https:\/\/pharma-hemp.com\/es\/wp-json\/wp\/v2\/product_cat?post=576243"},{"taxonomy":"product_tag","embeddable":true,"href":"https:\/\/pharma-hemp.com\/es\/wp-json\/wp\/v2\/product_tag?post=576243"}],"curies":[{"name":"wp","href":"https:\/\/api.w.org\/{rel}","templated":true}]}}