{"id":576225,"date":"2026-01-08T11:16:29","date_gmt":"2026-01-08T09:16:29","guid":{"rendered":"https:\/\/pharma-hemp.com\/?post_type=product&#038;p=576225"},"modified":"2026-03-16T11:03:18","modified_gmt":"2026-03-16T09:03:18","slug":"mikka-limpiador-facial-hidratante-suave-outlet","status":"publish","type":"product","link":"https:\/\/pharma-hemp.com\/es\/shop\/mikka-limpiador-facial-hidratante-suave-outlet\/","title":{"rendered":"Mikka Limpiador Facial Hidratante Suave (Outlet)"},"content":{"rendered":"","protected":false},"excerpt":{"rendered":"<p><span style=\"font-weight: 400;\">Un limpiador que hace algo m\u00e1s que limpiar: hidrata, calma y restablece tu piel. Dise\u00f1ado para su uso diario en el rostro y el cuello, est\u00e1 repleto de ingredientes de alta calidad que refrescan, nutren y equilibran, dejando tu piel preparada para lo que venga despu\u00e9s. <\/span><\/p>\n<p><strong>Fecha l\u00edmite: 05.05.2026<\/strong><\/p>\n","protected":false},"featured_media":572778,"template":"","meta":[],"product_brand":[],"product_cat":[295],"product_tag":[],"class_list":{"0":"post-576225","1":"product","2":"type-product","3":"status-publish","4":"has-post-thumbnail","6":"product_cat-salida","8":"first","9":"instock","10":"sale","11":"shipping-taxable","12":"purchasable","13":"product-type-simple"},"acf":{"konfigurator_product_name":"","konfigurator_product_description":"","konfigurator_product_image_url":""},"yoast_head":"<!-- This site is optimized with the Yoast SEO plugin v27.3 - https:\/\/yoast.com\/product\/yoast-seo-wordpress\/ -->\n<title>CBD c\u00e1\u00f1amo limpiador facial hidratante suave Mikka 150 mg cbd - Pharma Hemp<\/title>\n<meta name=\"description\" content=\"El limpiador facial hidratante suave de c\u00e1\u00f1amo CBD Mikka elimina suavemente las impurezas a la vez que hidrata y equilibra tu piel.\" \/>\n<meta name=\"robots\" content=\"index, follow, max-snippet:-1, max-image-preview:large, max-video-preview:-1\" \/>\n<link rel=\"canonical\" href=\"https:\/\/pharma-hemp.com\/es\/shop\/mikka-limpiador-facial-hidratante-suave-outlet\/\" \/>\n<meta property=\"og:locale\" content=\"es_ES\" \/>\n<meta property=\"og:type\" content=\"article\" \/>\n<meta property=\"og:title\" content=\"CBD c\u00e1\u00f1amo limpiador facial hidratante suave Mikka 150 mg cbd - Pharma Hemp\" \/>\n<meta property=\"og:description\" content=\"El limpiador facial hidratante suave de c\u00e1\u00f1amo CBD Mikka elimina suavemente las impurezas a la vez que hidrata y equilibra tu piel.\" \/>\n<meta property=\"og:url\" content=\"https:\/\/pharma-hemp.com\/es\/shop\/mikka-limpiador-facial-hidratante-suave-outlet\/\" \/>\n<meta property=\"og:site_name\" content=\"Pharma Hemp\" \/>\n<meta property=\"article:modified_time\" content=\"2026-03-16T09:03:18+00:00\" \/>\n<meta property=\"og:image\" content=\"https:\/\/pharma-hemp.com\/wp-content\/uploads\/2025\/05\/LiparDesignPhotography-01970.jpg\" \/>\n\t<meta property=\"og:image:width\" content=\"2048\" \/>\n\t<meta property=\"og:image:height\" content=\"2048\" \/>\n\t<meta property=\"og:image:type\" content=\"image\/jpeg\" \/>\n<meta name=\"twitter:card\" content=\"summary_large_image\" \/>\n<meta name=\"twitter:label1\" content=\"Tiempo de lectura\" \/>\n\t<meta name=\"twitter:data1\" content=\"1 minuto\" \/>\n<script type=\"application\/ld+json\" class=\"yoast-schema-graph\">{\"@context\":\"https:\\\/\\\/schema.org\",\"@graph\":[{\"@type\":\"WebPage\",\"@id\":\"https:\\\/\\\/pharma-hemp.com\\\/es\\\/shop\\\/mikka-limpiador-facial-hidratante-suave-outlet\\\/\",\"url\":\"https:\\\/\\\/pharma-hemp.com\\\/es\\\/shop\\\/mikka-limpiador-facial-hidratante-suave-outlet\\\/\",\"name\":\"CBD c\u00e1\u00f1amo limpiador facial hidratante suave Mikka 150 mg cbd - Pharma Hemp\",\"isPartOf\":{\"@id\":\"https:\\\/\\\/pharma-hemp.com\\\/es\\\/#website\"},\"primaryImageOfPage\":{\"@id\":\"https:\\\/\\\/pharma-hemp.com\\\/es\\\/shop\\\/mikka-limpiador-facial-hidratante-suave-outlet\\\/#primaryimage\"},\"image\":{\"@id\":\"https:\\\/\\\/pharma-hemp.com\\\/es\\\/shop\\\/mikka-limpiador-facial-hidratante-suave-outlet\\\/#primaryimage\"},\"thumbnailUrl\":\"https:\\\/\\\/pharma-hemp.com\\\/wp-content\\\/uploads\\\/2025\\\/05\\\/LiparDesignPhotography-01970.jpg\",\"datePublished\":\"2026-01-08T09:16:29+00:00\",\"dateModified\":\"2026-03-16T09:03:18+00:00\",\"description\":\"El limpiador facial hidratante suave de c\u00e1\u00f1amo CBD Mikka elimina suavemente las impurezas a la vez que hidrata y equilibra tu piel.\",\"breadcrumb\":{\"@id\":\"https:\\\/\\\/pharma-hemp.com\\\/es\\\/shop\\\/mikka-limpiador-facial-hidratante-suave-outlet\\\/#breadcrumb\"},\"inLanguage\":\"es\",\"potentialAction\":[{\"@type\":\"ReadAction\",\"target\":[\"https:\\\/\\\/pharma-hemp.com\\\/es\\\/shop\\\/mikka-limpiador-facial-hidratante-suave-outlet\\\/\"]}]},{\"@type\":\"ImageObject\",\"inLanguage\":\"es\",\"@id\":\"https:\\\/\\\/pharma-hemp.com\\\/es\\\/shop\\\/mikka-limpiador-facial-hidratante-suave-outlet\\\/#primaryimage\",\"url\":\"https:\\\/\\\/pharma-hemp.com\\\/wp-content\\\/uploads\\\/2025\\\/05\\\/LiparDesignPhotography-01970.jpg\",\"contentUrl\":\"https:\\\/\\\/pharma-hemp.com\\\/wp-content\\\/uploads\\\/2025\\\/05\\\/LiparDesignPhotography-01970.jpg\",\"width\":2048,\"height\":2048,\"caption\":\"Mikka Limpiador facial hidratante suave\"},{\"@type\":\"BreadcrumbList\",\"@id\":\"https:\\\/\\\/pharma-hemp.com\\\/es\\\/shop\\\/mikka-limpiador-facial-hidratante-suave-outlet\\\/#breadcrumb\",\"itemListElement\":[{\"@type\":\"ListItem\",\"position\":1,\"name\":\"Home\",\"item\":\"https:\\\/\\\/pharma-hemp.com\\\/es\\\/\"},{\"@type\":\"ListItem\",\"position\":2,\"name\":\"Tienda\",\"item\":\"https:\\\/\\\/pharma-hemp.com\\\/es\\\/tienda\\\/\"},{\"@type\":\"ListItem\",\"position\":3,\"name\":\"Mikka Limpiador Facial Hidratante Suave (Outlet)\"}]},{\"@type\":\"WebSite\",\"@id\":\"https:\\\/\\\/pharma-hemp.com\\\/es\\\/#website\",\"url\":\"https:\\\/\\\/pharma-hemp.com\\\/es\\\/\",\"name\":\"Pharma Hemp\",\"description\":\"CBD store\",\"publisher\":{\"@id\":\"https:\\\/\\\/pharma-hemp.com\\\/es\\\/#organization\"},\"potentialAction\":[{\"@type\":\"SearchAction\",\"target\":{\"@type\":\"EntryPoint\",\"urlTemplate\":\"https:\\\/\\\/pharma-hemp.com\\\/es\\\/?s={search_term_string}\"},\"query-input\":{\"@type\":\"PropertyValueSpecification\",\"valueRequired\":true,\"valueName\":\"search_term_string\"}}],\"inLanguage\":\"es\"},{\"@type\":\"Organization\",\"@id\":\"https:\\\/\\\/pharma-hemp.com\\\/es\\\/#organization\",\"name\":\"PharmaHemp\",\"url\":\"https:\\\/\\\/pharma-hemp.com\\\/es\\\/\",\"logo\":{\"@type\":\"ImageObject\",\"inLanguage\":\"es\",\"@id\":\"https:\\\/\\\/pharma-hemp.com\\\/es\\\/#\\\/schema\\\/logo\\\/image\\\/\",\"url\":\"https:\\\/\\\/pharma-hemp.com\\\/wp-content\\\/uploads\\\/2025\\\/04\\\/Pharma-Hemp-logo_crn-1.png\",\"contentUrl\":\"https:\\\/\\\/pharma-hemp.com\\\/wp-content\\\/uploads\\\/2025\\\/04\\\/Pharma-Hemp-logo_crn-1.png\",\"width\":200,\"height\":44,\"caption\":\"PharmaHemp\"},\"image\":{\"@id\":\"https:\\\/\\\/pharma-hemp.com\\\/es\\\/#\\\/schema\\\/logo\\\/image\\\/\"}}]}<\/script>\n<!-- \/ Yoast SEO plugin. -->","yoast_head_json":{"title":"CBD c\u00e1\u00f1amo limpiador facial hidratante suave Mikka 150 mg cbd - Pharma Hemp","description":"El limpiador facial hidratante suave de c\u00e1\u00f1amo CBD Mikka elimina suavemente las impurezas a la vez que hidrata y equilibra tu piel.","robots":{"index":"index","follow":"follow","max-snippet":"max-snippet:-1","max-image-preview":"max-image-preview:large","max-video-preview":"max-video-preview:-1"},"canonical":"https:\/\/pharma-hemp.com\/es\/shop\/mikka-limpiador-facial-hidratante-suave-outlet\/","og_locale":"es_ES","og_type":"article","og_title":"CBD c\u00e1\u00f1amo limpiador facial hidratante suave Mikka 150 mg cbd - Pharma Hemp","og_description":"El limpiador facial hidratante suave de c\u00e1\u00f1amo CBD Mikka elimina suavemente las impurezas a la vez que hidrata y equilibra tu piel.","og_url":"https:\/\/pharma-hemp.com\/es\/shop\/mikka-limpiador-facial-hidratante-suave-outlet\/","og_site_name":"Pharma Hemp","article_modified_time":"2026-03-16T09:03:18+00:00","og_image":[{"width":2048,"height":2048,"url":"https:\/\/pharma-hemp.com\/wp-content\/uploads\/2025\/05\/LiparDesignPhotography-01970.jpg","type":"image\/jpeg"}],"twitter_card":"summary_large_image","twitter_misc":{"Tiempo de lectura":"1 minuto"},"schema":{"@context":"https:\/\/schema.org","@graph":[{"@type":"WebPage","@id":"https:\/\/pharma-hemp.com\/es\/shop\/mikka-limpiador-facial-hidratante-suave-outlet\/","url":"https:\/\/pharma-hemp.com\/es\/shop\/mikka-limpiador-facial-hidratante-suave-outlet\/","name":"CBD c\u00e1\u00f1amo limpiador facial hidratante suave Mikka 150 mg cbd - Pharma Hemp","isPartOf":{"@id":"https:\/\/pharma-hemp.com\/es\/#website"},"primaryImageOfPage":{"@id":"https:\/\/pharma-hemp.com\/es\/shop\/mikka-limpiador-facial-hidratante-suave-outlet\/#primaryimage"},"image":{"@id":"https:\/\/pharma-hemp.com\/es\/shop\/mikka-limpiador-facial-hidratante-suave-outlet\/#primaryimage"},"thumbnailUrl":"https:\/\/pharma-hemp.com\/wp-content\/uploads\/2025\/05\/LiparDesignPhotography-01970.jpg","datePublished":"2026-01-08T09:16:29+00:00","dateModified":"2026-03-16T09:03:18+00:00","description":"El limpiador facial hidratante suave de c\u00e1\u00f1amo CBD Mikka elimina suavemente las impurezas a la vez que hidrata y equilibra tu piel.","breadcrumb":{"@id":"https:\/\/pharma-hemp.com\/es\/shop\/mikka-limpiador-facial-hidratante-suave-outlet\/#breadcrumb"},"inLanguage":"es","potentialAction":[{"@type":"ReadAction","target":["https:\/\/pharma-hemp.com\/es\/shop\/mikka-limpiador-facial-hidratante-suave-outlet\/"]}]},{"@type":"ImageObject","inLanguage":"es","@id":"https:\/\/pharma-hemp.com\/es\/shop\/mikka-limpiador-facial-hidratante-suave-outlet\/#primaryimage","url":"https:\/\/pharma-hemp.com\/wp-content\/uploads\/2025\/05\/LiparDesignPhotography-01970.jpg","contentUrl":"https:\/\/pharma-hemp.com\/wp-content\/uploads\/2025\/05\/LiparDesignPhotography-01970.jpg","width":2048,"height":2048,"caption":"Mikka Limpiador facial hidratante suave"},{"@type":"BreadcrumbList","@id":"https:\/\/pharma-hemp.com\/es\/shop\/mikka-limpiador-facial-hidratante-suave-outlet\/#breadcrumb","itemListElement":[{"@type":"ListItem","position":1,"name":"Home","item":"https:\/\/pharma-hemp.com\/es\/"},{"@type":"ListItem","position":2,"name":"Tienda","item":"https:\/\/pharma-hemp.com\/es\/tienda\/"},{"@type":"ListItem","position":3,"name":"Mikka Limpiador Facial Hidratante Suave (Outlet)"}]},{"@type":"WebSite","@id":"https:\/\/pharma-hemp.com\/es\/#website","url":"https:\/\/pharma-hemp.com\/es\/","name":"Pharma Hemp","description":"CBD store","publisher":{"@id":"https:\/\/pharma-hemp.com\/es\/#organization"},"potentialAction":[{"@type":"SearchAction","target":{"@type":"EntryPoint","urlTemplate":"https:\/\/pharma-hemp.com\/es\/?s={search_term_string}"},"query-input":{"@type":"PropertyValueSpecification","valueRequired":true,"valueName":"search_term_string"}}],"inLanguage":"es"},{"@type":"Organization","@id":"https:\/\/pharma-hemp.com\/es\/#organization","name":"PharmaHemp","url":"https:\/\/pharma-hemp.com\/es\/","logo":{"@type":"ImageObject","inLanguage":"es","@id":"https:\/\/pharma-hemp.com\/es\/#\/schema\/logo\/image\/","url":"https:\/\/pharma-hemp.com\/wp-content\/uploads\/2025\/04\/Pharma-Hemp-logo_crn-1.png","contentUrl":"https:\/\/pharma-hemp.com\/wp-content\/uploads\/2025\/04\/Pharma-Hemp-logo_crn-1.png","width":200,"height":44,"caption":"PharmaHemp"},"image":{"@id":"https:\/\/pharma-hemp.com\/es\/#\/schema\/logo\/image\/"}}]}},"_links":{"self":[{"href":"https:\/\/pharma-hemp.com\/es\/wp-json\/wp\/v2\/product\/576225","targetHints":{"allow":["GET"]}}],"collection":[{"href":"https:\/\/pharma-hemp.com\/es\/wp-json\/wp\/v2\/product"}],"about":[{"href":"https:\/\/pharma-hemp.com\/es\/wp-json\/wp\/v2\/types\/product"}],"wp:featuredmedia":[{"embeddable":true,"href":"https:\/\/pharma-hemp.com\/es\/wp-json\/wp\/v2\/media\/572778"}],"wp:attachment":[{"href":"https:\/\/pharma-hemp.com\/es\/wp-json\/wp\/v2\/media?parent=576225"}],"wp:term":[{"taxonomy":"product_brand","embeddable":true,"href":"https:\/\/pharma-hemp.com\/es\/wp-json\/wp\/v2\/product_brand?post=576225"},{"taxonomy":"product_cat","embeddable":true,"href":"https:\/\/pharma-hemp.com\/es\/wp-json\/wp\/v2\/product_cat?post=576225"},{"taxonomy":"product_tag","embeddable":true,"href":"https:\/\/pharma-hemp.com\/es\/wp-json\/wp\/v2\/product_tag?post=576225"}],"curies":[{"name":"wp","href":"https:\/\/api.w.org\/{rel}","templated":true}]}}