{"id":576208,"date":"2025-04-30T10:00:31","date_gmt":"2025-04-30T09:00:31","guid":{"rendered":"https:\/\/pharma-hemp.com\/?post_type=product&#038;p=576208"},"modified":"2026-04-08T10:43:10","modified_gmt":"2026-04-08T08:43:10","slug":"suero-de-aceite-calmante-mikka","status":"publish","type":"product","link":"https:\/\/pharma-hemp.com\/es\/shop\/suero-de-aceite-calmante-mikka\/","title":{"rendered":"Suero de aceite calmante Mikka"},"content":{"rendered":"","protected":false},"excerpt":{"rendered":"<p><span style=\"font-weight: 400;\">REPONER, RESTAURAR, BRILLAR<\/span><\/p>\n<p><span style=\"font-weight: 400;\">Para la piel que necesita un poco m\u00e1s de amor, este suero reparador calma, protege e hidrata. Repleto de potentes antioxidantes y aceites profundamente nutritivos, es tu aliado para una piel suave y radiante. <\/span><\/p>\n","protected":false},"featured_media":576219,"template":"","meta":[],"product_brand":[],"product_cat":[293,312,313,314],"product_tag":[1182,1161,1129,1178,1179,1181,1177,1159,1158,1180],"class_list":{"0":"post-576208","1":"product","2":"type-product","3":"status-publish","4":"has-post-thumbnail","6":"product_cat-comprar-por-marca","7":"product_cat-cuidado-de-la-piel","8":"product_cat-dermocosmetica","9":"product_cat-mikka-es","10":"product_tag-cuidado-nocturno","11":"product_tag-envejecimiento","12":"product_tag-lineas-finas","13":"product_tag-manchas-secas","14":"product_tag-piel-irritada","15":"product_tag-piel-sensible","16":"product_tag-rojeces","17":"product_tag-textura-aspera","18":"product_tag-tez-apagada","19":"product_tag-tono-desigual","21":"first","22":"instock","23":"shipping-taxable","24":"purchasable","25":"product-type-simple"},"acf":{"konfigurator_product_name":"","konfigurator_product_description":"","konfigurator_product_image_url":""},"yoast_head":"<!-- This site is optimized with the Yoast SEO plugin v27.3 - https:\/\/yoast.com\/product\/yoast-seo-wordpress\/ -->\n<title>Aceite facial de c\u00e1\u00f1amo con cbd suero calmante Mikka 300 mg cbd - Pharma Hemp<\/title>\n<meta name=\"description\" content=\"El suero calmante de aceite facial de c\u00e1\u00f1amo y Cbd Mikka mejora la elasticidad de la piel, tonifica e hidrata para un aspecto m\u00e1s suave y firme. Ideal para las rutinas diarias de cuidado de la piel.\" \/>\n<meta name=\"robots\" content=\"index, follow, max-snippet:-1, max-image-preview:large, max-video-preview:-1\" \/>\n<link rel=\"canonical\" href=\"https:\/\/pharma-hemp.com\/es\/shop\/suero-de-aceite-calmante-mikka\/\" \/>\n<meta property=\"og:locale\" content=\"es_ES\" \/>\n<meta property=\"og:type\" content=\"article\" \/>\n<meta property=\"og:title\" content=\"Aceite facial de c\u00e1\u00f1amo con cbd suero calmante Mikka 300 mg cbd - Pharma Hemp\" \/>\n<meta property=\"og:description\" content=\"El suero calmante de aceite facial de c\u00e1\u00f1amo y Cbd Mikka mejora la elasticidad de la piel, tonifica e hidrata para un aspecto m\u00e1s suave y firme. Ideal para las rutinas diarias de cuidado de la piel.\" \/>\n<meta property=\"og:url\" content=\"https:\/\/pharma-hemp.com\/es\/shop\/suero-de-aceite-calmante-mikka\/\" \/>\n<meta property=\"og:site_name\" content=\"Pharma Hemp\" \/>\n<meta property=\"article:modified_time\" content=\"2026-04-08T08:43:10+00:00\" \/>\n<meta property=\"og:image\" content=\"https:\/\/pharma-hemp.com\/wp-content\/uploads\/2025\/05\/night-serum-1.png\" \/>\n\t<meta property=\"og:image:width\" content=\"600\" \/>\n\t<meta property=\"og:image:height\" content=\"600\" \/>\n\t<meta property=\"og:image:type\" content=\"image\/png\" \/>\n<meta name=\"twitter:card\" content=\"summary_large_image\" \/>\n<meta name=\"twitter:label1\" content=\"Tiempo de lectura\" \/>\n\t<meta name=\"twitter:data1\" content=\"1 minuto\" \/>\n<script type=\"application\/ld+json\" class=\"yoast-schema-graph\">{\"@context\":\"https:\\\/\\\/schema.org\",\"@graph\":[{\"@type\":\"WebPage\",\"@id\":\"https:\\\/\\\/pharma-hemp.com\\\/es\\\/shop\\\/suero-de-aceite-calmante-mikka\\\/\",\"url\":\"https:\\\/\\\/pharma-hemp.com\\\/es\\\/shop\\\/suero-de-aceite-calmante-mikka\\\/\",\"name\":\"Aceite facial de c\u00e1\u00f1amo con cbd suero calmante Mikka 300 mg cbd - Pharma Hemp\",\"isPartOf\":{\"@id\":\"https:\\\/\\\/pharma-hemp.com\\\/es\\\/#website\"},\"primaryImageOfPage\":{\"@id\":\"https:\\\/\\\/pharma-hemp.com\\\/es\\\/shop\\\/suero-de-aceite-calmante-mikka\\\/#primaryimage\"},\"image\":{\"@id\":\"https:\\\/\\\/pharma-hemp.com\\\/es\\\/shop\\\/suero-de-aceite-calmante-mikka\\\/#primaryimage\"},\"thumbnailUrl\":\"https:\\\/\\\/pharma-hemp.com\\\/wp-content\\\/uploads\\\/2025\\\/05\\\/night-serum-1.png\",\"datePublished\":\"2025-04-30T09:00:31+00:00\",\"dateModified\":\"2026-04-08T08:43:10+00:00\",\"description\":\"El suero calmante de aceite facial de c\u00e1\u00f1amo y Cbd Mikka mejora la elasticidad de la piel, tonifica e hidrata para un aspecto m\u00e1s suave y firme. Ideal para las rutinas diarias de cuidado de la piel.\",\"breadcrumb\":{\"@id\":\"https:\\\/\\\/pharma-hemp.com\\\/es\\\/shop\\\/suero-de-aceite-calmante-mikka\\\/#breadcrumb\"},\"inLanguage\":\"es\",\"potentialAction\":[{\"@type\":\"ReadAction\",\"target\":[\"https:\\\/\\\/pharma-hemp.com\\\/es\\\/shop\\\/suero-de-aceite-calmante-mikka\\\/\"]}]},{\"@type\":\"ImageObject\",\"inLanguage\":\"es\",\"@id\":\"https:\\\/\\\/pharma-hemp.com\\\/es\\\/shop\\\/suero-de-aceite-calmante-mikka\\\/#primaryimage\",\"url\":\"https:\\\/\\\/pharma-hemp.com\\\/wp-content\\\/uploads\\\/2025\\\/05\\\/night-serum-1.png\",\"contentUrl\":\"https:\\\/\\\/pharma-hemp.com\\\/wp-content\\\/uploads\\\/2025\\\/05\\\/night-serum-1.png\",\"width\":600,\"height\":600},{\"@type\":\"BreadcrumbList\",\"@id\":\"https:\\\/\\\/pharma-hemp.com\\\/es\\\/shop\\\/suero-de-aceite-calmante-mikka\\\/#breadcrumb\",\"itemListElement\":[{\"@type\":\"ListItem\",\"position\":1,\"name\":\"Home\",\"item\":\"https:\\\/\\\/pharma-hemp.com\\\/es\\\/\"},{\"@type\":\"ListItem\",\"position\":2,\"name\":\"Tienda\",\"item\":\"https:\\\/\\\/pharma-hemp.com\\\/es\\\/tienda\\\/\"},{\"@type\":\"ListItem\",\"position\":3,\"name\":\"Suero de aceite calmante Mikka\"}]},{\"@type\":\"WebSite\",\"@id\":\"https:\\\/\\\/pharma-hemp.com\\\/es\\\/#website\",\"url\":\"https:\\\/\\\/pharma-hemp.com\\\/es\\\/\",\"name\":\"Pharma Hemp\",\"description\":\"CBD store\",\"publisher\":{\"@id\":\"https:\\\/\\\/pharma-hemp.com\\\/es\\\/#organization\"},\"potentialAction\":[{\"@type\":\"SearchAction\",\"target\":{\"@type\":\"EntryPoint\",\"urlTemplate\":\"https:\\\/\\\/pharma-hemp.com\\\/es\\\/?s={search_term_string}\"},\"query-input\":{\"@type\":\"PropertyValueSpecification\",\"valueRequired\":true,\"valueName\":\"search_term_string\"}}],\"inLanguage\":\"es\"},{\"@type\":\"Organization\",\"@id\":\"https:\\\/\\\/pharma-hemp.com\\\/es\\\/#organization\",\"name\":\"PharmaHemp\",\"url\":\"https:\\\/\\\/pharma-hemp.com\\\/es\\\/\",\"logo\":{\"@type\":\"ImageObject\",\"inLanguage\":\"es\",\"@id\":\"https:\\\/\\\/pharma-hemp.com\\\/es\\\/#\\\/schema\\\/logo\\\/image\\\/\",\"url\":\"https:\\\/\\\/pharma-hemp.com\\\/wp-content\\\/uploads\\\/2025\\\/04\\\/Pharma-Hemp-logo_crn-1.png\",\"contentUrl\":\"https:\\\/\\\/pharma-hemp.com\\\/wp-content\\\/uploads\\\/2025\\\/04\\\/Pharma-Hemp-logo_crn-1.png\",\"width\":200,\"height\":44,\"caption\":\"PharmaHemp\"},\"image\":{\"@id\":\"https:\\\/\\\/pharma-hemp.com\\\/es\\\/#\\\/schema\\\/logo\\\/image\\\/\"}}]}<\/script>\n<!-- \/ Yoast SEO plugin. -->","yoast_head_json":{"title":"Aceite facial de c\u00e1\u00f1amo con cbd suero calmante Mikka 300 mg cbd - Pharma Hemp","description":"El suero calmante de aceite facial de c\u00e1\u00f1amo y Cbd Mikka mejora la elasticidad de la piel, tonifica e hidrata para un aspecto m\u00e1s suave y firme. Ideal para las rutinas diarias de cuidado de la piel.","robots":{"index":"index","follow":"follow","max-snippet":"max-snippet:-1","max-image-preview":"max-image-preview:large","max-video-preview":"max-video-preview:-1"},"canonical":"https:\/\/pharma-hemp.com\/es\/shop\/suero-de-aceite-calmante-mikka\/","og_locale":"es_ES","og_type":"article","og_title":"Aceite facial de c\u00e1\u00f1amo con cbd suero calmante Mikka 300 mg cbd - Pharma Hemp","og_description":"El suero calmante de aceite facial de c\u00e1\u00f1amo y Cbd Mikka mejora la elasticidad de la piel, tonifica e hidrata para un aspecto m\u00e1s suave y firme. Ideal para las rutinas diarias de cuidado de la piel.","og_url":"https:\/\/pharma-hemp.com\/es\/shop\/suero-de-aceite-calmante-mikka\/","og_site_name":"Pharma Hemp","article_modified_time":"2026-04-08T08:43:10+00:00","og_image":[{"width":600,"height":600,"url":"https:\/\/pharma-hemp.com\/wp-content\/uploads\/2025\/05\/night-serum-1.png","type":"image\/png"}],"twitter_card":"summary_large_image","twitter_misc":{"Tiempo de lectura":"1 minuto"},"schema":{"@context":"https:\/\/schema.org","@graph":[{"@type":"WebPage","@id":"https:\/\/pharma-hemp.com\/es\/shop\/suero-de-aceite-calmante-mikka\/","url":"https:\/\/pharma-hemp.com\/es\/shop\/suero-de-aceite-calmante-mikka\/","name":"Aceite facial de c\u00e1\u00f1amo con cbd suero calmante Mikka 300 mg cbd - Pharma Hemp","isPartOf":{"@id":"https:\/\/pharma-hemp.com\/es\/#website"},"primaryImageOfPage":{"@id":"https:\/\/pharma-hemp.com\/es\/shop\/suero-de-aceite-calmante-mikka\/#primaryimage"},"image":{"@id":"https:\/\/pharma-hemp.com\/es\/shop\/suero-de-aceite-calmante-mikka\/#primaryimage"},"thumbnailUrl":"https:\/\/pharma-hemp.com\/wp-content\/uploads\/2025\/05\/night-serum-1.png","datePublished":"2025-04-30T09:00:31+00:00","dateModified":"2026-04-08T08:43:10+00:00","description":"El suero calmante de aceite facial de c\u00e1\u00f1amo y Cbd Mikka mejora la elasticidad de la piel, tonifica e hidrata para un aspecto m\u00e1s suave y firme. Ideal para las rutinas diarias de cuidado de la piel.","breadcrumb":{"@id":"https:\/\/pharma-hemp.com\/es\/shop\/suero-de-aceite-calmante-mikka\/#breadcrumb"},"inLanguage":"es","potentialAction":[{"@type":"ReadAction","target":["https:\/\/pharma-hemp.com\/es\/shop\/suero-de-aceite-calmante-mikka\/"]}]},{"@type":"ImageObject","inLanguage":"es","@id":"https:\/\/pharma-hemp.com\/es\/shop\/suero-de-aceite-calmante-mikka\/#primaryimage","url":"https:\/\/pharma-hemp.com\/wp-content\/uploads\/2025\/05\/night-serum-1.png","contentUrl":"https:\/\/pharma-hemp.com\/wp-content\/uploads\/2025\/05\/night-serum-1.png","width":600,"height":600},{"@type":"BreadcrumbList","@id":"https:\/\/pharma-hemp.com\/es\/shop\/suero-de-aceite-calmante-mikka\/#breadcrumb","itemListElement":[{"@type":"ListItem","position":1,"name":"Home","item":"https:\/\/pharma-hemp.com\/es\/"},{"@type":"ListItem","position":2,"name":"Tienda","item":"https:\/\/pharma-hemp.com\/es\/tienda\/"},{"@type":"ListItem","position":3,"name":"Suero de aceite calmante Mikka"}]},{"@type":"WebSite","@id":"https:\/\/pharma-hemp.com\/es\/#website","url":"https:\/\/pharma-hemp.com\/es\/","name":"Pharma Hemp","description":"CBD store","publisher":{"@id":"https:\/\/pharma-hemp.com\/es\/#organization"},"potentialAction":[{"@type":"SearchAction","target":{"@type":"EntryPoint","urlTemplate":"https:\/\/pharma-hemp.com\/es\/?s={search_term_string}"},"query-input":{"@type":"PropertyValueSpecification","valueRequired":true,"valueName":"search_term_string"}}],"inLanguage":"es"},{"@type":"Organization","@id":"https:\/\/pharma-hemp.com\/es\/#organization","name":"PharmaHemp","url":"https:\/\/pharma-hemp.com\/es\/","logo":{"@type":"ImageObject","inLanguage":"es","@id":"https:\/\/pharma-hemp.com\/es\/#\/schema\/logo\/image\/","url":"https:\/\/pharma-hemp.com\/wp-content\/uploads\/2025\/04\/Pharma-Hemp-logo_crn-1.png","contentUrl":"https:\/\/pharma-hemp.com\/wp-content\/uploads\/2025\/04\/Pharma-Hemp-logo_crn-1.png","width":200,"height":44,"caption":"PharmaHemp"},"image":{"@id":"https:\/\/pharma-hemp.com\/es\/#\/schema\/logo\/image\/"}}]}},"_links":{"self":[{"href":"https:\/\/pharma-hemp.com\/es\/wp-json\/wp\/v2\/product\/576208","targetHints":{"allow":["GET"]}}],"collection":[{"href":"https:\/\/pharma-hemp.com\/es\/wp-json\/wp\/v2\/product"}],"about":[{"href":"https:\/\/pharma-hemp.com\/es\/wp-json\/wp\/v2\/types\/product"}],"wp:featuredmedia":[{"embeddable":true,"href":"https:\/\/pharma-hemp.com\/es\/wp-json\/wp\/v2\/media\/576219"}],"wp:attachment":[{"href":"https:\/\/pharma-hemp.com\/es\/wp-json\/wp\/v2\/media?parent=576208"}],"wp:term":[{"taxonomy":"product_brand","embeddable":true,"href":"https:\/\/pharma-hemp.com\/es\/wp-json\/wp\/v2\/product_brand?post=576208"},{"taxonomy":"product_cat","embeddable":true,"href":"https:\/\/pharma-hemp.com\/es\/wp-json\/wp\/v2\/product_cat?post=576208"},{"taxonomy":"product_tag","embeddable":true,"href":"https:\/\/pharma-hemp.com\/es\/wp-json\/wp\/v2\/product_tag?post=576208"}],"curies":[{"name":"wp","href":"https:\/\/api.w.org\/{rel}","templated":true}]}}