{"id":576183,"date":"2025-04-30T08:09:16","date_gmt":"2025-04-30T06:09:16","guid":{"rendered":"https:\/\/pharma-hemp.com\/?post_type=product&#038;p=576183"},"modified":"2026-03-03T10:33:53","modified_gmt":"2026-03-03T08:33:53","slug":"parche-spot-off-guarderia","status":"publish","type":"product","link":"https:\/\/pharma-hemp.com\/es\/shop\/parche-spot-off-guarderia\/","title":{"rendered":"Parche Spot Off Guarder\u00eda"},"content":{"rendered":"","protected":false},"excerpt":{"rendered":"<p><span style=\"font-weight: 400;\">Dise\u00f1ado para mantenerte fresca todo el d\u00eda, el Parche Spot Off para el Cuidado Diurno absorbe las impurezas y protege contra las bacterias, permaneciendo pr\u00e1cticamente invisible. <\/span><\/p>\n<p><span style=\"font-weight: 400;\">Este peque\u00f1o parche tiene un gran impacto. Es ideal para las zonas propensas al acn\u00e9 de la cara y el cuerpo. <\/span><\/p>\n","protected":false},"featured_media":576203,"template":"","meta":[],"product_brand":[],"product_cat":[312,313,314],"product_tag":[1225,1224,1223,1217,1220,1221,1219,1222,1218,1177],"class_list":{"0":"post-576183","1":"product","2":"type-product","3":"status-publish","4":"has-post-thumbnail","6":"product_cat-cuidado-de-la-piel","7":"product_cat-dermocosmetica","8":"product_cat-mikka-es","9":"product_tag-acne","10":"product_tag-bacterias-acne","11":"product_tag-brotes","12":"product_tag-granitos","13":"product_tag-granitos-inflamados","14":"product_tag-irritacion-piel","15":"product_tag-manchas","16":"product_tag-poros-obstruidos","17":"product_tag-puntos-blancos","18":"product_tag-rojeces","20":"first","21":"instock","22":"shipping-taxable","23":"purchasable","24":"product-type-simple"},"acf":{"konfigurator_product_name":"","konfigurator_product_description":"","konfigurator_product_image_url":""},"yoast_head":"<!-- This site is optimized with the Yoast SEO plugin v27.3 - https:\/\/yoast.com\/product\/yoast-seo-wordpress\/ -->\n<title>Parches de acn\u00e9 Spot Off Daycare - Pharma Hemp<\/title>\n<meta name=\"description\" content=\"Los parches antimanchas para el acn\u00e9 Spot Off Daycare absorben las impurezas del acn\u00e9 mientras mantienen las manchas discretas, protegen la piel de los irritantes externos y las bacterias.\" \/>\n<meta name=\"robots\" content=\"index, follow, max-snippet:-1, max-image-preview:large, max-video-preview:-1\" \/>\n<link rel=\"canonical\" href=\"https:\/\/pharma-hemp.com\/es\/shop\/parche-spot-off-guarderia\/\" \/>\n<meta property=\"og:locale\" content=\"es_ES\" \/>\n<meta property=\"og:type\" content=\"article\" \/>\n<meta property=\"og:title\" content=\"Parches de acn\u00e9 Spot Off Daycare - Pharma Hemp\" \/>\n<meta property=\"og:description\" content=\"Los parches antimanchas para el acn\u00e9 Spot Off Daycare absorben las impurezas del acn\u00e9 mientras mantienen las manchas discretas, protegen la piel de los irritantes externos y las bacterias.\" \/>\n<meta property=\"og:url\" content=\"https:\/\/pharma-hemp.com\/es\/shop\/parche-spot-off-guarderia\/\" \/>\n<meta property=\"og:site_name\" content=\"Pharma Hemp\" \/>\n<meta property=\"article:modified_time\" content=\"2026-03-03T08:33:53+00:00\" \/>\n<meta property=\"og:image\" content=\"https:\/\/pharma-hemp.com\/wp-content\/uploads\/2025\/05\/SPOT-OFF-DATY-1.png\" \/>\n\t<meta property=\"og:image:width\" content=\"600\" \/>\n\t<meta property=\"og:image:height\" content=\"600\" \/>\n\t<meta property=\"og:image:type\" content=\"image\/png\" \/>\n<meta name=\"twitter:card\" content=\"summary_large_image\" \/>\n<meta name=\"twitter:label1\" content=\"Tiempo de lectura\" \/>\n\t<meta name=\"twitter:data1\" content=\"1 minuto\" \/>\n<script type=\"application\/ld+json\" class=\"yoast-schema-graph\">{\"@context\":\"https:\\\/\\\/schema.org\",\"@graph\":[{\"@type\":\"WebPage\",\"@id\":\"https:\\\/\\\/pharma-hemp.com\\\/es\\\/shop\\\/parche-spot-off-guarderia\\\/\",\"url\":\"https:\\\/\\\/pharma-hemp.com\\\/es\\\/shop\\\/parche-spot-off-guarderia\\\/\",\"name\":\"Parches de acn\u00e9 Spot Off Daycare - Pharma Hemp\",\"isPartOf\":{\"@id\":\"https:\\\/\\\/pharma-hemp.com\\\/es\\\/#website\"},\"primaryImageOfPage\":{\"@id\":\"https:\\\/\\\/pharma-hemp.com\\\/es\\\/shop\\\/parche-spot-off-guarderia\\\/#primaryimage\"},\"image\":{\"@id\":\"https:\\\/\\\/pharma-hemp.com\\\/es\\\/shop\\\/parche-spot-off-guarderia\\\/#primaryimage\"},\"thumbnailUrl\":\"https:\\\/\\\/pharma-hemp.com\\\/wp-content\\\/uploads\\\/2025\\\/05\\\/SPOT-OFF-DATY-1.png\",\"datePublished\":\"2025-04-30T06:09:16+00:00\",\"dateModified\":\"2026-03-03T08:33:53+00:00\",\"description\":\"Los parches antimanchas para el acn\u00e9 Spot Off Daycare absorben las impurezas del acn\u00e9 mientras mantienen las manchas discretas, protegen la piel de los irritantes externos y las bacterias.\",\"breadcrumb\":{\"@id\":\"https:\\\/\\\/pharma-hemp.com\\\/es\\\/shop\\\/parche-spot-off-guarderia\\\/#breadcrumb\"},\"inLanguage\":\"es\",\"potentialAction\":[{\"@type\":\"ReadAction\",\"target\":[\"https:\\\/\\\/pharma-hemp.com\\\/es\\\/shop\\\/parche-spot-off-guarderia\\\/\"]}]},{\"@type\":\"ImageObject\",\"inLanguage\":\"es\",\"@id\":\"https:\\\/\\\/pharma-hemp.com\\\/es\\\/shop\\\/parche-spot-off-guarderia\\\/#primaryimage\",\"url\":\"https:\\\/\\\/pharma-hemp.com\\\/wp-content\\\/uploads\\\/2025\\\/05\\\/SPOT-OFF-DATY-1.png\",\"contentUrl\":\"https:\\\/\\\/pharma-hemp.com\\\/wp-content\\\/uploads\\\/2025\\\/05\\\/SPOT-OFF-DATY-1.png\",\"width\":600,\"height\":600},{\"@type\":\"BreadcrumbList\",\"@id\":\"https:\\\/\\\/pharma-hemp.com\\\/es\\\/shop\\\/parche-spot-off-guarderia\\\/#breadcrumb\",\"itemListElement\":[{\"@type\":\"ListItem\",\"position\":1,\"name\":\"Home\",\"item\":\"https:\\\/\\\/pharma-hemp.com\\\/es\\\/\"},{\"@type\":\"ListItem\",\"position\":2,\"name\":\"Tienda\",\"item\":\"https:\\\/\\\/pharma-hemp.com\\\/es\\\/tienda\\\/\"},{\"@type\":\"ListItem\",\"position\":3,\"name\":\"Parche Spot Off Guarder\u00eda\"}]},{\"@type\":\"WebSite\",\"@id\":\"https:\\\/\\\/pharma-hemp.com\\\/es\\\/#website\",\"url\":\"https:\\\/\\\/pharma-hemp.com\\\/es\\\/\",\"name\":\"Pharma Hemp\",\"description\":\"CBD store\",\"publisher\":{\"@id\":\"https:\\\/\\\/pharma-hemp.com\\\/es\\\/#organization\"},\"potentialAction\":[{\"@type\":\"SearchAction\",\"target\":{\"@type\":\"EntryPoint\",\"urlTemplate\":\"https:\\\/\\\/pharma-hemp.com\\\/es\\\/?s={search_term_string}\"},\"query-input\":{\"@type\":\"PropertyValueSpecification\",\"valueRequired\":true,\"valueName\":\"search_term_string\"}}],\"inLanguage\":\"es\"},{\"@type\":\"Organization\",\"@id\":\"https:\\\/\\\/pharma-hemp.com\\\/es\\\/#organization\",\"name\":\"PharmaHemp\",\"url\":\"https:\\\/\\\/pharma-hemp.com\\\/es\\\/\",\"logo\":{\"@type\":\"ImageObject\",\"inLanguage\":\"es\",\"@id\":\"https:\\\/\\\/pharma-hemp.com\\\/es\\\/#\\\/schema\\\/logo\\\/image\\\/\",\"url\":\"https:\\\/\\\/pharma-hemp.com\\\/wp-content\\\/uploads\\\/2025\\\/04\\\/Pharma-Hemp-logo_crn-1.png\",\"contentUrl\":\"https:\\\/\\\/pharma-hemp.com\\\/wp-content\\\/uploads\\\/2025\\\/04\\\/Pharma-Hemp-logo_crn-1.png\",\"width\":200,\"height\":44,\"caption\":\"PharmaHemp\"},\"image\":{\"@id\":\"https:\\\/\\\/pharma-hemp.com\\\/es\\\/#\\\/schema\\\/logo\\\/image\\\/\"}}]}<\/script>\n<!-- \/ Yoast SEO plugin. -->","yoast_head_json":{"title":"Parches de acn\u00e9 Spot Off Daycare - Pharma Hemp","description":"Los parches antimanchas para el acn\u00e9 Spot Off Daycare absorben las impurezas del acn\u00e9 mientras mantienen las manchas discretas, protegen la piel de los irritantes externos y las bacterias.","robots":{"index":"index","follow":"follow","max-snippet":"max-snippet:-1","max-image-preview":"max-image-preview:large","max-video-preview":"max-video-preview:-1"},"canonical":"https:\/\/pharma-hemp.com\/es\/shop\/parche-spot-off-guarderia\/","og_locale":"es_ES","og_type":"article","og_title":"Parches de acn\u00e9 Spot Off Daycare - Pharma Hemp","og_description":"Los parches antimanchas para el acn\u00e9 Spot Off Daycare absorben las impurezas del acn\u00e9 mientras mantienen las manchas discretas, protegen la piel de los irritantes externos y las bacterias.","og_url":"https:\/\/pharma-hemp.com\/es\/shop\/parche-spot-off-guarderia\/","og_site_name":"Pharma Hemp","article_modified_time":"2026-03-03T08:33:53+00:00","og_image":[{"width":600,"height":600,"url":"https:\/\/pharma-hemp.com\/wp-content\/uploads\/2025\/05\/SPOT-OFF-DATY-1.png","type":"image\/png"}],"twitter_card":"summary_large_image","twitter_misc":{"Tiempo de lectura":"1 minuto"},"schema":{"@context":"https:\/\/schema.org","@graph":[{"@type":"WebPage","@id":"https:\/\/pharma-hemp.com\/es\/shop\/parche-spot-off-guarderia\/","url":"https:\/\/pharma-hemp.com\/es\/shop\/parche-spot-off-guarderia\/","name":"Parches de acn\u00e9 Spot Off Daycare - Pharma Hemp","isPartOf":{"@id":"https:\/\/pharma-hemp.com\/es\/#website"},"primaryImageOfPage":{"@id":"https:\/\/pharma-hemp.com\/es\/shop\/parche-spot-off-guarderia\/#primaryimage"},"image":{"@id":"https:\/\/pharma-hemp.com\/es\/shop\/parche-spot-off-guarderia\/#primaryimage"},"thumbnailUrl":"https:\/\/pharma-hemp.com\/wp-content\/uploads\/2025\/05\/SPOT-OFF-DATY-1.png","datePublished":"2025-04-30T06:09:16+00:00","dateModified":"2026-03-03T08:33:53+00:00","description":"Los parches antimanchas para el acn\u00e9 Spot Off Daycare absorben las impurezas del acn\u00e9 mientras mantienen las manchas discretas, protegen la piel de los irritantes externos y las bacterias.","breadcrumb":{"@id":"https:\/\/pharma-hemp.com\/es\/shop\/parche-spot-off-guarderia\/#breadcrumb"},"inLanguage":"es","potentialAction":[{"@type":"ReadAction","target":["https:\/\/pharma-hemp.com\/es\/shop\/parche-spot-off-guarderia\/"]}]},{"@type":"ImageObject","inLanguage":"es","@id":"https:\/\/pharma-hemp.com\/es\/shop\/parche-spot-off-guarderia\/#primaryimage","url":"https:\/\/pharma-hemp.com\/wp-content\/uploads\/2025\/05\/SPOT-OFF-DATY-1.png","contentUrl":"https:\/\/pharma-hemp.com\/wp-content\/uploads\/2025\/05\/SPOT-OFF-DATY-1.png","width":600,"height":600},{"@type":"BreadcrumbList","@id":"https:\/\/pharma-hemp.com\/es\/shop\/parche-spot-off-guarderia\/#breadcrumb","itemListElement":[{"@type":"ListItem","position":1,"name":"Home","item":"https:\/\/pharma-hemp.com\/es\/"},{"@type":"ListItem","position":2,"name":"Tienda","item":"https:\/\/pharma-hemp.com\/es\/tienda\/"},{"@type":"ListItem","position":3,"name":"Parche Spot Off Guarder\u00eda"}]},{"@type":"WebSite","@id":"https:\/\/pharma-hemp.com\/es\/#website","url":"https:\/\/pharma-hemp.com\/es\/","name":"Pharma Hemp","description":"CBD store","publisher":{"@id":"https:\/\/pharma-hemp.com\/es\/#organization"},"potentialAction":[{"@type":"SearchAction","target":{"@type":"EntryPoint","urlTemplate":"https:\/\/pharma-hemp.com\/es\/?s={search_term_string}"},"query-input":{"@type":"PropertyValueSpecification","valueRequired":true,"valueName":"search_term_string"}}],"inLanguage":"es"},{"@type":"Organization","@id":"https:\/\/pharma-hemp.com\/es\/#organization","name":"PharmaHemp","url":"https:\/\/pharma-hemp.com\/es\/","logo":{"@type":"ImageObject","inLanguage":"es","@id":"https:\/\/pharma-hemp.com\/es\/#\/schema\/logo\/image\/","url":"https:\/\/pharma-hemp.com\/wp-content\/uploads\/2025\/04\/Pharma-Hemp-logo_crn-1.png","contentUrl":"https:\/\/pharma-hemp.com\/wp-content\/uploads\/2025\/04\/Pharma-Hemp-logo_crn-1.png","width":200,"height":44,"caption":"PharmaHemp"},"image":{"@id":"https:\/\/pharma-hemp.com\/es\/#\/schema\/logo\/image\/"}}]}},"_links":{"self":[{"href":"https:\/\/pharma-hemp.com\/es\/wp-json\/wp\/v2\/product\/576183","targetHints":{"allow":["GET"]}}],"collection":[{"href":"https:\/\/pharma-hemp.com\/es\/wp-json\/wp\/v2\/product"}],"about":[{"href":"https:\/\/pharma-hemp.com\/es\/wp-json\/wp\/v2\/types\/product"}],"wp:featuredmedia":[{"embeddable":true,"href":"https:\/\/pharma-hemp.com\/es\/wp-json\/wp\/v2\/media\/576203"}],"wp:attachment":[{"href":"https:\/\/pharma-hemp.com\/es\/wp-json\/wp\/v2\/media?parent=576183"}],"wp:term":[{"taxonomy":"product_brand","embeddable":true,"href":"https:\/\/pharma-hemp.com\/es\/wp-json\/wp\/v2\/product_brand?post=576183"},{"taxonomy":"product_cat","embeddable":true,"href":"https:\/\/pharma-hemp.com\/es\/wp-json\/wp\/v2\/product_cat?post=576183"},{"taxonomy":"product_tag","embeddable":true,"href":"https:\/\/pharma-hemp.com\/es\/wp-json\/wp\/v2\/product_tag?post=576183"}],"curies":[{"name":"wp","href":"https:\/\/api.w.org\/{rel}","templated":true}]}}