{"id":576140,"date":"2025-04-30T10:32:37","date_gmt":"2025-04-30T09:32:37","guid":{"rendered":"https:\/\/pharma-hemp.com\/?post_type=product&#038;p=576140"},"modified":"2026-03-03T10:50:28","modified_gmt":"2026-03-03T08:50:28","slug":"mikka-cuidado-labial-revitalizante","status":"publish","type":"product","link":"https:\/\/pharma-hemp.com\/es\/shop\/mikka-cuidado-labial-revitalizante\/","title":{"rendered":"Mikka Cuidado Labial Revitalizante"},"content":{"rendered":"","protected":false},"excerpt":{"rendered":"<p><span style=\"font-weight: 400;\">Labios suaves e hidratados, en cualquier momento y lugar. Este nutritivo cuidado labial hidrata en profundidad, fija la hidrataci\u00f3n y proporciona a tus labios un brillo sano y natural. Repleto de CBD, aceites bot\u00e1nicos y ricas mantecas, es la protecci\u00f3n definitiva contra la sequedad y las agresiones medioambientales. <\/span><\/p>\n","protected":false},"featured_media":572780,"template":"","meta":[],"product_brand":[],"product_cat":[293,312,313,314],"product_tag":[1271,1276,1270,1268,1273,1272,1275,1269,1267,1274],"class_list":{"0":"post-576140","1":"product","2":"type-product","3":"status-publish","4":"has-post-thumbnail","6":"product_cat-comprar-por-marca","7":"product_cat-cuidado-de-la-piel","8":"product_cat-dermocosmetica","9":"product_cat-mikka-es","10":"product_tag-descamacion-labios","11":"product_tag-hidratacion-labios","12":"product_tag-irritacion-labios","13":"product_tag-labios-agrietados","14":"product_tag-labios-apagados","15":"product_tag-labios-asperos","16":"product_tag-labios-deshidratados","17":"product_tag-labios-partidos","18":"product_tag-labios-secos","19":"product_tag-lineas-labios","21":"first","22":"instock","23":"shipping-taxable","24":"purchasable","25":"product-type-simple"},"acf":{"konfigurator_product_name":"","konfigurator_product_description":"","konfigurator_product_image_url":""},"yoast_head":"<!-- This site is optimized with the Yoast SEO plugin v27.3 - https:\/\/yoast.com\/product\/yoast-seo-wordpress\/ -->\n<title>CBD brillo labial de c\u00e1\u00f1amo mikka 50 mg cbd - Pharma Hemp<\/title>\n<meta name=\"description\" content=\"El brillo de labios de c\u00e1\u00f1amo CBD suaviza, hidrata y protege los labios secos. Una f\u00f3rmula nutritiva para unos labios suaves y de aspecto saludable durante todo el d\u00eda.\" \/>\n<meta name=\"robots\" content=\"index, follow, max-snippet:-1, max-image-preview:large, max-video-preview:-1\" \/>\n<link rel=\"canonical\" href=\"https:\/\/pharma-hemp.com\/es\/shop\/mikka-cuidado-labial-revitalizante\/\" \/>\n<meta property=\"og:locale\" content=\"es_ES\" \/>\n<meta property=\"og:type\" content=\"article\" \/>\n<meta property=\"og:title\" content=\"CBD brillo labial de c\u00e1\u00f1amo mikka 50 mg cbd - Pharma Hemp\" \/>\n<meta property=\"og:description\" content=\"El brillo de labios de c\u00e1\u00f1amo CBD suaviza, hidrata y protege los labios secos. Una f\u00f3rmula nutritiva para unos labios suaves y de aspecto saludable durante todo el d\u00eda.\" \/>\n<meta property=\"og:url\" content=\"https:\/\/pharma-hemp.com\/es\/shop\/mikka-cuidado-labial-revitalizante\/\" \/>\n<meta property=\"og:site_name\" content=\"Pharma Hemp\" \/>\n<meta property=\"article:modified_time\" content=\"2026-03-03T08:50:28+00:00\" \/>\n<meta property=\"og:image\" content=\"https:\/\/pharma-hemp.com\/wp-content\/uploads\/2025\/05\/LiparDesignPhotography-02021.jpg\" \/>\n\t<meta property=\"og:image:width\" content=\"2048\" \/>\n\t<meta property=\"og:image:height\" content=\"2048\" \/>\n\t<meta property=\"og:image:type\" content=\"image\/jpeg\" \/>\n<meta name=\"twitter:card\" content=\"summary_large_image\" \/>\n<meta name=\"twitter:label1\" content=\"Tiempo de lectura\" \/>\n\t<meta name=\"twitter:data1\" content=\"1 minuto\" \/>\n<script type=\"application\/ld+json\" class=\"yoast-schema-graph\">{\"@context\":\"https:\\\/\\\/schema.org\",\"@graph\":[{\"@type\":\"WebPage\",\"@id\":\"https:\\\/\\\/pharma-hemp.com\\\/es\\\/shop\\\/mikka-cuidado-labial-revitalizante\\\/\",\"url\":\"https:\\\/\\\/pharma-hemp.com\\\/es\\\/shop\\\/mikka-cuidado-labial-revitalizante\\\/\",\"name\":\"CBD brillo labial de c\u00e1\u00f1amo mikka 50 mg cbd - Pharma Hemp\",\"isPartOf\":{\"@id\":\"https:\\\/\\\/pharma-hemp.com\\\/es\\\/#website\"},\"primaryImageOfPage\":{\"@id\":\"https:\\\/\\\/pharma-hemp.com\\\/es\\\/shop\\\/mikka-cuidado-labial-revitalizante\\\/#primaryimage\"},\"image\":{\"@id\":\"https:\\\/\\\/pharma-hemp.com\\\/es\\\/shop\\\/mikka-cuidado-labial-revitalizante\\\/#primaryimage\"},\"thumbnailUrl\":\"https:\\\/\\\/pharma-hemp.com\\\/wp-content\\\/uploads\\\/2025\\\/05\\\/LiparDesignPhotography-02021.jpg\",\"datePublished\":\"2025-04-30T09:32:37+00:00\",\"dateModified\":\"2026-03-03T08:50:28+00:00\",\"description\":\"El brillo de labios de c\u00e1\u00f1amo CBD suaviza, hidrata y protege los labios secos. Una f\u00f3rmula nutritiva para unos labios suaves y de aspecto saludable durante todo el d\u00eda.\",\"breadcrumb\":{\"@id\":\"https:\\\/\\\/pharma-hemp.com\\\/es\\\/shop\\\/mikka-cuidado-labial-revitalizante\\\/#breadcrumb\"},\"inLanguage\":\"es\",\"potentialAction\":[{\"@type\":\"ReadAction\",\"target\":[\"https:\\\/\\\/pharma-hemp.com\\\/es\\\/shop\\\/mikka-cuidado-labial-revitalizante\\\/\"]}]},{\"@type\":\"ImageObject\",\"inLanguage\":\"es\",\"@id\":\"https:\\\/\\\/pharma-hemp.com\\\/es\\\/shop\\\/mikka-cuidado-labial-revitalizante\\\/#primaryimage\",\"url\":\"https:\\\/\\\/pharma-hemp.com\\\/wp-content\\\/uploads\\\/2025\\\/05\\\/LiparDesignPhotography-02021.jpg\",\"contentUrl\":\"https:\\\/\\\/pharma-hemp.com\\\/wp-content\\\/uploads\\\/2025\\\/05\\\/LiparDesignPhotography-02021.jpg\",\"width\":2048,\"height\":2048,\"caption\":\"Cuidado labial revitalizante Mikka\"},{\"@type\":\"BreadcrumbList\",\"@id\":\"https:\\\/\\\/pharma-hemp.com\\\/es\\\/shop\\\/mikka-cuidado-labial-revitalizante\\\/#breadcrumb\",\"itemListElement\":[{\"@type\":\"ListItem\",\"position\":1,\"name\":\"Home\",\"item\":\"https:\\\/\\\/pharma-hemp.com\\\/es\\\/\"},{\"@type\":\"ListItem\",\"position\":2,\"name\":\"Tienda\",\"item\":\"https:\\\/\\\/pharma-hemp.com\\\/es\\\/tienda\\\/\"},{\"@type\":\"ListItem\",\"position\":3,\"name\":\"Mikka Cuidado Labial Revitalizante\"}]},{\"@type\":\"WebSite\",\"@id\":\"https:\\\/\\\/pharma-hemp.com\\\/es\\\/#website\",\"url\":\"https:\\\/\\\/pharma-hemp.com\\\/es\\\/\",\"name\":\"Pharma Hemp\",\"description\":\"CBD store\",\"publisher\":{\"@id\":\"https:\\\/\\\/pharma-hemp.com\\\/es\\\/#organization\"},\"potentialAction\":[{\"@type\":\"SearchAction\",\"target\":{\"@type\":\"EntryPoint\",\"urlTemplate\":\"https:\\\/\\\/pharma-hemp.com\\\/es\\\/?s={search_term_string}\"},\"query-input\":{\"@type\":\"PropertyValueSpecification\",\"valueRequired\":true,\"valueName\":\"search_term_string\"}}],\"inLanguage\":\"es\"},{\"@type\":\"Organization\",\"@id\":\"https:\\\/\\\/pharma-hemp.com\\\/es\\\/#organization\",\"name\":\"PharmaHemp\",\"url\":\"https:\\\/\\\/pharma-hemp.com\\\/es\\\/\",\"logo\":{\"@type\":\"ImageObject\",\"inLanguage\":\"es\",\"@id\":\"https:\\\/\\\/pharma-hemp.com\\\/es\\\/#\\\/schema\\\/logo\\\/image\\\/\",\"url\":\"https:\\\/\\\/pharma-hemp.com\\\/wp-content\\\/uploads\\\/2025\\\/04\\\/Pharma-Hemp-logo_crn-1.png\",\"contentUrl\":\"https:\\\/\\\/pharma-hemp.com\\\/wp-content\\\/uploads\\\/2025\\\/04\\\/Pharma-Hemp-logo_crn-1.png\",\"width\":200,\"height\":44,\"caption\":\"PharmaHemp\"},\"image\":{\"@id\":\"https:\\\/\\\/pharma-hemp.com\\\/es\\\/#\\\/schema\\\/logo\\\/image\\\/\"}}]}<\/script>\n<!-- \/ Yoast SEO plugin. -->","yoast_head_json":{"title":"CBD brillo labial de c\u00e1\u00f1amo mikka 50 mg cbd - Pharma Hemp","description":"El brillo de labios de c\u00e1\u00f1amo CBD suaviza, hidrata y protege los labios secos. Una f\u00f3rmula nutritiva para unos labios suaves y de aspecto saludable durante todo el d\u00eda.","robots":{"index":"index","follow":"follow","max-snippet":"max-snippet:-1","max-image-preview":"max-image-preview:large","max-video-preview":"max-video-preview:-1"},"canonical":"https:\/\/pharma-hemp.com\/es\/shop\/mikka-cuidado-labial-revitalizante\/","og_locale":"es_ES","og_type":"article","og_title":"CBD brillo labial de c\u00e1\u00f1amo mikka 50 mg cbd - Pharma Hemp","og_description":"El brillo de labios de c\u00e1\u00f1amo CBD suaviza, hidrata y protege los labios secos. Una f\u00f3rmula nutritiva para unos labios suaves y de aspecto saludable durante todo el d\u00eda.","og_url":"https:\/\/pharma-hemp.com\/es\/shop\/mikka-cuidado-labial-revitalizante\/","og_site_name":"Pharma Hemp","article_modified_time":"2026-03-03T08:50:28+00:00","og_image":[{"width":2048,"height":2048,"url":"https:\/\/pharma-hemp.com\/wp-content\/uploads\/2025\/05\/LiparDesignPhotography-02021.jpg","type":"image\/jpeg"}],"twitter_card":"summary_large_image","twitter_misc":{"Tiempo de lectura":"1 minuto"},"schema":{"@context":"https:\/\/schema.org","@graph":[{"@type":"WebPage","@id":"https:\/\/pharma-hemp.com\/es\/shop\/mikka-cuidado-labial-revitalizante\/","url":"https:\/\/pharma-hemp.com\/es\/shop\/mikka-cuidado-labial-revitalizante\/","name":"CBD brillo labial de c\u00e1\u00f1amo mikka 50 mg cbd - Pharma Hemp","isPartOf":{"@id":"https:\/\/pharma-hemp.com\/es\/#website"},"primaryImageOfPage":{"@id":"https:\/\/pharma-hemp.com\/es\/shop\/mikka-cuidado-labial-revitalizante\/#primaryimage"},"image":{"@id":"https:\/\/pharma-hemp.com\/es\/shop\/mikka-cuidado-labial-revitalizante\/#primaryimage"},"thumbnailUrl":"https:\/\/pharma-hemp.com\/wp-content\/uploads\/2025\/05\/LiparDesignPhotography-02021.jpg","datePublished":"2025-04-30T09:32:37+00:00","dateModified":"2026-03-03T08:50:28+00:00","description":"El brillo de labios de c\u00e1\u00f1amo CBD suaviza, hidrata y protege los labios secos. Una f\u00f3rmula nutritiva para unos labios suaves y de aspecto saludable durante todo el d\u00eda.","breadcrumb":{"@id":"https:\/\/pharma-hemp.com\/es\/shop\/mikka-cuidado-labial-revitalizante\/#breadcrumb"},"inLanguage":"es","potentialAction":[{"@type":"ReadAction","target":["https:\/\/pharma-hemp.com\/es\/shop\/mikka-cuidado-labial-revitalizante\/"]}]},{"@type":"ImageObject","inLanguage":"es","@id":"https:\/\/pharma-hemp.com\/es\/shop\/mikka-cuidado-labial-revitalizante\/#primaryimage","url":"https:\/\/pharma-hemp.com\/wp-content\/uploads\/2025\/05\/LiparDesignPhotography-02021.jpg","contentUrl":"https:\/\/pharma-hemp.com\/wp-content\/uploads\/2025\/05\/LiparDesignPhotography-02021.jpg","width":2048,"height":2048,"caption":"Cuidado labial revitalizante Mikka"},{"@type":"BreadcrumbList","@id":"https:\/\/pharma-hemp.com\/es\/shop\/mikka-cuidado-labial-revitalizante\/#breadcrumb","itemListElement":[{"@type":"ListItem","position":1,"name":"Home","item":"https:\/\/pharma-hemp.com\/es\/"},{"@type":"ListItem","position":2,"name":"Tienda","item":"https:\/\/pharma-hemp.com\/es\/tienda\/"},{"@type":"ListItem","position":3,"name":"Mikka Cuidado Labial Revitalizante"}]},{"@type":"WebSite","@id":"https:\/\/pharma-hemp.com\/es\/#website","url":"https:\/\/pharma-hemp.com\/es\/","name":"Pharma Hemp","description":"CBD store","publisher":{"@id":"https:\/\/pharma-hemp.com\/es\/#organization"},"potentialAction":[{"@type":"SearchAction","target":{"@type":"EntryPoint","urlTemplate":"https:\/\/pharma-hemp.com\/es\/?s={search_term_string}"},"query-input":{"@type":"PropertyValueSpecification","valueRequired":true,"valueName":"search_term_string"}}],"inLanguage":"es"},{"@type":"Organization","@id":"https:\/\/pharma-hemp.com\/es\/#organization","name":"PharmaHemp","url":"https:\/\/pharma-hemp.com\/es\/","logo":{"@type":"ImageObject","inLanguage":"es","@id":"https:\/\/pharma-hemp.com\/es\/#\/schema\/logo\/image\/","url":"https:\/\/pharma-hemp.com\/wp-content\/uploads\/2025\/04\/Pharma-Hemp-logo_crn-1.png","contentUrl":"https:\/\/pharma-hemp.com\/wp-content\/uploads\/2025\/04\/Pharma-Hemp-logo_crn-1.png","width":200,"height":44,"caption":"PharmaHemp"},"image":{"@id":"https:\/\/pharma-hemp.com\/es\/#\/schema\/logo\/image\/"}}]}},"_links":{"self":[{"href":"https:\/\/pharma-hemp.com\/es\/wp-json\/wp\/v2\/product\/576140","targetHints":{"allow":["GET"]}}],"collection":[{"href":"https:\/\/pharma-hemp.com\/es\/wp-json\/wp\/v2\/product"}],"about":[{"href":"https:\/\/pharma-hemp.com\/es\/wp-json\/wp\/v2\/types\/product"}],"wp:featuredmedia":[{"embeddable":true,"href":"https:\/\/pharma-hemp.com\/es\/wp-json\/wp\/v2\/media\/572780"}],"wp:attachment":[{"href":"https:\/\/pharma-hemp.com\/es\/wp-json\/wp\/v2\/media?parent=576140"}],"wp:term":[{"taxonomy":"product_brand","embeddable":true,"href":"https:\/\/pharma-hemp.com\/es\/wp-json\/wp\/v2\/product_brand?post=576140"},{"taxonomy":"product_cat","embeddable":true,"href":"https:\/\/pharma-hemp.com\/es\/wp-json\/wp\/v2\/product_cat?post=576140"},{"taxonomy":"product_tag","embeddable":true,"href":"https:\/\/pharma-hemp.com\/es\/wp-json\/wp\/v2\/product_tag?post=576140"}],"curies":[{"name":"wp","href":"https:\/\/api.w.org\/{rel}","templated":true}]}}