{"id":575529,"date":"2025-12-23T14:28:10","date_gmt":"2025-12-23T12:28:10","guid":{"rendered":"https:\/\/pharma-hemp.com\/?post_type=product&#038;p=575529"},"modified":"2026-04-02T10:51:41","modified_gmt":"2026-04-02T08:51:41","slug":"get-well-bundle","status":"publish","type":"product","link":"https:\/\/pharma-hemp.com\/es\/shop\/get-well-bundle\/","title":{"rendered":"PAQUETE PARA MEJORAR LA SALUD"},"content":{"rendered":"<p id=\"tw-target-text\" class=\"tw-data-text tw-text-large tw-ta\" dir=\"ltr\" tabindex=\"-1\" role=\"text\" data-placeholder=\"Translation\" data-ved=\"2ahUKEwi1yJOZp-KRAxXuR0EAHT2PPA4Q3ewLegQIDBAW\" aria-label=\"Translated text: PAQUETE PARA MEJORAR LA SALUD Cuando tu sistema necesita apoyo. Duerme m\u00e1s profundamente y recup\u00e9rate m\u00e1s r\u00e1pido con este paquete de recuperaci\u00f3n. Fortalece el sistema inmunitario y recarga energ\u00edas durante la noche. Apoyo natural para d\u00edas de bajada de energ\u00eda, d\u00edas de bajada de energ\u00eda o bajones estacionales.\"><strong><span class=\"Y2IQFc\" lang=\"es\">Cuando tu sistema necesita apoyo. <\/span><\/strong><\/p>\n<p class=\"tw-data-text tw-text-large tw-ta\" dir=\"ltr\" tabindex=\"-1\" role=\"text\" data-placeholder=\"Translation\" data-ved=\"2ahUKEwi1yJOZp-KRAxXuR0EAHT2PPA4Q3ewLegQIDBAW\" aria-label=\"Translated text: PAQUETE PARA MEJORAR LA SALUD Cuando tu sistema necesita apoyo. Duerme m\u00e1s profundamente y recup\u00e9rate m\u00e1s r\u00e1pido con este paquete de recuperaci\u00f3n. Fortalece el sistema inmunitario y recarga energ\u00edas durante la noche. Apoyo natural para d\u00edas de bajada de energ\u00eda, d\u00edas de bajada de energ\u00eda o bajones estacionales.\"><span class=\"Y2IQFc\" lang=\"es\">Duerme m\u00e1s profundamente y recup\u00e9rate m\u00e1s r\u00e1pido con este paquete de recuperaci\u00f3n. Fortalece el sistema inmunitario y recarga energ\u00edas durante la noche. Apoyo natural para d\u00edas de bajada de energ\u00eda, d\u00edas de bajada de energ\u00eda o bajones estacionales.<\/span><\/p>\n","protected":false},"excerpt":{"rendered":"<p id=\"tw-target-text\" class=\"tw-data-text tw-text-large tw-ta\" dir=\"ltr\" tabindex=\"-1\" role=\"text\" data-placeholder=\"Translation\" data-ved=\"2ahUKEwi1yJOZp-KRAxXuR0EAHT2PPA4Q3ewLegQIDBAW\" aria-label=\"Translated text: PAQUETE PARA MEJORAR LA SALUD Cuando tu sistema necesita apoyo. Duerme m\u00e1s profundamente y recup\u00e9rate m\u00e1s r\u00e1pido con este paquete de recuperaci\u00f3n. Fortalece el sistema inmunitario y recarga energ\u00edas durante la noche. Apoyo natural para d\u00edas de bajada de energ\u00eda, d\u00edas de bajada de energ\u00eda o bajones estacionales.\"><strong><span class=\"Y2IQFc\" lang=\"es\">Cuando tu sistema necesita apoyo. <\/span><\/strong><\/p>\n<p class=\"tw-data-text tw-text-large tw-ta\" dir=\"ltr\" tabindex=\"-1\" role=\"text\" data-placeholder=\"Translation\" data-ved=\"2ahUKEwi1yJOZp-KRAxXuR0EAHT2PPA4Q3ewLegQIDBAW\" aria-label=\"Translated text: PAQUETE PARA MEJORAR LA SALUD Cuando tu sistema necesita apoyo. Duerme m\u00e1s profundamente y recup\u00e9rate m\u00e1s r\u00e1pido con este paquete de recuperaci\u00f3n. Fortalece el sistema inmunitario y recarga energ\u00edas durante la noche. Apoyo natural para d\u00edas de bajada de energ\u00eda, d\u00edas de bajada de energ\u00eda o bajones estacionales.\"><span class=\"Y2IQFc\" lang=\"es\">Duerme m\u00e1s profundamente y recup\u00e9rate m\u00e1s r\u00e1pido con este paquete de recuperaci\u00f3n. Fortalece el sistema inmunitario y recarga energ\u00edas durante la noche. <\/span><\/p>\n<p class=\"tw-data-text tw-text-large tw-ta\" dir=\"ltr\" tabindex=\"-1\" role=\"text\" data-placeholder=\"Translation\" data-ved=\"2ahUKEwi1yJOZp-KRAxXuR0EAHT2PPA4Q3ewLegQIDBAW\" aria-label=\"Translated text: PAQUETE PARA MEJORAR LA SALUD Cuando tu sistema necesita apoyo. Duerme m\u00e1s profundamente y recup\u00e9rate m\u00e1s r\u00e1pido con este paquete de recuperaci\u00f3n. Fortalece el sistema inmunitario y recarga energ\u00edas durante la noche. Apoyo natural para d\u00edas de bajada de energ\u00eda, d\u00edas de bajada de energ\u00eda o bajones estacionales.\"><span class=\"Y2IQFc\" lang=\"es\">Apoyo natural para d\u00edas de bajada de energ\u00eda, d\u00edas de bajada de energ\u00eda o bajones estacionales.<\/span><\/p>\n","protected":false},"featured_media":575449,"template":"","meta":[],"product_brand":[],"product_cat":[291],"product_tag":[1005,1008,1007,1827,1806,1828,1830,1829,1006,1644],"class_list":{"0":"post-575529","1":"product","2":"type-product","3":"status-publish","4":"has-post-thumbnail","6":"product_cat-paquetes","7":"product_tag-ayuda-para-dormir","8":"product_tag-calma","9":"product_tag-cansancio","10":"product_tag-enfermo","11":"product_tag-inmunidad","12":"product_tag-nariz-congestionada","13":"product_tag-paquete-salud","14":"product_tag-recuperacion","15":"product_tag-relajacion","16":"product_tag-resfriado","18":"first","19":"instock","20":"sale","21":"shipping-taxable","22":"purchasable","23":"product-type-simple"},"acf":{"konfigurator_product_name":"","konfigurator_product_description":"","konfigurator_product_image_url":""},"yoast_head":"<!-- This site is optimized with the Yoast SEO plugin v27.3 - https:\/\/yoast.com\/product\/yoast-seo-wordpress\/ -->\n<title>PAQUETE PARA MEJORAR LA SALUD - Pharma Hemp<\/title>\n<meta name=\"description\" content=\"Party bundle for enjoyable\" \/>\n<meta name=\"robots\" content=\"index, follow, max-snippet:-1, max-image-preview:large, max-video-preview:-1\" \/>\n<link rel=\"canonical\" href=\"https:\/\/pharma-hemp.com\/es\/shop\/get-well-bundle\/\" \/>\n<meta property=\"og:locale\" content=\"es_ES\" \/>\n<meta property=\"og:type\" content=\"article\" \/>\n<meta property=\"og:title\" content=\"PAQUETE PARA MEJORAR LA SALUD - Pharma Hemp\" \/>\n<meta property=\"og:description\" content=\"Party bundle for enjoyable\" \/>\n<meta property=\"og:url\" content=\"https:\/\/pharma-hemp.com\/es\/shop\/get-well-bundle\/\" \/>\n<meta property=\"og:site_name\" content=\"Pharma Hemp\" \/>\n<meta property=\"article:modified_time\" content=\"2026-04-02T08:51:41+00:00\" \/>\n<meta property=\"og:image\" content=\"https:\/\/pharma-hemp.com\/wp-content\/uploads\/2025\/12\/getWellBundle.png\" \/>\n\t<meta property=\"og:image:width\" content=\"1250\" \/>\n\t<meta property=\"og:image:height\" content=\"1250\" \/>\n\t<meta property=\"og:image:type\" content=\"image\/png\" \/>\n<meta name=\"twitter:card\" content=\"summary_large_image\" \/>\n<meta name=\"twitter:label1\" content=\"Tiempo de lectura\" \/>\n\t<meta name=\"twitter:data1\" content=\"1 minuto\" \/>\n<script type=\"application\/ld+json\" class=\"yoast-schema-graph\">{\"@context\":\"https:\\\/\\\/schema.org\",\"@graph\":[{\"@type\":\"WebPage\",\"@id\":\"https:\\\/\\\/pharma-hemp.com\\\/es\\\/shop\\\/get-well-bundle\\\/\",\"url\":\"https:\\\/\\\/pharma-hemp.com\\\/es\\\/shop\\\/get-well-bundle\\\/\",\"name\":\"PAQUETE PARA MEJORAR LA SALUD - Pharma Hemp\",\"isPartOf\":{\"@id\":\"https:\\\/\\\/pharma-hemp.com\\\/es\\\/#website\"},\"primaryImageOfPage\":{\"@id\":\"https:\\\/\\\/pharma-hemp.com\\\/es\\\/shop\\\/get-well-bundle\\\/#primaryimage\"},\"image\":{\"@id\":\"https:\\\/\\\/pharma-hemp.com\\\/es\\\/shop\\\/get-well-bundle\\\/#primaryimage\"},\"thumbnailUrl\":\"https:\\\/\\\/pharma-hemp.com\\\/wp-content\\\/uploads\\\/2025\\\/12\\\/getWellBundle.png\",\"datePublished\":\"2025-12-23T12:28:10+00:00\",\"dateModified\":\"2026-04-02T08:51:41+00:00\",\"description\":\"Party bundle for enjoyable\",\"breadcrumb\":{\"@id\":\"https:\\\/\\\/pharma-hemp.com\\\/es\\\/shop\\\/get-well-bundle\\\/#breadcrumb\"},\"inLanguage\":\"es\",\"potentialAction\":[{\"@type\":\"ReadAction\",\"target\":[\"https:\\\/\\\/pharma-hemp.com\\\/es\\\/shop\\\/get-well-bundle\\\/\"]}]},{\"@type\":\"ImageObject\",\"inLanguage\":\"es\",\"@id\":\"https:\\\/\\\/pharma-hemp.com\\\/es\\\/shop\\\/get-well-bundle\\\/#primaryimage\",\"url\":\"https:\\\/\\\/pharma-hemp.com\\\/wp-content\\\/uploads\\\/2025\\\/12\\\/getWellBundle.png\",\"contentUrl\":\"https:\\\/\\\/pharma-hemp.com\\\/wp-content\\\/uploads\\\/2025\\\/12\\\/getWellBundle.png\",\"width\":1250,\"height\":1250},{\"@type\":\"BreadcrumbList\",\"@id\":\"https:\\\/\\\/pharma-hemp.com\\\/es\\\/shop\\\/get-well-bundle\\\/#breadcrumb\",\"itemListElement\":[{\"@type\":\"ListItem\",\"position\":1,\"name\":\"Home\",\"item\":\"https:\\\/\\\/pharma-hemp.com\\\/es\\\/\"},{\"@type\":\"ListItem\",\"position\":2,\"name\":\"Tienda\",\"item\":\"https:\\\/\\\/pharma-hemp.com\\\/es\\\/tienda\\\/\"},{\"@type\":\"ListItem\",\"position\":3,\"name\":\"PAQUETE PARA MEJORAR LA SALUD\"}]},{\"@type\":\"WebSite\",\"@id\":\"https:\\\/\\\/pharma-hemp.com\\\/es\\\/#website\",\"url\":\"https:\\\/\\\/pharma-hemp.com\\\/es\\\/\",\"name\":\"Pharma Hemp\",\"description\":\"CBD store\",\"publisher\":{\"@id\":\"https:\\\/\\\/pharma-hemp.com\\\/es\\\/#organization\"},\"potentialAction\":[{\"@type\":\"SearchAction\",\"target\":{\"@type\":\"EntryPoint\",\"urlTemplate\":\"https:\\\/\\\/pharma-hemp.com\\\/es\\\/?s={search_term_string}\"},\"query-input\":{\"@type\":\"PropertyValueSpecification\",\"valueRequired\":true,\"valueName\":\"search_term_string\"}}],\"inLanguage\":\"es\"},{\"@type\":\"Organization\",\"@id\":\"https:\\\/\\\/pharma-hemp.com\\\/es\\\/#organization\",\"name\":\"PharmaHemp\",\"url\":\"https:\\\/\\\/pharma-hemp.com\\\/es\\\/\",\"logo\":{\"@type\":\"ImageObject\",\"inLanguage\":\"es\",\"@id\":\"https:\\\/\\\/pharma-hemp.com\\\/es\\\/#\\\/schema\\\/logo\\\/image\\\/\",\"url\":\"https:\\\/\\\/pharma-hemp.com\\\/wp-content\\\/uploads\\\/2025\\\/04\\\/Pharma-Hemp-logo_crn-1.png\",\"contentUrl\":\"https:\\\/\\\/pharma-hemp.com\\\/wp-content\\\/uploads\\\/2025\\\/04\\\/Pharma-Hemp-logo_crn-1.png\",\"width\":200,\"height\":44,\"caption\":\"PharmaHemp\"},\"image\":{\"@id\":\"https:\\\/\\\/pharma-hemp.com\\\/es\\\/#\\\/schema\\\/logo\\\/image\\\/\"}}]}<\/script>\n<!-- \/ Yoast SEO plugin. -->","yoast_head_json":{"title":"PAQUETE PARA MEJORAR LA SALUD - Pharma Hemp","description":"Party bundle for enjoyable","robots":{"index":"index","follow":"follow","max-snippet":"max-snippet:-1","max-image-preview":"max-image-preview:large","max-video-preview":"max-video-preview:-1"},"canonical":"https:\/\/pharma-hemp.com\/es\/shop\/get-well-bundle\/","og_locale":"es_ES","og_type":"article","og_title":"PAQUETE PARA MEJORAR LA SALUD - Pharma Hemp","og_description":"Party bundle for enjoyable","og_url":"https:\/\/pharma-hemp.com\/es\/shop\/get-well-bundle\/","og_site_name":"Pharma Hemp","article_modified_time":"2026-04-02T08:51:41+00:00","og_image":[{"width":1250,"height":1250,"url":"https:\/\/pharma-hemp.com\/wp-content\/uploads\/2025\/12\/getWellBundle.png","type":"image\/png"}],"twitter_card":"summary_large_image","twitter_misc":{"Tiempo de lectura":"1 minuto"},"schema":{"@context":"https:\/\/schema.org","@graph":[{"@type":"WebPage","@id":"https:\/\/pharma-hemp.com\/es\/shop\/get-well-bundle\/","url":"https:\/\/pharma-hemp.com\/es\/shop\/get-well-bundle\/","name":"PAQUETE PARA MEJORAR LA SALUD - Pharma Hemp","isPartOf":{"@id":"https:\/\/pharma-hemp.com\/es\/#website"},"primaryImageOfPage":{"@id":"https:\/\/pharma-hemp.com\/es\/shop\/get-well-bundle\/#primaryimage"},"image":{"@id":"https:\/\/pharma-hemp.com\/es\/shop\/get-well-bundle\/#primaryimage"},"thumbnailUrl":"https:\/\/pharma-hemp.com\/wp-content\/uploads\/2025\/12\/getWellBundle.png","datePublished":"2025-12-23T12:28:10+00:00","dateModified":"2026-04-02T08:51:41+00:00","description":"Party bundle for enjoyable","breadcrumb":{"@id":"https:\/\/pharma-hemp.com\/es\/shop\/get-well-bundle\/#breadcrumb"},"inLanguage":"es","potentialAction":[{"@type":"ReadAction","target":["https:\/\/pharma-hemp.com\/es\/shop\/get-well-bundle\/"]}]},{"@type":"ImageObject","inLanguage":"es","@id":"https:\/\/pharma-hemp.com\/es\/shop\/get-well-bundle\/#primaryimage","url":"https:\/\/pharma-hemp.com\/wp-content\/uploads\/2025\/12\/getWellBundle.png","contentUrl":"https:\/\/pharma-hemp.com\/wp-content\/uploads\/2025\/12\/getWellBundle.png","width":1250,"height":1250},{"@type":"BreadcrumbList","@id":"https:\/\/pharma-hemp.com\/es\/shop\/get-well-bundle\/#breadcrumb","itemListElement":[{"@type":"ListItem","position":1,"name":"Home","item":"https:\/\/pharma-hemp.com\/es\/"},{"@type":"ListItem","position":2,"name":"Tienda","item":"https:\/\/pharma-hemp.com\/es\/tienda\/"},{"@type":"ListItem","position":3,"name":"PAQUETE PARA MEJORAR LA SALUD"}]},{"@type":"WebSite","@id":"https:\/\/pharma-hemp.com\/es\/#website","url":"https:\/\/pharma-hemp.com\/es\/","name":"Pharma Hemp","description":"CBD store","publisher":{"@id":"https:\/\/pharma-hemp.com\/es\/#organization"},"potentialAction":[{"@type":"SearchAction","target":{"@type":"EntryPoint","urlTemplate":"https:\/\/pharma-hemp.com\/es\/?s={search_term_string}"},"query-input":{"@type":"PropertyValueSpecification","valueRequired":true,"valueName":"search_term_string"}}],"inLanguage":"es"},{"@type":"Organization","@id":"https:\/\/pharma-hemp.com\/es\/#organization","name":"PharmaHemp","url":"https:\/\/pharma-hemp.com\/es\/","logo":{"@type":"ImageObject","inLanguage":"es","@id":"https:\/\/pharma-hemp.com\/es\/#\/schema\/logo\/image\/","url":"https:\/\/pharma-hemp.com\/wp-content\/uploads\/2025\/04\/Pharma-Hemp-logo_crn-1.png","contentUrl":"https:\/\/pharma-hemp.com\/wp-content\/uploads\/2025\/04\/Pharma-Hemp-logo_crn-1.png","width":200,"height":44,"caption":"PharmaHemp"},"image":{"@id":"https:\/\/pharma-hemp.com\/es\/#\/schema\/logo\/image\/"}}]}},"_links":{"self":[{"href":"https:\/\/pharma-hemp.com\/es\/wp-json\/wp\/v2\/product\/575529","targetHints":{"allow":["GET"]}}],"collection":[{"href":"https:\/\/pharma-hemp.com\/es\/wp-json\/wp\/v2\/product"}],"about":[{"href":"https:\/\/pharma-hemp.com\/es\/wp-json\/wp\/v2\/types\/product"}],"wp:featuredmedia":[{"embeddable":true,"href":"https:\/\/pharma-hemp.com\/es\/wp-json\/wp\/v2\/media\/575449"}],"wp:attachment":[{"href":"https:\/\/pharma-hemp.com\/es\/wp-json\/wp\/v2\/media?parent=575529"}],"wp:term":[{"taxonomy":"product_brand","embeddable":true,"href":"https:\/\/pharma-hemp.com\/es\/wp-json\/wp\/v2\/product_brand?post=575529"},{"taxonomy":"product_cat","embeddable":true,"href":"https:\/\/pharma-hemp.com\/es\/wp-json\/wp\/v2\/product_cat?post=575529"},{"taxonomy":"product_tag","embeddable":true,"href":"https:\/\/pharma-hemp.com\/es\/wp-json\/wp\/v2\/product_tag?post=575529"}],"curies":[{"name":"wp","href":"https:\/\/api.w.org\/{rel}","templated":true}]}}