{"id":573091,"date":"2025-10-13T09:23:40","date_gmt":"2025-10-13T07:23:40","guid":{"rendered":"https:\/\/pharma-hemp.com\/?post_type=product&#038;p=573091"},"modified":"2026-04-02T11:08:45","modified_gmt":"2026-04-02T09:08:45","slug":"korean-care-bundle","status":"publish","type":"product","link":"https:\/\/pharma-hemp.com\/es\/shop\/korean-care-bundle\/","title":{"rendered":"PAQUETE DE CUIDADOS COREANOS"},"content":{"rendered":"<p id=\"tw-target-text\" class=\"tw-data-text tw-text-large tw-ta\" dir=\"ltr\" tabindex=\"-1\" role=\"text\" data-placeholder=\"Translation\" data-ved=\"2ahUKEwjBya2xn6GRAxW8_7sIHfN4H44Q3ewLegQIDBAV\" aria-label=\"Translated text: Este paquete coreano todo en uno para el cuidado de la piel combina limpieza suave, hidrataci\u00f3n calmante y cuidado espec\u00edfico para ayudarte a lograr una piel equilibrada y radiante a diario. Perfecto para cuidar la salud de la piel de la ma\u00f1ana a la noche con f\u00f3rmulas suaves y cl\u00ednicamente probadas.\"><span class=\"Y2IQFc\" lang=\"es\">Este paquete coreano todo en uno para el cuidado de la piel combina limpieza suave, hidrataci\u00f3n calmante y cuidado espec\u00edfico para ayudarte a lograr una piel equilibrada y radiante a diario. Perfecto para cuidar la salud de la piel de la ma\u00f1ana a la noche con f\u00f3rmulas suaves y cl\u00ednicamente probadas.<\/span><\/p>\n","protected":false},"excerpt":{"rendered":"<p id=\"tw-target-text\" class=\"tw-data-text tw-text-large tw-ta\" dir=\"ltr\" tabindex=\"-1\" role=\"text\" data-placeholder=\"Translation\" data-ved=\"2ahUKEwjBya2xn6GRAxW8_7sIHfN4H44Q3ewLegQIDBAV\" aria-label=\"Translated text: Este paquete coreano todo en uno para el cuidado de la piel combina limpieza suave, hidrataci\u00f3n calmante y cuidado espec\u00edfico para ayudarte a lograr una piel equilibrada y radiante a diario. Perfecto para cuidar la salud de la piel de la ma\u00f1ana a la noche con f\u00f3rmulas suaves y cl\u00ednicamente probadas.\"><span class=\"Y2IQFc\" lang=\"es\">Este paquete coreano todo en uno para el cuidado de la piel combina limpieza suave, hidrataci\u00f3n calmante y cuidado espec\u00edfico para ayudarte a lograr una piel equilibrada y radiante a diario. Perfecto para cuidar la salud de la piel de la ma\u00f1ana a la noche con f\u00f3rmulas suaves y cl\u00ednicamente probadas.<\/span><\/p>\n","protected":false},"featured_media":575453,"template":"","meta":[],"product_brand":[],"product_cat":[291],"product_tag":[1840,1838,1819,1841,1217,1839,1253,1842,1181,1177],"class_list":{"0":"post-573091","1":"product","2":"type-product","3":"status-publish","4":"has-post-thumbnail","6":"product_cat-paquetes","7":"product_tag-cosmetica-coreana","8":"product_tag-cuidado-acne","9":"product_tag-cuidado-natural","10":"product_tag-formula-calmante","11":"product_tag-granitos","12":"product_tag-hidratacion-piel","13":"product_tag-limpieza-suave","14":"product_tag-pack-coreano","15":"product_tag-piel-sensible","16":"product_tag-rojeces","18":"first","19":"instock","20":"sale","21":"shipping-taxable","22":"purchasable","23":"product-type-simple"},"acf":{"konfigurator_product_name":"","konfigurator_product_description":"","konfigurator_product_image_url":""},"yoast_head":"<!-- This site is optimized with the Yoast SEO plugin v27.3 - https:\/\/yoast.com\/product\/yoast-seo-wordpress\/ -->\n<title>PAQUETE DE CUIDADOS COREANOS - Pharma Hemp<\/title>\n<meta name=\"description\" content=\"Este paquete coreano todo en uno para el cuidado de la piel combina limpieza suave, hidrataci\u00f3n calmante y cuidado espec\u00edfico para ayudarte a lograr una piel equilibrada y radiante a diario. Perfecto para cuidar la salud de la piel de la ma\u00f1ana a la noche con f\u00f3rmulas suaves y cl\u00ednicamente probadas.\" \/>\n<meta name=\"robots\" content=\"index, follow, max-snippet:-1, max-image-preview:large, max-video-preview:-1\" \/>\n<link rel=\"canonical\" href=\"https:\/\/pharma-hemp.com\/es\/shop\/korean-care-bundle\/\" \/>\n<meta property=\"og:locale\" content=\"es_ES\" \/>\n<meta property=\"og:type\" content=\"article\" \/>\n<meta property=\"og:title\" content=\"PAQUETE DE CUIDADOS COREANOS - Pharma Hemp\" \/>\n<meta property=\"og:description\" content=\"Este paquete coreano todo en uno para el cuidado de la piel combina limpieza suave, hidrataci\u00f3n calmante y cuidado espec\u00edfico para ayudarte a lograr una piel equilibrada y radiante a diario. Perfecto para cuidar la salud de la piel de la ma\u00f1ana a la noche con f\u00f3rmulas suaves y cl\u00ednicamente probadas.\" \/>\n<meta property=\"og:url\" content=\"https:\/\/pharma-hemp.com\/es\/shop\/korean-care-bundle\/\" \/>\n<meta property=\"og:site_name\" content=\"Pharma Hemp\" \/>\n<meta property=\"article:modified_time\" content=\"2026-04-02T09:08:45+00:00\" \/>\n<meta property=\"og:image\" content=\"https:\/\/pharma-hemp.com\/wp-content\/uploads\/2025\/12\/koreanCareBundle.png\" \/>\n\t<meta property=\"og:image:width\" content=\"1250\" \/>\n\t<meta property=\"og:image:height\" content=\"1250\" \/>\n\t<meta property=\"og:image:type\" content=\"image\/png\" \/>\n<meta name=\"twitter:card\" content=\"summary_large_image\" \/>\n<meta name=\"twitter:label1\" content=\"Tiempo de lectura\" \/>\n\t<meta name=\"twitter:data1\" content=\"1 minuto\" \/>\n<script type=\"application\/ld+json\" class=\"yoast-schema-graph\">{\"@context\":\"https:\\\/\\\/schema.org\",\"@graph\":[{\"@type\":\"WebPage\",\"@id\":\"https:\\\/\\\/pharma-hemp.com\\\/es\\\/shop\\\/korean-care-bundle\\\/\",\"url\":\"https:\\\/\\\/pharma-hemp.com\\\/es\\\/shop\\\/korean-care-bundle\\\/\",\"name\":\"PAQUETE DE CUIDADOS COREANOS - Pharma Hemp\",\"isPartOf\":{\"@id\":\"https:\\\/\\\/pharma-hemp.com\\\/es\\\/#website\"},\"primaryImageOfPage\":{\"@id\":\"https:\\\/\\\/pharma-hemp.com\\\/es\\\/shop\\\/korean-care-bundle\\\/#primaryimage\"},\"image\":{\"@id\":\"https:\\\/\\\/pharma-hemp.com\\\/es\\\/shop\\\/korean-care-bundle\\\/#primaryimage\"},\"thumbnailUrl\":\"https:\\\/\\\/pharma-hemp.com\\\/wp-content\\\/uploads\\\/2025\\\/12\\\/koreanCareBundle.png\",\"datePublished\":\"2025-10-13T07:23:40+00:00\",\"dateModified\":\"2026-04-02T09:08:45+00:00\",\"description\":\"Este paquete coreano todo en uno para el cuidado de la piel combina limpieza suave, hidrataci\u00f3n calmante y cuidado espec\u00edfico para ayudarte a lograr una piel equilibrada y radiante a diario. Perfecto para cuidar la salud de la piel de la ma\u00f1ana a la noche con f\u00f3rmulas suaves y cl\u00ednicamente probadas.\",\"breadcrumb\":{\"@id\":\"https:\\\/\\\/pharma-hemp.com\\\/es\\\/shop\\\/korean-care-bundle\\\/#breadcrumb\"},\"inLanguage\":\"es\",\"potentialAction\":[{\"@type\":\"ReadAction\",\"target\":[\"https:\\\/\\\/pharma-hemp.com\\\/es\\\/shop\\\/korean-care-bundle\\\/\"]}]},{\"@type\":\"ImageObject\",\"inLanguage\":\"es\",\"@id\":\"https:\\\/\\\/pharma-hemp.com\\\/es\\\/shop\\\/korean-care-bundle\\\/#primaryimage\",\"url\":\"https:\\\/\\\/pharma-hemp.com\\\/wp-content\\\/uploads\\\/2025\\\/12\\\/koreanCareBundle.png\",\"contentUrl\":\"https:\\\/\\\/pharma-hemp.com\\\/wp-content\\\/uploads\\\/2025\\\/12\\\/koreanCareBundle.png\",\"width\":1250,\"height\":1250},{\"@type\":\"BreadcrumbList\",\"@id\":\"https:\\\/\\\/pharma-hemp.com\\\/es\\\/shop\\\/korean-care-bundle\\\/#breadcrumb\",\"itemListElement\":[{\"@type\":\"ListItem\",\"position\":1,\"name\":\"Home\",\"item\":\"https:\\\/\\\/pharma-hemp.com\\\/es\\\/\"},{\"@type\":\"ListItem\",\"position\":2,\"name\":\"Tienda\",\"item\":\"https:\\\/\\\/pharma-hemp.com\\\/es\\\/tienda\\\/\"},{\"@type\":\"ListItem\",\"position\":3,\"name\":\"PAQUETE DE CUIDADOS COREANOS\"}]},{\"@type\":\"WebSite\",\"@id\":\"https:\\\/\\\/pharma-hemp.com\\\/es\\\/#website\",\"url\":\"https:\\\/\\\/pharma-hemp.com\\\/es\\\/\",\"name\":\"Pharma Hemp\",\"description\":\"CBD store\",\"publisher\":{\"@id\":\"https:\\\/\\\/pharma-hemp.com\\\/es\\\/#organization\"},\"potentialAction\":[{\"@type\":\"SearchAction\",\"target\":{\"@type\":\"EntryPoint\",\"urlTemplate\":\"https:\\\/\\\/pharma-hemp.com\\\/es\\\/?s={search_term_string}\"},\"query-input\":{\"@type\":\"PropertyValueSpecification\",\"valueRequired\":true,\"valueName\":\"search_term_string\"}}],\"inLanguage\":\"es\"},{\"@type\":\"Organization\",\"@id\":\"https:\\\/\\\/pharma-hemp.com\\\/es\\\/#organization\",\"name\":\"PharmaHemp\",\"url\":\"https:\\\/\\\/pharma-hemp.com\\\/es\\\/\",\"logo\":{\"@type\":\"ImageObject\",\"inLanguage\":\"es\",\"@id\":\"https:\\\/\\\/pharma-hemp.com\\\/es\\\/#\\\/schema\\\/logo\\\/image\\\/\",\"url\":\"https:\\\/\\\/pharma-hemp.com\\\/wp-content\\\/uploads\\\/2025\\\/04\\\/Pharma-Hemp-logo_crn-1.png\",\"contentUrl\":\"https:\\\/\\\/pharma-hemp.com\\\/wp-content\\\/uploads\\\/2025\\\/04\\\/Pharma-Hemp-logo_crn-1.png\",\"width\":200,\"height\":44,\"caption\":\"PharmaHemp\"},\"image\":{\"@id\":\"https:\\\/\\\/pharma-hemp.com\\\/es\\\/#\\\/schema\\\/logo\\\/image\\\/\"}}]}<\/script>\n<!-- \/ Yoast SEO plugin. -->","yoast_head_json":{"title":"PAQUETE DE CUIDADOS COREANOS - Pharma Hemp","description":"Este paquete coreano todo en uno para el cuidado de la piel combina limpieza suave, hidrataci\u00f3n calmante y cuidado espec\u00edfico para ayudarte a lograr una piel equilibrada y radiante a diario. Perfecto para cuidar la salud de la piel de la ma\u00f1ana a la noche con f\u00f3rmulas suaves y cl\u00ednicamente probadas.","robots":{"index":"index","follow":"follow","max-snippet":"max-snippet:-1","max-image-preview":"max-image-preview:large","max-video-preview":"max-video-preview:-1"},"canonical":"https:\/\/pharma-hemp.com\/es\/shop\/korean-care-bundle\/","og_locale":"es_ES","og_type":"article","og_title":"PAQUETE DE CUIDADOS COREANOS - Pharma Hemp","og_description":"Este paquete coreano todo en uno para el cuidado de la piel combina limpieza suave, hidrataci\u00f3n calmante y cuidado espec\u00edfico para ayudarte a lograr una piel equilibrada y radiante a diario. Perfecto para cuidar la salud de la piel de la ma\u00f1ana a la noche con f\u00f3rmulas suaves y cl\u00ednicamente probadas.","og_url":"https:\/\/pharma-hemp.com\/es\/shop\/korean-care-bundle\/","og_site_name":"Pharma Hemp","article_modified_time":"2026-04-02T09:08:45+00:00","og_image":[{"width":1250,"height":1250,"url":"https:\/\/pharma-hemp.com\/wp-content\/uploads\/2025\/12\/koreanCareBundle.png","type":"image\/png"}],"twitter_card":"summary_large_image","twitter_misc":{"Tiempo de lectura":"1 minuto"},"schema":{"@context":"https:\/\/schema.org","@graph":[{"@type":"WebPage","@id":"https:\/\/pharma-hemp.com\/es\/shop\/korean-care-bundle\/","url":"https:\/\/pharma-hemp.com\/es\/shop\/korean-care-bundle\/","name":"PAQUETE DE CUIDADOS COREANOS - Pharma Hemp","isPartOf":{"@id":"https:\/\/pharma-hemp.com\/es\/#website"},"primaryImageOfPage":{"@id":"https:\/\/pharma-hemp.com\/es\/shop\/korean-care-bundle\/#primaryimage"},"image":{"@id":"https:\/\/pharma-hemp.com\/es\/shop\/korean-care-bundle\/#primaryimage"},"thumbnailUrl":"https:\/\/pharma-hemp.com\/wp-content\/uploads\/2025\/12\/koreanCareBundle.png","datePublished":"2025-10-13T07:23:40+00:00","dateModified":"2026-04-02T09:08:45+00:00","description":"Este paquete coreano todo en uno para el cuidado de la piel combina limpieza suave, hidrataci\u00f3n calmante y cuidado espec\u00edfico para ayudarte a lograr una piel equilibrada y radiante a diario. Perfecto para cuidar la salud de la piel de la ma\u00f1ana a la noche con f\u00f3rmulas suaves y cl\u00ednicamente probadas.","breadcrumb":{"@id":"https:\/\/pharma-hemp.com\/es\/shop\/korean-care-bundle\/#breadcrumb"},"inLanguage":"es","potentialAction":[{"@type":"ReadAction","target":["https:\/\/pharma-hemp.com\/es\/shop\/korean-care-bundle\/"]}]},{"@type":"ImageObject","inLanguage":"es","@id":"https:\/\/pharma-hemp.com\/es\/shop\/korean-care-bundle\/#primaryimage","url":"https:\/\/pharma-hemp.com\/wp-content\/uploads\/2025\/12\/koreanCareBundle.png","contentUrl":"https:\/\/pharma-hemp.com\/wp-content\/uploads\/2025\/12\/koreanCareBundle.png","width":1250,"height":1250},{"@type":"BreadcrumbList","@id":"https:\/\/pharma-hemp.com\/es\/shop\/korean-care-bundle\/#breadcrumb","itemListElement":[{"@type":"ListItem","position":1,"name":"Home","item":"https:\/\/pharma-hemp.com\/es\/"},{"@type":"ListItem","position":2,"name":"Tienda","item":"https:\/\/pharma-hemp.com\/es\/tienda\/"},{"@type":"ListItem","position":3,"name":"PAQUETE DE CUIDADOS COREANOS"}]},{"@type":"WebSite","@id":"https:\/\/pharma-hemp.com\/es\/#website","url":"https:\/\/pharma-hemp.com\/es\/","name":"Pharma Hemp","description":"CBD store","publisher":{"@id":"https:\/\/pharma-hemp.com\/es\/#organization"},"potentialAction":[{"@type":"SearchAction","target":{"@type":"EntryPoint","urlTemplate":"https:\/\/pharma-hemp.com\/es\/?s={search_term_string}"},"query-input":{"@type":"PropertyValueSpecification","valueRequired":true,"valueName":"search_term_string"}}],"inLanguage":"es"},{"@type":"Organization","@id":"https:\/\/pharma-hemp.com\/es\/#organization","name":"PharmaHemp","url":"https:\/\/pharma-hemp.com\/es\/","logo":{"@type":"ImageObject","inLanguage":"es","@id":"https:\/\/pharma-hemp.com\/es\/#\/schema\/logo\/image\/","url":"https:\/\/pharma-hemp.com\/wp-content\/uploads\/2025\/04\/Pharma-Hemp-logo_crn-1.png","contentUrl":"https:\/\/pharma-hemp.com\/wp-content\/uploads\/2025\/04\/Pharma-Hemp-logo_crn-1.png","width":200,"height":44,"caption":"PharmaHemp"},"image":{"@id":"https:\/\/pharma-hemp.com\/es\/#\/schema\/logo\/image\/"}}]}},"_links":{"self":[{"href":"https:\/\/pharma-hemp.com\/es\/wp-json\/wp\/v2\/product\/573091","targetHints":{"allow":["GET"]}}],"collection":[{"href":"https:\/\/pharma-hemp.com\/es\/wp-json\/wp\/v2\/product"}],"about":[{"href":"https:\/\/pharma-hemp.com\/es\/wp-json\/wp\/v2\/types\/product"}],"wp:featuredmedia":[{"embeddable":true,"href":"https:\/\/pharma-hemp.com\/es\/wp-json\/wp\/v2\/media\/575453"}],"wp:attachment":[{"href":"https:\/\/pharma-hemp.com\/es\/wp-json\/wp\/v2\/media?parent=573091"}],"wp:term":[{"taxonomy":"product_brand","embeddable":true,"href":"https:\/\/pharma-hemp.com\/es\/wp-json\/wp\/v2\/product_brand?post=573091"},{"taxonomy":"product_cat","embeddable":true,"href":"https:\/\/pharma-hemp.com\/es\/wp-json\/wp\/v2\/product_cat?post=573091"},{"taxonomy":"product_tag","embeddable":true,"href":"https:\/\/pharma-hemp.com\/es\/wp-json\/wp\/v2\/product_tag?post=573091"}],"curies":[{"name":"wp","href":"https:\/\/api.w.org\/{rel}","templated":true}]}}