{"id":572934,"date":"2025-05-06T08:01:16","date_gmt":"2025-05-06T07:01:16","guid":{"rendered":"https:\/\/pharma-hemp.com\/?post_type=product&#038;p=572934"},"modified":"2026-03-04T10:08:11","modified_gmt":"2026-03-04T08:08:11","slug":"pobre-perro-charlie-gotas-5-cbd","status":"publish","type":"product","link":"https:\/\/pharma-hemp.com\/es\/shop\/pobre-perro-charlie-gotas-5-cbd\/","title":{"rendered":"Pobre Perro Charlie Gotas 5% CBD"},"content":{"rendered":"","protected":false},"excerpt":{"rendered":"<p><span style=\"font-weight: 400;\">BIENESTAR EQUILIBRADO PARA MASCOTAS<\/span><\/p>\n<p><span style=\"font-weight: 400;\">Gotas de CBD de espectro completo que favorecen la salud general, la relajaci\u00f3n y la vitalidad de tu mascota. Infundidas con aceite de salm\u00f3n para una absorci\u00f3n \u00f3ptima y beneficios para el bienestar. <\/span><\/p>\n","protected":false},"featured_media":572941,"template":"","meta":[],"product_brand":[],"product_cat":[318,300,327,319,306],"product_tag":[1296,1304,1300,1299,1032,1298,1302,1297,1301,1303],"class_list":{"0":"post-572934","1":"product","2":"type-product","3":"status-publish","4":"has-post-thumbnail","6":"product_cat-cuidado-de-mascotas","7":"product_cat-gotas","8":"product_cat-gotas-box","9":"product_cat-pobre-perro-charlie","10":"product_cat-superestrellas","11":"product_tag-ansiedad-mascotas","12":"product_tag-bienestar-animales","13":"product_tag-calma-gatos","14":"product_tag-calma-perros","15":"product_tag-dolor-articular","16":"product_tag-estres-mascotas","17":"product_tag-estres-separacion","18":"product_tag-perros-inquietos","19":"product_tag-problemas-digestivos","20":"product_tag-sueno-mascotas","22":"first","23":"instock","24":"shipping-taxable","25":"purchasable","26":"product-type-simple"},"acf":{"konfigurator_product_name":"","konfigurator_product_description":"","konfigurator_product_image_url":""},"yoast_head":"<!-- This site is optimized with the Yoast SEO plugin v27.3 - https:\/\/yoast.com\/product\/yoast-seo-wordpress\/ -->\n<title>Gotas para mascotas 5% CBD Poor Dog Charlie - Pharma Hemp<\/title>\n<meta name=\"description\" content=\"El 5% de CBD en gotas para mascotas Poor Dog Charlie ayuda a aliviar el estr\u00e9s, favorece la relajaci\u00f3n, mejora la calidad del sue\u00f1o, favorece la digesti\u00f3n y el metabolismo.\" \/>\n<meta name=\"robots\" content=\"index, follow, max-snippet:-1, max-image-preview:large, max-video-preview:-1\" \/>\n<link rel=\"canonical\" href=\"https:\/\/pharma-hemp.com\/es\/shop\/pobre-perro-charlie-gotas-5-cbd\/\" \/>\n<meta property=\"og:locale\" content=\"es_ES\" \/>\n<meta property=\"og:type\" content=\"article\" \/>\n<meta property=\"og:title\" content=\"Gotas para mascotas 5% CBD Poor Dog Charlie - Pharma Hemp\" \/>\n<meta property=\"og:description\" content=\"El 5% de CBD en gotas para mascotas Poor Dog Charlie ayuda a aliviar el estr\u00e9s, favorece la relajaci\u00f3n, mejora la calidad del sue\u00f1o, favorece la digesti\u00f3n y el metabolismo.\" \/>\n<meta property=\"og:url\" content=\"https:\/\/pharma-hemp.com\/es\/shop\/pobre-perro-charlie-gotas-5-cbd\/\" \/>\n<meta property=\"og:site_name\" content=\"Pharma Hemp\" \/>\n<meta property=\"article:modified_time\" content=\"2026-03-04T08:08:11+00:00\" \/>\n<meta property=\"og:image\" content=\"https:\/\/pharma-hemp.com\/wp-content\/uploads\/2025\/05\/pdc-drops-1.png\" \/>\n\t<meta property=\"og:image:width\" content=\"600\" \/>\n\t<meta property=\"og:image:height\" content=\"600\" \/>\n\t<meta property=\"og:image:type\" content=\"image\/png\" \/>\n<meta name=\"twitter:card\" content=\"summary_large_image\" \/>\n<meta name=\"twitter:label1\" content=\"Tiempo de lectura\" \/>\n\t<meta name=\"twitter:data1\" content=\"1 minuto\" \/>\n<script type=\"application\/ld+json\" class=\"yoast-schema-graph\">{\"@context\":\"https:\\\/\\\/schema.org\",\"@graph\":[{\"@type\":\"WebPage\",\"@id\":\"https:\\\/\\\/pharma-hemp.com\\\/es\\\/shop\\\/pobre-perro-charlie-gotas-5-cbd\\\/\",\"url\":\"https:\\\/\\\/pharma-hemp.com\\\/es\\\/shop\\\/pobre-perro-charlie-gotas-5-cbd\\\/\",\"name\":\"Gotas para mascotas 5% CBD Poor Dog Charlie - Pharma Hemp\",\"isPartOf\":{\"@id\":\"https:\\\/\\\/pharma-hemp.com\\\/es\\\/#website\"},\"primaryImageOfPage\":{\"@id\":\"https:\\\/\\\/pharma-hemp.com\\\/es\\\/shop\\\/pobre-perro-charlie-gotas-5-cbd\\\/#primaryimage\"},\"image\":{\"@id\":\"https:\\\/\\\/pharma-hemp.com\\\/es\\\/shop\\\/pobre-perro-charlie-gotas-5-cbd\\\/#primaryimage\"},\"thumbnailUrl\":\"https:\\\/\\\/pharma-hemp.com\\\/wp-content\\\/uploads\\\/2025\\\/05\\\/pdc-drops-1.png\",\"datePublished\":\"2025-05-06T07:01:16+00:00\",\"dateModified\":\"2026-03-04T08:08:11+00:00\",\"description\":\"El 5% de CBD en gotas para mascotas Poor Dog Charlie ayuda a aliviar el estr\u00e9s, favorece la relajaci\u00f3n, mejora la calidad del sue\u00f1o, favorece la digesti\u00f3n y el metabolismo.\",\"breadcrumb\":{\"@id\":\"https:\\\/\\\/pharma-hemp.com\\\/es\\\/shop\\\/pobre-perro-charlie-gotas-5-cbd\\\/#breadcrumb\"},\"inLanguage\":\"es\",\"potentialAction\":[{\"@type\":\"ReadAction\",\"target\":[\"https:\\\/\\\/pharma-hemp.com\\\/es\\\/shop\\\/pobre-perro-charlie-gotas-5-cbd\\\/\"]}]},{\"@type\":\"ImageObject\",\"inLanguage\":\"es\",\"@id\":\"https:\\\/\\\/pharma-hemp.com\\\/es\\\/shop\\\/pobre-perro-charlie-gotas-5-cbd\\\/#primaryimage\",\"url\":\"https:\\\/\\\/pharma-hemp.com\\\/wp-content\\\/uploads\\\/2025\\\/05\\\/pdc-drops-1.png\",\"contentUrl\":\"https:\\\/\\\/pharma-hemp.com\\\/wp-content\\\/uploads\\\/2025\\\/05\\\/pdc-drops-1.png\",\"width\":600,\"height\":600},{\"@type\":\"BreadcrumbList\",\"@id\":\"https:\\\/\\\/pharma-hemp.com\\\/es\\\/shop\\\/pobre-perro-charlie-gotas-5-cbd\\\/#breadcrumb\",\"itemListElement\":[{\"@type\":\"ListItem\",\"position\":1,\"name\":\"Home\",\"item\":\"https:\\\/\\\/pharma-hemp.com\\\/es\\\/\"},{\"@type\":\"ListItem\",\"position\":2,\"name\":\"Tienda\",\"item\":\"https:\\\/\\\/pharma-hemp.com\\\/es\\\/tienda\\\/\"},{\"@type\":\"ListItem\",\"position\":3,\"name\":\"Pobre Perro Charlie Gotas 5% CBD\"}]},{\"@type\":\"WebSite\",\"@id\":\"https:\\\/\\\/pharma-hemp.com\\\/es\\\/#website\",\"url\":\"https:\\\/\\\/pharma-hemp.com\\\/es\\\/\",\"name\":\"Pharma Hemp\",\"description\":\"CBD store\",\"publisher\":{\"@id\":\"https:\\\/\\\/pharma-hemp.com\\\/es\\\/#organization\"},\"potentialAction\":[{\"@type\":\"SearchAction\",\"target\":{\"@type\":\"EntryPoint\",\"urlTemplate\":\"https:\\\/\\\/pharma-hemp.com\\\/es\\\/?s={search_term_string}\"},\"query-input\":{\"@type\":\"PropertyValueSpecification\",\"valueRequired\":true,\"valueName\":\"search_term_string\"}}],\"inLanguage\":\"es\"},{\"@type\":\"Organization\",\"@id\":\"https:\\\/\\\/pharma-hemp.com\\\/es\\\/#organization\",\"name\":\"PharmaHemp\",\"url\":\"https:\\\/\\\/pharma-hemp.com\\\/es\\\/\",\"logo\":{\"@type\":\"ImageObject\",\"inLanguage\":\"es\",\"@id\":\"https:\\\/\\\/pharma-hemp.com\\\/es\\\/#\\\/schema\\\/logo\\\/image\\\/\",\"url\":\"https:\\\/\\\/pharma-hemp.com\\\/wp-content\\\/uploads\\\/2025\\\/04\\\/Pharma-Hemp-logo_crn-1.png\",\"contentUrl\":\"https:\\\/\\\/pharma-hemp.com\\\/wp-content\\\/uploads\\\/2025\\\/04\\\/Pharma-Hemp-logo_crn-1.png\",\"width\":200,\"height\":44,\"caption\":\"PharmaHemp\"},\"image\":{\"@id\":\"https:\\\/\\\/pharma-hemp.com\\\/es\\\/#\\\/schema\\\/logo\\\/image\\\/\"}}]}<\/script>\n<!-- \/ Yoast SEO plugin. -->","yoast_head_json":{"title":"Gotas para mascotas 5% CBD Poor Dog Charlie - Pharma Hemp","description":"El 5% de CBD en gotas para mascotas Poor Dog Charlie ayuda a aliviar el estr\u00e9s, favorece la relajaci\u00f3n, mejora la calidad del sue\u00f1o, favorece la digesti\u00f3n y el metabolismo.","robots":{"index":"index","follow":"follow","max-snippet":"max-snippet:-1","max-image-preview":"max-image-preview:large","max-video-preview":"max-video-preview:-1"},"canonical":"https:\/\/pharma-hemp.com\/es\/shop\/pobre-perro-charlie-gotas-5-cbd\/","og_locale":"es_ES","og_type":"article","og_title":"Gotas para mascotas 5% CBD Poor Dog Charlie - Pharma Hemp","og_description":"El 5% de CBD en gotas para mascotas Poor Dog Charlie ayuda a aliviar el estr\u00e9s, favorece la relajaci\u00f3n, mejora la calidad del sue\u00f1o, favorece la digesti\u00f3n y el metabolismo.","og_url":"https:\/\/pharma-hemp.com\/es\/shop\/pobre-perro-charlie-gotas-5-cbd\/","og_site_name":"Pharma Hemp","article_modified_time":"2026-03-04T08:08:11+00:00","og_image":[{"width":600,"height":600,"url":"https:\/\/pharma-hemp.com\/wp-content\/uploads\/2025\/05\/pdc-drops-1.png","type":"image\/png"}],"twitter_card":"summary_large_image","twitter_misc":{"Tiempo de lectura":"1 minuto"},"schema":{"@context":"https:\/\/schema.org","@graph":[{"@type":"WebPage","@id":"https:\/\/pharma-hemp.com\/es\/shop\/pobre-perro-charlie-gotas-5-cbd\/","url":"https:\/\/pharma-hemp.com\/es\/shop\/pobre-perro-charlie-gotas-5-cbd\/","name":"Gotas para mascotas 5% CBD Poor Dog Charlie - Pharma Hemp","isPartOf":{"@id":"https:\/\/pharma-hemp.com\/es\/#website"},"primaryImageOfPage":{"@id":"https:\/\/pharma-hemp.com\/es\/shop\/pobre-perro-charlie-gotas-5-cbd\/#primaryimage"},"image":{"@id":"https:\/\/pharma-hemp.com\/es\/shop\/pobre-perro-charlie-gotas-5-cbd\/#primaryimage"},"thumbnailUrl":"https:\/\/pharma-hemp.com\/wp-content\/uploads\/2025\/05\/pdc-drops-1.png","datePublished":"2025-05-06T07:01:16+00:00","dateModified":"2026-03-04T08:08:11+00:00","description":"El 5% de CBD en gotas para mascotas Poor Dog Charlie ayuda a aliviar el estr\u00e9s, favorece la relajaci\u00f3n, mejora la calidad del sue\u00f1o, favorece la digesti\u00f3n y el metabolismo.","breadcrumb":{"@id":"https:\/\/pharma-hemp.com\/es\/shop\/pobre-perro-charlie-gotas-5-cbd\/#breadcrumb"},"inLanguage":"es","potentialAction":[{"@type":"ReadAction","target":["https:\/\/pharma-hemp.com\/es\/shop\/pobre-perro-charlie-gotas-5-cbd\/"]}]},{"@type":"ImageObject","inLanguage":"es","@id":"https:\/\/pharma-hemp.com\/es\/shop\/pobre-perro-charlie-gotas-5-cbd\/#primaryimage","url":"https:\/\/pharma-hemp.com\/wp-content\/uploads\/2025\/05\/pdc-drops-1.png","contentUrl":"https:\/\/pharma-hemp.com\/wp-content\/uploads\/2025\/05\/pdc-drops-1.png","width":600,"height":600},{"@type":"BreadcrumbList","@id":"https:\/\/pharma-hemp.com\/es\/shop\/pobre-perro-charlie-gotas-5-cbd\/#breadcrumb","itemListElement":[{"@type":"ListItem","position":1,"name":"Home","item":"https:\/\/pharma-hemp.com\/es\/"},{"@type":"ListItem","position":2,"name":"Tienda","item":"https:\/\/pharma-hemp.com\/es\/tienda\/"},{"@type":"ListItem","position":3,"name":"Pobre Perro Charlie Gotas 5% CBD"}]},{"@type":"WebSite","@id":"https:\/\/pharma-hemp.com\/es\/#website","url":"https:\/\/pharma-hemp.com\/es\/","name":"Pharma Hemp","description":"CBD store","publisher":{"@id":"https:\/\/pharma-hemp.com\/es\/#organization"},"potentialAction":[{"@type":"SearchAction","target":{"@type":"EntryPoint","urlTemplate":"https:\/\/pharma-hemp.com\/es\/?s={search_term_string}"},"query-input":{"@type":"PropertyValueSpecification","valueRequired":true,"valueName":"search_term_string"}}],"inLanguage":"es"},{"@type":"Organization","@id":"https:\/\/pharma-hemp.com\/es\/#organization","name":"PharmaHemp","url":"https:\/\/pharma-hemp.com\/es\/","logo":{"@type":"ImageObject","inLanguage":"es","@id":"https:\/\/pharma-hemp.com\/es\/#\/schema\/logo\/image\/","url":"https:\/\/pharma-hemp.com\/wp-content\/uploads\/2025\/04\/Pharma-Hemp-logo_crn-1.png","contentUrl":"https:\/\/pharma-hemp.com\/wp-content\/uploads\/2025\/04\/Pharma-Hemp-logo_crn-1.png","width":200,"height":44,"caption":"PharmaHemp"},"image":{"@id":"https:\/\/pharma-hemp.com\/es\/#\/schema\/logo\/image\/"}}]}},"_links":{"self":[{"href":"https:\/\/pharma-hemp.com\/es\/wp-json\/wp\/v2\/product\/572934","targetHints":{"allow":["GET"]}}],"collection":[{"href":"https:\/\/pharma-hemp.com\/es\/wp-json\/wp\/v2\/product"}],"about":[{"href":"https:\/\/pharma-hemp.com\/es\/wp-json\/wp\/v2\/types\/product"}],"wp:featuredmedia":[{"embeddable":true,"href":"https:\/\/pharma-hemp.com\/es\/wp-json\/wp\/v2\/media\/572941"}],"wp:attachment":[{"href":"https:\/\/pharma-hemp.com\/es\/wp-json\/wp\/v2\/media?parent=572934"}],"wp:term":[{"taxonomy":"product_brand","embeddable":true,"href":"https:\/\/pharma-hemp.com\/es\/wp-json\/wp\/v2\/product_brand?post=572934"},{"taxonomy":"product_cat","embeddable":true,"href":"https:\/\/pharma-hemp.com\/es\/wp-json\/wp\/v2\/product_cat?post=572934"},{"taxonomy":"product_tag","embeddable":true,"href":"https:\/\/pharma-hemp.com\/es\/wp-json\/wp\/v2\/product_tag?post=572934"}],"curies":[{"name":"wp","href":"https:\/\/api.w.org\/{rel}","templated":true}]}}