{"id":572837,"date":"2025-05-05T14:05:27","date_gmt":"2025-05-05T13:05:27","guid":{"rendered":"https:\/\/pharma-hemp.com\/?post_type=product&#038;p=572837"},"modified":"2026-03-05T09:59:12","modified_gmt":"2026-03-05T07:59:12","slug":"balsamo-curativo-cbd-6000mg-cbd","status":"publish","type":"product","link":"https:\/\/pharma-hemp.com\/es\/shop\/balsamo-curativo-cbd-6000mg-cbd\/","title":{"rendered":"Healing B\u00e1lsamo CBD 6000mg CBD"},"content":{"rendered":"","protected":false},"excerpt":{"rendered":"<p><span style=\"font-weight: 400;\">ALIVIO INTENSIVO PARA AFECCIONES CR\u00d3NICAS DE LA PIEL<\/span><\/p>\n<p><span style=\"font-weight: 400;\">Un b\u00e1lsamo altamente concentrado elaborado para el cuidado de la piel psori\u00e1sica y propensa a la dermatitis, que proporciona una hidrataci\u00f3n duradera y un alivio calmante. <\/span><\/p>\n","protected":false},"featured_media":572844,"template":"","meta":[],"product_brand":[],"product_cat":[313,299,305],"product_tag":[1458,1456,1032,1455,1454,1457,1033,1034,1038,966],"class_list":{"0":"post-572837","1":"product","2":"type-product","3":"status-publish","4":"has-post-thumbnail","6":"product_cat-dermocosmetica","7":"product_cat-otras-marcas","8":"product_cat-recuperacion","9":"product_tag-alivio-muscular-y-articular","10":"product_tag-alivio-rapido","11":"product_tag-dolor-articular","12":"product_tag-dolor-cervical","13":"product_tag-dolor-espalda","14":"product_tag-dolor-localizado","15":"product_tag-dolor-muscular","16":"product_tag-inflamacion","17":"product_tag-rigidez","18":"product_tag-tension","20":"first","21":"instock","22":"shipping-taxable","23":"purchasable","24":"product-type-simple"},"acf":{"konfigurator_product_name":"","konfigurator_product_description":"","konfigurator_product_image_url":""},"yoast_head":"<!-- This site is optimized with the Yoast SEO plugin v27.3 - https:\/\/yoast.com\/product\/yoast-seo-wordpress\/ -->\n<title>20% CBD b\u00e1lsamo curativo 6000mg CBD - Pharma Hemp<\/title>\n<meta name=\"description\" content=\"El b\u00e1lsamo curativo con un 20% de CBD hidrata, favorece la regeneraci\u00f3n y el alivio de la piel. Perfecto para la piel seca, agrietada, irritada o tatuada.\" \/>\n<meta name=\"robots\" content=\"index, follow, max-snippet:-1, max-image-preview:large, max-video-preview:-1\" \/>\n<link rel=\"canonical\" href=\"https:\/\/pharma-hemp.com\/es\/shop\/balsamo-curativo-cbd-6000mg-cbd\/\" \/>\n<meta property=\"og:locale\" content=\"es_ES\" \/>\n<meta property=\"og:type\" content=\"article\" \/>\n<meta property=\"og:title\" content=\"20% CBD b\u00e1lsamo curativo 6000mg CBD - Pharma Hemp\" \/>\n<meta property=\"og:description\" content=\"El b\u00e1lsamo curativo con un 20% de CBD hidrata, favorece la regeneraci\u00f3n y el alivio de la piel. Perfecto para la piel seca, agrietada, irritada o tatuada.\" \/>\n<meta property=\"og:url\" content=\"https:\/\/pharma-hemp.com\/es\/shop\/balsamo-curativo-cbd-6000mg-cbd\/\" \/>\n<meta property=\"og:site_name\" content=\"Pharma Hemp\" \/>\n<meta property=\"article:modified_time\" content=\"2026-03-05T07:59:12+00:00\" \/>\n<meta property=\"og:image\" content=\"https:\/\/pharma-hemp.com\/wp-content\/uploads\/2025\/05\/HEALING-BALM-1.png\" \/>\n\t<meta property=\"og:image:width\" content=\"600\" \/>\n\t<meta property=\"og:image:height\" content=\"600\" \/>\n\t<meta property=\"og:image:type\" content=\"image\/png\" \/>\n<meta name=\"twitter:card\" content=\"summary_large_image\" \/>\n<meta name=\"twitter:label1\" content=\"Tiempo de lectura\" \/>\n\t<meta name=\"twitter:data1\" content=\"1 minuto\" \/>\n<script type=\"application\/ld+json\" class=\"yoast-schema-graph\">{\"@context\":\"https:\\\/\\\/schema.org\",\"@graph\":[{\"@type\":\"WebPage\",\"@id\":\"https:\\\/\\\/pharma-hemp.com\\\/es\\\/shop\\\/balsamo-curativo-cbd-6000mg-cbd\\\/\",\"url\":\"https:\\\/\\\/pharma-hemp.com\\\/es\\\/shop\\\/balsamo-curativo-cbd-6000mg-cbd\\\/\",\"name\":\"20% CBD b\u00e1lsamo curativo 6000mg CBD - Pharma Hemp\",\"isPartOf\":{\"@id\":\"https:\\\/\\\/pharma-hemp.com\\\/es\\\/#website\"},\"primaryImageOfPage\":{\"@id\":\"https:\\\/\\\/pharma-hemp.com\\\/es\\\/shop\\\/balsamo-curativo-cbd-6000mg-cbd\\\/#primaryimage\"},\"image\":{\"@id\":\"https:\\\/\\\/pharma-hemp.com\\\/es\\\/shop\\\/balsamo-curativo-cbd-6000mg-cbd\\\/#primaryimage\"},\"thumbnailUrl\":\"https:\\\/\\\/pharma-hemp.com\\\/wp-content\\\/uploads\\\/2025\\\/05\\\/HEALING-BALM-1.png\",\"datePublished\":\"2025-05-05T13:05:27+00:00\",\"dateModified\":\"2026-03-05T07:59:12+00:00\",\"description\":\"El b\u00e1lsamo curativo con un 20% de CBD hidrata, favorece la regeneraci\u00f3n y el alivio de la piel. Perfecto para la piel seca, agrietada, irritada o tatuada.\",\"breadcrumb\":{\"@id\":\"https:\\\/\\\/pharma-hemp.com\\\/es\\\/shop\\\/balsamo-curativo-cbd-6000mg-cbd\\\/#breadcrumb\"},\"inLanguage\":\"es\",\"potentialAction\":[{\"@type\":\"ReadAction\",\"target\":[\"https:\\\/\\\/pharma-hemp.com\\\/es\\\/shop\\\/balsamo-curativo-cbd-6000mg-cbd\\\/\"]}]},{\"@type\":\"ImageObject\",\"inLanguage\":\"es\",\"@id\":\"https:\\\/\\\/pharma-hemp.com\\\/es\\\/shop\\\/balsamo-curativo-cbd-6000mg-cbd\\\/#primaryimage\",\"url\":\"https:\\\/\\\/pharma-hemp.com\\\/wp-content\\\/uploads\\\/2025\\\/05\\\/HEALING-BALM-1.png\",\"contentUrl\":\"https:\\\/\\\/pharma-hemp.com\\\/wp-content\\\/uploads\\\/2025\\\/05\\\/HEALING-BALM-1.png\",\"width\":600,\"height\":600},{\"@type\":\"BreadcrumbList\",\"@id\":\"https:\\\/\\\/pharma-hemp.com\\\/es\\\/shop\\\/balsamo-curativo-cbd-6000mg-cbd\\\/#breadcrumb\",\"itemListElement\":[{\"@type\":\"ListItem\",\"position\":1,\"name\":\"Home\",\"item\":\"https:\\\/\\\/pharma-hemp.com\\\/es\\\/\"},{\"@type\":\"ListItem\",\"position\":2,\"name\":\"Tienda\",\"item\":\"https:\\\/\\\/pharma-hemp.com\\\/es\\\/tienda\\\/\"},{\"@type\":\"ListItem\",\"position\":3,\"name\":\"Healing B\u00e1lsamo CBD 6000mg CBD\"}]},{\"@type\":\"WebSite\",\"@id\":\"https:\\\/\\\/pharma-hemp.com\\\/es\\\/#website\",\"url\":\"https:\\\/\\\/pharma-hemp.com\\\/es\\\/\",\"name\":\"Pharma Hemp\",\"description\":\"CBD store\",\"publisher\":{\"@id\":\"https:\\\/\\\/pharma-hemp.com\\\/es\\\/#organization\"},\"potentialAction\":[{\"@type\":\"SearchAction\",\"target\":{\"@type\":\"EntryPoint\",\"urlTemplate\":\"https:\\\/\\\/pharma-hemp.com\\\/es\\\/?s={search_term_string}\"},\"query-input\":{\"@type\":\"PropertyValueSpecification\",\"valueRequired\":true,\"valueName\":\"search_term_string\"}}],\"inLanguage\":\"es\"},{\"@type\":\"Organization\",\"@id\":\"https:\\\/\\\/pharma-hemp.com\\\/es\\\/#organization\",\"name\":\"PharmaHemp\",\"url\":\"https:\\\/\\\/pharma-hemp.com\\\/es\\\/\",\"logo\":{\"@type\":\"ImageObject\",\"inLanguage\":\"es\",\"@id\":\"https:\\\/\\\/pharma-hemp.com\\\/es\\\/#\\\/schema\\\/logo\\\/image\\\/\",\"url\":\"https:\\\/\\\/pharma-hemp.com\\\/wp-content\\\/uploads\\\/2025\\\/04\\\/Pharma-Hemp-logo_crn-1.png\",\"contentUrl\":\"https:\\\/\\\/pharma-hemp.com\\\/wp-content\\\/uploads\\\/2025\\\/04\\\/Pharma-Hemp-logo_crn-1.png\",\"width\":200,\"height\":44,\"caption\":\"PharmaHemp\"},\"image\":{\"@id\":\"https:\\\/\\\/pharma-hemp.com\\\/es\\\/#\\\/schema\\\/logo\\\/image\\\/\"}}]}<\/script>\n<!-- \/ Yoast SEO plugin. -->","yoast_head_json":{"title":"20% CBD b\u00e1lsamo curativo 6000mg CBD - Pharma Hemp","description":"El b\u00e1lsamo curativo con un 20% de CBD hidrata, favorece la regeneraci\u00f3n y el alivio de la piel. Perfecto para la piel seca, agrietada, irritada o tatuada.","robots":{"index":"index","follow":"follow","max-snippet":"max-snippet:-1","max-image-preview":"max-image-preview:large","max-video-preview":"max-video-preview:-1"},"canonical":"https:\/\/pharma-hemp.com\/es\/shop\/balsamo-curativo-cbd-6000mg-cbd\/","og_locale":"es_ES","og_type":"article","og_title":"20% CBD b\u00e1lsamo curativo 6000mg CBD - Pharma Hemp","og_description":"El b\u00e1lsamo curativo con un 20% de CBD hidrata, favorece la regeneraci\u00f3n y el alivio de la piel. Perfecto para la piel seca, agrietada, irritada o tatuada.","og_url":"https:\/\/pharma-hemp.com\/es\/shop\/balsamo-curativo-cbd-6000mg-cbd\/","og_site_name":"Pharma Hemp","article_modified_time":"2026-03-05T07:59:12+00:00","og_image":[{"width":600,"height":600,"url":"https:\/\/pharma-hemp.com\/wp-content\/uploads\/2025\/05\/HEALING-BALM-1.png","type":"image\/png"}],"twitter_card":"summary_large_image","twitter_misc":{"Tiempo de lectura":"1 minuto"},"schema":{"@context":"https:\/\/schema.org","@graph":[{"@type":"WebPage","@id":"https:\/\/pharma-hemp.com\/es\/shop\/balsamo-curativo-cbd-6000mg-cbd\/","url":"https:\/\/pharma-hemp.com\/es\/shop\/balsamo-curativo-cbd-6000mg-cbd\/","name":"20% CBD b\u00e1lsamo curativo 6000mg CBD - Pharma Hemp","isPartOf":{"@id":"https:\/\/pharma-hemp.com\/es\/#website"},"primaryImageOfPage":{"@id":"https:\/\/pharma-hemp.com\/es\/shop\/balsamo-curativo-cbd-6000mg-cbd\/#primaryimage"},"image":{"@id":"https:\/\/pharma-hemp.com\/es\/shop\/balsamo-curativo-cbd-6000mg-cbd\/#primaryimage"},"thumbnailUrl":"https:\/\/pharma-hemp.com\/wp-content\/uploads\/2025\/05\/HEALING-BALM-1.png","datePublished":"2025-05-05T13:05:27+00:00","dateModified":"2026-03-05T07:59:12+00:00","description":"El b\u00e1lsamo curativo con un 20% de CBD hidrata, favorece la regeneraci\u00f3n y el alivio de la piel. Perfecto para la piel seca, agrietada, irritada o tatuada.","breadcrumb":{"@id":"https:\/\/pharma-hemp.com\/es\/shop\/balsamo-curativo-cbd-6000mg-cbd\/#breadcrumb"},"inLanguage":"es","potentialAction":[{"@type":"ReadAction","target":["https:\/\/pharma-hemp.com\/es\/shop\/balsamo-curativo-cbd-6000mg-cbd\/"]}]},{"@type":"ImageObject","inLanguage":"es","@id":"https:\/\/pharma-hemp.com\/es\/shop\/balsamo-curativo-cbd-6000mg-cbd\/#primaryimage","url":"https:\/\/pharma-hemp.com\/wp-content\/uploads\/2025\/05\/HEALING-BALM-1.png","contentUrl":"https:\/\/pharma-hemp.com\/wp-content\/uploads\/2025\/05\/HEALING-BALM-1.png","width":600,"height":600},{"@type":"BreadcrumbList","@id":"https:\/\/pharma-hemp.com\/es\/shop\/balsamo-curativo-cbd-6000mg-cbd\/#breadcrumb","itemListElement":[{"@type":"ListItem","position":1,"name":"Home","item":"https:\/\/pharma-hemp.com\/es\/"},{"@type":"ListItem","position":2,"name":"Tienda","item":"https:\/\/pharma-hemp.com\/es\/tienda\/"},{"@type":"ListItem","position":3,"name":"Healing B\u00e1lsamo CBD 6000mg CBD"}]},{"@type":"WebSite","@id":"https:\/\/pharma-hemp.com\/es\/#website","url":"https:\/\/pharma-hemp.com\/es\/","name":"Pharma Hemp","description":"CBD store","publisher":{"@id":"https:\/\/pharma-hemp.com\/es\/#organization"},"potentialAction":[{"@type":"SearchAction","target":{"@type":"EntryPoint","urlTemplate":"https:\/\/pharma-hemp.com\/es\/?s={search_term_string}"},"query-input":{"@type":"PropertyValueSpecification","valueRequired":true,"valueName":"search_term_string"}}],"inLanguage":"es"},{"@type":"Organization","@id":"https:\/\/pharma-hemp.com\/es\/#organization","name":"PharmaHemp","url":"https:\/\/pharma-hemp.com\/es\/","logo":{"@type":"ImageObject","inLanguage":"es","@id":"https:\/\/pharma-hemp.com\/es\/#\/schema\/logo\/image\/","url":"https:\/\/pharma-hemp.com\/wp-content\/uploads\/2025\/04\/Pharma-Hemp-logo_crn-1.png","contentUrl":"https:\/\/pharma-hemp.com\/wp-content\/uploads\/2025\/04\/Pharma-Hemp-logo_crn-1.png","width":200,"height":44,"caption":"PharmaHemp"},"image":{"@id":"https:\/\/pharma-hemp.com\/es\/#\/schema\/logo\/image\/"}}]}},"_links":{"self":[{"href":"https:\/\/pharma-hemp.com\/es\/wp-json\/wp\/v2\/product\/572837","targetHints":{"allow":["GET"]}}],"collection":[{"href":"https:\/\/pharma-hemp.com\/es\/wp-json\/wp\/v2\/product"}],"about":[{"href":"https:\/\/pharma-hemp.com\/es\/wp-json\/wp\/v2\/types\/product"}],"wp:featuredmedia":[{"embeddable":true,"href":"https:\/\/pharma-hemp.com\/es\/wp-json\/wp\/v2\/media\/572844"}],"wp:attachment":[{"href":"https:\/\/pharma-hemp.com\/es\/wp-json\/wp\/v2\/media?parent=572837"}],"wp:term":[{"taxonomy":"product_brand","embeddable":true,"href":"https:\/\/pharma-hemp.com\/es\/wp-json\/wp\/v2\/product_brand?post=572837"},{"taxonomy":"product_cat","embeddable":true,"href":"https:\/\/pharma-hemp.com\/es\/wp-json\/wp\/v2\/product_cat?post=572837"},{"taxonomy":"product_tag","embeddable":true,"href":"https:\/\/pharma-hemp.com\/es\/wp-json\/wp\/v2\/product_tag?post=572837"}],"curies":[{"name":"wp","href":"https:\/\/api.w.org\/{rel}","templated":true}]}}