{"id":572812,"date":"2025-05-05T12:33:57","date_gmt":"2025-05-05T11:33:57","guid":{"rendered":"https:\/\/pharma-hemp.com\/?post_type=product&#038;p=572812"},"modified":"2026-03-04T10:20:15","modified_gmt":"2026-03-04T08:20:15","slug":"gel-deportivo-dr-kent","status":"publish","type":"product","link":"https:\/\/pharma-hemp.com\/es\/shop\/gel-deportivo-dr-kent\/","title":{"rendered":"Gel deportivo Dr. Kent"},"content":{"rendered":"","protected":false},"excerpt":{"rendered":"<p><span style=\"font-weight: 400;\">REFRESCAR, CALMAR, RECUPERAR<\/span><\/p>\n<p><span style=\"font-weight: 400;\">Un gel de recuperaci\u00f3n de alto rendimiento dise\u00f1ado para cuerpos activos. Tanto si est\u00e1s en el gimnasio, en el campo o simplemente lidiando con la tensi\u00f3n diaria, este gel de r\u00e1pida absorci\u00f3n proporciona el alivio refrescante que tus m\u00fasculos anhelan. <\/span><\/p>\n","protected":false},"featured_media":572816,"template":"","meta":[],"product_brand":[],"product_cat":[315,316,305,306],"product_tag":[1330,1324,1091,1325,1032,1327,1329,1034,1326,1328],"class_list":{"0":"post-572812","1":"product","2":"type-product","3":"status-publish","4":"has-post-thumbnail","6":"product_cat-cremas-activas","7":"product_cat-dr-kent-es","8":"product_cat-recuperacion","9":"product_cat-superestrellas","10":"product_tag-articulaciones-edad","11":"product_tag-articulaciones-rigidas","12":"product_tag-artritis","13":"product_tag-cartilago","14":"product_tag-dolor-articular","15":"product_tag-dolor-rodilla","16":"product_tag-glucosamina","17":"product_tag-inflamacion","18":"product_tag-movilidad","19":"product_tag-soporte-articular","21":"first","22":"instock","23":"shipping-taxable","24":"purchasable","25":"product-type-simple"},"acf":{"konfigurator_product_name":"","konfigurator_product_description":"","konfigurator_product_image_url":""},"yoast_head":"<!-- This site is optimized with the Yoast SEO plugin v27.3 - https:\/\/yoast.com\/product\/yoast-seo-wordpress\/ -->\n<title>Cbd gel muscular deportes Dr Kent 1100 mg cbd - Pharma Hemp<\/title>\n<meta name=\"description\" content=\"El gel muscular deportivo de CBD Dr. Kent reduce las microlesiones y favorece una curaci\u00f3n m\u00e1s r\u00e1pida, alivia el calor y calma la tensi\u00f3n posterior a la actividad.\" \/>\n<meta name=\"robots\" content=\"index, follow, max-snippet:-1, max-image-preview:large, max-video-preview:-1\" \/>\n<link rel=\"canonical\" href=\"https:\/\/pharma-hemp.com\/es\/shop\/gel-deportivo-dr-kent\/\" \/>\n<meta property=\"og:locale\" content=\"es_ES\" \/>\n<meta property=\"og:type\" content=\"article\" \/>\n<meta property=\"og:title\" content=\"Cbd gel muscular deportes Dr Kent 1100 mg cbd - Pharma Hemp\" \/>\n<meta property=\"og:description\" content=\"El gel muscular deportivo de CBD Dr. Kent reduce las microlesiones y favorece una curaci\u00f3n m\u00e1s r\u00e1pida, alivia el calor y calma la tensi\u00f3n posterior a la actividad.\" \/>\n<meta property=\"og:url\" content=\"https:\/\/pharma-hemp.com\/es\/shop\/gel-deportivo-dr-kent\/\" \/>\n<meta property=\"og:site_name\" content=\"Pharma Hemp\" \/>\n<meta property=\"article:modified_time\" content=\"2026-03-04T08:20:15+00:00\" \/>\n<meta property=\"og:image\" content=\"https:\/\/pharma-hemp.com\/wp-content\/uploads\/2025\/05\/SPORT-GEL.png\" \/>\n\t<meta property=\"og:image:width\" content=\"600\" \/>\n\t<meta property=\"og:image:height\" content=\"600\" \/>\n\t<meta property=\"og:image:type\" content=\"image\/png\" \/>\n<meta name=\"twitter:card\" content=\"summary_large_image\" \/>\n<meta name=\"twitter:label1\" content=\"Tiempo de lectura\" \/>\n\t<meta name=\"twitter:data1\" content=\"1 minuto\" \/>\n<script type=\"application\/ld+json\" class=\"yoast-schema-graph\">{\"@context\":\"https:\\\/\\\/schema.org\",\"@graph\":[{\"@type\":\"WebPage\",\"@id\":\"https:\\\/\\\/pharma-hemp.com\\\/es\\\/shop\\\/gel-deportivo-dr-kent\\\/\",\"url\":\"https:\\\/\\\/pharma-hemp.com\\\/es\\\/shop\\\/gel-deportivo-dr-kent\\\/\",\"name\":\"Cbd gel muscular deportes Dr Kent 1100 mg cbd - Pharma Hemp\",\"isPartOf\":{\"@id\":\"https:\\\/\\\/pharma-hemp.com\\\/es\\\/#website\"},\"primaryImageOfPage\":{\"@id\":\"https:\\\/\\\/pharma-hemp.com\\\/es\\\/shop\\\/gel-deportivo-dr-kent\\\/#primaryimage\"},\"image\":{\"@id\":\"https:\\\/\\\/pharma-hemp.com\\\/es\\\/shop\\\/gel-deportivo-dr-kent\\\/#primaryimage\"},\"thumbnailUrl\":\"https:\\\/\\\/pharma-hemp.com\\\/wp-content\\\/uploads\\\/2025\\\/05\\\/SPORT-GEL.png\",\"datePublished\":\"2025-05-05T11:33:57+00:00\",\"dateModified\":\"2026-03-04T08:20:15+00:00\",\"description\":\"El gel muscular deportivo de CBD Dr. Kent reduce las microlesiones y favorece una curaci\u00f3n m\u00e1s r\u00e1pida, alivia el calor y calma la tensi\u00f3n posterior a la actividad.\",\"breadcrumb\":{\"@id\":\"https:\\\/\\\/pharma-hemp.com\\\/es\\\/shop\\\/gel-deportivo-dr-kent\\\/#breadcrumb\"},\"inLanguage\":\"es\",\"potentialAction\":[{\"@type\":\"ReadAction\",\"target\":[\"https:\\\/\\\/pharma-hemp.com\\\/es\\\/shop\\\/gel-deportivo-dr-kent\\\/\"]}]},{\"@type\":\"ImageObject\",\"inLanguage\":\"es\",\"@id\":\"https:\\\/\\\/pharma-hemp.com\\\/es\\\/shop\\\/gel-deportivo-dr-kent\\\/#primaryimage\",\"url\":\"https:\\\/\\\/pharma-hemp.com\\\/wp-content\\\/uploads\\\/2025\\\/05\\\/SPORT-GEL.png\",\"contentUrl\":\"https:\\\/\\\/pharma-hemp.com\\\/wp-content\\\/uploads\\\/2025\\\/05\\\/SPORT-GEL.png\",\"width\":600,\"height\":600},{\"@type\":\"BreadcrumbList\",\"@id\":\"https:\\\/\\\/pharma-hemp.com\\\/es\\\/shop\\\/gel-deportivo-dr-kent\\\/#breadcrumb\",\"itemListElement\":[{\"@type\":\"ListItem\",\"position\":1,\"name\":\"Home\",\"item\":\"https:\\\/\\\/pharma-hemp.com\\\/es\\\/\"},{\"@type\":\"ListItem\",\"position\":2,\"name\":\"Tienda\",\"item\":\"https:\\\/\\\/pharma-hemp.com\\\/es\\\/tienda\\\/\"},{\"@type\":\"ListItem\",\"position\":3,\"name\":\"Gel deportivo Dr. Kent\"}]},{\"@type\":\"WebSite\",\"@id\":\"https:\\\/\\\/pharma-hemp.com\\\/es\\\/#website\",\"url\":\"https:\\\/\\\/pharma-hemp.com\\\/es\\\/\",\"name\":\"Pharma Hemp\",\"description\":\"CBD store\",\"publisher\":{\"@id\":\"https:\\\/\\\/pharma-hemp.com\\\/es\\\/#organization\"},\"potentialAction\":[{\"@type\":\"SearchAction\",\"target\":{\"@type\":\"EntryPoint\",\"urlTemplate\":\"https:\\\/\\\/pharma-hemp.com\\\/es\\\/?s={search_term_string}\"},\"query-input\":{\"@type\":\"PropertyValueSpecification\",\"valueRequired\":true,\"valueName\":\"search_term_string\"}}],\"inLanguage\":\"es\"},{\"@type\":\"Organization\",\"@id\":\"https:\\\/\\\/pharma-hemp.com\\\/es\\\/#organization\",\"name\":\"PharmaHemp\",\"url\":\"https:\\\/\\\/pharma-hemp.com\\\/es\\\/\",\"logo\":{\"@type\":\"ImageObject\",\"inLanguage\":\"es\",\"@id\":\"https:\\\/\\\/pharma-hemp.com\\\/es\\\/#\\\/schema\\\/logo\\\/image\\\/\",\"url\":\"https:\\\/\\\/pharma-hemp.com\\\/wp-content\\\/uploads\\\/2025\\\/04\\\/Pharma-Hemp-logo_crn-1.png\",\"contentUrl\":\"https:\\\/\\\/pharma-hemp.com\\\/wp-content\\\/uploads\\\/2025\\\/04\\\/Pharma-Hemp-logo_crn-1.png\",\"width\":200,\"height\":44,\"caption\":\"PharmaHemp\"},\"image\":{\"@id\":\"https:\\\/\\\/pharma-hemp.com\\\/es\\\/#\\\/schema\\\/logo\\\/image\\\/\"}}]}<\/script>\n<!-- \/ Yoast SEO plugin. -->","yoast_head_json":{"title":"Cbd gel muscular deportes Dr Kent 1100 mg cbd - Pharma Hemp","description":"El gel muscular deportivo de CBD Dr. Kent reduce las microlesiones y favorece una curaci\u00f3n m\u00e1s r\u00e1pida, alivia el calor y calma la tensi\u00f3n posterior a la actividad.","robots":{"index":"index","follow":"follow","max-snippet":"max-snippet:-1","max-image-preview":"max-image-preview:large","max-video-preview":"max-video-preview:-1"},"canonical":"https:\/\/pharma-hemp.com\/es\/shop\/gel-deportivo-dr-kent\/","og_locale":"es_ES","og_type":"article","og_title":"Cbd gel muscular deportes Dr Kent 1100 mg cbd - Pharma Hemp","og_description":"El gel muscular deportivo de CBD Dr. Kent reduce las microlesiones y favorece una curaci\u00f3n m\u00e1s r\u00e1pida, alivia el calor y calma la tensi\u00f3n posterior a la actividad.","og_url":"https:\/\/pharma-hemp.com\/es\/shop\/gel-deportivo-dr-kent\/","og_site_name":"Pharma Hemp","article_modified_time":"2026-03-04T08:20:15+00:00","og_image":[{"width":600,"height":600,"url":"https:\/\/pharma-hemp.com\/wp-content\/uploads\/2025\/05\/SPORT-GEL.png","type":"image\/png"}],"twitter_card":"summary_large_image","twitter_misc":{"Tiempo de lectura":"1 minuto"},"schema":{"@context":"https:\/\/schema.org","@graph":[{"@type":"WebPage","@id":"https:\/\/pharma-hemp.com\/es\/shop\/gel-deportivo-dr-kent\/","url":"https:\/\/pharma-hemp.com\/es\/shop\/gel-deportivo-dr-kent\/","name":"Cbd gel muscular deportes Dr Kent 1100 mg cbd - Pharma Hemp","isPartOf":{"@id":"https:\/\/pharma-hemp.com\/es\/#website"},"primaryImageOfPage":{"@id":"https:\/\/pharma-hemp.com\/es\/shop\/gel-deportivo-dr-kent\/#primaryimage"},"image":{"@id":"https:\/\/pharma-hemp.com\/es\/shop\/gel-deportivo-dr-kent\/#primaryimage"},"thumbnailUrl":"https:\/\/pharma-hemp.com\/wp-content\/uploads\/2025\/05\/SPORT-GEL.png","datePublished":"2025-05-05T11:33:57+00:00","dateModified":"2026-03-04T08:20:15+00:00","description":"El gel muscular deportivo de CBD Dr. Kent reduce las microlesiones y favorece una curaci\u00f3n m\u00e1s r\u00e1pida, alivia el calor y calma la tensi\u00f3n posterior a la actividad.","breadcrumb":{"@id":"https:\/\/pharma-hemp.com\/es\/shop\/gel-deportivo-dr-kent\/#breadcrumb"},"inLanguage":"es","potentialAction":[{"@type":"ReadAction","target":["https:\/\/pharma-hemp.com\/es\/shop\/gel-deportivo-dr-kent\/"]}]},{"@type":"ImageObject","inLanguage":"es","@id":"https:\/\/pharma-hemp.com\/es\/shop\/gel-deportivo-dr-kent\/#primaryimage","url":"https:\/\/pharma-hemp.com\/wp-content\/uploads\/2025\/05\/SPORT-GEL.png","contentUrl":"https:\/\/pharma-hemp.com\/wp-content\/uploads\/2025\/05\/SPORT-GEL.png","width":600,"height":600},{"@type":"BreadcrumbList","@id":"https:\/\/pharma-hemp.com\/es\/shop\/gel-deportivo-dr-kent\/#breadcrumb","itemListElement":[{"@type":"ListItem","position":1,"name":"Home","item":"https:\/\/pharma-hemp.com\/es\/"},{"@type":"ListItem","position":2,"name":"Tienda","item":"https:\/\/pharma-hemp.com\/es\/tienda\/"},{"@type":"ListItem","position":3,"name":"Gel deportivo Dr. Kent"}]},{"@type":"WebSite","@id":"https:\/\/pharma-hemp.com\/es\/#website","url":"https:\/\/pharma-hemp.com\/es\/","name":"Pharma Hemp","description":"CBD store","publisher":{"@id":"https:\/\/pharma-hemp.com\/es\/#organization"},"potentialAction":[{"@type":"SearchAction","target":{"@type":"EntryPoint","urlTemplate":"https:\/\/pharma-hemp.com\/es\/?s={search_term_string}"},"query-input":{"@type":"PropertyValueSpecification","valueRequired":true,"valueName":"search_term_string"}}],"inLanguage":"es"},{"@type":"Organization","@id":"https:\/\/pharma-hemp.com\/es\/#organization","name":"PharmaHemp","url":"https:\/\/pharma-hemp.com\/es\/","logo":{"@type":"ImageObject","inLanguage":"es","@id":"https:\/\/pharma-hemp.com\/es\/#\/schema\/logo\/image\/","url":"https:\/\/pharma-hemp.com\/wp-content\/uploads\/2025\/04\/Pharma-Hemp-logo_crn-1.png","contentUrl":"https:\/\/pharma-hemp.com\/wp-content\/uploads\/2025\/04\/Pharma-Hemp-logo_crn-1.png","width":200,"height":44,"caption":"PharmaHemp"},"image":{"@id":"https:\/\/pharma-hemp.com\/es\/#\/schema\/logo\/image\/"}}]}},"_links":{"self":[{"href":"https:\/\/pharma-hemp.com\/es\/wp-json\/wp\/v2\/product\/572812","targetHints":{"allow":["GET"]}}],"collection":[{"href":"https:\/\/pharma-hemp.com\/es\/wp-json\/wp\/v2\/product"}],"about":[{"href":"https:\/\/pharma-hemp.com\/es\/wp-json\/wp\/v2\/types\/product"}],"wp:featuredmedia":[{"embeddable":true,"href":"https:\/\/pharma-hemp.com\/es\/wp-json\/wp\/v2\/media\/572816"}],"wp:attachment":[{"href":"https:\/\/pharma-hemp.com\/es\/wp-json\/wp\/v2\/media?parent=572812"}],"wp:term":[{"taxonomy":"product_brand","embeddable":true,"href":"https:\/\/pharma-hemp.com\/es\/wp-json\/wp\/v2\/product_brand?post=572812"},{"taxonomy":"product_cat","embeddable":true,"href":"https:\/\/pharma-hemp.com\/es\/wp-json\/wp\/v2\/product_cat?post=572812"},{"taxonomy":"product_tag","embeddable":true,"href":"https:\/\/pharma-hemp.com\/es\/wp-json\/wp\/v2\/product_tag?post=572812"}],"curies":[{"name":"wp","href":"https:\/\/api.w.org\/{rel}","templated":true}]}}