{"id":572747,"date":"2025-05-05T08:30:36","date_gmt":"2025-05-05T07:30:36","guid":{"rendered":"https:\/\/pharma-hemp.com\/?post_type=product&#038;p=572747"},"modified":"2026-03-03T09:56:01","modified_gmt":"2026-03-03T07:56:01","slug":"mikka-suero-contorno-de-ojos","status":"publish","type":"product","link":"https:\/\/pharma-hemp.com\/es\/shop\/mikka-suero-contorno-de-ojos\/","title":{"rendered":"Mikka Suero Contorno de Ojos"},"content":{"rendered":"","protected":false},"excerpt":{"rendered":"<p><span style=\"font-weight: 400;\">Noches largas, ma\u00f1anas tempranas&#8230; tus ojos no tienen por qu\u00e9 mostrarlo. Este suero refrescante hidrata, calma y reaviva los ojos cansados, reduciendo las bolsas y ojeras para que luzcas un aspecto luminoso y fresco durante todo el d\u00eda. <\/span><\/p>\n","protected":false},"featured_media":572407,"template":"","meta":[],"product_brand":[],"product_cat":[293,312,313,314],"product_tag":[1127,1129,1125,1131,1130,1126,1128,1132,1133],"class_list":{"0":"post-572747","1":"product","2":"type-product","3":"status-publish","4":"has-post-thumbnail","6":"product_cat-comprar-por-marca","7":"product_cat-cuidado-de-la-piel","8":"product_cat-dermocosmetica","9":"product_cat-mikka-es","10":"product_tag-bolsas-ojos","11":"product_tag-lineas-finas","12":"product_tag-ojeras","13":"product_tag-ojeras-profundas","14":"product_tag-ojos-cansados","15":"product_tag-ojos-hinchados","16":"product_tag-patas-de-gallo","17":"product_tag-rejuvenecimiento-ojos","18":"product_tag-serum-ojos","20":"first","21":"instock","22":"shipping-taxable","23":"purchasable","24":"product-type-simple"},"acf":{"konfigurator_product_name":"","konfigurator_product_description":"","konfigurator_product_image_url":""},"yoast_head":"<!-- This site is optimized with the Yoast SEO plugin v27.3 - https:\/\/yoast.com\/product\/yoast-seo-wordpress\/ -->\n<title>CBD c\u00e1\u00f1amo suero contorno de ojos Mikka - Pharma Hemp %<\/title>\n<meta name=\"description\" content=\"El suero contorno de ojos de c\u00e1\u00f1amo con CBD Mikka reduce las bolsas, las ojeras y las l\u00edneas de expresi\u00f3n. F\u00f3rmula ligera para unos ojos m\u00e1s frescos y luminosos.\" \/>\n<meta name=\"robots\" content=\"index, follow, max-snippet:-1, max-image-preview:large, max-video-preview:-1\" \/>\n<link rel=\"canonical\" href=\"https:\/\/pharma-hemp.com\/es\/shop\/mikka-suero-contorno-de-ojos\/\" \/>\n<meta property=\"og:locale\" content=\"es_ES\" \/>\n<meta property=\"og:type\" content=\"article\" \/>\n<meta property=\"og:title\" content=\"CBD c\u00e1\u00f1amo suero contorno de ojos Mikka - Pharma Hemp %\" \/>\n<meta property=\"og:description\" content=\"El suero contorno de ojos de c\u00e1\u00f1amo con CBD Mikka reduce las bolsas, las ojeras y las l\u00edneas de expresi\u00f3n. F\u00f3rmula ligera para unos ojos m\u00e1s frescos y luminosos.\" \/>\n<meta property=\"og:url\" content=\"https:\/\/pharma-hemp.com\/es\/shop\/mikka-suero-contorno-de-ojos\/\" \/>\n<meta property=\"og:site_name\" content=\"Pharma Hemp\" \/>\n<meta property=\"article:modified_time\" content=\"2026-03-03T07:56:01+00:00\" \/>\n<meta property=\"og:image\" content=\"https:\/\/pharma-hemp.com\/wp-content\/uploads\/2025\/05\/LiparDesignPhotography-01976.jpg\" \/>\n\t<meta property=\"og:image:width\" content=\"2048\" \/>\n\t<meta property=\"og:image:height\" content=\"2048\" \/>\n\t<meta property=\"og:image:type\" content=\"image\/jpeg\" \/>\n<meta name=\"twitter:card\" content=\"summary_large_image\" \/>\n<meta name=\"twitter:label1\" content=\"Tiempo de lectura\" \/>\n\t<meta name=\"twitter:data1\" content=\"1 minuto\" \/>\n<script type=\"application\/ld+json\" class=\"yoast-schema-graph\">{\"@context\":\"https:\\\/\\\/schema.org\",\"@graph\":[{\"@type\":\"WebPage\",\"@id\":\"https:\\\/\\\/pharma-hemp.com\\\/es\\\/shop\\\/mikka-suero-contorno-de-ojos\\\/\",\"url\":\"https:\\\/\\\/pharma-hemp.com\\\/es\\\/shop\\\/mikka-suero-contorno-de-ojos\\\/\",\"name\":\"CBD c\u00e1\u00f1amo suero contorno de ojos Mikka - Pharma Hemp %\",\"isPartOf\":{\"@id\":\"https:\\\/\\\/pharma-hemp.com\\\/es\\\/#website\"},\"primaryImageOfPage\":{\"@id\":\"https:\\\/\\\/pharma-hemp.com\\\/es\\\/shop\\\/mikka-suero-contorno-de-ojos\\\/#primaryimage\"},\"image\":{\"@id\":\"https:\\\/\\\/pharma-hemp.com\\\/es\\\/shop\\\/mikka-suero-contorno-de-ojos\\\/#primaryimage\"},\"thumbnailUrl\":\"https:\\\/\\\/pharma-hemp.com\\\/wp-content\\\/uploads\\\/2025\\\/05\\\/LiparDesignPhotography-01976.jpg\",\"datePublished\":\"2025-05-05T07:30:36+00:00\",\"dateModified\":\"2026-03-03T07:56:01+00:00\",\"description\":\"El suero contorno de ojos de c\u00e1\u00f1amo con CBD Mikka reduce las bolsas, las ojeras y las l\u00edneas de expresi\u00f3n. F\u00f3rmula ligera para unos ojos m\u00e1s frescos y luminosos.\",\"breadcrumb\":{\"@id\":\"https:\\\/\\\/pharma-hemp.com\\\/es\\\/shop\\\/mikka-suero-contorno-de-ojos\\\/#breadcrumb\"},\"inLanguage\":\"es\",\"potentialAction\":[{\"@type\":\"ReadAction\",\"target\":[\"https:\\\/\\\/pharma-hemp.com\\\/es\\\/shop\\\/mikka-suero-contorno-de-ojos\\\/\"]}]},{\"@type\":\"ImageObject\",\"inLanguage\":\"es\",\"@id\":\"https:\\\/\\\/pharma-hemp.com\\\/es\\\/shop\\\/mikka-suero-contorno-de-ojos\\\/#primaryimage\",\"url\":\"https:\\\/\\\/pharma-hemp.com\\\/wp-content\\\/uploads\\\/2025\\\/05\\\/LiparDesignPhotography-01976.jpg\",\"contentUrl\":\"https:\\\/\\\/pharma-hemp.com\\\/wp-content\\\/uploads\\\/2025\\\/05\\\/LiparDesignPhotography-01976.jpg\",\"width\":2048,\"height\":2048,\"caption\":\"mikka suero contorno de ojos para ojeras\"},{\"@type\":\"BreadcrumbList\",\"@id\":\"https:\\\/\\\/pharma-hemp.com\\\/es\\\/shop\\\/mikka-suero-contorno-de-ojos\\\/#breadcrumb\",\"itemListElement\":[{\"@type\":\"ListItem\",\"position\":1,\"name\":\"Home\",\"item\":\"https:\\\/\\\/pharma-hemp.com\\\/es\\\/\"},{\"@type\":\"ListItem\",\"position\":2,\"name\":\"Tienda\",\"item\":\"https:\\\/\\\/pharma-hemp.com\\\/es\\\/tienda\\\/\"},{\"@type\":\"ListItem\",\"position\":3,\"name\":\"Mikka Suero Contorno de Ojos\"}]},{\"@type\":\"WebSite\",\"@id\":\"https:\\\/\\\/pharma-hemp.com\\\/es\\\/#website\",\"url\":\"https:\\\/\\\/pharma-hemp.com\\\/es\\\/\",\"name\":\"Pharma Hemp\",\"description\":\"CBD store\",\"publisher\":{\"@id\":\"https:\\\/\\\/pharma-hemp.com\\\/es\\\/#organization\"},\"potentialAction\":[{\"@type\":\"SearchAction\",\"target\":{\"@type\":\"EntryPoint\",\"urlTemplate\":\"https:\\\/\\\/pharma-hemp.com\\\/es\\\/?s={search_term_string}\"},\"query-input\":{\"@type\":\"PropertyValueSpecification\",\"valueRequired\":true,\"valueName\":\"search_term_string\"}}],\"inLanguage\":\"es\"},{\"@type\":\"Organization\",\"@id\":\"https:\\\/\\\/pharma-hemp.com\\\/es\\\/#organization\",\"name\":\"PharmaHemp\",\"url\":\"https:\\\/\\\/pharma-hemp.com\\\/es\\\/\",\"logo\":{\"@type\":\"ImageObject\",\"inLanguage\":\"es\",\"@id\":\"https:\\\/\\\/pharma-hemp.com\\\/es\\\/#\\\/schema\\\/logo\\\/image\\\/\",\"url\":\"https:\\\/\\\/pharma-hemp.com\\\/wp-content\\\/uploads\\\/2025\\\/04\\\/Pharma-Hemp-logo_crn-1.png\",\"contentUrl\":\"https:\\\/\\\/pharma-hemp.com\\\/wp-content\\\/uploads\\\/2025\\\/04\\\/Pharma-Hemp-logo_crn-1.png\",\"width\":200,\"height\":44,\"caption\":\"PharmaHemp\"},\"image\":{\"@id\":\"https:\\\/\\\/pharma-hemp.com\\\/es\\\/#\\\/schema\\\/logo\\\/image\\\/\"}}]}<\/script>\n<!-- \/ Yoast SEO plugin. -->","yoast_head_json":{"title":"CBD c\u00e1\u00f1amo suero contorno de ojos Mikka - Pharma Hemp %","description":"El suero contorno de ojos de c\u00e1\u00f1amo con CBD Mikka reduce las bolsas, las ojeras y las l\u00edneas de expresi\u00f3n. F\u00f3rmula ligera para unos ojos m\u00e1s frescos y luminosos.","robots":{"index":"index","follow":"follow","max-snippet":"max-snippet:-1","max-image-preview":"max-image-preview:large","max-video-preview":"max-video-preview:-1"},"canonical":"https:\/\/pharma-hemp.com\/es\/shop\/mikka-suero-contorno-de-ojos\/","og_locale":"es_ES","og_type":"article","og_title":"CBD c\u00e1\u00f1amo suero contorno de ojos Mikka - Pharma Hemp %","og_description":"El suero contorno de ojos de c\u00e1\u00f1amo con CBD Mikka reduce las bolsas, las ojeras y las l\u00edneas de expresi\u00f3n. F\u00f3rmula ligera para unos ojos m\u00e1s frescos y luminosos.","og_url":"https:\/\/pharma-hemp.com\/es\/shop\/mikka-suero-contorno-de-ojos\/","og_site_name":"Pharma Hemp","article_modified_time":"2026-03-03T07:56:01+00:00","og_image":[{"width":2048,"height":2048,"url":"https:\/\/pharma-hemp.com\/wp-content\/uploads\/2025\/05\/LiparDesignPhotography-01976.jpg","type":"image\/jpeg"}],"twitter_card":"summary_large_image","twitter_misc":{"Tiempo de lectura":"1 minuto"},"schema":{"@context":"https:\/\/schema.org","@graph":[{"@type":"WebPage","@id":"https:\/\/pharma-hemp.com\/es\/shop\/mikka-suero-contorno-de-ojos\/","url":"https:\/\/pharma-hemp.com\/es\/shop\/mikka-suero-contorno-de-ojos\/","name":"CBD c\u00e1\u00f1amo suero contorno de ojos Mikka - Pharma Hemp %","isPartOf":{"@id":"https:\/\/pharma-hemp.com\/es\/#website"},"primaryImageOfPage":{"@id":"https:\/\/pharma-hemp.com\/es\/shop\/mikka-suero-contorno-de-ojos\/#primaryimage"},"image":{"@id":"https:\/\/pharma-hemp.com\/es\/shop\/mikka-suero-contorno-de-ojos\/#primaryimage"},"thumbnailUrl":"https:\/\/pharma-hemp.com\/wp-content\/uploads\/2025\/05\/LiparDesignPhotography-01976.jpg","datePublished":"2025-05-05T07:30:36+00:00","dateModified":"2026-03-03T07:56:01+00:00","description":"El suero contorno de ojos de c\u00e1\u00f1amo con CBD Mikka reduce las bolsas, las ojeras y las l\u00edneas de expresi\u00f3n. F\u00f3rmula ligera para unos ojos m\u00e1s frescos y luminosos.","breadcrumb":{"@id":"https:\/\/pharma-hemp.com\/es\/shop\/mikka-suero-contorno-de-ojos\/#breadcrumb"},"inLanguage":"es","potentialAction":[{"@type":"ReadAction","target":["https:\/\/pharma-hemp.com\/es\/shop\/mikka-suero-contorno-de-ojos\/"]}]},{"@type":"ImageObject","inLanguage":"es","@id":"https:\/\/pharma-hemp.com\/es\/shop\/mikka-suero-contorno-de-ojos\/#primaryimage","url":"https:\/\/pharma-hemp.com\/wp-content\/uploads\/2025\/05\/LiparDesignPhotography-01976.jpg","contentUrl":"https:\/\/pharma-hemp.com\/wp-content\/uploads\/2025\/05\/LiparDesignPhotography-01976.jpg","width":2048,"height":2048,"caption":"mikka suero contorno de ojos para ojeras"},{"@type":"BreadcrumbList","@id":"https:\/\/pharma-hemp.com\/es\/shop\/mikka-suero-contorno-de-ojos\/#breadcrumb","itemListElement":[{"@type":"ListItem","position":1,"name":"Home","item":"https:\/\/pharma-hemp.com\/es\/"},{"@type":"ListItem","position":2,"name":"Tienda","item":"https:\/\/pharma-hemp.com\/es\/tienda\/"},{"@type":"ListItem","position":3,"name":"Mikka Suero Contorno de Ojos"}]},{"@type":"WebSite","@id":"https:\/\/pharma-hemp.com\/es\/#website","url":"https:\/\/pharma-hemp.com\/es\/","name":"Pharma Hemp","description":"CBD store","publisher":{"@id":"https:\/\/pharma-hemp.com\/es\/#organization"},"potentialAction":[{"@type":"SearchAction","target":{"@type":"EntryPoint","urlTemplate":"https:\/\/pharma-hemp.com\/es\/?s={search_term_string}"},"query-input":{"@type":"PropertyValueSpecification","valueRequired":true,"valueName":"search_term_string"}}],"inLanguage":"es"},{"@type":"Organization","@id":"https:\/\/pharma-hemp.com\/es\/#organization","name":"PharmaHemp","url":"https:\/\/pharma-hemp.com\/es\/","logo":{"@type":"ImageObject","inLanguage":"es","@id":"https:\/\/pharma-hemp.com\/es\/#\/schema\/logo\/image\/","url":"https:\/\/pharma-hemp.com\/wp-content\/uploads\/2025\/04\/Pharma-Hemp-logo_crn-1.png","contentUrl":"https:\/\/pharma-hemp.com\/wp-content\/uploads\/2025\/04\/Pharma-Hemp-logo_crn-1.png","width":200,"height":44,"caption":"PharmaHemp"},"image":{"@id":"https:\/\/pharma-hemp.com\/es\/#\/schema\/logo\/image\/"}}]}},"_links":{"self":[{"href":"https:\/\/pharma-hemp.com\/es\/wp-json\/wp\/v2\/product\/572747","targetHints":{"allow":["GET"]}}],"collection":[{"href":"https:\/\/pharma-hemp.com\/es\/wp-json\/wp\/v2\/product"}],"about":[{"href":"https:\/\/pharma-hemp.com\/es\/wp-json\/wp\/v2\/types\/product"}],"wp:featuredmedia":[{"embeddable":true,"href":"https:\/\/pharma-hemp.com\/es\/wp-json\/wp\/v2\/media\/572407"}],"wp:attachment":[{"href":"https:\/\/pharma-hemp.com\/es\/wp-json\/wp\/v2\/media?parent=572747"}],"wp:term":[{"taxonomy":"product_brand","embeddable":true,"href":"https:\/\/pharma-hemp.com\/es\/wp-json\/wp\/v2\/product_brand?post=572747"},{"taxonomy":"product_cat","embeddable":true,"href":"https:\/\/pharma-hemp.com\/es\/wp-json\/wp\/v2\/product_cat?post=572747"},{"taxonomy":"product_tag","embeddable":true,"href":"https:\/\/pharma-hemp.com\/es\/wp-json\/wp\/v2\/product_tag?post=572747"}],"curies":[{"name":"wp","href":"https:\/\/api.w.org\/{rel}","templated":true}]}}