{"id":572605,"date":"2025-05-06T10:50:47","date_gmt":"2025-05-06T08:50:47","guid":{"rendered":"https:\/\/pharma-hemp.com\/?post_type=product&#038;p=572605"},"modified":"2026-03-06T10:21:15","modified_gmt":"2026-03-06T08:21:15","slug":"galimmun-k-70g","status":"publish","type":"product","link":"https:\/\/pharma-hemp.com\/es\/shop\/galimmun-k-70g\/","title":{"rendered":"GALIMMUN K (70G)"},"content":{"rendered":"","protected":false},"excerpt":{"rendered":"<p>REFUERZO DEL SISTEMA INMUNITARIO<\/p>\n<p>Una<span style=\"font-weight: 400;\">potente mezcla de setas en polvo dise\u00f1ada para reforzar la funci\u00f3n inmunitaria a largo plazo <\/span>.<\/p>\n","protected":false},"featured_media":572607,"template":"","meta":[],"product_brand":[],"product_cat":[302,303,298,299],"product_tag":[1688,1649,1755,1691,1720,1754,1719,1753,1689,1752],"class_list":{"0":"post-572605","1":"product","2":"type-product","3":"status-publish","4":"has-post-thumbnail","6":"product_cat-capsulas","7":"product_cat-enfriate","8":"product_cat-inmunidad","9":"product_cat-otras-marcas","10":"product_tag-agotamiento","11":"product_tag-bajo-inmunidad","12":"product_tag-bienestar-general","13":"product_tag-capsulas","14":"product_tag-capsulas-inmunidad","15":"product_tag-debilidad-estacional","16":"product_tag-enfermedades-frecuentes","17":"product_tag-estres-prolongado","18":"product_tag-fatiga-cronica","19":"product_tag-hongos-antiinflamatorios","21":"first","22":"instock","23":"shipping-taxable","24":"purchasable","25":"product-type-simple"},"acf":{"konfigurator_product_name":"","konfigurator_product_description":"","konfigurator_product_image_url":""},"yoast_head":"<!-- This site is optimized with the Yoast SEO plugin v27.3 - https:\/\/yoast.com\/product\/yoast-seo-wordpress\/ -->\n<title>C\u00e1psulas de hongo reishi GALIMMUN K (70G)- Pharma Hemp %<\/title>\n<meta name=\"description\" content=\"C\u00e1psulas de hongo reishi (ganoderma lucidum) GALIMMUN K (70G) con polisac\u00e1ridos y triterpenos para el apoyo inmunitario y la reducci\u00f3n de la inflamaci\u00f3n.\" \/>\n<meta name=\"robots\" content=\"index, follow, max-snippet:-1, max-image-preview:large, max-video-preview:-1\" \/>\n<link rel=\"canonical\" href=\"https:\/\/pharma-hemp.com\/es\/shop\/galimmun-k-70g\/\" \/>\n<meta property=\"og:locale\" content=\"es_ES\" \/>\n<meta property=\"og:type\" content=\"article\" \/>\n<meta property=\"og:title\" content=\"C\u00e1psulas de hongo reishi GALIMMUN K (70G)- Pharma Hemp %\" \/>\n<meta property=\"og:description\" content=\"C\u00e1psulas de hongo reishi (ganoderma lucidum) GALIMMUN K (70G) con polisac\u00e1ridos y triterpenos para el apoyo inmunitario y la reducci\u00f3n de la inflamaci\u00f3n.\" \/>\n<meta property=\"og:url\" content=\"https:\/\/pharma-hemp.com\/es\/shop\/galimmun-k-70g\/\" \/>\n<meta property=\"og:site_name\" content=\"Pharma Hemp\" \/>\n<meta property=\"article:modified_time\" content=\"2026-03-06T08:21:15+00:00\" \/>\n<meta property=\"og:image\" content=\"https:\/\/pharma-hemp.com\/wp-content\/uploads\/2025\/05\/GALLIMMUN-K-70G.png\" \/>\n\t<meta property=\"og:image:width\" content=\"800\" \/>\n\t<meta property=\"og:image:height\" content=\"800\" \/>\n\t<meta property=\"og:image:type\" content=\"image\/png\" \/>\n<meta name=\"twitter:card\" content=\"summary_large_image\" \/>\n<meta name=\"twitter:label1\" content=\"Tiempo de lectura\" \/>\n\t<meta name=\"twitter:data1\" content=\"1 minuto\" \/>\n<script type=\"application\/ld+json\" class=\"yoast-schema-graph\">{\"@context\":\"https:\\\/\\\/schema.org\",\"@graph\":[{\"@type\":\"WebPage\",\"@id\":\"https:\\\/\\\/pharma-hemp.com\\\/es\\\/shop\\\/galimmun-k-70g\\\/\",\"url\":\"https:\\\/\\\/pharma-hemp.com\\\/es\\\/shop\\\/galimmun-k-70g\\\/\",\"name\":\"C\u00e1psulas de hongo reishi GALIMMUN K (70G)- Pharma Hemp %\",\"isPartOf\":{\"@id\":\"https:\\\/\\\/pharma-hemp.com\\\/es\\\/#website\"},\"primaryImageOfPage\":{\"@id\":\"https:\\\/\\\/pharma-hemp.com\\\/es\\\/shop\\\/galimmun-k-70g\\\/#primaryimage\"},\"image\":{\"@id\":\"https:\\\/\\\/pharma-hemp.com\\\/es\\\/shop\\\/galimmun-k-70g\\\/#primaryimage\"},\"thumbnailUrl\":\"https:\\\/\\\/pharma-hemp.com\\\/wp-content\\\/uploads\\\/2025\\\/05\\\/GALLIMMUN-K-70G.png\",\"datePublished\":\"2025-05-06T08:50:47+00:00\",\"dateModified\":\"2026-03-06T08:21:15+00:00\",\"description\":\"C\u00e1psulas de hongo reishi (ganoderma lucidum) GALIMMUN K (70G) con polisac\u00e1ridos y triterpenos para el apoyo inmunitario y la reducci\u00f3n de la inflamaci\u00f3n.\",\"breadcrumb\":{\"@id\":\"https:\\\/\\\/pharma-hemp.com\\\/es\\\/shop\\\/galimmun-k-70g\\\/#breadcrumb\"},\"inLanguage\":\"es\",\"potentialAction\":[{\"@type\":\"ReadAction\",\"target\":[\"https:\\\/\\\/pharma-hemp.com\\\/es\\\/shop\\\/galimmun-k-70g\\\/\"]}]},{\"@type\":\"ImageObject\",\"inLanguage\":\"es\",\"@id\":\"https:\\\/\\\/pharma-hemp.com\\\/es\\\/shop\\\/galimmun-k-70g\\\/#primaryimage\",\"url\":\"https:\\\/\\\/pharma-hemp.com\\\/wp-content\\\/uploads\\\/2025\\\/05\\\/GALLIMMUN-K-70G.png\",\"contentUrl\":\"https:\\\/\\\/pharma-hemp.com\\\/wp-content\\\/uploads\\\/2025\\\/05\\\/GALLIMMUN-K-70G.png\",\"width\":800,\"height\":800},{\"@type\":\"BreadcrumbList\",\"@id\":\"https:\\\/\\\/pharma-hemp.com\\\/es\\\/shop\\\/galimmun-k-70g\\\/#breadcrumb\",\"itemListElement\":[{\"@type\":\"ListItem\",\"position\":1,\"name\":\"Home\",\"item\":\"https:\\\/\\\/pharma-hemp.com\\\/es\\\/\"},{\"@type\":\"ListItem\",\"position\":2,\"name\":\"Tienda\",\"item\":\"https:\\\/\\\/pharma-hemp.com\\\/es\\\/tienda\\\/\"},{\"@type\":\"ListItem\",\"position\":3,\"name\":\"GALIMMUN K (70G)\"}]},{\"@type\":\"WebSite\",\"@id\":\"https:\\\/\\\/pharma-hemp.com\\\/es\\\/#website\",\"url\":\"https:\\\/\\\/pharma-hemp.com\\\/es\\\/\",\"name\":\"Pharma Hemp\",\"description\":\"CBD store\",\"publisher\":{\"@id\":\"https:\\\/\\\/pharma-hemp.com\\\/es\\\/#organization\"},\"potentialAction\":[{\"@type\":\"SearchAction\",\"target\":{\"@type\":\"EntryPoint\",\"urlTemplate\":\"https:\\\/\\\/pharma-hemp.com\\\/es\\\/?s={search_term_string}\"},\"query-input\":{\"@type\":\"PropertyValueSpecification\",\"valueRequired\":true,\"valueName\":\"search_term_string\"}}],\"inLanguage\":\"es\"},{\"@type\":\"Organization\",\"@id\":\"https:\\\/\\\/pharma-hemp.com\\\/es\\\/#organization\",\"name\":\"PharmaHemp\",\"url\":\"https:\\\/\\\/pharma-hemp.com\\\/es\\\/\",\"logo\":{\"@type\":\"ImageObject\",\"inLanguage\":\"es\",\"@id\":\"https:\\\/\\\/pharma-hemp.com\\\/es\\\/#\\\/schema\\\/logo\\\/image\\\/\",\"url\":\"https:\\\/\\\/pharma-hemp.com\\\/wp-content\\\/uploads\\\/2025\\\/04\\\/Pharma-Hemp-logo_crn-1.png\",\"contentUrl\":\"https:\\\/\\\/pharma-hemp.com\\\/wp-content\\\/uploads\\\/2025\\\/04\\\/Pharma-Hemp-logo_crn-1.png\",\"width\":200,\"height\":44,\"caption\":\"PharmaHemp\"},\"image\":{\"@id\":\"https:\\\/\\\/pharma-hemp.com\\\/es\\\/#\\\/schema\\\/logo\\\/image\\\/\"}}]}<\/script>\n<!-- \/ Yoast SEO plugin. -->","yoast_head_json":{"title":"C\u00e1psulas de hongo reishi GALIMMUN K (70G)- Pharma Hemp %","description":"C\u00e1psulas de hongo reishi (ganoderma lucidum) GALIMMUN K (70G) con polisac\u00e1ridos y triterpenos para el apoyo inmunitario y la reducci\u00f3n de la inflamaci\u00f3n.","robots":{"index":"index","follow":"follow","max-snippet":"max-snippet:-1","max-image-preview":"max-image-preview:large","max-video-preview":"max-video-preview:-1"},"canonical":"https:\/\/pharma-hemp.com\/es\/shop\/galimmun-k-70g\/","og_locale":"es_ES","og_type":"article","og_title":"C\u00e1psulas de hongo reishi GALIMMUN K (70G)- Pharma Hemp %","og_description":"C\u00e1psulas de hongo reishi (ganoderma lucidum) GALIMMUN K (70G) con polisac\u00e1ridos y triterpenos para el apoyo inmunitario y la reducci\u00f3n de la inflamaci\u00f3n.","og_url":"https:\/\/pharma-hemp.com\/es\/shop\/galimmun-k-70g\/","og_site_name":"Pharma Hemp","article_modified_time":"2026-03-06T08:21:15+00:00","og_image":[{"width":800,"height":800,"url":"https:\/\/pharma-hemp.com\/wp-content\/uploads\/2025\/05\/GALLIMMUN-K-70G.png","type":"image\/png"}],"twitter_card":"summary_large_image","twitter_misc":{"Tiempo de lectura":"1 minuto"},"schema":{"@context":"https:\/\/schema.org","@graph":[{"@type":"WebPage","@id":"https:\/\/pharma-hemp.com\/es\/shop\/galimmun-k-70g\/","url":"https:\/\/pharma-hemp.com\/es\/shop\/galimmun-k-70g\/","name":"C\u00e1psulas de hongo reishi GALIMMUN K (70G)- Pharma Hemp %","isPartOf":{"@id":"https:\/\/pharma-hemp.com\/es\/#website"},"primaryImageOfPage":{"@id":"https:\/\/pharma-hemp.com\/es\/shop\/galimmun-k-70g\/#primaryimage"},"image":{"@id":"https:\/\/pharma-hemp.com\/es\/shop\/galimmun-k-70g\/#primaryimage"},"thumbnailUrl":"https:\/\/pharma-hemp.com\/wp-content\/uploads\/2025\/05\/GALLIMMUN-K-70G.png","datePublished":"2025-05-06T08:50:47+00:00","dateModified":"2026-03-06T08:21:15+00:00","description":"C\u00e1psulas de hongo reishi (ganoderma lucidum) GALIMMUN K (70G) con polisac\u00e1ridos y triterpenos para el apoyo inmunitario y la reducci\u00f3n de la inflamaci\u00f3n.","breadcrumb":{"@id":"https:\/\/pharma-hemp.com\/es\/shop\/galimmun-k-70g\/#breadcrumb"},"inLanguage":"es","potentialAction":[{"@type":"ReadAction","target":["https:\/\/pharma-hemp.com\/es\/shop\/galimmun-k-70g\/"]}]},{"@type":"ImageObject","inLanguage":"es","@id":"https:\/\/pharma-hemp.com\/es\/shop\/galimmun-k-70g\/#primaryimage","url":"https:\/\/pharma-hemp.com\/wp-content\/uploads\/2025\/05\/GALLIMMUN-K-70G.png","contentUrl":"https:\/\/pharma-hemp.com\/wp-content\/uploads\/2025\/05\/GALLIMMUN-K-70G.png","width":800,"height":800},{"@type":"BreadcrumbList","@id":"https:\/\/pharma-hemp.com\/es\/shop\/galimmun-k-70g\/#breadcrumb","itemListElement":[{"@type":"ListItem","position":1,"name":"Home","item":"https:\/\/pharma-hemp.com\/es\/"},{"@type":"ListItem","position":2,"name":"Tienda","item":"https:\/\/pharma-hemp.com\/es\/tienda\/"},{"@type":"ListItem","position":3,"name":"GALIMMUN K (70G)"}]},{"@type":"WebSite","@id":"https:\/\/pharma-hemp.com\/es\/#website","url":"https:\/\/pharma-hemp.com\/es\/","name":"Pharma Hemp","description":"CBD store","publisher":{"@id":"https:\/\/pharma-hemp.com\/es\/#organization"},"potentialAction":[{"@type":"SearchAction","target":{"@type":"EntryPoint","urlTemplate":"https:\/\/pharma-hemp.com\/es\/?s={search_term_string}"},"query-input":{"@type":"PropertyValueSpecification","valueRequired":true,"valueName":"search_term_string"}}],"inLanguage":"es"},{"@type":"Organization","@id":"https:\/\/pharma-hemp.com\/es\/#organization","name":"PharmaHemp","url":"https:\/\/pharma-hemp.com\/es\/","logo":{"@type":"ImageObject","inLanguage":"es","@id":"https:\/\/pharma-hemp.com\/es\/#\/schema\/logo\/image\/","url":"https:\/\/pharma-hemp.com\/wp-content\/uploads\/2025\/04\/Pharma-Hemp-logo_crn-1.png","contentUrl":"https:\/\/pharma-hemp.com\/wp-content\/uploads\/2025\/04\/Pharma-Hemp-logo_crn-1.png","width":200,"height":44,"caption":"PharmaHemp"},"image":{"@id":"https:\/\/pharma-hemp.com\/es\/#\/schema\/logo\/image\/"}}]}},"_links":{"self":[{"href":"https:\/\/pharma-hemp.com\/es\/wp-json\/wp\/v2\/product\/572605","targetHints":{"allow":["GET"]}}],"collection":[{"href":"https:\/\/pharma-hemp.com\/es\/wp-json\/wp\/v2\/product"}],"about":[{"href":"https:\/\/pharma-hemp.com\/es\/wp-json\/wp\/v2\/types\/product"}],"wp:featuredmedia":[{"embeddable":true,"href":"https:\/\/pharma-hemp.com\/es\/wp-json\/wp\/v2\/media\/572607"}],"wp:attachment":[{"href":"https:\/\/pharma-hemp.com\/es\/wp-json\/wp\/v2\/media?parent=572605"}],"wp:term":[{"taxonomy":"product_brand","embeddable":true,"href":"https:\/\/pharma-hemp.com\/es\/wp-json\/wp\/v2\/product_brand?post=572605"},{"taxonomy":"product_cat","embeddable":true,"href":"https:\/\/pharma-hemp.com\/es\/wp-json\/wp\/v2\/product_cat?post=572605"},{"taxonomy":"product_tag","embeddable":true,"href":"https:\/\/pharma-hemp.com\/es\/wp-json\/wp\/v2\/product_tag?post=572605"}],"curies":[{"name":"wp","href":"https:\/\/api.w.org\/{rel}","templated":true}]}}