{"id":572602,"date":"2025-05-06T10:45:45","date_gmt":"2025-05-06T08:45:45","guid":{"rendered":"https:\/\/pharma-hemp.com\/?post_type=product&#038;p=572602"},"modified":"2026-03-06T10:01:10","modified_gmt":"2026-03-06T08:01:10","slug":"cordyvit-k-70g","status":"publish","type":"product","link":"https:\/\/pharma-hemp.com\/es\/shop\/cordyvit-k-70g\/","title":{"rendered":"CORDYVIT K (70G)"},"content":{"rendered":"","protected":false},"excerpt":{"rendered":"<p>RESISTENCIA Y APOYO INMUNOL\u00d3GICO<\/p>\n<p>Un<span style=\"font-weight: 400;\">suplemento de Cordyceps de primera calidad elaborado para atletas, personas activas y quienes buscan mantener la energ\u00eda y la resistencia <\/span>.<\/p>\n","protected":false},"featured_media":572604,"template":"","meta":[],"product_brand":[],"product_cat":[302,297,299],"product_tag":[1688,1683,1686,1690,1691,1685,1606,1689,1684,1687],"class_list":{"0":"post-572602","1":"product","2":"type-product","3":"status-publish","4":"has-post-thumbnail","6":"product_cat-capsulas","7":"product_cat-mente","8":"product_cat-otras-marcas","9":"product_tag-agotamiento","10":"product_tag-baja-energia","11":"product_tag-baja-resistencia","12":"product_tag-cansancio-post-ejercicio","13":"product_tag-capsulas","14":"product_tag-capsulas-energia","15":"product_tag-fatiga","16":"product_tag-fatiga-cronica","17":"product_tag-hongos-energia","18":"product_tag-recuperacion-lenta","20":"first","21":"instock","22":"shipping-taxable","23":"purchasable","24":"product-type-simple"},"acf":{"konfigurator_product_name":"","konfigurator_product_description":"","konfigurator_product_image_url":""},"yoast_head":"<!-- This site is optimized with the Yoast SEO plugin v27.3 - https:\/\/yoast.com\/product\/yoast-seo-wordpress\/ -->\n<title>C\u00e1psulas de hongo Cordyceps CORDYVIT K (70G) - Pharma Hemp<\/title>\n<meta name=\"description\" content=\"C\u00e1psulas de hongo Cordyceps CORDYVIT K para potenciar la resistencia, la funci\u00f3n inmunitaria y la salud respiratoria, Favorece la modulaci\u00f3n inmunitaria y el bienestar general.\" \/>\n<meta name=\"robots\" content=\"index, follow, max-snippet:-1, max-image-preview:large, max-video-preview:-1\" \/>\n<link rel=\"canonical\" href=\"https:\/\/pharma-hemp.com\/es\/shop\/cordyvit-k-70g\/\" \/>\n<meta property=\"og:locale\" content=\"es_ES\" \/>\n<meta property=\"og:type\" content=\"article\" \/>\n<meta property=\"og:title\" content=\"C\u00e1psulas de hongo Cordyceps CORDYVIT K (70G) - Pharma Hemp\" \/>\n<meta property=\"og:description\" content=\"C\u00e1psulas de hongo Cordyceps CORDYVIT K para potenciar la resistencia, la funci\u00f3n inmunitaria y la salud respiratoria, Favorece la modulaci\u00f3n inmunitaria y el bienestar general.\" \/>\n<meta property=\"og:url\" content=\"https:\/\/pharma-hemp.com\/es\/shop\/cordyvit-k-70g\/\" \/>\n<meta property=\"og:site_name\" content=\"Pharma Hemp\" \/>\n<meta property=\"article:modified_time\" content=\"2026-03-06T08:01:10+00:00\" \/>\n<meta property=\"og:image\" content=\"https:\/\/pharma-hemp.com\/wp-content\/uploads\/2025\/05\/CODRYVIT-K-70G.png\" \/>\n\t<meta property=\"og:image:width\" content=\"800\" \/>\n\t<meta property=\"og:image:height\" content=\"800\" \/>\n\t<meta property=\"og:image:type\" content=\"image\/png\" \/>\n<meta name=\"twitter:card\" content=\"summary_large_image\" \/>\n<meta name=\"twitter:label1\" content=\"Tiempo de lectura\" \/>\n\t<meta name=\"twitter:data1\" content=\"1 minuto\" \/>\n<script type=\"application\/ld+json\" class=\"yoast-schema-graph\">{\"@context\":\"https:\\\/\\\/schema.org\",\"@graph\":[{\"@type\":\"WebPage\",\"@id\":\"https:\\\/\\\/pharma-hemp.com\\\/es\\\/shop\\\/cordyvit-k-70g\\\/\",\"url\":\"https:\\\/\\\/pharma-hemp.com\\\/es\\\/shop\\\/cordyvit-k-70g\\\/\",\"name\":\"C\u00e1psulas de hongo Cordyceps CORDYVIT K (70G) - Pharma Hemp\",\"isPartOf\":{\"@id\":\"https:\\\/\\\/pharma-hemp.com\\\/es\\\/#website\"},\"primaryImageOfPage\":{\"@id\":\"https:\\\/\\\/pharma-hemp.com\\\/es\\\/shop\\\/cordyvit-k-70g\\\/#primaryimage\"},\"image\":{\"@id\":\"https:\\\/\\\/pharma-hemp.com\\\/es\\\/shop\\\/cordyvit-k-70g\\\/#primaryimage\"},\"thumbnailUrl\":\"https:\\\/\\\/pharma-hemp.com\\\/wp-content\\\/uploads\\\/2025\\\/05\\\/CODRYVIT-K-70G.png\",\"datePublished\":\"2025-05-06T08:45:45+00:00\",\"dateModified\":\"2026-03-06T08:01:10+00:00\",\"description\":\"C\u00e1psulas de hongo Cordyceps CORDYVIT K para potenciar la resistencia, la funci\u00f3n inmunitaria y la salud respiratoria, Favorece la modulaci\u00f3n inmunitaria y el bienestar general.\",\"breadcrumb\":{\"@id\":\"https:\\\/\\\/pharma-hemp.com\\\/es\\\/shop\\\/cordyvit-k-70g\\\/#breadcrumb\"},\"inLanguage\":\"es\",\"potentialAction\":[{\"@type\":\"ReadAction\",\"target\":[\"https:\\\/\\\/pharma-hemp.com\\\/es\\\/shop\\\/cordyvit-k-70g\\\/\"]}]},{\"@type\":\"ImageObject\",\"inLanguage\":\"es\",\"@id\":\"https:\\\/\\\/pharma-hemp.com\\\/es\\\/shop\\\/cordyvit-k-70g\\\/#primaryimage\",\"url\":\"https:\\\/\\\/pharma-hemp.com\\\/wp-content\\\/uploads\\\/2025\\\/05\\\/CODRYVIT-K-70G.png\",\"contentUrl\":\"https:\\\/\\\/pharma-hemp.com\\\/wp-content\\\/uploads\\\/2025\\\/05\\\/CODRYVIT-K-70G.png\",\"width\":800,\"height\":800},{\"@type\":\"BreadcrumbList\",\"@id\":\"https:\\\/\\\/pharma-hemp.com\\\/es\\\/shop\\\/cordyvit-k-70g\\\/#breadcrumb\",\"itemListElement\":[{\"@type\":\"ListItem\",\"position\":1,\"name\":\"Home\",\"item\":\"https:\\\/\\\/pharma-hemp.com\\\/es\\\/\"},{\"@type\":\"ListItem\",\"position\":2,\"name\":\"Tienda\",\"item\":\"https:\\\/\\\/pharma-hemp.com\\\/es\\\/tienda\\\/\"},{\"@type\":\"ListItem\",\"position\":3,\"name\":\"CORDYVIT K (70G)\"}]},{\"@type\":\"WebSite\",\"@id\":\"https:\\\/\\\/pharma-hemp.com\\\/es\\\/#website\",\"url\":\"https:\\\/\\\/pharma-hemp.com\\\/es\\\/\",\"name\":\"Pharma Hemp\",\"description\":\"CBD store\",\"publisher\":{\"@id\":\"https:\\\/\\\/pharma-hemp.com\\\/es\\\/#organization\"},\"potentialAction\":[{\"@type\":\"SearchAction\",\"target\":{\"@type\":\"EntryPoint\",\"urlTemplate\":\"https:\\\/\\\/pharma-hemp.com\\\/es\\\/?s={search_term_string}\"},\"query-input\":{\"@type\":\"PropertyValueSpecification\",\"valueRequired\":true,\"valueName\":\"search_term_string\"}}],\"inLanguage\":\"es\"},{\"@type\":\"Organization\",\"@id\":\"https:\\\/\\\/pharma-hemp.com\\\/es\\\/#organization\",\"name\":\"PharmaHemp\",\"url\":\"https:\\\/\\\/pharma-hemp.com\\\/es\\\/\",\"logo\":{\"@type\":\"ImageObject\",\"inLanguage\":\"es\",\"@id\":\"https:\\\/\\\/pharma-hemp.com\\\/es\\\/#\\\/schema\\\/logo\\\/image\\\/\",\"url\":\"https:\\\/\\\/pharma-hemp.com\\\/wp-content\\\/uploads\\\/2025\\\/04\\\/Pharma-Hemp-logo_crn-1.png\",\"contentUrl\":\"https:\\\/\\\/pharma-hemp.com\\\/wp-content\\\/uploads\\\/2025\\\/04\\\/Pharma-Hemp-logo_crn-1.png\",\"width\":200,\"height\":44,\"caption\":\"PharmaHemp\"},\"image\":{\"@id\":\"https:\\\/\\\/pharma-hemp.com\\\/es\\\/#\\\/schema\\\/logo\\\/image\\\/\"}}]}<\/script>\n<!-- \/ Yoast SEO plugin. -->","yoast_head_json":{"title":"C\u00e1psulas de hongo Cordyceps CORDYVIT K (70G) - Pharma Hemp","description":"C\u00e1psulas de hongo Cordyceps CORDYVIT K para potenciar la resistencia, la funci\u00f3n inmunitaria y la salud respiratoria, Favorece la modulaci\u00f3n inmunitaria y el bienestar general.","robots":{"index":"index","follow":"follow","max-snippet":"max-snippet:-1","max-image-preview":"max-image-preview:large","max-video-preview":"max-video-preview:-1"},"canonical":"https:\/\/pharma-hemp.com\/es\/shop\/cordyvit-k-70g\/","og_locale":"es_ES","og_type":"article","og_title":"C\u00e1psulas de hongo Cordyceps CORDYVIT K (70G) - Pharma Hemp","og_description":"C\u00e1psulas de hongo Cordyceps CORDYVIT K para potenciar la resistencia, la funci\u00f3n inmunitaria y la salud respiratoria, Favorece la modulaci\u00f3n inmunitaria y el bienestar general.","og_url":"https:\/\/pharma-hemp.com\/es\/shop\/cordyvit-k-70g\/","og_site_name":"Pharma Hemp","article_modified_time":"2026-03-06T08:01:10+00:00","og_image":[{"width":800,"height":800,"url":"https:\/\/pharma-hemp.com\/wp-content\/uploads\/2025\/05\/CODRYVIT-K-70G.png","type":"image\/png"}],"twitter_card":"summary_large_image","twitter_misc":{"Tiempo de lectura":"1 minuto"},"schema":{"@context":"https:\/\/schema.org","@graph":[{"@type":"WebPage","@id":"https:\/\/pharma-hemp.com\/es\/shop\/cordyvit-k-70g\/","url":"https:\/\/pharma-hemp.com\/es\/shop\/cordyvit-k-70g\/","name":"C\u00e1psulas de hongo Cordyceps CORDYVIT K (70G) - Pharma Hemp","isPartOf":{"@id":"https:\/\/pharma-hemp.com\/es\/#website"},"primaryImageOfPage":{"@id":"https:\/\/pharma-hemp.com\/es\/shop\/cordyvit-k-70g\/#primaryimage"},"image":{"@id":"https:\/\/pharma-hemp.com\/es\/shop\/cordyvit-k-70g\/#primaryimage"},"thumbnailUrl":"https:\/\/pharma-hemp.com\/wp-content\/uploads\/2025\/05\/CODRYVIT-K-70G.png","datePublished":"2025-05-06T08:45:45+00:00","dateModified":"2026-03-06T08:01:10+00:00","description":"C\u00e1psulas de hongo Cordyceps CORDYVIT K para potenciar la resistencia, la funci\u00f3n inmunitaria y la salud respiratoria, Favorece la modulaci\u00f3n inmunitaria y el bienestar general.","breadcrumb":{"@id":"https:\/\/pharma-hemp.com\/es\/shop\/cordyvit-k-70g\/#breadcrumb"},"inLanguage":"es","potentialAction":[{"@type":"ReadAction","target":["https:\/\/pharma-hemp.com\/es\/shop\/cordyvit-k-70g\/"]}]},{"@type":"ImageObject","inLanguage":"es","@id":"https:\/\/pharma-hemp.com\/es\/shop\/cordyvit-k-70g\/#primaryimage","url":"https:\/\/pharma-hemp.com\/wp-content\/uploads\/2025\/05\/CODRYVIT-K-70G.png","contentUrl":"https:\/\/pharma-hemp.com\/wp-content\/uploads\/2025\/05\/CODRYVIT-K-70G.png","width":800,"height":800},{"@type":"BreadcrumbList","@id":"https:\/\/pharma-hemp.com\/es\/shop\/cordyvit-k-70g\/#breadcrumb","itemListElement":[{"@type":"ListItem","position":1,"name":"Home","item":"https:\/\/pharma-hemp.com\/es\/"},{"@type":"ListItem","position":2,"name":"Tienda","item":"https:\/\/pharma-hemp.com\/es\/tienda\/"},{"@type":"ListItem","position":3,"name":"CORDYVIT K (70G)"}]},{"@type":"WebSite","@id":"https:\/\/pharma-hemp.com\/es\/#website","url":"https:\/\/pharma-hemp.com\/es\/","name":"Pharma Hemp","description":"CBD store","publisher":{"@id":"https:\/\/pharma-hemp.com\/es\/#organization"},"potentialAction":[{"@type":"SearchAction","target":{"@type":"EntryPoint","urlTemplate":"https:\/\/pharma-hemp.com\/es\/?s={search_term_string}"},"query-input":{"@type":"PropertyValueSpecification","valueRequired":true,"valueName":"search_term_string"}}],"inLanguage":"es"},{"@type":"Organization","@id":"https:\/\/pharma-hemp.com\/es\/#organization","name":"PharmaHemp","url":"https:\/\/pharma-hemp.com\/es\/","logo":{"@type":"ImageObject","inLanguage":"es","@id":"https:\/\/pharma-hemp.com\/es\/#\/schema\/logo\/image\/","url":"https:\/\/pharma-hemp.com\/wp-content\/uploads\/2025\/04\/Pharma-Hemp-logo_crn-1.png","contentUrl":"https:\/\/pharma-hemp.com\/wp-content\/uploads\/2025\/04\/Pharma-Hemp-logo_crn-1.png","width":200,"height":44,"caption":"PharmaHemp"},"image":{"@id":"https:\/\/pharma-hemp.com\/es\/#\/schema\/logo\/image\/"}}]}},"_links":{"self":[{"href":"https:\/\/pharma-hemp.com\/es\/wp-json\/wp\/v2\/product\/572602","targetHints":{"allow":["GET"]}}],"collection":[{"href":"https:\/\/pharma-hemp.com\/es\/wp-json\/wp\/v2\/product"}],"about":[{"href":"https:\/\/pharma-hemp.com\/es\/wp-json\/wp\/v2\/types\/product"}],"wp:featuredmedia":[{"embeddable":true,"href":"https:\/\/pharma-hemp.com\/es\/wp-json\/wp\/v2\/media\/572604"}],"wp:attachment":[{"href":"https:\/\/pharma-hemp.com\/es\/wp-json\/wp\/v2\/media?parent=572602"}],"wp:term":[{"taxonomy":"product_brand","embeddable":true,"href":"https:\/\/pharma-hemp.com\/es\/wp-json\/wp\/v2\/product_brand?post=572602"},{"taxonomy":"product_cat","embeddable":true,"href":"https:\/\/pharma-hemp.com\/es\/wp-json\/wp\/v2\/product_cat?post=572602"},{"taxonomy":"product_tag","embeddable":true,"href":"https:\/\/pharma-hemp.com\/es\/wp-json\/wp\/v2\/product_tag?post=572602"}],"curies":[{"name":"wp","href":"https:\/\/api.w.org\/{rel}","templated":true}]}}