{"id":572589,"date":"2025-05-05T13:08:57","date_gmt":"2025-05-05T12:08:57","guid":{"rendered":"https:\/\/pharma-hemp.com\/?post_type=product&#038;p=572589"},"modified":"2026-03-05T10:07:24","modified_gmt":"2026-03-05T08:07:24","slug":"pasta-dentifrica-cosmo-hemps-cbd-100mg-cbd","status":"publish","type":"product","link":"https:\/\/pharma-hemp.com\/es\/shop\/pasta-dentifrica-cosmo-hemps-cbd-100mg-cbd\/","title":{"rendered":"Pasta dent\u00edfrica Cosmo hemps CBD &#8211; 100mg CBD"},"content":{"rendered":"","protected":false},"excerpt":{"rendered":"<p><span style=\"font-weight: 400;\">DIENTES M\u00c1S LIMPIOS, ENC\u00cdAS M\u00c1S SANAS<\/span><\/p>\n<p>Un dent\u00edfrico que hace algo m\u00e1s que limpiar: fortalece, calma y protege. Especialmente formulado para la mucosa bucal sensible, este dent\u00edfrico de CBD de primera calidad ayuda a mantener las enc\u00edas sanas, previene la acumulaci\u00f3n de placa y garantiza un frescor duradero.<\/p>\n<p>&nbsp;<\/p>\n","protected":false},"featured_media":572599,"template":"","meta":[],"product_brand":[],"product_cat":[299,301],"product_tag":[1506,1508,1507,1504,1505,1500,1509,1501,1503,1502],"class_list":{"0":"post-572589","1":"product","2":"type-product","3":"status-publish","4":"has-post-thumbnail","6":"product_cat-otras-marcas","7":"product_cat-pastas","8":"product_tag-boca-seca","9":"product_tag-caries","10":"product_tag-cuidado-dental","11":"product_tag-dientes-sensibles","12":"product_tag-encias-sangrantes","13":"product_tag-encias-sensibles","14":"product_tag-gingivitis","15":"product_tag-inflamacion-encias","16":"product_tag-mal-aliento","17":"product_tag-placa-dental","19":"first","20":"instock","21":"shipping-taxable","22":"purchasable","23":"product-type-simple"},"acf":{"konfigurator_product_name":"","konfigurator_product_description":"","konfigurator_product_image_url":""},"yoast_head":"<!-- This site is optimized with the Yoast SEO plugin v27.3 - https:\/\/yoast.com\/product\/yoast-seo-wordpress\/ -->\n<title>Pasta dent\u00edfrica de c\u00e1\u00f1amo CBD Cosmo hemps - 100mg CBD - Pharma Hemp<\/title>\n<meta name=\"description\" content=\"El dent\u00edfrico de c\u00e1\u00f1amo CBD Cosmo hemps reduce la Inflamaci\u00f3n y Alivia las Enc\u00edas, Protege la Mucosa Oral y Previene las Caries.\" \/>\n<meta name=\"robots\" content=\"index, follow, max-snippet:-1, max-image-preview:large, max-video-preview:-1\" \/>\n<link rel=\"canonical\" href=\"https:\/\/pharma-hemp.com\/es\/shop\/pasta-dentifrica-cosmo-hemps-cbd-100mg-cbd\/\" \/>\n<meta property=\"og:locale\" content=\"es_ES\" \/>\n<meta property=\"og:type\" content=\"article\" \/>\n<meta property=\"og:title\" content=\"Pasta dent\u00edfrica de c\u00e1\u00f1amo CBD Cosmo hemps - 100mg CBD - Pharma Hemp\" \/>\n<meta property=\"og:description\" content=\"El dent\u00edfrico de c\u00e1\u00f1amo CBD Cosmo hemps reduce la Inflamaci\u00f3n y Alivia las Enc\u00edas, Protege la Mucosa Oral y Previene las Caries.\" \/>\n<meta property=\"og:url\" content=\"https:\/\/pharma-hemp.com\/es\/shop\/pasta-dentifrica-cosmo-hemps-cbd-100mg-cbd\/\" \/>\n<meta property=\"og:site_name\" content=\"Pharma Hemp\" \/>\n<meta property=\"article:modified_time\" content=\"2026-03-05T08:07:24+00:00\" \/>\n<meta property=\"og:image\" content=\"https:\/\/pharma-hemp.com\/wp-content\/uploads\/2025\/05\/TOOTHPASTE.png\" \/>\n\t<meta property=\"og:image:width\" content=\"600\" \/>\n\t<meta property=\"og:image:height\" content=\"600\" \/>\n\t<meta property=\"og:image:type\" content=\"image\/png\" \/>\n<meta name=\"twitter:card\" content=\"summary_large_image\" \/>\n<meta name=\"twitter:label1\" content=\"Tiempo de lectura\" \/>\n\t<meta name=\"twitter:data1\" content=\"1 minuto\" \/>\n<script type=\"application\/ld+json\" class=\"yoast-schema-graph\">{\"@context\":\"https:\\\/\\\/schema.org\",\"@graph\":[{\"@type\":\"WebPage\",\"@id\":\"https:\\\/\\\/pharma-hemp.com\\\/es\\\/shop\\\/pasta-dentifrica-cosmo-hemps-cbd-100mg-cbd\\\/\",\"url\":\"https:\\\/\\\/pharma-hemp.com\\\/es\\\/shop\\\/pasta-dentifrica-cosmo-hemps-cbd-100mg-cbd\\\/\",\"name\":\"Pasta dent\u00edfrica de c\u00e1\u00f1amo CBD Cosmo hemps - 100mg CBD - Pharma Hemp\",\"isPartOf\":{\"@id\":\"https:\\\/\\\/pharma-hemp.com\\\/es\\\/#website\"},\"primaryImageOfPage\":{\"@id\":\"https:\\\/\\\/pharma-hemp.com\\\/es\\\/shop\\\/pasta-dentifrica-cosmo-hemps-cbd-100mg-cbd\\\/#primaryimage\"},\"image\":{\"@id\":\"https:\\\/\\\/pharma-hemp.com\\\/es\\\/shop\\\/pasta-dentifrica-cosmo-hemps-cbd-100mg-cbd\\\/#primaryimage\"},\"thumbnailUrl\":\"https:\\\/\\\/pharma-hemp.com\\\/wp-content\\\/uploads\\\/2025\\\/05\\\/TOOTHPASTE.png\",\"datePublished\":\"2025-05-05T12:08:57+00:00\",\"dateModified\":\"2026-03-05T08:07:24+00:00\",\"description\":\"El dent\u00edfrico de c\u00e1\u00f1amo CBD Cosmo hemps reduce la Inflamaci\u00f3n y Alivia las Enc\u00edas, Protege la Mucosa Oral y Previene las Caries.\",\"breadcrumb\":{\"@id\":\"https:\\\/\\\/pharma-hemp.com\\\/es\\\/shop\\\/pasta-dentifrica-cosmo-hemps-cbd-100mg-cbd\\\/#breadcrumb\"},\"inLanguage\":\"es\",\"potentialAction\":[{\"@type\":\"ReadAction\",\"target\":[\"https:\\\/\\\/pharma-hemp.com\\\/es\\\/shop\\\/pasta-dentifrica-cosmo-hemps-cbd-100mg-cbd\\\/\"]}]},{\"@type\":\"ImageObject\",\"inLanguage\":\"es\",\"@id\":\"https:\\\/\\\/pharma-hemp.com\\\/es\\\/shop\\\/pasta-dentifrica-cosmo-hemps-cbd-100mg-cbd\\\/#primaryimage\",\"url\":\"https:\\\/\\\/pharma-hemp.com\\\/wp-content\\\/uploads\\\/2025\\\/05\\\/TOOTHPASTE.png\",\"contentUrl\":\"https:\\\/\\\/pharma-hemp.com\\\/wp-content\\\/uploads\\\/2025\\\/05\\\/TOOTHPASTE.png\",\"width\":600,\"height\":600},{\"@type\":\"BreadcrumbList\",\"@id\":\"https:\\\/\\\/pharma-hemp.com\\\/es\\\/shop\\\/pasta-dentifrica-cosmo-hemps-cbd-100mg-cbd\\\/#breadcrumb\",\"itemListElement\":[{\"@type\":\"ListItem\",\"position\":1,\"name\":\"Home\",\"item\":\"https:\\\/\\\/pharma-hemp.com\\\/es\\\/\"},{\"@type\":\"ListItem\",\"position\":2,\"name\":\"Tienda\",\"item\":\"https:\\\/\\\/pharma-hemp.com\\\/es\\\/tienda\\\/\"},{\"@type\":\"ListItem\",\"position\":3,\"name\":\"Pasta dent\u00edfrica Cosmo hemps CBD &#8211; 100mg CBD\"}]},{\"@type\":\"WebSite\",\"@id\":\"https:\\\/\\\/pharma-hemp.com\\\/es\\\/#website\",\"url\":\"https:\\\/\\\/pharma-hemp.com\\\/es\\\/\",\"name\":\"Pharma Hemp\",\"description\":\"CBD store\",\"publisher\":{\"@id\":\"https:\\\/\\\/pharma-hemp.com\\\/es\\\/#organization\"},\"potentialAction\":[{\"@type\":\"SearchAction\",\"target\":{\"@type\":\"EntryPoint\",\"urlTemplate\":\"https:\\\/\\\/pharma-hemp.com\\\/es\\\/?s={search_term_string}\"},\"query-input\":{\"@type\":\"PropertyValueSpecification\",\"valueRequired\":true,\"valueName\":\"search_term_string\"}}],\"inLanguage\":\"es\"},{\"@type\":\"Organization\",\"@id\":\"https:\\\/\\\/pharma-hemp.com\\\/es\\\/#organization\",\"name\":\"PharmaHemp\",\"url\":\"https:\\\/\\\/pharma-hemp.com\\\/es\\\/\",\"logo\":{\"@type\":\"ImageObject\",\"inLanguage\":\"es\",\"@id\":\"https:\\\/\\\/pharma-hemp.com\\\/es\\\/#\\\/schema\\\/logo\\\/image\\\/\",\"url\":\"https:\\\/\\\/pharma-hemp.com\\\/wp-content\\\/uploads\\\/2025\\\/04\\\/Pharma-Hemp-logo_crn-1.png\",\"contentUrl\":\"https:\\\/\\\/pharma-hemp.com\\\/wp-content\\\/uploads\\\/2025\\\/04\\\/Pharma-Hemp-logo_crn-1.png\",\"width\":200,\"height\":44,\"caption\":\"PharmaHemp\"},\"image\":{\"@id\":\"https:\\\/\\\/pharma-hemp.com\\\/es\\\/#\\\/schema\\\/logo\\\/image\\\/\"}}]}<\/script>\n<!-- \/ Yoast SEO plugin. -->","yoast_head_json":{"title":"Pasta dent\u00edfrica de c\u00e1\u00f1amo CBD Cosmo hemps - 100mg CBD - Pharma Hemp","description":"El dent\u00edfrico de c\u00e1\u00f1amo CBD Cosmo hemps reduce la Inflamaci\u00f3n y Alivia las Enc\u00edas, Protege la Mucosa Oral y Previene las Caries.","robots":{"index":"index","follow":"follow","max-snippet":"max-snippet:-1","max-image-preview":"max-image-preview:large","max-video-preview":"max-video-preview:-1"},"canonical":"https:\/\/pharma-hemp.com\/es\/shop\/pasta-dentifrica-cosmo-hemps-cbd-100mg-cbd\/","og_locale":"es_ES","og_type":"article","og_title":"Pasta dent\u00edfrica de c\u00e1\u00f1amo CBD Cosmo hemps - 100mg CBD - Pharma Hemp","og_description":"El dent\u00edfrico de c\u00e1\u00f1amo CBD Cosmo hemps reduce la Inflamaci\u00f3n y Alivia las Enc\u00edas, Protege la Mucosa Oral y Previene las Caries.","og_url":"https:\/\/pharma-hemp.com\/es\/shop\/pasta-dentifrica-cosmo-hemps-cbd-100mg-cbd\/","og_site_name":"Pharma Hemp","article_modified_time":"2026-03-05T08:07:24+00:00","og_image":[{"width":600,"height":600,"url":"https:\/\/pharma-hemp.com\/wp-content\/uploads\/2025\/05\/TOOTHPASTE.png","type":"image\/png"}],"twitter_card":"summary_large_image","twitter_misc":{"Tiempo de lectura":"1 minuto"},"schema":{"@context":"https:\/\/schema.org","@graph":[{"@type":"WebPage","@id":"https:\/\/pharma-hemp.com\/es\/shop\/pasta-dentifrica-cosmo-hemps-cbd-100mg-cbd\/","url":"https:\/\/pharma-hemp.com\/es\/shop\/pasta-dentifrica-cosmo-hemps-cbd-100mg-cbd\/","name":"Pasta dent\u00edfrica de c\u00e1\u00f1amo CBD Cosmo hemps - 100mg CBD - Pharma Hemp","isPartOf":{"@id":"https:\/\/pharma-hemp.com\/es\/#website"},"primaryImageOfPage":{"@id":"https:\/\/pharma-hemp.com\/es\/shop\/pasta-dentifrica-cosmo-hemps-cbd-100mg-cbd\/#primaryimage"},"image":{"@id":"https:\/\/pharma-hemp.com\/es\/shop\/pasta-dentifrica-cosmo-hemps-cbd-100mg-cbd\/#primaryimage"},"thumbnailUrl":"https:\/\/pharma-hemp.com\/wp-content\/uploads\/2025\/05\/TOOTHPASTE.png","datePublished":"2025-05-05T12:08:57+00:00","dateModified":"2026-03-05T08:07:24+00:00","description":"El dent\u00edfrico de c\u00e1\u00f1amo CBD Cosmo hemps reduce la Inflamaci\u00f3n y Alivia las Enc\u00edas, Protege la Mucosa Oral y Previene las Caries.","breadcrumb":{"@id":"https:\/\/pharma-hemp.com\/es\/shop\/pasta-dentifrica-cosmo-hemps-cbd-100mg-cbd\/#breadcrumb"},"inLanguage":"es","potentialAction":[{"@type":"ReadAction","target":["https:\/\/pharma-hemp.com\/es\/shop\/pasta-dentifrica-cosmo-hemps-cbd-100mg-cbd\/"]}]},{"@type":"ImageObject","inLanguage":"es","@id":"https:\/\/pharma-hemp.com\/es\/shop\/pasta-dentifrica-cosmo-hemps-cbd-100mg-cbd\/#primaryimage","url":"https:\/\/pharma-hemp.com\/wp-content\/uploads\/2025\/05\/TOOTHPASTE.png","contentUrl":"https:\/\/pharma-hemp.com\/wp-content\/uploads\/2025\/05\/TOOTHPASTE.png","width":600,"height":600},{"@type":"BreadcrumbList","@id":"https:\/\/pharma-hemp.com\/es\/shop\/pasta-dentifrica-cosmo-hemps-cbd-100mg-cbd\/#breadcrumb","itemListElement":[{"@type":"ListItem","position":1,"name":"Home","item":"https:\/\/pharma-hemp.com\/es\/"},{"@type":"ListItem","position":2,"name":"Tienda","item":"https:\/\/pharma-hemp.com\/es\/tienda\/"},{"@type":"ListItem","position":3,"name":"Pasta dent\u00edfrica Cosmo hemps CBD &#8211; 100mg CBD"}]},{"@type":"WebSite","@id":"https:\/\/pharma-hemp.com\/es\/#website","url":"https:\/\/pharma-hemp.com\/es\/","name":"Pharma Hemp","description":"CBD store","publisher":{"@id":"https:\/\/pharma-hemp.com\/es\/#organization"},"potentialAction":[{"@type":"SearchAction","target":{"@type":"EntryPoint","urlTemplate":"https:\/\/pharma-hemp.com\/es\/?s={search_term_string}"},"query-input":{"@type":"PropertyValueSpecification","valueRequired":true,"valueName":"search_term_string"}}],"inLanguage":"es"},{"@type":"Organization","@id":"https:\/\/pharma-hemp.com\/es\/#organization","name":"PharmaHemp","url":"https:\/\/pharma-hemp.com\/es\/","logo":{"@type":"ImageObject","inLanguage":"es","@id":"https:\/\/pharma-hemp.com\/es\/#\/schema\/logo\/image\/","url":"https:\/\/pharma-hemp.com\/wp-content\/uploads\/2025\/04\/Pharma-Hemp-logo_crn-1.png","contentUrl":"https:\/\/pharma-hemp.com\/wp-content\/uploads\/2025\/04\/Pharma-Hemp-logo_crn-1.png","width":200,"height":44,"caption":"PharmaHemp"},"image":{"@id":"https:\/\/pharma-hemp.com\/es\/#\/schema\/logo\/image\/"}}]}},"_links":{"self":[{"href":"https:\/\/pharma-hemp.com\/es\/wp-json\/wp\/v2\/product\/572589","targetHints":{"allow":["GET"]}}],"collection":[{"href":"https:\/\/pharma-hemp.com\/es\/wp-json\/wp\/v2\/product"}],"about":[{"href":"https:\/\/pharma-hemp.com\/es\/wp-json\/wp\/v2\/types\/product"}],"wp:featuredmedia":[{"embeddable":true,"href":"https:\/\/pharma-hemp.com\/es\/wp-json\/wp\/v2\/media\/572599"}],"wp:attachment":[{"href":"https:\/\/pharma-hemp.com\/es\/wp-json\/wp\/v2\/media?parent=572589"}],"wp:term":[{"taxonomy":"product_brand","embeddable":true,"href":"https:\/\/pharma-hemp.com\/es\/wp-json\/wp\/v2\/product_brand?post=572589"},{"taxonomy":"product_cat","embeddable":true,"href":"https:\/\/pharma-hemp.com\/es\/wp-json\/wp\/v2\/product_cat?post=572589"},{"taxonomy":"product_tag","embeddable":true,"href":"https:\/\/pharma-hemp.com\/es\/wp-json\/wp\/v2\/product_tag?post=572589"}],"curies":[{"name":"wp","href":"https:\/\/api.w.org\/{rel}","templated":true}]}}